{"id":1516,"date":"2020-07-05T14:34:52","date_gmt":"2020-07-05T12:34:52","guid":{"rendered":"https:\/\/sexocorporel.com\/ausbildungsinstitute\/"},"modified":"2024-12-13T10:29:54","modified_gmt":"2024-12-13T09:29:54","slug":"instituti-di-formazione","status":"publish","type":"page","link":"https:\/\/sexocorporel.com\/it\/formazione\/instituti-di-formazione\/","title":{"rendered":"Instituti di formazione"},"content":{"rendered":"\n<h2 class=\"wp-block-heading\">Svizzera<\/h2>\n\n\n\n<div class=\"wp-block-columns is-layout-flex wp-container-core-columns-is-layout-9d6595d7 wp-block-columns-is-layout-flex\">\n<div class=\"wp-block-column is-layout-flow wp-block-column-is-layout-flow\">\n<h4 class=\"wp-block-heading\">Zurigo<\/h4>\n\n\n\n<p><a rel=\"noreferrer noopener\" href=\"https:\/\/www.ziss.ch\/weiterbildung\/sexocorporel_schweiz.htm\" target=\"_blank\">Z\u00fcrcher Institut f\u00fcr Klinische Sexologie &amp; Sexualltherapie<\/a><\/p>\n\n\n\n<span class='events-no-events'>Keine Veranstaltungen<\/span>\n<\/div>\n\n\n\n<div class=\"wp-block-column is-layout-flow wp-block-column-is-layout-flow\">\n<h4 class=\"wp-block-heading\">Ginevra<\/h4>\n\n\n\n<p><a href=\"http:\/\/www.sex-o-log.ch\" target=\"_blank\" rel=\"noreferrer noopener\">Sexocorporel Gen\u00e8ve<\/a><\/p>\n<\/div>\n\n\n\n<div class=\"wp-block-column is-layout-flow wp-block-column-is-layout-flow\"><\/div>\n<\/div>\n\n\n\n<h2 class=\"wp-block-heading\">Germania<\/h2>\n\n\n\n<div class=\"wp-block-columns is-layout-flex wp-container-core-columns-is-layout-9d6595d7 wp-block-columns-is-layout-flex\">\n<div class=\"wp-block-column is-layout-flow wp-block-column-is-layout-flow\">\n<h4 class=\"wp-block-heading\">Kisslegg<\/h4>\n\n\n\n<p><a rel=\"noreferrer noopener\" href=\"https:\/\/www.ziss.ch\/weiterbildung\/sexocorporel_deutschland_sued.htm\" target=\"_blank\">Z\u00fcrcher Institut f\u00fcr Klinische Sexologie &amp; Sexualtherapie<\/a><\/p>\n\n\n\n<span class='events-no-events'>Keine Veranstaltungen<\/span>\n<\/div>\n\n\n\n<div class=\"wp-block-column is-layout-flow wp-block-column-is-layout-flow\">\n<h4 class=\"wp-block-heading\">Berlino<\/h4>\n\n\n\n<p><a href=\"https:\/\/institut-fuer-embodiment-und-sexologie.de\/\">Institut f\u00fcr Embodiment und Sexologie<\/a><\/p>\n\n\n\n<span class='events-no-events'>Keine Veranstaltungen<\/span>\n<\/div>\n\n\n\n<div class=\"wp-block-column is-layout-flow wp-block-column-is-layout-flow\"><\/div>\n<\/div>\n\n\n\n<h2 class=\"wp-block-heading\">Francia<\/h2>\n\n\n\n<div class=\"wp-block-columns is-layout-flex wp-container-core-columns-is-layout-9d6595d7 wp-block-columns-is-layout-flex\">\n<div class=\"wp-block-column is-layout-flow wp-block-column-is-layout-flow\">\n<h4 class=\"wp-block-heading\">Paris Rennes Nizza<\/h4>\n\n\n\n<p><a rel=\"noreferrer noopener\" href=\"http:\/\/www.formation-sexocorporel.fr\/\" target=\"_blank\"><a rel=\"noreferrer noopener\" href=\"https:\/\/cfsf.fr\/\" target=\"_blank\">Centre de Formation Sexocorporelle Fran\u00e7ais CFSF<\/a><\/a><\/p>\n\n\n\n<span class='events-no-events'>Keine Veranstaltungen<\/span>\n<\/div>\n\n\n\n<div class=\"wp-block-column is-layout-flow wp-block-column-is-layout-flow\">\n<h4 class=\"wp-block-heading\">Paris Toulouse<\/h4>\n\n\n\n<p><a rel=\"noreferrer noopener\" href=\"http:\/\/www.cifres.org\/\" target=\"_blank\">CIFRES<\/a><\/p>\n\n\n\n<span class='events-no-events'>Keine Veranstaltungen<\/span>\n<\/div>\n\n\n\n<div class=\"wp-block-column is-layout-flow wp-block-column-is-layout-flow\">\n<h4 class=\"wp-block-heading\">Nizza<\/h4>\n\n\n\n<p>CARES <a href=\"mailto:cares.nice@gmail.com\">cares.nice@gmail.com<\/a><\/p>\n<\/div>\n<\/div>\n\n\n\n<h2 class=\"wp-block-heading\">Italia<\/h2>\n\n\n\n<div class=\"wp-block-columns is-layout-flex wp-container-core-columns-is-layout-9d6595d7 wp-block-columns-is-layout-flex\">\n<div class=\"wp-block-column is-layout-flow wp-block-column-is-layout-flow\">\n<p><a rel=\"noreferrer noopener\" href=\"http:\/\/www.sessocorporeo-asi.org\/\" target=\"_blank\">Associazione Sessocorporea Italiana<\/a><\/p>\n<\/div>\n\n\n\n<div class=\"wp-block-column is-layout-flow wp-block-column-is-layout-flow\"><\/div>\n\n\n\n<div class=\"wp-block-column is-layout-flow wp-block-column-is-layout-flow\"><\/div>\n<\/div>\n\n\n\n<h2 class=\"wp-block-heading\">Canada<\/h2>\n\n\n\n<div class=\"wp-block-columns is-layout-flex wp-container-core-columns-is-layout-9d6595d7 wp-block-columns-is-layout-flex\">\n<div class=\"wp-block-column is-layout-flow wp-block-column-is-layout-flow\">\n<p><a rel=\"noreferrer noopener\" href=\"http:\/\/sexologues.ca\/academie-sexocorporel-desjardins\/\" target=\"_blank\">Acad\u00e9mie du sexocorporel Desjardins Inc.<\/a><\/p>\n<\/div>\n\n\n\n<div class=\"wp-block-column is-layout-flow wp-block-column-is-layout-flow\"><\/div>\n\n\n\n<div class=\"wp-block-column is-layout-flow wp-block-column-is-layout-flow\"><\/div>\n<\/div>\n\n\n\n<p id=\"Training-calendar\"><\/p>\n\n\n\n<h2 class=\"wp-block-heading\">Calendario di formazione<\/h2>\n\n\n\n<div class='eme-calendar-full' id='eme-calendar-191'><table class='eme-calendar-table fullcalendar'>\n<thead><tr><th class='month_name' colspan='7'><a class='prev-month eme-cal-prev-month' href='#' data-full='1' data-htmltable='1' data-htmldiv='0' data-long_events='' data-month='03' data-year='2026' data-category='2' data-author='' data-contact_person='' data-location_id='' data-notcategory='0' data-template_id='0' data-holiday_id='0' data-weekdays='' data-language='' data-calendar_divid='eme-calendar-191'>&lt;&lt;<\/a> Aprile 2026 <a class='next-month eme-cal-next-month' href=\"#\" data-full='1' data-htmltable='1' data-htmldiv='0' data-long_events='' data-month='05' data-year='2026' data-category='2' data-author='' data-contact_person='' data-location_id='' data-notcategory='0' data-template_id='0' data-holiday_id='0' data-weekdays='' data-language='' data-calendar_divid='eme-calendar-191'>&gt;&gt;<\/a><\/th>\n<\/tr><\/thead>\n<tr class='days-names'><td class='Mon_header'>Lun<\/td><td class='Tue_header'>Mar<\/td><td class='Wed_header'>Mer<\/td><td class='Thu_header'>Gio<\/td><td class='Fri_header'>Ven<\/td><td class='Sat_header'>Sab<\/td><td class='Sun_header'>Dom<\/td><\/tr>\n<tr><td class='Mon eventless-pre'><span class='span-eme-calday span-eme-calday-30'>30<\/td>\n<td class='Tue eventless-pre'><span class='span-eme-calday span-eme-calday-31'>31<\/td>\n<td class='Wed eventless'><span class='span-eme-calday span-eme-calday-1'>1<\/td>\n<td class='Thu eventless'><span class='span-eme-calday span-eme-calday-2'>2<\/td>\n<td class='Fri eventless'><span class='span-eme-calday span-eme-calday-3'>3<\/td>\n<td class='Sat eventless'><span class='span-eme-calday span-eme-calday-4'>4<\/td>\n<td class='Sun eventless'><span class='span-eme-calday span-eme-calday-5'>5<\/td>\n<\/tr>\n<tr><td class='Mon eventless'><span class='span-eme-calday span-eme-calday-6'>6<\/td>\n<td class='Tue eventless'><span class='span-eme-calday span-eme-calday-7'>7<\/td>\n<td class='Wed eventless'><span class='span-eme-calday span-eme-calday-8'>8<\/td>\n<td class='Thu eventless'><span class='span-eme-calday span-eme-calday-9'>9<\/td>\n<td class='Fri eventless'><span class='span-eme-calday span-eme-calday-10'>10<\/td>\n<td class='Sat eventless'><span class='span-eme-calday span-eme-calday-11'>11<\/td>\n<td class='Sun eventless'><span class='span-eme-calday span-eme-calday-12'>12<\/td>\n<\/tr>\n<tr><td class='Mon eventless'><span class='span-eme-calday span-eme-calday-13'>13<\/td>\n<td class='Tue eventless'><span class='span-eme-calday span-eme-calday-14'>14<\/td>\n<td class='Wed eventless'><span class='span-eme-calday span-eme-calday-15'>15<\/td>\n<td class='Thu eventless'><span class='span-eme-calday span-eme-calday-16'>16<\/td>\n<td class='Fri eventless'><span class='span-eme-calday span-eme-calday-17'>17<\/td>\n<td class='Sat eventless'><span class='span-eme-calday span-eme-calday-18'>18<\/td>\n<td class='Sun eventless'><span class='span-eme-calday span-eme-calday-19'>19<\/td>\n<\/tr>\n<tr><td class='Mon eventless'><span class='span-eme-calday span-eme-calday-20'>20<\/td>\n<td class='Tue eventless'><span class='span-eme-calday span-eme-calday-21'>21<\/td>\n<td class='Wed eventless'><span class='span-eme-calday span-eme-calday-22'>22<\/td>\n<td class='Thu eventless'><span class='span-eme-calday span-eme-calday-23'>23<\/td>\n<td class='Fri eventless-today'><span class='span-eme-calday span-eme-calday-24'>24<\/td>\n<td class='Sat eventless'><span class='span-eme-calday span-eme-calday-25'>25<\/td>\n<td class='Sun eventless'><span class='span-eme-calday span-eme-calday-26'>26<\/td>\n<\/tr>\n<tr><td class='Mon eventless'><span class='span-eme-calday span-eme-calday-27'>27<\/td>\n<td class='Tue eventless'><span class='span-eme-calday span-eme-calday-28'>28<\/td>\n<td class='Wed eventless'><span class='span-eme-calday span-eme-calday-29'>29<\/td>\n<td class='Thu eventless'><span class='span-eme-calday span-eme-calday-30'>30<\/td>\n<td class='Fri eventless-post'><span class='span-eme-calday span-eme-calday-1'>1<\/td>\n<td class='Sat eventless-post'><span class='span-eme-calday span-eme-calday-2'>2<\/td>\n<td class='Sun eventless-post'><span class='span-eme-calday span-eme-calday-3'>3<\/td>\n<\/tr>\n<\/table>\n<\/div>\n","protected":false},"excerpt":{"rendered":"<p>Svizzera Zurigo Z\u00fcrcher Institut f\u00fcr Klinische Sexologie &amp; Sexualltherapie Ginevra Sexocorporel Gen\u00e8ve Germania Kisslegg Z\u00fcrcher Institut f\u00fcr Klinische Sexologie &amp; Sexualtherapie Berlino Institut f\u00fcr Embodiment und Sexologie Francia Paris Rennes Nizza Centre de Formation Sexocorporelle Fran\u00e7ais CFSF Paris Toulouse CIFRES Nizza CARES cares.nice@gmail.com Italia Associazione Sessocorporea Italiana Canada Acad\u00e9mie du sexocorporel Desjardins Inc. Calendario di [&hellip;]<\/p>\n","protected":false},"author":1,"featured_media":0,"parent":1337,"menu_order":67,"comment_status":"closed","ping_status":"closed","template":"","meta":{"footnotes":""},"class_list":["post-1516","page","type-page","status-publish","hentry"],"featured_image_src":null,"yoast_head":"<!-- This site is optimized with the Yoast SEO plugin v26.8 - https:\/\/yoast.com\/product\/yoast-seo-wordpress\/ -->\n<title>Instituti di formazione - Institut Sexocorporel International<\/title>\n<meta name=\"robots\" content=\"index, follow, max-snippet:-1, max-image-preview:large, max-video-preview:-1\" \/>\n<link rel=\"canonical\" href=\"https:\/\/sexocorporel.com\/it\/formazione\/instituti-di-formazione\/\" \/>\n<meta property=\"og:locale\" content=\"it_IT\" \/>\n<meta property=\"og:type\" content=\"article\" \/>\n<meta property=\"og:title\" content=\"Instituti di formazione - Institut Sexocorporel International\" \/>\n<meta property=\"og:description\" content=\"Svizzera Zurigo Z\u00fcrcher Institut f\u00fcr Klinische Sexologie &amp; Sexualltherapie Ginevra Sexocorporel Gen\u00e8ve Germania Kisslegg Z\u00fcrcher Institut f\u00fcr Klinische Sexologie &amp; Sexualtherapie Berlino Institut f\u00fcr Embodiment und Sexologie Francia Paris Rennes Nizza Centre de Formation Sexocorporelle Fran\u00e7ais CFSF Paris Toulouse CIFRES Nizza CARES cares.nice@gmail.com Italia Associazione Sessocorporea Italiana Canada Acad\u00e9mie du sexocorporel Desjardins Inc. Calendario di [&hellip;]\" \/>\n<meta property=\"og:url\" content=\"https:\/\/sexocorporel.com\/it\/formazione\/instituti-di-formazione\/\" \/>\n<meta property=\"og:site_name\" content=\"Institut Sexocorporel International\" \/>\n<meta property=\"article:modified_time\" content=\"2024-12-13T09:29:54+00:00\" \/>\n<meta name=\"twitter:card\" content=\"summary_large_image\" \/>\n<meta name=\"twitter:label1\" content=\"Tempo di lettura stimato\" \/>\n\t<meta name=\"twitter:data1\" content=\"1 minuto\" \/>\n<script type=\"application\/ld+json\" class=\"yoast-schema-graph\">{\"@context\":\"https:\/\/schema.org\",\"@graph\":[{\"@type\":\"WebPage\",\"@id\":\"https:\/\/sexocorporel.com\/it\/formazione\/instituti-di-formazione\/\",\"url\":\"https:\/\/sexocorporel.com\/it\/formazione\/instituti-di-formazione\/\",\"name\":\"Instituti di formazione - Institut Sexocorporel International\",\"isPartOf\":{\"@id\":\"https:\/\/sexocorporel.com\/it\/#website\"},\"datePublished\":\"2020-07-05T12:34:52+00:00\",\"dateModified\":\"2024-12-13T09:29:54+00:00\",\"breadcrumb\":{\"@id\":\"https:\/\/sexocorporel.com\/it\/formazione\/instituti-di-formazione\/#breadcrumb\"},\"inLanguage\":\"it-IT\",\"potentialAction\":[{\"@type\":\"ReadAction\",\"target\":[\"https:\/\/sexocorporel.com\/it\/formazione\/instituti-di-formazione\/\"]}]},{\"@type\":\"BreadcrumbList\",\"@id\":\"https:\/\/sexocorporel.com\/it\/formazione\/instituti-di-formazione\/#breadcrumb\",\"itemListElement\":[{\"@type\":\"ListItem\",\"position\":1,\"name\":\"Startseite\",\"item\":\"https:\/\/sexocorporel.com\/it\/\"},{\"@type\":\"ListItem\",\"position\":2,\"name\":\"Formazione\",\"item\":\"https:\/\/sexocorporel.com\/it\/formazione\/\"},{\"@type\":\"ListItem\",\"position\":3,\"name\":\"Instituti di formazione\"}]},{\"@type\":\"WebSite\",\"@id\":\"https:\/\/sexocorporel.com\/it\/#website\",\"url\":\"https:\/\/sexocorporel.com\/it\/\",\"name\":\"Institut Sexocorporel International\",\"description\":\"Jean-Yves Desjardins\",\"publisher\":{\"@id\":\"https:\/\/sexocorporel.com\/it\/#organization\"},\"potentialAction\":[{\"@type\":\"SearchAction\",\"target\":{\"@type\":\"EntryPoint\",\"urlTemplate\":\"https:\/\/sexocorporel.com\/it\/?s={search_term_string}\"},\"query-input\":{\"@type\":\"PropertyValueSpecification\",\"valueRequired\":true,\"valueName\":\"search_term_string\"}}],\"inLanguage\":\"it-IT\"},{\"@type\":\"Organization\",\"@id\":\"https:\/\/sexocorporel.com\/it\/#organization\",\"name\":\"Institut Sexocorporel International\",\"url\":\"https:\/\/sexocorporel.com\/it\/\",\"logo\":{\"@type\":\"ImageObject\",\"inLanguage\":\"it-IT\",\"@id\":\"https:\/\/sexocorporel.com\/it\/#\/schema\/logo\/image\/\",\"url\":\"https:\/\/sexocorporel.com\/wp-content\/uploads\/2020\/07\/cropped-629e6a99-4d9e-421b-b20e-8b428f763559-e1595527047446.jpg\",\"contentUrl\":\"https:\/\/sexocorporel.com\/wp-content\/uploads\/2020\/07\/cropped-629e6a99-4d9e-421b-b20e-8b428f763559-e1595527047446.jpg\",\"width\":895,\"height\":270,\"caption\":\"Institut Sexocorporel International\"},\"image\":{\"@id\":\"https:\/\/sexocorporel.com\/it\/#\/schema\/logo\/image\/\"}}]}<\/script>\n<!-- \/ Yoast SEO plugin. -->","yoast_head_json":{"title":"Instituti di formazione - Institut Sexocorporel International","robots":{"index":"index","follow":"follow","max-snippet":"max-snippet:-1","max-image-preview":"max-image-preview:large","max-video-preview":"max-video-preview:-1"},"canonical":"https:\/\/sexocorporel.com\/it\/formazione\/instituti-di-formazione\/","og_locale":"it_IT","og_type":"article","og_title":"Instituti di formazione - Institut Sexocorporel International","og_description":"Svizzera Zurigo Z\u00fcrcher Institut f\u00fcr Klinische Sexologie &amp; Sexualltherapie Ginevra Sexocorporel Gen\u00e8ve Germania Kisslegg Z\u00fcrcher Institut f\u00fcr Klinische Sexologie &amp; Sexualtherapie Berlino Institut f\u00fcr Embodiment und Sexologie Francia Paris Rennes Nizza Centre de Formation Sexocorporelle Fran\u00e7ais CFSF Paris Toulouse CIFRES Nizza CARES cares.nice@gmail.com Italia Associazione Sessocorporea Italiana Canada Acad\u00e9mie du sexocorporel Desjardins Inc. Calendario di [&hellip;]","og_url":"https:\/\/sexocorporel.com\/it\/formazione\/instituti-di-formazione\/","og_site_name":"Institut Sexocorporel International","article_modified_time":"2024-12-13T09:29:54+00:00","twitter_card":"summary_large_image","twitter_misc":{"Tempo di lettura stimato":"1 minuto"},"schema":{"@context":"https:\/\/schema.org","@graph":[{"@type":"WebPage","@id":"https:\/\/sexocorporel.com\/it\/formazione\/instituti-di-formazione\/","url":"https:\/\/sexocorporel.com\/it\/formazione\/instituti-di-formazione\/","name":"Instituti di formazione - Institut Sexocorporel International","isPartOf":{"@id":"https:\/\/sexocorporel.com\/it\/#website"},"datePublished":"2020-07-05T12:34:52+00:00","dateModified":"2024-12-13T09:29:54+00:00","breadcrumb":{"@id":"https:\/\/sexocorporel.com\/it\/formazione\/instituti-di-formazione\/#breadcrumb"},"inLanguage":"it-IT","potentialAction":[{"@type":"ReadAction","target":["https:\/\/sexocorporel.com\/it\/formazione\/instituti-di-formazione\/"]}]},{"@type":"BreadcrumbList","@id":"https:\/\/sexocorporel.com\/it\/formazione\/instituti-di-formazione\/#breadcrumb","itemListElement":[{"@type":"ListItem","position":1,"name":"Startseite","item":"https:\/\/sexocorporel.com\/it\/"},{"@type":"ListItem","position":2,"name":"Formazione","item":"https:\/\/sexocorporel.com\/it\/formazione\/"},{"@type":"ListItem","position":3,"name":"Instituti di formazione"}]},{"@type":"WebSite","@id":"https:\/\/sexocorporel.com\/it\/#website","url":"https:\/\/sexocorporel.com\/it\/","name":"Institut Sexocorporel International","description":"Jean-Yves Desjardins","publisher":{"@id":"https:\/\/sexocorporel.com\/it\/#organization"},"potentialAction":[{"@type":"SearchAction","target":{"@type":"EntryPoint","urlTemplate":"https:\/\/sexocorporel.com\/it\/?s={search_term_string}"},"query-input":{"@type":"PropertyValueSpecification","valueRequired":true,"valueName":"search_term_string"}}],"inLanguage":"it-IT"},{"@type":"Organization","@id":"https:\/\/sexocorporel.com\/it\/#organization","name":"Institut Sexocorporel International","url":"https:\/\/sexocorporel.com\/it\/","logo":{"@type":"ImageObject","inLanguage":"it-IT","@id":"https:\/\/sexocorporel.com\/it\/#\/schema\/logo\/image\/","url":"https:\/\/sexocorporel.com\/wp-content\/uploads\/2020\/07\/cropped-629e6a99-4d9e-421b-b20e-8b428f763559-e1595527047446.jpg","contentUrl":"https:\/\/sexocorporel.com\/wp-content\/uploads\/2020\/07\/cropped-629e6a99-4d9e-421b-b20e-8b428f763559-e1595527047446.jpg","width":895,"height":270,"caption":"Institut Sexocorporel International"},"image":{"@id":"https:\/\/sexocorporel.com\/it\/#\/schema\/logo\/image\/"}}]}},"_links":{"self":[{"href":"https:\/\/sexocorporel.com\/it\/wp-json\/wp\/v2\/pages\/1516","targetHints":{"allow":["GET"]}}],"collection":[{"href":"https:\/\/sexocorporel.com\/it\/wp-json\/wp\/v2\/pages"}],"about":[{"href":"https:\/\/sexocorporel.com\/it\/wp-json\/wp\/v2\/types\/page"}],"author":[{"embeddable":true,"href":"https:\/\/sexocorporel.com\/it\/wp-json\/wp\/v2\/users\/1"}],"replies":[{"embeddable":true,"href":"https:\/\/sexocorporel.com\/it\/wp-json\/wp\/v2\/comments?post=1516"}],"version-history":[{"count":10,"href":"https:\/\/sexocorporel.com\/it\/wp-json\/wp\/v2\/pages\/1516\/revisions"}],"predecessor-version":[{"id":7450,"href":"https:\/\/sexocorporel.com\/it\/wp-json\/wp\/v2\/pages\/1516\/revisions\/7450"}],"up":[{"embeddable":true,"href":"https:\/\/sexocorporel.com\/it\/wp-json\/wp\/v2\/pages\/1337"}],"wp:attachment":[{"href":"https:\/\/sexocorporel.com\/it\/wp-json\/wp\/v2\/media?parent=1516"}],"curies":[{"name":"wp","href":"https:\/\/api.w.org\/{rel}","templated":true}]}}