{"id":1429,"date":"2020-07-01T23:27:39","date_gmt":"2020-07-01T21:27:39","guid":{"rendered":"https:\/\/sexocorporel.com\/vorstand-isi\/"},"modified":"2025-05-12T13:17:55","modified_gmt":"2025-05-12T11:17:55","slug":"consiglio-di-amministrazione-isi","status":"publish","type":"page","link":"https:\/\/sexocorporel.com\/it\/istituto-isi\/consiglio-di-amministrazione-isi\/","title":{"rendered":"Consiglio di Amministrazione iSi"},"content":{"rendered":"\n<div class=\"wp-block-columns border-red center-txt is-layout-flex wp-container-core-columns-is-layout-9d6595d7 wp-block-columns-is-layout-flex\">\n<div class=\"wp-block-column is-vertically-aligned-center is-layout-flow wp-block-column-is-layout-flow\"><div class=\"wp-block-image is-style-rounded\">\n<figure class=\"aligncenter size-large\"><img decoding=\"async\" src=\"https:\/\/sexocorporel.com\/wp-content\/uploads\/2023\/07\/Sybille-Stahlberg-217x300.jpg\" alt=\"Sybille Stahlberg\"\/><\/figure>\n<\/div><\/div>\n\n\n\n<div class=\"wp-block-column is-layout-flow wp-block-column-is-layout-flow\">\n<h3 class=\"wp-block-heading\">Presidente<\/h3>\n\n\n\n<p>Sybille Stahlberg<br>Bern, Svizzera<br>Terapeuta di coppia e sessuale, Sessuologa clinica iSi<br>Persona di contatto per conferenze e congressi iSi<\/p>\n\n\n\n<p>Hirschengraben 10, 3011 Bern, Svizzera<\/p>\n\n\n\n<p><a href=\"mailto:s.stahlberg@sexocorporel.com\">s.stahlberg(at)sexocorporel.com<\/a><br>\n    <a href=\"https:\/\/sybillestahlberg.ch\/\" target=\"_blank\" rel=\"noreferrer noopener\">sybillestahlberg.ch\/<\/a><\/p>\n<\/div>\n<\/div>\n\n\n\n<div class=\"wp-block-columns border-red center-txt is-layout-flex wp-container-core-columns-is-layout-9d6595d7 wp-block-columns-is-layout-flex\">\n<div class=\"wp-block-column is-vertically-aligned-center is-layout-flow wp-block-column-is-layout-flow\"><div class=\"wp-block-image is-style-rounded\">\n<figure class=\"aligncenter size-large\"><img decoding=\"async\" src=\"https:\/\/sexocorporel.com\/wp-content\/uploads\/2020\/07\/ben_kneubu\u0308hler.jpg\" alt=\"Ben Kneub\u00fchler\"\/><\/figure>\n<\/div><\/div>\n\n\n\n<div class=\"wp-block-column is-layout-flow wp-block-column-is-layout-flow\">\n<h3 class=\"wp-block-heading\">Vice-presidente<\/h3>\n\n\n\n<p>Ben Kneub\u00fchler<br>Z\u00fcrich, Svizzera<br>Psicoterapeuta, Sessuologo clinico iSi<\/p>\n\n\n\n<p>Grossm\u00fcnsterplatz 6, 8001 Z\u00fcrich<\/p>\n\n\n\n<p><a href=\"mailto:mail@der-psychologe.ch\">mail(at)der-psychologe.ch<\/a><br>\n    <a href=\"https:\/\/der-psychologe.ch\/\" target=\"_blank\" rel=\"noreferrer noopener\">der-psychologe.ch\/<\/a><\/p>\n<\/div>\n<\/div>\n\n\n\n<div class=\"wp-block-columns border-violla center-txt is-layout-flex wp-container-core-columns-is-layout-9d6595d7 wp-block-columns-is-layout-flex\">\n<div class=\"wp-block-column is-vertically-aligned-center is-layout-flow wp-block-column-is-layout-flow\"><div class=\"wp-block-image is-style-rounded\">\n<figure class=\"aligncenter size-large\"><img decoding=\"async\" src=\"https:\/\/sexocorporel.com\/wp-content\/uploads\/2023\/07\/Wispo-Foto-200x300.jpg\" alt=\"Kathy Muss\u00e4us\"\/><\/figure>\n<\/div><\/div>\n\n\n\n<div class=\"wp-block-column is-layout-flow wp-block-column-is-layout-flow\">\n<h3 class=\"wp-block-heading\">Direttore generale<\/h3>\n\n\n\n<p>Kathy Muss\u00e4us<br>Schwerin, Germania<br>Sessuologa<\/p>\n\n\n\n<p>K\u00f6rnerstrasse 5, 19055 Schwerin<\/p>\n\n\n\n<p><a href=\"mailto:km@lustvoll-leben-schwerin.de\">km(at)lustvoll-leben-schwerin.de<\/a><br>\n    <a href=\"https:\/\/www.lustvoll-leben-schwerin.de\" target=\"_blank\" rel=\"noreferrer noopener\">www.lustvoll-leben-schwerin.de<\/a><\/p>\n<\/div>\n<\/div>\n\n\n\n<div class=\"wp-block-columns border-verde center-txt is-layout-flex wp-container-core-columns-is-layout-9d6595d7 wp-block-columns-is-layout-flex\">\n<div class=\"wp-block-column is-vertically-aligned-center is-layout-flow wp-block-column-is-layout-flow\"><div class=\"wp-block-image is-style-rounded\">\n<figure class=\"aligncenter size-large\"><img decoding=\"async\" src=\"https:\/\/sexocorporel.com\/wp-content\/uploads\/2021\/04\/Annette-150x150.jpg\" alt=\"Annette Bischof-Campbell\"\/><\/figure>\n<\/div><\/div>\n\n\n\n<div class=\"wp-block-column is-layout-flow wp-block-column-is-layout-flow\">\n<h3 class=\"wp-block-heading\">Gestione finanziaria<\/h3>\n\n\n\n<p>Annette Bischof-Campbell<br>Z\u00fcrich, Svizzera<br>Psicoterapeuta, Sessuologoa clinica iSi<\/p>\n\n\n\n<p>ZISS, Minervastrasse 99, 8032 Z\u00fcrich<\/p>\n\n\n\n<p><a href=\"mailto:a.bischof-campbell@sexocorporel.com\">a.bischof-campbell(at)sexocorporel.com<\/a><br>\n    <a href=\"https:\/\/www.ziss.ch\/\" target=\"_blank\" rel=\"noreferrer noopener\">www.ziss.ch\/<\/a><\/p>\n<\/div>\n<\/div>\n\n\n\n<div class=\"wp-block-columns border-blue center-txt is-layout-flex wp-container-core-columns-is-layout-9d6595d7 wp-block-columns-is-layout-flex\">\n<div class=\"wp-block-column is-vertically-aligned-center is-layout-flow wp-block-column-is-layout-flow\"><div class=\"wp-block-image is-style-rounded\">\n<figure class=\"aligncenter size-large is-resized\"><img loading=\"lazy\" decoding=\"async\" src=\"https:\/\/sexocorporel.com\/wp-content\/uploads\/2023\/07\/Juergen-Ackermann-e1746798685983.jpg\" alt=\"J\u00fcrgen Ackermann\" width=\"220\" height=\"224\"\/><\/figure>\n<\/div><\/div>\n\n\n\n<div class=\"wp-block-column is-layout-flow wp-block-column-is-layout-flow\">\n<h3 class=\"wp-block-heading\">Membro<\/h3>\n\n\n\n<p>J\u00fcrgen Ackermann<br><br>Coach<\/p>\n\n\n\n<p><\/p>\n\n\n\n<p><a href=\"mailto:j.ackermann@sexocorporel.com\">j.ackermann(at)sexocorporel.com<\/a><br>\n    <a href=\"\" target=\"_blank\" rel=\"noreferrer noopener\"><\/a><\/p>\n<\/div>\n<\/div>\n\n\n\n<div class=\"wp-block-columns border-blue center-txt is-layout-flex wp-container-core-columns-is-layout-9d6595d7 wp-block-columns-is-layout-flex\">\n<div class=\"wp-block-column is-vertically-aligned-center is-layout-flow wp-block-column-is-layout-flow\"><div class=\"wp-block-image is-style-rounded\">\n<figure class=\"aligncenter size-large is-resized\"><img loading=\"lazy\" decoding=\"async\" src=\"https:\/\/sexocorporel.com\/wp-content\/uploads\/2023\/08\/Baluu-300x294.jpg\" alt=\"Baluu Lehmann\" width=\"225\" height=\"221\"\/><\/figure>\n<\/div><\/div>\n\n\n\n<div class=\"wp-block-column is-layout-flow wp-block-column-is-layout-flow\">\n<h3 class=\"wp-block-heading\">Membro<\/h3>\n\n\n\n<p>Baluu Lehmann<br>Z\u00fcrich, Svizzera<br>Terapeuta sessuale e delle relazioni<\/p>\n\n\n\n<p>Milit\u00e4rstrasse 76, 8004 Z\u00fcrich<\/p>\n\n\n\n<p><a href=\"mailto:b.lehmann@sexocorporel.com\">b.lehmann(at)sexocorporel.com<\/a><br>\n    <a href=\"http:\/\/www.baluulahmann.ch\" target=\"_blank\" rel=\"noreferrer noopener\">www.baluulahmann.ch<\/a><\/p>\n<\/div>\n<\/div>\n\n\n\n<div class=\"wp-block-columns border-blue center-txt is-layout-flex wp-container-core-columns-is-layout-9d6595d7 wp-block-columns-is-layout-flex\">\n<div class=\"wp-block-column is-vertically-aligned-center is-layout-flow wp-block-column-is-layout-flow\"><div class=\"wp-block-image is-style-rounded\">\n<figure class=\"aligncenter size-large\"><img decoding=\"async\" src=\"https:\/\/sexocorporel.com\/wp-content\/uploads\/2021\/08\/Foto-Chiara-August-2021-235x300.jpg\" alt=\"Chiara Marti\"\/><\/figure>\n<\/div><\/div>\n\n\n\n<div class=\"wp-block-column is-layout-flow wp-block-column-is-layout-flow\">\n<h3 class=\"wp-block-heading\">Membro<\/h3>\n\n\n\n<p>Chiara Marti<br>Bern, Svizzera<br>MSc Nursing <br>Science Nurse<br>Practitioner Clinical Sexology<\/p>\n\n\n\n<p><a href=\"mailto:chiara.marti@insel.ch\">chiara.marti(at)insel.ch<\/a><br>\n    <a href=\"http:\/\/www.klinische-sexologie.ch\/\" target=\"_blank\" rel=\"noreferrer noopener\">www.klinische-sexologie.ch\/<\/a><\/p>\n<\/div>\n<\/div>\n","protected":false},"excerpt":{"rendered":"<p>Presidente Sybille StahlbergBern, SvizzeraTerapeuta di coppia e sessuale, Sessuologa clinica iSiPersona di contatto per conferenze e congressi iSi Hirschengraben 10, 3011 Bern, Svizzera s.stahlberg(at)sexocorporel.com sybillestahlberg.ch\/ Vice-presidente Ben Kneub\u00fchlerZ\u00fcrich, SvizzeraPsicoterapeuta, Sessuologo clinico iSi Grossm\u00fcnsterplatz 6, 8001 Z\u00fcrich mail(at)der-psychologe.ch der-psychologe.ch\/ Direttore generale Kathy Muss\u00e4usSchwerin, GermaniaSessuologa K\u00f6rnerstrasse 5, 19055 Schwerin km(at)lustvoll-leben-schwerin.de www.lustvoll-leben-schwerin.de Gestione finanziaria Annette Bischof-CampbellZ\u00fcrich, SvizzeraPsicoterapeuta, Sessuologoa [&hellip;]<\/p>\n","protected":false},"author":1,"featured_media":0,"parent":1406,"menu_order":72,"comment_status":"closed","ping_status":"closed","template":"","meta":{"footnotes":""},"class_list":["post-1429","page","type-page","status-publish","hentry"],"featured_image_src":null,"yoast_head":"<!-- This site is optimized with the Yoast SEO plugin v26.8 - https:\/\/yoast.com\/product\/yoast-seo-wordpress\/ -->\n<title>Consiglio di Amministrazione iSi - Institut Sexocorporel International<\/title>\n<meta name=\"robots\" content=\"index, follow, max-snippet:-1, max-image-preview:large, max-video-preview:-1\" \/>\n<link rel=\"canonical\" href=\"https:\/\/sexocorporel.com\/it\/istituto-isi\/consiglio-di-amministrazione-isi\/\" \/>\n<meta property=\"og:locale\" content=\"it_IT\" \/>\n<meta property=\"og:type\" content=\"article\" \/>\n<meta property=\"og:title\" content=\"Consiglio di Amministrazione iSi - Institut Sexocorporel International\" \/>\n<meta property=\"og:description\" content=\"Presidente Sybille StahlbergBern, SvizzeraTerapeuta di coppia e sessuale, Sessuologa clinica iSiPersona di contatto per conferenze e congressi iSi Hirschengraben 10, 3011 Bern, Svizzera s.stahlberg(at)sexocorporel.com sybillestahlberg.ch\/ Vice-presidente Ben Kneub\u00fchlerZ\u00fcrich, SvizzeraPsicoterapeuta, Sessuologo clinico iSi Grossm\u00fcnsterplatz 6, 8001 Z\u00fcrich mail(at)der-psychologe.ch der-psychologe.ch\/ Direttore generale Kathy Muss\u00e4usSchwerin, GermaniaSessuologa K\u00f6rnerstrasse 5, 19055 Schwerin km(at)lustvoll-leben-schwerin.de www.lustvoll-leben-schwerin.de Gestione finanziaria Annette Bischof-CampbellZ\u00fcrich, SvizzeraPsicoterapeuta, Sessuologoa [&hellip;]\" \/>\n<meta property=\"og:url\" content=\"https:\/\/sexocorporel.com\/it\/istituto-isi\/consiglio-di-amministrazione-isi\/\" \/>\n<meta property=\"og:site_name\" content=\"Institut Sexocorporel International\" \/>\n<meta property=\"article:modified_time\" content=\"2025-05-12T11:17:55+00:00\" \/>\n<meta property=\"og:image\" content=\"https:\/\/sexocorporel.com\/wp-content\/uploads\/2023\/07\/Sybille-Stahlberg-217x300.jpg\" \/>\n<meta name=\"twitter:card\" content=\"summary_large_image\" \/>\n<meta name=\"twitter:label1\" content=\"Tempo di lettura stimato\" \/>\n\t<meta name=\"twitter:data1\" content=\"3 minuti\" \/>\n<script type=\"application\/ld+json\" class=\"yoast-schema-graph\">{\"@context\":\"https:\/\/schema.org\",\"@graph\":[{\"@type\":\"WebPage\",\"@id\":\"https:\/\/sexocorporel.com\/it\/istituto-isi\/consiglio-di-amministrazione-isi\/\",\"url\":\"https:\/\/sexocorporel.com\/it\/istituto-isi\/consiglio-di-amministrazione-isi\/\",\"name\":\"Consiglio di Amministrazione iSi - Institut Sexocorporel International\",\"isPartOf\":{\"@id\":\"https:\/\/sexocorporel.com\/it\/#website\"},\"primaryImageOfPage\":{\"@id\":\"https:\/\/sexocorporel.com\/it\/istituto-isi\/consiglio-di-amministrazione-isi\/#primaryimage\"},\"image\":{\"@id\":\"https:\/\/sexocorporel.com\/it\/istituto-isi\/consiglio-di-amministrazione-isi\/#primaryimage\"},\"thumbnailUrl\":\"https:\/\/sexocorporel.com\/wp-content\/uploads\/2023\/07\/Sybille-Stahlberg-217x300.jpg\",\"datePublished\":\"2020-07-01T21:27:39+00:00\",\"dateModified\":\"2025-05-12T11:17:55+00:00\",\"breadcrumb\":{\"@id\":\"https:\/\/sexocorporel.com\/it\/istituto-isi\/consiglio-di-amministrazione-isi\/#breadcrumb\"},\"inLanguage\":\"it-IT\",\"potentialAction\":[{\"@type\":\"ReadAction\",\"target\":[\"https:\/\/sexocorporel.com\/it\/istituto-isi\/consiglio-di-amministrazione-isi\/\"]}]},{\"@type\":\"ImageObject\",\"inLanguage\":\"it-IT\",\"@id\":\"https:\/\/sexocorporel.com\/it\/istituto-isi\/consiglio-di-amministrazione-isi\/#primaryimage\",\"url\":\"https:\/\/sexocorporel.com\/wp-content\/uploads\/2023\/07\/Sybille-Stahlberg-217x300.jpg\",\"contentUrl\":\"https:\/\/sexocorporel.com\/wp-content\/uploads\/2023\/07\/Sybille-Stahlberg-217x300.jpg\"},{\"@type\":\"BreadcrumbList\",\"@id\":\"https:\/\/sexocorporel.com\/it\/istituto-isi\/consiglio-di-amministrazione-isi\/#breadcrumb\",\"itemListElement\":[{\"@type\":\"ListItem\",\"position\":1,\"name\":\"Startseite\",\"item\":\"https:\/\/sexocorporel.com\/it\/\"},{\"@type\":\"ListItem\",\"position\":2,\"name\":\"Istituto iSi\",\"item\":\"https:\/\/sexocorporel.com\/it\/istituto-isi\/\"},{\"@type\":\"ListItem\",\"position\":3,\"name\":\"Consiglio di Amministrazione iSi\"}]},{\"@type\":\"WebSite\",\"@id\":\"https:\/\/sexocorporel.com\/it\/#website\",\"url\":\"https:\/\/sexocorporel.com\/it\/\",\"name\":\"Institut Sexocorporel International\",\"description\":\"Jean-Yves Desjardins\",\"publisher\":{\"@id\":\"https:\/\/sexocorporel.com\/it\/#organization\"},\"potentialAction\":[{\"@type\":\"SearchAction\",\"target\":{\"@type\":\"EntryPoint\",\"urlTemplate\":\"https:\/\/sexocorporel.com\/it\/?s={search_term_string}\"},\"query-input\":{\"@type\":\"PropertyValueSpecification\",\"valueRequired\":true,\"valueName\":\"search_term_string\"}}],\"inLanguage\":\"it-IT\"},{\"@type\":\"Organization\",\"@id\":\"https:\/\/sexocorporel.com\/it\/#organization\",\"name\":\"Institut Sexocorporel International\",\"url\":\"https:\/\/sexocorporel.com\/it\/\",\"logo\":{\"@type\":\"ImageObject\",\"inLanguage\":\"it-IT\",\"@id\":\"https:\/\/sexocorporel.com\/it\/#\/schema\/logo\/image\/\",\"url\":\"https:\/\/sexocorporel.com\/wp-content\/uploads\/2020\/07\/cropped-629e6a99-4d9e-421b-b20e-8b428f763559-e1595527047446.jpg\",\"contentUrl\":\"https:\/\/sexocorporel.com\/wp-content\/uploads\/2020\/07\/cropped-629e6a99-4d9e-421b-b20e-8b428f763559-e1595527047446.jpg\",\"width\":895,\"height\":270,\"caption\":\"Institut Sexocorporel International\"},\"image\":{\"@id\":\"https:\/\/sexocorporel.com\/it\/#\/schema\/logo\/image\/\"}}]}<\/script>\n<!-- \/ Yoast SEO plugin. -->","yoast_head_json":{"title":"Consiglio di Amministrazione iSi - Institut Sexocorporel International","robots":{"index":"index","follow":"follow","max-snippet":"max-snippet:-1","max-image-preview":"max-image-preview:large","max-video-preview":"max-video-preview:-1"},"canonical":"https:\/\/sexocorporel.com\/it\/istituto-isi\/consiglio-di-amministrazione-isi\/","og_locale":"it_IT","og_type":"article","og_title":"Consiglio di Amministrazione iSi - Institut Sexocorporel International","og_description":"Presidente Sybille StahlbergBern, SvizzeraTerapeuta di coppia e sessuale, Sessuologa clinica iSiPersona di contatto per conferenze e congressi iSi Hirschengraben 10, 3011 Bern, Svizzera s.stahlberg(at)sexocorporel.com sybillestahlberg.ch\/ Vice-presidente Ben Kneub\u00fchlerZ\u00fcrich, SvizzeraPsicoterapeuta, Sessuologo clinico iSi Grossm\u00fcnsterplatz 6, 8001 Z\u00fcrich mail(at)der-psychologe.ch der-psychologe.ch\/ Direttore generale Kathy Muss\u00e4usSchwerin, GermaniaSessuologa K\u00f6rnerstrasse 5, 19055 Schwerin km(at)lustvoll-leben-schwerin.de www.lustvoll-leben-schwerin.de Gestione finanziaria Annette Bischof-CampbellZ\u00fcrich, SvizzeraPsicoterapeuta, Sessuologoa [&hellip;]","og_url":"https:\/\/sexocorporel.com\/it\/istituto-isi\/consiglio-di-amministrazione-isi\/","og_site_name":"Institut Sexocorporel International","article_modified_time":"2025-05-12T11:17:55+00:00","og_image":[{"url":"https:\/\/sexocorporel.com\/wp-content\/uploads\/2023\/07\/Sybille-Stahlberg-217x300.jpg","type":"","width":"","height":""}],"twitter_card":"summary_large_image","twitter_misc":{"Tempo di lettura stimato":"3 minuti"},"schema":{"@context":"https:\/\/schema.org","@graph":[{"@type":"WebPage","@id":"https:\/\/sexocorporel.com\/it\/istituto-isi\/consiglio-di-amministrazione-isi\/","url":"https:\/\/sexocorporel.com\/it\/istituto-isi\/consiglio-di-amministrazione-isi\/","name":"Consiglio di Amministrazione iSi - Institut Sexocorporel International","isPartOf":{"@id":"https:\/\/sexocorporel.com\/it\/#website"},"primaryImageOfPage":{"@id":"https:\/\/sexocorporel.com\/it\/istituto-isi\/consiglio-di-amministrazione-isi\/#primaryimage"},"image":{"@id":"https:\/\/sexocorporel.com\/it\/istituto-isi\/consiglio-di-amministrazione-isi\/#primaryimage"},"thumbnailUrl":"https:\/\/sexocorporel.com\/wp-content\/uploads\/2023\/07\/Sybille-Stahlberg-217x300.jpg","datePublished":"2020-07-01T21:27:39+00:00","dateModified":"2025-05-12T11:17:55+00:00","breadcrumb":{"@id":"https:\/\/sexocorporel.com\/it\/istituto-isi\/consiglio-di-amministrazione-isi\/#breadcrumb"},"inLanguage":"it-IT","potentialAction":[{"@type":"ReadAction","target":["https:\/\/sexocorporel.com\/it\/istituto-isi\/consiglio-di-amministrazione-isi\/"]}]},{"@type":"ImageObject","inLanguage":"it-IT","@id":"https:\/\/sexocorporel.com\/it\/istituto-isi\/consiglio-di-amministrazione-isi\/#primaryimage","url":"https:\/\/sexocorporel.com\/wp-content\/uploads\/2023\/07\/Sybille-Stahlberg-217x300.jpg","contentUrl":"https:\/\/sexocorporel.com\/wp-content\/uploads\/2023\/07\/Sybille-Stahlberg-217x300.jpg"},{"@type":"BreadcrumbList","@id":"https:\/\/sexocorporel.com\/it\/istituto-isi\/consiglio-di-amministrazione-isi\/#breadcrumb","itemListElement":[{"@type":"ListItem","position":1,"name":"Startseite","item":"https:\/\/sexocorporel.com\/it\/"},{"@type":"ListItem","position":2,"name":"Istituto iSi","item":"https:\/\/sexocorporel.com\/it\/istituto-isi\/"},{"@type":"ListItem","position":3,"name":"Consiglio di Amministrazione iSi"}]},{"@type":"WebSite","@id":"https:\/\/sexocorporel.com\/it\/#website","url":"https:\/\/sexocorporel.com\/it\/","name":"Institut Sexocorporel International","description":"Jean-Yves Desjardins","publisher":{"@id":"https:\/\/sexocorporel.com\/it\/#organization"},"potentialAction":[{"@type":"SearchAction","target":{"@type":"EntryPoint","urlTemplate":"https:\/\/sexocorporel.com\/it\/?s={search_term_string}"},"query-input":{"@type":"PropertyValueSpecification","valueRequired":true,"valueName":"search_term_string"}}],"inLanguage":"it-IT"},{"@type":"Organization","@id":"https:\/\/sexocorporel.com\/it\/#organization","name":"Institut Sexocorporel International","url":"https:\/\/sexocorporel.com\/it\/","logo":{"@type":"ImageObject","inLanguage":"it-IT","@id":"https:\/\/sexocorporel.com\/it\/#\/schema\/logo\/image\/","url":"https:\/\/sexocorporel.com\/wp-content\/uploads\/2020\/07\/cropped-629e6a99-4d9e-421b-b20e-8b428f763559-e1595527047446.jpg","contentUrl":"https:\/\/sexocorporel.com\/wp-content\/uploads\/2020\/07\/cropped-629e6a99-4d9e-421b-b20e-8b428f763559-e1595527047446.jpg","width":895,"height":270,"caption":"Institut Sexocorporel International"},"image":{"@id":"https:\/\/sexocorporel.com\/it\/#\/schema\/logo\/image\/"}}]}},"_links":{"self":[{"href":"https:\/\/sexocorporel.com\/it\/wp-json\/wp\/v2\/pages\/1429","targetHints":{"allow":["GET"]}}],"collection":[{"href":"https:\/\/sexocorporel.com\/it\/wp-json\/wp\/v2\/pages"}],"about":[{"href":"https:\/\/sexocorporel.com\/it\/wp-json\/wp\/v2\/types\/page"}],"author":[{"embeddable":true,"href":"https:\/\/sexocorporel.com\/it\/wp-json\/wp\/v2\/users\/1"}],"replies":[{"embeddable":true,"href":"https:\/\/sexocorporel.com\/it\/wp-json\/wp\/v2\/comments?post=1429"}],"version-history":[{"count":10,"href":"https:\/\/sexocorporel.com\/it\/wp-json\/wp\/v2\/pages\/1429\/revisions"}],"predecessor-version":[{"id":7630,"href":"https:\/\/sexocorporel.com\/it\/wp-json\/wp\/v2\/pages\/1429\/revisions\/7630"}],"up":[{"embeddable":true,"href":"https:\/\/sexocorporel.com\/it\/wp-json\/wp\/v2\/pages\/1406"}],"wp:attachment":[{"href":"https:\/\/sexocorporel.com\/it\/wp-json\/wp\/v2\/media?parent=1429"}],"curies":[{"name":"wp","href":"https:\/\/api.w.org\/{rel}","templated":true}]}}