{"id":1415,"date":"2020-07-02T02:34:43","date_gmt":"2020-07-02T00:34:43","guid":{"rendered":"https:\/\/sexocorporel.com\/mitgliederordnung\/"},"modified":"2025-05-07T15:53:11","modified_gmt":"2025-05-07T13:53:11","slug":"regole-di-appartenenza","status":"publish","type":"page","link":"https:\/\/sexocorporel.com\/it\/istituto-isi\/regole-di-appartenenza\/","title":{"rendered":"Regole di appartenenza"},"content":{"rendered":"\n<h3 class=\"wp-block-heading red\">I fondatori dell&#8217;istituto<\/h3>\n\n\n\n<p>L&#8217;Istituto \u00e8 stato fondato il 28 aprile 2004 da Jean-Yves Desjardins e da vari colleghi da Lui formati, che hanno unito le forze per la sua creazione.<br>I fondatori dell&#8217;Istituto sono persone che hanno dato un contributo finanziario e professionale per garantire la diffusione del Sexocorporel in Europa e in America.&nbsp;Queste persone meritano la nostra attenzione e il nostro riconoscimento.<br>L&#8217;elenco dei fondatori dell&#8217;iSi si trova <a href=\"https:\/\/sexocorporel.com\/istituto-isi\/?lang=it\">qui<\/a><a href=\"http:\/\/www.sexocorporel.com\/\"><\/a>.<\/p>\n\n\n\n<div style=\"height:50px\" aria-hidden=\"true\" class=\"wp-block-spacer\"><\/div>\n\n\n\n<h3 class=\"wp-block-heading red\">Categorie di appartenenza<\/h3>\n\n\n\n<p>Ci sono 5 diverse adesioni<\/p>\n\n\n\n<ul class=\"wp-block-list\">\n<li>Socio onorario<\/li>\n\n\n\n<li>Membro certificato iSi: Sessuologo clinico iSi (socio ordinario)<\/li>\n\n\n\n<li>Membro (Membro straordinario)<\/li>\n\n\n\n<li>Membro studente (in formazione al livello 1\u00b0-3\u00b0)<\/li>\n\n\n\n<li>Membri simpatici<\/li>\n\n\n\n<li>Membro esterno affiliato iSi<\/li>\n<\/ul>\n\n\n\n<div style=\"height:50px\" aria-hidden=\"true\" class=\"wp-block-spacer\"><\/div>\n\n\n\n<h4 class=\"wp-block-heading red\">Membro onorario<\/h4>\n\n\n\n<ul class=\"wp-block-list\">\n<li>Il professor Jean-Yves Desjardins \u00e8 Membro Onorario dell&#8217;Istituto e porta il titolo di \u201cPresidente Onorario dell&#8217;Istituto\u201d ad personam e a vita (unico titolo che detiene).<\/li>\n\n\n\n<li>Diventa Membro Onorario chiunque sia stato invitato dal Comitato Direttivo dell&#8217;iSi e abbia accettato per iscritto questa nomina.&nbsp;Questa persona gode di un alto livello di riconoscimento professionale &#8211; principalmente nel campo della sessuologia, ma non necessariamente &#8211; e ha contribuito in modo significativo allo sviluppo del Sexocorporel.<\/li>\n\n\n\n<li>Il Membro Onorario non ha necessariamente una formazione in Sexocorporel.<\/li>\n\n\n\n<li>Il Comitato Direttivo dell&#8217;iSi sottopone all&#8217;Assemblea Generale la proposta di nomina di un membro onorario.&nbsp;\u00c8 solo dopo la sua approvazione che l&#8217;interessato sar\u00e0 informato e, se lo desidera, dar\u00e0 il suo consenso.<\/li>\n\n\n\n<li>Il titolo di Membro Onorario non \u00e8 da di per s\u00e9 un&#8217;autorit\u00e0 per insegnare il Sessocorporeo.<\/li>\n\n\n\n<li>Il Socio\/Membro Onorario \u00e8 esonerato dal pagamento della quota associativa.<\/li>\n\n\n\n<li>La lettera con la richiesta di nomina di una persona a Socio Onorario e la sua risposta (se fornita) sar\u00e0 conservata negli archivi dell&#8217;iSi.<\/li>\n\n\n\n<li>I diritti ed i privilegi del Socio Onorario, cos\u00ec come la sua eventuale esclusione, sono regolati dallo Statuto dell&#8217;Istituto.<\/li>\n<\/ul>\n\n\n\n<div style=\"height:50px\" aria-hidden=\"true\" class=\"wp-block-spacer\"><\/div>\n\n\n\n<h4 class=\"wp-block-heading red\">Membro titolare &#8211; Sessuologo Clinico iSi<\/h4>\n\n\n\n<ul class=\"wp-block-list\">\n<li>Per diventare un membro a pieno titolo, una persona deve presentare domanda alla Commissione d\u2019adesione dei membri ed essere raccomandata da due membri certificati dell&#8217;iSi&nbsp;La raccomandazione deve essere fatta con una lettera firmata in cui gli sponsor spiegano perch\u00e9 stanno sostenendo quella persona.<\/li>\n\n\n\n<li>La domanda alla <a href=\"https:\/\/sexocorporel.com\/it\/istituto-isi\/commissione-isi\/\" target=\"_blank\" rel=\"noreferrer noopener\">Commissione dei membri<\/a> deve tenere conto del multilinguismo della Commissione. \u00c8 sufficiente una traduzione con deepl.com.<\/li>\n\n\n\n<li>Il membro titolare sar\u00e0 nominato dal Comitato Direttivo dell&#8217;iSi su proposta del Commissione dei Membri.<\/li>\n\n\n\n<li>La persona deve soddisfare i seguenti criteri:<ul><li>Avere un certificato o un attestato di formazione di base in sessuologia o formazione ritenuta equivalente dalla commissione dei membri e dal Comitato direttivo dell&#8217;iSi, o aver svolto un&#8217;attivit\u00e0 equivalente a una formazione di base in sessuologia.<\/li><\/ul>\n<ul class=\"wp-block-list\">\n<li>Aver completato con successo tre livelli di formazione in Sexocorporel sotto la supervisione di docenti approvati dall&#8217;iSi e possedere il &#8220;Certificato di fine studi in Sexocorporel&#8221; rilasciato dall&#8217;iSi.<\/li>\n\n\n\n<li>Svolgere un&#8217;attivit\u00e0 professionale in sessuologia clinica comprendente almeno 5 ore di terapia sessuale a settimana, negli ultimi sei mesi.<\/li>\n\n\n\n<li>Aver completato almeno 50 ore di supervisione e formazione in Sexocorporel.&nbsp;Queste 50 ore devono includere almeno 30 ore di supervisione, comprese almeno 10 ore di supervisione individuale (cio\u00e8 da solo con un supervisore).<\/li>\n\n\n\n<li>Essere un membro associato dell&#8217;iSi da almeno 2 anni (con pagamento dell&#8217;abbonamento annuale).<\/li>\n<\/ul>\n<\/li>\n<\/ul>\n\n\n\n<ul class=\"wp-block-list\">\n<li>Non appena il membro viene riconosciuto come certificato, \u00e8 anche &#8220;Sessuologo clinico iSi&#8221; e riceve un certificato.\u00a0<\/li>\n\n\n\n<li>La commissione dei Membri potr\u00e0 in ogni momento verificare i dati di un membro titolare e proporre al Comitato Esecutivo &#8211; che decide in ultima istanza &#8211; di cambiare di categoria il membro in questione qualora non soddisfi pi\u00f9 i criteri del vigente regolamento associativo. .<\/li>\n\n\n\n<li>I diritti ed i privilegi del membro titolare, cos\u00ec come la sua eventuale esclusione, sono regolati dallo statuto dell&#8217;Istituto.<\/li>\n<\/ul>\n\n\n\n<div style=\"height:50px\" aria-hidden=\"true\" class=\"wp-block-spacer\"><\/div>\n\n\n\n<h4 class=\"wp-block-heading red\">Membro associato<\/h4>\n\n\n\n<ul class=\"wp-block-list\">\n<li>Per ottenere il titolo di membro associato, una persona deve contattare la segreteria iSiv utilizzando il modulo di domanda.<\/li>\n\n\n\n<li>Il membro associato deve aver seguito almeno un corso di formazione in Sessorporeo.<\/li>\n\n\n\n<li>Il passaggio da membro studente o simpatizzante a membro associato non \u00e8 &#8220;automatico&#8221;.<\/li>\n\n\n\n<li>Quando un membro associato va in pensione o abbandona la sua attivit\u00e0 professionale, pu\u00f2 entrare nella categoria dei membri simpatizzanti, a condizione che il comitato dei membri lo approvi.<\/li>\n\n\n\n<li>I diritti ed i privilegi del membro associato, cos\u00ec come la sua eventuale espulsione, sono regolati nello statuto dell&#8217;Istituto.<\/li>\n<\/ul>\n\n\n\n<div style=\"height:50px\" aria-hidden=\"true\" class=\"wp-block-spacer\"><\/div>\n\n\n\n<h4 class=\"wp-block-heading red\">Membro studente<\/h4>\n\n\n\n<ul class=\"wp-block-list\">\n<li>In quanto partecipante a un corso di formazione in Sexocorporel riconosciuta dall&#8217;iSi, l&#8217;iscrizione come membro studente dell&#8217;iSi diventa obbligatoria.&nbsp;Ci\u00f2 consente allo membro studente di sostenere l&#8217;Istituto, di ricevere gratuitamente le Riviste\u201d Sant\u00e8 Sexuelle\u201d e di conoscere le varie attivit\u00e0 dell&#8217;ISI.<\/li>\n\n\n\n<li>I rispettivi istituti di formazione sono responsabili della domanda di adesione e del pagamento del contributo degli studenti del corso base (1 \u00b0 livello).&nbsp;Successivamente, gli membri studenti che continuano la loro formazione sono responsabili del pagamento delle loro quote associative.<\/li>\n\n\n\n<li>All&#8217;inizio del corso di approfondimento ( 2 \u00b0 livello ) \u00e8 possibile richiedere l&#8217;adesione come &#8220;Membro Associato&#8221;.&nbsp;L&#8217;iscrizione come titolare di 2 anni \u00e8 richiesta per la certificazione come sessuologo clinico iSi.&nbsp;Se questo non \u00e8 l&#8217;obiettivo, l&#8217;adesione pu\u00f2 essere estesa a tutti i corsi di formazione come \u201cmembro studente\u201d.<\/li>\n\n\n\n<li>Non vi \u00e8 alcun trasferimento &#8220;automatico&#8221; dalla categoria di membro studente a quella di membro associato o membro simpatizzante.&nbsp;Una richiesta ufficiale deve essere presentata dal membro e rinnovata ogni anno.<\/li>\n\n\n\n<li>Lo membro studente deve essere uno studente che partecipa ad un corso di formazione in Sexocorporel riconosciuto dall&#8217;iSi.<\/li>\n\n\n\n<li>I diritti ed i privilegi del membro studente (cos\u00ec come la sua eventuale esclusione) sono regolati dallo statuto dell&#8217;Istituto.<\/li>\n<\/ul>\n\n\n\n<div style=\"height:50px\" aria-hidden=\"true\" class=\"wp-block-spacer\"><\/div>\n\n\n\n<h4 class=\"wp-block-heading red\">Membro simpatizzante<\/h4>\n\n\n\n<ul class=\"wp-block-list\">\n<li>Chiunque sia interessato al Sexocorporel ma che non soddisfa i criteri delle altre categorie pu\u00f2 diventare membro simpatizzante (ad esempio, una persona che partecipa a seminari &#8220;Vivere in Amore&#8221;, un professionista con esperienza clinica, un pensionato, persone con esperienza nel campo dell&#8217;istruzione o della pedagogia, ecc.)<\/li>\n\n\n\n<li>Per ottenere il titolo di membro simpatizzante, una persona deve contattare la segreteria iSi utilizzando un modulo di domanda di adesione.<\/li>\n\n\n\n<li>I diritti ed i privilegi del membro simpatizzante, cos\u00ec come la sua eventuale esclusione, sono regolati dallo statuto dell&#8217;istituto.<\/li>\n<\/ul>\n\n\n\n<div style=\"height:100px\" aria-hidden=\"true\" class=\"wp-block-spacer\"><\/div>\n\n\n\n<h4 class=\"wp-block-heading red\">Membro esterno affiliato iSi<\/h4>\n\n\n\n<ul class=\"wp-block-list\">\n<li>Questa categoria \u00e8 disponibile per i sessuologi provenienti da altre scuole e formazioni.<\/li>\n\n\n\n<li>Per ottenere il titolo di Socio Simpatizzante, una persona deve presentare domanda alla segreteria dell&#8217;iSi utilizzando l&#8217;apposito modulo.<\/li>\n\n\n\n<li>I diritti e i privilegi del socio simpatizzante, nonch\u00e9 la sua eventuale esclusione, sono regolati dallo statuto dell&#8217;Istituto.<\/li>\n<\/ul>\n\n\n\n<div style=\"height:50px\" aria-hidden=\"true\" class=\"wp-block-spacer\"><\/div>\n\n\n\n<h4 class=\"wp-block-heading red\">Pagamento dei contributi<\/h4>\n\n\n\n<ul class=\"wp-block-list\">\n<li>Il pagamento dei contributi deve essere effettuato prima dell&#8217;Assemblea Generale, al pi\u00f9 tardi entro il 30 giugno dell&#8217;anno in corso.<\/li>\n\n\n\n<li>Se una persona non paga la quota di iscrizione prima del 30 giugno dell&#8217;anno in corso (o prima dell&#8217;Assemblea generale se si svolge prima di giugno), non ha diritto di voto e perde i propri diritti come membro (es. rivista \u201cSant\u00e8 sexuelle\u201d e gli sconti).<\/li>\n\n\n\n<li>Per diventare nuovamente socio, la persona deve anche pagare le spese di riapertura della propria pratica, ovvero 50 euro.<\/li>\n<\/ul>\n\n\n\n<div style=\"height:50px\" aria-hidden=\"true\" class=\"wp-block-spacer\"><\/div>\n\n\n\n<h4 class=\"wp-block-heading red\">Quote d&#8217;iscrizione:<\/h4>\n\n\n\n<figure class=\"wp-block-table\"><table><tbody><tr><td><strong>Iscrizione<\/strong><\/td><td><strong>Quota annuale in Euro<\/strong><\/td><\/tr><tr><td>Socio onorario<\/td><td>&#8211;<\/td><\/tr><tr><td>Membro certificato<\/td><td>150,-<\/td><\/tr><tr><td>Membro (associato)<\/td><td>90,-<\/td><\/tr><tr><td>Membro studente<\/td><td>30,-<\/td><\/tr><tr><td>Membro simpatizzante<\/td><td>60,-<\/td><\/tr><tr><td>Membro esterno affiliato iSi<\/td><td>60,-<\/td><\/tr><\/tbody><\/table><\/figure>\n","protected":false},"excerpt":{"rendered":"<p>I fondatori dell&#8217;istituto L&#8217;Istituto \u00e8 stato fondato il 28 aprile 2004 da Jean-Yves Desjardins e da vari colleghi da Lui formati, che hanno unito le forze per la sua creazione.I fondatori dell&#8217;Istituto sono persone che hanno dato un contributo finanziario e professionale per garantire la diffusione del Sexocorporel in Europa e in America.&nbsp;Queste persone meritano [&hellip;]<\/p>\n","protected":false},"author":1,"featured_media":0,"parent":1406,"menu_order":71,"comment_status":"closed","ping_status":"closed","template":"","meta":{"footnotes":""},"class_list":["post-1415","page","type-page","status-publish","hentry"],"featured_image_src":null,"yoast_head":"<!-- This site is optimized with the Yoast SEO plugin v26.8 - https:\/\/yoast.com\/product\/yoast-seo-wordpress\/ -->\n<title>Regole di appartenenza - Institut Sexocorporel International<\/title>\n<meta name=\"robots\" content=\"index, follow, max-snippet:-1, max-image-preview:large, max-video-preview:-1\" \/>\n<link rel=\"canonical\" href=\"https:\/\/sexocorporel.com\/it\/istituto-isi\/regole-di-appartenenza\/\" \/>\n<meta property=\"og:locale\" content=\"it_IT\" \/>\n<meta property=\"og:type\" content=\"article\" \/>\n<meta property=\"og:title\" content=\"Regole di appartenenza - Institut Sexocorporel International\" \/>\n<meta property=\"og:description\" content=\"I fondatori dell&#8217;istituto L&#8217;Istituto \u00e8 stato fondato il 28 aprile 2004 da Jean-Yves Desjardins e da vari colleghi da Lui formati, che hanno unito le forze per la sua creazione.I fondatori dell&#8217;Istituto sono persone che hanno dato un contributo finanziario e professionale per garantire la diffusione del Sexocorporel in Europa e in America.&nbsp;Queste persone meritano [&hellip;]\" \/>\n<meta property=\"og:url\" content=\"https:\/\/sexocorporel.com\/it\/istituto-isi\/regole-di-appartenenza\/\" \/>\n<meta property=\"og:site_name\" content=\"Institut Sexocorporel International\" \/>\n<meta property=\"article:modified_time\" content=\"2025-05-07T13:53:11+00:00\" \/>\n<meta name=\"twitter:card\" content=\"summary_large_image\" \/>\n<meta name=\"twitter:label1\" content=\"Tempo di lettura stimato\" \/>\n\t<meta name=\"twitter:data1\" content=\"7 minuti\" \/>\n<script type=\"application\/ld+json\" class=\"yoast-schema-graph\">{\"@context\":\"https:\/\/schema.org\",\"@graph\":[{\"@type\":\"WebPage\",\"@id\":\"https:\/\/sexocorporel.com\/it\/istituto-isi\/regole-di-appartenenza\/\",\"url\":\"https:\/\/sexocorporel.com\/it\/istituto-isi\/regole-di-appartenenza\/\",\"name\":\"Regole di appartenenza - Institut Sexocorporel International\",\"isPartOf\":{\"@id\":\"https:\/\/sexocorporel.com\/it\/#website\"},\"datePublished\":\"2020-07-02T00:34:43+00:00\",\"dateModified\":\"2025-05-07T13:53:11+00:00\",\"breadcrumb\":{\"@id\":\"https:\/\/sexocorporel.com\/it\/istituto-isi\/regole-di-appartenenza\/#breadcrumb\"},\"inLanguage\":\"it-IT\",\"potentialAction\":[{\"@type\":\"ReadAction\",\"target\":[\"https:\/\/sexocorporel.com\/it\/istituto-isi\/regole-di-appartenenza\/\"]}]},{\"@type\":\"BreadcrumbList\",\"@id\":\"https:\/\/sexocorporel.com\/it\/istituto-isi\/regole-di-appartenenza\/#breadcrumb\",\"itemListElement\":[{\"@type\":\"ListItem\",\"position\":1,\"name\":\"Startseite\",\"item\":\"https:\/\/sexocorporel.com\/it\/\"},{\"@type\":\"ListItem\",\"position\":2,\"name\":\"Istituto iSi\",\"item\":\"https:\/\/sexocorporel.com\/it\/istituto-isi\/\"},{\"@type\":\"ListItem\",\"position\":3,\"name\":\"Regole di appartenenza\"}]},{\"@type\":\"WebSite\",\"@id\":\"https:\/\/sexocorporel.com\/it\/#website\",\"url\":\"https:\/\/sexocorporel.com\/it\/\",\"name\":\"Institut Sexocorporel International\",\"description\":\"Jean-Yves Desjardins\",\"publisher\":{\"@id\":\"https:\/\/sexocorporel.com\/it\/#organization\"},\"potentialAction\":[{\"@type\":\"SearchAction\",\"target\":{\"@type\":\"EntryPoint\",\"urlTemplate\":\"https:\/\/sexocorporel.com\/it\/?s={search_term_string}\"},\"query-input\":{\"@type\":\"PropertyValueSpecification\",\"valueRequired\":true,\"valueName\":\"search_term_string\"}}],\"inLanguage\":\"it-IT\"},{\"@type\":\"Organization\",\"@id\":\"https:\/\/sexocorporel.com\/it\/#organization\",\"name\":\"Institut Sexocorporel International\",\"url\":\"https:\/\/sexocorporel.com\/it\/\",\"logo\":{\"@type\":\"ImageObject\",\"inLanguage\":\"it-IT\",\"@id\":\"https:\/\/sexocorporel.com\/it\/#\/schema\/logo\/image\/\",\"url\":\"https:\/\/sexocorporel.com\/wp-content\/uploads\/2020\/07\/cropped-629e6a99-4d9e-421b-b20e-8b428f763559-e1595527047446.jpg\",\"contentUrl\":\"https:\/\/sexocorporel.com\/wp-content\/uploads\/2020\/07\/cropped-629e6a99-4d9e-421b-b20e-8b428f763559-e1595527047446.jpg\",\"width\":895,\"height\":270,\"caption\":\"Institut Sexocorporel International\"},\"image\":{\"@id\":\"https:\/\/sexocorporel.com\/it\/#\/schema\/logo\/image\/\"}}]}<\/script>\n<!-- \/ Yoast SEO plugin. -->","yoast_head_json":{"title":"Regole di appartenenza - Institut Sexocorporel International","robots":{"index":"index","follow":"follow","max-snippet":"max-snippet:-1","max-image-preview":"max-image-preview:large","max-video-preview":"max-video-preview:-1"},"canonical":"https:\/\/sexocorporel.com\/it\/istituto-isi\/regole-di-appartenenza\/","og_locale":"it_IT","og_type":"article","og_title":"Regole di appartenenza - Institut Sexocorporel International","og_description":"I fondatori dell&#8217;istituto L&#8217;Istituto \u00e8 stato fondato il 28 aprile 2004 da Jean-Yves Desjardins e da vari colleghi da Lui formati, che hanno unito le forze per la sua creazione.I fondatori dell&#8217;Istituto sono persone che hanno dato un contributo finanziario e professionale per garantire la diffusione del Sexocorporel in Europa e in America.&nbsp;Queste persone meritano [&hellip;]","og_url":"https:\/\/sexocorporel.com\/it\/istituto-isi\/regole-di-appartenenza\/","og_site_name":"Institut Sexocorporel International","article_modified_time":"2025-05-07T13:53:11+00:00","twitter_card":"summary_large_image","twitter_misc":{"Tempo di lettura stimato":"7 minuti"},"schema":{"@context":"https:\/\/schema.org","@graph":[{"@type":"WebPage","@id":"https:\/\/sexocorporel.com\/it\/istituto-isi\/regole-di-appartenenza\/","url":"https:\/\/sexocorporel.com\/it\/istituto-isi\/regole-di-appartenenza\/","name":"Regole di appartenenza - Institut Sexocorporel International","isPartOf":{"@id":"https:\/\/sexocorporel.com\/it\/#website"},"datePublished":"2020-07-02T00:34:43+00:00","dateModified":"2025-05-07T13:53:11+00:00","breadcrumb":{"@id":"https:\/\/sexocorporel.com\/it\/istituto-isi\/regole-di-appartenenza\/#breadcrumb"},"inLanguage":"it-IT","potentialAction":[{"@type":"ReadAction","target":["https:\/\/sexocorporel.com\/it\/istituto-isi\/regole-di-appartenenza\/"]}]},{"@type":"BreadcrumbList","@id":"https:\/\/sexocorporel.com\/it\/istituto-isi\/regole-di-appartenenza\/#breadcrumb","itemListElement":[{"@type":"ListItem","position":1,"name":"Startseite","item":"https:\/\/sexocorporel.com\/it\/"},{"@type":"ListItem","position":2,"name":"Istituto iSi","item":"https:\/\/sexocorporel.com\/it\/istituto-isi\/"},{"@type":"ListItem","position":3,"name":"Regole di appartenenza"}]},{"@type":"WebSite","@id":"https:\/\/sexocorporel.com\/it\/#website","url":"https:\/\/sexocorporel.com\/it\/","name":"Institut Sexocorporel International","description":"Jean-Yves Desjardins","publisher":{"@id":"https:\/\/sexocorporel.com\/it\/#organization"},"potentialAction":[{"@type":"SearchAction","target":{"@type":"EntryPoint","urlTemplate":"https:\/\/sexocorporel.com\/it\/?s={search_term_string}"},"query-input":{"@type":"PropertyValueSpecification","valueRequired":true,"valueName":"search_term_string"}}],"inLanguage":"it-IT"},{"@type":"Organization","@id":"https:\/\/sexocorporel.com\/it\/#organization","name":"Institut Sexocorporel International","url":"https:\/\/sexocorporel.com\/it\/","logo":{"@type":"ImageObject","inLanguage":"it-IT","@id":"https:\/\/sexocorporel.com\/it\/#\/schema\/logo\/image\/","url":"https:\/\/sexocorporel.com\/wp-content\/uploads\/2020\/07\/cropped-629e6a99-4d9e-421b-b20e-8b428f763559-e1595527047446.jpg","contentUrl":"https:\/\/sexocorporel.com\/wp-content\/uploads\/2020\/07\/cropped-629e6a99-4d9e-421b-b20e-8b428f763559-e1595527047446.jpg","width":895,"height":270,"caption":"Institut Sexocorporel International"},"image":{"@id":"https:\/\/sexocorporel.com\/it\/#\/schema\/logo\/image\/"}}]}},"_links":{"self":[{"href":"https:\/\/sexocorporel.com\/it\/wp-json\/wp\/v2\/pages\/1415","targetHints":{"allow":["GET"]}}],"collection":[{"href":"https:\/\/sexocorporel.com\/it\/wp-json\/wp\/v2\/pages"}],"about":[{"href":"https:\/\/sexocorporel.com\/it\/wp-json\/wp\/v2\/types\/page"}],"author":[{"embeddable":true,"href":"https:\/\/sexocorporel.com\/it\/wp-json\/wp\/v2\/users\/1"}],"replies":[{"embeddable":true,"href":"https:\/\/sexocorporel.com\/it\/wp-json\/wp\/v2\/comments?post=1415"}],"version-history":[{"count":9,"href":"https:\/\/sexocorporel.com\/it\/wp-json\/wp\/v2\/pages\/1415\/revisions"}],"predecessor-version":[{"id":7568,"href":"https:\/\/sexocorporel.com\/it\/wp-json\/wp\/v2\/pages\/1415\/revisions\/7568"}],"up":[{"embeddable":true,"href":"https:\/\/sexocorporel.com\/it\/wp-json\/wp\/v2\/pages\/1406"}],"wp:attachment":[{"href":"https:\/\/sexocorporel.com\/it\/wp-json\/wp\/v2\/media?parent=1415"}],"curies":[{"name":"wp","href":"https:\/\/api.w.org\/{rel}","templated":true}]}}