{"id":1406,"date":"2020-05-28T22:36:10","date_gmt":"2020-05-28T20:36:10","guid":{"rendered":"https:\/\/sexocorporel.com\/institut-isi\/"},"modified":"2024-06-12T13:56:37","modified_gmt":"2024-06-12T11:56:37","slug":"istituto-isi","status":"publish","type":"page","link":"https:\/\/sexocorporel.com\/it\/istituto-isi\/","title":{"rendered":"Istituto iSi"},"content":{"rendered":"\n<figure class=\"wp-block-image alignfull size-full header-image center\"><img loading=\"lazy\" decoding=\"async\" width=\"2560\" height=\"1707\" src=\"https:\/\/sexocorporel.com\/wp-content\/uploads\/2020\/07\/alexander-kagan-t9Td0zfDTwI-unsplash-1-scaled.jpg\" alt=\"\" class=\"wp-image-838\" srcset=\"https:\/\/sexocorporel.com\/wp-content\/uploads\/2020\/07\/alexander-kagan-t9Td0zfDTwI-unsplash-1-scaled.jpg 2560w, https:\/\/sexocorporel.com\/wp-content\/uploads\/2020\/07\/alexander-kagan-t9Td0zfDTwI-unsplash-1-300x200.jpg 300w, https:\/\/sexocorporel.com\/wp-content\/uploads\/2020\/07\/alexander-kagan-t9Td0zfDTwI-unsplash-1-1024x683.jpg 1024w, https:\/\/sexocorporel.com\/wp-content\/uploads\/2020\/07\/alexander-kagan-t9Td0zfDTwI-unsplash-1-768x512.jpg 768w, https:\/\/sexocorporel.com\/wp-content\/uploads\/2020\/07\/alexander-kagan-t9Td0zfDTwI-unsplash-1-1536x1024.jpg 1536w, https:\/\/sexocorporel.com\/wp-content\/uploads\/2020\/07\/alexander-kagan-t9Td0zfDTwI-unsplash-1-2048x1365.jpg 2048w, https:\/\/sexocorporel.com\/wp-content\/uploads\/2020\/07\/alexander-kagan-t9Td0zfDTwI-unsplash-1-600x400.jpg 600w, https:\/\/sexocorporel.com\/wp-content\/uploads\/2020\/07\/alexander-kagan-t9Td0zfDTwI-unsplash-1-1200x800.jpg 1200w, https:\/\/sexocorporel.com\/wp-content\/uploads\/2020\/07\/alexander-kagan-t9Td0zfDTwI-unsplash-1-1980x1320.jpg 1980w\" sizes=\"auto, (max-width: 2560px) 100vw, 2560px\" \/><\/figure>\n\n\n\n<h1 class=\"wp-block-heading\">Istituto iSi<\/h1>\n\n\n\n<p>Il primo impulso a fondare un istituto per la promozione del <a href=\"https:\/\/sexocorporel.com\/it\/che-cose-sessocorporeo\/\">sexocorporel<\/a> \u00e8 venuto dal professor <a href=\"https:\/\/sexocorporel.com\/it\/che-cose-sessocorporeo\/jean-yves-desjardins\/\">Jean-Yves Desjardins<\/a>, dal dott. Dominique Chatton e da Isabelle Chaffai.&nbsp;Incoraggiato dall&#8217;entusiasmo di molti, Jean-Yves Desjardins ha incoraggiato alcune persone a partecipare allo sviluppo di una societ\u00e0.&nbsp;\u00c8 cos\u00ec che il 28 aprile 2004 \u00e8 stato fondato l&#8217;Institut Sexocorporel International &#8211; Jean-Yves Desjardins, al primo piano del Restaurant-des-Vieux-Granadier di Ginevra.<\/p>\n\n\n\n<p>I fondatori dell&#8217;Istituto sono persone che hanno fornito supporto finanziario e professionale per garantire la diffusione e la promozione del sesso corporeo in tutto il mondo.&nbsp;Queste persone meritano la nostra ammirazione e gratitudine:<\/p>\n\n\n\n<h3 class=\"wp-block-heading blue\">Membri onorari<\/h3>\n\n\n\n<p>Pierre Assalian, Nicole Audette, Mich\u00e8le Bonal, Isabelle Chaffa\u00ef, Claude Cr\u00e9pault, Pascal de Sutter, Maryvonne Desbarats, Fran\u00e7ois Ferrero, Peter Gehrig, Ursula Pasini, Willy Pasini, Linda Rossi, Claude Roux-Deslandes, Francesca Santarelli, Esther Elisabeth Sch\u00fctz, Francesca Galizia Thiele<\/p>\n\n\n\n<h3 class=\"wp-block-heading blue\"><strong>Fondatori<\/strong><\/h3>\n\n\n\n<p><strong><strong>Belgio<\/strong><\/strong>: Fran\u00e7ois Carufel, Esther Hirch, Pascal Sutter<\/p>\n\n\n\n<p><strong><strong>Canada<\/strong><\/strong>: Nicole Audette, Lise Desjardins, Jean-Yves Desjardins, M\u00e9lanie Tremblay<\/p>\n\n\n\n<p><strong><strong>Francia<\/strong><\/strong>: Mich\u00e8le Bonal, Catherine Cabanis, Imad Chaaban, Isabelle Chaffa\u00ef, Maryvonne Desbarats, Patricia Faure, Elisabeth Guillebaud, Fran\u00e7oise Jablon Dreyfus, Guy Montefiore, Laure Mourichon, Nicolas Rolland, Annick Nony, Fran\u00e7ois Parpaix, Anna Petit, Corinne Robert, Claude Roux-Deslandes<\/p>\n\n\n\n<p><strong><strong>Italia<\/strong><\/strong>: Giorgio Bavastro, Virna Bertoni, Patrizia Guerra, Giovanni Porta<\/p>\n\n\n\n<p><strong><strong>Marocco<\/strong><\/strong>: Aboubakr Harakat<\/p>\n\n\n\n<p><strong><strong>Svizzera<\/strong><\/strong>: Andr\u00e9e-Marie Amiot Neufeld, Lorenza Bettoli, Dominique Chatton, Jean-Paul Cousse, Jean-Marie Go\u00ebl, Jean-Jacques Moser, Christophe Pause, Jeffrey Pedrazzoli, Yoko Pedrazzoli, Anne Robert, Linda Rossi, Esther Sch\u00fctz<\/p>\n\n\n\n<h3 class=\"wp-block-heading blue\">Formatori<\/h3>\n\n\n\n<div class=\"wp-block-columns is-layout-flex wp-container-core-columns-is-layout-9d6595d7 wp-block-columns-is-layout-flex\">\n<div class=\"wp-block-column is-layout-flow wp-block-column-is-layout-flow\" style=\"flex-basis:33.33%\">\n<h4 class=\"wp-block-heading\">Canada<\/h4>\n<\/div>\n\n\n\n<div class=\"wp-block-column is-layout-flow wp-block-column-is-layout-flow\" style=\"flex-basis:66.66%\">\n<p><br>Nicole Audette<br>Lise Desjardins<br>Martine Drapeau<br>M\u00e9lanie Tremblay<\/p>\n<\/div>\n<\/div>\n\n\n\n<div class=\"wp-block-columns is-layout-flex wp-container-core-columns-is-layout-9d6595d7 wp-block-columns-is-layout-flex\">\n<div class=\"wp-block-column is-layout-flow wp-block-column-is-layout-flow\" style=\"flex-basis:33.33%\">\n<h4 class=\"wp-block-heading\">Francia<\/h4>\n<\/div>\n\n\n\n<div class=\"wp-block-column is-layout-flow wp-block-column-is-layout-flow\" style=\"flex-basis:66.66%\">\n<p><br>Mich\u00e8le Bonal<br>Catherine Cabanis<br>Isabelle Chaffa\u00ef<br>Martine Costes-Peplinsky<br>Elisabeth Guillebaud<br>Anne-Marie Laflute<br>Marie-Line Lassagne<br>Roland Nicolas<br>Claude Roux-Deslandes<\/p>\n<\/div>\n<\/div>\n\n\n\n<div class=\"wp-block-columns is-layout-flex wp-container-core-columns-is-layout-9d6595d7 wp-block-columns-is-layout-flex\">\n<div class=\"wp-block-column is-layout-flow wp-block-column-is-layout-flow\" style=\"flex-basis:33.33%\">\n<h4 class=\"wp-block-heading\">Svizzera<\/h4>\n<\/div>\n\n\n\n<div class=\"wp-block-column is-layout-flow wp-block-column-is-layout-flow\" style=\"flex-basis:66.66%\">\n<p><br>Linda Andreska<br>Patrizia Anex<br>Mireille Baumgartner<br>Karol Bischof<br>Annette Bischof-Campbell<br>Dominique Chatton<br>Stephan Fuchs<br>Peter Gehrig<br>Christa Gubler<br>Ingrid Huelsmann Weber<br>Werner Huwiler<br>Ben Kneubuhler<br>Antoinette Liechti Maccarone<br>Jeffrey Pedrazzoli<br>Yoko Pedrazzoli<br>Esther Elisabeth Sch\u00fctz<\/p>\n<\/div>\n<\/div>\n\n\n\n<div class=\"wp-block-columns is-layout-flex wp-container-core-columns-is-layout-9d6595d7 wp-block-columns-is-layout-flex\">\n<div class=\"wp-block-column is-layout-flow wp-block-column-is-layout-flow\" style=\"flex-basis:33.33%\">\n<h4 class=\"wp-block-heading\">Germania<\/h4>\n<\/div>\n\n\n\n<div class=\"wp-block-column is-layout-flow wp-block-column-is-layout-flow\" style=\"flex-basis:66.66%\">\n<p><br>Sybille Stahlberg<br>Michael Sztenc<\/p>\n<\/div>\n<\/div>\n\n\n\n<div class=\"wp-block-columns is-layout-flex wp-container-core-columns-is-layout-9d6595d7 wp-block-columns-is-layout-flex\">\n<div class=\"wp-block-column is-layout-flow wp-block-column-is-layout-flow\"> \n<div>\n<a href=https:\/\/sexocorporel.com\/it\/istituto-isi\/consiglio-di-amministrazione-isi\/ class=\"outline-button\">\n\t<div class=\"outline-button single red\">\n\t\t<h3 class=\"red\">Al Consiglio di amministrazione<\/h3>\n\t\t<div class=\"arrow\"><\/div>\n<\/div><\/a>\n<\/div>\n\n<\/div>\n\n\n\n<div class=\"wp-block-column is-layout-flow wp-block-column-is-layout-flow\"> \n<div>\n<a href=https:\/\/sexocorporel.com\/it\/istituto-isi\/membri-isi\/ class=\"outline-button\">\n\t<div class=\"outline-button single red\">\n\t\t<h3 class=\"red\">Ai membri<\/h3>\n\t\t<div class=\"arrow\"><\/div>\n<\/div><\/a>\n<\/div>\n\n<\/div>\n<\/div>\n\n\n\n<p><\/p>\n","protected":false},"excerpt":{"rendered":"<p>Istituto iSi Il primo impulso a fondare un istituto per la promozione del sexocorporel \u00e8 venuto dal professor Jean-Yves Desjardins, dal dott. Dominique Chatton e da Isabelle Chaffai.&nbsp;Incoraggiato dall&#8217;entusiasmo di molti, Jean-Yves Desjardins ha incoraggiato alcune persone a partecipare allo sviluppo di una societ\u00e0.&nbsp;\u00c8 cos\u00ec che il 28 aprile 2004 \u00e8 stato fondato l&#8217;Institut Sexocorporel [&hellip;]<\/p>\n","protected":false},"author":1,"featured_media":0,"parent":0,"menu_order":119,"comment_status":"closed","ping_status":"closed","template":"tw-no-title.php","meta":{"footnotes":""},"class_list":["post-1406","page","type-page","status-publish","hentry"],"featured_image_src":null,"yoast_head":"<!-- This site is optimized with the Yoast SEO plugin v26.8 - https:\/\/yoast.com\/product\/yoast-seo-wordpress\/ -->\n<title>Istituto iSi - Institut Sexocorporel International<\/title>\n<meta name=\"robots\" content=\"index, follow, max-snippet:-1, max-image-preview:large, max-video-preview:-1\" \/>\n<link rel=\"canonical\" href=\"https:\/\/sexocorporel.com\/it\/istituto-isi\/\" \/>\n<meta property=\"og:locale\" content=\"it_IT\" \/>\n<meta property=\"og:type\" content=\"article\" \/>\n<meta property=\"og:title\" content=\"Istituto iSi - Institut Sexocorporel International\" \/>\n<meta property=\"og:description\" content=\"Istituto iSi Il primo impulso a fondare un istituto per la promozione del sexocorporel \u00e8 venuto dal professor Jean-Yves Desjardins, dal dott. Dominique Chatton e da Isabelle Chaffai.&nbsp;Incoraggiato dall&#8217;entusiasmo di molti, Jean-Yves Desjardins ha incoraggiato alcune persone a partecipare allo sviluppo di una societ\u00e0.&nbsp;\u00c8 cos\u00ec che il 28 aprile 2004 \u00e8 stato fondato l&#8217;Institut Sexocorporel [&hellip;]\" \/>\n<meta property=\"og:url\" content=\"https:\/\/sexocorporel.com\/it\/istituto-isi\/\" \/>\n<meta property=\"og:site_name\" content=\"Institut Sexocorporel International\" \/>\n<meta property=\"article:modified_time\" content=\"2024-06-12T11:56:37+00:00\" \/>\n<meta property=\"og:image\" content=\"https:\/\/sexocorporel.com\/wp-content\/uploads\/2020\/07\/alexander-kagan-t9Td0zfDTwI-unsplash-1-scaled.jpg\" \/>\n<meta name=\"twitter:card\" content=\"summary_large_image\" \/>\n<meta name=\"twitter:label1\" content=\"Tempo di lettura stimato\" \/>\n\t<meta name=\"twitter:data1\" content=\"2 minuti\" \/>\n<script type=\"application\/ld+json\" class=\"yoast-schema-graph\">{\"@context\":\"https:\/\/schema.org\",\"@graph\":[{\"@type\":\"WebPage\",\"@id\":\"https:\/\/sexocorporel.com\/it\/istituto-isi\/\",\"url\":\"https:\/\/sexocorporel.com\/it\/istituto-isi\/\",\"name\":\"Istituto iSi - Institut Sexocorporel International\",\"isPartOf\":{\"@id\":\"https:\/\/sexocorporel.com\/it\/#website\"},\"primaryImageOfPage\":{\"@id\":\"https:\/\/sexocorporel.com\/it\/istituto-isi\/#primaryimage\"},\"image\":{\"@id\":\"https:\/\/sexocorporel.com\/it\/istituto-isi\/#primaryimage\"},\"thumbnailUrl\":\"https:\/\/sexocorporel.com\/wp-content\/uploads\/2020\/07\/alexander-kagan-t9Td0zfDTwI-unsplash-1-scaled.jpg\",\"datePublished\":\"2020-05-28T20:36:10+00:00\",\"dateModified\":\"2024-06-12T11:56:37+00:00\",\"breadcrumb\":{\"@id\":\"https:\/\/sexocorporel.com\/it\/istituto-isi\/#breadcrumb\"},\"inLanguage\":\"it-IT\",\"potentialAction\":[{\"@type\":\"ReadAction\",\"target\":[\"https:\/\/sexocorporel.com\/it\/istituto-isi\/\"]}]},{\"@type\":\"ImageObject\",\"inLanguage\":\"it-IT\",\"@id\":\"https:\/\/sexocorporel.com\/it\/istituto-isi\/#primaryimage\",\"url\":\"https:\/\/sexocorporel.com\/wp-content\/uploads\/2020\/07\/alexander-kagan-t9Td0zfDTwI-unsplash-1-scaled.jpg\",\"contentUrl\":\"https:\/\/sexocorporel.com\/wp-content\/uploads\/2020\/07\/alexander-kagan-t9Td0zfDTwI-unsplash-1-scaled.jpg\"},{\"@type\":\"BreadcrumbList\",\"@id\":\"https:\/\/sexocorporel.com\/it\/istituto-isi\/#breadcrumb\",\"itemListElement\":[{\"@type\":\"ListItem\",\"position\":1,\"name\":\"Startseite\",\"item\":\"https:\/\/sexocorporel.com\/it\/\"},{\"@type\":\"ListItem\",\"position\":2,\"name\":\"Istituto iSi\"}]},{\"@type\":\"WebSite\",\"@id\":\"https:\/\/sexocorporel.com\/it\/#website\",\"url\":\"https:\/\/sexocorporel.com\/it\/\",\"name\":\"Institut Sexocorporel International\",\"description\":\"Jean-Yves Desjardins\",\"publisher\":{\"@id\":\"https:\/\/sexocorporel.com\/it\/#organization\"},\"potentialAction\":[{\"@type\":\"SearchAction\",\"target\":{\"@type\":\"EntryPoint\",\"urlTemplate\":\"https:\/\/sexocorporel.com\/it\/?s={search_term_string}\"},\"query-input\":{\"@type\":\"PropertyValueSpecification\",\"valueRequired\":true,\"valueName\":\"search_term_string\"}}],\"inLanguage\":\"it-IT\"},{\"@type\":\"Organization\",\"@id\":\"https:\/\/sexocorporel.com\/it\/#organization\",\"name\":\"Institut Sexocorporel International\",\"url\":\"https:\/\/sexocorporel.com\/it\/\",\"logo\":{\"@type\":\"ImageObject\",\"inLanguage\":\"it-IT\",\"@id\":\"https:\/\/sexocorporel.com\/it\/#\/schema\/logo\/image\/\",\"url\":\"https:\/\/sexocorporel.com\/wp-content\/uploads\/2020\/07\/cropped-629e6a99-4d9e-421b-b20e-8b428f763559-e1595527047446.jpg\",\"contentUrl\":\"https:\/\/sexocorporel.com\/wp-content\/uploads\/2020\/07\/cropped-629e6a99-4d9e-421b-b20e-8b428f763559-e1595527047446.jpg\",\"width\":895,\"height\":270,\"caption\":\"Institut Sexocorporel International\"},\"image\":{\"@id\":\"https:\/\/sexocorporel.com\/it\/#\/schema\/logo\/image\/\"}}]}<\/script>\n<!-- \/ Yoast SEO plugin. -->","yoast_head_json":{"title":"Istituto iSi - Institut Sexocorporel International","robots":{"index":"index","follow":"follow","max-snippet":"max-snippet:-1","max-image-preview":"max-image-preview:large","max-video-preview":"max-video-preview:-1"},"canonical":"https:\/\/sexocorporel.com\/it\/istituto-isi\/","og_locale":"it_IT","og_type":"article","og_title":"Istituto iSi - Institut Sexocorporel International","og_description":"Istituto iSi Il primo impulso a fondare un istituto per la promozione del sexocorporel \u00e8 venuto dal professor Jean-Yves Desjardins, dal dott. Dominique Chatton e da Isabelle Chaffai.&nbsp;Incoraggiato dall&#8217;entusiasmo di molti, Jean-Yves Desjardins ha incoraggiato alcune persone a partecipare allo sviluppo di una societ\u00e0.&nbsp;\u00c8 cos\u00ec che il 28 aprile 2004 \u00e8 stato fondato l&#8217;Institut Sexocorporel [&hellip;]","og_url":"https:\/\/sexocorporel.com\/it\/istituto-isi\/","og_site_name":"Institut Sexocorporel International","article_modified_time":"2024-06-12T11:56:37+00:00","og_image":[{"url":"https:\/\/sexocorporel.com\/wp-content\/uploads\/2020\/07\/alexander-kagan-t9Td0zfDTwI-unsplash-1-scaled.jpg","type":"","width":"","height":""}],"twitter_card":"summary_large_image","twitter_misc":{"Tempo di lettura stimato":"2 minuti"},"schema":{"@context":"https:\/\/schema.org","@graph":[{"@type":"WebPage","@id":"https:\/\/sexocorporel.com\/it\/istituto-isi\/","url":"https:\/\/sexocorporel.com\/it\/istituto-isi\/","name":"Istituto iSi - Institut Sexocorporel International","isPartOf":{"@id":"https:\/\/sexocorporel.com\/it\/#website"},"primaryImageOfPage":{"@id":"https:\/\/sexocorporel.com\/it\/istituto-isi\/#primaryimage"},"image":{"@id":"https:\/\/sexocorporel.com\/it\/istituto-isi\/#primaryimage"},"thumbnailUrl":"https:\/\/sexocorporel.com\/wp-content\/uploads\/2020\/07\/alexander-kagan-t9Td0zfDTwI-unsplash-1-scaled.jpg","datePublished":"2020-05-28T20:36:10+00:00","dateModified":"2024-06-12T11:56:37+00:00","breadcrumb":{"@id":"https:\/\/sexocorporel.com\/it\/istituto-isi\/#breadcrumb"},"inLanguage":"it-IT","potentialAction":[{"@type":"ReadAction","target":["https:\/\/sexocorporel.com\/it\/istituto-isi\/"]}]},{"@type":"ImageObject","inLanguage":"it-IT","@id":"https:\/\/sexocorporel.com\/it\/istituto-isi\/#primaryimage","url":"https:\/\/sexocorporel.com\/wp-content\/uploads\/2020\/07\/alexander-kagan-t9Td0zfDTwI-unsplash-1-scaled.jpg","contentUrl":"https:\/\/sexocorporel.com\/wp-content\/uploads\/2020\/07\/alexander-kagan-t9Td0zfDTwI-unsplash-1-scaled.jpg"},{"@type":"BreadcrumbList","@id":"https:\/\/sexocorporel.com\/it\/istituto-isi\/#breadcrumb","itemListElement":[{"@type":"ListItem","position":1,"name":"Startseite","item":"https:\/\/sexocorporel.com\/it\/"},{"@type":"ListItem","position":2,"name":"Istituto iSi"}]},{"@type":"WebSite","@id":"https:\/\/sexocorporel.com\/it\/#website","url":"https:\/\/sexocorporel.com\/it\/","name":"Institut Sexocorporel International","description":"Jean-Yves Desjardins","publisher":{"@id":"https:\/\/sexocorporel.com\/it\/#organization"},"potentialAction":[{"@type":"SearchAction","target":{"@type":"EntryPoint","urlTemplate":"https:\/\/sexocorporel.com\/it\/?s={search_term_string}"},"query-input":{"@type":"PropertyValueSpecification","valueRequired":true,"valueName":"search_term_string"}}],"inLanguage":"it-IT"},{"@type":"Organization","@id":"https:\/\/sexocorporel.com\/it\/#organization","name":"Institut Sexocorporel International","url":"https:\/\/sexocorporel.com\/it\/","logo":{"@type":"ImageObject","inLanguage":"it-IT","@id":"https:\/\/sexocorporel.com\/it\/#\/schema\/logo\/image\/","url":"https:\/\/sexocorporel.com\/wp-content\/uploads\/2020\/07\/cropped-629e6a99-4d9e-421b-b20e-8b428f763559-e1595527047446.jpg","contentUrl":"https:\/\/sexocorporel.com\/wp-content\/uploads\/2020\/07\/cropped-629e6a99-4d9e-421b-b20e-8b428f763559-e1595527047446.jpg","width":895,"height":270,"caption":"Institut Sexocorporel International"},"image":{"@id":"https:\/\/sexocorporel.com\/it\/#\/schema\/logo\/image\/"}}]}},"_links":{"self":[{"href":"https:\/\/sexocorporel.com\/it\/wp-json\/wp\/v2\/pages\/1406","targetHints":{"allow":["GET"]}}],"collection":[{"href":"https:\/\/sexocorporel.com\/it\/wp-json\/wp\/v2\/pages"}],"about":[{"href":"https:\/\/sexocorporel.com\/it\/wp-json\/wp\/v2\/types\/page"}],"author":[{"embeddable":true,"href":"https:\/\/sexocorporel.com\/it\/wp-json\/wp\/v2\/users\/1"}],"replies":[{"embeddable":true,"href":"https:\/\/sexocorporel.com\/it\/wp-json\/wp\/v2\/comments?post=1406"}],"version-history":[{"count":9,"href":"https:\/\/sexocorporel.com\/it\/wp-json\/wp\/v2\/pages\/1406\/revisions"}],"predecessor-version":[{"id":7271,"href":"https:\/\/sexocorporel.com\/it\/wp-json\/wp\/v2\/pages\/1406\/revisions\/7271"}],"wp:attachment":[{"href":"https:\/\/sexocorporel.com\/it\/wp-json\/wp\/v2\/media?parent=1406"}],"curies":[{"name":"wp","href":"https:\/\/api.w.org\/{rel}","templated":true}]}}