{"id":1378,"date":"2020-07-01T00:03:13","date_gmt":"2020-06-30T22:03:13","guid":{"rendered":"https:\/\/sexocorporel.com\/zertifizierungslehrgang\/"},"modified":"2020-12-13T22:55:22","modified_gmt":"2020-12-13T21:55:22","slug":"3livello","status":"publish","type":"page","link":"https:\/\/sexocorporel.com\/it\/formazione\/3livello\/","title":{"rendered":"3\u00b0 livello"},"content":{"rendered":"\n<h3 class=\"wp-block-heading\">Obiettivi generali:<\/h3>\n\n\n\n<ul class=\"wp-block-list\"><li>Comprensione \u00a0dei fondamenti teorici del Sessocorporeo.<\/li><li>In qualit\u00e0 di sessuologo clinico, pu\u00f2 insegnare ai clienti le abilit\u00e0 e le fasi di apprendimento del Sessorporeo.<\/li><\/ul>\n\n\n\n<h3 class=\"wp-block-heading\">Obiettivi specifici:<\/h3>\n\n\n\n<h4 class=\"wp-block-heading\">Conoscenza:<\/h4>\n\n\n\n<ul class=\"wp-block-list\"><li>Padronanza delle interrelazioni e interazioni tra le diverse componenti del modello di funzionalit\u00e0 sessuale.<\/li><\/ul>\n\n\n\n<h4 class=\"wp-block-heading\">Capacit\u00e0 fisiologiche:<\/h4>\n\n\n\n<ul class=\"wp-block-list\"><li>Padroneggiare l&#8217;insegnamento delle abilit\u00e0 sessocorporee ai pazienti, inclusi i tipi di respirazione, centratura, postura, tensione muscolare, ritmi, gamma di movimento, dissociazione dei movimenti del corpo, doppio basculamento, ecc.<\/li><\/ul>\n\n\n\n<h4 class=\"wp-block-heading\">Abilit\u00e0 sessuodinamiche:<\/h4>\n\n\n\n<ul class=\"wp-block-list\"><li>Padroneggiare i punti di forza e i limiti di tutte le componenti sessodinamiche che interagiscono nell&#8217;esperienza sessuale umana.<\/li><li>Integrazione di tutte le componenti sessodinamiche: piacere sessuale, desiderio sessuale, codici di attrazione sessuale, assertivit\u00e0 sessuale, intensit\u00e0 sessuale, senso del genere, intrusivit\u00e0 e recettivit\u00e0 sessuale.<\/li><li>Integrazione del legame tra la qualit\u00e0 della funzione di eccitazione e la qualit\u00e0 dell&#8217;esperienza erotica personale e del partner.<\/li><\/ul>\n\n\n\n<h4 class=\"wp-block-heading\">Abilit\u00e0 cognitive:<\/h4>\n\n\n\n<ul class=\"wp-block-list\"><li>Padronanza delle conoscenze scientifiche nel campo della sessuologia clinica (sviluppo sessuale, funzione sessuale, ecc.)<\/li><\/ul>\n\n\n\n<h4 class=\"wp-block-heading\">Intervento nella terapia sessuale:<\/h4>\n\n\n\n<ul class=\"wp-block-list\"><li>Padroneggiare la valutazione Sessocorporea.<\/li><li>Padroneggia l&#8217;analisi della struttura fisica della tensione sessuale e il significato intrapsichico della dinamica corporea.\u00a0Padronanza del contenuto, delle attivit\u00e0 e della struttura dei trattamenti.<\/li><li>Padroneggiare le tecniche di terapia sessuale dei vari trattamenti Sessocorporei, dall&#8217;eccitazione sessuale alla sensazione di genere.<\/li><\/ul>\n\n\n\n<h3 class=\"wp-block-heading\">Contenuto teorico dei moduli:<\/h3>\n\n\n\n<p>Questi corrispondono alla teoria menzionata nella panoramica dell&#8217;approccio.\u00a0Gli studenti supervisionano direttamente i principianti degli atelier dei primi 2 moduli.\u00a0Nei moduli clinici, partecipano all&#8217;insegnamento clinico nei giochi di ruolo come pazienti fittizi o come terapeuti.\u00a0Lavorano in piccoli gruppi con un formatore per insegnare ai pazienti le abilit\u00e0 sessocorporeo.<\/p>\n\n\n\n<h3 class=\"wp-block-heading\">Validazione come sessuologo clinico ISI:<\/h3>\n\n\n\n<ul class=\"wp-block-list\"><li>Supervisioni<\/li><li>Gli studenti dimostrano la loro capacit\u00e0 di trasmettere elementi cognitivi, anche tappe di apprendimento concrete, abilit\u00e0 interpersonali (empatia) e capacit\u00e0 di essere obiettivi.<\/li><li>Breve resoconto scritto dell&#8217;autovalutazione delle proprie capacit\u00e0 di osservazione oggettiva e di comunicare le fasi di apprendimento al termine di ogni sessione.<\/li><li>Preparazione di una sintesi scritta che viene discussa e rivista in piccolo gruppo per la convalida da parte dei responsabili della formazione.<\/li><li>Partecipazione al ciclo di Vivere in Amore, se \u00e8 proposto nella regione.<\/li><li>Successivi 4 giorni di sessuologia medica, 4 giorni di psicopatologia e \/ o 4 giorni di tecnica di consulenza (eventualmente svolta come parte della formazione professionale iniziale).<\/li><\/ul>\n\n\n\n<h3 class=\"wp-block-heading\">Certificazione:<\/h3>\n\n\n\n<p>&#8220;Certificato di fine studi in sessuologia clinica. Certificato di sessuologo clinico ISI&#8221;<\/p>\n","protected":false},"excerpt":{"rendered":"<p>Obiettivi generali: Comprensione \u00a0dei fondamenti teorici del Sessocorporeo. In qualit\u00e0 di sessuologo clinico, pu\u00f2 insegnare ai clienti le abilit\u00e0 e le fasi di apprendimento del Sessorporeo. Obiettivi specifici: Conoscenza: Padronanza delle interrelazioni e interazioni tra le diverse componenti del modello di funzionalit\u00e0 sessuale. Capacit\u00e0 fisiologiche: Padroneggiare l&#8217;insegnamento delle abilit\u00e0 sessocorporee ai pazienti, inclusi i tipi [&hellip;]<\/p>\n","protected":false},"author":1,"featured_media":0,"parent":1337,"menu_order":80,"comment_status":"closed","ping_status":"closed","template":"","meta":{"footnotes":""},"class_list":["post-1378","page","type-page","status-publish","hentry"],"featured_image_src":null,"yoast_head":"<!-- This site is optimized with the Yoast SEO plugin v26.8 - https:\/\/yoast.com\/product\/yoast-seo-wordpress\/ -->\n<title>3\u00b0 livello - Institut Sexocorporel International<\/title>\n<meta name=\"robots\" content=\"index, follow, max-snippet:-1, max-image-preview:large, max-video-preview:-1\" \/>\n<link rel=\"canonical\" href=\"https:\/\/sexocorporel.com\/it\/formazione\/3livello\/\" \/>\n<meta property=\"og:locale\" content=\"it_IT\" \/>\n<meta property=\"og:type\" content=\"article\" \/>\n<meta property=\"og:title\" content=\"3\u00b0 livello - Institut Sexocorporel International\" \/>\n<meta property=\"og:description\" content=\"Obiettivi generali: Comprensione \u00a0dei fondamenti teorici del Sessocorporeo. In qualit\u00e0 di sessuologo clinico, pu\u00f2 insegnare ai clienti le abilit\u00e0 e le fasi di apprendimento del Sessorporeo. Obiettivi specifici: Conoscenza: Padronanza delle interrelazioni e interazioni tra le diverse componenti del modello di funzionalit\u00e0 sessuale. Capacit\u00e0 fisiologiche: Padroneggiare l&#8217;insegnamento delle abilit\u00e0 sessocorporee ai pazienti, inclusi i tipi [&hellip;]\" \/>\n<meta property=\"og:url\" content=\"https:\/\/sexocorporel.com\/it\/formazione\/3livello\/\" \/>\n<meta property=\"og:site_name\" content=\"Institut Sexocorporel International\" \/>\n<meta property=\"article:modified_time\" content=\"2020-12-13T21:55:22+00:00\" \/>\n<meta name=\"twitter:card\" content=\"summary_large_image\" \/>\n<meta name=\"twitter:label1\" content=\"Tempo di lettura stimato\" \/>\n\t<meta name=\"twitter:data1\" content=\"2 minuti\" \/>\n<script type=\"application\/ld+json\" class=\"yoast-schema-graph\">{\"@context\":\"https:\/\/schema.org\",\"@graph\":[{\"@type\":\"WebPage\",\"@id\":\"https:\/\/sexocorporel.com\/it\/formazione\/3livello\/\",\"url\":\"https:\/\/sexocorporel.com\/it\/formazione\/3livello\/\",\"name\":\"3\u00b0 livello - Institut Sexocorporel International\",\"isPartOf\":{\"@id\":\"https:\/\/sexocorporel.com\/it\/#website\"},\"datePublished\":\"2020-06-30T22:03:13+00:00\",\"dateModified\":\"2020-12-13T21:55:22+00:00\",\"breadcrumb\":{\"@id\":\"https:\/\/sexocorporel.com\/it\/formazione\/3livello\/#breadcrumb\"},\"inLanguage\":\"it-IT\",\"potentialAction\":[{\"@type\":\"ReadAction\",\"target\":[\"https:\/\/sexocorporel.com\/it\/formazione\/3livello\/\"]}]},{\"@type\":\"BreadcrumbList\",\"@id\":\"https:\/\/sexocorporel.com\/it\/formazione\/3livello\/#breadcrumb\",\"itemListElement\":[{\"@type\":\"ListItem\",\"position\":1,\"name\":\"Startseite\",\"item\":\"https:\/\/sexocorporel.com\/it\/\"},{\"@type\":\"ListItem\",\"position\":2,\"name\":\"Formazione\",\"item\":\"https:\/\/sexocorporel.com\/it\/formazione\/\"},{\"@type\":\"ListItem\",\"position\":3,\"name\":\"3\u00b0 livello\"}]},{\"@type\":\"WebSite\",\"@id\":\"https:\/\/sexocorporel.com\/it\/#website\",\"url\":\"https:\/\/sexocorporel.com\/it\/\",\"name\":\"Institut Sexocorporel International\",\"description\":\"Jean-Yves Desjardins\",\"publisher\":{\"@id\":\"https:\/\/sexocorporel.com\/it\/#organization\"},\"potentialAction\":[{\"@type\":\"SearchAction\",\"target\":{\"@type\":\"EntryPoint\",\"urlTemplate\":\"https:\/\/sexocorporel.com\/it\/?s={search_term_string}\"},\"query-input\":{\"@type\":\"PropertyValueSpecification\",\"valueRequired\":true,\"valueName\":\"search_term_string\"}}],\"inLanguage\":\"it-IT\"},{\"@type\":\"Organization\",\"@id\":\"https:\/\/sexocorporel.com\/it\/#organization\",\"name\":\"Institut Sexocorporel International\",\"url\":\"https:\/\/sexocorporel.com\/it\/\",\"logo\":{\"@type\":\"ImageObject\",\"inLanguage\":\"it-IT\",\"@id\":\"https:\/\/sexocorporel.com\/it\/#\/schema\/logo\/image\/\",\"url\":\"https:\/\/sexocorporel.com\/wp-content\/uploads\/2020\/07\/cropped-629e6a99-4d9e-421b-b20e-8b428f763559-e1595527047446.jpg\",\"contentUrl\":\"https:\/\/sexocorporel.com\/wp-content\/uploads\/2020\/07\/cropped-629e6a99-4d9e-421b-b20e-8b428f763559-e1595527047446.jpg\",\"width\":895,\"height\":270,\"caption\":\"Institut Sexocorporel International\"},\"image\":{\"@id\":\"https:\/\/sexocorporel.com\/it\/#\/schema\/logo\/image\/\"}}]}<\/script>\n<!-- \/ Yoast SEO plugin. -->","yoast_head_json":{"title":"3\u00b0 livello - Institut Sexocorporel International","robots":{"index":"index","follow":"follow","max-snippet":"max-snippet:-1","max-image-preview":"max-image-preview:large","max-video-preview":"max-video-preview:-1"},"canonical":"https:\/\/sexocorporel.com\/it\/formazione\/3livello\/","og_locale":"it_IT","og_type":"article","og_title":"3\u00b0 livello - Institut Sexocorporel International","og_description":"Obiettivi generali: Comprensione \u00a0dei fondamenti teorici del Sessocorporeo. In qualit\u00e0 di sessuologo clinico, pu\u00f2 insegnare ai clienti le abilit\u00e0 e le fasi di apprendimento del Sessorporeo. Obiettivi specifici: Conoscenza: Padronanza delle interrelazioni e interazioni tra le diverse componenti del modello di funzionalit\u00e0 sessuale. Capacit\u00e0 fisiologiche: Padroneggiare l&#8217;insegnamento delle abilit\u00e0 sessocorporee ai pazienti, inclusi i tipi [&hellip;]","og_url":"https:\/\/sexocorporel.com\/it\/formazione\/3livello\/","og_site_name":"Institut Sexocorporel International","article_modified_time":"2020-12-13T21:55:22+00:00","twitter_card":"summary_large_image","twitter_misc":{"Tempo di lettura stimato":"2 minuti"},"schema":{"@context":"https:\/\/schema.org","@graph":[{"@type":"WebPage","@id":"https:\/\/sexocorporel.com\/it\/formazione\/3livello\/","url":"https:\/\/sexocorporel.com\/it\/formazione\/3livello\/","name":"3\u00b0 livello - Institut Sexocorporel International","isPartOf":{"@id":"https:\/\/sexocorporel.com\/it\/#website"},"datePublished":"2020-06-30T22:03:13+00:00","dateModified":"2020-12-13T21:55:22+00:00","breadcrumb":{"@id":"https:\/\/sexocorporel.com\/it\/formazione\/3livello\/#breadcrumb"},"inLanguage":"it-IT","potentialAction":[{"@type":"ReadAction","target":["https:\/\/sexocorporel.com\/it\/formazione\/3livello\/"]}]},{"@type":"BreadcrumbList","@id":"https:\/\/sexocorporel.com\/it\/formazione\/3livello\/#breadcrumb","itemListElement":[{"@type":"ListItem","position":1,"name":"Startseite","item":"https:\/\/sexocorporel.com\/it\/"},{"@type":"ListItem","position":2,"name":"Formazione","item":"https:\/\/sexocorporel.com\/it\/formazione\/"},{"@type":"ListItem","position":3,"name":"3\u00b0 livello"}]},{"@type":"WebSite","@id":"https:\/\/sexocorporel.com\/it\/#website","url":"https:\/\/sexocorporel.com\/it\/","name":"Institut Sexocorporel International","description":"Jean-Yves Desjardins","publisher":{"@id":"https:\/\/sexocorporel.com\/it\/#organization"},"potentialAction":[{"@type":"SearchAction","target":{"@type":"EntryPoint","urlTemplate":"https:\/\/sexocorporel.com\/it\/?s={search_term_string}"},"query-input":{"@type":"PropertyValueSpecification","valueRequired":true,"valueName":"search_term_string"}}],"inLanguage":"it-IT"},{"@type":"Organization","@id":"https:\/\/sexocorporel.com\/it\/#organization","name":"Institut Sexocorporel International","url":"https:\/\/sexocorporel.com\/it\/","logo":{"@type":"ImageObject","inLanguage":"it-IT","@id":"https:\/\/sexocorporel.com\/it\/#\/schema\/logo\/image\/","url":"https:\/\/sexocorporel.com\/wp-content\/uploads\/2020\/07\/cropped-629e6a99-4d9e-421b-b20e-8b428f763559-e1595527047446.jpg","contentUrl":"https:\/\/sexocorporel.com\/wp-content\/uploads\/2020\/07\/cropped-629e6a99-4d9e-421b-b20e-8b428f763559-e1595527047446.jpg","width":895,"height":270,"caption":"Institut Sexocorporel International"},"image":{"@id":"https:\/\/sexocorporel.com\/it\/#\/schema\/logo\/image\/"}}]}},"_links":{"self":[{"href":"https:\/\/sexocorporel.com\/it\/wp-json\/wp\/v2\/pages\/1378","targetHints":{"allow":["GET"]}}],"collection":[{"href":"https:\/\/sexocorporel.com\/it\/wp-json\/wp\/v2\/pages"}],"about":[{"href":"https:\/\/sexocorporel.com\/it\/wp-json\/wp\/v2\/types\/page"}],"author":[{"embeddable":true,"href":"https:\/\/sexocorporel.com\/it\/wp-json\/wp\/v2\/users\/1"}],"replies":[{"embeddable":true,"href":"https:\/\/sexocorporel.com\/it\/wp-json\/wp\/v2\/comments?post=1378"}],"version-history":[{"count":8,"href":"https:\/\/sexocorporel.com\/it\/wp-json\/wp\/v2\/pages\/1378\/revisions"}],"predecessor-version":[{"id":2371,"href":"https:\/\/sexocorporel.com\/it\/wp-json\/wp\/v2\/pages\/1378\/revisions\/2371"}],"up":[{"embeddable":true,"href":"https:\/\/sexocorporel.com\/it\/wp-json\/wp\/v2\/pages\/1337"}],"wp:attachment":[{"href":"https:\/\/sexocorporel.com\/it\/wp-json\/wp\/v2\/media?parent=1378"}],"curies":[{"name":"wp","href":"https:\/\/api.w.org\/{rel}","templated":true}]}}