{"id":1369,"date":"2020-06-30T23:50:12","date_gmt":"2020-06-30T21:50:12","guid":{"rendered":"https:\/\/sexocorporel.com\/vertiefungslehrgang\/"},"modified":"2020-12-13T22:53:04","modified_gmt":"2020-12-13T21:53:04","slug":"2livello","status":"publish","type":"page","link":"https:\/\/sexocorporel.com\/it\/formazione\/2livello\/","title":{"rendered":"2\u00b0 livello"},"content":{"rendered":"\n<h3 class=\"wp-block-heading\">Obiettivi generali:<\/h3>\n\n\n\n<ul class=\"wp-block-list\"><li>Approfondire le basi teoriche del Sessocorporeo.<\/li><li>Sviluppo della capacit\u00e0 di osservare e ascoltare una persona in modo obiettivo.<\/li><li>Comprensione delle situazioni cliniche basata sulla logica del sistema.<\/li><\/ul>\n\n\n\n<h3 class=\"wp-block-heading\">Obiettivi specifici:<\/h3>\n\n\n\n<h4 class=\"wp-block-heading\">Conoscenza teoretica:<\/h4>\n\n\n\n<ul class=\"wp-block-list\"><li>Integrazione di connessioni e interazioni tra le diverse componenti del modello di funzionalit\u00e0 sessuale.<\/li><\/ul>\n\n\n\n<h4 class=\"wp-block-heading\">Capacit\u00e0 fisiologiche:<\/h4>\n\n\n\n<ul class=\"wp-block-list\"><li>Padroneggiare l&#8217;osservazione fisica dei partecipanti nell&#8217;acquisizione di abilit\u00e0 sessocorporee, inclusi diversi tipi di respirazione, centratura, postura, tensione muscolare, ritmi, ampiezza di movimento, dissociazione dei movimenti del corpo, doppio basculamento, ecc.<\/li><\/ul>\n\n\n\n<h4 class=\"wp-block-heading\">Abilit\u00e0 sessodinamiche:<\/h4>\n\n\n\n<ul class=\"wp-block-list\"><li>Approfondire la conoscenza delle componenti sessodinamiche: piacere sessuale, desiderio sessuale, codici di attrazione sessuale, assertivit\u00e0 sessuale, intensit\u00e0 sessuale, senso di genere, intrusivit\u00e0 e recettivit\u00e0 sessuale.<\/li><li>Conoscere il legame tra la qualit\u00e0 della funzione di eccitazione e la qualit\u00e0 dell&#8217;esperienza erotica personale e del partner.<\/li><\/ul>\n\n\n\n<h4 class=\"wp-block-heading\">Abilit\u00e0 cognitive:<\/h4>\n\n\n\n<ul class=\"wp-block-list\"><li>Approfondire le conoscenze scientifiche in questo settore (sviluppo sessuale, funzione sessuale, ecc.).<\/li><\/ul>\n\n\n\n<h4 class=\"wp-block-heading\">Intervento nella terapia sessuale:<\/h4>\n\n\n\n<ul class=\"wp-block-list\"><li>Padroneggiare la lettura del linguaggio del corpo &#8211; Approfondimento della valutazione Sessocorporea.<\/li><li>Approfondire l&#8217;analisi della struttura fisica della tensione sessuale, dei significati intrapsichici delle dinamiche corporee<\/li><li>Conoscenza degli obiettivi, dei contenuti, delle procedure e delle fasi del trattamento.<\/li><li>Approfondimento delle tecniche di terapia sessuale dei vari trattamenti Sesscorporei, dalla funzione dell&#8217;eccitazione sessuale al sentimento della sessualit\u00e0.<\/li><\/ul>\n\n\n\n<h3 class=\"wp-block-heading\">Contenuto teorico dei moduli:<\/h3>\n\n\n\n<p>Questi corrispondono alla teoria menzionata nella panoramica dell&#8217;approccio (sopra il punto 2) e gli studenti partecipano al 2 \u00b0 livello come osservatori dei partecipanti al 1 \u00b0 livello.\u00a0Lavorano in piccoli gruppi con un formatore per imparare a leggere il linguaggio del corpo e ascoltare in modo oggettivo.\u00a0In ogni modulo, gli studenti presentano le loro osservazioni in questi piccoli gruppi.\u00a0Nell&#8217;ultimo modulo, presentano una sintesi dell&#8217;evoluzione delle persone osservate.<\/p>\n\n\n\n<h3 class=\"wp-block-heading\">Validazione:<\/h3>\n\n\n\n<ul class=\"wp-block-list\"><li>Esami<\/li><li>Capacit\u00e0 di oggettivare durante la lettura del linguaggio del corpo<\/li><li>Osservazioni dei formatori durante la formazione<\/li><li>Supervisione \/ Intervisione<\/li><\/ul>\n\n\n\n<h3 class=\"wp-block-heading\">Certificazione:<\/h3>\n\n\n\n<p>&#8220;Certificato di studi di appofondimento di sessuologia clinica Sexocorporel ISI&#8221;.<\/p>\n\n\n\n<p>Tutto il lavoro sessuale terapeutico deve svolgersi sotto la supervisione del Sexocorporel (supervisore approvato dall&#8217;ISI).<\/p>\n","protected":false},"excerpt":{"rendered":"<p>Obiettivi generali: Approfondire le basi teoriche del Sessocorporeo. Sviluppo della capacit\u00e0 di osservare e ascoltare una persona in modo obiettivo. Comprensione delle situazioni cliniche basata sulla logica del sistema. Obiettivi specifici: Conoscenza teoretica: Integrazione di connessioni e interazioni tra le diverse componenti del modello di funzionalit\u00e0 sessuale. Capacit\u00e0 fisiologiche: Padroneggiare l&#8217;osservazione fisica dei partecipanti nell&#8217;acquisizione [&hellip;]<\/p>\n","protected":false},"author":1,"featured_media":0,"parent":1337,"menu_order":84,"comment_status":"closed","ping_status":"closed","template":"","meta":{"footnotes":""},"class_list":["post-1369","page","type-page","status-publish","hentry"],"featured_image_src":null,"yoast_head":"<!-- This site is optimized with the Yoast SEO plugin v26.8 - https:\/\/yoast.com\/product\/yoast-seo-wordpress\/ -->\n<title>2\u00b0 livello - Institut Sexocorporel International<\/title>\n<meta name=\"robots\" content=\"index, follow, max-snippet:-1, max-image-preview:large, max-video-preview:-1\" \/>\n<link rel=\"canonical\" href=\"https:\/\/sexocorporel.com\/it\/formazione\/2livello\/\" \/>\n<meta property=\"og:locale\" content=\"it_IT\" \/>\n<meta property=\"og:type\" content=\"article\" \/>\n<meta property=\"og:title\" content=\"2\u00b0 livello - Institut Sexocorporel International\" \/>\n<meta property=\"og:description\" content=\"Obiettivi generali: Approfondire le basi teoriche del Sessocorporeo. Sviluppo della capacit\u00e0 di osservare e ascoltare una persona in modo obiettivo. Comprensione delle situazioni cliniche basata sulla logica del sistema. Obiettivi specifici: Conoscenza teoretica: Integrazione di connessioni e interazioni tra le diverse componenti del modello di funzionalit\u00e0 sessuale. Capacit\u00e0 fisiologiche: Padroneggiare l&#8217;osservazione fisica dei partecipanti nell&#8217;acquisizione [&hellip;]\" \/>\n<meta property=\"og:url\" content=\"https:\/\/sexocorporel.com\/it\/formazione\/2livello\/\" \/>\n<meta property=\"og:site_name\" content=\"Institut Sexocorporel International\" \/>\n<meta property=\"article:modified_time\" content=\"2020-12-13T21:53:04+00:00\" \/>\n<meta name=\"twitter:card\" content=\"summary_large_image\" \/>\n<meta name=\"twitter:label1\" content=\"Tempo di lettura stimato\" \/>\n\t<meta name=\"twitter:data1\" content=\"2 minuti\" \/>\n<script type=\"application\/ld+json\" class=\"yoast-schema-graph\">{\"@context\":\"https:\/\/schema.org\",\"@graph\":[{\"@type\":\"WebPage\",\"@id\":\"https:\/\/sexocorporel.com\/it\/formazione\/2livello\/\",\"url\":\"https:\/\/sexocorporel.com\/it\/formazione\/2livello\/\",\"name\":\"2\u00b0 livello - Institut Sexocorporel International\",\"isPartOf\":{\"@id\":\"https:\/\/sexocorporel.com\/it\/#website\"},\"datePublished\":\"2020-06-30T21:50:12+00:00\",\"dateModified\":\"2020-12-13T21:53:04+00:00\",\"breadcrumb\":{\"@id\":\"https:\/\/sexocorporel.com\/it\/formazione\/2livello\/#breadcrumb\"},\"inLanguage\":\"it-IT\",\"potentialAction\":[{\"@type\":\"ReadAction\",\"target\":[\"https:\/\/sexocorporel.com\/it\/formazione\/2livello\/\"]}]},{\"@type\":\"BreadcrumbList\",\"@id\":\"https:\/\/sexocorporel.com\/it\/formazione\/2livello\/#breadcrumb\",\"itemListElement\":[{\"@type\":\"ListItem\",\"position\":1,\"name\":\"Startseite\",\"item\":\"https:\/\/sexocorporel.com\/it\/\"},{\"@type\":\"ListItem\",\"position\":2,\"name\":\"Formazione\",\"item\":\"https:\/\/sexocorporel.com\/it\/formazione\/\"},{\"@type\":\"ListItem\",\"position\":3,\"name\":\"2\u00b0 livello\"}]},{\"@type\":\"WebSite\",\"@id\":\"https:\/\/sexocorporel.com\/it\/#website\",\"url\":\"https:\/\/sexocorporel.com\/it\/\",\"name\":\"Institut Sexocorporel International\",\"description\":\"Jean-Yves Desjardins\",\"publisher\":{\"@id\":\"https:\/\/sexocorporel.com\/it\/#organization\"},\"potentialAction\":[{\"@type\":\"SearchAction\",\"target\":{\"@type\":\"EntryPoint\",\"urlTemplate\":\"https:\/\/sexocorporel.com\/it\/?s={search_term_string}\"},\"query-input\":{\"@type\":\"PropertyValueSpecification\",\"valueRequired\":true,\"valueName\":\"search_term_string\"}}],\"inLanguage\":\"it-IT\"},{\"@type\":\"Organization\",\"@id\":\"https:\/\/sexocorporel.com\/it\/#organization\",\"name\":\"Institut Sexocorporel International\",\"url\":\"https:\/\/sexocorporel.com\/it\/\",\"logo\":{\"@type\":\"ImageObject\",\"inLanguage\":\"it-IT\",\"@id\":\"https:\/\/sexocorporel.com\/it\/#\/schema\/logo\/image\/\",\"url\":\"https:\/\/sexocorporel.com\/wp-content\/uploads\/2020\/07\/cropped-629e6a99-4d9e-421b-b20e-8b428f763559-e1595527047446.jpg\",\"contentUrl\":\"https:\/\/sexocorporel.com\/wp-content\/uploads\/2020\/07\/cropped-629e6a99-4d9e-421b-b20e-8b428f763559-e1595527047446.jpg\",\"width\":895,\"height\":270,\"caption\":\"Institut Sexocorporel International\"},\"image\":{\"@id\":\"https:\/\/sexocorporel.com\/it\/#\/schema\/logo\/image\/\"}}]}<\/script>\n<!-- \/ Yoast SEO plugin. -->","yoast_head_json":{"title":"2\u00b0 livello - Institut Sexocorporel International","robots":{"index":"index","follow":"follow","max-snippet":"max-snippet:-1","max-image-preview":"max-image-preview:large","max-video-preview":"max-video-preview:-1"},"canonical":"https:\/\/sexocorporel.com\/it\/formazione\/2livello\/","og_locale":"it_IT","og_type":"article","og_title":"2\u00b0 livello - Institut Sexocorporel International","og_description":"Obiettivi generali: Approfondire le basi teoriche del Sessocorporeo. Sviluppo della capacit\u00e0 di osservare e ascoltare una persona in modo obiettivo. Comprensione delle situazioni cliniche basata sulla logica del sistema. Obiettivi specifici: Conoscenza teoretica: Integrazione di connessioni e interazioni tra le diverse componenti del modello di funzionalit\u00e0 sessuale. Capacit\u00e0 fisiologiche: Padroneggiare l&#8217;osservazione fisica dei partecipanti nell&#8217;acquisizione [&hellip;]","og_url":"https:\/\/sexocorporel.com\/it\/formazione\/2livello\/","og_site_name":"Institut Sexocorporel International","article_modified_time":"2020-12-13T21:53:04+00:00","twitter_card":"summary_large_image","twitter_misc":{"Tempo di lettura stimato":"2 minuti"},"schema":{"@context":"https:\/\/schema.org","@graph":[{"@type":"WebPage","@id":"https:\/\/sexocorporel.com\/it\/formazione\/2livello\/","url":"https:\/\/sexocorporel.com\/it\/formazione\/2livello\/","name":"2\u00b0 livello - Institut Sexocorporel International","isPartOf":{"@id":"https:\/\/sexocorporel.com\/it\/#website"},"datePublished":"2020-06-30T21:50:12+00:00","dateModified":"2020-12-13T21:53:04+00:00","breadcrumb":{"@id":"https:\/\/sexocorporel.com\/it\/formazione\/2livello\/#breadcrumb"},"inLanguage":"it-IT","potentialAction":[{"@type":"ReadAction","target":["https:\/\/sexocorporel.com\/it\/formazione\/2livello\/"]}]},{"@type":"BreadcrumbList","@id":"https:\/\/sexocorporel.com\/it\/formazione\/2livello\/#breadcrumb","itemListElement":[{"@type":"ListItem","position":1,"name":"Startseite","item":"https:\/\/sexocorporel.com\/it\/"},{"@type":"ListItem","position":2,"name":"Formazione","item":"https:\/\/sexocorporel.com\/it\/formazione\/"},{"@type":"ListItem","position":3,"name":"2\u00b0 livello"}]},{"@type":"WebSite","@id":"https:\/\/sexocorporel.com\/it\/#website","url":"https:\/\/sexocorporel.com\/it\/","name":"Institut Sexocorporel International","description":"Jean-Yves Desjardins","publisher":{"@id":"https:\/\/sexocorporel.com\/it\/#organization"},"potentialAction":[{"@type":"SearchAction","target":{"@type":"EntryPoint","urlTemplate":"https:\/\/sexocorporel.com\/it\/?s={search_term_string}"},"query-input":{"@type":"PropertyValueSpecification","valueRequired":true,"valueName":"search_term_string"}}],"inLanguage":"it-IT"},{"@type":"Organization","@id":"https:\/\/sexocorporel.com\/it\/#organization","name":"Institut Sexocorporel International","url":"https:\/\/sexocorporel.com\/it\/","logo":{"@type":"ImageObject","inLanguage":"it-IT","@id":"https:\/\/sexocorporel.com\/it\/#\/schema\/logo\/image\/","url":"https:\/\/sexocorporel.com\/wp-content\/uploads\/2020\/07\/cropped-629e6a99-4d9e-421b-b20e-8b428f763559-e1595527047446.jpg","contentUrl":"https:\/\/sexocorporel.com\/wp-content\/uploads\/2020\/07\/cropped-629e6a99-4d9e-421b-b20e-8b428f763559-e1595527047446.jpg","width":895,"height":270,"caption":"Institut Sexocorporel International"},"image":{"@id":"https:\/\/sexocorporel.com\/it\/#\/schema\/logo\/image\/"}}]}},"_links":{"self":[{"href":"https:\/\/sexocorporel.com\/it\/wp-json\/wp\/v2\/pages\/1369","targetHints":{"allow":["GET"]}}],"collection":[{"href":"https:\/\/sexocorporel.com\/it\/wp-json\/wp\/v2\/pages"}],"about":[{"href":"https:\/\/sexocorporel.com\/it\/wp-json\/wp\/v2\/types\/page"}],"author":[{"embeddable":true,"href":"https:\/\/sexocorporel.com\/it\/wp-json\/wp\/v2\/users\/1"}],"replies":[{"embeddable":true,"href":"https:\/\/sexocorporel.com\/it\/wp-json\/wp\/v2\/comments?post=1369"}],"version-history":[{"count":8,"href":"https:\/\/sexocorporel.com\/it\/wp-json\/wp\/v2\/pages\/1369\/revisions"}],"predecessor-version":[{"id":2369,"href":"https:\/\/sexocorporel.com\/it\/wp-json\/wp\/v2\/pages\/1369\/revisions\/2369"}],"up":[{"embeddable":true,"href":"https:\/\/sexocorporel.com\/it\/wp-json\/wp\/v2\/pages\/1337"}],"wp:attachment":[{"href":"https:\/\/sexocorporel.com\/it\/wp-json\/wp\/v2\/media?parent=1369"}],"curies":[{"name":"wp","href":"https:\/\/api.w.org\/{rel}","templated":true}]}}