{"id":1360,"date":"2020-06-30T23:18:09","date_gmt":"2020-06-30T21:18:09","guid":{"rendered":"https:\/\/sexocorporel.com\/basislehrgang\/"},"modified":"2020-12-13T22:50:19","modified_gmt":"2020-12-13T21:50:19","slug":"1livello","status":"publish","type":"page","link":"https:\/\/sexocorporel.com\/it\/formazione\/1livello\/","title":{"rendered":"1\u00b0 livello"},"content":{"rendered":"\n<h3 class=\"wp-block-heading\">Obiettivi generali:<\/h3>\n\n\n\n<ul class=\"wp-block-list\"><li>Conoscenza dei fondamenti teorici del modello scientifico &#8220;Sexocorporel&#8221;.<\/li><li>Acquisizione di abilit\u00e0 che promuovono lo sviluppo della funzione di eccitazione e piacere sessuale.<\/li><li>L&#8217;integrazione di queste capacit\u00e0 nell&#8217;esperienza erotica personale e in quella del partner.<\/li><\/ul>\n\n\n\n<h3 class=\"wp-block-heading\">Obiettivi specifici:<\/h3>\n\n\n\n<h4 class=\"wp-block-heading\">Conoscenze:<\/h4>\n\n\n\n<ul class=\"wp-block-list\"><li>Conoscenza e comprensione dell&#8217;interazione fisiologica e intrapsichica che si manifesta nell&#8217;esperienza sessuale umana<\/li><li>Conoscenza e comprensione dei differenti modi e fonti dell&#8217;eccitazione sessuale nel processo di costruzione dell&#8217;eccitazione sessuale.<\/li><li>Conoscenza della natura e del ruolo dell&#8217;apprendimento nella sessualit\u00e0.<\/li><li>Conoscenza e comprensione delle molteplici interazioni nei diversi disturbi sessuali.<\/li><\/ul>\n\n\n\n<h4 class=\"wp-block-heading\">Capacit\u00e0 fisiologiche:<\/h4>\n\n\n\n<ul class=\"wp-block-list\"><li>Padronanza dei diversi modi di respirare.<\/li><li>Dissociazione dei movimenti del corpo \u2013 Sviluppo delle variazioni usando il doppio basculamento.<\/li><li>Capacit\u00e0 di adottare cambiamenti di postura.<\/li><li>Capacit\u00e0 di sentire i diversi gradi di tensione muscolare.<\/li><li>Consapevolezza degli elementi sensoriali, emotivi e simbolici legati alla respirazione, movimento, tensione muscolare e postura, nonch\u00e9 le abilit\u00e0 integrate: la diffusione e la canalizzazione dell&#8217;eccitazione sessuale, il lasciarsi andare e l\u2019abbandono al piacere sessuale.<\/li><\/ul>\n\n\n\n<h4 class=\"wp-block-heading\">Abilit\u00e0 sessodinamiche:<\/h4>\n\n\n\n<ul class=\"wp-block-list\"><li>Riconoscere i punti di forza e i limiti delle singole componenti sessodinamiche che interagiscono nell&#8217;esperienza sessuale umana.<\/li><li>Rafforzamento delle componenti sessodinamiche: piacere sessuale, desiderio sessuale, codici di attrazione sessuale, assertivit\u00e0 sessuale, intensit\u00e0 sessuale, senso di appartenenza al genere, intrusivit\u00e0 e recettivit\u00e0 sessuale.<\/li><li>Riconoscimento del legame tra la qualit\u00e0 della funzione di eccitazione e la qualit\u00e0 dell&#8217;esperienza erotica personale e del partner.<\/li><\/ul>\n\n\n\n<h4 class=\"wp-block-heading\">Abilit\u00e0 cognitive:<\/h4>\n\n\n\n<ul class=\"wp-block-list\"><li>Acquisizione di conoscenze scientifiche di base (sviluppo sessuale, funzionalit\u00e0 sessuale, ecc.).<\/li><li>Acquisizione di conoscenze per identificare i diversi sistemi di pensiero e ideologie sulla sessualit\u00e0 umana, compresi i suoi punti di forza e i limiti.<\/li><\/ul>\n\n\n\n<h4 class=\"wp-block-heading\">Intervento nella terapia sessuale:<\/h4>\n\n\n\n<ul class=\"wp-block-list\"><li>Introduzione alla lettura del linguaggio del corpo &#8211; Introduzione alla dimensione fisica della tensione sessuale e ai significati intrapsichici della dinamica corporea.<\/li><li>Introduzione agli obiettivi, al contenuto, alle attivit\u00e0 e alla struttura dei trattamenti.<\/li><li>Introduzione alle tecniche terapeutiche dei vari trattamenti Sessoocorporei, dall&#8217;eccitazione sessuale al sentimento di genere.<\/li><\/ul>\n\n\n\n<h3 class=\"wp-block-heading\">Contenuto teorico dei moduli:<\/h3>\n\n\n\n<p>Questi corrispondono alla teoria menzionata nella panoramica dell&#8217;Approccio Sessocorporeo.\u00a0I partecipanti del 1\u00b0 livello\u00a0 sono incoraggiati a porre domande sulla formazione, sul suo processo e il contenuto ai formatori e ai partecipanti del 3\u00b0 livello.<\/p>\n\n\n\n<h3 class=\"wp-block-heading\">Validazione:<\/h3>\n\n\n\n<ul class=\"wp-block-list\"><li>Autovalutazione<\/li><li>Esami<\/li><li>Osservazioni dei formatori durante la formazione<\/li><li>Presenza<\/li><\/ul>\n\n\n\n<h3 class=\"wp-block-heading\">Certificato:<\/h3>\n\n\n\n<p>&#8220;Certificato di base in sessuologia clinica (sessocorporeo ) ISI&#8221;.<\/p>\n\n\n\n<p>Tutto il lavoro di terapia sessuale deve avvenire sotto la supervisione del Sexocorporel (con un supervisore approvato ISI).<\/p>\n","protected":false},"excerpt":{"rendered":"<p>Obiettivi generali: Conoscenza dei fondamenti teorici del modello scientifico &#8220;Sexocorporel&#8221;. Acquisizione di abilit\u00e0 che promuovono lo sviluppo della funzione di eccitazione e piacere sessuale. L&#8217;integrazione di queste capacit\u00e0 nell&#8217;esperienza erotica personale e in quella del partner. Obiettivi specifici: Conoscenze: Conoscenza e comprensione dell&#8217;interazione fisiologica e intrapsichica che si manifesta nell&#8217;esperienza sessuale umana Conoscenza e comprensione [&hellip;]<\/p>\n","protected":false},"author":1,"featured_media":0,"parent":1337,"menu_order":91,"comment_status":"closed","ping_status":"closed","template":"","meta":{"footnotes":""},"class_list":["post-1360","page","type-page","status-publish","hentry"],"featured_image_src":null,"yoast_head":"<!-- This site is optimized with the Yoast SEO plugin v26.8 - https:\/\/yoast.com\/product\/yoast-seo-wordpress\/ -->\n<title>1\u00b0 livello - Institut Sexocorporel International<\/title>\n<meta name=\"robots\" content=\"index, follow, max-snippet:-1, max-image-preview:large, max-video-preview:-1\" \/>\n<link rel=\"canonical\" href=\"https:\/\/sexocorporel.com\/it\/formazione\/1livello\/\" \/>\n<meta property=\"og:locale\" content=\"it_IT\" \/>\n<meta property=\"og:type\" content=\"article\" \/>\n<meta property=\"og:title\" content=\"1\u00b0 livello - Institut Sexocorporel International\" \/>\n<meta property=\"og:description\" content=\"Obiettivi generali: Conoscenza dei fondamenti teorici del modello scientifico &#8220;Sexocorporel&#8221;. Acquisizione di abilit\u00e0 che promuovono lo sviluppo della funzione di eccitazione e piacere sessuale. L&#8217;integrazione di queste capacit\u00e0 nell&#8217;esperienza erotica personale e in quella del partner. Obiettivi specifici: Conoscenze: Conoscenza e comprensione dell&#8217;interazione fisiologica e intrapsichica che si manifesta nell&#8217;esperienza sessuale umana Conoscenza e comprensione [&hellip;]\" \/>\n<meta property=\"og:url\" content=\"https:\/\/sexocorporel.com\/it\/formazione\/1livello\/\" \/>\n<meta property=\"og:site_name\" content=\"Institut Sexocorporel International\" \/>\n<meta property=\"article:modified_time\" content=\"2020-12-13T21:50:19+00:00\" \/>\n<meta name=\"twitter:card\" content=\"summary_large_image\" \/>\n<meta name=\"twitter:label1\" content=\"Tempo di lettura stimato\" \/>\n\t<meta name=\"twitter:data1\" content=\"2 minuti\" \/>\n<script type=\"application\/ld+json\" class=\"yoast-schema-graph\">{\"@context\":\"https:\/\/schema.org\",\"@graph\":[{\"@type\":\"WebPage\",\"@id\":\"https:\/\/sexocorporel.com\/it\/formazione\/1livello\/\",\"url\":\"https:\/\/sexocorporel.com\/it\/formazione\/1livello\/\",\"name\":\"1\u00b0 livello - Institut Sexocorporel International\",\"isPartOf\":{\"@id\":\"https:\/\/sexocorporel.com\/it\/#website\"},\"datePublished\":\"2020-06-30T21:18:09+00:00\",\"dateModified\":\"2020-12-13T21:50:19+00:00\",\"breadcrumb\":{\"@id\":\"https:\/\/sexocorporel.com\/it\/formazione\/1livello\/#breadcrumb\"},\"inLanguage\":\"it-IT\",\"potentialAction\":[{\"@type\":\"ReadAction\",\"target\":[\"https:\/\/sexocorporel.com\/it\/formazione\/1livello\/\"]}]},{\"@type\":\"BreadcrumbList\",\"@id\":\"https:\/\/sexocorporel.com\/it\/formazione\/1livello\/#breadcrumb\",\"itemListElement\":[{\"@type\":\"ListItem\",\"position\":1,\"name\":\"Startseite\",\"item\":\"https:\/\/sexocorporel.com\/it\/\"},{\"@type\":\"ListItem\",\"position\":2,\"name\":\"Formazione\",\"item\":\"https:\/\/sexocorporel.com\/it\/formazione\/\"},{\"@type\":\"ListItem\",\"position\":3,\"name\":\"1\u00b0 livello\"}]},{\"@type\":\"WebSite\",\"@id\":\"https:\/\/sexocorporel.com\/it\/#website\",\"url\":\"https:\/\/sexocorporel.com\/it\/\",\"name\":\"Institut Sexocorporel International\",\"description\":\"Jean-Yves Desjardins\",\"publisher\":{\"@id\":\"https:\/\/sexocorporel.com\/it\/#organization\"},\"potentialAction\":[{\"@type\":\"SearchAction\",\"target\":{\"@type\":\"EntryPoint\",\"urlTemplate\":\"https:\/\/sexocorporel.com\/it\/?s={search_term_string}\"},\"query-input\":{\"@type\":\"PropertyValueSpecification\",\"valueRequired\":true,\"valueName\":\"search_term_string\"}}],\"inLanguage\":\"it-IT\"},{\"@type\":\"Organization\",\"@id\":\"https:\/\/sexocorporel.com\/it\/#organization\",\"name\":\"Institut Sexocorporel International\",\"url\":\"https:\/\/sexocorporel.com\/it\/\",\"logo\":{\"@type\":\"ImageObject\",\"inLanguage\":\"it-IT\",\"@id\":\"https:\/\/sexocorporel.com\/it\/#\/schema\/logo\/image\/\",\"url\":\"https:\/\/sexocorporel.com\/wp-content\/uploads\/2020\/07\/cropped-629e6a99-4d9e-421b-b20e-8b428f763559-e1595527047446.jpg\",\"contentUrl\":\"https:\/\/sexocorporel.com\/wp-content\/uploads\/2020\/07\/cropped-629e6a99-4d9e-421b-b20e-8b428f763559-e1595527047446.jpg\",\"width\":895,\"height\":270,\"caption\":\"Institut Sexocorporel International\"},\"image\":{\"@id\":\"https:\/\/sexocorporel.com\/it\/#\/schema\/logo\/image\/\"}}]}<\/script>\n<!-- \/ Yoast SEO plugin. -->","yoast_head_json":{"title":"1\u00b0 livello - Institut Sexocorporel International","robots":{"index":"index","follow":"follow","max-snippet":"max-snippet:-1","max-image-preview":"max-image-preview:large","max-video-preview":"max-video-preview:-1"},"canonical":"https:\/\/sexocorporel.com\/it\/formazione\/1livello\/","og_locale":"it_IT","og_type":"article","og_title":"1\u00b0 livello - Institut Sexocorporel International","og_description":"Obiettivi generali: Conoscenza dei fondamenti teorici del modello scientifico &#8220;Sexocorporel&#8221;. Acquisizione di abilit\u00e0 che promuovono lo sviluppo della funzione di eccitazione e piacere sessuale. L&#8217;integrazione di queste capacit\u00e0 nell&#8217;esperienza erotica personale e in quella del partner. Obiettivi specifici: Conoscenze: Conoscenza e comprensione dell&#8217;interazione fisiologica e intrapsichica che si manifesta nell&#8217;esperienza sessuale umana Conoscenza e comprensione [&hellip;]","og_url":"https:\/\/sexocorporel.com\/it\/formazione\/1livello\/","og_site_name":"Institut Sexocorporel International","article_modified_time":"2020-12-13T21:50:19+00:00","twitter_card":"summary_large_image","twitter_misc":{"Tempo di lettura stimato":"2 minuti"},"schema":{"@context":"https:\/\/schema.org","@graph":[{"@type":"WebPage","@id":"https:\/\/sexocorporel.com\/it\/formazione\/1livello\/","url":"https:\/\/sexocorporel.com\/it\/formazione\/1livello\/","name":"1\u00b0 livello - Institut Sexocorporel International","isPartOf":{"@id":"https:\/\/sexocorporel.com\/it\/#website"},"datePublished":"2020-06-30T21:18:09+00:00","dateModified":"2020-12-13T21:50:19+00:00","breadcrumb":{"@id":"https:\/\/sexocorporel.com\/it\/formazione\/1livello\/#breadcrumb"},"inLanguage":"it-IT","potentialAction":[{"@type":"ReadAction","target":["https:\/\/sexocorporel.com\/it\/formazione\/1livello\/"]}]},{"@type":"BreadcrumbList","@id":"https:\/\/sexocorporel.com\/it\/formazione\/1livello\/#breadcrumb","itemListElement":[{"@type":"ListItem","position":1,"name":"Startseite","item":"https:\/\/sexocorporel.com\/it\/"},{"@type":"ListItem","position":2,"name":"Formazione","item":"https:\/\/sexocorporel.com\/it\/formazione\/"},{"@type":"ListItem","position":3,"name":"1\u00b0 livello"}]},{"@type":"WebSite","@id":"https:\/\/sexocorporel.com\/it\/#website","url":"https:\/\/sexocorporel.com\/it\/","name":"Institut Sexocorporel International","description":"Jean-Yves Desjardins","publisher":{"@id":"https:\/\/sexocorporel.com\/it\/#organization"},"potentialAction":[{"@type":"SearchAction","target":{"@type":"EntryPoint","urlTemplate":"https:\/\/sexocorporel.com\/it\/?s={search_term_string}"},"query-input":{"@type":"PropertyValueSpecification","valueRequired":true,"valueName":"search_term_string"}}],"inLanguage":"it-IT"},{"@type":"Organization","@id":"https:\/\/sexocorporel.com\/it\/#organization","name":"Institut Sexocorporel International","url":"https:\/\/sexocorporel.com\/it\/","logo":{"@type":"ImageObject","inLanguage":"it-IT","@id":"https:\/\/sexocorporel.com\/it\/#\/schema\/logo\/image\/","url":"https:\/\/sexocorporel.com\/wp-content\/uploads\/2020\/07\/cropped-629e6a99-4d9e-421b-b20e-8b428f763559-e1595527047446.jpg","contentUrl":"https:\/\/sexocorporel.com\/wp-content\/uploads\/2020\/07\/cropped-629e6a99-4d9e-421b-b20e-8b428f763559-e1595527047446.jpg","width":895,"height":270,"caption":"Institut Sexocorporel International"},"image":{"@id":"https:\/\/sexocorporel.com\/it\/#\/schema\/logo\/image\/"}}]}},"_links":{"self":[{"href":"https:\/\/sexocorporel.com\/it\/wp-json\/wp\/v2\/pages\/1360","targetHints":{"allow":["GET"]}}],"collection":[{"href":"https:\/\/sexocorporel.com\/it\/wp-json\/wp\/v2\/pages"}],"about":[{"href":"https:\/\/sexocorporel.com\/it\/wp-json\/wp\/v2\/types\/page"}],"author":[{"embeddable":true,"href":"https:\/\/sexocorporel.com\/it\/wp-json\/wp\/v2\/users\/1"}],"replies":[{"embeddable":true,"href":"https:\/\/sexocorporel.com\/it\/wp-json\/wp\/v2\/comments?post=1360"}],"version-history":[{"count":8,"href":"https:\/\/sexocorporel.com\/it\/wp-json\/wp\/v2\/pages\/1360\/revisions"}],"predecessor-version":[{"id":2368,"href":"https:\/\/sexocorporel.com\/it\/wp-json\/wp\/v2\/pages\/1360\/revisions\/2368"}],"up":[{"embeddable":true,"href":"https:\/\/sexocorporel.com\/it\/wp-json\/wp\/v2\/pages\/1337"}],"wp:attachment":[{"href":"https:\/\/sexocorporel.com\/it\/wp-json\/wp\/v2\/media?parent=1360"}],"curies":[{"name":"wp","href":"https:\/\/api.w.org\/{rel}","templated":true}]}}