{"id":1352,"date":"2020-07-01T00:25:43","date_gmt":"2020-06-30T22:25:43","guid":{"rendered":"https:\/\/sexocorporel.com\/ausbildungsinhalte\/"},"modified":"2021-02-14T21:44:52","modified_gmt":"2021-02-14T20:44:52","slug":"contenuti-della-formazione","status":"publish","type":"page","link":"https:\/\/sexocorporel.com\/it\/formazione\/contenuti-della-formazione\/","title":{"rendered":"Contenuti della formazione"},"content":{"rendered":"\n<h1 class=\"wp-block-heading\">&nbsp;<\/h1>\n\n\n\n<p>Ad ogni livello di formazione (<a href=\"https:\/\/sexocorporel.com\/it\/formazione\/1livello\/\">1\u00b0livello<\/a>, <a href=\"https:\/\/sexocorporel.com\/it\/formazione\/2livello\/\">2\u00b0livello<\/a>, <a href=\"https:\/\/sexocorporel.com\/it\/formazione\/3livello\/\">3\u00b0livello<\/a>) il contenuto teorico si basa sullo stesso programma qui sotto.<\/p>\n\n\n<div class=\"wp-block-ub-content-toggle wp-block-ub-content-toggle-block\" id=\"ub-content-toggle-block-85a7b26a-d1c1-4cb3-b8cf-99b580dd8f1c\" data-mobilecollapse=\"false\" data-desktopcollapse=\"true\" data-preventcollapse=\"false\" data-showonlyone=\"false\">\n<div class=\"no-border wp-block-ub-content-toggle-accordion\" style=\"border-color: #ffffff; \" id=\"ub-content-toggle-panel-block-\">\n\t\t\t<div class=\"wp-block-ub-content-toggle-accordion-title-wrap\" style=\"background-color: #ffffff;\" aria-controls=\"ub-content-toggle-panel-0-85a7b26a-d1c1-4cb3-b8cf-99b580dd8f1c\" tabindex=\"0\">\n\t\t\t<h4 class=\"wp-block-ub-content-toggle-accordion-title ub-content-toggle-title-85a7b26a-d1c1-4cb3-b8cf-99b580dd8f1c\" style=\"color: #e22658; \">Modulo 1: acquisizione di conoscenze e di capacit\u00e0 fisiologiche sessuali personali<\/h4>\n\t\t\t<div class=\"wp-block-ub-content-toggle-accordion-toggle-wrap right\" style=\"color: #e22658;\"><span class=\"wp-block-ub-content-toggle-accordion-state-indicator wp-block-ub-chevron-down\"><\/span><\/div>\n\t\t<\/div>\n\t\t\t<div role=\"region\" aria-expanded=\"false\" class=\"wp-block-ub-content-toggle-accordion-content-wrap ub-hide\" id=\"ub-content-toggle-panel-0-85a7b26a-d1c1-4cb3-b8cf-99b580dd8f1c\">\n\n<h4 class=\"wp-block-heading\">Teoria:<\/h4>\n\n\n\n<ul class=\"wp-block-list\"><li>Fondamenti teorici delle componenti della sessualit\u00e0 umana da una prospettiva integrativa, evolutiva e interattiva.<\/li><li>Panoramica del modello di funzionalit\u00e0 sessuale (salute sessuale).<\/li><li>Presentazione del sessocorporeo in relazione al modello di funzionalit\u00e0 sessuale.<\/li><\/ul>\n\n\n\n<h4 class=\"wp-block-heading\">Salute sessuale e base fisiologica, la funzione di eccitazione sessuale:<\/h4>\n\n\n\n<ul class=\"wp-block-list\"><li>Modalit\u00e0, fonti e caratteristiche della funzione di eccitazione sessuale maschile e femminile, processo di sessualizzazione.<\/li><\/ul>\n\n\n\n<h4 class=\"wp-block-heading\">Introduzione alle abilit\u00e0 fisiche di base e alle competenze integrate nel sessocorporeo:<\/h4>\n\n\n\n<ul class=\"wp-block-list\"><li>Competenze di base: Basato sulle leggi del corpo: ritmo, tensione muscolare, spazio, movimento, respirazione, centratura, postura, andatura.<\/li><li>Competenze integrate: Fluidit\u00e0, doppio basculamento, rilascio, scarico orgasmico.<\/li><\/ul>\n\n\n\n<h4 class=\"wp-block-heading\">Introduzione alla modellazione:<\/h4>\n\n\n\n<ul class=\"wp-block-list\"><li>Leggere il linguaggio del corpo, il corpo come specchio.<\/li><\/ul>\n\n<\/div>\n\t\t<\/div>\n\n<div class=\"no-border wp-block-ub-content-toggle-accordion\" style=\"border-color: #ffffff; \" id=\"ub-content-toggle-panel-block-\">\n\t\t\t<div class=\"wp-block-ub-content-toggle-accordion-title-wrap\" style=\"background-color: #ffffff;\" aria-controls=\"ub-content-toggle-panel-1-85a7b26a-d1c1-4cb3-b8cf-99b580dd8f1c\" tabindex=\"0\">\n\t\t\t<h4 class=\"wp-block-ub-content-toggle-accordion-title ub-content-toggle-title-85a7b26a-d1c1-4cb3-b8cf-99b580dd8f1c\" style=\"color: #e22658; \">Modulo 2: acquisizione di conoscenze e di competenze sessuali e relazionali personali<\/h4>\n\t\t\t<div class=\"wp-block-ub-content-toggle-accordion-toggle-wrap right\" style=\"color: #e22658;\"><span class=\"wp-block-ub-content-toggle-accordion-state-indicator wp-block-ub-chevron-down\"><\/span><\/div>\n\t\t<\/div>\n\t\t\t<div role=\"region\" aria-expanded=\"false\" class=\"wp-block-ub-content-toggle-accordion-content-wrap ub-hide\" id=\"ub-content-toggle-panel-1-85a7b26a-d1c1-4cb3-b8cf-99b580dd8f1c\">\n\n<h4 class=\"wp-block-heading\">Funzionalit\u00e0 sessuale e programmazione sessodinamica.<\/h4>\n\n\n\n<h4 class=\"wp-block-heading\">Introduzione alle abilit\u00e0 erotiche di base e integrate:<\/h4>\n\n\n\n<ul class=\"wp-block-list\"><li>Introduzione allo sviluppo delle abilit\u00e0 erotiche di base: Lussuria, aumento dell&#8217;eccitazione, lasciarsi andare, scarica emotiva od orgasmo.<\/li><li>Introduzione alle capacit\u00e0 erotiche integrate e alla loro integrazione nelle dinamiche sessuali (sentimento del sesso, invadenza e ricettivit\u00e0 sessuale): desiderio sessuale, fantasie erotiche, codici di attrazione sessuale, intensit\u00e0 sessuale, fiducia in se stessi, seduzione erotica, comunicazione e azioni.<\/li><\/ul>\n\n\n\n<h4 class=\"wp-block-heading\">Kognitive F\u00e4higkeiten:<\/h4>\n\n\n\n<ul class=\"wp-block-list\"><li>Introduzione alla lettura del linguaggio del corpo Sexocorporel (il corpo come specchio).<\/li><li>Comprensione e valutazione delle diverse difficolt\u00e0 sessuali biomediche, fisiologiche e sessuodinamiche nel modello scientifico sessocorporeo della funzionalit\u00e0 sessuale.<\/li><\/ul>\n\n<\/div>\n\t\t<\/div>\n\n<div class=\"no-border wp-block-ub-content-toggle-accordion\" style=\"border-color: #ffffff; \" id=\"ub-content-toggle-panel-block-\">\n\t\t\t<div class=\"wp-block-ub-content-toggle-accordion-title-wrap\" style=\"background-color: #ffffff;\" aria-controls=\"ub-content-toggle-panel-2-85a7b26a-d1c1-4cb3-b8cf-99b580dd8f1c\" tabindex=\"0\">\n\t\t\t<h4 class=\"wp-block-ub-content-toggle-accordion-title ub-content-toggle-title-85a7b26a-d1c1-4cb3-b8cf-99b580dd8f1c\" style=\"color: #e22658; \">Modulo 3: Formazione clinica parte 1<\/h4>\n\t\t\t<div class=\"wp-block-ub-content-toggle-accordion-toggle-wrap right\" style=\"color: #e22658;\"><span class=\"wp-block-ub-content-toggle-accordion-state-indicator wp-block-ub-chevron-down\"><\/span><\/div>\n\t\t<\/div>\n\t\t\t<div role=\"region\" aria-expanded=\"false\" class=\"wp-block-ub-content-toggle-accordion-content-wrap ub-hide\" id=\"ub-content-toggle-panel-2-85a7b26a-d1c1-4cb3-b8cf-99b580dd8f1c\">\n\n<ul class=\"wp-block-list\"><li>La valutazione sessuologica.<\/li><li>Leggere il linguaggio del corpo (specchio del corpo) e ci\u00f2 che ci dice sulle dinamiche sessuali della persona.<\/li><li>Valutazione della sessuodinamica.<\/li><li>Valutazione della funzione di eccitazione sessuale: forme, modalit\u00e0 di eccitazione sessuale, integrazione intrapsichica.<\/li><li>Modelli di trattamento sessuologico in: eiaculazione precoce, eiaculazione precoce, anorgasmia e anorgastia femminile, anorgasmia coitale.<\/li><li>Lettura profonda del linguaggio del corpo in sessocorporeo.<\/li><\/ul>\n\n<\/div>\n\t\t<\/div>\n\n<div class=\"no-border wp-block-ub-content-toggle-accordion\" style=\"border-color: #ffffff; \" id=\"ub-content-toggle-panel-block-\">\n\t\t\t<div class=\"wp-block-ub-content-toggle-accordion-title-wrap\" style=\"background-color: #ffffff;\" aria-controls=\"ub-content-toggle-panel-3-85a7b26a-d1c1-4cb3-b8cf-99b580dd8f1c\" tabindex=\"0\">\n\t\t\t<h4 class=\"wp-block-ub-content-toggle-accordion-title ub-content-toggle-title-85a7b26a-d1c1-4cb3-b8cf-99b580dd8f1c\" style=\"color: #e22658; \">Modulo 4: Formazione clinica parte 2<\/h4>\n\t\t\t<div class=\"wp-block-ub-content-toggle-accordion-toggle-wrap right\" style=\"color: #e22658;\"><span class=\"wp-block-ub-content-toggle-accordion-state-indicator wp-block-ub-chevron-down\"><\/span><\/div>\n\t\t<\/div>\n\t\t\t<div role=\"region\" aria-expanded=\"false\" class=\"wp-block-ub-content-toggle-accordion-content-wrap ub-hide\" id=\"ub-content-toggle-panel-3-85a7b26a-d1c1-4cb3-b8cf-99b580dd8f1c\">\n\n<ul class=\"wp-block-list\"><li>La prognosi si basa sulla valutazione e sulla pianificazione del trattamento.<\/li><li>Modelli di trattamento sessuologico nella disfunzione erettile primaria e secondaria, disturbi del desiderio sessuale e del desiderio sessuale coitale in uomini e donne, aneiaculazione, vaginismo fobico e vaginismo nei problemi d&#8217;identit\u00e0, disturbi della seduzione (capacit\u00e0 relazionali).<\/li><li>Tecniche terapeutiche in sessocorporeo, studi di casi clinici.<\/li><li>Lettura approfondita del linguaggio del corpo in sessocorporeo.<\/li><\/ul>\n\n<\/div>\n\t\t<\/div>\n\n<div class=\"no-border wp-block-ub-content-toggle-accordion\" style=\"border-color: #ffffff; \" id=\"ub-content-toggle-panel-block-\">\n\t\t\t<div class=\"wp-block-ub-content-toggle-accordion-title-wrap\" style=\"background-color: #ffffff;\" aria-controls=\"ub-content-toggle-panel-4-85a7b26a-d1c1-4cb3-b8cf-99b580dd8f1c\" tabindex=\"0\">\n\t\t\t<h4 class=\"wp-block-ub-content-toggle-accordion-title ub-content-toggle-title-85a7b26a-d1c1-4cb3-b8cf-99b580dd8f1c\" style=\"color: #e22658; \">Modulo 5: Formazione clinica Parte 3<\/h4>\n\t\t\t<div class=\"wp-block-ub-content-toggle-accordion-toggle-wrap right\" style=\"color: #e22658;\"><span class=\"wp-block-ub-content-toggle-accordion-state-indicator wp-block-ub-chevron-down\"><\/span><\/div>\n\t\t<\/div>\n\t\t\t<div role=\"region\" aria-expanded=\"false\" class=\"wp-block-ub-content-toggle-accordion-content-wrap ub-hide\" id=\"ub-content-toggle-panel-4-85a7b26a-d1c1-4cb3-b8cf-99b580dd8f1c\">\n\n<ul class=\"wp-block-list\"><li>Riformulazione teorica e sessoclinica.<\/li><li>Disturbi nel sentimento di genere: ambivalenza, ambiguit\u00e0 (uomini con feminoide, donne con componenti maschili negli stereotipi dell&#8217;abbigliamento, della gestualit\u00e0, della voce, etc.) fino all&#8217;inversione (transessualit\u00e0).<\/li><li>Problemi con codici di attrazione sessuale limitati: omosessualit\u00e0 egodystone, travestitismo, feticismo, pedofilia, esibizionismo, dominio e sottomissione, sadomasochismo, ecc.<\/li><li>Lettura pi\u00f9 approfondita del linguaggio del corpo in sessocorporeo.<\/li><\/ul>\n\n<\/div>\n\t\t<\/div>\n\n<div class=\"no-border wp-block-ub-content-toggle-accordion\" style=\"border-color: #ffffff; \" id=\"ub-content-toggle-panel-block-\">\n\t\t\t<div class=\"wp-block-ub-content-toggle-accordion-title-wrap\" style=\"background-color: #ffffff;\" aria-controls=\"ub-content-toggle-panel-5-85a7b26a-d1c1-4cb3-b8cf-99b580dd8f1c\" tabindex=\"0\">\n\t\t\t<h4 class=\"wp-block-ub-content-toggle-accordion-title ub-content-toggle-title-85a7b26a-d1c1-4cb3-b8cf-99b580dd8f1c\" style=\"color: #e22658; \">Modulo 6: Formazione clinica Parte 4<\/h4>\n\t\t\t<div class=\"wp-block-ub-content-toggle-accordion-toggle-wrap right\" style=\"color: #e22658;\"><span class=\"wp-block-ub-content-toggle-accordion-state-indicator wp-block-ub-chevron-down\"><\/span><\/div>\n\t\t<\/div>\n\t\t\t<div role=\"region\" aria-expanded=\"false\" class=\"wp-block-ub-content-toggle-accordion-content-wrap ub-hide\" id=\"ub-content-toggle-panel-5-85a7b26a-d1c1-4cb3-b8cf-99b580dd8f1c\">\n\n<ul class=\"wp-block-list\"><li>Correzione teorica e sessologica.<\/li><li>Disturbi associati alla compulsivit\u00e0 sessuale: pedofilia compulsiva, insaziabilit\u00e0 sessuale, don Giovanni, pornomania, erotomania, romanticismo.<\/li><li>Trattamenti correlati: violenza sessuale, rabbia incontrollabile, bulimia, (valutazione e protocolli di trattamento di sessocorporeo).<\/li><li>Lettura profonda del linguaggio del corpo in sessocorporeo.<\/li><li>Ripetizione di concetti, consolidamenti, domande cliniche.<\/li><\/ul>\n\n<\/div>\n\t\t<\/div>\n\n<div class=\"no-border wp-block-ub-content-toggle-accordion\" style=\"border-color: #ffffff; \" id=\"ub-content-toggle-panel-block-\">\n\t\t\t<div class=\"wp-block-ub-content-toggle-accordion-title-wrap\" style=\"background-color: #ffffff;\" aria-controls=\"ub-content-toggle-panel-6-85a7b26a-d1c1-4cb3-b8cf-99b580dd8f1c\" tabindex=\"0\">\n\t\t\t<h4 class=\"wp-block-ub-content-toggle-accordion-title ub-content-toggle-title-85a7b26a-d1c1-4cb3-b8cf-99b580dd8f1c\" style=\"color: #e22658; \">Modulo 7: Autovalutazione<\/h4>\n\t\t\t<div class=\"wp-block-ub-content-toggle-accordion-toggle-wrap right\" style=\"color: #e22658;\"><span class=\"wp-block-ub-content-toggle-accordion-state-indicator wp-block-ub-chevron-down\"><\/span><\/div>\n\t\t<\/div>\n\t\t\t<div role=\"region\" aria-expanded=\"false\" class=\"wp-block-ub-content-toggle-accordion-content-wrap ub-hide\" id=\"ub-content-toggle-panel-6-85a7b26a-d1c1-4cb3-b8cf-99b580dd8f1c\">\n\n<ul class=\"wp-block-list\"><li>Correzione teorica e sessologica.<\/li><li>Autovalutazione personale e professionale<\/li><\/ul>\n\n<\/div>\n\t\t<\/div>\n<\/div>","protected":false},"excerpt":{"rendered":"<p>&nbsp; Ad ogni livello di formazione (1\u00b0livello, 2\u00b0livello, 3\u00b0livello) il contenuto teorico si basa sullo stesso programma qui sotto.<\/p>\n","protected":false},"author":1,"featured_media":0,"parent":1337,"menu_order":76,"comment_status":"closed","ping_status":"closed","template":"","meta":{"footnotes":""},"class_list":["post-1352","page","type-page","status-publish","hentry"],"featured_image_src":null,"yoast_head":"<!-- This site is optimized with the Yoast SEO plugin v26.8 - https:\/\/yoast.com\/product\/yoast-seo-wordpress\/ -->\n<title>Contenuti della formazione - Institut Sexocorporel International<\/title>\n<meta name=\"robots\" content=\"index, follow, max-snippet:-1, max-image-preview:large, max-video-preview:-1\" \/>\n<link rel=\"canonical\" href=\"https:\/\/sexocorporel.com\/it\/formazione\/contenuti-della-formazione\/\" \/>\n<meta property=\"og:locale\" content=\"it_IT\" \/>\n<meta property=\"og:type\" content=\"article\" \/>\n<meta property=\"og:title\" content=\"Contenuti della formazione - Institut Sexocorporel International\" \/>\n<meta property=\"og:description\" content=\"&nbsp; Ad ogni livello di formazione (1\u00b0livello, 2\u00b0livello, 3\u00b0livello) il contenuto teorico si basa sullo stesso programma qui sotto.\" \/>\n<meta property=\"og:url\" content=\"https:\/\/sexocorporel.com\/it\/formazione\/contenuti-della-formazione\/\" \/>\n<meta property=\"og:site_name\" content=\"Institut Sexocorporel International\" \/>\n<meta property=\"article:modified_time\" content=\"2021-02-14T20:44:52+00:00\" \/>\n<meta name=\"twitter:card\" content=\"summary_large_image\" \/>\n<meta name=\"twitter:label1\" content=\"Tempo di lettura stimato\" \/>\n\t<meta name=\"twitter:data1\" content=\"3 minuti\" \/>\n<script type=\"application\/ld+json\" class=\"yoast-schema-graph\">{\"@context\":\"https:\/\/schema.org\",\"@graph\":[{\"@type\":\"WebPage\",\"@id\":\"https:\/\/sexocorporel.com\/it\/formazione\/contenuti-della-formazione\/\",\"url\":\"https:\/\/sexocorporel.com\/it\/formazione\/contenuti-della-formazione\/\",\"name\":\"Contenuti della formazione - Institut Sexocorporel International\",\"isPartOf\":{\"@id\":\"https:\/\/sexocorporel.com\/it\/#website\"},\"datePublished\":\"2020-06-30T22:25:43+00:00\",\"dateModified\":\"2021-02-14T20:44:52+00:00\",\"breadcrumb\":{\"@id\":\"https:\/\/sexocorporel.com\/it\/formazione\/contenuti-della-formazione\/#breadcrumb\"},\"inLanguage\":\"it-IT\",\"potentialAction\":[{\"@type\":\"ReadAction\",\"target\":[\"https:\/\/sexocorporel.com\/it\/formazione\/contenuti-della-formazione\/\"]}]},{\"@type\":\"BreadcrumbList\",\"@id\":\"https:\/\/sexocorporel.com\/it\/formazione\/contenuti-della-formazione\/#breadcrumb\",\"itemListElement\":[{\"@type\":\"ListItem\",\"position\":1,\"name\":\"Startseite\",\"item\":\"https:\/\/sexocorporel.com\/it\/\"},{\"@type\":\"ListItem\",\"position\":2,\"name\":\"Formazione\",\"item\":\"https:\/\/sexocorporel.com\/it\/formazione\/\"},{\"@type\":\"ListItem\",\"position\":3,\"name\":\"Contenuti della formazione\"}]},{\"@type\":\"WebSite\",\"@id\":\"https:\/\/sexocorporel.com\/it\/#website\",\"url\":\"https:\/\/sexocorporel.com\/it\/\",\"name\":\"Institut Sexocorporel International\",\"description\":\"Jean-Yves Desjardins\",\"publisher\":{\"@id\":\"https:\/\/sexocorporel.com\/it\/#organization\"},\"potentialAction\":[{\"@type\":\"SearchAction\",\"target\":{\"@type\":\"EntryPoint\",\"urlTemplate\":\"https:\/\/sexocorporel.com\/it\/?s={search_term_string}\"},\"query-input\":{\"@type\":\"PropertyValueSpecification\",\"valueRequired\":true,\"valueName\":\"search_term_string\"}}],\"inLanguage\":\"it-IT\"},{\"@type\":\"Organization\",\"@id\":\"https:\/\/sexocorporel.com\/it\/#organization\",\"name\":\"Institut Sexocorporel International\",\"url\":\"https:\/\/sexocorporel.com\/it\/\",\"logo\":{\"@type\":\"ImageObject\",\"inLanguage\":\"it-IT\",\"@id\":\"https:\/\/sexocorporel.com\/it\/#\/schema\/logo\/image\/\",\"url\":\"https:\/\/sexocorporel.com\/wp-content\/uploads\/2020\/07\/cropped-629e6a99-4d9e-421b-b20e-8b428f763559-e1595527047446.jpg\",\"contentUrl\":\"https:\/\/sexocorporel.com\/wp-content\/uploads\/2020\/07\/cropped-629e6a99-4d9e-421b-b20e-8b428f763559-e1595527047446.jpg\",\"width\":895,\"height\":270,\"caption\":\"Institut Sexocorporel International\"},\"image\":{\"@id\":\"https:\/\/sexocorporel.com\/it\/#\/schema\/logo\/image\/\"}}]}<\/script>\n<!-- \/ Yoast SEO plugin. -->","yoast_head_json":{"title":"Contenuti della formazione - Institut Sexocorporel International","robots":{"index":"index","follow":"follow","max-snippet":"max-snippet:-1","max-image-preview":"max-image-preview:large","max-video-preview":"max-video-preview:-1"},"canonical":"https:\/\/sexocorporel.com\/it\/formazione\/contenuti-della-formazione\/","og_locale":"it_IT","og_type":"article","og_title":"Contenuti della formazione - Institut Sexocorporel International","og_description":"&nbsp; Ad ogni livello di formazione (1\u00b0livello, 2\u00b0livello, 3\u00b0livello) il contenuto teorico si basa sullo stesso programma qui sotto.","og_url":"https:\/\/sexocorporel.com\/it\/formazione\/contenuti-della-formazione\/","og_site_name":"Institut Sexocorporel International","article_modified_time":"2021-02-14T20:44:52+00:00","twitter_card":"summary_large_image","twitter_misc":{"Tempo di lettura stimato":"3 minuti"},"schema":{"@context":"https:\/\/schema.org","@graph":[{"@type":"WebPage","@id":"https:\/\/sexocorporel.com\/it\/formazione\/contenuti-della-formazione\/","url":"https:\/\/sexocorporel.com\/it\/formazione\/contenuti-della-formazione\/","name":"Contenuti della formazione - Institut Sexocorporel International","isPartOf":{"@id":"https:\/\/sexocorporel.com\/it\/#website"},"datePublished":"2020-06-30T22:25:43+00:00","dateModified":"2021-02-14T20:44:52+00:00","breadcrumb":{"@id":"https:\/\/sexocorporel.com\/it\/formazione\/contenuti-della-formazione\/#breadcrumb"},"inLanguage":"it-IT","potentialAction":[{"@type":"ReadAction","target":["https:\/\/sexocorporel.com\/it\/formazione\/contenuti-della-formazione\/"]}]},{"@type":"BreadcrumbList","@id":"https:\/\/sexocorporel.com\/it\/formazione\/contenuti-della-formazione\/#breadcrumb","itemListElement":[{"@type":"ListItem","position":1,"name":"Startseite","item":"https:\/\/sexocorporel.com\/it\/"},{"@type":"ListItem","position":2,"name":"Formazione","item":"https:\/\/sexocorporel.com\/it\/formazione\/"},{"@type":"ListItem","position":3,"name":"Contenuti della formazione"}]},{"@type":"WebSite","@id":"https:\/\/sexocorporel.com\/it\/#website","url":"https:\/\/sexocorporel.com\/it\/","name":"Institut Sexocorporel International","description":"Jean-Yves Desjardins","publisher":{"@id":"https:\/\/sexocorporel.com\/it\/#organization"},"potentialAction":[{"@type":"SearchAction","target":{"@type":"EntryPoint","urlTemplate":"https:\/\/sexocorporel.com\/it\/?s={search_term_string}"},"query-input":{"@type":"PropertyValueSpecification","valueRequired":true,"valueName":"search_term_string"}}],"inLanguage":"it-IT"},{"@type":"Organization","@id":"https:\/\/sexocorporel.com\/it\/#organization","name":"Institut Sexocorporel International","url":"https:\/\/sexocorporel.com\/it\/","logo":{"@type":"ImageObject","inLanguage":"it-IT","@id":"https:\/\/sexocorporel.com\/it\/#\/schema\/logo\/image\/","url":"https:\/\/sexocorporel.com\/wp-content\/uploads\/2020\/07\/cropped-629e6a99-4d9e-421b-b20e-8b428f763559-e1595527047446.jpg","contentUrl":"https:\/\/sexocorporel.com\/wp-content\/uploads\/2020\/07\/cropped-629e6a99-4d9e-421b-b20e-8b428f763559-e1595527047446.jpg","width":895,"height":270,"caption":"Institut Sexocorporel International"},"image":{"@id":"https:\/\/sexocorporel.com\/it\/#\/schema\/logo\/image\/"}}]}},"_links":{"self":[{"href":"https:\/\/sexocorporel.com\/it\/wp-json\/wp\/v2\/pages\/1352","targetHints":{"allow":["GET"]}}],"collection":[{"href":"https:\/\/sexocorporel.com\/it\/wp-json\/wp\/v2\/pages"}],"about":[{"href":"https:\/\/sexocorporel.com\/it\/wp-json\/wp\/v2\/types\/page"}],"author":[{"embeddable":true,"href":"https:\/\/sexocorporel.com\/it\/wp-json\/wp\/v2\/users\/1"}],"replies":[{"embeddable":true,"href":"https:\/\/sexocorporel.com\/it\/wp-json\/wp\/v2\/comments?post=1352"}],"version-history":[{"count":6,"href":"https:\/\/sexocorporel.com\/it\/wp-json\/wp\/v2\/pages\/1352\/revisions"}],"predecessor-version":[{"id":3167,"href":"https:\/\/sexocorporel.com\/it\/wp-json\/wp\/v2\/pages\/1352\/revisions\/3167"}],"up":[{"embeddable":true,"href":"https:\/\/sexocorporel.com\/it\/wp-json\/wp\/v2\/pages\/1337"}],"wp:attachment":[{"href":"https:\/\/sexocorporel.com\/it\/wp-json\/wp\/v2\/media?parent=1352"}],"curies":[{"name":"wp","href":"https:\/\/api.w.org\/{rel}","templated":true}]}}