{"id":1337,"date":"2020-05-28T22:32:11","date_gmt":"2020-05-28T20:32:11","guid":{"rendered":"https:\/\/sexocorporel.com\/ausbildung\/"},"modified":"2020-12-13T23:00:26","modified_gmt":"2020-12-13T22:00:26","slug":"formazione","status":"publish","type":"page","link":"https:\/\/sexocorporel.com\/it\/formazione\/","title":{"rendered":"Formazione"},"content":{"rendered":"\n<figure class=\"wp-block-image alignfull size-full header-image center\"><img loading=\"lazy\" decoding=\"async\" width=\"2560\" height=\"1707\" src=\"https:\/\/sexocorporel.com\/wp-content\/uploads\/2020\/07\/nick-karvounis-2rsK_rdiDJ8-unsplash-scaled.jpg\" alt=\"\" class=\"wp-image-816\" srcset=\"https:\/\/sexocorporel.com\/wp-content\/uploads\/2020\/07\/nick-karvounis-2rsK_rdiDJ8-unsplash-scaled.jpg 2560w, https:\/\/sexocorporel.com\/wp-content\/uploads\/2020\/07\/nick-karvounis-2rsK_rdiDJ8-unsplash-300x200.jpg 300w, https:\/\/sexocorporel.com\/wp-content\/uploads\/2020\/07\/nick-karvounis-2rsK_rdiDJ8-unsplash-1024x683.jpg 1024w, https:\/\/sexocorporel.com\/wp-content\/uploads\/2020\/07\/nick-karvounis-2rsK_rdiDJ8-unsplash-768x512.jpg 768w, https:\/\/sexocorporel.com\/wp-content\/uploads\/2020\/07\/nick-karvounis-2rsK_rdiDJ8-unsplash-1536x1024.jpg 1536w, https:\/\/sexocorporel.com\/wp-content\/uploads\/2020\/07\/nick-karvounis-2rsK_rdiDJ8-unsplash-2048x1365.jpg 2048w, https:\/\/sexocorporel.com\/wp-content\/uploads\/2020\/07\/nick-karvounis-2rsK_rdiDJ8-unsplash-600x400.jpg 600w, https:\/\/sexocorporel.com\/wp-content\/uploads\/2020\/07\/nick-karvounis-2rsK_rdiDJ8-unsplash-1200x800.jpg 1200w, https:\/\/sexocorporel.com\/wp-content\/uploads\/2020\/07\/nick-karvounis-2rsK_rdiDJ8-unsplash-1980x1320.jpg 1980w\" sizes=\"auto, (max-width: 2560px) 100vw, 2560px\" \/><\/figure>\n\n\n\n<h1 class=\"wp-block-heading\">Formazione<\/h1>\n\n\n\n<p>Il Sexocorporel \u00e8 stato sviluppato presso l\u2019Universit\u00e0 del Quebec a Montreal (UQAM) dal professor Jean-Yves Desjardins negli anni \u201970. Si basa su precise osservazioni cliniche che integrano le pi\u00f9 recenti conoscenze scientifiche, osservazioni ed esperimenti con studenti con un buon funzionamento sessuale e studi sull\u2019espressione fisica in soggetti sani. Si fonda su un concetto di salute sessuale, che si basa su una visione globale e integrata delle diverse componenti della sessualit\u00e0: le componenti dell\u2019identit\u00e0, le componenti fisiologiche, intrapsichiche (sessodinamiche), cognitive e relazionali. Nel corpo umano, queste componenti sono combinate.<\/p>\n\n\n\n<p>Il Sessocorporeo \u00e8 rivolto ai terapeuti, ai professionisti in altri campi legati alla sessualit\u00e0 umana e a tutti coloro che sono interessati alla comprensione della sessualit\u00e0 umana (inclusa la genitalit\u00e0). Fornisce strumenti efficaci per la diagnosi e il trattamento, in particolare per migliorare o ripristinare la sessualit\u00e0 di pazienti e clienti con preoccupazioni corrispondenti, nonch\u00e9 strumenti didattici, ad esempio per l\u2019educazione sessuale.<\/p>\n\n\n\n<p>Questo programma di studio definisce i livelli di formazione per la professione di \u201csessuologo clinico ISI\u201d. Inoltre, sono in in corso di organizzazione programmi di studio specifici per alcune&nbsp; materie, ad esempio l\u2019educazione sessuale.<\/p>\n\n\n\n<p>Corsi di formazione in Germania e nella Svizzera tedesca sono forniti dall\u2019Istituto di Zurigo per la sessuologia clinica e la terapia sessuale (ZISS). I corsi per la Svizzera romanda sono tenuti dal CEReS (Centre d\u2019Enseignement et de Recherche en Sexocorporel). In Francia, la formazione \u00e8 impartita dal CFSF (Centre de Formation en Sexocorporel Fran\u00e7ais) o dal CIFRES (Centro internazionale per la formazione e la ricerca in sessuologia).<\/p>\n\n\n\n<h4 class=\"wp-block-heading\">Struttura della formazione<\/h4>\n\n\n\n<p>La formazione in Sexocorporel si divide in tre fasi:<\/p>\n\n\n\n<div class=\"wp-block-columns is-layout-flex wp-container-core-columns-is-layout-9d6595d7 wp-block-columns-is-layout-flex\">\n<div class=\"wp-block-column is-layout-flow wp-block-column-is-layout-flow\"> \n<div>\n<a href=https:\/\/sexocorporel.com\/1\u00b0livello\/?lang=it class=\"outline-button\">\n\t<div class=\"outline-button single red\">\n\t\t<h3 class=\"red\">1\u00b0livello<\/h3>\n\t\t<div class=\"arrow\"><\/div>\n<\/div><\/a>\n<\/div>\n\n\n\n \n<div>\n<a href=https:\/\/sexocorporel.com\/2\u00b0livello\/?lang=it class=\"outline-button\">\n\t<div class=\"outline-button single red\">\n\t\t<h3 class=\"red\">2\u00b0livello<\/h3>\n\t\t<div class=\"arrow\"><\/div>\n<\/div><\/a>\n<\/div>\n\n<\/div>\n\n\n\n<div class=\"wp-block-column is-layout-flow wp-block-column-is-layout-flow\"> \n<div>\n<a href=https:\/\/sexocorporel.com\/3\u00b0livello\/?lang=it class=\"outline-button\">\n\t<div class=\"outline-button single red\">\n\t\t<h3 class=\"red\">3\u00b0livello<\/h3>\n\t\t<div class=\"arrow\"><\/div>\n<\/div><\/a>\n<\/div>\n\n\n\n \n<div>\n<a href=https:\/\/sexocorporel.com\/contenuti-della-formazione\/?lang=it class=\"outline-button\">\n\t<div class=\"outline-button single red\">\n\t\t<h3 class=\"red\">Contenuti della formazione<\/h3>\n\t\t<div class=\"arrow\"><\/div>\n<\/div><\/a>\n<\/div>\n\n<\/div>\n<\/div>\n\n\n\n<h4 class=\"wp-block-heading\">Obiettivi della formazione<\/h4>\n\n\n\n<p>I partecipanti acquisiscono conoscenze cliniche e scientifiche di sessuologia clinica, al fine di poter estendere la loro pratica in questo campo. La formazione completa consente di esercitare la professione di sessuologo clinico ISI.<\/p>\n\n\n\n<h4 class=\"wp-block-heading\">Profilo dei partecipanti<\/h4>\n\n\n\n<h5 class=\"wp-block-heading\">Per i primi due moduli della fase 1 (sviluppo personale):<\/h5>\n\n\n\n<p>Tutte le persone appartenenti a professioni bio-psico-socio-mediche (psichiatri, medici, fisioterapisti, psicoterapeuti, psicologi, urologi, ginecologi, chirurghi, infermieri, assistenti sociali, consulenti matrimoniali) che desiderano consigliare persone o coppie con difficolt\u00e0 sessuali pu\u00f2 richiedere l\u2019ammissione.<\/p>\n\n\n\n<p>Le persone che svolgono altre professioni possono essere ammesse a determinati centri di formazione su richiesta (sviluppo personale), senza diritto alla certificazione.<\/p>\n\n\n\n<h5 class=\"wp-block-heading\">Per i moduli clinici (3-7) del livello 1:<\/h5>\n\n\n\n<p>Persone che lavorano nelle professioni bio-psico-socio-mediche che hanno seguito i primi due moduli, che desiderano approfondire le proprie conoscenze in sessuologia clinica nell\u2019ambito di una formazione riconosciuta e acquisire le conoscenze e le competenze necessarie per la pratica clinica in Sessocorporeo.<\/p>\n\n\n\n<p>Su richiesta possono essere ammesse anche persone di altre professioni, con possibili limitazioni per la successiva pratica professionale.<\/p>\n\n\n\n<h4 class=\"wp-block-heading\">Regolamento delle assenze<\/h4>\n\n\n\n<p>Prevediamo una partecipazione di almeno il 90% delle ore di formazione ad ogni livello. In caso di forza maggiore (malattia, infortunio), le ore perse possono essere recuperate in un altro corso di formazione.<\/p>\n\n\n\n<h4 class=\"wp-block-heading\">Esami<\/h4>\n\n\n\n<p>Gli esami sono generalmente sostenuti da due responsabili della formazione.<\/p>\n","protected":false},"excerpt":{"rendered":"<p>Formazione Il Sexocorporel \u00e8 stato sviluppato presso l\u2019Universit\u00e0 del Quebec a Montreal (UQAM) dal professor Jean-Yves Desjardins negli anni \u201970. Si basa su precise osservazioni cliniche che integrano le pi\u00f9 recenti conoscenze scientifiche, osservazioni ed esperimenti con studenti con un buon funzionamento sessuale e studi sull\u2019espressione fisica in soggetti sani. Si fonda su un concetto [&hellip;]<\/p>\n","protected":false},"author":1,"featured_media":0,"parent":0,"menu_order":125,"comment_status":"closed","ping_status":"closed","template":"tw-no-title.php","meta":{"footnotes":""},"class_list":["post-1337","page","type-page","status-publish","hentry"],"featured_image_src":null,"yoast_head":"<!-- This site is optimized with the Yoast SEO plugin v26.8 - https:\/\/yoast.com\/product\/yoast-seo-wordpress\/ -->\n<title>Formazione - Institut Sexocorporel International<\/title>\n<meta name=\"robots\" content=\"index, follow, max-snippet:-1, max-image-preview:large, max-video-preview:-1\" \/>\n<link rel=\"canonical\" href=\"https:\/\/sexocorporel.com\/it\/formazione\/\" \/>\n<meta property=\"og:locale\" content=\"it_IT\" \/>\n<meta property=\"og:type\" content=\"article\" \/>\n<meta property=\"og:title\" content=\"Formazione - Institut Sexocorporel International\" \/>\n<meta property=\"og:description\" content=\"Formazione Il Sexocorporel \u00e8 stato sviluppato presso l\u2019Universit\u00e0 del Quebec a Montreal (UQAM) dal professor Jean-Yves Desjardins negli anni \u201970. Si basa su precise osservazioni cliniche che integrano le pi\u00f9 recenti conoscenze scientifiche, osservazioni ed esperimenti con studenti con un buon funzionamento sessuale e studi sull\u2019espressione fisica in soggetti sani. Si fonda su un concetto [&hellip;]\" \/>\n<meta property=\"og:url\" content=\"https:\/\/sexocorporel.com\/it\/formazione\/\" \/>\n<meta property=\"og:site_name\" content=\"Institut Sexocorporel International\" \/>\n<meta property=\"article:modified_time\" content=\"2020-12-13T22:00:26+00:00\" \/>\n<meta property=\"og:image\" content=\"https:\/\/sexocorporel.com\/wp-content\/uploads\/2020\/07\/nick-karvounis-2rsK_rdiDJ8-unsplash-scaled.jpg\" \/>\n<meta name=\"twitter:card\" content=\"summary_large_image\" \/>\n<meta name=\"twitter:label1\" content=\"Tempo di lettura stimato\" \/>\n\t<meta name=\"twitter:data1\" content=\"2 minuti\" \/>\n<script type=\"application\/ld+json\" class=\"yoast-schema-graph\">{\"@context\":\"https:\/\/schema.org\",\"@graph\":[{\"@type\":\"WebPage\",\"@id\":\"https:\/\/sexocorporel.com\/it\/formazione\/\",\"url\":\"https:\/\/sexocorporel.com\/it\/formazione\/\",\"name\":\"Formazione - Institut Sexocorporel International\",\"isPartOf\":{\"@id\":\"https:\/\/sexocorporel.com\/it\/#website\"},\"primaryImageOfPage\":{\"@id\":\"https:\/\/sexocorporel.com\/it\/formazione\/#primaryimage\"},\"image\":{\"@id\":\"https:\/\/sexocorporel.com\/it\/formazione\/#primaryimage\"},\"thumbnailUrl\":\"https:\/\/sexocorporel.com\/wp-content\/uploads\/2020\/07\/nick-karvounis-2rsK_rdiDJ8-unsplash-scaled.jpg\",\"datePublished\":\"2020-05-28T20:32:11+00:00\",\"dateModified\":\"2020-12-13T22:00:26+00:00\",\"breadcrumb\":{\"@id\":\"https:\/\/sexocorporel.com\/it\/formazione\/#breadcrumb\"},\"inLanguage\":\"it-IT\",\"potentialAction\":[{\"@type\":\"ReadAction\",\"target\":[\"https:\/\/sexocorporel.com\/it\/formazione\/\"]}]},{\"@type\":\"ImageObject\",\"inLanguage\":\"it-IT\",\"@id\":\"https:\/\/sexocorporel.com\/it\/formazione\/#primaryimage\",\"url\":\"https:\/\/sexocorporel.com\/wp-content\/uploads\/2020\/07\/nick-karvounis-2rsK_rdiDJ8-unsplash-scaled.jpg\",\"contentUrl\":\"https:\/\/sexocorporel.com\/wp-content\/uploads\/2020\/07\/nick-karvounis-2rsK_rdiDJ8-unsplash-scaled.jpg\"},{\"@type\":\"BreadcrumbList\",\"@id\":\"https:\/\/sexocorporel.com\/it\/formazione\/#breadcrumb\",\"itemListElement\":[{\"@type\":\"ListItem\",\"position\":1,\"name\":\"Startseite\",\"item\":\"https:\/\/sexocorporel.com\/it\/\"},{\"@type\":\"ListItem\",\"position\":2,\"name\":\"Formazione\"}]},{\"@type\":\"WebSite\",\"@id\":\"https:\/\/sexocorporel.com\/it\/#website\",\"url\":\"https:\/\/sexocorporel.com\/it\/\",\"name\":\"Institut Sexocorporel International\",\"description\":\"Jean-Yves Desjardins\",\"publisher\":{\"@id\":\"https:\/\/sexocorporel.com\/it\/#organization\"},\"potentialAction\":[{\"@type\":\"SearchAction\",\"target\":{\"@type\":\"EntryPoint\",\"urlTemplate\":\"https:\/\/sexocorporel.com\/it\/?s={search_term_string}\"},\"query-input\":{\"@type\":\"PropertyValueSpecification\",\"valueRequired\":true,\"valueName\":\"search_term_string\"}}],\"inLanguage\":\"it-IT\"},{\"@type\":\"Organization\",\"@id\":\"https:\/\/sexocorporel.com\/it\/#organization\",\"name\":\"Institut Sexocorporel International\",\"url\":\"https:\/\/sexocorporel.com\/it\/\",\"logo\":{\"@type\":\"ImageObject\",\"inLanguage\":\"it-IT\",\"@id\":\"https:\/\/sexocorporel.com\/it\/#\/schema\/logo\/image\/\",\"url\":\"https:\/\/sexocorporel.com\/wp-content\/uploads\/2020\/07\/cropped-629e6a99-4d9e-421b-b20e-8b428f763559-e1595527047446.jpg\",\"contentUrl\":\"https:\/\/sexocorporel.com\/wp-content\/uploads\/2020\/07\/cropped-629e6a99-4d9e-421b-b20e-8b428f763559-e1595527047446.jpg\",\"width\":895,\"height\":270,\"caption\":\"Institut Sexocorporel International\"},\"image\":{\"@id\":\"https:\/\/sexocorporel.com\/it\/#\/schema\/logo\/image\/\"}}]}<\/script>\n<!-- \/ Yoast SEO plugin. -->","yoast_head_json":{"title":"Formazione - Institut Sexocorporel International","robots":{"index":"index","follow":"follow","max-snippet":"max-snippet:-1","max-image-preview":"max-image-preview:large","max-video-preview":"max-video-preview:-1"},"canonical":"https:\/\/sexocorporel.com\/it\/formazione\/","og_locale":"it_IT","og_type":"article","og_title":"Formazione - Institut Sexocorporel International","og_description":"Formazione Il Sexocorporel \u00e8 stato sviluppato presso l\u2019Universit\u00e0 del Quebec a Montreal (UQAM) dal professor Jean-Yves Desjardins negli anni \u201970. Si basa su precise osservazioni cliniche che integrano le pi\u00f9 recenti conoscenze scientifiche, osservazioni ed esperimenti con studenti con un buon funzionamento sessuale e studi sull\u2019espressione fisica in soggetti sani. Si fonda su un concetto [&hellip;]","og_url":"https:\/\/sexocorporel.com\/it\/formazione\/","og_site_name":"Institut Sexocorporel International","article_modified_time":"2020-12-13T22:00:26+00:00","og_image":[{"url":"https:\/\/sexocorporel.com\/wp-content\/uploads\/2020\/07\/nick-karvounis-2rsK_rdiDJ8-unsplash-scaled.jpg","type":"","width":"","height":""}],"twitter_card":"summary_large_image","twitter_misc":{"Tempo di lettura stimato":"2 minuti"},"schema":{"@context":"https:\/\/schema.org","@graph":[{"@type":"WebPage","@id":"https:\/\/sexocorporel.com\/it\/formazione\/","url":"https:\/\/sexocorporel.com\/it\/formazione\/","name":"Formazione - Institut Sexocorporel International","isPartOf":{"@id":"https:\/\/sexocorporel.com\/it\/#website"},"primaryImageOfPage":{"@id":"https:\/\/sexocorporel.com\/it\/formazione\/#primaryimage"},"image":{"@id":"https:\/\/sexocorporel.com\/it\/formazione\/#primaryimage"},"thumbnailUrl":"https:\/\/sexocorporel.com\/wp-content\/uploads\/2020\/07\/nick-karvounis-2rsK_rdiDJ8-unsplash-scaled.jpg","datePublished":"2020-05-28T20:32:11+00:00","dateModified":"2020-12-13T22:00:26+00:00","breadcrumb":{"@id":"https:\/\/sexocorporel.com\/it\/formazione\/#breadcrumb"},"inLanguage":"it-IT","potentialAction":[{"@type":"ReadAction","target":["https:\/\/sexocorporel.com\/it\/formazione\/"]}]},{"@type":"ImageObject","inLanguage":"it-IT","@id":"https:\/\/sexocorporel.com\/it\/formazione\/#primaryimage","url":"https:\/\/sexocorporel.com\/wp-content\/uploads\/2020\/07\/nick-karvounis-2rsK_rdiDJ8-unsplash-scaled.jpg","contentUrl":"https:\/\/sexocorporel.com\/wp-content\/uploads\/2020\/07\/nick-karvounis-2rsK_rdiDJ8-unsplash-scaled.jpg"},{"@type":"BreadcrumbList","@id":"https:\/\/sexocorporel.com\/it\/formazione\/#breadcrumb","itemListElement":[{"@type":"ListItem","position":1,"name":"Startseite","item":"https:\/\/sexocorporel.com\/it\/"},{"@type":"ListItem","position":2,"name":"Formazione"}]},{"@type":"WebSite","@id":"https:\/\/sexocorporel.com\/it\/#website","url":"https:\/\/sexocorporel.com\/it\/","name":"Institut Sexocorporel International","description":"Jean-Yves Desjardins","publisher":{"@id":"https:\/\/sexocorporel.com\/it\/#organization"},"potentialAction":[{"@type":"SearchAction","target":{"@type":"EntryPoint","urlTemplate":"https:\/\/sexocorporel.com\/it\/?s={search_term_string}"},"query-input":{"@type":"PropertyValueSpecification","valueRequired":true,"valueName":"search_term_string"}}],"inLanguage":"it-IT"},{"@type":"Organization","@id":"https:\/\/sexocorporel.com\/it\/#organization","name":"Institut Sexocorporel International","url":"https:\/\/sexocorporel.com\/it\/","logo":{"@type":"ImageObject","inLanguage":"it-IT","@id":"https:\/\/sexocorporel.com\/it\/#\/schema\/logo\/image\/","url":"https:\/\/sexocorporel.com\/wp-content\/uploads\/2020\/07\/cropped-629e6a99-4d9e-421b-b20e-8b428f763559-e1595527047446.jpg","contentUrl":"https:\/\/sexocorporel.com\/wp-content\/uploads\/2020\/07\/cropped-629e6a99-4d9e-421b-b20e-8b428f763559-e1595527047446.jpg","width":895,"height":270,"caption":"Institut Sexocorporel International"},"image":{"@id":"https:\/\/sexocorporel.com\/it\/#\/schema\/logo\/image\/"}}]}},"_links":{"self":[{"href":"https:\/\/sexocorporel.com\/it\/wp-json\/wp\/v2\/pages\/1337","targetHints":{"allow":["GET"]}}],"collection":[{"href":"https:\/\/sexocorporel.com\/it\/wp-json\/wp\/v2\/pages"}],"about":[{"href":"https:\/\/sexocorporel.com\/it\/wp-json\/wp\/v2\/types\/page"}],"author":[{"embeddable":true,"href":"https:\/\/sexocorporel.com\/it\/wp-json\/wp\/v2\/users\/1"}],"replies":[{"embeddable":true,"href":"https:\/\/sexocorporel.com\/it\/wp-json\/wp\/v2\/comments?post=1337"}],"version-history":[{"count":10,"href":"https:\/\/sexocorporel.com\/it\/wp-json\/wp\/v2\/pages\/1337\/revisions"}],"predecessor-version":[{"id":2373,"href":"https:\/\/sexocorporel.com\/it\/wp-json\/wp\/v2\/pages\/1337\/revisions\/2373"}],"wp:attachment":[{"href":"https:\/\/sexocorporel.com\/it\/wp-json\/wp\/v2\/media?parent=1337"}],"curies":[{"name":"wp","href":"https:\/\/api.w.org\/{rel}","templated":true}]}}