{"id":1000,"date":"2020-06-30T22:37:14","date_gmt":"2020-06-30T20:37:14","guid":{"rendered":"https:\/\/sexocorporel.com\/jean-yves-desjardins\/"},"modified":"2021-02-28T07:10:33","modified_gmt":"2021-02-28T06:10:33","slug":"jean-yves-desjardins","status":"publish","type":"page","link":"https:\/\/sexocorporel.com\/it\/che-cose-sessocorporeo\/jean-yves-desjardins\/","title":{"rendered":"Jean-Yves Desjardins"},"content":{"rendered":"\n<h2 class=\"wp-block-heading\">Il fondatore di Sexocorporel (1931-2011)<\/h2>\n\n\n\n<h5 class=\"wp-block-heading\">Una dettagliata biografia di Jean-Yves Desjardins, scritta da sua figlia Lise Desjardins, <a rel=\"noreferrer noopener\" href=\"https:\/\/sexocorporel.com\/wp-content\/uploads\/2020\/08\/Biographie_Jean_Yves_Desjardins-IT.pdf\" target=\"_blank\">pu\u00f2 essere trovata qui.<\/a><\/h5>\n\n\n\n<div class=\"wp-block-columns is-layout-flex wp-container-core-columns-is-layout-9d6595d7 wp-block-columns-is-layout-flex\">\n<div class=\"wp-block-column is-layout-flow wp-block-column-is-layout-flow\">\n<p>Il professor Jean-Yves Desjardins, psicologo e sessuologo clinico, da pi\u00f9 di 40 anni ha dedicato la sua vita allo studio della sessualit\u00e0 umana.\u00a0Le sue riflessioni sull&#8217;argomento sono iniziate quando era un giovane teologo.\u00a0Dopo molti anni di studio in varie discipline, ha deciso di concentrare il suo lavoro sulla sessuologia clinica.\u00a0Per Jean-Yves Desjardins, la sessuologia era una scienza in s\u00e9.\u00a0Per questo negli anni ha realizzato uno dei suoi sogni fondando il Dipartimento di Sessuologia dell&#8217;Universit\u00e0 del Quebec a Montreal (UQAM) insieme a Claude Cr\u00e9pault (<a href=\"https:\/\/sexologie.uqam.ca\/\" target=\"_blank\" rel=\"noreferrer noopener\">www.sexologie.uqam.ca<\/a>).<\/p>\n<\/div>\n\n\n\n<div class=\"wp-block-column is-layout-flow wp-block-column-is-layout-flow\">\n<figure class=\"wp-block-image size-large\"><img loading=\"lazy\" decoding=\"async\" width=\"600\" height=\"406\" src=\"https:\/\/sexocorporel.com\/wp-content\/uploads\/2021\/02\/jean-yves_desjardins.jpg\" alt=\"Jean-Yves Desjardins\" class=\"wp-image-3554\" srcset=\"https:\/\/sexocorporel.com\/wp-content\/uploads\/2021\/02\/jean-yves_desjardins.jpg 600w, https:\/\/sexocorporel.com\/wp-content\/uploads\/2021\/02\/jean-yves_desjardins-300x203.jpg 300w\" sizes=\"auto, (max-width: 600px) 100vw, 600px\" \/><figcaption>Jean-Yves Desjardins<\/figcaption><\/figure>\n<\/div>\n<\/div>\n\n\n\n<p>Come risultato delle sue osservazioni cliniche e delle sue ricerche, Jean-Yves Desjardins ha sviluppato il Sexocorporel.&nbsp;Questo modello di salute sessuale \u00e8 stato insegnato all&#8217;UQAM dal 1968 fino al pensionamento del Prof.Desjardins nel 1988.&nbsp;Ha poi continuato il suo insegnamento in Quebec e in Europa per diffonderlo ulteriormente.&nbsp;Negli anni &#8217;80, oltre al suo lavoro clinico e accademico, Jean-Yves Desjardins \u00e8 stato anche molto attivo nella creazione &nbsp;di vari sussidi didattici educativi e audiovisivi (elencati di seguito).&nbsp;Per oltre quattro anni ha condotto un programma radiofonico quotidiano.&nbsp;In questo modo ha contribuito alla diffusione della conoscenza sessuologica nella popolazione.&nbsp;Allo stesso tempo ha condotto centinaia di seminari di grande successo in Quebec con il titolo Vivre en amour ( Vivere in Amore ). Questi seminari gli hanno permesso di raggiungere centinaia di migliaia di uomini e donne che cercavano degli strumenti concreti per migliorare la propria vita sessuale ed amorosa.<\/p>\n\n\n\n<p>Negli anni il Sexocorporel si \u00e8 strutturato e affinato grazie all&#8217;aiuto di tanti collaboratori, sia in Quebec che in &nbsp;Italia e in Francia.&nbsp;Particolarmente degni di nota sono i contributi di Fran\u00e7ois de Carufel e Claude Roux-Deslandes, che lavorano da molti anni alla strutturazione e schematizzazione dei vari concetti di Sexocorporel.<\/p>\n\n\n\n<p>Ecco alcuni elementi della carriera accademica e professionale del Prof.Jean-Yves Desjardins:<\/p>\n\n\n\n<div class=\"wp-block-columns is-layout-flex wp-container-core-columns-is-layout-9d6595d7 wp-block-columns-is-layout-flex\">\n<div class=\"wp-block-column is-layout-flow wp-block-column-is-layout-flow\">\n<div class=\"wp-block-group border-blue\"><div class=\"wp-block-group__inner-container is-layout-flow wp-block-group-is-layout-flow\">\n<h5 class=\"wp-block-heading\">Titoli e titoli accademici:<\/h5>\n\n\n\n<ul class=\"wp-block-list\"><li>Dottorato in musica sacra (1959)<\/li><li>Maestro di teologia (1960)<\/li><li>Master in psicologia (1964)<\/li><li>Dottore in criminologia (1970)<\/li><\/ul>\n<\/div><\/div>\n\n\n\n<h5 class=\"wp-block-heading\">Carriera professionale e risultati:<\/h5>\n\n\n\n<ul class=\"wp-block-list\"><li>Sessuologo (1965-2010)<\/li><li>Co-fondatore del Dipartimento di Sessuologia presso l&#8217;Universit\u00e0 del Quebec a Montreal (1968)<\/li><li>Professore presso il Dipartimento di Sessuologia presso l&#8217;Universit\u00e0 del Quebec a Montreal (1968-1988)<\/li><li>Presentatore radiofonico (primi anni &#8217;80)&gt;<\/li><li>Redattore capo del settimanale &#8220;Vivre en amour&#8221; (primi anni &#8217;80)<\/li><li>Conferenze pubbliche: oltre 400 conferenze sull&#8217;amore e la sessualit\u00e0, che hanno attirato quasi 400.000 partecipanti in Canada (tra il 1980 e il 1982).<\/li><li>Animatore di laboratori &#8220;Living in love&#8221; in Canada (1988-2010) e all&#8217;estero in Belgio, Francia, Italia, Marocco e Svizzera (1990-2010).<\/li><li>Direttore della formazione Sexocorporel (1990-2010) in Belgio, Canada, Francia, Italia, Marocco e Svizzera.<\/li><\/ul>\n\n\n\n<div class=\"wp-block-group border-blue\"><div class=\"wp-block-group__inner-container is-layout-flow wp-block-group-is-layout-flow\">\n<h5 class=\"wp-block-heading\">Impegno in associazioni, sindacati e istituti:<\/h5>\n\n\n\n<ul class=\"wp-block-list\"><li>Membro dell&#8217;Association des psychologues du Qu\u00e9bec<\/li><li>Membro dell&#8217;AIHUS (Associazione Interospedaliera-Universitaria di Sessuologia).<\/li><li>Presidente fondatore del CISS (International College of Specialist Sex Therapists)<\/li><li>Presidente onorario dell&#8217;ISI (Institut Sexocorporel International Jean-Yves Desjardins)<\/li><\/ul>\n<\/div><\/div>\n<\/div>\n\n\n\n<div class=\"wp-block-column is-layout-flow wp-block-column-is-layout-flow\">\n<div class=\"wp-block-group border-none\"><div class=\"wp-block-group__inner-container is-layout-flow wp-block-group-is-layout-flow\">\n<h5 class=\"wp-block-heading\">Libri pubblicati:<\/h5>\n\n\n\n<ul class=\"wp-block-list\"><li>Il mito del peccato solitario (Desjardins &#8211; Cr\u00e9pault), 1969<\/li><li>Complementarit\u00e0 erotica (Desjardins &#8211; Cr\u00e9pault), 1978<\/li><li>Erotismo maschile (Desjardins), 1980<\/li><li>Erotismo femminile (Desjardins), 1980<\/li><li>Daily Eroticism (Desjardins), 1980<\/li><li>Corpi erotici (Desjardins &#8211; Cr\u00e9pault), 1981<\/li><li><\/li><\/ul>\n<\/div><\/div>\n\n\n\n<div class=\"wp-block-group border-red\"><div class=\"wp-block-group__inner-container is-layout-flow wp-block-group-is-layout-flow\">\n<h5 class=\"wp-block-heading\">Produzioni video e cinematografiche (in francese)<\/h5>\n\n\n\n<ul class=\"wp-block-list\"><li>Your Sex and the Other, 1969<\/li><li>Judith und Pierre, 1972<\/li><li>Linguaggio erotico: Paul e H\u00e9l\u00e8ne I, 1976<\/li><li>Linguaggio del corpo: Paul and Helena II, 1976<\/li><li>Clara et Fran\u00e7ois (erotismo nella terza et\u00e0), 1976<\/li><li>Erotismo femminile, 1976<\/li><li>Half-Body (Paraplegic), 1978<\/li><li>Amore, erotismo e gravidanza, 1978<\/li><li>Amore, erotismo e bambino, 1979<\/li><li>Erotismo maschile,1980<\/li><li>Vento del sud<\/li><li>Corpi erotici, 1981<\/li><li>Erotismo e et\u00e0 della vita, 1981<\/li><li>Controllo eiaculatorio: una storia d&#8217;amore, 1996<\/li><\/ul>\n<\/div><\/div>\n<\/div>\n<\/div>\n","protected":false},"excerpt":{"rendered":"<p>Il fondatore di Sexocorporel (1931-2011) Una dettagliata biografia di Jean-Yves Desjardins, scritta da sua figlia Lise Desjardins, pu\u00f2 essere trovata qui. Il professor Jean-Yves Desjardins, psicologo e sessuologo clinico, da pi\u00f9 di 40 anni ha dedicato la sua vita allo studio della sessualit\u00e0 umana.\u00a0Le sue riflessioni sull&#8217;argomento sono iniziate quando era un giovane teologo.\u00a0Dopo molti [&hellip;]<\/p>\n","protected":false},"author":1,"featured_media":0,"parent":987,"menu_order":95,"comment_status":"closed","ping_status":"closed","template":"","meta":{"footnotes":""},"class_list":["post-1000","page","type-page","status-publish","hentry"],"featured_image_src":null,"yoast_head":"<!-- This site is optimized with the Yoast SEO plugin v26.8 - https:\/\/yoast.com\/product\/yoast-seo-wordpress\/ -->\n<title>Jean-Yves Desjardins - Institut Sexocorporel International<\/title>\n<meta name=\"robots\" content=\"index, follow, max-snippet:-1, max-image-preview:large, max-video-preview:-1\" \/>\n<link rel=\"canonical\" href=\"https:\/\/sexocorporel.com\/it\/che-cose-sessocorporeo\/jean-yves-desjardins\/\" \/>\n<meta property=\"og:locale\" content=\"it_IT\" \/>\n<meta property=\"og:type\" content=\"article\" \/>\n<meta property=\"og:title\" content=\"Jean-Yves Desjardins - Institut Sexocorporel International\" \/>\n<meta property=\"og:description\" content=\"Il fondatore di Sexocorporel (1931-2011) Una dettagliata biografia di Jean-Yves Desjardins, scritta da sua figlia Lise Desjardins, pu\u00f2 essere trovata qui. Il professor Jean-Yves Desjardins, psicologo e sessuologo clinico, da pi\u00f9 di 40 anni ha dedicato la sua vita allo studio della sessualit\u00e0 umana.\u00a0Le sue riflessioni sull&#8217;argomento sono iniziate quando era un giovane teologo.\u00a0Dopo molti [&hellip;]\" \/>\n<meta property=\"og:url\" content=\"https:\/\/sexocorporel.com\/it\/che-cose-sessocorporeo\/jean-yves-desjardins\/\" \/>\n<meta property=\"og:site_name\" content=\"Institut Sexocorporel International\" \/>\n<meta property=\"article:modified_time\" content=\"2021-02-28T06:10:33+00:00\" \/>\n<meta property=\"og:image\" content=\"https:\/\/sexocorporel.com\/wp-content\/uploads\/2021\/02\/jean-yves_desjardins.jpg\" \/>\n<meta name=\"twitter:card\" content=\"summary_large_image\" \/>\n<meta name=\"twitter:label1\" content=\"Tempo di lettura stimato\" \/>\n\t<meta name=\"twitter:data1\" content=\"3 minuti\" \/>\n<script type=\"application\/ld+json\" class=\"yoast-schema-graph\">{\"@context\":\"https:\/\/schema.org\",\"@graph\":[{\"@type\":\"WebPage\",\"@id\":\"https:\/\/sexocorporel.com\/it\/che-cose-sessocorporeo\/jean-yves-desjardins\/\",\"url\":\"https:\/\/sexocorporel.com\/it\/che-cose-sessocorporeo\/jean-yves-desjardins\/\",\"name\":\"Jean-Yves Desjardins - Institut Sexocorporel International\",\"isPartOf\":{\"@id\":\"https:\/\/sexocorporel.com\/it\/#website\"},\"primaryImageOfPage\":{\"@id\":\"https:\/\/sexocorporel.com\/it\/che-cose-sessocorporeo\/jean-yves-desjardins\/#primaryimage\"},\"image\":{\"@id\":\"https:\/\/sexocorporel.com\/it\/che-cose-sessocorporeo\/jean-yves-desjardins\/#primaryimage\"},\"thumbnailUrl\":\"https:\/\/sexocorporel.com\/wp-content\/uploads\/2021\/02\/jean-yves_desjardins.jpg\",\"datePublished\":\"2020-06-30T20:37:14+00:00\",\"dateModified\":\"2021-02-28T06:10:33+00:00\",\"breadcrumb\":{\"@id\":\"https:\/\/sexocorporel.com\/it\/che-cose-sessocorporeo\/jean-yves-desjardins\/#breadcrumb\"},\"inLanguage\":\"it-IT\",\"potentialAction\":[{\"@type\":\"ReadAction\",\"target\":[\"https:\/\/sexocorporel.com\/it\/che-cose-sessocorporeo\/jean-yves-desjardins\/\"]}]},{\"@type\":\"ImageObject\",\"inLanguage\":\"it-IT\",\"@id\":\"https:\/\/sexocorporel.com\/it\/che-cose-sessocorporeo\/jean-yves-desjardins\/#primaryimage\",\"url\":\"https:\/\/sexocorporel.com\/wp-content\/uploads\/2021\/02\/jean-yves_desjardins.jpg\",\"contentUrl\":\"https:\/\/sexocorporel.com\/wp-content\/uploads\/2021\/02\/jean-yves_desjardins.jpg\"},{\"@type\":\"BreadcrumbList\",\"@id\":\"https:\/\/sexocorporel.com\/it\/che-cose-sessocorporeo\/jean-yves-desjardins\/#breadcrumb\",\"itemListElement\":[{\"@type\":\"ListItem\",\"position\":1,\"name\":\"Startseite\",\"item\":\"https:\/\/sexocorporel.com\/it\/\"},{\"@type\":\"ListItem\",\"position\":2,\"name\":\"Che cos&#8217;\u00e8 Sessocorporeo\",\"item\":\"https:\/\/sexocorporel.com\/it\/che-cose-sessocorporeo\/\"},{\"@type\":\"ListItem\",\"position\":3,\"name\":\"Jean-Yves Desjardins\"}]},{\"@type\":\"WebSite\",\"@id\":\"https:\/\/sexocorporel.com\/it\/#website\",\"url\":\"https:\/\/sexocorporel.com\/it\/\",\"name\":\"Institut Sexocorporel International\",\"description\":\"Jean-Yves Desjardins\",\"publisher\":{\"@id\":\"https:\/\/sexocorporel.com\/it\/#organization\"},\"potentialAction\":[{\"@type\":\"SearchAction\",\"target\":{\"@type\":\"EntryPoint\",\"urlTemplate\":\"https:\/\/sexocorporel.com\/it\/?s={search_term_string}\"},\"query-input\":{\"@type\":\"PropertyValueSpecification\",\"valueRequired\":true,\"valueName\":\"search_term_string\"}}],\"inLanguage\":\"it-IT\"},{\"@type\":\"Organization\",\"@id\":\"https:\/\/sexocorporel.com\/it\/#organization\",\"name\":\"Institut Sexocorporel International\",\"url\":\"https:\/\/sexocorporel.com\/it\/\",\"logo\":{\"@type\":\"ImageObject\",\"inLanguage\":\"it-IT\",\"@id\":\"https:\/\/sexocorporel.com\/it\/#\/schema\/logo\/image\/\",\"url\":\"https:\/\/sexocorporel.com\/wp-content\/uploads\/2020\/07\/cropped-629e6a99-4d9e-421b-b20e-8b428f763559-e1595527047446.jpg\",\"contentUrl\":\"https:\/\/sexocorporel.com\/wp-content\/uploads\/2020\/07\/cropped-629e6a99-4d9e-421b-b20e-8b428f763559-e1595527047446.jpg\",\"width\":895,\"height\":270,\"caption\":\"Institut Sexocorporel International\"},\"image\":{\"@id\":\"https:\/\/sexocorporel.com\/it\/#\/schema\/logo\/image\/\"}}]}<\/script>\n<!-- \/ Yoast SEO plugin. -->","yoast_head_json":{"title":"Jean-Yves Desjardins - Institut Sexocorporel International","robots":{"index":"index","follow":"follow","max-snippet":"max-snippet:-1","max-image-preview":"max-image-preview:large","max-video-preview":"max-video-preview:-1"},"canonical":"https:\/\/sexocorporel.com\/it\/che-cose-sessocorporeo\/jean-yves-desjardins\/","og_locale":"it_IT","og_type":"article","og_title":"Jean-Yves Desjardins - Institut Sexocorporel International","og_description":"Il fondatore di Sexocorporel (1931-2011) Una dettagliata biografia di Jean-Yves Desjardins, scritta da sua figlia Lise Desjardins, pu\u00f2 essere trovata qui. Il professor Jean-Yves Desjardins, psicologo e sessuologo clinico, da pi\u00f9 di 40 anni ha dedicato la sua vita allo studio della sessualit\u00e0 umana.\u00a0Le sue riflessioni sull&#8217;argomento sono iniziate quando era un giovane teologo.\u00a0Dopo molti [&hellip;]","og_url":"https:\/\/sexocorporel.com\/it\/che-cose-sessocorporeo\/jean-yves-desjardins\/","og_site_name":"Institut Sexocorporel International","article_modified_time":"2021-02-28T06:10:33+00:00","og_image":[{"url":"https:\/\/sexocorporel.com\/wp-content\/uploads\/2021\/02\/jean-yves_desjardins.jpg","type":"","width":"","height":""}],"twitter_card":"summary_large_image","twitter_misc":{"Tempo di lettura stimato":"3 minuti"},"schema":{"@context":"https:\/\/schema.org","@graph":[{"@type":"WebPage","@id":"https:\/\/sexocorporel.com\/it\/che-cose-sessocorporeo\/jean-yves-desjardins\/","url":"https:\/\/sexocorporel.com\/it\/che-cose-sessocorporeo\/jean-yves-desjardins\/","name":"Jean-Yves Desjardins - Institut Sexocorporel International","isPartOf":{"@id":"https:\/\/sexocorporel.com\/it\/#website"},"primaryImageOfPage":{"@id":"https:\/\/sexocorporel.com\/it\/che-cose-sessocorporeo\/jean-yves-desjardins\/#primaryimage"},"image":{"@id":"https:\/\/sexocorporel.com\/it\/che-cose-sessocorporeo\/jean-yves-desjardins\/#primaryimage"},"thumbnailUrl":"https:\/\/sexocorporel.com\/wp-content\/uploads\/2021\/02\/jean-yves_desjardins.jpg","datePublished":"2020-06-30T20:37:14+00:00","dateModified":"2021-02-28T06:10:33+00:00","breadcrumb":{"@id":"https:\/\/sexocorporel.com\/it\/che-cose-sessocorporeo\/jean-yves-desjardins\/#breadcrumb"},"inLanguage":"it-IT","potentialAction":[{"@type":"ReadAction","target":["https:\/\/sexocorporel.com\/it\/che-cose-sessocorporeo\/jean-yves-desjardins\/"]}]},{"@type":"ImageObject","inLanguage":"it-IT","@id":"https:\/\/sexocorporel.com\/it\/che-cose-sessocorporeo\/jean-yves-desjardins\/#primaryimage","url":"https:\/\/sexocorporel.com\/wp-content\/uploads\/2021\/02\/jean-yves_desjardins.jpg","contentUrl":"https:\/\/sexocorporel.com\/wp-content\/uploads\/2021\/02\/jean-yves_desjardins.jpg"},{"@type":"BreadcrumbList","@id":"https:\/\/sexocorporel.com\/it\/che-cose-sessocorporeo\/jean-yves-desjardins\/#breadcrumb","itemListElement":[{"@type":"ListItem","position":1,"name":"Startseite","item":"https:\/\/sexocorporel.com\/it\/"},{"@type":"ListItem","position":2,"name":"Che cos&#8217;\u00e8 Sessocorporeo","item":"https:\/\/sexocorporel.com\/it\/che-cose-sessocorporeo\/"},{"@type":"ListItem","position":3,"name":"Jean-Yves Desjardins"}]},{"@type":"WebSite","@id":"https:\/\/sexocorporel.com\/it\/#website","url":"https:\/\/sexocorporel.com\/it\/","name":"Institut Sexocorporel International","description":"Jean-Yves Desjardins","publisher":{"@id":"https:\/\/sexocorporel.com\/it\/#organization"},"potentialAction":[{"@type":"SearchAction","target":{"@type":"EntryPoint","urlTemplate":"https:\/\/sexocorporel.com\/it\/?s={search_term_string}"},"query-input":{"@type":"PropertyValueSpecification","valueRequired":true,"valueName":"search_term_string"}}],"inLanguage":"it-IT"},{"@type":"Organization","@id":"https:\/\/sexocorporel.com\/it\/#organization","name":"Institut Sexocorporel International","url":"https:\/\/sexocorporel.com\/it\/","logo":{"@type":"ImageObject","inLanguage":"it-IT","@id":"https:\/\/sexocorporel.com\/it\/#\/schema\/logo\/image\/","url":"https:\/\/sexocorporel.com\/wp-content\/uploads\/2020\/07\/cropped-629e6a99-4d9e-421b-b20e-8b428f763559-e1595527047446.jpg","contentUrl":"https:\/\/sexocorporel.com\/wp-content\/uploads\/2020\/07\/cropped-629e6a99-4d9e-421b-b20e-8b428f763559-e1595527047446.jpg","width":895,"height":270,"caption":"Institut Sexocorporel International"},"image":{"@id":"https:\/\/sexocorporel.com\/it\/#\/schema\/logo\/image\/"}}]}},"_links":{"self":[{"href":"https:\/\/sexocorporel.com\/it\/wp-json\/wp\/v2\/pages\/1000","targetHints":{"allow":["GET"]}}],"collection":[{"href":"https:\/\/sexocorporel.com\/it\/wp-json\/wp\/v2\/pages"}],"about":[{"href":"https:\/\/sexocorporel.com\/it\/wp-json\/wp\/v2\/types\/page"}],"author":[{"embeddable":true,"href":"https:\/\/sexocorporel.com\/it\/wp-json\/wp\/v2\/users\/1"}],"replies":[{"embeddable":true,"href":"https:\/\/sexocorporel.com\/it\/wp-json\/wp\/v2\/comments?post=1000"}],"version-history":[{"count":10,"href":"https:\/\/sexocorporel.com\/it\/wp-json\/wp\/v2\/pages\/1000\/revisions"}],"predecessor-version":[{"id":3698,"href":"https:\/\/sexocorporel.com\/it\/wp-json\/wp\/v2\/pages\/1000\/revisions\/3698"}],"up":[{"embeddable":true,"href":"https:\/\/sexocorporel.com\/it\/wp-json\/wp\/v2\/pages\/987"}],"wp:attachment":[{"href":"https:\/\/sexocorporel.com\/it\/wp-json\/wp\/v2\/media?parent=1000"}],"curies":[{"name":"wp","href":"https:\/\/api.w.org\/{rel}","templated":true}]}}