{"id":999,"date":"2020-06-30T22:37:14","date_gmt":"2020-06-30T20:37:14","guid":{"rendered":"https:\/\/sexocorporel.com\/jean-yves-desjardins\/"},"modified":"2021-02-28T07:08:18","modified_gmt":"2021-02-28T06:08:18","slug":"jean-yves-desjardins","status":"publish","type":"page","link":"https:\/\/sexocorporel.com\/fr\/quest-ce-que-le-sexocorporel\/jean-yves-desjardins\/","title":{"rendered":"Jean-Yves Desjardins"},"content":{"rendered":"\n<h2 class=\"wp-block-heading\">Le fondateur du Sexocorporel (1931-2011)<\/h2>\n\n\n\n<h5 class=\"wp-block-heading\">Une biographie d\u00e9taill\u00e9e de Jean-Yves Desjardins, \u00e9crite par sa fille Lise Desjardins, <a href=\"https:\/\/sexocorporel.com\/wp-content\/uploads\/2020\/07\/Biographie_Jean_Yves_Desjardins-FR.pdf\" target=\"_blank\" rel=\"noreferrer noopener\">peut \u00eatre trouv\u00e9e ici<\/a><\/h5>\n\n\n\n<div class=\"wp-block-columns is-layout-flex wp-container-core-columns-is-layout-9d6595d7 wp-block-columns-is-layout-flex\">\n<div class=\"wp-block-column is-layout-flow wp-block-column-is-layout-flow\">\n<p>Le professeur Jean-Yves Desjardins, psychologue et sexologue clinicien, a consacr\u00e9 sa vie pendant plus de 40 ans \u00e0 l&rsquo;\u00e9tude de la sexualit\u00e9 humaine. Ses r\u00e9flexions sur le sujet ont commenc\u00e9 alors qu&rsquo;il \u00e9tait encore un jeune th\u00e9ologien. Apr\u00e8s de nombreuses ann\u00e9es d&rsquo;\u00e9tudes dans diverses disciplines, il a d\u00e9cid\u00e9 de concentrer son travail sur la sexologie clinique. Pour Jean-Yves Desjardins, la sexologie \u00e9tait une science en soi. C&rsquo;est pourquoi, au fil des ans, il a r\u00e9alis\u00e9 un de ses r\u00eaves en fondant, avec Claude Cr\u00e9pault, le d\u00e9partement de sexologie de l&rsquo;Universit\u00e9 du Qu\u00e9bec \u00e0 Montr\u00e9al (UQAM) (<a href=\"https:\/\/sexologie.uqam.ca\/\" target=\"_blank\" rel=\"noreferrer noopener\">www.sexologie.uqam.ca<\/a>).<\/p>\n<\/div>\n\n\n\n<div class=\"wp-block-column is-layout-flow wp-block-column-is-layout-flow\">\n<figure class=\"wp-block-image size-large\"><img loading=\"lazy\" decoding=\"async\" width=\"600\" height=\"406\" src=\"https:\/\/sexocorporel.com\/wp-content\/uploads\/2021\/02\/jean-yves_desjardins.jpg\" alt=\"Jean-Yves Desjardins\" class=\"wp-image-3554\" srcset=\"https:\/\/sexocorporel.com\/wp-content\/uploads\/2021\/02\/jean-yves_desjardins.jpg 600w, https:\/\/sexocorporel.com\/wp-content\/uploads\/2021\/02\/jean-yves_desjardins-300x203.jpg 300w\" sizes=\"auto, (max-width: 600px) 100vw, 600px\" \/><figcaption>Jean-Yves Desjardins<\/figcaption><\/figure>\n<\/div>\n<\/div>\n\n\n\n<p>Gr\u00e2ce \u00e0 ses observations cliniques et \u00e0 ses recherches, Jean-Yves Desjardins a d\u00e9velopp\u00e9 le Sexocorporel. Ce mod\u00e8le de sant\u00e9 sexuelle a \u00e9t\u00e9 enseign\u00e9 \u00e0 l&rsquo;UQAM de 1968 jusqu&rsquo;\u00e0 la retraite du professeur Desjardins en 1988. Il a ensuite poursuivi son enseignement au Qu\u00e9bec et en Europe afin de le diffuser davantage. Dans les ann\u00e9es 1980, Jean-Yves Desjardins a \u00e9t\u00e9 tr\u00e8s actif dans le d\u00e9veloppement de divers outils p\u00e9dagogiques et audiovisuels (voir ci-dessous), en plus de ses activit\u00e9s cliniques et acad\u00e9miques. Pendant plus de quatre ans, il a anim\u00e9 une \u00e9mission de radio quotidienne. Il a ainsi contribu\u00e9 \u00e0 la diffusion des connaissances sexologiques dans la population. En m\u00eame temps, il a anim\u00e9 des centaines de s\u00e9minaires tr\u00e8s suivis au Qu\u00e9bec sous le titre \u00ab\u00a0Vivre en amour\u00a0\u00bb. Ces s\u00e9minaires lui ont permis de toucher des centaines de milliers d&rsquo;hommes et de femmes qui cherchaient des outils concrets pour am\u00e9liorer leur vie sexuelle et amoureuse.<\/p>\n\n\n\n<p>Au fil des ans, le Sexocorporel s&rsquo;est structur\u00e9 et affin\u00e9 gr\u00e2ce \u00e0 l&rsquo;aide de nombreux collaborateurs, tant au Qu\u00e9bec qu&rsquo;en France. Il convient de souligner les contributions de Fran\u00e7ois de Carufel et de Claude Roux-Deslandes, qui travaillent depuis de nombreuses ann\u00e9es \u00e0 la structuration et \u00e0 la sch\u00e9matisation des diff\u00e9rents concepts du Sexocorporel.<\/p>\n\n\n\n<p>Vous trouverez ci-dessous quelques \u00e9l\u00e9ments de la carri\u00e8re acad\u00e9mique et professionnelle du professeur Jean-Yves Desjardins :<\/p>\n\n\n\n<div class=\"wp-block-columns is-layout-flex wp-container-core-columns-is-layout-9d6595d7 wp-block-columns-is-layout-flex\">\n<div class=\"wp-block-column is-layout-flow wp-block-column-is-layout-flow\">\n<div class=\"wp-block-group border-blue\"><div class=\"wp-block-group__inner-container is-layout-flow wp-block-group-is-layout-flow\">\n<h5 class=\"wp-block-heading\">Dipl\u00f4mes et titres universitaires:<\/h5>\n\n\n\n<ul class=\"wp-block-list\"><li>Doctorat en musique sacr\u00e9e (1959)<\/li><li>Ma\u00eetrise en th\u00e9ologie (1960)<\/li><li>Ma\u00eetrise en psychologie (1964)<\/li><li>Docteur en criminologie (1970)<\/li><\/ul>\n<\/div><\/div>\n\n\n\n<h5 class=\"wp-block-heading\">Carri\u00e8re professionnelle et r\u00e9alisations:<\/h5>\n\n\n\n<ul class=\"wp-block-list\"><li>Sexologue (1965-2010)<\/li><li>Co-fondateur du d\u00e9partement de sexologie de l&rsquo;Universit\u00e9 du Qu\u00e9bec \u00e0 Montr\u00e9al (1968)<\/li><li>Professeur au d\u00e9partement de sexologie de l&rsquo;Universit\u00e9 du Qu\u00e9bec \u00e0 Montr\u00e9al (1968-1988)<\/li><li>Pr\u00e9sentateur de radio (d\u00e9but des ann\u00e9es 80)&gt;<\/li><li>R\u00e9dacteur en chef de l&rsquo;hebdomadaire \u00ab\u00a0Vivre en amour\u00a0\u00bb (d\u00e9but des ann\u00e9es 80)<\/li><li>Conf\u00e9rences publiques : Plus de 400 conf\u00e9rences sur l&rsquo;amour et la sexualit\u00e9, qui ont attir\u00e9 pr\u00e8s de 400 000 participants au Canada (entre 1980 et 1982).<\/li><li>Animateur des ateliers \u00ab\u00a0Vivre en amour\u00a0\u00bb au Canada (1988-2010) et \u00e0 l&rsquo;\u00e9tranger en Belgique, en France, en Italie, au Maroc et en Suisse (1990-2010).<\/li><li>Directeur de la formation Sexocorporel (1990 \u00e0 2010) en Belgique, au Canada, en France, en Italie, au Maroc et en Suisse.<\/li><\/ul>\n\n\n\n<div class=\"wp-block-group border-blue\"><div class=\"wp-block-group__inner-container is-layout-flow wp-block-group-is-layout-flow\">\n<h5 class=\"wp-block-heading\">Implication dans les associations, f\u00e9d\u00e9rations et instituts:<\/h5>\n\n\n\n<ul class=\"wp-block-list\"><li>Membre de l&rsquo;Association des psychologues du Qu\u00e9bec<\/li><li>Membre de l&rsquo;AIHUS (Association Inter-Hospitalo-Universitaire de Sexologie).<\/li><li>Pr\u00e9sident fondateur du CISS (Coll\u00e8ge International de Sexoth\u00e9rapeutes Sp\u00e9cialistes)<\/li><li>Pr\u00e9sident d&rsquo;honneur de l&rsquo;ISI (Institut Sexocorporel International Jean-Yves Desjardins)<\/li><\/ul>\n<\/div><\/div>\n<\/div>\n\n\n\n<div class=\"wp-block-column is-layout-flow wp-block-column-is-layout-flow\">\n<div class=\"wp-block-group border-none\"><div class=\"wp-block-group__inner-container is-layout-flow wp-block-group-is-layout-flow\">\n<h5 class=\"wp-block-heading\">Livres publi\u00e9s:<\/h5>\n\n\n\n<ul class=\"wp-block-list\"><li>Le mythe du p\u00e9ch\u00e9 solitaire (Desjardins &#8211; Cr\u00e9pault), 1969<\/li><li>La compl\u00e9mentarit\u00e9 \u00e9rotique (Desjardins &#8211; Cr\u00e9pault), 1978<\/li><li>L\u2019\u00e9rotisme au masculin, 1980<\/li><li>L\u2019\u00e9rotisme au f\u00e9minin, 1980<\/li><li>L\u2019\u00e9rotisme au quotidien, 1980<\/li><li>Les corps \u00e9rotiques (Desjardins &#8211; Cr\u00e9pault), 1981<\/li><\/ul>\n<\/div><\/div>\n\n\n\n<div class=\"wp-block-group border-red\"><div class=\"wp-block-group__inner-container is-layout-flow wp-block-group-is-layout-flow\">\n<h5 class=\"wp-block-heading\">Productions vid\u00e9o et cin\u00e9matographiques (en fran\u00e7ais):<\/h5>\n\n\n\n<ul class=\"wp-block-list\"><li>Ton sexe et l\u2019autre, 1969<\/li><li>Judith und Pierre, 1972<\/li><li>Le langage \u00e9rotique : Paul et H\u00e9l\u00e8ne I, 1976<\/li><li>Le langage des corps: Paul et H\u00e9l\u00e8ne II, 1976<\/li><li>Clara et Fran\u00e7ois (l\u2019\u00e9rotisme au troisi\u00e8me \u00e2ge), 1976<\/li><li>L\u2019\u00e9rotisme au f\u00e9minin, 1976<\/li><li>\u00c0 mi-corps (parapl\u00e9gique), 1978<\/li><li>Amour, \u00e9rotisme et grossesse, 1978<\/li><li>Amour, \u00e9rotisme et enfant, 1979<\/li><li>L\u2019\u00e9rotisme au masculin, 1980<\/li><li>Vent du Sud<\/li><li>Les corps \u00e9rotiques, 1981<\/li><li>L\u2019\u00e9rotisme et les \u00e2ges de la vie, 1981<\/li><li>Le contr\u00f4le \u00e9jaculatoire : une histoire d\u2019amour, 1996<\/li><\/ul>\n<\/div><\/div>\n\n\n\n<p><\/p>\n<\/div>\n<\/div>\n","protected":false},"excerpt":{"rendered":"<p>Le fondateur du Sexocorporel (1931-2011) Une biographie d\u00e9taill\u00e9e de Jean-Yves Desjardins, \u00e9crite par sa fille Lise Desjardins, peut \u00eatre trouv\u00e9e ici Le professeur Jean-Yves Desjardins, psychologue et sexologue clinicien, a consacr\u00e9 sa vie pendant plus de 40 ans \u00e0 l&rsquo;\u00e9tude de la sexualit\u00e9 humaine. Ses r\u00e9flexions sur le sujet ont commenc\u00e9 alors qu&rsquo;il \u00e9tait encore [&hellip;]<\/p>\n","protected":false},"author":1,"featured_media":0,"parent":985,"menu_order":94,"comment_status":"closed","ping_status":"closed","template":"","meta":{"footnotes":""},"class_list":["post-999","page","type-page","status-publish","hentry"],"featured_image_src":null,"yoast_head":"<!-- This site is optimized with the Yoast SEO plugin v26.8 - https:\/\/yoast.com\/product\/yoast-seo-wordpress\/ -->\n<title>Fondateur de l\u2019Approche Sexocorporelle Jean-Yves Desjardins - iSi<\/title>\n<meta name=\"description\" content=\"En savoir plus sur le professeur Dr Jean-Yves Desjardins, le fondateur de l\u2019Approche Sexocorporelle, le mod\u00e8le de r\u00e9f\u00e9rence en mati\u00e8re de sexologie et de sexoth\u00e9rapie.\" \/>\n<meta name=\"robots\" content=\"index, follow, max-snippet:-1, max-image-preview:large, max-video-preview:-1\" \/>\n<link rel=\"canonical\" href=\"https:\/\/sexocorporel.com\/fr\/quest-ce-que-le-sexocorporel\/jean-yves-desjardins\/\" \/>\n<meta property=\"og:locale\" content=\"fr_FR\" \/>\n<meta property=\"og:type\" content=\"article\" \/>\n<meta property=\"og:title\" content=\"Fondateur de l\u2019Approche Sexocorporelle Jean-Yves Desjardins - iSi\" \/>\n<meta property=\"og:description\" content=\"En savoir plus sur le professeur Dr Jean-Yves Desjardins, le fondateur de l\u2019Approche Sexocorporelle, le mod\u00e8le de r\u00e9f\u00e9rence en mati\u00e8re de sexologie et de sexoth\u00e9rapie.\" \/>\n<meta property=\"og:url\" content=\"https:\/\/sexocorporel.com\/fr\/quest-ce-que-le-sexocorporel\/jean-yves-desjardins\/\" \/>\n<meta property=\"og:site_name\" content=\"Institut Sexocorporel International\" \/>\n<meta property=\"article:modified_time\" content=\"2021-02-28T06:08:18+00:00\" \/>\n<meta property=\"og:image\" content=\"https:\/\/sexocorporel.com\/wp-content\/uploads\/2021\/02\/jean-yves_desjardins.jpg\" \/>\n<meta name=\"twitter:card\" content=\"summary_large_image\" \/>\n<meta name=\"twitter:label1\" content=\"Dur\u00e9e de lecture estim\u00e9e\" \/>\n\t<meta name=\"twitter:data1\" content=\"3 minutes\" \/>\n<script type=\"application\/ld+json\" class=\"yoast-schema-graph\">{\"@context\":\"https:\/\/schema.org\",\"@graph\":[{\"@type\":\"WebPage\",\"@id\":\"https:\/\/sexocorporel.com\/fr\/quest-ce-que-le-sexocorporel\/jean-yves-desjardins\/\",\"url\":\"https:\/\/sexocorporel.com\/fr\/quest-ce-que-le-sexocorporel\/jean-yves-desjardins\/\",\"name\":\"Fondateur de l\u2019Approche Sexocorporelle Jean-Yves Desjardins - iSi\",\"isPartOf\":{\"@id\":\"https:\/\/sexocorporel.com\/fr\/#website\"},\"primaryImageOfPage\":{\"@id\":\"https:\/\/sexocorporel.com\/fr\/quest-ce-que-le-sexocorporel\/jean-yves-desjardins\/#primaryimage\"},\"image\":{\"@id\":\"https:\/\/sexocorporel.com\/fr\/quest-ce-que-le-sexocorporel\/jean-yves-desjardins\/#primaryimage\"},\"thumbnailUrl\":\"https:\/\/sexocorporel.com\/wp-content\/uploads\/2021\/02\/jean-yves_desjardins.jpg\",\"datePublished\":\"2020-06-30T20:37:14+00:00\",\"dateModified\":\"2021-02-28T06:08:18+00:00\",\"description\":\"En savoir plus sur le professeur Dr Jean-Yves Desjardins, le fondateur de l\u2019Approche Sexocorporelle, le mod\u00e8le de r\u00e9f\u00e9rence en mati\u00e8re de sexologie et de sexoth\u00e9rapie.\",\"breadcrumb\":{\"@id\":\"https:\/\/sexocorporel.com\/fr\/quest-ce-que-le-sexocorporel\/jean-yves-desjardins\/#breadcrumb\"},\"inLanguage\":\"fr-FR\",\"potentialAction\":[{\"@type\":\"ReadAction\",\"target\":[\"https:\/\/sexocorporel.com\/fr\/quest-ce-que-le-sexocorporel\/jean-yves-desjardins\/\"]}]},{\"@type\":\"ImageObject\",\"inLanguage\":\"fr-FR\",\"@id\":\"https:\/\/sexocorporel.com\/fr\/quest-ce-que-le-sexocorporel\/jean-yves-desjardins\/#primaryimage\",\"url\":\"https:\/\/sexocorporel.com\/wp-content\/uploads\/2021\/02\/jean-yves_desjardins.jpg\",\"contentUrl\":\"https:\/\/sexocorporel.com\/wp-content\/uploads\/2021\/02\/jean-yves_desjardins.jpg\"},{\"@type\":\"BreadcrumbList\",\"@id\":\"https:\/\/sexocorporel.com\/fr\/quest-ce-que-le-sexocorporel\/jean-yves-desjardins\/#breadcrumb\",\"itemListElement\":[{\"@type\":\"ListItem\",\"position\":1,\"name\":\"Startseite\",\"item\":\"https:\/\/sexocorporel.com\/fr\/\"},{\"@type\":\"ListItem\",\"position\":2,\"name\":\"Qu&#8217;est-ce que le sexocorporel ?\",\"item\":\"https:\/\/sexocorporel.com\/fr\/quest-ce-que-le-sexocorporel\/\"},{\"@type\":\"ListItem\",\"position\":3,\"name\":\"Jean-Yves Desjardins\"}]},{\"@type\":\"WebSite\",\"@id\":\"https:\/\/sexocorporel.com\/fr\/#website\",\"url\":\"https:\/\/sexocorporel.com\/fr\/\",\"name\":\"Institut Sexocorporel International\",\"description\":\"Jean-Yves Desjardins\",\"publisher\":{\"@id\":\"https:\/\/sexocorporel.com\/fr\/#organization\"},\"potentialAction\":[{\"@type\":\"SearchAction\",\"target\":{\"@type\":\"EntryPoint\",\"urlTemplate\":\"https:\/\/sexocorporel.com\/fr\/?s={search_term_string}\"},\"query-input\":{\"@type\":\"PropertyValueSpecification\",\"valueRequired\":true,\"valueName\":\"search_term_string\"}}],\"inLanguage\":\"fr-FR\"},{\"@type\":\"Organization\",\"@id\":\"https:\/\/sexocorporel.com\/fr\/#organization\",\"name\":\"Institut Sexocorporel International\",\"url\":\"https:\/\/sexocorporel.com\/fr\/\",\"logo\":{\"@type\":\"ImageObject\",\"inLanguage\":\"fr-FR\",\"@id\":\"https:\/\/sexocorporel.com\/fr\/#\/schema\/logo\/image\/\",\"url\":\"https:\/\/sexocorporel.com\/wp-content\/uploads\/2020\/07\/cropped-629e6a99-4d9e-421b-b20e-8b428f763559-e1595527047446.jpg\",\"contentUrl\":\"https:\/\/sexocorporel.com\/wp-content\/uploads\/2020\/07\/cropped-629e6a99-4d9e-421b-b20e-8b428f763559-e1595527047446.jpg\",\"width\":895,\"height\":270,\"caption\":\"Institut Sexocorporel International\"},\"image\":{\"@id\":\"https:\/\/sexocorporel.com\/fr\/#\/schema\/logo\/image\/\"}}]}<\/script>\n<!-- \/ Yoast SEO plugin. -->","yoast_head_json":{"title":"Fondateur de l\u2019Approche Sexocorporelle Jean-Yves Desjardins - iSi","description":"En savoir plus sur le professeur Dr Jean-Yves Desjardins, le fondateur de l\u2019Approche Sexocorporelle, le mod\u00e8le de r\u00e9f\u00e9rence en mati\u00e8re de sexologie et de sexoth\u00e9rapie.","robots":{"index":"index","follow":"follow","max-snippet":"max-snippet:-1","max-image-preview":"max-image-preview:large","max-video-preview":"max-video-preview:-1"},"canonical":"https:\/\/sexocorporel.com\/fr\/quest-ce-que-le-sexocorporel\/jean-yves-desjardins\/","og_locale":"fr_FR","og_type":"article","og_title":"Fondateur de l\u2019Approche Sexocorporelle Jean-Yves Desjardins - iSi","og_description":"En savoir plus sur le professeur Dr Jean-Yves Desjardins, le fondateur de l\u2019Approche Sexocorporelle, le mod\u00e8le de r\u00e9f\u00e9rence en mati\u00e8re de sexologie et de sexoth\u00e9rapie.","og_url":"https:\/\/sexocorporel.com\/fr\/quest-ce-que-le-sexocorporel\/jean-yves-desjardins\/","og_site_name":"Institut Sexocorporel International","article_modified_time":"2021-02-28T06:08:18+00:00","og_image":[{"url":"https:\/\/sexocorporel.com\/wp-content\/uploads\/2021\/02\/jean-yves_desjardins.jpg","type":"","width":"","height":""}],"twitter_card":"summary_large_image","twitter_misc":{"Dur\u00e9e de lecture estim\u00e9e":"3 minutes"},"schema":{"@context":"https:\/\/schema.org","@graph":[{"@type":"WebPage","@id":"https:\/\/sexocorporel.com\/fr\/quest-ce-que-le-sexocorporel\/jean-yves-desjardins\/","url":"https:\/\/sexocorporel.com\/fr\/quest-ce-que-le-sexocorporel\/jean-yves-desjardins\/","name":"Fondateur de l\u2019Approche Sexocorporelle Jean-Yves Desjardins - iSi","isPartOf":{"@id":"https:\/\/sexocorporel.com\/fr\/#website"},"primaryImageOfPage":{"@id":"https:\/\/sexocorporel.com\/fr\/quest-ce-que-le-sexocorporel\/jean-yves-desjardins\/#primaryimage"},"image":{"@id":"https:\/\/sexocorporel.com\/fr\/quest-ce-que-le-sexocorporel\/jean-yves-desjardins\/#primaryimage"},"thumbnailUrl":"https:\/\/sexocorporel.com\/wp-content\/uploads\/2021\/02\/jean-yves_desjardins.jpg","datePublished":"2020-06-30T20:37:14+00:00","dateModified":"2021-02-28T06:08:18+00:00","description":"En savoir plus sur le professeur Dr Jean-Yves Desjardins, le fondateur de l\u2019Approche Sexocorporelle, le mod\u00e8le de r\u00e9f\u00e9rence en mati\u00e8re de sexologie et de sexoth\u00e9rapie.","breadcrumb":{"@id":"https:\/\/sexocorporel.com\/fr\/quest-ce-que-le-sexocorporel\/jean-yves-desjardins\/#breadcrumb"},"inLanguage":"fr-FR","potentialAction":[{"@type":"ReadAction","target":["https:\/\/sexocorporel.com\/fr\/quest-ce-que-le-sexocorporel\/jean-yves-desjardins\/"]}]},{"@type":"ImageObject","inLanguage":"fr-FR","@id":"https:\/\/sexocorporel.com\/fr\/quest-ce-que-le-sexocorporel\/jean-yves-desjardins\/#primaryimage","url":"https:\/\/sexocorporel.com\/wp-content\/uploads\/2021\/02\/jean-yves_desjardins.jpg","contentUrl":"https:\/\/sexocorporel.com\/wp-content\/uploads\/2021\/02\/jean-yves_desjardins.jpg"},{"@type":"BreadcrumbList","@id":"https:\/\/sexocorporel.com\/fr\/quest-ce-que-le-sexocorporel\/jean-yves-desjardins\/#breadcrumb","itemListElement":[{"@type":"ListItem","position":1,"name":"Startseite","item":"https:\/\/sexocorporel.com\/fr\/"},{"@type":"ListItem","position":2,"name":"Qu&#8217;est-ce que le sexocorporel ?","item":"https:\/\/sexocorporel.com\/fr\/quest-ce-que-le-sexocorporel\/"},{"@type":"ListItem","position":3,"name":"Jean-Yves Desjardins"}]},{"@type":"WebSite","@id":"https:\/\/sexocorporel.com\/fr\/#website","url":"https:\/\/sexocorporel.com\/fr\/","name":"Institut Sexocorporel International","description":"Jean-Yves Desjardins","publisher":{"@id":"https:\/\/sexocorporel.com\/fr\/#organization"},"potentialAction":[{"@type":"SearchAction","target":{"@type":"EntryPoint","urlTemplate":"https:\/\/sexocorporel.com\/fr\/?s={search_term_string}"},"query-input":{"@type":"PropertyValueSpecification","valueRequired":true,"valueName":"search_term_string"}}],"inLanguage":"fr-FR"},{"@type":"Organization","@id":"https:\/\/sexocorporel.com\/fr\/#organization","name":"Institut Sexocorporel International","url":"https:\/\/sexocorporel.com\/fr\/","logo":{"@type":"ImageObject","inLanguage":"fr-FR","@id":"https:\/\/sexocorporel.com\/fr\/#\/schema\/logo\/image\/","url":"https:\/\/sexocorporel.com\/wp-content\/uploads\/2020\/07\/cropped-629e6a99-4d9e-421b-b20e-8b428f763559-e1595527047446.jpg","contentUrl":"https:\/\/sexocorporel.com\/wp-content\/uploads\/2020\/07\/cropped-629e6a99-4d9e-421b-b20e-8b428f763559-e1595527047446.jpg","width":895,"height":270,"caption":"Institut Sexocorporel International"},"image":{"@id":"https:\/\/sexocorporel.com\/fr\/#\/schema\/logo\/image\/"}}]}},"_links":{"self":[{"href":"https:\/\/sexocorporel.com\/fr\/wp-json\/wp\/v2\/pages\/999","targetHints":{"allow":["GET"]}}],"collection":[{"href":"https:\/\/sexocorporel.com\/fr\/wp-json\/wp\/v2\/pages"}],"about":[{"href":"https:\/\/sexocorporel.com\/fr\/wp-json\/wp\/v2\/types\/page"}],"author":[{"embeddable":true,"href":"https:\/\/sexocorporel.com\/fr\/wp-json\/wp\/v2\/users\/1"}],"replies":[{"embeddable":true,"href":"https:\/\/sexocorporel.com\/fr\/wp-json\/wp\/v2\/comments?post=999"}],"version-history":[{"count":10,"href":"https:\/\/sexocorporel.com\/fr\/wp-json\/wp\/v2\/pages\/999\/revisions"}],"predecessor-version":[{"id":3696,"href":"https:\/\/sexocorporel.com\/fr\/wp-json\/wp\/v2\/pages\/999\/revisions\/3696"}],"up":[{"embeddable":true,"href":"https:\/\/sexocorporel.com\/fr\/wp-json\/wp\/v2\/pages\/985"}],"wp:attachment":[{"href":"https:\/\/sexocorporel.com\/fr\/wp-json\/wp\/v2\/media?parent=999"}],"curies":[{"name":"wp","href":"https:\/\/api.w.org\/{rel}","templated":true}]}}