{"id":3442,"date":"2021-02-08T08:15:24","date_gmt":"2021-02-08T07:15:24","guid":{"rendered":"https:\/\/sexocorporel.com\/mitgliederbereich\/"},"modified":"2026-01-31T03:46:55","modified_gmt":"2026-01-31T02:46:55","slug":"espace-membre","status":"publish","type":"page","link":"https:\/\/sexocorporel.com\/fr\/espace-membre\/","title":{"rendered":"Espace membres"},"content":{"rendered":"<p>Le contenu de cette section est accessible exclusivement aux utilisateurs enregistr\u00e9s.<br \/>\nL\u2019acc\u00e8s est r\u00e9serv\u00e9 aux membres afin de garantir un environnement professionnel, confidentiel et conforme aux standards de qualit\u00e9.<br \/>\nPour consulter le contenu, veuillez <a href=\"\/fr\/log-in\/\">vous connecter<\/a> ou <a href=\"\/fr\/enregistrer\/\">proc\u00e9der \u00e0 l\u2019inscription<\/a>.<\/p>\n","protected":false},"excerpt":{"rendered":"<p>Le contenu de cette section est accessible exclusivement aux utilisateurs enregistr\u00e9s. L\u2019acc\u00e8s est r\u00e9serv\u00e9 aux membres afin de garantir un environnement professionnel, confidentiel et conforme aux standards de qualit\u00e9. Pour consulter le contenu, veuillez vous connecter ou proc\u00e9der \u00e0 l\u2019inscription.<\/p>\n","protected":false},"author":1,"featured_media":0,"parent":0,"menu_order":6,"comment_status":"closed","ping_status":"closed","template":"","meta":{"footnotes":""},"class_list":["post-3442","page","type-page","status-publish","hentry"],"featured_image_src":null,"yoast_head":"<!-- This site is optimized with the Yoast SEO plugin v26.8 - https:\/\/yoast.com\/product\/yoast-seo-wordpress\/ -->\n<title>Espace membres - Institut Sexocorporel International<\/title>\n<meta name=\"robots\" content=\"index, follow, max-snippet:-1, max-image-preview:large, max-video-preview:-1\" \/>\n<link rel=\"canonical\" href=\"https:\/\/sexocorporel.com\/fr\/espace-membre\/\" \/>\n<meta property=\"og:locale\" content=\"fr_FR\" \/>\n<meta property=\"og:type\" content=\"article\" \/>\n<meta property=\"og:title\" content=\"Espace membres - Institut Sexocorporel International\" \/>\n<meta property=\"og:description\" content=\"Le contenu de cette section est accessible exclusivement aux utilisateurs enregistr\u00e9s. L\u2019acc\u00e8s est r\u00e9serv\u00e9 aux membres afin de garantir un environnement professionnel, confidentiel et conforme aux standards de qualit\u00e9. Pour consulter le contenu, veuillez vous connecter ou proc\u00e9der \u00e0 l\u2019inscription.\" \/>\n<meta property=\"og:url\" content=\"https:\/\/sexocorporel.com\/fr\/espace-membre\/\" \/>\n<meta property=\"og:site_name\" content=\"Institut Sexocorporel International\" \/>\n<meta property=\"article:modified_time\" content=\"2026-01-31T02:46:55+00:00\" \/>\n<meta name=\"twitter:card\" content=\"summary_large_image\" \/>\n<meta name=\"twitter:label1\" content=\"Dur\u00e9e de lecture estim\u00e9e\" \/>\n\t<meta name=\"twitter:data1\" content=\"1 minute\" \/>\n<script type=\"application\/ld+json\" class=\"yoast-schema-graph\">{\"@context\":\"https:\/\/schema.org\",\"@graph\":[{\"@type\":\"WebPage\",\"@id\":\"https:\/\/sexocorporel.com\/fr\/espace-membre\/\",\"url\":\"https:\/\/sexocorporel.com\/fr\/espace-membre\/\",\"name\":\"Espace membres - Institut Sexocorporel International\",\"isPartOf\":{\"@id\":\"https:\/\/sexocorporel.com\/fr\/#website\"},\"datePublished\":\"2021-02-08T07:15:24+00:00\",\"dateModified\":\"2026-01-31T02:46:55+00:00\",\"breadcrumb\":{\"@id\":\"https:\/\/sexocorporel.com\/fr\/espace-membre\/#breadcrumb\"},\"inLanguage\":\"fr-FR\",\"potentialAction\":[{\"@type\":\"ReadAction\",\"target\":[\"https:\/\/sexocorporel.com\/fr\/espace-membre\/\"]}]},{\"@type\":\"BreadcrumbList\",\"@id\":\"https:\/\/sexocorporel.com\/fr\/espace-membre\/#breadcrumb\",\"itemListElement\":[{\"@type\":\"ListItem\",\"position\":1,\"name\":\"Startseite\",\"item\":\"https:\/\/sexocorporel.com\/fr\/\"},{\"@type\":\"ListItem\",\"position\":2,\"name\":\"Espace membres\"}]},{\"@type\":\"WebSite\",\"@id\":\"https:\/\/sexocorporel.com\/fr\/#website\",\"url\":\"https:\/\/sexocorporel.com\/fr\/\",\"name\":\"Institut Sexocorporel International\",\"description\":\"Jean-Yves Desjardins\",\"publisher\":{\"@id\":\"https:\/\/sexocorporel.com\/fr\/#organization\"},\"potentialAction\":[{\"@type\":\"SearchAction\",\"target\":{\"@type\":\"EntryPoint\",\"urlTemplate\":\"https:\/\/sexocorporel.com\/fr\/?s={search_term_string}\"},\"query-input\":{\"@type\":\"PropertyValueSpecification\",\"valueRequired\":true,\"valueName\":\"search_term_string\"}}],\"inLanguage\":\"fr-FR\"},{\"@type\":\"Organization\",\"@id\":\"https:\/\/sexocorporel.com\/fr\/#organization\",\"name\":\"Institut Sexocorporel International\",\"url\":\"https:\/\/sexocorporel.com\/fr\/\",\"logo\":{\"@type\":\"ImageObject\",\"inLanguage\":\"fr-FR\",\"@id\":\"https:\/\/sexocorporel.com\/fr\/#\/schema\/logo\/image\/\",\"url\":\"https:\/\/sexocorporel.com\/wp-content\/uploads\/2020\/07\/cropped-629e6a99-4d9e-421b-b20e-8b428f763559-e1595527047446.jpg\",\"contentUrl\":\"https:\/\/sexocorporel.com\/wp-content\/uploads\/2020\/07\/cropped-629e6a99-4d9e-421b-b20e-8b428f763559-e1595527047446.jpg\",\"width\":895,\"height\":270,\"caption\":\"Institut Sexocorporel International\"},\"image\":{\"@id\":\"https:\/\/sexocorporel.com\/fr\/#\/schema\/logo\/image\/\"}}]}<\/script>\n<!-- \/ Yoast SEO plugin. -->","yoast_head_json":{"title":"Espace membres - Institut Sexocorporel International","robots":{"index":"index","follow":"follow","max-snippet":"max-snippet:-1","max-image-preview":"max-image-preview:large","max-video-preview":"max-video-preview:-1"},"canonical":"https:\/\/sexocorporel.com\/fr\/espace-membre\/","og_locale":"fr_FR","og_type":"article","og_title":"Espace membres - Institut Sexocorporel International","og_description":"Le contenu de cette section est accessible exclusivement aux utilisateurs enregistr\u00e9s. L\u2019acc\u00e8s est r\u00e9serv\u00e9 aux membres afin de garantir un environnement professionnel, confidentiel et conforme aux standards de qualit\u00e9. Pour consulter le contenu, veuillez vous connecter ou proc\u00e9der \u00e0 l\u2019inscription.","og_url":"https:\/\/sexocorporel.com\/fr\/espace-membre\/","og_site_name":"Institut Sexocorporel International","article_modified_time":"2026-01-31T02:46:55+00:00","twitter_card":"summary_large_image","twitter_misc":{"Dur\u00e9e de lecture estim\u00e9e":"1 minute"},"schema":{"@context":"https:\/\/schema.org","@graph":[{"@type":"WebPage","@id":"https:\/\/sexocorporel.com\/fr\/espace-membre\/","url":"https:\/\/sexocorporel.com\/fr\/espace-membre\/","name":"Espace membres - Institut Sexocorporel International","isPartOf":{"@id":"https:\/\/sexocorporel.com\/fr\/#website"},"datePublished":"2021-02-08T07:15:24+00:00","dateModified":"2026-01-31T02:46:55+00:00","breadcrumb":{"@id":"https:\/\/sexocorporel.com\/fr\/espace-membre\/#breadcrumb"},"inLanguage":"fr-FR","potentialAction":[{"@type":"ReadAction","target":["https:\/\/sexocorporel.com\/fr\/espace-membre\/"]}]},{"@type":"BreadcrumbList","@id":"https:\/\/sexocorporel.com\/fr\/espace-membre\/#breadcrumb","itemListElement":[{"@type":"ListItem","position":1,"name":"Startseite","item":"https:\/\/sexocorporel.com\/fr\/"},{"@type":"ListItem","position":2,"name":"Espace membres"}]},{"@type":"WebSite","@id":"https:\/\/sexocorporel.com\/fr\/#website","url":"https:\/\/sexocorporel.com\/fr\/","name":"Institut Sexocorporel International","description":"Jean-Yves Desjardins","publisher":{"@id":"https:\/\/sexocorporel.com\/fr\/#organization"},"potentialAction":[{"@type":"SearchAction","target":{"@type":"EntryPoint","urlTemplate":"https:\/\/sexocorporel.com\/fr\/?s={search_term_string}"},"query-input":{"@type":"PropertyValueSpecification","valueRequired":true,"valueName":"search_term_string"}}],"inLanguage":"fr-FR"},{"@type":"Organization","@id":"https:\/\/sexocorporel.com\/fr\/#organization","name":"Institut Sexocorporel International","url":"https:\/\/sexocorporel.com\/fr\/","logo":{"@type":"ImageObject","inLanguage":"fr-FR","@id":"https:\/\/sexocorporel.com\/fr\/#\/schema\/logo\/image\/","url":"https:\/\/sexocorporel.com\/wp-content\/uploads\/2020\/07\/cropped-629e6a99-4d9e-421b-b20e-8b428f763559-e1595527047446.jpg","contentUrl":"https:\/\/sexocorporel.com\/wp-content\/uploads\/2020\/07\/cropped-629e6a99-4d9e-421b-b20e-8b428f763559-e1595527047446.jpg","width":895,"height":270,"caption":"Institut Sexocorporel International"},"image":{"@id":"https:\/\/sexocorporel.com\/fr\/#\/schema\/logo\/image\/"}}]}},"_links":{"self":[{"href":"https:\/\/sexocorporel.com\/fr\/wp-json\/wp\/v2\/pages\/3442","targetHints":{"allow":["GET"]}}],"collection":[{"href":"https:\/\/sexocorporel.com\/fr\/wp-json\/wp\/v2\/pages"}],"about":[{"href":"https:\/\/sexocorporel.com\/fr\/wp-json\/wp\/v2\/types\/page"}],"author":[{"embeddable":true,"href":"https:\/\/sexocorporel.com\/fr\/wp-json\/wp\/v2\/users\/1"}],"replies":[{"embeddable":true,"href":"https:\/\/sexocorporel.com\/fr\/wp-json\/wp\/v2\/comments?post=3442"}],"version-history":[{"count":10,"href":"https:\/\/sexocorporel.com\/fr\/wp-json\/wp\/v2\/pages\/3442\/revisions"}],"predecessor-version":[{"id":7221,"href":"https:\/\/sexocorporel.com\/fr\/wp-json\/wp\/v2\/pages\/3442\/revisions\/7221"}],"wp:attachment":[{"href":"https:\/\/sexocorporel.com\/fr\/wp-json\/wp\/v2\/media?parent=3442"}],"curies":[{"name":"wp","href":"https:\/\/api.w.org\/{rel}","templated":true}]}}