{"id":1607,"date":"2020-07-05T21:54:45","date_gmt":"2020-07-05T19:54:45","guid":{"rendered":"https:\/\/sexocorporel.com\/seminar-anbieter\/"},"modified":"2021-02-14T22:39:14","modified_gmt":"2021-02-14T21:39:14","slug":"prestataires-de-seminaires","status":"publish","type":"page","link":"https:\/\/sexocorporel.com\/fr\/seminaires\/prestataires-de-seminaires\/","title":{"rendered":"Prestataires de s\u00e9minaires"},"content":{"rendered":"\n<p>Vous trouverez ci-dessous une liste d&rsquo;organismes reconnus par l&rsquo;iSi qui proposent des s\u00e9minaires \u00ab\u00a0Vivre en Amour\u00a0\u00bb. Les calendriers et les lieux de ces s\u00e9minaires peuvent \u00eatre consult\u00e9s sur les sites web de ces organisations, \u00e9num\u00e9r\u00e9s ci-dessous par pays.<\/p>\n\n\n\n<div class=\"wp-block-columns is-layout-flex wp-container-core-columns-is-layout-9d6595d7 wp-block-columns-is-layout-flex\">\n<div class=\"wp-block-column border-none is-layout-flow wp-block-column-is-layout-flow\">\n<h3 class=\"wp-block-heading\">Italie<\/h3>\n\n\n\n<p><a rel=\"noreferrer noopener\" href=\"http:\/\/www.sessocorporeo-asi.org\/\" target=\"_blank\">Associazone Sessocorporea Italiana<\/a><\/p>\n\n\n\n<p><a href=\"https:\/\/www.studiosessuologia.com\/\">Studiosessuologia<\/a><\/p>\n\n\n\n<span class='events-no-events'>Keine Veranstaltungen<\/span>\n<\/div>\n\n\n\n<div class=\"wp-block-column border-blue is-layout-flow wp-block-column-is-layout-flow\">\n<h3 class=\"blue wp-block-heading\">Suisse<\/h3>\n\n\n\n<p>Fran\u00e7ais:&nbsp;<a rel=\"noreferrer noopener\" href=\"http:\/\/www.sex-o-log.ch\/vivre-en-amour\/presentation-du-vivre-en-amour\/\" target=\"_blank\">Insitut Sexocorporel Arc Jurassien<\/a><\/p>\n\n\n\n<span class='events-no-events'>Keine Veranstaltungen<\/span>\n\n\n\n<p><br>Allemand:&nbsp;<a rel=\"noreferrer noopener\" href=\"http:\/\/www.ziss.ch\/\" target=\"_blank\">ZISS &#8211; Z\u00fcrcher Institut f\u00fcr klinische Sexologie und Sexualtherapie<\/a><br><\/p>\n\n\n\n<span class='events-no-events'>Keine Veranstaltungen<\/span>\n\n\n\n<p><\/p>\n<\/div>\n<\/div>\n\n\n\n<div class=\"wp-block-columns is-layout-flex wp-container-core-columns-is-layout-9d6595d7 wp-block-columns-is-layout-flex\">\n<div class=\"wp-block-column border-red is-layout-flow wp-block-column-is-layout-flow\">\n<h3 class=\"red wp-block-heading\">France<\/h3>\n\n\n\n<p><a rel=\"noreferrer noopener\" href=\"https:\/\/www.asexo.fr\/les-seminaires-vivres-en-amour-vea\/\" target=\"_blank\">A.Sex.O&nbsp;: Association Sexocorporel de l\u2019Ouest<\/a><\/p>\n\n\n\n<span class='events-no-events'>Keine Veranstaltungen<\/span>\n\n\n\n<p><\/p>\n<\/div>\n\n\n\n<div class=\"wp-block-column border-none is-layout-flow wp-block-column-is-layout-flow\">\n<h3 class=\"wp-block-heading\">Canada<\/h3>\n\n\n\n<p><a rel=\"noreferrer noopener\" href=\"http:\/\/sexologues.ca\/sexualite-et-relation-amoureuse\/vivre-en-amour-rester-amoureux\/\" target=\"_blank\">Centre de sant\u00e9 sexuelle<\/a><\/p>\n\n\n\n<span class='events-no-events'>Keine Veranstaltungen<\/span>\n<\/div>\n<\/div>\n\n\n\n<div class=\"wp-block-columns is-layout-flex wp-container-core-columns-is-layout-9d6595d7 wp-block-columns-is-layout-flex\">\n<div class=\"wp-block-column is-layout-flow wp-block-column-is-layout-flow\">\n<h3 class=\"wp-block-heading\">Allemagne<\/h3>\n\n\n\n<span class='events-no-events'>Keine Veranstaltungen<\/span>\n\n\n\n<p>Il n&rsquo;y a actuellement aucun s\u00e9minaire Vivre-en-amour qui se d\u00e9roule en Allemagne.<\/p>\n<\/div>\n\n\n\n<div class=\"wp-block-column is-layout-flow wp-block-column-is-layout-flow\"><\/div>\n<\/div>\n\n\n\n<p id=\"Seminar-calendar\"><\/p>\n\n\n\n<h2 class=\"wp-block-heading\">Calendrier des s\u00e9minaires<\/h2>\n\n\n\n<div class='eme-calendar-full' id='eme-calendar-165'><table class='eme-calendar-table fullcalendar'>\n<thead><tr><th class='month_name' colspan='7'><a class='prev-month eme-cal-prev-month' href='#' data-full='1' data-htmltable='1' data-htmldiv='0' data-long_events='' data-month='03' data-year='2026' data-category='1' data-author='' data-contact_person='' data-location_id='' data-notcategory='0' data-template_id='0' data-holiday_id='0' data-weekdays='' data-language='' data-calendar_divid='eme-calendar-165'>&lt;&lt;<\/a> avril 2026 <a class='next-month eme-cal-next-month' href=\"#\" data-full='1' data-htmltable='1' data-htmldiv='0' data-long_events='' data-month='05' data-year='2026' data-category='1' data-author='' data-contact_person='' data-location_id='' data-notcategory='0' data-template_id='0' data-holiday_id='0' data-weekdays='' data-language='' data-calendar_divid='eme-calendar-165'>&gt;&gt;<\/a><\/th>\n<\/tr><\/thead>\n<tr class='days-names'><td class='Mon_header'>lun<\/td><td class='Tue_header'>mar<\/td><td class='Wed_header'>mer<\/td><td class='Thu_header'>jeu<\/td><td class='Fri_header'>ven<\/td><td class='Sat_header'>sam<\/td><td class='Sun_header'>dim<\/td><\/tr>\n<tr><td class='Mon eventless-pre'><span class='span-eme-calday span-eme-calday-30'>30<\/td>\n<td class='Tue eventless-pre'><span class='span-eme-calday span-eme-calday-31'>31<\/td>\n<td class='Wed eventless'><span class='span-eme-calday span-eme-calday-1'>1<\/td>\n<td class='Thu eventless'><span class='span-eme-calday span-eme-calday-2'>2<\/td>\n<td class='Fri eventless'><span class='span-eme-calday span-eme-calday-3'>3<\/td>\n<td class='Sat eventless'><span class='span-eme-calday span-eme-calday-4'>4<\/td>\n<td class='Sun eventless'><span class='span-eme-calday span-eme-calday-5'>5<\/td>\n<\/tr>\n<tr><td class='Mon eventless'><span class='span-eme-calday span-eme-calday-6'>6<\/td>\n<td class='Tue eventless'><span class='span-eme-calday span-eme-calday-7'>7<\/td>\n<td class='Wed eventless'><span class='span-eme-calday span-eme-calday-8'>8<\/td>\n<td class='Thu eventless'><span class='span-eme-calday span-eme-calday-9'>9<\/td>\n<td class='Fri eventless'><span class='span-eme-calday span-eme-calday-10'>10<\/td>\n<td class='Sat eventless'><span class='span-eme-calday span-eme-calday-11'>11<\/td>\n<td class='Sun eventless'><span class='span-eme-calday span-eme-calday-12'>12<\/td>\n<\/tr>\n<tr><td class='Mon eventless'><span class='span-eme-calday span-eme-calday-13'>13<\/td>\n<td class='Tue eventless'><span class='span-eme-calday span-eme-calday-14'>14<\/td>\n<td class='Wed eventless'><span class='span-eme-calday span-eme-calday-15'>15<\/td>\n<td class='Thu eventless'><span class='span-eme-calday span-eme-calday-16'>16<\/td>\n<td class='Fri eventless'><span class='span-eme-calday span-eme-calday-17'>17<\/td>\n<td class='Sat eventless'><span class='span-eme-calday span-eme-calday-18'>18<\/td>\n<td class='Sun eventless'><span class='span-eme-calday span-eme-calday-19'>19<\/td>\n<\/tr>\n<tr><td class='Mon eventless'><span class='span-eme-calday span-eme-calday-20'>20<\/td>\n<td class='Tue eventless'><span class='span-eme-calday span-eme-calday-21'>21<\/td>\n<td class='Wed eventless'><span class='span-eme-calday span-eme-calday-22'>22<\/td>\n<td class='Thu eventless'><span class='span-eme-calday span-eme-calday-23'>23<\/td>\n<td class='Fri eventless-today'><span class='span-eme-calday span-eme-calday-24'>24<\/td>\n<td class='Sat eventless'><span class='span-eme-calday span-eme-calday-25'>25<\/td>\n<td class='Sun eventless'><span class='span-eme-calday span-eme-calday-26'>26<\/td>\n<\/tr>\n<tr><td class='Mon eventless'><span class='span-eme-calday span-eme-calday-27'>27<\/td>\n<td class='Tue eventless'><span class='span-eme-calday span-eme-calday-28'>28<\/td>\n<td class='Wed eventless'><span class='span-eme-calday span-eme-calday-29'>29<\/td>\n<td class='Thu eventless'><span class='span-eme-calday span-eme-calday-30'>30<\/td>\n<td class='Fri eventless-post'><span class='span-eme-calday span-eme-calday-1'>1<\/td>\n<td class='Sat eventless-post'><span class='span-eme-calday span-eme-calday-2'>2<\/td>\n<td class='Sun eventless-post'><span class='span-eme-calday span-eme-calday-3'>3<\/td>\n<\/tr>\n<\/table>\n<\/div>\n","protected":false},"excerpt":{"rendered":"<p>Vous trouverez ci-dessous une liste d&rsquo;organismes reconnus par l&rsquo;iSi qui proposent des s\u00e9minaires \u00ab\u00a0Vivre en Amour\u00a0\u00bb. Les calendriers et les lieux de ces s\u00e9minaires peuvent \u00eatre consult\u00e9s sur les sites web de ces organisations, \u00e9num\u00e9r\u00e9s ci-dessous par pays. Italie Associazone Sessocorporea Italiana Studiosessuologia Suisse Fran\u00e7ais:&nbsp;Insitut Sexocorporel Arc Jurassien Allemand:&nbsp;ZISS &#8211; Z\u00fcrcher Institut f\u00fcr klinische Sexologie [&hellip;]<\/p>\n","protected":false},"author":1,"featured_media":0,"parent":1389,"menu_order":60,"comment_status":"closed","ping_status":"closed","template":"","meta":{"footnotes":""},"class_list":["post-1607","page","type-page","status-publish","hentry"],"featured_image_src":null,"yoast_head":"<!-- This site is optimized with the Yoast SEO plugin v26.8 - https:\/\/yoast.com\/product\/yoast-seo-wordpress\/ -->\n<title>S\u00e9minaires &quot;Vivre en Amour&quot; Prestataires - iSi<\/title>\n<meta name=\"description\" content=\"Tous les prestataires des s\u00e9minaires \u00abVivre en Amour&quot; en un coup d&#039;\u0153il. Nous travaillons avec l&#039;Approche Sexocorporelle, le mod\u00e8le leader en sexologie.\" \/>\n<meta name=\"robots\" content=\"index, follow, max-snippet:-1, max-image-preview:large, max-video-preview:-1\" \/>\n<link rel=\"canonical\" href=\"https:\/\/sexocorporel.com\/fr\/seminaires\/prestataires-de-seminaires\/\" \/>\n<meta property=\"og:locale\" content=\"fr_FR\" \/>\n<meta property=\"og:type\" content=\"article\" \/>\n<meta property=\"og:title\" content=\"S\u00e9minaires &quot;Vivre en Amour&quot; Prestataires - iSi\" \/>\n<meta property=\"og:description\" content=\"Tous les prestataires des s\u00e9minaires \u00abVivre en Amour&quot; en un coup d&#039;\u0153il. Nous travaillons avec l&#039;Approche Sexocorporelle, le mod\u00e8le leader en sexologie.\" \/>\n<meta property=\"og:url\" content=\"https:\/\/sexocorporel.com\/fr\/seminaires\/prestataires-de-seminaires\/\" \/>\n<meta property=\"og:site_name\" content=\"Institut Sexocorporel International\" \/>\n<meta property=\"article:modified_time\" content=\"2021-02-14T21:39:14+00:00\" \/>\n<meta name=\"twitter:card\" content=\"summary_large_image\" \/>\n<meta name=\"twitter:label1\" content=\"Dur\u00e9e de lecture estim\u00e9e\" \/>\n\t<meta name=\"twitter:data1\" content=\"1 minute\" \/>\n<script type=\"application\/ld+json\" class=\"yoast-schema-graph\">{\"@context\":\"https:\/\/schema.org\",\"@graph\":[{\"@type\":\"WebPage\",\"@id\":\"https:\/\/sexocorporel.com\/fr\/seminaires\/prestataires-de-seminaires\/\",\"url\":\"https:\/\/sexocorporel.com\/fr\/seminaires\/prestataires-de-seminaires\/\",\"name\":\"S\u00e9minaires \\\"Vivre en Amour\\\" Prestataires - iSi\",\"isPartOf\":{\"@id\":\"https:\/\/sexocorporel.com\/fr\/#website\"},\"datePublished\":\"2020-07-05T19:54:45+00:00\",\"dateModified\":\"2021-02-14T21:39:14+00:00\",\"description\":\"Tous les prestataires des s\u00e9minaires \u00abVivre en Amour\\\" en un coup d'\u0153il. Nous travaillons avec l'Approche Sexocorporelle, le mod\u00e8le leader en sexologie.\",\"breadcrumb\":{\"@id\":\"https:\/\/sexocorporel.com\/fr\/seminaires\/prestataires-de-seminaires\/#breadcrumb\"},\"inLanguage\":\"fr-FR\",\"potentialAction\":[{\"@type\":\"ReadAction\",\"target\":[\"https:\/\/sexocorporel.com\/fr\/seminaires\/prestataires-de-seminaires\/\"]}]},{\"@type\":\"BreadcrumbList\",\"@id\":\"https:\/\/sexocorporel.com\/fr\/seminaires\/prestataires-de-seminaires\/#breadcrumb\",\"itemListElement\":[{\"@type\":\"ListItem\",\"position\":1,\"name\":\"Startseite\",\"item\":\"https:\/\/sexocorporel.com\/fr\/\"},{\"@type\":\"ListItem\",\"position\":2,\"name\":\"S\u00e9minaires Vivre en amour\",\"item\":\"https:\/\/sexocorporel.com\/fr\/seminaires\/\"},{\"@type\":\"ListItem\",\"position\":3,\"name\":\"Prestataires de s\u00e9minaires\"}]},{\"@type\":\"WebSite\",\"@id\":\"https:\/\/sexocorporel.com\/fr\/#website\",\"url\":\"https:\/\/sexocorporel.com\/fr\/\",\"name\":\"Institut Sexocorporel International\",\"description\":\"Jean-Yves Desjardins\",\"publisher\":{\"@id\":\"https:\/\/sexocorporel.com\/fr\/#organization\"},\"potentialAction\":[{\"@type\":\"SearchAction\",\"target\":{\"@type\":\"EntryPoint\",\"urlTemplate\":\"https:\/\/sexocorporel.com\/fr\/?s={search_term_string}\"},\"query-input\":{\"@type\":\"PropertyValueSpecification\",\"valueRequired\":true,\"valueName\":\"search_term_string\"}}],\"inLanguage\":\"fr-FR\"},{\"@type\":\"Organization\",\"@id\":\"https:\/\/sexocorporel.com\/fr\/#organization\",\"name\":\"Institut Sexocorporel International\",\"url\":\"https:\/\/sexocorporel.com\/fr\/\",\"logo\":{\"@type\":\"ImageObject\",\"inLanguage\":\"fr-FR\",\"@id\":\"https:\/\/sexocorporel.com\/fr\/#\/schema\/logo\/image\/\",\"url\":\"https:\/\/sexocorporel.com\/wp-content\/uploads\/2020\/07\/cropped-629e6a99-4d9e-421b-b20e-8b428f763559-e1595527047446.jpg\",\"contentUrl\":\"https:\/\/sexocorporel.com\/wp-content\/uploads\/2020\/07\/cropped-629e6a99-4d9e-421b-b20e-8b428f763559-e1595527047446.jpg\",\"width\":895,\"height\":270,\"caption\":\"Institut Sexocorporel International\"},\"image\":{\"@id\":\"https:\/\/sexocorporel.com\/fr\/#\/schema\/logo\/image\/\"}}]}<\/script>\n<!-- \/ Yoast SEO plugin. -->","yoast_head_json":{"title":"S\u00e9minaires \"Vivre en Amour\" Prestataires - iSi","description":"Tous les prestataires des s\u00e9minaires \u00abVivre en Amour\" en un coup d'\u0153il. Nous travaillons avec l'Approche Sexocorporelle, le mod\u00e8le leader en sexologie.","robots":{"index":"index","follow":"follow","max-snippet":"max-snippet:-1","max-image-preview":"max-image-preview:large","max-video-preview":"max-video-preview:-1"},"canonical":"https:\/\/sexocorporel.com\/fr\/seminaires\/prestataires-de-seminaires\/","og_locale":"fr_FR","og_type":"article","og_title":"S\u00e9minaires \"Vivre en Amour\" Prestataires - iSi","og_description":"Tous les prestataires des s\u00e9minaires \u00abVivre en Amour\" en un coup d'\u0153il. Nous travaillons avec l'Approche Sexocorporelle, le mod\u00e8le leader en sexologie.","og_url":"https:\/\/sexocorporel.com\/fr\/seminaires\/prestataires-de-seminaires\/","og_site_name":"Institut Sexocorporel International","article_modified_time":"2021-02-14T21:39:14+00:00","twitter_card":"summary_large_image","twitter_misc":{"Dur\u00e9e de lecture estim\u00e9e":"1 minute"},"schema":{"@context":"https:\/\/schema.org","@graph":[{"@type":"WebPage","@id":"https:\/\/sexocorporel.com\/fr\/seminaires\/prestataires-de-seminaires\/","url":"https:\/\/sexocorporel.com\/fr\/seminaires\/prestataires-de-seminaires\/","name":"S\u00e9minaires \"Vivre en Amour\" Prestataires - iSi","isPartOf":{"@id":"https:\/\/sexocorporel.com\/fr\/#website"},"datePublished":"2020-07-05T19:54:45+00:00","dateModified":"2021-02-14T21:39:14+00:00","description":"Tous les prestataires des s\u00e9minaires \u00abVivre en Amour\" en un coup d'\u0153il. Nous travaillons avec l'Approche Sexocorporelle, le mod\u00e8le leader en sexologie.","breadcrumb":{"@id":"https:\/\/sexocorporel.com\/fr\/seminaires\/prestataires-de-seminaires\/#breadcrumb"},"inLanguage":"fr-FR","potentialAction":[{"@type":"ReadAction","target":["https:\/\/sexocorporel.com\/fr\/seminaires\/prestataires-de-seminaires\/"]}]},{"@type":"BreadcrumbList","@id":"https:\/\/sexocorporel.com\/fr\/seminaires\/prestataires-de-seminaires\/#breadcrumb","itemListElement":[{"@type":"ListItem","position":1,"name":"Startseite","item":"https:\/\/sexocorporel.com\/fr\/"},{"@type":"ListItem","position":2,"name":"S\u00e9minaires Vivre en amour","item":"https:\/\/sexocorporel.com\/fr\/seminaires\/"},{"@type":"ListItem","position":3,"name":"Prestataires de s\u00e9minaires"}]},{"@type":"WebSite","@id":"https:\/\/sexocorporel.com\/fr\/#website","url":"https:\/\/sexocorporel.com\/fr\/","name":"Institut Sexocorporel International","description":"Jean-Yves Desjardins","publisher":{"@id":"https:\/\/sexocorporel.com\/fr\/#organization"},"potentialAction":[{"@type":"SearchAction","target":{"@type":"EntryPoint","urlTemplate":"https:\/\/sexocorporel.com\/fr\/?s={search_term_string}"},"query-input":{"@type":"PropertyValueSpecification","valueRequired":true,"valueName":"search_term_string"}}],"inLanguage":"fr-FR"},{"@type":"Organization","@id":"https:\/\/sexocorporel.com\/fr\/#organization","name":"Institut Sexocorporel International","url":"https:\/\/sexocorporel.com\/fr\/","logo":{"@type":"ImageObject","inLanguage":"fr-FR","@id":"https:\/\/sexocorporel.com\/fr\/#\/schema\/logo\/image\/","url":"https:\/\/sexocorporel.com\/wp-content\/uploads\/2020\/07\/cropped-629e6a99-4d9e-421b-b20e-8b428f763559-e1595527047446.jpg","contentUrl":"https:\/\/sexocorporel.com\/wp-content\/uploads\/2020\/07\/cropped-629e6a99-4d9e-421b-b20e-8b428f763559-e1595527047446.jpg","width":895,"height":270,"caption":"Institut Sexocorporel International"},"image":{"@id":"https:\/\/sexocorporel.com\/fr\/#\/schema\/logo\/image\/"}}]}},"_links":{"self":[{"href":"https:\/\/sexocorporel.com\/fr\/wp-json\/wp\/v2\/pages\/1607","targetHints":{"allow":["GET"]}}],"collection":[{"href":"https:\/\/sexocorporel.com\/fr\/wp-json\/wp\/v2\/pages"}],"about":[{"href":"https:\/\/sexocorporel.com\/fr\/wp-json\/wp\/v2\/types\/page"}],"author":[{"embeddable":true,"href":"https:\/\/sexocorporel.com\/fr\/wp-json\/wp\/v2\/users\/1"}],"replies":[{"embeddable":true,"href":"https:\/\/sexocorporel.com\/fr\/wp-json\/wp\/v2\/comments?post=1607"}],"version-history":[{"count":11,"href":"https:\/\/sexocorporel.com\/fr\/wp-json\/wp\/v2\/pages\/1607\/revisions"}],"predecessor-version":[{"id":3236,"href":"https:\/\/sexocorporel.com\/fr\/wp-json\/wp\/v2\/pages\/1607\/revisions\/3236"}],"up":[{"embeddable":true,"href":"https:\/\/sexocorporel.com\/fr\/wp-json\/wp\/v2\/pages\/1389"}],"wp:attachment":[{"href":"https:\/\/sexocorporel.com\/fr\/wp-json\/wp\/v2\/media?parent=1607"}],"curies":[{"name":"wp","href":"https:\/\/api.w.org\/{rel}","templated":true}]}}