{"id":1514,"date":"2020-07-05T14:34:52","date_gmt":"2020-07-05T12:34:52","guid":{"rendered":"https:\/\/sexocorporel.com\/ausbildungsinstitute\/"},"modified":"2024-12-13T10:28:45","modified_gmt":"2024-12-13T09:28:45","slug":"instituts-de-formation","status":"publish","type":"page","link":"https:\/\/sexocorporel.com\/fr\/formation\/instituts-de-formation\/","title":{"rendered":"Instituts de formation"},"content":{"rendered":"\n<h2 class=\"wp-block-heading\">Suisse<\/h2>\n\n\n\n<div class=\"wp-block-columns is-layout-flex wp-container-core-columns-is-layout-9d6595d7 wp-block-columns-is-layout-flex\">\n<div class=\"wp-block-column is-layout-flow wp-block-column-is-layout-flow\">\n<h4 class=\"wp-block-heading\">Zurich<\/h4>\n\n\n\n<p><a href=\"http:\/\/www.ziss.ch\" target=\"_blank\" rel=\"noreferrer noopener\">Z\u00fcrcher Institut f\u00fcr Klinische Sexologie &amp; Sexualltherapie<\/a><\/p>\n\n\n\n<p><a href=\"https:\/\/ziss.ch\/fuer-fachleute\/weiterbildung-sexocorporel\/sexocorporel-schweiz\/\">Vers les dates<\/a><\/p>\n\n\n\n<p><\/p>\n<\/div>\n\n\n\n<div class=\"wp-block-column is-layout-flow wp-block-column-is-layout-flow\">\n<h4 class=\"wp-block-heading\">Gen\u00e8ve<\/h4>\n\n\n\n<p><a href=\"http:\/\/www.sex-o-log.ch\" target=\"_blank\" rel=\"noreferrer noopener\">CEReS Gen\u00e8ve\u00a0: Centre d\u2019Enseignement et de Recherche en Sexocorporel Gen\u00e8ve<\/a><\/p>\n<\/div>\n\n\n\n<div class=\"wp-block-column is-layout-flow wp-block-column-is-layout-flow\"><\/div>\n<\/div>\n\n\n\n<h2 class=\"wp-block-heading\">Allemagne<\/h2>\n\n\n\n<div class=\"wp-block-columns is-layout-flex wp-container-core-columns-is-layout-9d6595d7 wp-block-columns-is-layout-flex\">\n<div class=\"wp-block-column is-layout-flow wp-block-column-is-layout-flow\">\n<h4 class=\"wp-block-heading\">Kissleg<\/h4>\n\n\n\n<p><a href=\"http:\/\/www.ziss.ch\" target=\"_blank\" rel=\"noreferrer noopener\">Z\u00fcrcher Institut f\u00fcr Klinische Sexologie &amp; Sexualtherapie<\/a><\/p>\n\n\n\n<p><a href=\"https:\/\/www.ziss.ch\/fuer-fachleute\/weiterbildung-sexocorporel\/sexocorporel-deutschland-sud\/\" target=\"_blank\" rel=\"noreferrer noopener\">Vers les dates<\/a><\/p>\n\n\n\n<p><\/p>\n<\/div>\n\n\n\n<div class=\"wp-block-column is-layout-flow wp-block-column-is-layout-flow\">\n<h4 class=\"wp-block-heading\">Berlin Lindenfels\/Hessen<\/h4>\n\n\n\n<p><a href=\"https:\/\/institut-fuer-embodiment-und-sexologie.de\/\">Institut f\u00fcr Embodiment und Sexologie<\/a><\/p>\n\n\n\n<p><a href=\"https:\/\/institut-fuer-embodiment-und-sexologie.de\/ausbildung\/#1586358199476-9dfcfc16-1de9\" target=\"_blank\" rel=\"noreferrer noopener\">Vers les dates<\/a><\/p>\n\n\n\n<p><\/p>\n<\/div>\n\n\n\n<div class=\"wp-block-column is-layout-flow wp-block-column-is-layout-flow\"><\/div>\n<\/div>\n\n\n\n<h2 class=\"wp-block-heading\">France<\/h2>\n\n\n\n<div class=\"wp-block-columns is-layout-flex wp-container-core-columns-is-layout-9d6595d7 wp-block-columns-is-layout-flex\">\n<div class=\"wp-block-column is-layout-flow wp-block-column-is-layout-flow\">\n<h4 class=\"wp-block-heading\">Paris Rennes<\/h4>\n\n\n\n<p><a rel=\"noreferrer noopener\" href=\"https:\/\/cfsf.fr\/\" target=\"_blank\">Centre de Formation Sexocorporelle Fran\u00e7ais CFSF<\/a><\/p>\n\n\n\n<p><a href=\"https:\/\/cfsf.fr\/index.php\/infos-pratiques\/\" target=\"_blank\" rel=\"noreferrer noopener\">Vers les dates<\/a><\/p>\n\n\n\n<p><\/p>\n<\/div>\n\n\n\n<div class=\"wp-block-column is-layout-flow wp-block-column-is-layout-flow\">\n<h4 class=\"wp-block-heading\">Paris Toulouse<\/h4>\n\n\n\n<p><a rel=\"noreferrer noopener\" href=\"http:\/\/www.cifres.org\/\" target=\"_blank\">CIFRES<\/a><\/p>\n\n\n\n<p><a href=\"https:\/\/www.cifres.org\/formations\/sexocorporel\/presentation-sexocorporel\/\" target=\"_blank\" rel=\"noreferrer noopener\">Vers les dates<\/a><\/p>\n\n\n\n<p><\/p>\n<\/div>\n\n\n\n<div class=\"wp-block-column is-layout-flow wp-block-column-is-layout-flow\"><\/div>\n<\/div>\n\n\n\n<h2 class=\"wp-block-heading\">Italie<\/h2>\n\n\n\n<div class=\"wp-block-columns is-layout-flex wp-container-core-columns-is-layout-9d6595d7 wp-block-columns-is-layout-flex\">\n<div class=\"wp-block-column is-layout-flow wp-block-column-is-layout-flow\">\n<p><a rel=\"noreferrer noopener\" href=\"http:\/\/www.sessocorporeo-asi.org\/\" target=\"_blank\">Associazione Sessocorporea Italiana<\/a><\/p>\n<\/div>\n\n\n\n<div class=\"wp-block-column is-layout-flow wp-block-column-is-layout-flow\"><\/div>\n\n\n\n<div class=\"wp-block-column is-layout-flow wp-block-column-is-layout-flow\"><\/div>\n<\/div>\n\n\n\n<h2 class=\"wp-block-heading\">Canada<\/h2>\n\n\n\n<div class=\"wp-block-columns is-layout-flex wp-container-core-columns-is-layout-9d6595d7 wp-block-columns-is-layout-flex\">\n<div class=\"wp-block-column is-layout-flow wp-block-column-is-layout-flow\">\n<p><a rel=\"noreferrer noopener\" href=\"http:\/\/sexologues.ca\/academie-sexocorporel-desjardins\/\" target=\"_blank\">Acad\u00e9mie du sexocorporel Desjardins Inc.<\/a><\/p>\n<\/div>\n\n\n\n<div class=\"wp-block-column is-layout-flow wp-block-column-is-layout-flow\"><\/div>\n\n\n\n<div class=\"wp-block-column is-layout-flow wp-block-column-is-layout-flow\"><\/div>\n<\/div>\n\n\n\n<p id=\"Training-calendar\"><\/p>\n","protected":false},"excerpt":{"rendered":"<p>Suisse Zurich Z\u00fcrcher Institut f\u00fcr Klinische Sexologie &amp; Sexualltherapie Vers les dates Gen\u00e8ve CEReS Gen\u00e8ve\u00a0: Centre d\u2019Enseignement et de Recherche en Sexocorporel Gen\u00e8ve Allemagne Kissleg Z\u00fcrcher Institut f\u00fcr Klinische Sexologie &amp; Sexualtherapie Vers les dates Berlin Lindenfels\/Hessen Institut f\u00fcr Embodiment und Sexologie Vers les dates France Paris Rennes Centre de Formation Sexocorporelle Fran\u00e7ais CFSF Vers [&hellip;]<\/p>\n","protected":false},"author":1,"featured_media":0,"parent":1335,"menu_order":67,"comment_status":"closed","ping_status":"closed","template":"","meta":{"footnotes":""},"class_list":["post-1514","page","type-page","status-publish","hentry"],"featured_image_src":null,"yoast_head":"<!-- This site is optimized with the Yoast SEO plugin v26.8 - https:\/\/yoast.com\/product\/yoast-seo-wordpress\/ -->\n<title>Instituts de formation Sexocorporel - Institut Sexocorporel International<\/title>\n<meta name=\"description\" content=\"Obtenez un aper\u00e7u des instituts de formation en Sexocorporel, le mod\u00e8le de r\u00e9f\u00e9rence en mati\u00e8re de sexologie et de sexoth\u00e9rapie.\" \/>\n<meta name=\"robots\" content=\"index, follow, max-snippet:-1, max-image-preview:large, max-video-preview:-1\" \/>\n<link rel=\"canonical\" href=\"https:\/\/sexocorporel.com\/fr\/formation\/instituts-de-formation\/\" \/>\n<meta property=\"og:locale\" content=\"fr_FR\" \/>\n<meta property=\"og:type\" content=\"article\" \/>\n<meta property=\"og:title\" content=\"Instituts de formation Sexocorporel - Institut Sexocorporel International\" \/>\n<meta property=\"og:description\" content=\"Obtenez un aper\u00e7u des instituts de formation en Sexocorporel, le mod\u00e8le de r\u00e9f\u00e9rence en mati\u00e8re de sexologie et de sexoth\u00e9rapie.\" \/>\n<meta property=\"og:url\" content=\"https:\/\/sexocorporel.com\/fr\/formation\/instituts-de-formation\/\" \/>\n<meta property=\"og:site_name\" content=\"Institut Sexocorporel International\" \/>\n<meta property=\"article:modified_time\" content=\"2024-12-13T09:28:45+00:00\" \/>\n<meta name=\"twitter:card\" content=\"summary_large_image\" \/>\n<meta name=\"twitter:label1\" content=\"Dur\u00e9e de lecture estim\u00e9e\" \/>\n\t<meta name=\"twitter:data1\" content=\"1 minute\" \/>\n<script type=\"application\/ld+json\" class=\"yoast-schema-graph\">{\"@context\":\"https:\/\/schema.org\",\"@graph\":[{\"@type\":\"WebPage\",\"@id\":\"https:\/\/sexocorporel.com\/fr\/formation\/instituts-de-formation\/\",\"url\":\"https:\/\/sexocorporel.com\/fr\/formation\/instituts-de-formation\/\",\"name\":\"Instituts de formation Sexocorporel - Institut Sexocorporel International\",\"isPartOf\":{\"@id\":\"https:\/\/sexocorporel.com\/fr\/#website\"},\"datePublished\":\"2020-07-05T12:34:52+00:00\",\"dateModified\":\"2024-12-13T09:28:45+00:00\",\"description\":\"Obtenez un aper\u00e7u des instituts de formation en Sexocorporel, le mod\u00e8le de r\u00e9f\u00e9rence en mati\u00e8re de sexologie et de sexoth\u00e9rapie.\",\"breadcrumb\":{\"@id\":\"https:\/\/sexocorporel.com\/fr\/formation\/instituts-de-formation\/#breadcrumb\"},\"inLanguage\":\"fr-FR\",\"potentialAction\":[{\"@type\":\"ReadAction\",\"target\":[\"https:\/\/sexocorporel.com\/fr\/formation\/instituts-de-formation\/\"]}]},{\"@type\":\"BreadcrumbList\",\"@id\":\"https:\/\/sexocorporel.com\/fr\/formation\/instituts-de-formation\/#breadcrumb\",\"itemListElement\":[{\"@type\":\"ListItem\",\"position\":1,\"name\":\"Startseite\",\"item\":\"https:\/\/sexocorporel.com\/fr\/\"},{\"@type\":\"ListItem\",\"position\":2,\"name\":\"Formation\",\"item\":\"https:\/\/sexocorporel.com\/fr\/formation\/\"},{\"@type\":\"ListItem\",\"position\":3,\"name\":\"Instituts de formation\"}]},{\"@type\":\"WebSite\",\"@id\":\"https:\/\/sexocorporel.com\/fr\/#website\",\"url\":\"https:\/\/sexocorporel.com\/fr\/\",\"name\":\"Institut Sexocorporel International\",\"description\":\"Jean-Yves Desjardins\",\"publisher\":{\"@id\":\"https:\/\/sexocorporel.com\/fr\/#organization\"},\"potentialAction\":[{\"@type\":\"SearchAction\",\"target\":{\"@type\":\"EntryPoint\",\"urlTemplate\":\"https:\/\/sexocorporel.com\/fr\/?s={search_term_string}\"},\"query-input\":{\"@type\":\"PropertyValueSpecification\",\"valueRequired\":true,\"valueName\":\"search_term_string\"}}],\"inLanguage\":\"fr-FR\"},{\"@type\":\"Organization\",\"@id\":\"https:\/\/sexocorporel.com\/fr\/#organization\",\"name\":\"Institut Sexocorporel International\",\"url\":\"https:\/\/sexocorporel.com\/fr\/\",\"logo\":{\"@type\":\"ImageObject\",\"inLanguage\":\"fr-FR\",\"@id\":\"https:\/\/sexocorporel.com\/fr\/#\/schema\/logo\/image\/\",\"url\":\"https:\/\/sexocorporel.com\/wp-content\/uploads\/2020\/07\/cropped-629e6a99-4d9e-421b-b20e-8b428f763559-e1595527047446.jpg\",\"contentUrl\":\"https:\/\/sexocorporel.com\/wp-content\/uploads\/2020\/07\/cropped-629e6a99-4d9e-421b-b20e-8b428f763559-e1595527047446.jpg\",\"width\":895,\"height\":270,\"caption\":\"Institut Sexocorporel International\"},\"image\":{\"@id\":\"https:\/\/sexocorporel.com\/fr\/#\/schema\/logo\/image\/\"}}]}<\/script>\n<!-- \/ Yoast SEO plugin. -->","yoast_head_json":{"title":"Instituts de formation Sexocorporel - Institut Sexocorporel International","description":"Obtenez un aper\u00e7u des instituts de formation en Sexocorporel, le mod\u00e8le de r\u00e9f\u00e9rence en mati\u00e8re de sexologie et de sexoth\u00e9rapie.","robots":{"index":"index","follow":"follow","max-snippet":"max-snippet:-1","max-image-preview":"max-image-preview:large","max-video-preview":"max-video-preview:-1"},"canonical":"https:\/\/sexocorporel.com\/fr\/formation\/instituts-de-formation\/","og_locale":"fr_FR","og_type":"article","og_title":"Instituts de formation Sexocorporel - Institut Sexocorporel International","og_description":"Obtenez un aper\u00e7u des instituts de formation en Sexocorporel, le mod\u00e8le de r\u00e9f\u00e9rence en mati\u00e8re de sexologie et de sexoth\u00e9rapie.","og_url":"https:\/\/sexocorporel.com\/fr\/formation\/instituts-de-formation\/","og_site_name":"Institut Sexocorporel International","article_modified_time":"2024-12-13T09:28:45+00:00","twitter_card":"summary_large_image","twitter_misc":{"Dur\u00e9e de lecture estim\u00e9e":"1 minute"},"schema":{"@context":"https:\/\/schema.org","@graph":[{"@type":"WebPage","@id":"https:\/\/sexocorporel.com\/fr\/formation\/instituts-de-formation\/","url":"https:\/\/sexocorporel.com\/fr\/formation\/instituts-de-formation\/","name":"Instituts de formation Sexocorporel - Institut Sexocorporel International","isPartOf":{"@id":"https:\/\/sexocorporel.com\/fr\/#website"},"datePublished":"2020-07-05T12:34:52+00:00","dateModified":"2024-12-13T09:28:45+00:00","description":"Obtenez un aper\u00e7u des instituts de formation en Sexocorporel, le mod\u00e8le de r\u00e9f\u00e9rence en mati\u00e8re de sexologie et de sexoth\u00e9rapie.","breadcrumb":{"@id":"https:\/\/sexocorporel.com\/fr\/formation\/instituts-de-formation\/#breadcrumb"},"inLanguage":"fr-FR","potentialAction":[{"@type":"ReadAction","target":["https:\/\/sexocorporel.com\/fr\/formation\/instituts-de-formation\/"]}]},{"@type":"BreadcrumbList","@id":"https:\/\/sexocorporel.com\/fr\/formation\/instituts-de-formation\/#breadcrumb","itemListElement":[{"@type":"ListItem","position":1,"name":"Startseite","item":"https:\/\/sexocorporel.com\/fr\/"},{"@type":"ListItem","position":2,"name":"Formation","item":"https:\/\/sexocorporel.com\/fr\/formation\/"},{"@type":"ListItem","position":3,"name":"Instituts de formation"}]},{"@type":"WebSite","@id":"https:\/\/sexocorporel.com\/fr\/#website","url":"https:\/\/sexocorporel.com\/fr\/","name":"Institut Sexocorporel International","description":"Jean-Yves Desjardins","publisher":{"@id":"https:\/\/sexocorporel.com\/fr\/#organization"},"potentialAction":[{"@type":"SearchAction","target":{"@type":"EntryPoint","urlTemplate":"https:\/\/sexocorporel.com\/fr\/?s={search_term_string}"},"query-input":{"@type":"PropertyValueSpecification","valueRequired":true,"valueName":"search_term_string"}}],"inLanguage":"fr-FR"},{"@type":"Organization","@id":"https:\/\/sexocorporel.com\/fr\/#organization","name":"Institut Sexocorporel International","url":"https:\/\/sexocorporel.com\/fr\/","logo":{"@type":"ImageObject","inLanguage":"fr-FR","@id":"https:\/\/sexocorporel.com\/fr\/#\/schema\/logo\/image\/","url":"https:\/\/sexocorporel.com\/wp-content\/uploads\/2020\/07\/cropped-629e6a99-4d9e-421b-b20e-8b428f763559-e1595527047446.jpg","contentUrl":"https:\/\/sexocorporel.com\/wp-content\/uploads\/2020\/07\/cropped-629e6a99-4d9e-421b-b20e-8b428f763559-e1595527047446.jpg","width":895,"height":270,"caption":"Institut Sexocorporel International"},"image":{"@id":"https:\/\/sexocorporel.com\/fr\/#\/schema\/logo\/image\/"}}]}},"_links":{"self":[{"href":"https:\/\/sexocorporel.com\/fr\/wp-json\/wp\/v2\/pages\/1514","targetHints":{"allow":["GET"]}}],"collection":[{"href":"https:\/\/sexocorporel.com\/fr\/wp-json\/wp\/v2\/pages"}],"about":[{"href":"https:\/\/sexocorporel.com\/fr\/wp-json\/wp\/v2\/types\/page"}],"author":[{"embeddable":true,"href":"https:\/\/sexocorporel.com\/fr\/wp-json\/wp\/v2\/users\/1"}],"replies":[{"embeddable":true,"href":"https:\/\/sexocorporel.com\/fr\/wp-json\/wp\/v2\/comments?post=1514"}],"version-history":[{"count":10,"href":"https:\/\/sexocorporel.com\/fr\/wp-json\/wp\/v2\/pages\/1514\/revisions"}],"predecessor-version":[{"id":7449,"href":"https:\/\/sexocorporel.com\/fr\/wp-json\/wp\/v2\/pages\/1514\/revisions\/7449"}],"up":[{"embeddable":true,"href":"https:\/\/sexocorporel.com\/fr\/wp-json\/wp\/v2\/pages\/1335"}],"wp:attachment":[{"href":"https:\/\/sexocorporel.com\/fr\/wp-json\/wp\/v2\/media?parent=1514"}],"curies":[{"name":"wp","href":"https:\/\/api.w.org\/{rel}","templated":true}]}}