{"id":1437,"date":"2020-07-06T00:13:22","date_gmt":"2020-07-05T22:13:22","guid":{"rendered":"https:\/\/sexocorporel.com\/isi-kommisionen\/"},"modified":"2026-02-08T16:46:36","modified_gmt":"2026-02-08T15:46:36","slug":"commissions-isi","status":"publish","type":"page","link":"https:\/\/sexocorporel.com\/fr\/institut-isi\/commissions-isi\/","title":{"rendered":"Commissions iSi"},"content":{"rendered":"\n<h3 class=\"wp-block-heading blue\">Comit\u00e9 scientifique<\/h3>\n\n\n\n<p>Le Comit\u00e9 scientifique est un organe ind\u00e9pendant qui \u00e9tudie et apporte des contributions &#8211; en utilisant des m\u00e9thodes scientifiques reconnues &#8211; dans le but d&rsquo;am\u00e9liorer l&rsquo;enseignement pass\u00e9 et futur de l&rsquo;iSi sur la sexualit\u00e9 et la sexologie clinique. Elle organise et supervise les \u00e9tudes et les projets que les membres de l&rsquo;iSi et les institutions auxquelles ils sont affili\u00e9s souhaitent r\u00e9aliser au nom de l&rsquo;iSi, sous sa responsabilit\u00e9 ou en coop\u00e9ration avec lui. Elle le fait \u00e9galement pour des projets auxquels elle s&rsquo;int\u00e9resse elle-m\u00eame et qui auraient pu \u00eatre r\u00e9alis\u00e9s auparavant en dehors de l&rsquo;iSi en collaboration avec des groupes scientifiques, des universitaires, des \u00e9diteurs et\/ou des associations.<\/p>\n\n\n\n<div class=\"wp-block-columns is-layout-flex wp-container-core-columns-is-layout-9d6595d7 wp-block-columns-is-layout-flex\">\n<div class=\"wp-block-column is-layout-flow wp-block-column-is-layout-flow\">\n<h5 class=\"wp-block-heading blue\">Responsable \/ Gestionnaire<\/h5>\n<\/div>\n\n\n\n<div class=\"wp-block-column is-layout-flow wp-block-column-is-layout-flow\">\n<p>Karol Bischof<\/p>\n<\/div>\n<\/div>\n\n\n\n<div class=\"wp-block-columns is-layout-flex wp-container-core-columns-is-layout-9d6595d7 wp-block-columns-is-layout-flex\">\n<div class=\"wp-block-column is-layout-flow wp-block-column-is-layout-flow\">\n<h5 class=\"wp-block-heading blue\">Membres<\/h5>\n\n\n\n<p><\/p>\n<\/div>\n\n\n\n<div class=\"wp-block-column is-layout-flow wp-block-column-is-layout-flow\">\n<p>Dominique Chatton<br>Farida Gayrard<br>Bernard Kneubuhler<br><\/p>\n<\/div>\n<\/div>\n\n\n<div class=\"wp-block-ub-divider ub_divider ub-divider-orientation-horizontal\" id=\"ub_divider_13ab0f7d-9f0f-4fae-aaaf-cde5e56baba2\"><div class=\"ub_divider_wrapper\" style=\"position: relative; margin-bottom: 2px; width: 100%; height: 2px; \" data-divider-alignment=\"center\"><div class=\"ub_divider_line\" style=\"border-top: 2px solid #ccc; margin-top: 2px; \"><\/div><\/div><\/div>\n\n\n<h3 class=\"wp-block-heading red\">Commission de la formation<\/h3>\n\n\n\n<div class=\"wp-block-columns is-layout-flex wp-container-core-columns-is-layout-9d6595d7 wp-block-columns-is-layout-flex\">\n<div class=\"wp-block-column is-layout-flow wp-block-column-is-layout-flow\">\n<h5 class=\"wp-block-heading red\">Membres<\/h5>\n\n\n\n<p><\/p>\n<\/div>\n\n\n\n<div class=\"wp-block-column is-layout-flow wp-block-column-is-layout-flow\">\n<p>Karol Bischof<br>Isabelle Chaffa\u00ef<br>Jeffrey Pedrazzoli<br>Dominique Chatton (consultant) <\/p>\n\n\n\n<p>Michael Sztenc<\/p>\n<\/div>\n<\/div>\n\n\n<div class=\"wp-block-ub-divider ub_divider ub-divider-orientation-horizontal\" id=\"ub_divider_39a3dea0-e430-421c-96ed-4adaa0ff10ac\"><div class=\"ub_divider_wrapper\" style=\"position: relative; margin-bottom: 2px; width: 100%; height: 2px; \" data-divider-alignment=\"center\"><div class=\"ub_divider_line\" style=\"border-top: 2px solid #ccc; margin-top: 2px; \"><\/div><\/div><\/div>\n\n\n<h3 class=\"wp-block-heading blue\">Commission des membres<\/h3>\n\n\n\n<p>Le comit\u00e9 des membres g\u00e8re l&rsquo;admission, la promotion et les droits des membres. Elle assure l&rsquo;application des r\u00e8gles d&rsquo;adh\u00e9sion. Il re\u00e7oit des organisateurs de cours les listes des \u00e9tudiants membres et assure le suivi de leur formation. Il documente les progr\u00e8s des membres dans leur formation en Sexocorporel et propose de d\u00e9livrer les certificats et dipl\u00f4mes finaux du sexologue clinique iSi.<\/p>\n\n\n\n<div class=\"wp-block-columns is-layout-flex wp-container-core-columns-is-layout-9d6595d7 wp-block-columns-is-layout-flex\">\n<div class=\"wp-block-column is-layout-flow wp-block-column-is-layout-flow\">\n<h5 class=\"wp-block-heading blue\">Membres<\/h5>\n\n\n\n<p><\/p>\n<\/div>\n\n\n\n<div class=\"wp-block-column is-layout-flow wp-block-column-is-layout-flow\">\n<p><\/p>\n\n\n\n<p>Ben Kneub\u00fchler<br>Chiara Marti<br><\/p>\n<\/div>\n<\/div>\n\n\n\n<p><\/p>\n","protected":false},"excerpt":{"rendered":"<p>Comit\u00e9 scientifique Le Comit\u00e9 scientifique est un organe ind\u00e9pendant qui \u00e9tudie et apporte des contributions &#8211; en utilisant des m\u00e9thodes scientifiques reconnues &#8211; dans le but d&rsquo;am\u00e9liorer l&rsquo;enseignement pass\u00e9 et futur de l&rsquo;iSi sur la sexualit\u00e9 et la sexologie clinique. Elle organise et supervise les \u00e9tudes et les projets que les membres de l&rsquo;iSi et [&hellip;]<\/p>\n","protected":false},"author":1,"featured_media":0,"parent":1404,"menu_order":56,"comment_status":"closed","ping_status":"closed","template":"","meta":{"footnotes":""},"class_list":["post-1437","page","type-page","status-publish","hentry"],"featured_image_src":null,"yoast_head":"<!-- This site is optimized with the Yoast SEO plugin v26.8 - https:\/\/yoast.com\/product\/yoast-seo-wordpress\/ -->\n<title>Commission de l&#039;Institut Sexocorporel International - iSi<\/title>\n<meta name=\"description\" content=\"Retrouvez les commissions de l&#039;Institut Sexocorporel International, le mod\u00e8le de r\u00e9f\u00e9rence en sexologie et en sexoth\u00e9rapie du Professeur Dr Jean-Yves Desjardins\" \/>\n<meta name=\"robots\" content=\"index, follow, max-snippet:-1, max-image-preview:large, max-video-preview:-1\" \/>\n<link rel=\"canonical\" href=\"https:\/\/sexocorporel.com\/fr\/institut-isi\/commissions-isi\/\" \/>\n<meta property=\"og:locale\" content=\"fr_FR\" \/>\n<meta property=\"og:type\" content=\"article\" \/>\n<meta property=\"og:title\" content=\"Commission de l&#039;Institut Sexocorporel International - iSi\" \/>\n<meta property=\"og:description\" content=\"Retrouvez les commissions de l&#039;Institut Sexocorporel International, le mod\u00e8le de r\u00e9f\u00e9rence en sexologie et en sexoth\u00e9rapie du Professeur Dr Jean-Yves Desjardins\" \/>\n<meta property=\"og:url\" content=\"https:\/\/sexocorporel.com\/fr\/institut-isi\/commissions-isi\/\" \/>\n<meta property=\"og:site_name\" content=\"Institut Sexocorporel International\" \/>\n<meta property=\"article:modified_time\" content=\"2026-02-08T15:46:36+00:00\" \/>\n<meta name=\"twitter:card\" content=\"summary_large_image\" \/>\n<meta name=\"twitter:label1\" content=\"Dur\u00e9e de lecture estim\u00e9e\" \/>\n\t<meta name=\"twitter:data1\" content=\"2 minutes\" \/>\n<script type=\"application\/ld+json\" class=\"yoast-schema-graph\">{\"@context\":\"https:\/\/schema.org\",\"@graph\":[{\"@type\":\"WebPage\",\"@id\":\"https:\/\/sexocorporel.com\/fr\/institut-isi\/commissions-isi\/\",\"url\":\"https:\/\/sexocorporel.com\/fr\/institut-isi\/commissions-isi\/\",\"name\":\"Commission de l'Institut Sexocorporel International - iSi\",\"isPartOf\":{\"@id\":\"https:\/\/sexocorporel.com\/fr\/#website\"},\"datePublished\":\"2020-07-05T22:13:22+00:00\",\"dateModified\":\"2026-02-08T15:46:36+00:00\",\"description\":\"Retrouvez les commissions de l'Institut Sexocorporel International, le mod\u00e8le de r\u00e9f\u00e9rence en sexologie et en sexoth\u00e9rapie du Professeur Dr Jean-Yves Desjardins\",\"breadcrumb\":{\"@id\":\"https:\/\/sexocorporel.com\/fr\/institut-isi\/commissions-isi\/#breadcrumb\"},\"inLanguage\":\"fr-FR\",\"potentialAction\":[{\"@type\":\"ReadAction\",\"target\":[\"https:\/\/sexocorporel.com\/fr\/institut-isi\/commissions-isi\/\"]}]},{\"@type\":\"BreadcrumbList\",\"@id\":\"https:\/\/sexocorporel.com\/fr\/institut-isi\/commissions-isi\/#breadcrumb\",\"itemListElement\":[{\"@type\":\"ListItem\",\"position\":1,\"name\":\"Startseite\",\"item\":\"https:\/\/sexocorporel.com\/fr\/\"},{\"@type\":\"ListItem\",\"position\":2,\"name\":\"Institut iSi\",\"item\":\"https:\/\/sexocorporel.com\/fr\/institut-isi\/\"},{\"@type\":\"ListItem\",\"position\":3,\"name\":\"Commissions iSi\"}]},{\"@type\":\"WebSite\",\"@id\":\"https:\/\/sexocorporel.com\/fr\/#website\",\"url\":\"https:\/\/sexocorporel.com\/fr\/\",\"name\":\"Institut Sexocorporel International\",\"description\":\"Jean-Yves Desjardins\",\"publisher\":{\"@id\":\"https:\/\/sexocorporel.com\/fr\/#organization\"},\"potentialAction\":[{\"@type\":\"SearchAction\",\"target\":{\"@type\":\"EntryPoint\",\"urlTemplate\":\"https:\/\/sexocorporel.com\/fr\/?s={search_term_string}\"},\"query-input\":{\"@type\":\"PropertyValueSpecification\",\"valueRequired\":true,\"valueName\":\"search_term_string\"}}],\"inLanguage\":\"fr-FR\"},{\"@type\":\"Organization\",\"@id\":\"https:\/\/sexocorporel.com\/fr\/#organization\",\"name\":\"Institut Sexocorporel International\",\"url\":\"https:\/\/sexocorporel.com\/fr\/\",\"logo\":{\"@type\":\"ImageObject\",\"inLanguage\":\"fr-FR\",\"@id\":\"https:\/\/sexocorporel.com\/fr\/#\/schema\/logo\/image\/\",\"url\":\"https:\/\/sexocorporel.com\/wp-content\/uploads\/2020\/07\/cropped-629e6a99-4d9e-421b-b20e-8b428f763559-e1595527047446.jpg\",\"contentUrl\":\"https:\/\/sexocorporel.com\/wp-content\/uploads\/2020\/07\/cropped-629e6a99-4d9e-421b-b20e-8b428f763559-e1595527047446.jpg\",\"width\":895,\"height\":270,\"caption\":\"Institut Sexocorporel International\"},\"image\":{\"@id\":\"https:\/\/sexocorporel.com\/fr\/#\/schema\/logo\/image\/\"}}]}<\/script>\n<!-- \/ Yoast SEO plugin. -->","yoast_head_json":{"title":"Commission de l'Institut Sexocorporel International - iSi","description":"Retrouvez les commissions de l'Institut Sexocorporel International, le mod\u00e8le de r\u00e9f\u00e9rence en sexologie et en sexoth\u00e9rapie du Professeur Dr Jean-Yves Desjardins","robots":{"index":"index","follow":"follow","max-snippet":"max-snippet:-1","max-image-preview":"max-image-preview:large","max-video-preview":"max-video-preview:-1"},"canonical":"https:\/\/sexocorporel.com\/fr\/institut-isi\/commissions-isi\/","og_locale":"fr_FR","og_type":"article","og_title":"Commission de l'Institut Sexocorporel International - iSi","og_description":"Retrouvez les commissions de l'Institut Sexocorporel International, le mod\u00e8le de r\u00e9f\u00e9rence en sexologie et en sexoth\u00e9rapie du Professeur Dr Jean-Yves Desjardins","og_url":"https:\/\/sexocorporel.com\/fr\/institut-isi\/commissions-isi\/","og_site_name":"Institut Sexocorporel International","article_modified_time":"2026-02-08T15:46:36+00:00","twitter_card":"summary_large_image","twitter_misc":{"Dur\u00e9e de lecture estim\u00e9e":"2 minutes"},"schema":{"@context":"https:\/\/schema.org","@graph":[{"@type":"WebPage","@id":"https:\/\/sexocorporel.com\/fr\/institut-isi\/commissions-isi\/","url":"https:\/\/sexocorporel.com\/fr\/institut-isi\/commissions-isi\/","name":"Commission de l'Institut Sexocorporel International - iSi","isPartOf":{"@id":"https:\/\/sexocorporel.com\/fr\/#website"},"datePublished":"2020-07-05T22:13:22+00:00","dateModified":"2026-02-08T15:46:36+00:00","description":"Retrouvez les commissions de l'Institut Sexocorporel International, le mod\u00e8le de r\u00e9f\u00e9rence en sexologie et en sexoth\u00e9rapie du Professeur Dr Jean-Yves Desjardins","breadcrumb":{"@id":"https:\/\/sexocorporel.com\/fr\/institut-isi\/commissions-isi\/#breadcrumb"},"inLanguage":"fr-FR","potentialAction":[{"@type":"ReadAction","target":["https:\/\/sexocorporel.com\/fr\/institut-isi\/commissions-isi\/"]}]},{"@type":"BreadcrumbList","@id":"https:\/\/sexocorporel.com\/fr\/institut-isi\/commissions-isi\/#breadcrumb","itemListElement":[{"@type":"ListItem","position":1,"name":"Startseite","item":"https:\/\/sexocorporel.com\/fr\/"},{"@type":"ListItem","position":2,"name":"Institut iSi","item":"https:\/\/sexocorporel.com\/fr\/institut-isi\/"},{"@type":"ListItem","position":3,"name":"Commissions iSi"}]},{"@type":"WebSite","@id":"https:\/\/sexocorporel.com\/fr\/#website","url":"https:\/\/sexocorporel.com\/fr\/","name":"Institut Sexocorporel International","description":"Jean-Yves Desjardins","publisher":{"@id":"https:\/\/sexocorporel.com\/fr\/#organization"},"potentialAction":[{"@type":"SearchAction","target":{"@type":"EntryPoint","urlTemplate":"https:\/\/sexocorporel.com\/fr\/?s={search_term_string}"},"query-input":{"@type":"PropertyValueSpecification","valueRequired":true,"valueName":"search_term_string"}}],"inLanguage":"fr-FR"},{"@type":"Organization","@id":"https:\/\/sexocorporel.com\/fr\/#organization","name":"Institut Sexocorporel International","url":"https:\/\/sexocorporel.com\/fr\/","logo":{"@type":"ImageObject","inLanguage":"fr-FR","@id":"https:\/\/sexocorporel.com\/fr\/#\/schema\/logo\/image\/","url":"https:\/\/sexocorporel.com\/wp-content\/uploads\/2020\/07\/cropped-629e6a99-4d9e-421b-b20e-8b428f763559-e1595527047446.jpg","contentUrl":"https:\/\/sexocorporel.com\/wp-content\/uploads\/2020\/07\/cropped-629e6a99-4d9e-421b-b20e-8b428f763559-e1595527047446.jpg","width":895,"height":270,"caption":"Institut Sexocorporel International"},"image":{"@id":"https:\/\/sexocorporel.com\/fr\/#\/schema\/logo\/image\/"}}]}},"_links":{"self":[{"href":"https:\/\/sexocorporel.com\/fr\/wp-json\/wp\/v2\/pages\/1437","targetHints":{"allow":["GET"]}}],"collection":[{"href":"https:\/\/sexocorporel.com\/fr\/wp-json\/wp\/v2\/pages"}],"about":[{"href":"https:\/\/sexocorporel.com\/fr\/wp-json\/wp\/v2\/types\/page"}],"author":[{"embeddable":true,"href":"https:\/\/sexocorporel.com\/fr\/wp-json\/wp\/v2\/users\/1"}],"replies":[{"embeddable":true,"href":"https:\/\/sexocorporel.com\/fr\/wp-json\/wp\/v2\/comments?post=1437"}],"version-history":[{"count":10,"href":"https:\/\/sexocorporel.com\/fr\/wp-json\/wp\/v2\/pages\/1437\/revisions"}],"predecessor-version":[{"id":9170,"href":"https:\/\/sexocorporel.com\/fr\/wp-json\/wp\/v2\/pages\/1437\/revisions\/9170"}],"up":[{"embeddable":true,"href":"https:\/\/sexocorporel.com\/fr\/wp-json\/wp\/v2\/pages\/1404"}],"wp:attachment":[{"href":"https:\/\/sexocorporel.com\/fr\/wp-json\/wp\/v2\/media?parent=1437"}],"curies":[{"name":"wp","href":"https:\/\/api.w.org\/{rel}","templated":true}]}}