{"id":1427,"date":"2020-07-01T23:27:39","date_gmt":"2020-07-01T21:27:39","guid":{"rendered":"https:\/\/sexocorporel.com\/vorstand-isi\/"},"modified":"2025-05-12T13:20:55","modified_gmt":"2025-05-12T11:20:55","slug":"comite-de-direction-de-lisi","status":"publish","type":"page","link":"https:\/\/sexocorporel.com\/fr\/institut-isi\/comite-de-direction-de-lisi\/","title":{"rendered":"Comit\u00e9 de Direction de l&#8217;iSi"},"content":{"rendered":"\n<div class=\"wp-block-columns border-red center-txt is-layout-flex wp-container-core-columns-is-layout-9d6595d7 wp-block-columns-is-layout-flex\">\n<div class=\"wp-block-column is-vertically-aligned-center is-layout-flow wp-block-column-is-layout-flow\"><div class=\"wp-block-image is-style-rounded\">\n<figure class=\"aligncenter size-large\"><img decoding=\"async\" src=\"https:\/\/sexocorporel.com\/wp-content\/uploads\/2023\/07\/Sybille-Stahlberg-217x300.jpg\" alt=\"Sybille Stahlberg\"\/><\/figure>\n<\/div><\/div>\n\n\n\n<div class=\"wp-block-column is-layout-flow wp-block-column-is-layout-flow\">\n<h3 class=\"wp-block-heading blue\">Pr\u00e9sident<\/h3>\n\n\n\n<p>Sybille Stahlberg<br>Bern, Suisse<br>Th\u00e9rapeute de couple et sexoth\u00e9rapeute, Sexologue clinique iSi<\/p>\n\n\n\n<p>Personne de contact pour les r\u00e9unions professionnelles et les congr\u00e8s iSi<\/p>\n\n\n\n<p>Hirschengraben 10, 3011 Bern<\/p>\n\n\n\n<p>Tel. +41 79 3013683<\/p>\n\n\n\n<p><a href=\"mailto:s.stahlberg@sexocorporel.com\">s.stahlberg(at)sexocorporel.com<\/a><br><a href=\"https:\/\/sybillestahlberg.ch\/\" target=\"_blank\" rel=\"noreferrer noopener\">sybillestahlberg.ch<\/a><\/p>\n<\/div>\n<\/div>\n\n\n\n<div class=\"wp-block-columns border-red center-txt is-layout-flex wp-container-core-columns-is-layout-9d6595d7 wp-block-columns-is-layout-flex\">\n<div class=\"wp-block-column is-vertically-aligned-center is-layout-flow wp-block-column-is-layout-flow\"><div class=\"wp-block-image is-style-rounded\">\n<figure class=\"aligncenter size-large is-resized\"><img loading=\"lazy\" decoding=\"async\" src=\"https:\/\/sexocorporel.com\/wp-content\/uploads\/2020\/07\/ben_kneubu\u0308hler.jpg\" alt=\"Ben Kneubu\u0308hler\" class=\"wp-image-486\" width=\"177\" height=\"177\" srcset=\"https:\/\/sexocorporel.com\/wp-content\/uploads\/2020\/07\/ben_kneubu\u0308hler.jpg 177w, https:\/\/sexocorporel.com\/wp-content\/uploads\/2020\/07\/ben_kneubu\u0308hler-150x150.jpg 150w\" sizes=\"auto, (max-width: 177px) 100vw, 177px\" \/><\/figure>\n<\/div><\/div>\n\n\n\n<div class=\"wp-block-column is-layout-flow wp-block-column-is-layout-flow\">\n<h3 class=\"wp-block-heading red\">Vice-pr\u00e9sident<\/h3>\n\n\n\n<p>Ben Kneub\u00fchler<br>Z\u00fcrich, Suisse<br>Psychoth\u00e9rapeute, Sexologue clinique iSi<\/p>\n\n\n\n<p>Grossm\u00fcnsterplatz 6, 8001 Z\u00fcrich<br><a href=\"mailto:mail@der-psychologe.ch\">mail(at)der-psychologe.ch<\/a><br><a href=\"https:\/\/der-psychologe.ch\/\" target=\"_blank\" rel=\"noreferrer noopener\">der-psychologe.ch<\/a><\/p>\n<\/div>\n<\/div>\n\n\n\n<div class=\"wp-block-columns border-violla center-txt is-layout-flex wp-container-core-columns-is-layout-9d6595d7 wp-block-columns-is-layout-flex\">\n<div class=\"wp-block-column is-vertically-aligned-center is-layout-flow wp-block-column-is-layout-flow\"><div class=\"wp-block-image is-style-rounded\">\n<figure class=\"aligncenter size-large\"><img decoding=\"async\" src=\"https:\/\/sexocorporel.com\/wp-content\/uploads\/2023\/07\/Wispo-Foto-200x300.jpg\" alt=\"Kathy Muss\u00e4us\"\/><\/figure>\n<\/div><\/div>\n\n\n\n<div class=\"wp-block-column is-layout-flow wp-block-column-is-layout-flow\">\n<h3 class=\"wp-block-heading blue\">Directeur g\u00e9n\u00e9ral<\/h3>\n\n\n\n<p>Kathy Muss\u00e4us<br>Schwerin, Allemagne<br>Sexologue clinique iSi<\/p>\n\n\n\n<p>K\u00f6rnerstrasse 5, 19055 Schwerin<\/p>\n\n\n\n<p><a href=\"mailto:km@lustvoll-leben-schwerin.de\">km(at)lustvoll-leben-schwerin.de<\/a><br><a href=\"https:\/\/www.lustvoll-leben-schwerin.de\" target=\"_blank\" rel=\"noreferrer noopener\">lustvoll-leben-schwerin.de<\/a><\/p>\n<\/div>\n<\/div>\n\n\n\n<div class=\"wp-block-columns border-verde center-txt is-layout-flex wp-container-core-columns-is-layout-9d6595d7 wp-block-columns-is-layout-flex\">\n<div class=\"wp-block-column is-vertically-aligned-center is-layout-flow wp-block-column-is-layout-flow\"><div class=\"wp-block-image is-style-rounded\">\n<figure class=\"aligncenter size-large\"><img decoding=\"async\" src=\"https:\/\/sexocorporel.com\/wp-content\/uploads\/2021\/04\/Annette-150x150.jpg\" alt=\"Annette Bischof-Campbell\"\/><\/figure>\n<\/div><\/div>\n\n\n\n<div class=\"wp-block-column is-layout-flow wp-block-column-is-layout-flow\">\n<h3 class=\"wp-block-heading blue\">Gestion de la tr\u00e9sorerie<\/h3>\n\n\n\n<p>Annette Bischof-Campbell<br>Z\u00fcrich, Suisse<br>Psychoth\u00e9rapeute, Sexologue clinique iSi<\/p>\n\n\n\n<p>Minervastrasse 99, 8032 Z\u00fcrich<\/p>\n\n\n\n<p><a href=\"mailto:a.bischof-campbell@sexocorporel.com\">a.bischof-campbell@sexocorporel.com<\/a><br><a href=\"https:\/\/www.ziss.ch\/\" target=\"_blank\" rel=\"noreferrer noopener\">ziss.ch<\/a><\/p>\n<\/div>\n<\/div>\n\n\n\n<div class=\"wp-block-columns border-blue center-txt is-layout-flex wp-container-core-columns-is-layout-9d6595d7 wp-block-columns-is-layout-flex\">\n<div class=\"wp-block-column is-vertically-aligned-center is-layout-flow wp-block-column-is-layout-flow\"><div class=\"wp-block-image is-style-rounded\">\n<figure class=\"aligncenter size-large is-resized\"><img loading=\"lazy\" decoding=\"async\" src=\"https:\/\/sexocorporel.com\/wp-content\/uploads\/2023\/07\/Juergen-Ackermann-e1746798685983.jpg\" alt=\"J\u00fcrgen Ackermann\" width=\"220\" height=\"224\"\/><\/figure>\n<\/div><\/div>\n\n\n\n<div class=\"wp-block-column is-layout-flow wp-block-column-is-layout-flow\">\n<h3 class=\"wp-block-heading red\">Membre<\/h3>\n\n\n\n<p>Dr. J\u00fcrgen Ackermann, Coach, Allemagne<\/p>\n\n\n\n<p><a href=\"mailto:j.ackermann@sexocorporel.com\">j.ackermann(at)sexocorporel.com<\/a><\/p>\n<\/div>\n<\/div>\n\n\n\n<div class=\"wp-block-columns border-blue center-txt is-layout-flex wp-container-core-columns-is-layout-9d6595d7 wp-block-columns-is-layout-flex\">\n<div class=\"wp-block-column is-vertically-aligned-center is-layout-flow wp-block-column-is-layout-flow\"><div class=\"wp-block-image is-style-rounded\">\n<figure class=\"aligncenter size-large is-resized\"><img loading=\"lazy\" decoding=\"async\" src=\"https:\/\/sexocorporel.com\/wp-content\/uploads\/2023\/08\/Baluu-300x294.jpg\" alt=\"Baluu Lehmann\" width=\"225\" height=\"221\"\/><\/figure>\n<\/div><\/div>\n\n\n\n<div class=\"wp-block-column is-layout-flow wp-block-column-is-layout-flow\">\n<h3 class=\"wp-block-heading blue\">Membre<\/h3>\n\n\n\n<p>Baluu Lehmann<br>Z\u00fcrich, Suisse<br>Sexual- und Beziehungstherapeut<\/p>\n\n\n\n<p>Milit\u00e4rstrasse 76, 8004 Z\u00fcrich<\/p>\n\n\n\n<p><a href=\"http:\/\/www.baluulehmann.ch\">baluulehmann.ch<\/a><br><a href=\"mailto:b.lehmann@sexocorporel.com\">b.lehmann(at)sexocorporel.com<\/a><\/p>\n<\/div>\n<\/div>\n\n\n\n<div class=\"wp-block-columns border-blue center-txt is-layout-flex wp-container-core-columns-is-layout-9d6595d7 wp-block-columns-is-layout-flex\">\n<div class=\"wp-block-column is-vertically-aligned-center is-layout-flow wp-block-column-is-layout-flow\"><div class=\"wp-block-image is-style-rounded\">\n<figure class=\"aligncenter size-large\"><img decoding=\"async\" src=\"https:\/\/sexocorporel.com\/wp-content\/uploads\/2021\/08\/Foto-Chiara-August-2021-235x300.jpg\" alt=\"Chiara Marti\"\/><\/figure>\n<\/div><\/div>\n\n\n\n<div class=\"wp-block-column is-layout-flow wp-block-column-is-layout-flow\">\n<h3 class=\"wp-block-heading red\">Membre<\/h3>\n\n\n\n<p>Chiara Marti<br>Bern, Suisse<br>MSc Nursing Science<br>Nurse Practitioner<br>Clinical Sexology<\/p>\n\n\n\n<p>3005 Bern, CH<\/p>\n\n\n\n<p><a href=\"mailto:chiara.marti@insel.ch\">chiara.marti@insel.ch<\/a><br><a href=\"http:\/\/www.klinische-sexologie.ch\/\" target=\"_blank\" rel=\"noopener\">klinische-sexologie.ch<\/a><\/p>\n<\/div>\n<\/div>\n","protected":false},"excerpt":{"rendered":"<p>Pr\u00e9sident Sybille StahlbergBern, SuisseTh\u00e9rapeute de couple et sexoth\u00e9rapeute, Sexologue clinique iSi Personne de contact pour les r\u00e9unions professionnelles et les congr\u00e8s iSi Hirschengraben 10, 3011 Bern Tel. +41 79 3013683 s.stahlberg(at)sexocorporel.comsybillestahlberg.ch Vice-pr\u00e9sident Ben Kneub\u00fchlerZ\u00fcrich, SuissePsychoth\u00e9rapeute, Sexologue clinique iSi Grossm\u00fcnsterplatz 6, 8001 Z\u00fcrichmail(at)der-psychologe.chder-psychologe.ch Directeur g\u00e9n\u00e9ral Kathy Muss\u00e4usSchwerin, AllemagneSexologue clinique iSi K\u00f6rnerstrasse 5, 19055 Schwerin km(at)lustvoll-leben-schwerin.delustvoll-leben-schwerin.de Gestion [&hellip;]<\/p>\n","protected":false},"author":1,"featured_media":0,"parent":1404,"menu_order":72,"comment_status":"closed","ping_status":"closed","template":"","meta":{"footnotes":""},"class_list":["post-1427","page","type-page","status-publish","hentry"],"featured_image_src":null,"yoast_head":"<!-- This site is optimized with the Yoast SEO plugin v26.8 - https:\/\/yoast.com\/product\/yoast-seo-wordpress\/ -->\n<title>Comit\u00e9 Directeur de l&#039;Institut Sexocorporel International - iSi<\/title>\n<meta name=\"description\" content=\"Retrouvez le Comit\u00e9 Directeur de l&#039;Institut Sexocorporel International, le mod\u00e8le de r\u00e9f\u00e9rence en sexologie et en sexoth\u00e9rapie du Professeur Dr Jean- Yves Desjardins\" \/>\n<meta name=\"robots\" content=\"index, follow, max-snippet:-1, max-image-preview:large, max-video-preview:-1\" \/>\n<link rel=\"canonical\" href=\"https:\/\/sexocorporel.com\/fr\/institut-isi\/comite-de-direction-de-lisi\/\" \/>\n<meta property=\"og:locale\" content=\"fr_FR\" \/>\n<meta property=\"og:type\" content=\"article\" \/>\n<meta property=\"og:title\" content=\"Comit\u00e9 Directeur de l&#039;Institut Sexocorporel International - iSi\" \/>\n<meta property=\"og:description\" content=\"Retrouvez le Comit\u00e9 Directeur de l&#039;Institut Sexocorporel International, le mod\u00e8le de r\u00e9f\u00e9rence en sexologie et en sexoth\u00e9rapie du Professeur Dr Jean- Yves Desjardins\" \/>\n<meta property=\"og:url\" content=\"https:\/\/sexocorporel.com\/fr\/institut-isi\/comite-de-direction-de-lisi\/\" \/>\n<meta property=\"og:site_name\" content=\"Institut Sexocorporel International\" \/>\n<meta property=\"article:modified_time\" content=\"2025-05-12T11:20:55+00:00\" \/>\n<meta property=\"og:image\" content=\"https:\/\/sexocorporel.com\/wp-content\/uploads\/2023\/07\/Sybille-Stahlberg-217x300.jpg\" \/>\n<meta name=\"twitter:card\" content=\"summary_large_image\" \/>\n<meta name=\"twitter:label1\" content=\"Dur\u00e9e de lecture estim\u00e9e\" \/>\n\t<meta name=\"twitter:data1\" content=\"3 minutes\" \/>\n<script type=\"application\/ld+json\" class=\"yoast-schema-graph\">{\"@context\":\"https:\/\/schema.org\",\"@graph\":[{\"@type\":\"WebPage\",\"@id\":\"https:\/\/sexocorporel.com\/fr\/institut-isi\/comite-de-direction-de-lisi\/\",\"url\":\"https:\/\/sexocorporel.com\/fr\/institut-isi\/comite-de-direction-de-lisi\/\",\"name\":\"Comit\u00e9 Directeur de l'Institut Sexocorporel International - iSi\",\"isPartOf\":{\"@id\":\"https:\/\/sexocorporel.com\/fr\/#website\"},\"primaryImageOfPage\":{\"@id\":\"https:\/\/sexocorporel.com\/fr\/institut-isi\/comite-de-direction-de-lisi\/#primaryimage\"},\"image\":{\"@id\":\"https:\/\/sexocorporel.com\/fr\/institut-isi\/comite-de-direction-de-lisi\/#primaryimage\"},\"thumbnailUrl\":\"https:\/\/sexocorporel.com\/wp-content\/uploads\/2023\/07\/Sybille-Stahlberg-217x300.jpg\",\"datePublished\":\"2020-07-01T21:27:39+00:00\",\"dateModified\":\"2025-05-12T11:20:55+00:00\",\"description\":\"Retrouvez le Comit\u00e9 Directeur de l'Institut Sexocorporel International, le mod\u00e8le de r\u00e9f\u00e9rence en sexologie et en sexoth\u00e9rapie du Professeur Dr Jean- Yves Desjardins\",\"breadcrumb\":{\"@id\":\"https:\/\/sexocorporel.com\/fr\/institut-isi\/comite-de-direction-de-lisi\/#breadcrumb\"},\"inLanguage\":\"fr-FR\",\"potentialAction\":[{\"@type\":\"ReadAction\",\"target\":[\"https:\/\/sexocorporel.com\/fr\/institut-isi\/comite-de-direction-de-lisi\/\"]}]},{\"@type\":\"ImageObject\",\"inLanguage\":\"fr-FR\",\"@id\":\"https:\/\/sexocorporel.com\/fr\/institut-isi\/comite-de-direction-de-lisi\/#primaryimage\",\"url\":\"https:\/\/sexocorporel.com\/wp-content\/uploads\/2023\/07\/Sybille-Stahlberg-217x300.jpg\",\"contentUrl\":\"https:\/\/sexocorporel.com\/wp-content\/uploads\/2023\/07\/Sybille-Stahlberg-217x300.jpg\"},{\"@type\":\"BreadcrumbList\",\"@id\":\"https:\/\/sexocorporel.com\/fr\/institut-isi\/comite-de-direction-de-lisi\/#breadcrumb\",\"itemListElement\":[{\"@type\":\"ListItem\",\"position\":1,\"name\":\"Startseite\",\"item\":\"https:\/\/sexocorporel.com\/fr\/\"},{\"@type\":\"ListItem\",\"position\":2,\"name\":\"Institut iSi\",\"item\":\"https:\/\/sexocorporel.com\/fr\/institut-isi\/\"},{\"@type\":\"ListItem\",\"position\":3,\"name\":\"Comit\u00e9 de Direction de l&#8217;iSi\"}]},{\"@type\":\"WebSite\",\"@id\":\"https:\/\/sexocorporel.com\/fr\/#website\",\"url\":\"https:\/\/sexocorporel.com\/fr\/\",\"name\":\"Institut Sexocorporel International\",\"description\":\"Jean-Yves Desjardins\",\"publisher\":{\"@id\":\"https:\/\/sexocorporel.com\/fr\/#organization\"},\"potentialAction\":[{\"@type\":\"SearchAction\",\"target\":{\"@type\":\"EntryPoint\",\"urlTemplate\":\"https:\/\/sexocorporel.com\/fr\/?s={search_term_string}\"},\"query-input\":{\"@type\":\"PropertyValueSpecification\",\"valueRequired\":true,\"valueName\":\"search_term_string\"}}],\"inLanguage\":\"fr-FR\"},{\"@type\":\"Organization\",\"@id\":\"https:\/\/sexocorporel.com\/fr\/#organization\",\"name\":\"Institut Sexocorporel International\",\"url\":\"https:\/\/sexocorporel.com\/fr\/\",\"logo\":{\"@type\":\"ImageObject\",\"inLanguage\":\"fr-FR\",\"@id\":\"https:\/\/sexocorporel.com\/fr\/#\/schema\/logo\/image\/\",\"url\":\"https:\/\/sexocorporel.com\/wp-content\/uploads\/2020\/07\/cropped-629e6a99-4d9e-421b-b20e-8b428f763559-e1595527047446.jpg\",\"contentUrl\":\"https:\/\/sexocorporel.com\/wp-content\/uploads\/2020\/07\/cropped-629e6a99-4d9e-421b-b20e-8b428f763559-e1595527047446.jpg\",\"width\":895,\"height\":270,\"caption\":\"Institut Sexocorporel International\"},\"image\":{\"@id\":\"https:\/\/sexocorporel.com\/fr\/#\/schema\/logo\/image\/\"}}]}<\/script>\n<!-- \/ Yoast SEO plugin. -->","yoast_head_json":{"title":"Comit\u00e9 Directeur de l'Institut Sexocorporel International - iSi","description":"Retrouvez le Comit\u00e9 Directeur de l'Institut Sexocorporel International, le mod\u00e8le de r\u00e9f\u00e9rence en sexologie et en sexoth\u00e9rapie du Professeur Dr Jean- Yves Desjardins","robots":{"index":"index","follow":"follow","max-snippet":"max-snippet:-1","max-image-preview":"max-image-preview:large","max-video-preview":"max-video-preview:-1"},"canonical":"https:\/\/sexocorporel.com\/fr\/institut-isi\/comite-de-direction-de-lisi\/","og_locale":"fr_FR","og_type":"article","og_title":"Comit\u00e9 Directeur de l'Institut Sexocorporel International - iSi","og_description":"Retrouvez le Comit\u00e9 Directeur de l'Institut Sexocorporel International, le mod\u00e8le de r\u00e9f\u00e9rence en sexologie et en sexoth\u00e9rapie du Professeur Dr Jean- Yves Desjardins","og_url":"https:\/\/sexocorporel.com\/fr\/institut-isi\/comite-de-direction-de-lisi\/","og_site_name":"Institut Sexocorporel International","article_modified_time":"2025-05-12T11:20:55+00:00","og_image":[{"url":"https:\/\/sexocorporel.com\/wp-content\/uploads\/2023\/07\/Sybille-Stahlberg-217x300.jpg","type":"","width":"","height":""}],"twitter_card":"summary_large_image","twitter_misc":{"Dur\u00e9e de lecture estim\u00e9e":"3 minutes"},"schema":{"@context":"https:\/\/schema.org","@graph":[{"@type":"WebPage","@id":"https:\/\/sexocorporel.com\/fr\/institut-isi\/comite-de-direction-de-lisi\/","url":"https:\/\/sexocorporel.com\/fr\/institut-isi\/comite-de-direction-de-lisi\/","name":"Comit\u00e9 Directeur de l'Institut Sexocorporel International - iSi","isPartOf":{"@id":"https:\/\/sexocorporel.com\/fr\/#website"},"primaryImageOfPage":{"@id":"https:\/\/sexocorporel.com\/fr\/institut-isi\/comite-de-direction-de-lisi\/#primaryimage"},"image":{"@id":"https:\/\/sexocorporel.com\/fr\/institut-isi\/comite-de-direction-de-lisi\/#primaryimage"},"thumbnailUrl":"https:\/\/sexocorporel.com\/wp-content\/uploads\/2023\/07\/Sybille-Stahlberg-217x300.jpg","datePublished":"2020-07-01T21:27:39+00:00","dateModified":"2025-05-12T11:20:55+00:00","description":"Retrouvez le Comit\u00e9 Directeur de l'Institut Sexocorporel International, le mod\u00e8le de r\u00e9f\u00e9rence en sexologie et en sexoth\u00e9rapie du Professeur Dr Jean- Yves Desjardins","breadcrumb":{"@id":"https:\/\/sexocorporel.com\/fr\/institut-isi\/comite-de-direction-de-lisi\/#breadcrumb"},"inLanguage":"fr-FR","potentialAction":[{"@type":"ReadAction","target":["https:\/\/sexocorporel.com\/fr\/institut-isi\/comite-de-direction-de-lisi\/"]}]},{"@type":"ImageObject","inLanguage":"fr-FR","@id":"https:\/\/sexocorporel.com\/fr\/institut-isi\/comite-de-direction-de-lisi\/#primaryimage","url":"https:\/\/sexocorporel.com\/wp-content\/uploads\/2023\/07\/Sybille-Stahlberg-217x300.jpg","contentUrl":"https:\/\/sexocorporel.com\/wp-content\/uploads\/2023\/07\/Sybille-Stahlberg-217x300.jpg"},{"@type":"BreadcrumbList","@id":"https:\/\/sexocorporel.com\/fr\/institut-isi\/comite-de-direction-de-lisi\/#breadcrumb","itemListElement":[{"@type":"ListItem","position":1,"name":"Startseite","item":"https:\/\/sexocorporel.com\/fr\/"},{"@type":"ListItem","position":2,"name":"Institut iSi","item":"https:\/\/sexocorporel.com\/fr\/institut-isi\/"},{"@type":"ListItem","position":3,"name":"Comit\u00e9 de Direction de l&#8217;iSi"}]},{"@type":"WebSite","@id":"https:\/\/sexocorporel.com\/fr\/#website","url":"https:\/\/sexocorporel.com\/fr\/","name":"Institut Sexocorporel International","description":"Jean-Yves Desjardins","publisher":{"@id":"https:\/\/sexocorporel.com\/fr\/#organization"},"potentialAction":[{"@type":"SearchAction","target":{"@type":"EntryPoint","urlTemplate":"https:\/\/sexocorporel.com\/fr\/?s={search_term_string}"},"query-input":{"@type":"PropertyValueSpecification","valueRequired":true,"valueName":"search_term_string"}}],"inLanguage":"fr-FR"},{"@type":"Organization","@id":"https:\/\/sexocorporel.com\/fr\/#organization","name":"Institut Sexocorporel International","url":"https:\/\/sexocorporel.com\/fr\/","logo":{"@type":"ImageObject","inLanguage":"fr-FR","@id":"https:\/\/sexocorporel.com\/fr\/#\/schema\/logo\/image\/","url":"https:\/\/sexocorporel.com\/wp-content\/uploads\/2020\/07\/cropped-629e6a99-4d9e-421b-b20e-8b428f763559-e1595527047446.jpg","contentUrl":"https:\/\/sexocorporel.com\/wp-content\/uploads\/2020\/07\/cropped-629e6a99-4d9e-421b-b20e-8b428f763559-e1595527047446.jpg","width":895,"height":270,"caption":"Institut Sexocorporel International"},"image":{"@id":"https:\/\/sexocorporel.com\/fr\/#\/schema\/logo\/image\/"}}]}},"_links":{"self":[{"href":"https:\/\/sexocorporel.com\/fr\/wp-json\/wp\/v2\/pages\/1427","targetHints":{"allow":["GET"]}}],"collection":[{"href":"https:\/\/sexocorporel.com\/fr\/wp-json\/wp\/v2\/pages"}],"about":[{"href":"https:\/\/sexocorporel.com\/fr\/wp-json\/wp\/v2\/types\/page"}],"author":[{"embeddable":true,"href":"https:\/\/sexocorporel.com\/fr\/wp-json\/wp\/v2\/users\/1"}],"replies":[{"embeddable":true,"href":"https:\/\/sexocorporel.com\/fr\/wp-json\/wp\/v2\/comments?post=1427"}],"version-history":[{"count":10,"href":"https:\/\/sexocorporel.com\/fr\/wp-json\/wp\/v2\/pages\/1427\/revisions"}],"predecessor-version":[{"id":7633,"href":"https:\/\/sexocorporel.com\/fr\/wp-json\/wp\/v2\/pages\/1427\/revisions\/7633"}],"up":[{"embeddable":true,"href":"https:\/\/sexocorporel.com\/fr\/wp-json\/wp\/v2\/pages\/1404"}],"wp:attachment":[{"href":"https:\/\/sexocorporel.com\/fr\/wp-json\/wp\/v2\/media?parent=1427"}],"curies":[{"name":"wp","href":"https:\/\/api.w.org\/{rel}","templated":true}]}}