{"id":1421,"date":"2020-06-30T21:48:30","date_gmt":"2020-06-30T19:48:30","guid":{"rendered":"https:\/\/sexocorporel.com\/isi-antrag-auf-mitgliedschaft\/"},"modified":"2024-07-04T10:25:18","modified_gmt":"2024-07-04T08:25:18","slug":"demande-dadhesion-a-lisi","status":"publish","type":"page","link":"https:\/\/sexocorporel.com\/fr\/institut-isi\/demande-dadhesion-a-lisi\/","title":{"rendered":"Demande d&#8217;adh\u00e9sion \u00e0 l&#8217;iSi"},"content":{"rendered":"\n<p>Mesdames et Messieurs<\/p>\n\n\n\n<p>Nous sommes heureux de vous offrir la possibilit\u00e9 de devenir membre de l&rsquo;Institut Sexocorporel International &#8211; Jean-Yves Desjardins.<br>L&rsquo;Institut a pour mission de soutenir la sexologie clinique, la formation et la recherche dans l&rsquo;approche Sexocorporelle.<br>L&rsquo;adh\u00e9sion vous apporte plusieurs avantages :<\/p>\n\n\n\n<ul class=\"wp-block-list\">\n<li>Vous recevrez une reconnaissance professionnelle au niveau international gr\u00e2ce \u00e0 l&rsquo;accr\u00e9ditation iSi selon votre cat\u00e9gorie de membre.<\/li>\n\n\n\n<li>Vous ferez partie du groupe officiel des professionnels du Sexocorporel.<\/li>\n\n\n\n<li>Vous pourrez maintenir le contact avec des coll\u00e8gues de plus de 6 pays.<\/li>\n\n\n\n<li>En tant que membre \u00e0 part enti\u00e8re, vous b\u00e9n\u00e9ficierez d&rsquo;une plate-forme publicitaire internationale en inscrivant votre nom sur le site www.sexocorporel.com.<\/li>\n\n\n\n<li>Vous recevrez des invitations \u00e0 toutes les formations de l&rsquo;iSi \u00e0 un prix r\u00e9duit.<\/li>\n\n\n\n<li>Vous b\u00e9n\u00e9ficierez d&rsquo;un abonnement gratuit \u00e0 la Revue \u00ab\u00a0Sant\u00e9 sexuelle\u00a0\u00bb de l&rsquo;iSi (\u00e9galement disponible en allemand \/ anglais) et pourrez ainsi vous tenir au courant des d\u00e9veloppements de Sexocorporel et de l&rsquo;Institut.<\/li>\n<\/ul>\n\n\n\n<p>Nous sommes fiers de faire partie d&rsquo;une grande \u00e9quipe dynamique et esp\u00e9rons bient\u00f4t vous compter parmi nous !<br><br>Avec mes meilleures salutations<br>Le Comit\u00e9 de Direction<\/p>\n\n\n\n<h5 class=\"wp-block-heading\">Devenir membre<\/h5>\n\n\n\n<p>Il existe diff\u00e9rents types d&rsquo;adh\u00e9sion (voir aussi les <a href=\"https:\/\/sexocorporel.com\/fr\/institut-isi\/regles-dadhesion\/\">r\u00e8gles d&rsquo;adh\u00e9sion<\/a>) :<\/p>\n\n\n\n<ul class=\"wp-block-list\">\n<li>Membre Titulaire (sexologue clinicien iSi)<\/li>\n\n\n\n<li>Membre Associ\u00e9<\/li>\n\n\n\n<li>Membre \u00c9tudiant (1\u00e8re-3\u00e8me session de formation)<\/li>\n\n\n\n<li>Membre Sympathisant<\/li>\n\n\n\n<li>Membre Honneur<\/li>\n<\/ul>\n\n\n\n<p>Pour devenir membre, veuillez-vous inscrire en ligne \u00e0 l&rsquo;aide de ce formulaire :<\/p>\n\n\n\n<div class=\"wp-block-columns is-layout-flex wp-container-core-columns-is-layout-9d6595d7 wp-block-columns-is-layout-flex\">\n<div class=\"wp-block-column is-vertically-aligned-center is-layout-flow wp-block-column-is-layout-flow\" style=\"flex-basis:66%\"> <div>\n<a href=https:\/\/sexocorporel.com\/fr\/enregistrer\/ class=\"outline-button\">\n\t\t<div class=\"outline-button single red\">\n\t<h5 class=\"block-link-button red small\">Inscrivez-vous ici\t<\/h5><div class=\"arrow small\"><\/div><\/div>\n<\/a>\n<\/div>\n\n\n\n<p><\/p>\n<\/div>\n\n\n\n<div class=\"wp-block-column is-layout-flow wp-block-column-is-layout-flow\"><\/div>\n<\/div>\n\n\n\n<h5 class=\"wp-block-heading\">Co\u00fbts et modes de paiement<\/h5>\n\n\n\n<h6 class=\"wp-block-heading\">CONTRIBUTION ANNUELLE :<\/h6>\n\n\n\n<ul class=\"wp-block-list\">\n<li>150 euros pour les membres titulaires (sexologue clinique iSi)<\/li>\n\n\n\n<li>90 euros pour les membres associ\u00e9s (1er niveau termin\u00e9)<\/li>\n\n\n\n<li>30 euros pour les membres \u00e9tudiants (les contributions des participants du 1er niveau sont pay\u00e9es par l&rsquo;institut de formation !)<\/li>\n\n\n\n<li>60 euros pour les membres sympathisants<\/li>\n<\/ul>\n\n\n\n<p>Vous pouvez payer la cotisation annuelle par virement bancaire sur les comptes de l&rsquo;iSi suivants.<\/p>\n\n\n\n<div class=\"wp-block-group\"><div class=\"wp-block-group__inner-container is-layout-constrained wp-block-group-is-layout-constrained\">\n<p class=\"has-text-align-left\">Tous les paiements en <strong>euros <\/strong>peuvent \u00eatre effectu\u00e9s sur le compte suivant:<\/p>\n\n\n\n<div class=\"wp-block-group is-vertical is-layout-flex wp-container-core-group-is-layout-8cf370e7 wp-block-group-is-layout-flex\">\n<p class=\"has-text-align-left\"><strong><strong>B\u00e9n\u00e9ficiaire<\/strong> : <\/strong>iSi Institut Sexocorporel International<\/p>\n\n\n\n<p class=\"has-text-align-left\"><strong>Nom de la banque :<\/strong> PostFinance AG<br><strong>IBAN :<\/strong> CH37 0900 0000 1639 5518 5<br><strong>BIC : <\/strong>POFICHBEXXX <\/p>\n\n\n\n<p class=\"has-text-align-left\"><strong>Adresse: <\/strong>Mingerstrasse 20, 3030 Bern<\/p>\n<\/div>\n\n\n\n<p><\/p>\n\n\n\n<p>Les membres de la <strong>Suisse <\/strong>doivent effectuer un virement sur le compte suivant.<br><strong>B\u00e9n\u00e9ficiaire : <\/strong>Institut Sexocorporel International <br><strong>Nom de la banque : <\/strong>PostFinance AG<br><strong>Adresse de la banque :<\/strong> Mingerstrasse 20, 3030 Bern<br><strong>IBAN :<\/strong> CH59 0900 0000 1639 5517 7<\/p>\n\n\n\n<p><strong>BIC:<\/strong> POFICHBEXXX<\/p>\n\n\n\n<p>Veuillez comprendre que l&rsquo;iSi ne peut accepter aucun frais pour les devises \u00e9trang\u00e8res et les virements bancaires.<\/p>\n<\/div><\/div>\n","protected":false},"excerpt":{"rendered":"<p>Mesdames et Messieurs Nous sommes heureux de vous offrir la possibilit\u00e9 de devenir membre de l&rsquo;Institut Sexocorporel International &#8211; Jean-Yves Desjardins.L&rsquo;Institut a pour mission de soutenir la sexologie clinique, la formation et la recherche dans l&rsquo;approche Sexocorporelle.L&rsquo;adh\u00e9sion vous apporte plusieurs avantages : Nous sommes fiers de faire partie d&rsquo;une grande \u00e9quipe dynamique et esp\u00e9rons bient\u00f4t [&hellip;]<\/p>\n","protected":false},"author":1,"featured_media":0,"parent":1404,"menu_order":100,"comment_status":"closed","ping_status":"closed","template":"","meta":{"footnotes":""},"class_list":["post-1421","page","type-page","status-publish","hentry"],"featured_image_src":null,"yoast_head":"<!-- This site is optimized with the Yoast SEO plugin v26.8 - https:\/\/yoast.com\/product\/yoast-seo-wordpress\/ -->\n<title>Demande d&#039;adh\u00e9sion \u00e0 l&#039;Institut Sexocorporel International - iSi<\/title>\n<meta name=\"description\" content=\"Trouvez le formulaire de demande d&#039;adh\u00e9sion \u00e0 l&#039;Institut Sexocorporel International, le mod\u00e8le de r\u00e9f\u00e9rence en mati\u00e8re de sexoth\u00e9rapie du Professeur Dr Jean-Yves Desjardins\" \/>\n<meta name=\"robots\" content=\"index, follow, max-snippet:-1, max-image-preview:large, max-video-preview:-1\" \/>\n<link rel=\"canonical\" href=\"https:\/\/sexocorporel.com\/fr\/institut-isi\/demande-dadhesion-a-lisi\/\" \/>\n<meta property=\"og:locale\" content=\"fr_FR\" \/>\n<meta property=\"og:type\" content=\"article\" \/>\n<meta property=\"og:title\" content=\"Demande d&#039;adh\u00e9sion \u00e0 l&#039;Institut Sexocorporel International - iSi\" \/>\n<meta property=\"og:description\" content=\"Trouvez le formulaire de demande d&#039;adh\u00e9sion \u00e0 l&#039;Institut Sexocorporel International, le mod\u00e8le de r\u00e9f\u00e9rence en mati\u00e8re de sexoth\u00e9rapie du Professeur Dr Jean-Yves Desjardins\" \/>\n<meta property=\"og:url\" content=\"https:\/\/sexocorporel.com\/fr\/institut-isi\/demande-dadhesion-a-lisi\/\" \/>\n<meta property=\"og:site_name\" content=\"Institut Sexocorporel International\" \/>\n<meta property=\"article:modified_time\" content=\"2024-07-04T08:25:18+00:00\" \/>\n<meta name=\"twitter:card\" content=\"summary_large_image\" \/>\n<meta name=\"twitter:label1\" content=\"Dur\u00e9e de lecture estim\u00e9e\" \/>\n\t<meta name=\"twitter:data1\" content=\"3 minutes\" \/>\n<script type=\"application\/ld+json\" class=\"yoast-schema-graph\">{\"@context\":\"https:\/\/schema.org\",\"@graph\":[{\"@type\":\"WebPage\",\"@id\":\"https:\/\/sexocorporel.com\/fr\/institut-isi\/demande-dadhesion-a-lisi\/\",\"url\":\"https:\/\/sexocorporel.com\/fr\/institut-isi\/demande-dadhesion-a-lisi\/\",\"name\":\"Demande d'adh\u00e9sion \u00e0 l'Institut Sexocorporel International - iSi\",\"isPartOf\":{\"@id\":\"https:\/\/sexocorporel.com\/fr\/#website\"},\"datePublished\":\"2020-06-30T19:48:30+00:00\",\"dateModified\":\"2024-07-04T08:25:18+00:00\",\"description\":\"Trouvez le formulaire de demande d'adh\u00e9sion \u00e0 l'Institut Sexocorporel International, le mod\u00e8le de r\u00e9f\u00e9rence en mati\u00e8re de sexoth\u00e9rapie du Professeur Dr Jean-Yves Desjardins\",\"breadcrumb\":{\"@id\":\"https:\/\/sexocorporel.com\/fr\/institut-isi\/demande-dadhesion-a-lisi\/#breadcrumb\"},\"inLanguage\":\"fr-FR\",\"potentialAction\":[{\"@type\":\"ReadAction\",\"target\":[\"https:\/\/sexocorporel.com\/fr\/institut-isi\/demande-dadhesion-a-lisi\/\"]}]},{\"@type\":\"BreadcrumbList\",\"@id\":\"https:\/\/sexocorporel.com\/fr\/institut-isi\/demande-dadhesion-a-lisi\/#breadcrumb\",\"itemListElement\":[{\"@type\":\"ListItem\",\"position\":1,\"name\":\"Startseite\",\"item\":\"https:\/\/sexocorporel.com\/fr\/\"},{\"@type\":\"ListItem\",\"position\":2,\"name\":\"Institut iSi\",\"item\":\"https:\/\/sexocorporel.com\/fr\/institut-isi\/\"},{\"@type\":\"ListItem\",\"position\":3,\"name\":\"Demande d&#8217;adh\u00e9sion \u00e0 l&#8217;iSi\"}]},{\"@type\":\"WebSite\",\"@id\":\"https:\/\/sexocorporel.com\/fr\/#website\",\"url\":\"https:\/\/sexocorporel.com\/fr\/\",\"name\":\"Institut Sexocorporel International\",\"description\":\"Jean-Yves Desjardins\",\"publisher\":{\"@id\":\"https:\/\/sexocorporel.com\/fr\/#organization\"},\"potentialAction\":[{\"@type\":\"SearchAction\",\"target\":{\"@type\":\"EntryPoint\",\"urlTemplate\":\"https:\/\/sexocorporel.com\/fr\/?s={search_term_string}\"},\"query-input\":{\"@type\":\"PropertyValueSpecification\",\"valueRequired\":true,\"valueName\":\"search_term_string\"}}],\"inLanguage\":\"fr-FR\"},{\"@type\":\"Organization\",\"@id\":\"https:\/\/sexocorporel.com\/fr\/#organization\",\"name\":\"Institut Sexocorporel International\",\"url\":\"https:\/\/sexocorporel.com\/fr\/\",\"logo\":{\"@type\":\"ImageObject\",\"inLanguage\":\"fr-FR\",\"@id\":\"https:\/\/sexocorporel.com\/fr\/#\/schema\/logo\/image\/\",\"url\":\"https:\/\/sexocorporel.com\/wp-content\/uploads\/2020\/07\/cropped-629e6a99-4d9e-421b-b20e-8b428f763559-e1595527047446.jpg\",\"contentUrl\":\"https:\/\/sexocorporel.com\/wp-content\/uploads\/2020\/07\/cropped-629e6a99-4d9e-421b-b20e-8b428f763559-e1595527047446.jpg\",\"width\":895,\"height\":270,\"caption\":\"Institut Sexocorporel International\"},\"image\":{\"@id\":\"https:\/\/sexocorporel.com\/fr\/#\/schema\/logo\/image\/\"}}]}<\/script>\n<!-- \/ Yoast SEO plugin. -->","yoast_head_json":{"title":"Demande d'adh\u00e9sion \u00e0 l'Institut Sexocorporel International - iSi","description":"Trouvez le formulaire de demande d'adh\u00e9sion \u00e0 l'Institut Sexocorporel International, le mod\u00e8le de r\u00e9f\u00e9rence en mati\u00e8re de sexoth\u00e9rapie du Professeur Dr Jean-Yves Desjardins","robots":{"index":"index","follow":"follow","max-snippet":"max-snippet:-1","max-image-preview":"max-image-preview:large","max-video-preview":"max-video-preview:-1"},"canonical":"https:\/\/sexocorporel.com\/fr\/institut-isi\/demande-dadhesion-a-lisi\/","og_locale":"fr_FR","og_type":"article","og_title":"Demande d'adh\u00e9sion \u00e0 l'Institut Sexocorporel International - iSi","og_description":"Trouvez le formulaire de demande d'adh\u00e9sion \u00e0 l'Institut Sexocorporel International, le mod\u00e8le de r\u00e9f\u00e9rence en mati\u00e8re de sexoth\u00e9rapie du Professeur Dr Jean-Yves Desjardins","og_url":"https:\/\/sexocorporel.com\/fr\/institut-isi\/demande-dadhesion-a-lisi\/","og_site_name":"Institut Sexocorporel International","article_modified_time":"2024-07-04T08:25:18+00:00","twitter_card":"summary_large_image","twitter_misc":{"Dur\u00e9e de lecture estim\u00e9e":"3 minutes"},"schema":{"@context":"https:\/\/schema.org","@graph":[{"@type":"WebPage","@id":"https:\/\/sexocorporel.com\/fr\/institut-isi\/demande-dadhesion-a-lisi\/","url":"https:\/\/sexocorporel.com\/fr\/institut-isi\/demande-dadhesion-a-lisi\/","name":"Demande d'adh\u00e9sion \u00e0 l'Institut Sexocorporel International - iSi","isPartOf":{"@id":"https:\/\/sexocorporel.com\/fr\/#website"},"datePublished":"2020-06-30T19:48:30+00:00","dateModified":"2024-07-04T08:25:18+00:00","description":"Trouvez le formulaire de demande d'adh\u00e9sion \u00e0 l'Institut Sexocorporel International, le mod\u00e8le de r\u00e9f\u00e9rence en mati\u00e8re de sexoth\u00e9rapie du Professeur Dr Jean-Yves Desjardins","breadcrumb":{"@id":"https:\/\/sexocorporel.com\/fr\/institut-isi\/demande-dadhesion-a-lisi\/#breadcrumb"},"inLanguage":"fr-FR","potentialAction":[{"@type":"ReadAction","target":["https:\/\/sexocorporel.com\/fr\/institut-isi\/demande-dadhesion-a-lisi\/"]}]},{"@type":"BreadcrumbList","@id":"https:\/\/sexocorporel.com\/fr\/institut-isi\/demande-dadhesion-a-lisi\/#breadcrumb","itemListElement":[{"@type":"ListItem","position":1,"name":"Startseite","item":"https:\/\/sexocorporel.com\/fr\/"},{"@type":"ListItem","position":2,"name":"Institut iSi","item":"https:\/\/sexocorporel.com\/fr\/institut-isi\/"},{"@type":"ListItem","position":3,"name":"Demande d&#8217;adh\u00e9sion \u00e0 l&#8217;iSi"}]},{"@type":"WebSite","@id":"https:\/\/sexocorporel.com\/fr\/#website","url":"https:\/\/sexocorporel.com\/fr\/","name":"Institut Sexocorporel International","description":"Jean-Yves Desjardins","publisher":{"@id":"https:\/\/sexocorporel.com\/fr\/#organization"},"potentialAction":[{"@type":"SearchAction","target":{"@type":"EntryPoint","urlTemplate":"https:\/\/sexocorporel.com\/fr\/?s={search_term_string}"},"query-input":{"@type":"PropertyValueSpecification","valueRequired":true,"valueName":"search_term_string"}}],"inLanguage":"fr-FR"},{"@type":"Organization","@id":"https:\/\/sexocorporel.com\/fr\/#organization","name":"Institut Sexocorporel International","url":"https:\/\/sexocorporel.com\/fr\/","logo":{"@type":"ImageObject","inLanguage":"fr-FR","@id":"https:\/\/sexocorporel.com\/fr\/#\/schema\/logo\/image\/","url":"https:\/\/sexocorporel.com\/wp-content\/uploads\/2020\/07\/cropped-629e6a99-4d9e-421b-b20e-8b428f763559-e1595527047446.jpg","contentUrl":"https:\/\/sexocorporel.com\/wp-content\/uploads\/2020\/07\/cropped-629e6a99-4d9e-421b-b20e-8b428f763559-e1595527047446.jpg","width":895,"height":270,"caption":"Institut Sexocorporel International"},"image":{"@id":"https:\/\/sexocorporel.com\/fr\/#\/schema\/logo\/image\/"}}]}},"_links":{"self":[{"href":"https:\/\/sexocorporel.com\/fr\/wp-json\/wp\/v2\/pages\/1421","targetHints":{"allow":["GET"]}}],"collection":[{"href":"https:\/\/sexocorporel.com\/fr\/wp-json\/wp\/v2\/pages"}],"about":[{"href":"https:\/\/sexocorporel.com\/fr\/wp-json\/wp\/v2\/types\/page"}],"author":[{"embeddable":true,"href":"https:\/\/sexocorporel.com\/fr\/wp-json\/wp\/v2\/users\/1"}],"replies":[{"embeddable":true,"href":"https:\/\/sexocorporel.com\/fr\/wp-json\/wp\/v2\/comments?post=1421"}],"version-history":[{"count":10,"href":"https:\/\/sexocorporel.com\/fr\/wp-json\/wp\/v2\/pages\/1421\/revisions"}],"predecessor-version":[{"id":7310,"href":"https:\/\/sexocorporel.com\/fr\/wp-json\/wp\/v2\/pages\/1421\/revisions\/7310"}],"up":[{"embeddable":true,"href":"https:\/\/sexocorporel.com\/fr\/wp-json\/wp\/v2\/pages\/1404"}],"wp:attachment":[{"href":"https:\/\/sexocorporel.com\/fr\/wp-json\/wp\/v2\/media?parent=1421"}],"curies":[{"name":"wp","href":"https:\/\/api.w.org\/{rel}","templated":true}]}}