{"id":1414,"date":"2020-07-02T02:34:43","date_gmt":"2020-07-02T00:34:43","guid":{"rendered":"https:\/\/sexocorporel.com\/mitgliederordnung\/"},"modified":"2025-05-07T15:51:09","modified_gmt":"2025-05-07T13:51:09","slug":"regles-dadhesion","status":"publish","type":"page","link":"https:\/\/sexocorporel.com\/fr\/institut-isi\/regles-dadhesion\/","title":{"rendered":"R\u00e8gles d&#8217;adh\u00e9sion"},"content":{"rendered":"\n<h3 class=\"wp-block-heading red\">Les fondateurs de l&rsquo;institut<\/h3>\n\n\n\n<p>L&rsquo;Institut a \u00e9t\u00e9 fond\u00e9 le 28 avril 2004 par Jean-Yves Desjardins et divers coll\u00e8gues form\u00e9s par lui, qui ont uni leurs forces pour sa cr\u00e9ation.<br>Les fondateurs de l&rsquo;Institut sont des personnes ayant apport\u00e9 une contribution financi\u00e8re et professionnelle pour assurer la diffusion du Sexocorporel en Europe et en Am\u00e9rique. Ces personnes m\u00e9ritent notre attention et notre reconnaissance.<br>La liste des fondateurs de l&rsquo;iSi se trouve <a href=\"https:\/\/sexocorporel.com\/fr\/institut-isi\/\">ici<\/a>.<\/p>\n\n\n\n<div style=\"height:50px\" aria-hidden=\"true\" class=\"wp-block-spacer\"><\/div>\n\n\n\n<h3 class=\"wp-block-heading red\">Cat\u00e9gories de membres<\/h3>\n\n\n\n<p>Il y a 5 cat\u00e9gories d&rsquo;adh\u00e9sions possibles<\/p>\n\n\n\n<ul class=\"wp-block-list\">\n<li>Membre d&rsquo;Honneur<\/li>\n\n\n\n<li>Membre Titulaire certifi\u00e9 de l&rsquo;iSi : Sexologue clinicien iSi<\/li>\n\n\n\n<li>Membre Associ\u00e9<\/li>\n\n\n\n<li>Membre Etudiant (en formation au niveau 1-3)<\/li>\n\n\n\n<li>Membre Sympathique<\/li>\n\n\n\n<li>Membre externe affili\u00e9 \u00e0 l&rsquo;iSi<\/li>\n<\/ul>\n\n\n\n<div style=\"height:50px\" aria-hidden=\"true\" class=\"wp-block-spacer\"><\/div>\n\n\n\n<h4 class=\"wp-block-heading red\">Membre d&rsquo;Honneur<\/h4>\n\n\n\n<ul class=\"wp-block-list\">\n<li>Le professeur Jean-Yves Desjardins est membre d&rsquo;Honneur de l&rsquo;Institut et porte le titre de \u00ab\u00a0Pr\u00e9sident d&rsquo;Honneur de l&rsquo;Institut\u00a0\u00bb ad personam et \u00e0 vie (seul titre qu&rsquo;il d\u00e9tient).<\/li>\n\n\n\n<li>Toute personne qui a \u00e9t\u00e9 invit\u00e9e par le Comit\u00e9 Directeur de iSi et qui a accept\u00e9 cette nomination par \u00e9crit devient membre d&rsquo;Honneur. Cette personne jouit d&rsquo;un haut niveau de reconnaissance professionnelle &#8211; principalement dans le domaine de la sexologie, mais pas n\u00e9cessairement &#8211; et a contribu\u00e9 de mani\u00e8re significative au d\u00e9veloppement du Sexocorporel.<\/li>\n\n\n\n<li>Le membre d&rsquo;Honneur n&rsquo;a pas n\u00e9cessairement une formation en Sexocorporel.<\/li>\n\n\n\n<li>Le Comit\u00e9 Directeur de l&rsquo;iSi soumet la proposition de nomination d&rsquo;un membre d&rsquo;Honneur \u00e0 l&rsquo;Assembl\u00e9e G\u00e9n\u00e9rale. Ce n&rsquo;est qu&rsquo;apr\u00e8s approbation de celle-ci que la personne concern\u00e9e sera inform\u00e9e et, si elle le souhaite, donner son accord.<\/li>\n\n\n\n<li>Le titre de membre d&rsquo;Honneur n&rsquo;est pas en soi une autorit\u00e9 pour enseigner le Sexocorporel.<\/li>\n\n\n\n<li>Le membre d&rsquo;Honneur est exempt\u00e9 du paiement de la cotisation.<\/li>\n\n\n\n<li>La lettre avec la demande de nomination d&rsquo;une personne comme membre d&rsquo;Honneur et sa r\u00e9ponse (si elle est donn\u00e9e) seront conserv\u00e9es dans les archives de l&rsquo;iSi.<\/li>\n\n\n\n<li>Les droits et privil\u00e8ges du membre d&rsquo;Honneur, ainsi que son \u00e9ventuelle exclusion, sont r\u00e9gis par les statuts de l&rsquo;Institut.<\/li>\n<\/ul>\n\n\n\n<div style=\"height:50px\" aria-hidden=\"true\" class=\"wp-block-spacer\"><\/div>\n\n\n\n<h4 class=\"wp-block-heading red\">Membre Titulaires &#8211;<br>Sexologue clinicien iSi<\/h4>\n\n\n\n<ul class=\"wp-block-list\">\n<li>Pour devenir membre titulaire, une personne doit s&rsquo;adresser \u00e0 la Commission d&rsquo;adh\u00e9sion des membres et \u00eatre recommand\u00e9e par deux membres certifi\u00e9s de l&rsquo;iSi. La recommandation doit \u00eatre faite par une lettre sign\u00e9e dans laquelle les parrains expliqueent pourquoi ils soutiennent cette personne.<\/li>\n\n\n\n<li>La demande \u00e0 la <a href=\"https:\/\/sexocorporel.com\/fr\/institut-isi\/commissions-isi\/\" target=\"_blank\" rel=\"noreferrer noopener\">commission des membres<\/a> doit tenir compte du multilinguisme de la commission. Une traduction avec, par exemple, deepl.com est suffisante.<\/li>\n\n\n\n<li>Le membre titulaire sera nomm\u00e9 par le Comit\u00e9 Directeure de l&rsquo;iSi sur recommandation de la commission des membres.<\/li>\n\n\n\n<li>La personne doit r\u00e9pondre aux crit\u00e8res suivants :\n<ul class=\"wp-block-list\">\n<li>Avoir un certificat ou une attestation de formation de base en sexologie ou une formation jug\u00e9e \u00e9quivalente par la commission des membres et le Comit\u00e9 Directeur de l&rsquo;iSi, ou avoir effectu\u00e9 un travail \u00e9quivalent \u00e0 une formation de base en sexologie.<\/li>\n\n\n\n<li>Avoir suivi avec succ\u00e8s trois niveaux de formation en Sexocorporel sous la supervision de conf\u00e9renciers agr\u00e9\u00e9s par l&rsquo;iSi et \u00eatre titulaire du \u00a0\u00bb Certificat de fin d&rsquo;\u00e9tudes en Sexocorporel \u00a0\u00bb d\u00e9livr\u00e9 par l&rsquo;iSi.<\/li>\n\n\n\n<li>Exercer une activit\u00e9 professionnelle en sexologie clinique comprenant au moins 5 heures de sexoth\u00e9rapie par semaine, et ce au cours des six derniers mois.<\/li>\n\n\n\n<li>Avoir suivi au moins 50 heures de supervision et de formation en Sexocorporel. Ces 50 heures doivent comprendre au moins 30 heures de supervision, dont au moins 10 heures de supervision individuelle (c&rsquo;est-\u00e0-dire seul avec un superviseur).<\/li>\n\n\n\n<li>\u00catre membre Associ\u00e9 de l&rsquo;iSi depuis au moins 2 ans (avec paiement de la cotisation annuelle).<\/li>\n<\/ul>\n<\/li>\n<\/ul>\n\n\n\n<ul class=\"wp-block-list\">\n<li>D\u00e8s que le membre est reconnu comme certifi\u00e9, il ou elle est \u00e9galement \u00ab\u00a0Sexologue clinicien iSi\u00a0\u00bb et re\u00e7oit un certificat. <\/li>\n\n\n\n<li>La Commission des membres peut \u00e0 tout moment v\u00e9rifier les donn\u00e9es d&rsquo;un membre titulaire et proposer au Comit\u00e9 ex\u00e9cutif &#8211; qui d\u00e9cide en dernier ressort &#8211; de changer le membre en question de cat\u00e9gorie s&rsquo;il ne remplit plus les crit\u00e8res des r\u00e8gles d&rsquo;adh\u00e9sion actuelles.<\/li>\n\n\n\n<li>Les droits et privil\u00e8ges du membre effectif, ainsi que son \u00e9ventuelle exclusion, sont r\u00e9gis par les statuts de l&rsquo;Institut.<\/li>\n<\/ul>\n\n\n\n<div style=\"height:50px\" aria-hidden=\"true\" class=\"wp-block-spacer\"><\/div>\n\n\n\n<h4 class=\"wp-block-heading red\">Membre Associ\u00e9<\/h4>\n\n\n\n<ul class=\"wp-block-list\">\n<li>Pour obtenir le titre de membre associ\u00e9, une personne doit s&rsquo;adresser au secr\u00e9tariat de l&rsquo;iSi en utilisant le formulaire de demande.<\/li>\n\n\n\n<li>Le membre associ\u00e9 doit avoir suivi au moins un stage de formation en Sexocorporel.<\/li>\n\n\n\n<li>Le passage de membre \u00e9tudiant ou sympathisant \u00e0 membre associ\u00e9 n&rsquo;est pas \u00ab\u00a0automatique\u00a0\u00bb.<\/li>\n\n\n\n<li>Lorsqu&rsquo;un membre associ\u00e9 prend sa retraite ou abandonne son activit\u00e9 professionnelle, il peut entrer dans la cat\u00e9gorie de membre sympathisant, \u00e0 condition que le comit\u00e9 d&rsquo;adh\u00e9sion l&rsquo;approuve.<\/li>\n\n\n\n<li>Les droits et privil\u00e8ges du membre associ\u00e9, ainsi que son \u00e9ventuelle expulsion, sont r\u00e9glement\u00e9s dans les statuts de l&rsquo;Institut.<\/li>\n<\/ul>\n\n\n\n<div style=\"height:50px\" aria-hidden=\"true\" class=\"wp-block-spacer\"><\/div>\n\n\n\n<h4 class=\"wp-block-heading red\">Membre \u00c9tudiant<\/h4>\n\n\n\n<ul class=\"wp-block-list\">\n<li>En tant que participant \u00e0 une formation en Sexocorporel reconnue par l&rsquo;iSi, l&rsquo;adh\u00e9sion en tant que membre \u00e9tudiant de l&rsquo;iSi devient obligatoire. Cela permet au membre \u00e9tudiant de soutenir l&rsquo;Institut, de recevoir gratuitement les Revues et de s&rsquo;informer sur les diff\u00e9rentes activit\u00e9s de l&rsquo;iSi.<\/li>\n\n\n\n<li>Les Instituts de formation respectifs sont responsables de la demande d&rsquo;adh\u00e9sion et du paiement de la cotisation des \u00e9tudiants du cours de base (1er niveau). Par la suite, les \u00e9tudiants membres qui poursuivent leur formation sont responsables du paiement de leur cotisation par eux-m\u00eames.<\/li>\n\n\n\n<li>Au d\u00e9but du cours d&rsquo;approfondissement (2e niveau), il est possible de demander l&rsquo;adh\u00e9sion en tant que \u00a0\u00bb membre Associ\u00e9 \u00ab\u00a0. L&rsquo;adh\u00e9sion en tant que titulaire de 2 ans est requise pour la certification en tant que sexologue clinique iSi. Si tel n&rsquo;est pas le but, l&rsquo;adh\u00e9sion peut \u00eatre \u00e9tendue \u00e0 tous les cours de formation en tant que \u00ab\u00a0membre \u00e9tudiant\u00a0\u00bb.<\/li>\n\n\n\n<li>Il n&rsquo;y a pas de transfert \u00ab\u00a0automatique\u00a0\u00bb de la cat\u00e9gorie de membre \u00e9tudiant \u00e0 celle de membre associ\u00e9 ou de membre sympathisant. Une demande officielle doit \u00eatre faite par le membre et renouvel\u00e9e chaque ann\u00e9e.<\/li>\n\n\n\n<li>Le membre \u00e9tudiant doit \u00eatre un \u00e9tudiant participant \u00e0 un cours de formation en Sexocorporel reconnu par l&rsquo;iSi.<\/li>\n\n\n\n<li>Les droits et privil\u00e8ges du membre \u00e9tudiant (ainsi que son \u00e9ventuelle exclusion) sont r\u00e9gis par les statuts de l&rsquo;Institut.<\/li>\n<\/ul>\n\n\n\n<div style=\"height:50px\" aria-hidden=\"true\" class=\"wp-block-spacer\"><\/div>\n\n\n\n<h4 class=\"wp-block-heading red\">Membre Sympathisant<\/h4>\n\n\n\n<ul class=\"wp-block-list\">\n<li>Toute personne qui s&rsquo;int\u00e9resse au Sexocorporel, mais qui ne r\u00e9pond pas aux crit\u00e8res des autres cat\u00e9gories peut devenir membre de Sympathisant (par exemple, une personne qui participe aux s\u00e9minaires \u00ab\u00a0Vivre en Amour\u00a0\u00bb, un professionnel ayant une exp\u00e9rience clinique, un retrait\u00e9, des personnes ayant une exp\u00e9rience dans l&rsquo;\u00e9ducation ou la p\u00e9dagogie, etc.)<\/li>\n\n\n\n<li>Pour obtenir le titre de membre sympathisant, une personne doit s&rsquo;adresser au secr\u00e9tariat de l&rsquo;iSi au moyen d&rsquo;un formulaire de demande d&rsquo;adh\u00e9sion.<\/li>\n\n\n\n<li>Les droits et privil\u00e8ges du membre sympathisant, ainsi que son \u00e9ventuelle exclusion, sont r\u00e9gis par les statuts de l&rsquo;institut.<\/li>\n<\/ul>\n\n\n\n<div style=\"height:100px\" aria-hidden=\"true\" class=\"wp-block-spacer\"><\/div>\n\n\n\n<h4 class=\"wp-block-heading red\">Membre externe affili\u00e9 \u00e0 l&rsquo;iSi<\/h4>\n\n\n\n<ul class=\"wp-block-list\">\n<li>Cette cat\u00e9gorie est ouverte aux sexologues d&rsquo;autres \u00e9coles et formations.<\/li>\n\n\n\n<li>Pour obtenir le titre de membre externe affili\u00e9 iSi, une personne doit en faire la demande aupr\u00e8s du secr\u00e9tariat de l&rsquo;iSi au moyen du formulaire d&rsquo;adh\u00e9sion.<\/li>\n\n\n\n<li>Les droits et pr\u00e9rogatives du membre externe affili\u00e9 iSi, ainsi que son exclusion \u00e9ventuelle, sont r\u00e9gis par les statuts de l&rsquo;institut.<\/li>\n<\/ul>\n\n\n\n<div style=\"height:50px\" aria-hidden=\"true\" class=\"wp-block-spacer\"><\/div>\n\n\n\n<h4 class=\"wp-block-heading red\">Paiement des cotisations<\/h4>\n\n\n\n<ul class=\"wp-block-list\">\n<li>Le paiement des cotisations doit \u00eatre effectu\u00e9 avant l&rsquo;Assembl\u00e9e g\u00e9n\u00e9rale, au plus tard avant le 30 juin de l&rsquo;ann\u00e9e en cours.<\/li>\n\n\n\n<li>Si une personne ne paie pas sa cotisation avant le 30 juin de l&rsquo;ann\u00e9e en cours (ou avant l&rsquo;Assembl\u00e9e g\u00e9n\u00e9rale si elle a lieu avant le mois de juin), elle n&rsquo;a pas le droit de vote et perd ses droits de membre (par exemple, r\u00e9ception de la revue, et des r\u00e9ductions).<\/li>\n\n\n\n<li>Pour redevenir membre, la personne doit \u00e9galement payer les frais de r\u00e9ouverture de son dossier, soit 50 euros.<\/li>\n<\/ul>\n\n\n\n<div style=\"height:50px\" aria-hidden=\"true\" class=\"wp-block-spacer\"><\/div>\n\n\n\n<h4 class=\"wp-block-heading red\">Les frais d&rsquo;adh\u00e9sion :<\/h4>\n\n\n\n<figure class=\"wp-block-table\"><table><tbody><tr><td><strong>Adh\u00e9sion<\/strong><\/td><td><strong>Cotisation annuelle en euros<\/strong><\/td><\/tr><tr><td>Membre d&rsquo;Honneur<\/td><td>&#8211;<\/td><\/tr><tr><td>Membre Titulaire<\/td><td>150,-<\/td><\/tr><tr><td>Membre Associ\u00e9<\/td><td>90,-<\/td><\/tr><tr><td>Membre \u00c9tudiant<\/td><td>30,-<\/td><\/tr><tr><td>Membre Sympathisant<\/td><td>60,-<\/td><\/tr><tr><td>Membre externe affili\u00e9 \u00e0 l&rsquo;iSi<\/td><td>60,-<\/td><\/tr><\/tbody><\/table><\/figure>\n","protected":false},"excerpt":{"rendered":"<p>Les fondateurs de l&rsquo;institut L&rsquo;Institut a \u00e9t\u00e9 fond\u00e9 le 28 avril 2004 par Jean-Yves Desjardins et divers coll\u00e8gues form\u00e9s par lui, qui ont uni leurs forces pour sa cr\u00e9ation.Les fondateurs de l&rsquo;Institut sont des personnes ayant apport\u00e9 une contribution financi\u00e8re et professionnelle pour assurer la diffusion du Sexocorporel en Europe et en Am\u00e9rique. Ces personnes [&hellip;]<\/p>\n","protected":false},"author":1,"featured_media":0,"parent":1404,"menu_order":71,"comment_status":"closed","ping_status":"closed","template":"","meta":{"footnotes":""},"class_list":["post-1414","page","type-page","status-publish","hentry"],"featured_image_src":null,"yoast_head":"<!-- This site is optimized with the Yoast SEO plugin v26.8 - https:\/\/yoast.com\/product\/yoast-seo-wordpress\/ -->\n<title>R\u00e8gles d&#039;adh\u00e9sion \u00e0 l&#039;Institut Sexocorporel International - iSi<\/title>\n<meta name=\"description\" content=\"Retrouvez les conditions d&#039;adh\u00e9sion \u00e0 l&#039;Institut Sexocorporel International.\" \/>\n<meta name=\"robots\" content=\"index, follow, max-snippet:-1, max-image-preview:large, max-video-preview:-1\" \/>\n<link rel=\"canonical\" href=\"https:\/\/sexocorporel.com\/fr\/institut-isi\/regles-dadhesion\/\" \/>\n<meta property=\"og:locale\" content=\"fr_FR\" \/>\n<meta property=\"og:type\" content=\"article\" \/>\n<meta property=\"og:title\" content=\"R\u00e8gles d&#039;adh\u00e9sion \u00e0 l&#039;Institut Sexocorporel International - iSi\" \/>\n<meta property=\"og:description\" content=\"Retrouvez les conditions d&#039;adh\u00e9sion \u00e0 l&#039;Institut Sexocorporel International.\" \/>\n<meta property=\"og:url\" content=\"https:\/\/sexocorporel.com\/fr\/institut-isi\/regles-dadhesion\/\" \/>\n<meta property=\"og:site_name\" content=\"Institut Sexocorporel International\" \/>\n<meta property=\"article:modified_time\" content=\"2025-05-07T13:51:09+00:00\" \/>\n<meta name=\"twitter:card\" content=\"summary_large_image\" \/>\n<meta name=\"twitter:label1\" content=\"Dur\u00e9e de lecture estim\u00e9e\" \/>\n\t<meta name=\"twitter:data1\" content=\"7 minutes\" \/>\n<script type=\"application\/ld+json\" class=\"yoast-schema-graph\">{\"@context\":\"https:\/\/schema.org\",\"@graph\":[{\"@type\":\"WebPage\",\"@id\":\"https:\/\/sexocorporel.com\/fr\/institut-isi\/regles-dadhesion\/\",\"url\":\"https:\/\/sexocorporel.com\/fr\/institut-isi\/regles-dadhesion\/\",\"name\":\"R\u00e8gles d'adh\u00e9sion \u00e0 l'Institut Sexocorporel International - iSi\",\"isPartOf\":{\"@id\":\"https:\/\/sexocorporel.com\/fr\/#website\"},\"datePublished\":\"2020-07-02T00:34:43+00:00\",\"dateModified\":\"2025-05-07T13:51:09+00:00\",\"description\":\"Retrouvez les conditions d'adh\u00e9sion \u00e0 l'Institut Sexocorporel International.\",\"breadcrumb\":{\"@id\":\"https:\/\/sexocorporel.com\/fr\/institut-isi\/regles-dadhesion\/#breadcrumb\"},\"inLanguage\":\"fr-FR\",\"potentialAction\":[{\"@type\":\"ReadAction\",\"target\":[\"https:\/\/sexocorporel.com\/fr\/institut-isi\/regles-dadhesion\/\"]}]},{\"@type\":\"BreadcrumbList\",\"@id\":\"https:\/\/sexocorporel.com\/fr\/institut-isi\/regles-dadhesion\/#breadcrumb\",\"itemListElement\":[{\"@type\":\"ListItem\",\"position\":1,\"name\":\"Startseite\",\"item\":\"https:\/\/sexocorporel.com\/fr\/\"},{\"@type\":\"ListItem\",\"position\":2,\"name\":\"Institut iSi\",\"item\":\"https:\/\/sexocorporel.com\/fr\/institut-isi\/\"},{\"@type\":\"ListItem\",\"position\":3,\"name\":\"R\u00e8gles d&#8217;adh\u00e9sion\"}]},{\"@type\":\"WebSite\",\"@id\":\"https:\/\/sexocorporel.com\/fr\/#website\",\"url\":\"https:\/\/sexocorporel.com\/fr\/\",\"name\":\"Institut Sexocorporel International\",\"description\":\"Jean-Yves Desjardins\",\"publisher\":{\"@id\":\"https:\/\/sexocorporel.com\/fr\/#organization\"},\"potentialAction\":[{\"@type\":\"SearchAction\",\"target\":{\"@type\":\"EntryPoint\",\"urlTemplate\":\"https:\/\/sexocorporel.com\/fr\/?s={search_term_string}\"},\"query-input\":{\"@type\":\"PropertyValueSpecification\",\"valueRequired\":true,\"valueName\":\"search_term_string\"}}],\"inLanguage\":\"fr-FR\"},{\"@type\":\"Organization\",\"@id\":\"https:\/\/sexocorporel.com\/fr\/#organization\",\"name\":\"Institut Sexocorporel International\",\"url\":\"https:\/\/sexocorporel.com\/fr\/\",\"logo\":{\"@type\":\"ImageObject\",\"inLanguage\":\"fr-FR\",\"@id\":\"https:\/\/sexocorporel.com\/fr\/#\/schema\/logo\/image\/\",\"url\":\"https:\/\/sexocorporel.com\/wp-content\/uploads\/2020\/07\/cropped-629e6a99-4d9e-421b-b20e-8b428f763559-e1595527047446.jpg\",\"contentUrl\":\"https:\/\/sexocorporel.com\/wp-content\/uploads\/2020\/07\/cropped-629e6a99-4d9e-421b-b20e-8b428f763559-e1595527047446.jpg\",\"width\":895,\"height\":270,\"caption\":\"Institut Sexocorporel International\"},\"image\":{\"@id\":\"https:\/\/sexocorporel.com\/fr\/#\/schema\/logo\/image\/\"}}]}<\/script>\n<!-- \/ Yoast SEO plugin. -->","yoast_head_json":{"title":"R\u00e8gles d'adh\u00e9sion \u00e0 l'Institut Sexocorporel International - iSi","description":"Retrouvez les conditions d'adh\u00e9sion \u00e0 l'Institut Sexocorporel International.","robots":{"index":"index","follow":"follow","max-snippet":"max-snippet:-1","max-image-preview":"max-image-preview:large","max-video-preview":"max-video-preview:-1"},"canonical":"https:\/\/sexocorporel.com\/fr\/institut-isi\/regles-dadhesion\/","og_locale":"fr_FR","og_type":"article","og_title":"R\u00e8gles d'adh\u00e9sion \u00e0 l'Institut Sexocorporel International - iSi","og_description":"Retrouvez les conditions d'adh\u00e9sion \u00e0 l'Institut Sexocorporel International.","og_url":"https:\/\/sexocorporel.com\/fr\/institut-isi\/regles-dadhesion\/","og_site_name":"Institut Sexocorporel International","article_modified_time":"2025-05-07T13:51:09+00:00","twitter_card":"summary_large_image","twitter_misc":{"Dur\u00e9e de lecture estim\u00e9e":"7 minutes"},"schema":{"@context":"https:\/\/schema.org","@graph":[{"@type":"WebPage","@id":"https:\/\/sexocorporel.com\/fr\/institut-isi\/regles-dadhesion\/","url":"https:\/\/sexocorporel.com\/fr\/institut-isi\/regles-dadhesion\/","name":"R\u00e8gles d'adh\u00e9sion \u00e0 l'Institut Sexocorporel International - iSi","isPartOf":{"@id":"https:\/\/sexocorporel.com\/fr\/#website"},"datePublished":"2020-07-02T00:34:43+00:00","dateModified":"2025-05-07T13:51:09+00:00","description":"Retrouvez les conditions d'adh\u00e9sion \u00e0 l'Institut Sexocorporel International.","breadcrumb":{"@id":"https:\/\/sexocorporel.com\/fr\/institut-isi\/regles-dadhesion\/#breadcrumb"},"inLanguage":"fr-FR","potentialAction":[{"@type":"ReadAction","target":["https:\/\/sexocorporel.com\/fr\/institut-isi\/regles-dadhesion\/"]}]},{"@type":"BreadcrumbList","@id":"https:\/\/sexocorporel.com\/fr\/institut-isi\/regles-dadhesion\/#breadcrumb","itemListElement":[{"@type":"ListItem","position":1,"name":"Startseite","item":"https:\/\/sexocorporel.com\/fr\/"},{"@type":"ListItem","position":2,"name":"Institut iSi","item":"https:\/\/sexocorporel.com\/fr\/institut-isi\/"},{"@type":"ListItem","position":3,"name":"R\u00e8gles d&#8217;adh\u00e9sion"}]},{"@type":"WebSite","@id":"https:\/\/sexocorporel.com\/fr\/#website","url":"https:\/\/sexocorporel.com\/fr\/","name":"Institut Sexocorporel International","description":"Jean-Yves Desjardins","publisher":{"@id":"https:\/\/sexocorporel.com\/fr\/#organization"},"potentialAction":[{"@type":"SearchAction","target":{"@type":"EntryPoint","urlTemplate":"https:\/\/sexocorporel.com\/fr\/?s={search_term_string}"},"query-input":{"@type":"PropertyValueSpecification","valueRequired":true,"valueName":"search_term_string"}}],"inLanguage":"fr-FR"},{"@type":"Organization","@id":"https:\/\/sexocorporel.com\/fr\/#organization","name":"Institut Sexocorporel International","url":"https:\/\/sexocorporel.com\/fr\/","logo":{"@type":"ImageObject","inLanguage":"fr-FR","@id":"https:\/\/sexocorporel.com\/fr\/#\/schema\/logo\/image\/","url":"https:\/\/sexocorporel.com\/wp-content\/uploads\/2020\/07\/cropped-629e6a99-4d9e-421b-b20e-8b428f763559-e1595527047446.jpg","contentUrl":"https:\/\/sexocorporel.com\/wp-content\/uploads\/2020\/07\/cropped-629e6a99-4d9e-421b-b20e-8b428f763559-e1595527047446.jpg","width":895,"height":270,"caption":"Institut Sexocorporel International"},"image":{"@id":"https:\/\/sexocorporel.com\/fr\/#\/schema\/logo\/image\/"}}]}},"_links":{"self":[{"href":"https:\/\/sexocorporel.com\/fr\/wp-json\/wp\/v2\/pages\/1414","targetHints":{"allow":["GET"]}}],"collection":[{"href":"https:\/\/sexocorporel.com\/fr\/wp-json\/wp\/v2\/pages"}],"about":[{"href":"https:\/\/sexocorporel.com\/fr\/wp-json\/wp\/v2\/types\/page"}],"author":[{"embeddable":true,"href":"https:\/\/sexocorporel.com\/fr\/wp-json\/wp\/v2\/users\/1"}],"replies":[{"embeddable":true,"href":"https:\/\/sexocorporel.com\/fr\/wp-json\/wp\/v2\/comments?post=1414"}],"version-history":[{"count":9,"href":"https:\/\/sexocorporel.com\/fr\/wp-json\/wp\/v2\/pages\/1414\/revisions"}],"predecessor-version":[{"id":7566,"href":"https:\/\/sexocorporel.com\/fr\/wp-json\/wp\/v2\/pages\/1414\/revisions\/7566"}],"up":[{"embeddable":true,"href":"https:\/\/sexocorporel.com\/fr\/wp-json\/wp\/v2\/pages\/1404"}],"wp:attachment":[{"href":"https:\/\/sexocorporel.com\/fr\/wp-json\/wp\/v2\/media?parent=1414"}],"curies":[{"name":"wp","href":"https:\/\/api.w.org\/{rel}","templated":true}]}}