{"id":1389,"date":"2020-05-28T22:32:23","date_gmt":"2020-05-28T20:32:23","guid":{"rendered":"https:\/\/sexocorporel.com\/seminare\/"},"modified":"2023-03-09T10:25:32","modified_gmt":"2023-03-09T09:25:32","slug":"seminaires","status":"publish","type":"page","link":"https:\/\/sexocorporel.com\/fr\/seminaires\/","title":{"rendered":"S\u00e9minaires Vivre en amour"},"content":{"rendered":"\n<figure class=\"wp-block-image alignfull size-large header-image center\"><img loading=\"lazy\" decoding=\"async\" width=\"1024\" height=\"351\" src=\"https:\/\/sexocorporel.com\/wp-content\/uploads\/2021\/11\/saint_malo-1-1024x351.jpg\" alt=\"\" class=\"wp-image-4867\" srcset=\"https:\/\/sexocorporel.com\/wp-content\/uploads\/2021\/11\/saint_malo-1-1024x351.jpg 1024w, https:\/\/sexocorporel.com\/wp-content\/uploads\/2021\/11\/saint_malo-1-300x103.jpg 300w, https:\/\/sexocorporel.com\/wp-content\/uploads\/2021\/11\/saint_malo-1-768x263.jpg 768w, https:\/\/sexocorporel.com\/wp-content\/uploads\/2021\/11\/saint_malo-1-1536x527.jpg 1536w, https:\/\/sexocorporel.com\/wp-content\/uploads\/2021\/11\/saint_malo-1-1200x412.jpg 1200w, https:\/\/sexocorporel.com\/wp-content\/uploads\/2021\/11\/saint_malo-1.jpg 1799w\" sizes=\"auto, (max-width: 1024px) 100vw, 1024px\" \/><\/figure>\n\n\n\n<h1 class=\"wp-block-heading\">5 s\u00e9minaires pour tous<\/h1>\n\n\n\n<p>Les s\u00e9minaires \u00ab\u00a0Vivre en amour\u00a0\u00bb sont ouverts \u00e0 toute personne (c\u00e9libataire ou en couple, quelque soit son orientation sexuelle) souhaitant acqu\u00e9rir de nouveaux outils pour relever le d\u00e9fi d\u2019une vie amoureuse et sexuelle enrichissante et harmonieuse. <\/p>\n\n\n\n<p>Les ateliers en fran\u00e7ais ont lieu \u00e0 Saint Malo\/France et Gen\u00e8ve\/La Suisse. <\/p>\n\n\n\n<p>\u00c1 Saint Malo c&rsquo;est r\u00e9alis\u00e9 par l&rsquo;Association Sexocorporel de l&rsquo;Ouest <a href=\"http:\/\/www.asexo.fr\/\" target=\"_blank\" rel=\"noreferrer noopener\">A.Sex.O. <\/a><\/p>\n\n\n\n<p><a href=\"http:\/\/www.asexo.fr\/les-seminaires-vivres-en-amour-vea\/\" target=\"_blank\" rel=\"noreferrer noopener\">> Plus d&rsquo;informations, dates et inscription<\/a><\/p>\n\n\n\n<p>\u00c1 Gen\u00e8ve c&rsquo;est r\u00e9alis\u00e9 par l&rsquo;Institut SexoCorporel Arc Jurassien.<\/p>\n\n\n\n<p><a href=\"https:\/\/www.sex-o-log.ch\/vivre-en-amour\/presentation-du-vivre-en-amour\/\" target=\"_blank\" rel=\"noreferrer noopener\">> Plus d&rsquo;informations, dates et inscription<\/a><\/p>\n\n\n\n<h4 class=\"wp-block-heading\">Les conf\u00e9rences portaient sur les 5 th\u00e8mes :<\/h4>\n\n\n\n<div class=\"wp-block-columns is-layout-flex wp-container-core-columns-is-layout-9d6595d7 wp-block-columns-is-layout-flex\">\n<div class=\"wp-block-column is-layout-flow wp-block-column-is-layout-flow\">\n<div id=\"Die-weibliche-Erotik\"><\/div>\n\n\n<div class=\"single-column main \">\n<div class=\"single-columns-box \n\t\t\tred border \">\n\n<h3 class=\" red\"> \u00c9rotisme au f\u00e9minin<\/h3>\n<p class=\"teaser\"> <\/p>\n<p><ul>\n<li>Un \u00e9clairage nouveau sur la v\u00e9ritable nature de la sexualit\u00e9 f\u00e9minine.<\/li>\n<li>Des rep\u00e8res pour permettre \u00e0 la femme de mieux se situer dans son d\u00e9veloppement sexuel actuel.<\/li>\n<li>Des moyens pour d\u00e9velopper des habilet\u00e9s dans l\u2019affirmation de sa f\u00e9minit\u00e9 et dans ses apprentissages \u00e9rotiques, personnels et relationnels.<\/li>\n<li>Pour l\u2019homme, une meilleure connaissance de la femme ce qui l\u2019aidera \u00e0 d\u00e9velopper ses propres habilet\u00e9s \u00e9rotiques.<\/li>\n<\/ul><\/p>\n<\/div>\n\t<\/div>\n\n\n\n<p><\/p>\n<\/div>\n\n\n\n<div class=\"wp-block-column is-layout-flow wp-block-column-is-layout-flow\">\n<div id=\"Die-maennliche-Erotik\"><\/div>\n\n\n<div class=\"single-column main \">\n<div class=\"single-columns-box \n\t\t\t\">\n\n<h3 class=\" blue\"> \u00c9rotisme au masculin<\/h3>\n<p class=\"teaser\"> <\/p>\n<p><ul>\n<li>Un \u00e9clairage nouveau sur la v\u00e9ritable nature de la sexualit\u00e9 masculine.<\/li>\n<li>Des rep\u00e8res pour permettre \u00e0 l\u2019homme de mieux se situer dans son d\u00e9veloppement sexuel<\/li>\n<li>Pour donner aux hommes des habilet\u00e9s de base dans l\u2019affirmation de leur masculinit\u00e9 et dans leurs apprentissages \u00e9rotiques, personnels et relationnels.<\/li>\n<li>Pour donner aux femmes des moyens de mieux go\u00fbter et appr\u00e9cier la masculinit\u00e9.<\/li>\n<\/ul><\/p>\n<\/div>\n\t<\/div>\n\n\n\n<p><\/p>\n<\/div>\n<\/div>\n\n\n\n<div class=\"wp-block-columns is-layout-flex wp-container-core-columns-is-layout-9d6595d7 wp-block-columns-is-layout-flex\">\n<div class=\"wp-block-column is-layout-flow wp-block-column-is-layout-flow\">\n<div id=\"liebesgefuehle-und sexuelles-begehren\"><\/div>\n\n\n<div class=\"single-column main \">\n<div class=\"single-columns-box \n\t\t\t\">\n\n<h3 class=\" blue\"> D\u00e9sir sexuel et sentiment amoureux<\/h3>\n<p class=\"teaser\"> <\/p>\n<p><ul>\n<li>Pour mieux comprendre et distinguer le sentiment amoureux et le d\u00e9sir sexuel.<\/li>\n<li>Pour pouvoir maintenir le sentiment amoureux, mieux le vivre dans la r\u00e9alit\u00e9 et recr\u00e9er une complicit\u00e9 avec l\u2019autre.<\/li>\n<li>Pour mettre en place ou renforcer le d\u00e9sir sexuel et ramener une sexualit\u00e9 agr\u00e9able au sein de votre couple.<\/li>\n<\/ul><\/p>\n<\/div>\n\t<\/div>\n\n\n\n<p><\/p>\n<\/div>\n\n\n\n<div class=\"wp-block-column is-layout-flow wp-block-column-is-layout-flow\">\n<div id=\"Verfuehrung-und-Kommunikation\"><\/div>\n\n\n<div class=\"single-column main \">\n<div class=\"single-columns-box \n\t\t\tred border \">\n\n<h3 class=\" red\"> S\u00e9duction et communication<\/h3>\n<p class=\"teaser\"> <\/p>\n<p><ul>\n<li>Pour mieux comprendre la nature et le fonctionnement de la s\u00e9duction et de la communication.<\/li>\n<li>Pour d\u00e9couvrir les liens indissociables entre l\u2019art de s\u00e9duire et l\u2019art de communiquer.<\/li>\n<li>Pour savoir comment utiliser des strat\u00e9gies efficaces de s\u00e9duction et pour am\u00e9liorer la communication au sein du couple.<\/li>\n<li>Pour savoir quelles habilet\u00e9s \u00e0 mettre en place afin de faire na\u00eetre, rena\u00eetre ou pour d\u00e9velopper la s\u00e9duction et la communication \u00e9rotique au sein du couple.<\/li>\n<\/ul><\/p>\n<\/div>\n\t<\/div>\n<\/div>\n<\/div>\n\n\n\n<div class=\"wp-block-columns is-layout-flex wp-container-core-columns-is-layout-9d6595d7 wp-block-columns-is-layout-flex\">\n<div class=\"wp-block-column is-layout-flow wp-block-column-is-layout-flow\">\n<div id=\"Erotische-Faehigkeiten\"><\/div>\n\n\n<div class=\"single-column main \">\n<div class=\"single-columns-box \n\t\t\tred border \">\n\n<h3 class=\" red\"> Habilet\u00e9s \u00e9rotiques<\/h3>\n<p class=\"teaser\"> <\/p>\n<p><ul>\n<li>Pour rep\u00e9rer les diff\u00e9rentes \u00e9tapes de l\u2019agir \u00e9rotique.<\/li>\n<li>Pour mieux comprendre le fonctionnement sexuel de l\u2019homme et de la femme (deux r\u00e9alit\u00e9s bien diff\u00e9rentes).<\/li>\n<li>Pour mieux exprimer ses d\u00e9sirs, ses besoins et son amour pour l\u2019autre.<\/li>\n<li>Pour am\u00e9liorer la qualit\u00e9 de la rencontres \u00e9rotique et l\u2019expression de l\u2019amour.<\/li>\n<\/ul><\/p>\n<\/div>\n\t<\/div>\n<\/div>\n\n\n\n<div class=\"wp-block-column is-layout-flow wp-block-column-is-layout-flow\"><\/div>\n<\/div>\n\n\n\n<p><\/p>\n\n\n\n<p><\/p>\n","protected":false},"excerpt":{"rendered":"<p>5 s\u00e9minaires pour tous Les s\u00e9minaires \u00ab\u00a0Vivre en amour\u00a0\u00bb sont ouverts \u00e0 toute personne (c\u00e9libataire ou en couple, quelque soit son orientation sexuelle) souhaitant acqu\u00e9rir de nouveaux outils pour relever le d\u00e9fi d\u2019une vie amoureuse et sexuelle enrichissante et harmonieuse. Les ateliers en fran\u00e7ais ont lieu \u00e0 Saint Malo\/France et Gen\u00e8ve\/La Suisse. \u00c1 Saint Malo [&hellip;]<\/p>\n","protected":false},"author":1,"featured_media":0,"parent":0,"menu_order":120,"comment_status":"closed","ping_status":"closed","template":"","meta":{"footnotes":""},"class_list":["post-1389","page","type-page","status-publish","hentry"],"featured_image_src":null,"yoast_head":"<!-- This site is optimized with the Yoast SEO plugin v26.8 - https:\/\/yoast.com\/product\/yoast-seo-wordpress\/ -->\n<title>S\u00e9minaires &quot;Vivre en Amour&quot; - iSi<\/title>\n<meta name=\"description\" content=\"Ces s\u00e9minaires s&#039;adressent \u00e0 toutes les personnes qui doivent relever le d\u00e9fi de mener une vie harmonieuse enrichie par le sexe et l&#039;amour\" \/>\n<meta name=\"robots\" content=\"index, follow, max-snippet:-1, max-image-preview:large, max-video-preview:-1\" \/>\n<link rel=\"canonical\" href=\"https:\/\/sexocorporel.com\/fr\/seminaires\/\" \/>\n<meta property=\"og:locale\" content=\"fr_FR\" \/>\n<meta property=\"og:type\" content=\"article\" \/>\n<meta property=\"og:title\" content=\"S\u00e9minaires &quot;Vivre en Amour&quot; - iSi\" \/>\n<meta property=\"og:description\" content=\"Ces s\u00e9minaires s&#039;adressent \u00e0 toutes les personnes qui doivent relever le d\u00e9fi de mener une vie harmonieuse enrichie par le sexe et l&#039;amour\" \/>\n<meta property=\"og:url\" content=\"https:\/\/sexocorporel.com\/fr\/seminaires\/\" \/>\n<meta property=\"og:site_name\" content=\"Institut Sexocorporel International\" \/>\n<meta property=\"article:modified_time\" content=\"2023-03-09T09:25:32+00:00\" \/>\n<meta property=\"og:image\" content=\"https:\/\/sexocorporel.com\/wp-content\/uploads\/2021\/11\/saint_malo-1-1024x351.jpg\" \/>\n<meta name=\"twitter:card\" content=\"summary_large_image\" \/>\n<meta name=\"twitter:label1\" content=\"Dur\u00e9e de lecture estim\u00e9e\" \/>\n\t<meta name=\"twitter:data1\" content=\"1 minute\" \/>\n<script type=\"application\/ld+json\" class=\"yoast-schema-graph\">{\"@context\":\"https:\/\/schema.org\",\"@graph\":[{\"@type\":\"WebPage\",\"@id\":\"https:\/\/sexocorporel.com\/fr\/seminaires\/\",\"url\":\"https:\/\/sexocorporel.com\/fr\/seminaires\/\",\"name\":\"S\u00e9minaires \\\"Vivre en Amour\\\" - iSi\",\"isPartOf\":{\"@id\":\"https:\/\/sexocorporel.com\/fr\/#website\"},\"primaryImageOfPage\":{\"@id\":\"https:\/\/sexocorporel.com\/fr\/seminaires\/#primaryimage\"},\"image\":{\"@id\":\"https:\/\/sexocorporel.com\/fr\/seminaires\/#primaryimage\"},\"thumbnailUrl\":\"https:\/\/sexocorporel.com\/wp-content\/uploads\/2021\/11\/saint_malo-1-1024x351.jpg\",\"datePublished\":\"2020-05-28T20:32:23+00:00\",\"dateModified\":\"2023-03-09T09:25:32+00:00\",\"description\":\"Ces s\u00e9minaires s'adressent \u00e0 toutes les personnes qui doivent relever le d\u00e9fi de mener une vie harmonieuse enrichie par le sexe et l'amour\",\"breadcrumb\":{\"@id\":\"https:\/\/sexocorporel.com\/fr\/seminaires\/#breadcrumb\"},\"inLanguage\":\"fr-FR\",\"potentialAction\":[{\"@type\":\"ReadAction\",\"target\":[\"https:\/\/sexocorporel.com\/fr\/seminaires\/\"]}]},{\"@type\":\"ImageObject\",\"inLanguage\":\"fr-FR\",\"@id\":\"https:\/\/sexocorporel.com\/fr\/seminaires\/#primaryimage\",\"url\":\"https:\/\/sexocorporel.com\/wp-content\/uploads\/2021\/11\/saint_malo-1-1024x351.jpg\",\"contentUrl\":\"https:\/\/sexocorporel.com\/wp-content\/uploads\/2021\/11\/saint_malo-1-1024x351.jpg\"},{\"@type\":\"BreadcrumbList\",\"@id\":\"https:\/\/sexocorporel.com\/fr\/seminaires\/#breadcrumb\",\"itemListElement\":[{\"@type\":\"ListItem\",\"position\":1,\"name\":\"Startseite\",\"item\":\"https:\/\/sexocorporel.com\/fr\/\"},{\"@type\":\"ListItem\",\"position\":2,\"name\":\"S\u00e9minaires Vivre en amour\"}]},{\"@type\":\"WebSite\",\"@id\":\"https:\/\/sexocorporel.com\/fr\/#website\",\"url\":\"https:\/\/sexocorporel.com\/fr\/\",\"name\":\"Institut Sexocorporel International\",\"description\":\"Jean-Yves Desjardins\",\"publisher\":{\"@id\":\"https:\/\/sexocorporel.com\/fr\/#organization\"},\"potentialAction\":[{\"@type\":\"SearchAction\",\"target\":{\"@type\":\"EntryPoint\",\"urlTemplate\":\"https:\/\/sexocorporel.com\/fr\/?s={search_term_string}\"},\"query-input\":{\"@type\":\"PropertyValueSpecification\",\"valueRequired\":true,\"valueName\":\"search_term_string\"}}],\"inLanguage\":\"fr-FR\"},{\"@type\":\"Organization\",\"@id\":\"https:\/\/sexocorporel.com\/fr\/#organization\",\"name\":\"Institut Sexocorporel International\",\"url\":\"https:\/\/sexocorporel.com\/fr\/\",\"logo\":{\"@type\":\"ImageObject\",\"inLanguage\":\"fr-FR\",\"@id\":\"https:\/\/sexocorporel.com\/fr\/#\/schema\/logo\/image\/\",\"url\":\"https:\/\/sexocorporel.com\/wp-content\/uploads\/2020\/07\/cropped-629e6a99-4d9e-421b-b20e-8b428f763559-e1595527047446.jpg\",\"contentUrl\":\"https:\/\/sexocorporel.com\/wp-content\/uploads\/2020\/07\/cropped-629e6a99-4d9e-421b-b20e-8b428f763559-e1595527047446.jpg\",\"width\":895,\"height\":270,\"caption\":\"Institut Sexocorporel International\"},\"image\":{\"@id\":\"https:\/\/sexocorporel.com\/fr\/#\/schema\/logo\/image\/\"}}]}<\/script>\n<!-- \/ Yoast SEO plugin. -->","yoast_head_json":{"title":"S\u00e9minaires \"Vivre en Amour\" - iSi","description":"Ces s\u00e9minaires s'adressent \u00e0 toutes les personnes qui doivent relever le d\u00e9fi de mener une vie harmonieuse enrichie par le sexe et l'amour","robots":{"index":"index","follow":"follow","max-snippet":"max-snippet:-1","max-image-preview":"max-image-preview:large","max-video-preview":"max-video-preview:-1"},"canonical":"https:\/\/sexocorporel.com\/fr\/seminaires\/","og_locale":"fr_FR","og_type":"article","og_title":"S\u00e9minaires \"Vivre en Amour\" - iSi","og_description":"Ces s\u00e9minaires s'adressent \u00e0 toutes les personnes qui doivent relever le d\u00e9fi de mener une vie harmonieuse enrichie par le sexe et l'amour","og_url":"https:\/\/sexocorporel.com\/fr\/seminaires\/","og_site_name":"Institut Sexocorporel International","article_modified_time":"2023-03-09T09:25:32+00:00","og_image":[{"url":"https:\/\/sexocorporel.com\/wp-content\/uploads\/2021\/11\/saint_malo-1-1024x351.jpg","type":"","width":"","height":""}],"twitter_card":"summary_large_image","twitter_misc":{"Dur\u00e9e de lecture estim\u00e9e":"1 minute"},"schema":{"@context":"https:\/\/schema.org","@graph":[{"@type":"WebPage","@id":"https:\/\/sexocorporel.com\/fr\/seminaires\/","url":"https:\/\/sexocorporel.com\/fr\/seminaires\/","name":"S\u00e9minaires \"Vivre en Amour\" - iSi","isPartOf":{"@id":"https:\/\/sexocorporel.com\/fr\/#website"},"primaryImageOfPage":{"@id":"https:\/\/sexocorporel.com\/fr\/seminaires\/#primaryimage"},"image":{"@id":"https:\/\/sexocorporel.com\/fr\/seminaires\/#primaryimage"},"thumbnailUrl":"https:\/\/sexocorporel.com\/wp-content\/uploads\/2021\/11\/saint_malo-1-1024x351.jpg","datePublished":"2020-05-28T20:32:23+00:00","dateModified":"2023-03-09T09:25:32+00:00","description":"Ces s\u00e9minaires s'adressent \u00e0 toutes les personnes qui doivent relever le d\u00e9fi de mener une vie harmonieuse enrichie par le sexe et l'amour","breadcrumb":{"@id":"https:\/\/sexocorporel.com\/fr\/seminaires\/#breadcrumb"},"inLanguage":"fr-FR","potentialAction":[{"@type":"ReadAction","target":["https:\/\/sexocorporel.com\/fr\/seminaires\/"]}]},{"@type":"ImageObject","inLanguage":"fr-FR","@id":"https:\/\/sexocorporel.com\/fr\/seminaires\/#primaryimage","url":"https:\/\/sexocorporel.com\/wp-content\/uploads\/2021\/11\/saint_malo-1-1024x351.jpg","contentUrl":"https:\/\/sexocorporel.com\/wp-content\/uploads\/2021\/11\/saint_malo-1-1024x351.jpg"},{"@type":"BreadcrumbList","@id":"https:\/\/sexocorporel.com\/fr\/seminaires\/#breadcrumb","itemListElement":[{"@type":"ListItem","position":1,"name":"Startseite","item":"https:\/\/sexocorporel.com\/fr\/"},{"@type":"ListItem","position":2,"name":"S\u00e9minaires Vivre en amour"}]},{"@type":"WebSite","@id":"https:\/\/sexocorporel.com\/fr\/#website","url":"https:\/\/sexocorporel.com\/fr\/","name":"Institut Sexocorporel International","description":"Jean-Yves Desjardins","publisher":{"@id":"https:\/\/sexocorporel.com\/fr\/#organization"},"potentialAction":[{"@type":"SearchAction","target":{"@type":"EntryPoint","urlTemplate":"https:\/\/sexocorporel.com\/fr\/?s={search_term_string}"},"query-input":{"@type":"PropertyValueSpecification","valueRequired":true,"valueName":"search_term_string"}}],"inLanguage":"fr-FR"},{"@type":"Organization","@id":"https:\/\/sexocorporel.com\/fr\/#organization","name":"Institut Sexocorporel International","url":"https:\/\/sexocorporel.com\/fr\/","logo":{"@type":"ImageObject","inLanguage":"fr-FR","@id":"https:\/\/sexocorporel.com\/fr\/#\/schema\/logo\/image\/","url":"https:\/\/sexocorporel.com\/wp-content\/uploads\/2020\/07\/cropped-629e6a99-4d9e-421b-b20e-8b428f763559-e1595527047446.jpg","contentUrl":"https:\/\/sexocorporel.com\/wp-content\/uploads\/2020\/07\/cropped-629e6a99-4d9e-421b-b20e-8b428f763559-e1595527047446.jpg","width":895,"height":270,"caption":"Institut Sexocorporel International"},"image":{"@id":"https:\/\/sexocorporel.com\/fr\/#\/schema\/logo\/image\/"}}]}},"_links":{"self":[{"href":"https:\/\/sexocorporel.com\/fr\/wp-json\/wp\/v2\/pages\/1389","targetHints":{"allow":["GET"]}}],"collection":[{"href":"https:\/\/sexocorporel.com\/fr\/wp-json\/wp\/v2\/pages"}],"about":[{"href":"https:\/\/sexocorporel.com\/fr\/wp-json\/wp\/v2\/types\/page"}],"author":[{"embeddable":true,"href":"https:\/\/sexocorporel.com\/fr\/wp-json\/wp\/v2\/users\/1"}],"replies":[{"embeddable":true,"href":"https:\/\/sexocorporel.com\/fr\/wp-json\/wp\/v2\/comments?post=1389"}],"version-history":[{"count":9,"href":"https:\/\/sexocorporel.com\/fr\/wp-json\/wp\/v2\/pages\/1389\/revisions"}],"predecessor-version":[{"id":6025,"href":"https:\/\/sexocorporel.com\/fr\/wp-json\/wp\/v2\/pages\/1389\/revisions\/6025"}],"wp:attachment":[{"href":"https:\/\/sexocorporel.com\/fr\/wp-json\/wp\/v2\/media?parent=1389"}],"curies":[{"name":"wp","href":"https:\/\/api.w.org\/{rel}","templated":true}]}}