{"id":1377,"date":"2020-07-01T00:03:13","date_gmt":"2020-06-30T22:03:13","guid":{"rendered":"https:\/\/sexocorporel.com\/zertifizierungslehrgang\/"},"modified":"2021-02-07T22:50:56","modified_gmt":"2021-02-07T21:50:56","slug":"3eme-niveau","status":"publish","type":"page","link":"https:\/\/sexocorporel.com\/fr\/formation\/3eme-niveau\/","title":{"rendered":"3\u00e8me niveau"},"content":{"rendered":"\n<h3 class=\"wp-block-heading\">Objectifs g\u00e9n\u00e9raux :<\/h3>\n\n\n\n<ul class=\"wp-block-list\"><li>Comprendre les fondements th\u00e9oriques du Sexocorporel.<\/li><li>En tant que sexologue clinicien, il peut enseigner aux clients les comp\u00e9tences et les \u00e9tapes d&rsquo;apprentissage du Sexocorporel.<\/li><\/ul>\n\n\n\n<h3 class=\"wp-block-heading\">Objectifs sp\u00e9cifiques :<\/h3>\n\n\n\n<h4 class=\"wp-block-heading\">Connaissances :<\/h4>\n\n\n\n<ul class=\"wp-block-list\"><li>Ma\u00eetrise des interrelations et des interactions entre les diff\u00e9rentes composantes du mod\u00e8le de la fonctionnalit\u00e9 sexuelle<\/li><\/ul>\n\n\n\n<h4 class=\"wp-block-heading\">Capacit\u00e9s physiologiques&nbsp;:<\/h4>\n\n\n\n<ul class=\"wp-block-list\"><li>Ma\u00eetriser l&rsquo;enseignement des comp\u00e9tences sexocorporelles aux patients, notamment types de respiration, centrage, posture, tension musculaire, rythmes, amplitude de mouvement, dissociation des mouvements du corps, double bascule, etc.<\/li><\/ul>\n\n\n\n<h4 class=\"wp-block-heading\">Capacit\u00e9s sexodynamiques :<\/h4>\n\n\n\n<ul class=\"wp-block-list\"><li>Ma\u00eetrise les forces et les limites de toutes les composantes sexodynamiques qui interagissent dans l&rsquo;exp\u00e9rience sexuelle humaine.<\/li><li>Int\u00e9gration de toutes les composantes sexodynamiques : plaisir sexuel, d\u00e9sir sexuel, codes d&rsquo;attraction sexuelle, assertivit\u00e9 sexuelle, intensit\u00e9 sexuelle, sens du genre, intrusivit\u00e9 et r\u00e9ceptivit\u00e9 sexuelles.<\/li><li>Int\u00e9gration du lien entre la qualit\u00e9 de la fonction d&rsquo;excitation et la qualit\u00e9 de l&rsquo;exp\u00e9rience \u00e9rotique personnelle et de celle du partenaire.<\/li><\/ul>\n\n\n\n<h4 class=\"wp-block-heading\">Capacit\u00e9s cognitives&nbsp;:<\/h4>\n\n\n\n<ul class=\"wp-block-list\"><li>Ma\u00eetrise des connaissances scientifiques dans le domaine de la sexologie clinique (d\u00e9veloppement sexuel, fonction sexuelle, etc.)<\/li><\/ul>\n\n\n\n<h4 class=\"wp-block-heading\">L\u2019intervention en th\u00e9rapie sexuelle&nbsp;:<\/h4>\n\n\n\n<ul class=\"wp-block-list\"><li>Ma\u00eetrise de l&rsquo;\u00e9valuation Sexocorporelle.<\/li><li>Ma\u00eetrise l&rsquo;analyse de la structure physique de la tension sexuelle et la signification intrapsychique de la dynamique du corps. Ma\u00eetrise du contenu, des activit\u00e9s et de la structure des traitements.<\/li><li>Ma\u00eetriser des techniques de th\u00e9rapie sexuelle des diff\u00e9rents traitements Sexocorporel, de l&rsquo;excitation sexuelle \u00e0 la sensation de genre.<\/li><\/ul>\n\n\n\n<h3 class=\"wp-block-heading\">Contenu th\u00e9orique des modules :<\/h3>\n\n\n\n<p>Ceux-ci correspondent \u00e0 la th\u00e9orie mentionn\u00e9e dans l&rsquo;aper\u00e7u de l&rsquo;approche. Les \u00e9tudiants encadrent directement les d\u00e9butants dans les ateliers des 2 premiers modules. Dans les modules cliniques, ils participent \u00e0 l&rsquo;enseignement clinique dans des jeux de r\u00f4le en tant que patients fictifs ou en tant que th\u00e9rapeutes. Ils travaillent en petits groupes avec un responsable pour enseigner les comp\u00e9tences sexocorporelles aux patients.<\/p>\n\n\n\n<h3 class=\"wp-block-heading\">Validation en tant que sexologue clinique ISI :<\/h3>\n\n\n\n<ul class=\"wp-block-list\"><li>Supervisions<\/li><li>Les \u00e9l\u00e8ves d\u00e9montrent leur capacit\u00e9 \u00e0 transmettre des \u00e9l\u00e9ments cognitifs ainsi que des \u00e9tapes d&rsquo;apprentissage concr\u00e8tes, des comp\u00e9tences interpersonnelles (empathie) et la capacit\u00e9 \u00e0 objectiver.<\/li><li>Bref compte-rendu \u00e9crit de l&rsquo;auto-\u00e9valuation de ses propres capacit\u00e9s pour une observation objective et pour transmettre les \u00e9tapes d&rsquo;apprentissage \u00e0 la fin de chaque session.<\/li><li>Pr\u00e9paration d&rsquo;un r\u00e9sum\u00e9 \u00e9crit qui est discut\u00e9 et examin\u00e9 en petit groupe pour validation par les responsables de formation.<\/li><li>Participation au cycle Vivre en Amour, s&rsquo;il est propos\u00e9 dans la r\u00e9gion.<\/li><li>Suivi de 4 jours de sexologie m\u00e9dicale, 4 jours de psychopathologie et\/ou 4 jours de technique de conseil (\u00e9ventuellement r\u00e9alis\u00e9s dans le cadre de la formation professionnelle initiale).<\/li><\/ul>\n\n\n\n<h3 class=\"wp-block-heading\">Certification :<\/h3>\n\n\n\n<p>\u00ab\u00a0Certificat de fin d&rsquo;\u00e9tudes de sexologie clinique. Certificat de sexologue clinicien ISI\u00a0\u00bb<\/p>\n","protected":false},"excerpt":{"rendered":"<p>Objectifs g\u00e9n\u00e9raux : Comprendre les fondements th\u00e9oriques du Sexocorporel. En tant que sexologue clinicien, il peut enseigner aux clients les comp\u00e9tences et les \u00e9tapes d&rsquo;apprentissage du Sexocorporel. Objectifs sp\u00e9cifiques : Connaissances : Ma\u00eetrise des interrelations et des interactions entre les diff\u00e9rentes composantes du mod\u00e8le de la fonctionnalit\u00e9 sexuelle Capacit\u00e9s physiologiques&nbsp;: Ma\u00eetriser l&rsquo;enseignement des comp\u00e9tences sexocorporelles [&hellip;]<\/p>\n","protected":false},"author":1,"featured_media":0,"parent":1335,"menu_order":80,"comment_status":"closed","ping_status":"closed","template":"","meta":{"footnotes":""},"class_list":["post-1377","page","type-page","status-publish","hentry"],"featured_image_src":null,"yoast_head":"<!-- This site is optimized with the Yoast SEO plugin v26.8 - https:\/\/yoast.com\/product\/yoast-seo-wordpress\/ -->\n<title>Certification de sexoth\u00e9rapie en Sexocorporel - iSi<\/title>\n<meta name=\"description\" content=\"En savoir plus sur la certification en Sexocorporel, le mod\u00e8le de r\u00e9f\u00e9rence en sexologie et en sexoth\u00e9rapie.\" \/>\n<meta name=\"robots\" content=\"index, follow, max-snippet:-1, max-image-preview:large, max-video-preview:-1\" \/>\n<link rel=\"canonical\" href=\"https:\/\/sexocorporel.com\/fr\/formation\/3eme-niveau\/\" \/>\n<meta property=\"og:locale\" content=\"fr_FR\" \/>\n<meta property=\"og:type\" content=\"article\" \/>\n<meta property=\"og:title\" content=\"Certification de sexoth\u00e9rapie en Sexocorporel - iSi\" \/>\n<meta property=\"og:description\" content=\"En savoir plus sur la certification en Sexocorporel, le mod\u00e8le de r\u00e9f\u00e9rence en sexologie et en sexoth\u00e9rapie.\" \/>\n<meta property=\"og:url\" content=\"https:\/\/sexocorporel.com\/fr\/formation\/3eme-niveau\/\" \/>\n<meta property=\"og:site_name\" content=\"Institut Sexocorporel International\" \/>\n<meta property=\"article:modified_time\" content=\"2021-02-07T21:50:56+00:00\" \/>\n<meta name=\"twitter:card\" content=\"summary_large_image\" \/>\n<meta name=\"twitter:label1\" content=\"Dur\u00e9e de lecture estim\u00e9e\" \/>\n\t<meta name=\"twitter:data1\" content=\"2 minutes\" \/>\n<script type=\"application\/ld+json\" class=\"yoast-schema-graph\">{\"@context\":\"https:\/\/schema.org\",\"@graph\":[{\"@type\":\"WebPage\",\"@id\":\"https:\/\/sexocorporel.com\/fr\/formation\/3eme-niveau\/\",\"url\":\"https:\/\/sexocorporel.com\/fr\/formation\/3eme-niveau\/\",\"name\":\"Certification de sexoth\u00e9rapie en Sexocorporel - iSi\",\"isPartOf\":{\"@id\":\"https:\/\/sexocorporel.com\/fr\/#website\"},\"datePublished\":\"2020-06-30T22:03:13+00:00\",\"dateModified\":\"2021-02-07T21:50:56+00:00\",\"description\":\"En savoir plus sur la certification en Sexocorporel, le mod\u00e8le de r\u00e9f\u00e9rence en sexologie et en sexoth\u00e9rapie.\",\"breadcrumb\":{\"@id\":\"https:\/\/sexocorporel.com\/fr\/formation\/3eme-niveau\/#breadcrumb\"},\"inLanguage\":\"fr-FR\",\"potentialAction\":[{\"@type\":\"ReadAction\",\"target\":[\"https:\/\/sexocorporel.com\/fr\/formation\/3eme-niveau\/\"]}]},{\"@type\":\"BreadcrumbList\",\"@id\":\"https:\/\/sexocorporel.com\/fr\/formation\/3eme-niveau\/#breadcrumb\",\"itemListElement\":[{\"@type\":\"ListItem\",\"position\":1,\"name\":\"Startseite\",\"item\":\"https:\/\/sexocorporel.com\/fr\/\"},{\"@type\":\"ListItem\",\"position\":2,\"name\":\"Formation\",\"item\":\"https:\/\/sexocorporel.com\/fr\/formation\/\"},{\"@type\":\"ListItem\",\"position\":3,\"name\":\"3\u00e8me niveau\"}]},{\"@type\":\"WebSite\",\"@id\":\"https:\/\/sexocorporel.com\/fr\/#website\",\"url\":\"https:\/\/sexocorporel.com\/fr\/\",\"name\":\"Institut Sexocorporel International\",\"description\":\"Jean-Yves Desjardins\",\"publisher\":{\"@id\":\"https:\/\/sexocorporel.com\/fr\/#organization\"},\"potentialAction\":[{\"@type\":\"SearchAction\",\"target\":{\"@type\":\"EntryPoint\",\"urlTemplate\":\"https:\/\/sexocorporel.com\/fr\/?s={search_term_string}\"},\"query-input\":{\"@type\":\"PropertyValueSpecification\",\"valueRequired\":true,\"valueName\":\"search_term_string\"}}],\"inLanguage\":\"fr-FR\"},{\"@type\":\"Organization\",\"@id\":\"https:\/\/sexocorporel.com\/fr\/#organization\",\"name\":\"Institut Sexocorporel International\",\"url\":\"https:\/\/sexocorporel.com\/fr\/\",\"logo\":{\"@type\":\"ImageObject\",\"inLanguage\":\"fr-FR\",\"@id\":\"https:\/\/sexocorporel.com\/fr\/#\/schema\/logo\/image\/\",\"url\":\"https:\/\/sexocorporel.com\/wp-content\/uploads\/2020\/07\/cropped-629e6a99-4d9e-421b-b20e-8b428f763559-e1595527047446.jpg\",\"contentUrl\":\"https:\/\/sexocorporel.com\/wp-content\/uploads\/2020\/07\/cropped-629e6a99-4d9e-421b-b20e-8b428f763559-e1595527047446.jpg\",\"width\":895,\"height\":270,\"caption\":\"Institut Sexocorporel International\"},\"image\":{\"@id\":\"https:\/\/sexocorporel.com\/fr\/#\/schema\/logo\/image\/\"}}]}<\/script>\n<!-- \/ Yoast SEO plugin. -->","yoast_head_json":{"title":"Certification de sexoth\u00e9rapie en Sexocorporel - iSi","description":"En savoir plus sur la certification en Sexocorporel, le mod\u00e8le de r\u00e9f\u00e9rence en sexologie et en sexoth\u00e9rapie.","robots":{"index":"index","follow":"follow","max-snippet":"max-snippet:-1","max-image-preview":"max-image-preview:large","max-video-preview":"max-video-preview:-1"},"canonical":"https:\/\/sexocorporel.com\/fr\/formation\/3eme-niveau\/","og_locale":"fr_FR","og_type":"article","og_title":"Certification de sexoth\u00e9rapie en Sexocorporel - iSi","og_description":"En savoir plus sur la certification en Sexocorporel, le mod\u00e8le de r\u00e9f\u00e9rence en sexologie et en sexoth\u00e9rapie.","og_url":"https:\/\/sexocorporel.com\/fr\/formation\/3eme-niveau\/","og_site_name":"Institut Sexocorporel International","article_modified_time":"2021-02-07T21:50:56+00:00","twitter_card":"summary_large_image","twitter_misc":{"Dur\u00e9e de lecture estim\u00e9e":"2 minutes"},"schema":{"@context":"https:\/\/schema.org","@graph":[{"@type":"WebPage","@id":"https:\/\/sexocorporel.com\/fr\/formation\/3eme-niveau\/","url":"https:\/\/sexocorporel.com\/fr\/formation\/3eme-niveau\/","name":"Certification de sexoth\u00e9rapie en Sexocorporel - iSi","isPartOf":{"@id":"https:\/\/sexocorporel.com\/fr\/#website"},"datePublished":"2020-06-30T22:03:13+00:00","dateModified":"2021-02-07T21:50:56+00:00","description":"En savoir plus sur la certification en Sexocorporel, le mod\u00e8le de r\u00e9f\u00e9rence en sexologie et en sexoth\u00e9rapie.","breadcrumb":{"@id":"https:\/\/sexocorporel.com\/fr\/formation\/3eme-niveau\/#breadcrumb"},"inLanguage":"fr-FR","potentialAction":[{"@type":"ReadAction","target":["https:\/\/sexocorporel.com\/fr\/formation\/3eme-niveau\/"]}]},{"@type":"BreadcrumbList","@id":"https:\/\/sexocorporel.com\/fr\/formation\/3eme-niveau\/#breadcrumb","itemListElement":[{"@type":"ListItem","position":1,"name":"Startseite","item":"https:\/\/sexocorporel.com\/fr\/"},{"@type":"ListItem","position":2,"name":"Formation","item":"https:\/\/sexocorporel.com\/fr\/formation\/"},{"@type":"ListItem","position":3,"name":"3\u00e8me niveau"}]},{"@type":"WebSite","@id":"https:\/\/sexocorporel.com\/fr\/#website","url":"https:\/\/sexocorporel.com\/fr\/","name":"Institut Sexocorporel International","description":"Jean-Yves Desjardins","publisher":{"@id":"https:\/\/sexocorporel.com\/fr\/#organization"},"potentialAction":[{"@type":"SearchAction","target":{"@type":"EntryPoint","urlTemplate":"https:\/\/sexocorporel.com\/fr\/?s={search_term_string}"},"query-input":{"@type":"PropertyValueSpecification","valueRequired":true,"valueName":"search_term_string"}}],"inLanguage":"fr-FR"},{"@type":"Organization","@id":"https:\/\/sexocorporel.com\/fr\/#organization","name":"Institut Sexocorporel International","url":"https:\/\/sexocorporel.com\/fr\/","logo":{"@type":"ImageObject","inLanguage":"fr-FR","@id":"https:\/\/sexocorporel.com\/fr\/#\/schema\/logo\/image\/","url":"https:\/\/sexocorporel.com\/wp-content\/uploads\/2020\/07\/cropped-629e6a99-4d9e-421b-b20e-8b428f763559-e1595527047446.jpg","contentUrl":"https:\/\/sexocorporel.com\/wp-content\/uploads\/2020\/07\/cropped-629e6a99-4d9e-421b-b20e-8b428f763559-e1595527047446.jpg","width":895,"height":270,"caption":"Institut Sexocorporel International"},"image":{"@id":"https:\/\/sexocorporel.com\/fr\/#\/schema\/logo\/image\/"}}]}},"_links":{"self":[{"href":"https:\/\/sexocorporel.com\/fr\/wp-json\/wp\/v2\/pages\/1377","targetHints":{"allow":["GET"]}}],"collection":[{"href":"https:\/\/sexocorporel.com\/fr\/wp-json\/wp\/v2\/pages"}],"about":[{"href":"https:\/\/sexocorporel.com\/fr\/wp-json\/wp\/v2\/types\/page"}],"author":[{"embeddable":true,"href":"https:\/\/sexocorporel.com\/fr\/wp-json\/wp\/v2\/users\/1"}],"replies":[{"embeddable":true,"href":"https:\/\/sexocorporel.com\/fr\/wp-json\/wp\/v2\/comments?post=1377"}],"version-history":[{"count":10,"href":"https:\/\/sexocorporel.com\/fr\/wp-json\/wp\/v2\/pages\/1377\/revisions"}],"predecessor-version":[{"id":2030,"href":"https:\/\/sexocorporel.com\/fr\/wp-json\/wp\/v2\/pages\/1377\/revisions\/2030"}],"up":[{"embeddable":true,"href":"https:\/\/sexocorporel.com\/fr\/wp-json\/wp\/v2\/pages\/1335"}],"wp:attachment":[{"href":"https:\/\/sexocorporel.com\/fr\/wp-json\/wp\/v2\/media?parent=1377"}],"curies":[{"name":"wp","href":"https:\/\/api.w.org\/{rel}","templated":true}]}}