{"id":1368,"date":"2020-06-30T23:50:12","date_gmt":"2020-06-30T21:50:12","guid":{"rendered":"https:\/\/sexocorporel.com\/vertiefungslehrgang\/"},"modified":"2021-02-07T22:49:51","modified_gmt":"2021-02-07T21:49:51","slug":"2eme-niveau","status":"publish","type":"page","link":"https:\/\/sexocorporel.com\/fr\/formation\/2eme-niveau\/","title":{"rendered":"2\u00e8me niveau"},"content":{"rendered":"\n<h3 class=\"wp-block-heading\">Objectifs g\u00e9n\u00e9raux&nbsp;:<\/h3>\n\n\n\n<ul class=\"wp-block-list\"><li>Approfondir les bases th\u00e9oriques du Sexocorporel.<\/li><li>D\u00e9veloppement de la capacit\u00e9 \u00e0 observer et \u00e0 entendre une personne objectivement.<\/li><li>Compr\u00e9hension des situations cliniques bas\u00e9e sur la logique du syst\u00e8me.<\/li><\/ul>\n\n\n\n<h3 class=\"wp-block-heading\">Objectifs sp\u00e9cifiques :<\/h3>\n\n\n\n<h4 class=\"wp-block-heading\">Connaissances :<\/h4>\n\n\n\n<ul class=\"wp-block-list\"><li>Int\u00e9gration des connexions et des interactions entre les diff\u00e9rentes composantes du mod\u00e8le de fonctionnalit\u00e9 sexuelle.<\/li><\/ul>\n\n\n\n<h4 class=\"wp-block-heading\">Capacit\u00e9s physiologiques&nbsp;:<\/h4>\n\n\n\n<ul class=\"wp-block-list\"><li>Ma\u00eetriser l&rsquo;observation physique des participants dans l&rsquo;acquisition de comp\u00e9tences sexocorporelles, notamment types de respiration, centrage, posture, tension musculaire, rythmes, amplitude de mouvement, dissociation des mouvements du corps, double bascule, etc.<\/li><\/ul>\n\n\n\n<h4 class=\"wp-block-heading\">Capacit\u00e9s sexodynamiques&nbsp;:<\/h4>\n\n\n\n<ul class=\"wp-block-list\"><li>Approfondir la connaissance des composantes sexodynamiques : plaisir sexuel, d\u00e9sir sexuel, codes d&rsquo;attraction sexuelle, assertivit\u00e9 sexuelle, intensit\u00e9 sexuelle, sens du genre, intrusitivit\u00e9 et r\u00e9ceptivit\u00e9 sexuelles.<\/li><li>Conna\u00eetre le lien entre la qualit\u00e9 de la fonction d&rsquo;excitation et la qualit\u00e9 de l&rsquo;exp\u00e9rience \u00e9rotique personnelle et celle du partenaire.<\/li><\/ul>\n\n\n\n<h4 class=\"wp-block-heading\">Capacit\u00e9s cognitives&nbsp;:<\/h4>\n\n\n\n<ul class=\"wp-block-list\"><li>Approfondir les connaissances scientifiques dans ce domaine (d\u00e9veloppement sexuel, fonction sexuelle, etc.).<\/li><\/ul>\n\n\n\n<h4 class=\"wp-block-heading\">L\u2019intervention dans la th\u00e9rapie sexuelle&nbsp;:<\/h4>\n\n\n\n<ul class=\"wp-block-list\"><li>Ma\u00eetriser la lecture du langage corporel.<\/li><li>Approfondissement de l&rsquo;\u00e9valuation Sexocorporelle.<\/li><li>Approfondir l&rsquo;analyse de la structure physique de la tension sexuelle, en d\u00e9rivant des significations intrapsychiques de la dynamique du corps<\/li><li>Connaissance des objectifs, du contenu, des proc\u00e9dures et des \u00e9tapes de traitements.<\/li><li>Approfondissement des techniques de th\u00e9rapie sexuelle des diff\u00e9rents traitements Sexocorporel, de la fonction d&rsquo;excitation sexuelle au sentiment de sexualit\u00e9.<\/li><\/ul>\n\n\n\n<h3 class=\"wp-block-heading\">Contenu th\u00e9orique des modules :<\/h3>\n\n\n\n<p>Ceux-ci correspondent \u00e0 la th\u00e9orie mentionn\u00e9e dans l&rsquo;aper\u00e7u de l&rsquo;approche (ci-dessus au point 2) et les \u00e9tudiants participent au 2\u00e8me niveau en tant qu&rsquo;observateurs des participants du 1er niveau. Ils travaillent en petits groupes avec un responsable pour apprendre \u00e0 lire le langage corporel et \u00e0 \u00e9couter objectivement. Dans chaque module, les \u00e9l\u00e8ves pr\u00e9sentent leurs observations dans ces petits groupes. Dans le dernier module, ils pr\u00e9sentent un r\u00e9sum\u00e9 de l&rsquo;\u00e9volution des personnes observ\u00e9es.<\/p>\n\n\n\n<h3 class=\"wp-block-heading\">Validation :<\/h3>\n\n\n\n<ul class=\"wp-block-list\"><li>Examens<\/li><li>Capacit\u00e9 \u00e0 objectiver lors de la lecture du langage corporel<\/li><li>Observations des responsables pendant la formation<\/li><li>Supervision \/ Intervision<\/li><\/ul>\n\n\n\n<h3 class=\"wp-block-heading\">Certificat :<\/h3>\n\n\n\n<p>\u00ab\u00a0Certificat d&rsquo;\u00e9tudes d&rsquo;approfondissement de sexologie clinique Sexocorporel ISI\u00a0\u00bb.<\/p>\n\n\n\n<p>Tout travail th\u00e9rapeutique sexuel doit avoir lieu sous la supervision du Sexocorporel (superviseur approuv\u00e9 par l&rsquo;ISI).<\/p>\n","protected":false},"excerpt":{"rendered":"<p>Objectifs g\u00e9n\u00e9raux&nbsp;: Approfondir les bases th\u00e9oriques du Sexocorporel. D\u00e9veloppement de la capacit\u00e9 \u00e0 observer et \u00e0 entendre une personne objectivement. Compr\u00e9hension des situations cliniques bas\u00e9e sur la logique du syst\u00e8me. Objectifs sp\u00e9cifiques : Connaissances : Int\u00e9gration des connexions et des interactions entre les diff\u00e9rentes composantes du mod\u00e8le de fonctionnalit\u00e9 sexuelle. Capacit\u00e9s physiologiques&nbsp;: Ma\u00eetriser l&rsquo;observation physique [&hellip;]<\/p>\n","protected":false},"author":1,"featured_media":0,"parent":1335,"menu_order":85,"comment_status":"closed","ping_status":"closed","template":"","meta":{"footnotes":""},"class_list":["post-1368","page","type-page","status-publish","hentry"],"featured_image_src":null,"yoast_head":"<!-- This site is optimized with the Yoast SEO plugin v26.8 - https:\/\/yoast.com\/product\/yoast-seo-wordpress\/ -->\n<title>Cours de formation avanc\u00e9e - Institut Sexocorporel International<\/title>\n<meta name=\"description\" content=\"D\u00e9couvrez le cours approfondi en Sexocorporel, le mod\u00e8le de r\u00e9f\u00e9rence en mati\u00e8re de sexologie et de sexoth\u00e9rapie.\" \/>\n<meta name=\"robots\" content=\"index, follow, max-snippet:-1, max-image-preview:large, max-video-preview:-1\" \/>\n<link rel=\"canonical\" href=\"https:\/\/sexocorporel.com\/fr\/formation\/2eme-niveau\/\" \/>\n<meta property=\"og:locale\" content=\"fr_FR\" \/>\n<meta property=\"og:type\" content=\"article\" \/>\n<meta property=\"og:title\" content=\"Cours de formation avanc\u00e9e - Institut Sexocorporel International\" \/>\n<meta property=\"og:description\" content=\"D\u00e9couvrez le cours approfondi en Sexocorporel, le mod\u00e8le de r\u00e9f\u00e9rence en mati\u00e8re de sexologie et de sexoth\u00e9rapie.\" \/>\n<meta property=\"og:url\" content=\"https:\/\/sexocorporel.com\/fr\/formation\/2eme-niveau\/\" \/>\n<meta property=\"og:site_name\" content=\"Institut Sexocorporel International\" \/>\n<meta property=\"article:modified_time\" content=\"2021-02-07T21:49:51+00:00\" \/>\n<meta name=\"twitter:card\" content=\"summary_large_image\" \/>\n<meta name=\"twitter:label1\" content=\"Dur\u00e9e de lecture estim\u00e9e\" \/>\n\t<meta name=\"twitter:data1\" content=\"2 minutes\" \/>\n<script type=\"application\/ld+json\" class=\"yoast-schema-graph\">{\"@context\":\"https:\/\/schema.org\",\"@graph\":[{\"@type\":\"WebPage\",\"@id\":\"https:\/\/sexocorporel.com\/fr\/formation\/2eme-niveau\/\",\"url\":\"https:\/\/sexocorporel.com\/fr\/formation\/2eme-niveau\/\",\"name\":\"Cours de formation avanc\u00e9e - Institut Sexocorporel International\",\"isPartOf\":{\"@id\":\"https:\/\/sexocorporel.com\/fr\/#website\"},\"datePublished\":\"2020-06-30T21:50:12+00:00\",\"dateModified\":\"2021-02-07T21:49:51+00:00\",\"description\":\"D\u00e9couvrez le cours approfondi en Sexocorporel, le mod\u00e8le de r\u00e9f\u00e9rence en mati\u00e8re de sexologie et de sexoth\u00e9rapie.\",\"breadcrumb\":{\"@id\":\"https:\/\/sexocorporel.com\/fr\/formation\/2eme-niveau\/#breadcrumb\"},\"inLanguage\":\"fr-FR\",\"potentialAction\":[{\"@type\":\"ReadAction\",\"target\":[\"https:\/\/sexocorporel.com\/fr\/formation\/2eme-niveau\/\"]}]},{\"@type\":\"BreadcrumbList\",\"@id\":\"https:\/\/sexocorporel.com\/fr\/formation\/2eme-niveau\/#breadcrumb\",\"itemListElement\":[{\"@type\":\"ListItem\",\"position\":1,\"name\":\"Startseite\",\"item\":\"https:\/\/sexocorporel.com\/fr\/\"},{\"@type\":\"ListItem\",\"position\":2,\"name\":\"Formation\",\"item\":\"https:\/\/sexocorporel.com\/fr\/formation\/\"},{\"@type\":\"ListItem\",\"position\":3,\"name\":\"2\u00e8me niveau\"}]},{\"@type\":\"WebSite\",\"@id\":\"https:\/\/sexocorporel.com\/fr\/#website\",\"url\":\"https:\/\/sexocorporel.com\/fr\/\",\"name\":\"Institut Sexocorporel International\",\"description\":\"Jean-Yves Desjardins\",\"publisher\":{\"@id\":\"https:\/\/sexocorporel.com\/fr\/#organization\"},\"potentialAction\":[{\"@type\":\"SearchAction\",\"target\":{\"@type\":\"EntryPoint\",\"urlTemplate\":\"https:\/\/sexocorporel.com\/fr\/?s={search_term_string}\"},\"query-input\":{\"@type\":\"PropertyValueSpecification\",\"valueRequired\":true,\"valueName\":\"search_term_string\"}}],\"inLanguage\":\"fr-FR\"},{\"@type\":\"Organization\",\"@id\":\"https:\/\/sexocorporel.com\/fr\/#organization\",\"name\":\"Institut Sexocorporel International\",\"url\":\"https:\/\/sexocorporel.com\/fr\/\",\"logo\":{\"@type\":\"ImageObject\",\"inLanguage\":\"fr-FR\",\"@id\":\"https:\/\/sexocorporel.com\/fr\/#\/schema\/logo\/image\/\",\"url\":\"https:\/\/sexocorporel.com\/wp-content\/uploads\/2020\/07\/cropped-629e6a99-4d9e-421b-b20e-8b428f763559-e1595527047446.jpg\",\"contentUrl\":\"https:\/\/sexocorporel.com\/wp-content\/uploads\/2020\/07\/cropped-629e6a99-4d9e-421b-b20e-8b428f763559-e1595527047446.jpg\",\"width\":895,\"height\":270,\"caption\":\"Institut Sexocorporel International\"},\"image\":{\"@id\":\"https:\/\/sexocorporel.com\/fr\/#\/schema\/logo\/image\/\"}}]}<\/script>\n<!-- \/ Yoast SEO plugin. -->","yoast_head_json":{"title":"Cours de formation avanc\u00e9e - Institut Sexocorporel International","description":"D\u00e9couvrez le cours approfondi en Sexocorporel, le mod\u00e8le de r\u00e9f\u00e9rence en mati\u00e8re de sexologie et de sexoth\u00e9rapie.","robots":{"index":"index","follow":"follow","max-snippet":"max-snippet:-1","max-image-preview":"max-image-preview:large","max-video-preview":"max-video-preview:-1"},"canonical":"https:\/\/sexocorporel.com\/fr\/formation\/2eme-niveau\/","og_locale":"fr_FR","og_type":"article","og_title":"Cours de formation avanc\u00e9e - Institut Sexocorporel International","og_description":"D\u00e9couvrez le cours approfondi en Sexocorporel, le mod\u00e8le de r\u00e9f\u00e9rence en mati\u00e8re de sexologie et de sexoth\u00e9rapie.","og_url":"https:\/\/sexocorporel.com\/fr\/formation\/2eme-niveau\/","og_site_name":"Institut Sexocorporel International","article_modified_time":"2021-02-07T21:49:51+00:00","twitter_card":"summary_large_image","twitter_misc":{"Dur\u00e9e de lecture estim\u00e9e":"2 minutes"},"schema":{"@context":"https:\/\/schema.org","@graph":[{"@type":"WebPage","@id":"https:\/\/sexocorporel.com\/fr\/formation\/2eme-niveau\/","url":"https:\/\/sexocorporel.com\/fr\/formation\/2eme-niveau\/","name":"Cours de formation avanc\u00e9e - Institut Sexocorporel International","isPartOf":{"@id":"https:\/\/sexocorporel.com\/fr\/#website"},"datePublished":"2020-06-30T21:50:12+00:00","dateModified":"2021-02-07T21:49:51+00:00","description":"D\u00e9couvrez le cours approfondi en Sexocorporel, le mod\u00e8le de r\u00e9f\u00e9rence en mati\u00e8re de sexologie et de sexoth\u00e9rapie.","breadcrumb":{"@id":"https:\/\/sexocorporel.com\/fr\/formation\/2eme-niveau\/#breadcrumb"},"inLanguage":"fr-FR","potentialAction":[{"@type":"ReadAction","target":["https:\/\/sexocorporel.com\/fr\/formation\/2eme-niveau\/"]}]},{"@type":"BreadcrumbList","@id":"https:\/\/sexocorporel.com\/fr\/formation\/2eme-niveau\/#breadcrumb","itemListElement":[{"@type":"ListItem","position":1,"name":"Startseite","item":"https:\/\/sexocorporel.com\/fr\/"},{"@type":"ListItem","position":2,"name":"Formation","item":"https:\/\/sexocorporel.com\/fr\/formation\/"},{"@type":"ListItem","position":3,"name":"2\u00e8me niveau"}]},{"@type":"WebSite","@id":"https:\/\/sexocorporel.com\/fr\/#website","url":"https:\/\/sexocorporel.com\/fr\/","name":"Institut Sexocorporel International","description":"Jean-Yves Desjardins","publisher":{"@id":"https:\/\/sexocorporel.com\/fr\/#organization"},"potentialAction":[{"@type":"SearchAction","target":{"@type":"EntryPoint","urlTemplate":"https:\/\/sexocorporel.com\/fr\/?s={search_term_string}"},"query-input":{"@type":"PropertyValueSpecification","valueRequired":true,"valueName":"search_term_string"}}],"inLanguage":"fr-FR"},{"@type":"Organization","@id":"https:\/\/sexocorporel.com\/fr\/#organization","name":"Institut Sexocorporel International","url":"https:\/\/sexocorporel.com\/fr\/","logo":{"@type":"ImageObject","inLanguage":"fr-FR","@id":"https:\/\/sexocorporel.com\/fr\/#\/schema\/logo\/image\/","url":"https:\/\/sexocorporel.com\/wp-content\/uploads\/2020\/07\/cropped-629e6a99-4d9e-421b-b20e-8b428f763559-e1595527047446.jpg","contentUrl":"https:\/\/sexocorporel.com\/wp-content\/uploads\/2020\/07\/cropped-629e6a99-4d9e-421b-b20e-8b428f763559-e1595527047446.jpg","width":895,"height":270,"caption":"Institut Sexocorporel International"},"image":{"@id":"https:\/\/sexocorporel.com\/fr\/#\/schema\/logo\/image\/"}}]}},"_links":{"self":[{"href":"https:\/\/sexocorporel.com\/fr\/wp-json\/wp\/v2\/pages\/1368","targetHints":{"allow":["GET"]}}],"collection":[{"href":"https:\/\/sexocorporel.com\/fr\/wp-json\/wp\/v2\/pages"}],"about":[{"href":"https:\/\/sexocorporel.com\/fr\/wp-json\/wp\/v2\/types\/page"}],"author":[{"embeddable":true,"href":"https:\/\/sexocorporel.com\/fr\/wp-json\/wp\/v2\/users\/1"}],"replies":[{"embeddable":true,"href":"https:\/\/sexocorporel.com\/fr\/wp-json\/wp\/v2\/comments?post=1368"}],"version-history":[{"count":9,"href":"https:\/\/sexocorporel.com\/fr\/wp-json\/wp\/v2\/pages\/1368\/revisions"}],"predecessor-version":[{"id":2491,"href":"https:\/\/sexocorporel.com\/fr\/wp-json\/wp\/v2\/pages\/1368\/revisions\/2491"}],"up":[{"embeddable":true,"href":"https:\/\/sexocorporel.com\/fr\/wp-json\/wp\/v2\/pages\/1335"}],"wp:attachment":[{"href":"https:\/\/sexocorporel.com\/fr\/wp-json\/wp\/v2\/media?parent=1368"}],"curies":[{"name":"wp","href":"https:\/\/api.w.org\/{rel}","templated":true}]}}