{"id":1359,"date":"2020-06-30T23:18:09","date_gmt":"2020-06-30T21:18:09","guid":{"rendered":"https:\/\/sexocorporel.com\/basislehrgang\/"},"modified":"2021-02-07T22:49:06","modified_gmt":"2021-02-07T21:49:06","slug":"1er-niveau","status":"publish","type":"page","link":"https:\/\/sexocorporel.com\/fr\/formation\/1er-niveau\/","title":{"rendered":"1er niveau"},"content":{"rendered":"\n<h3 class=\"wp-block-heading\">Objectifs g\u00e9n\u00e9raux :<\/h3>\n\n\n\n<ul class=\"wp-block-list\"><li>Connaissance des fondements th\u00e9oriques du mod\u00e8le scientifique \u00ab\u00a0Sexocorporel\u00a0\u00bb.<\/li><li>Acquisition des comp\u00e9tences qui favorisent le d\u00e9veloppement de la fonction d&rsquo;excitation et de plaisir sexuels.<\/li><li>L&rsquo;int\u00e9gration de ces capacit\u00e9s dans l&rsquo;exp\u00e9rience \u00e9rotique personnelle et celle du partenaire.<\/li><\/ul>\n\n\n\n<h3 class=\"wp-block-heading\">Objectifs sp\u00e9cifiques :<\/h3>\n\n\n\n<h4 class=\"wp-block-heading\">Connaissances :<\/h4>\n\n\n\n<ul class=\"wp-block-list\"><li>Connaissance et compr\u00e9hension de l&rsquo;interaction physiologique et intrapsychique qui se manifeste dans l&rsquo;exp\u00e9rience sexuelle humaine<\/li><li>Connaissance et compr\u00e9hension des diff\u00e9rents modes et sources d&rsquo;excitation sexuelle dans le processus de construction de l&rsquo;excitation sexuelle.<\/li><li>Connaissance de la nature et du r\u00f4le de l&rsquo;apprentissage dans la sexualit\u00e9.<\/li><li>Connaissance et compr\u00e9hension des interactions multiples dans les diff\u00e9rents troubles sexuels.<\/li><\/ul>\n\n\n\n<h4 class=\"wp-block-heading\">Capacit\u00e9s physiologiques&nbsp;:<\/h4>\n\n\n\n<ul class=\"wp-block-list\"><li>Ma\u00eetrise des diff\u00e9rentes fa\u00e7ons de respirer.<\/li><li>Dissociation des mouvements du corps.<\/li><li>D\u00e9velopper des variations en utilisant la double bascule.<\/li><li>Capacit\u00e9 d&rsquo;adopter des changements de posture.<\/li><li>Capacit\u00e9 \u00e0 ressentir des degr\u00e9s de tension musculaire.<\/li><li>Prise de conscience des \u00e9l\u00e9ments sensoriels, \u00e9motionnels et symboliques li\u00e9s \u00e0 la respiration, au mouvement, \u00e0 la tension musculaire et \u00e0 la posture, ainsi que des comp\u00e9tences int\u00e9gr\u00e9es : la diffusion et la canalisation de l&rsquo;excitation sexuelle, la l\u00e2cher prise et l&rsquo;abandon du plaisir sexuel.<\/li><\/ul>\n\n\n\n<h4 class=\"wp-block-heading\">Capacit\u00e9s sexodynamiques:<\/h4>\n\n\n\n<ul class=\"wp-block-list\"><li>Reconna\u00eetre les forces et les limites des composantes sexodynamiques individuelles qui interagissent dans l&rsquo;exp\u00e9rience sexuelle humaine.<\/li><li>Renforcement des composantes sexodynamiques : plaisir sexuel, d\u00e9sir sexuel, codes d&rsquo;attraction sexuelle, assertivit\u00e9 sexuelle, intensit\u00e9 sexuelle, sens du genre, intrusivit\u00e9 et r\u00e9ceptivit\u00e9 sexuelles.<\/li><li>Reconnaissance du lien entre la qualit\u00e9 de la fonction d&rsquo;excitation et la qualit\u00e9 de l&rsquo;exp\u00e9rience \u00e9rotique personnelle et celle du partenaire.<\/li><\/ul>\n\n\n\n<h4 class=\"wp-block-heading\">Capacit\u00e9s cognitives&nbsp;:<\/h4>\n\n\n\n<ul class=\"wp-block-list\"><li>Acquisition de connaissances scientifiques de base (d\u00e9veloppement sexuel, fonctionnalit\u00e9 sexuelle, etc.).<\/li><li>Acquisition de connaissances permettant d&rsquo;identifier les diff\u00e9rents syst\u00e8mes de pens\u00e9e et id\u00e9ologies sur la sexualit\u00e9 humaine, y compris ses points forts et ses limites.<\/li><\/ul>\n\n\n\n<h4 class=\"wp-block-heading\">L&rsquo;intervention en th\u00e9rapie sexuelle&nbsp;:<\/h4>\n\n\n\n<ul class=\"wp-block-list\"><li>Introduction \u00e0 la lecture du langage corporel &#8211; Introduction \u00e0 la dimention physique de la tension sexuelle et aux significations intrapsychiques de la dynamique corporelle.<\/li><li>Introduction aux objectifs, au contenu, aux activit\u00e9s et \u00e0 la structure des traitements.<\/li><li>Introduction aux techniques th\u00e9rapeutiques des diff\u00e9rents traitements Sexocorporel, de l&rsquo;excitation sexuelle au sentiment de genre.<\/li><\/ul>\n\n\n\n<h3 class=\"wp-block-heading\">Contenu th\u00e9orique des modules :<\/h3>\n\n\n\n<p>Ceux-ci correspondent \u00e0 la th\u00e9orie mentionn\u00e9e dans l&rsquo;aper\u00e7u de l&rsquo;approche. Les participants du 1er niveau sont invit\u00e9s \u00e0 poser des questions sur la formation, son processus et son contenu aux responsables et aux participants du 3\u00e8me niveau.<\/p>\n\n\n\n<h3 class=\"wp-block-heading\">Validation:<\/h3>\n\n\n\n<ul class=\"wp-block-list\"><li>Auto\u00e9valuation<\/li><li>Examens<\/li><li>Observations des responsables pendant la formation<\/li><li>Pr\u00e9sence<\/li><\/ul>\n\n\n\n<h3 class=\"wp-block-heading\">Certificat :<\/h3>\n\n\n\n<p>\u00ab\u00a0Certificat de base en sexologie clinique (sexocorporel) iSi\u00a0\u00bb.<\/p>\n\n\n\n<p>Tout travail de th\u00e9rapie sexuelle doit se d\u00e9rouler sous la supervision du Sexocorporel (avec un superviseur approuv\u00e9 par l&rsquo;iSi).<\/p>\n","protected":false},"excerpt":{"rendered":"<p>Objectifs g\u00e9n\u00e9raux : Connaissance des fondements th\u00e9oriques du mod\u00e8le scientifique \u00ab\u00a0Sexocorporel\u00a0\u00bb. Acquisition des comp\u00e9tences qui favorisent le d\u00e9veloppement de la fonction d&rsquo;excitation et de plaisir sexuels. L&rsquo;int\u00e9gration de ces capacit\u00e9s dans l&rsquo;exp\u00e9rience \u00e9rotique personnelle et celle du partenaire. Objectifs sp\u00e9cifiques : Connaissances : Connaissance et compr\u00e9hension de l&rsquo;interaction physiologique et intrapsychique qui se manifeste dans [&hellip;]<\/p>\n","protected":false},"author":1,"featured_media":0,"parent":1335,"menu_order":90,"comment_status":"closed","ping_status":"closed","template":"","meta":{"footnotes":""},"class_list":["post-1359","page","type-page","status-publish","hentry"],"featured_image_src":null,"yoast_head":"<!-- This site is optimized with the Yoast SEO plugin v26.8 - https:\/\/yoast.com\/product\/yoast-seo-wordpress\/ -->\n<title>Cours de base - Institut Sexocorporel International<\/title>\n<meta name=\"description\" content=\"En savoir plus sur la formation de base en Sexocorporel, le mod\u00e8le de r\u00e9f\u00e9rence en sexologie et en sexoth\u00e9rapie.\" \/>\n<meta name=\"robots\" content=\"index, follow, max-snippet:-1, max-image-preview:large, max-video-preview:-1\" \/>\n<link rel=\"canonical\" href=\"https:\/\/sexocorporel.com\/fr\/formation\/1er-niveau\/\" \/>\n<meta property=\"og:locale\" content=\"fr_FR\" \/>\n<meta property=\"og:type\" content=\"article\" \/>\n<meta property=\"og:title\" content=\"Cours de base - Institut Sexocorporel International\" \/>\n<meta property=\"og:description\" content=\"En savoir plus sur la formation de base en Sexocorporel, le mod\u00e8le de r\u00e9f\u00e9rence en sexologie et en sexoth\u00e9rapie.\" \/>\n<meta property=\"og:url\" content=\"https:\/\/sexocorporel.com\/fr\/formation\/1er-niveau\/\" \/>\n<meta property=\"og:site_name\" content=\"Institut Sexocorporel International\" \/>\n<meta property=\"article:modified_time\" content=\"2021-02-07T21:49:06+00:00\" \/>\n<meta name=\"twitter:card\" content=\"summary_large_image\" \/>\n<meta name=\"twitter:label1\" content=\"Dur\u00e9e de lecture estim\u00e9e\" \/>\n\t<meta name=\"twitter:data1\" content=\"2 minutes\" \/>\n<script type=\"application\/ld+json\" class=\"yoast-schema-graph\">{\"@context\":\"https:\/\/schema.org\",\"@graph\":[{\"@type\":\"WebPage\",\"@id\":\"https:\/\/sexocorporel.com\/fr\/formation\/1er-niveau\/\",\"url\":\"https:\/\/sexocorporel.com\/fr\/formation\/1er-niveau\/\",\"name\":\"Cours de base - Institut Sexocorporel International\",\"isPartOf\":{\"@id\":\"https:\/\/sexocorporel.com\/fr\/#website\"},\"datePublished\":\"2020-06-30T21:18:09+00:00\",\"dateModified\":\"2021-02-07T21:49:06+00:00\",\"description\":\"En savoir plus sur la formation de base en Sexocorporel, le mod\u00e8le de r\u00e9f\u00e9rence en sexologie et en sexoth\u00e9rapie.\",\"breadcrumb\":{\"@id\":\"https:\/\/sexocorporel.com\/fr\/formation\/1er-niveau\/#breadcrumb\"},\"inLanguage\":\"fr-FR\",\"potentialAction\":[{\"@type\":\"ReadAction\",\"target\":[\"https:\/\/sexocorporel.com\/fr\/formation\/1er-niveau\/\"]}]},{\"@type\":\"BreadcrumbList\",\"@id\":\"https:\/\/sexocorporel.com\/fr\/formation\/1er-niveau\/#breadcrumb\",\"itemListElement\":[{\"@type\":\"ListItem\",\"position\":1,\"name\":\"Startseite\",\"item\":\"https:\/\/sexocorporel.com\/fr\/\"},{\"@type\":\"ListItem\",\"position\":2,\"name\":\"Formation\",\"item\":\"https:\/\/sexocorporel.com\/fr\/formation\/\"},{\"@type\":\"ListItem\",\"position\":3,\"name\":\"1er niveau\"}]},{\"@type\":\"WebSite\",\"@id\":\"https:\/\/sexocorporel.com\/fr\/#website\",\"url\":\"https:\/\/sexocorporel.com\/fr\/\",\"name\":\"Institut Sexocorporel International\",\"description\":\"Jean-Yves Desjardins\",\"publisher\":{\"@id\":\"https:\/\/sexocorporel.com\/fr\/#organization\"},\"potentialAction\":[{\"@type\":\"SearchAction\",\"target\":{\"@type\":\"EntryPoint\",\"urlTemplate\":\"https:\/\/sexocorporel.com\/fr\/?s={search_term_string}\"},\"query-input\":{\"@type\":\"PropertyValueSpecification\",\"valueRequired\":true,\"valueName\":\"search_term_string\"}}],\"inLanguage\":\"fr-FR\"},{\"@type\":\"Organization\",\"@id\":\"https:\/\/sexocorporel.com\/fr\/#organization\",\"name\":\"Institut Sexocorporel International\",\"url\":\"https:\/\/sexocorporel.com\/fr\/\",\"logo\":{\"@type\":\"ImageObject\",\"inLanguage\":\"fr-FR\",\"@id\":\"https:\/\/sexocorporel.com\/fr\/#\/schema\/logo\/image\/\",\"url\":\"https:\/\/sexocorporel.com\/wp-content\/uploads\/2020\/07\/cropped-629e6a99-4d9e-421b-b20e-8b428f763559-e1595527047446.jpg\",\"contentUrl\":\"https:\/\/sexocorporel.com\/wp-content\/uploads\/2020\/07\/cropped-629e6a99-4d9e-421b-b20e-8b428f763559-e1595527047446.jpg\",\"width\":895,\"height\":270,\"caption\":\"Institut Sexocorporel International\"},\"image\":{\"@id\":\"https:\/\/sexocorporel.com\/fr\/#\/schema\/logo\/image\/\"}}]}<\/script>\n<!-- \/ Yoast SEO plugin. -->","yoast_head_json":{"title":"Cours de base - Institut Sexocorporel International","description":"En savoir plus sur la formation de base en Sexocorporel, le mod\u00e8le de r\u00e9f\u00e9rence en sexologie et en sexoth\u00e9rapie.","robots":{"index":"index","follow":"follow","max-snippet":"max-snippet:-1","max-image-preview":"max-image-preview:large","max-video-preview":"max-video-preview:-1"},"canonical":"https:\/\/sexocorporel.com\/fr\/formation\/1er-niveau\/","og_locale":"fr_FR","og_type":"article","og_title":"Cours de base - Institut Sexocorporel International","og_description":"En savoir plus sur la formation de base en Sexocorporel, le mod\u00e8le de r\u00e9f\u00e9rence en sexologie et en sexoth\u00e9rapie.","og_url":"https:\/\/sexocorporel.com\/fr\/formation\/1er-niveau\/","og_site_name":"Institut Sexocorporel International","article_modified_time":"2021-02-07T21:49:06+00:00","twitter_card":"summary_large_image","twitter_misc":{"Dur\u00e9e de lecture estim\u00e9e":"2 minutes"},"schema":{"@context":"https:\/\/schema.org","@graph":[{"@type":"WebPage","@id":"https:\/\/sexocorporel.com\/fr\/formation\/1er-niveau\/","url":"https:\/\/sexocorporel.com\/fr\/formation\/1er-niveau\/","name":"Cours de base - Institut Sexocorporel International","isPartOf":{"@id":"https:\/\/sexocorporel.com\/fr\/#website"},"datePublished":"2020-06-30T21:18:09+00:00","dateModified":"2021-02-07T21:49:06+00:00","description":"En savoir plus sur la formation de base en Sexocorporel, le mod\u00e8le de r\u00e9f\u00e9rence en sexologie et en sexoth\u00e9rapie.","breadcrumb":{"@id":"https:\/\/sexocorporel.com\/fr\/formation\/1er-niveau\/#breadcrumb"},"inLanguage":"fr-FR","potentialAction":[{"@type":"ReadAction","target":["https:\/\/sexocorporel.com\/fr\/formation\/1er-niveau\/"]}]},{"@type":"BreadcrumbList","@id":"https:\/\/sexocorporel.com\/fr\/formation\/1er-niveau\/#breadcrumb","itemListElement":[{"@type":"ListItem","position":1,"name":"Startseite","item":"https:\/\/sexocorporel.com\/fr\/"},{"@type":"ListItem","position":2,"name":"Formation","item":"https:\/\/sexocorporel.com\/fr\/formation\/"},{"@type":"ListItem","position":3,"name":"1er niveau"}]},{"@type":"WebSite","@id":"https:\/\/sexocorporel.com\/fr\/#website","url":"https:\/\/sexocorporel.com\/fr\/","name":"Institut Sexocorporel International","description":"Jean-Yves Desjardins","publisher":{"@id":"https:\/\/sexocorporel.com\/fr\/#organization"},"potentialAction":[{"@type":"SearchAction","target":{"@type":"EntryPoint","urlTemplate":"https:\/\/sexocorporel.com\/fr\/?s={search_term_string}"},"query-input":{"@type":"PropertyValueSpecification","valueRequired":true,"valueName":"search_term_string"}}],"inLanguage":"fr-FR"},{"@type":"Organization","@id":"https:\/\/sexocorporel.com\/fr\/#organization","name":"Institut Sexocorporel International","url":"https:\/\/sexocorporel.com\/fr\/","logo":{"@type":"ImageObject","inLanguage":"fr-FR","@id":"https:\/\/sexocorporel.com\/fr\/#\/schema\/logo\/image\/","url":"https:\/\/sexocorporel.com\/wp-content\/uploads\/2020\/07\/cropped-629e6a99-4d9e-421b-b20e-8b428f763559-e1595527047446.jpg","contentUrl":"https:\/\/sexocorporel.com\/wp-content\/uploads\/2020\/07\/cropped-629e6a99-4d9e-421b-b20e-8b428f763559-e1595527047446.jpg","width":895,"height":270,"caption":"Institut Sexocorporel International"},"image":{"@id":"https:\/\/sexocorporel.com\/fr\/#\/schema\/logo\/image\/"}}]}},"_links":{"self":[{"href":"https:\/\/sexocorporel.com\/fr\/wp-json\/wp\/v2\/pages\/1359","targetHints":{"allow":["GET"]}}],"collection":[{"href":"https:\/\/sexocorporel.com\/fr\/wp-json\/wp\/v2\/pages"}],"about":[{"href":"https:\/\/sexocorporel.com\/fr\/wp-json\/wp\/v2\/types\/page"}],"author":[{"embeddable":true,"href":"https:\/\/sexocorporel.com\/fr\/wp-json\/wp\/v2\/users\/1"}],"replies":[{"embeddable":true,"href":"https:\/\/sexocorporel.com\/fr\/wp-json\/wp\/v2\/comments?post=1359"}],"version-history":[{"count":9,"href":"https:\/\/sexocorporel.com\/fr\/wp-json\/wp\/v2\/pages\/1359\/revisions"}],"predecessor-version":[{"id":3003,"href":"https:\/\/sexocorporel.com\/fr\/wp-json\/wp\/v2\/pages\/1359\/revisions\/3003"}],"up":[{"embeddable":true,"href":"https:\/\/sexocorporel.com\/fr\/wp-json\/wp\/v2\/pages\/1335"}],"wp:attachment":[{"href":"https:\/\/sexocorporel.com\/fr\/wp-json\/wp\/v2\/media?parent=1359"}],"curies":[{"name":"wp","href":"https:\/\/api.w.org\/{rel}","templated":true}]}}