{"id":1351,"date":"2020-07-01T00:25:43","date_gmt":"2020-06-30T22:25:43","guid":{"rendered":"https:\/\/sexocorporel.com\/ausbildungsinhalte\/"},"modified":"2021-02-14T22:16:55","modified_gmt":"2021-02-14T21:16:55","slug":"contenu-de-la-formation","status":"publish","type":"page","link":"https:\/\/sexocorporel.com\/fr\/formation\/contenu-de-la-formation\/","title":{"rendered":"Contenu de la formation"},"content":{"rendered":"\n<p>\u00c0 chaque niveau de formation (<a href=\"https:\/\/sexocorporel.com\/fr\/formation\/1er-niveau\/\">1er niveau<\/a>, <a href=\"https:\/\/sexocorporel.com\/fr\/formation\/2eme-niveau\/\">2\u00e8me niveau<\/a> et <a href=\"https:\/\/sexocorporel.com\/fr\/formation\/3eme-niveau\/\">3\u00e8me niveau<\/a>), le contenu th\u00e9orique est bas\u00e9 sur le m\u00eame programme ci-dessous.<\/p>\n\n\n<div class=\"wp-block-ub-content-toggle wp-block-ub-content-toggle-block\" id=\"ub-content-toggle-block-056b1547-050a-4624-87ae-d2985cb665ab\" data-mobilecollapse=\"false\" data-desktopcollapse=\"true\" data-preventcollapse=\"false\" data-showonlyone=\"false\">\n<div class=\"no-border wp-block-ub-content-toggle-accordion\" style=\"border-color: #ffffff; \" id=\"ub-content-toggle-panel-block-\">\n\t\t\t<div class=\"wp-block-ub-content-toggle-accordion-title-wrap\" style=\"background-color: #ffffff;\" aria-controls=\"ub-content-toggle-panel-0-056b1547-050a-4624-87ae-d2985cb665ab\" tabindex=\"0\">\n\t\t\t<h4 class=\"wp-block-ub-content-toggle-accordion-title ub-content-toggle-title-056b1547-050a-4624-87ae-d2985cb665ab\" style=\"color: #e22658; \">Module 1 : acquisition de connaissances et de comp\u00e9tences sexuelles physiologiques personnelles<\/h4>\n\t\t\t<div class=\"wp-block-ub-content-toggle-accordion-toggle-wrap right\" style=\"color: #e22658;\"><span class=\"wp-block-ub-content-toggle-accordion-state-indicator wp-block-ub-chevron-down\"><\/span><\/div>\n\t\t<\/div>\n\t\t\t<div role=\"region\" aria-expanded=\"false\" class=\"wp-block-ub-content-toggle-accordion-content-wrap ub-hide\" id=\"ub-content-toggle-panel-0-056b1547-050a-4624-87ae-d2985cb665ab\">\n\n<h4 class=\"wp-block-heading\">Th\u00e9orie:<\/h4>\n\n\n\n<ul class=\"wp-block-list\"><li>Fondements th\u00e9oriques des composantes de la sexualit\u00e9 humaine dans une perspective int\u00e9grative, d\u00e9veloppementale et interactive.<\/li><li>Aper\u00e7u du mod\u00e8le de fonctionnalit\u00e9 sexuelle (sant\u00e9 sexuelle).<\/li><li>Pr\u00e9sentation du Sexocorporel en relation avec le mod\u00e8le de fonctionnalit\u00e9 sexuelle.<\/li><\/ul>\n\n\n\n<h4 class=\"wp-block-heading\">La sant\u00e9 sexuelle et les bases physiologiques, la fonction d&rsquo;excitation sexuelle:<\/h4>\n\n\n\n<ul class=\"wp-block-list\"><li>Modes, sources et caract\u00e9ristiques de la fonction d&rsquo;excitation sexuelle masculine et f\u00e9minine, processus de sexualisation.<\/li><\/ul>\n\n\n\n<h4 class=\"wp-block-heading\">Introduction aux capacit\u00e9s physiques de base et aux comp\u00e9tences int\u00e9gr\u00e9es dans le domaine du Sexocorporel:<\/h4>\n\n\n\n<ul class=\"wp-block-list\"><li>Comp\u00e9tences de base : En partant des lois du corps : rythme, tension musculaire, espace, mouvement, respiration, centrage, posture, d\u00e9marche.<\/li><li>Des capacit\u00e9s int\u00e9gr\u00e9es : Fluidit\u00e9, double bascule, rel\u00e2chement, d\u00e9charge orgasmique.<\/li><\/ul>\n\n\n\n<h4 class=\"wp-block-heading\">Introduction \u00e0 la mod\u00e9lisation:<\/h4>\n\n\n\n<ul class=\"wp-block-list\"><li>Lire le langage corporel, le corps comme un miroir.<\/li><\/ul>\n\n<\/div>\n\t\t<\/div>\n\n<div class=\"no-border wp-block-ub-content-toggle-accordion\" style=\"border-color: #ffffff; \" id=\"ub-content-toggle-panel-block-\">\n\t\t\t<div class=\"wp-block-ub-content-toggle-accordion-title-wrap\" style=\"background-color: #ffffff;\" aria-controls=\"ub-content-toggle-panel-1-056b1547-050a-4624-87ae-d2985cb665ab\" tabindex=\"0\">\n\t\t\t<h4 class=\"wp-block-ub-content-toggle-accordion-title ub-content-toggle-title-056b1547-050a-4624-87ae-d2985cb665ab\" style=\"color: #e22658; \">Module 2 : acquisition de connaissances et de comp\u00e9tences personnelles en mati\u00e8re de sexodynamique et de relations<\/h4>\n\t\t\t<div class=\"wp-block-ub-content-toggle-accordion-toggle-wrap right\" style=\"color: #e22658;\"><span class=\"wp-block-ub-content-toggle-accordion-state-indicator wp-block-ub-chevron-down\"><\/span><\/div>\n\t\t<\/div>\n\t\t\t<div role=\"region\" aria-expanded=\"false\" class=\"wp-block-ub-content-toggle-accordion-content-wrap ub-hide\" id=\"ub-content-toggle-panel-1-056b1547-050a-4624-87ae-d2985cb665ab\">\n\n<h4 class=\"wp-block-heading\">Fonctionnalit\u00e9 sexuelle et programmation sexodynamique.<\/h4>\n\n\n\n<h4 class=\"wp-block-heading\">Introduction aux comp\u00e9tences \u00e9rotiques de base et int\u00e9gr\u00e9es:<\/h4>\n\n\n\n<ul class=\"wp-block-list\"><li>Introduction au d\u00e9veloppement des comp\u00e9tences \u00e9rotiques de base : Le plaisir, l&rsquo;augmentation de l&rsquo;excitation, le l\u00e2cher prise, la d\u00e9charge \u00e9motionnelle ou l&rsquo;orgasme.<\/li><li>Introduction aux comp\u00e9tences \u00e9rotiques int\u00e9gr\u00e9es et \u00e0 leur int\u00e9gration dans la dynamique sexuelle (sentiment d&rsquo;appartenance \u00e0 son sexe, intrusivit\u00e9 et r\u00e9ceptivit\u00e9 sexuelle) : d\u00e9sir sexuel, fantasmes \u00e9rotiques, codes d&rsquo;attraction sexuelle, intensit\u00e9 sexuelle, assertivit\u00e9 sexuelle, s\u00e9duction \u00e9rotique, communication et actions.<\/li><\/ul>\n\n\n\n<h4 class=\"wp-block-heading\">Capacit\u00e9s cognitives :<\/h4>\n\n\n\n<ul class=\"wp-block-list\"><li>Introduction \u00e0 la lecture du langage corporel en Sexocorporel (le corps comme miroir).<\/li><li>Compr\u00e9hension et \u00e9valuation des diff\u00e9rentes difficult\u00e9s sexuelles biom\u00e9dicales, physiologiques et sexodynamiques dans le mod\u00e8le Sexocorporel scientifique de la fonctionnalit\u00e9 sexuelle.<\/li><\/ul>\n\n<\/div>\n\t\t<\/div>\n\n<div class=\"no-border wp-block-ub-content-toggle-accordion\" style=\"border-color: #ffffff; \" id=\"ub-content-toggle-panel-block-\">\n\t\t\t<div class=\"wp-block-ub-content-toggle-accordion-title-wrap\" style=\"background-color: #ffffff;\" aria-controls=\"ub-content-toggle-panel-2-056b1547-050a-4624-87ae-d2985cb665ab\" tabindex=\"0\">\n\t\t\t<h4 class=\"wp-block-ub-content-toggle-accordion-title ub-content-toggle-title-056b1547-050a-4624-87ae-d2985cb665ab\" style=\"color: #e22658; \">Module 3 : Formation clinique partie 1<\/h4>\n\t\t\t<div class=\"wp-block-ub-content-toggle-accordion-toggle-wrap right\" style=\"color: #e22658;\"><span class=\"wp-block-ub-content-toggle-accordion-state-indicator wp-block-ub-chevron-down\"><\/span><\/div>\n\t\t<\/div>\n\t\t\t<div role=\"region\" aria-expanded=\"false\" class=\"wp-block-ub-content-toggle-accordion-content-wrap ub-hide\" id=\"ub-content-toggle-panel-2-056b1547-050a-4624-87ae-d2985cb665ab\">\n\n<ul class=\"wp-block-list\"><li>L&rsquo;\u00e9valuation sexologique.<\/li><li>La lecture du langage corporel (corps-miroir) et ce qu&rsquo;il nous dit sur la dynamique sexuelle de la personne.<\/li><li>\u00c9valuation de la sexodynamique.<\/li><li>\u00c9valuation de la fonction d&rsquo;excitation sexuelle : formes, modes d&rsquo;excitation sexuelle, int\u00e9gration intrapsychique.<\/li><li>Mod\u00e8les de traitement sexologique dans : \u00e9jaculation pr\u00e9coce, \u00e9jaculation rapide, anorgasmie et anorgastie f\u00e9minine, anorgasmie co\u00eftale.<\/li><li>Lecture approfondie du langage corporel dans le Sexocorporel.<\/li><\/ul>\n\n<\/div>\n\t\t<\/div>\n\n<div class=\"no-border wp-block-ub-content-toggle-accordion\" style=\"border-color: #ffffff; \" id=\"ub-content-toggle-panel-block-\">\n\t\t\t<div class=\"wp-block-ub-content-toggle-accordion-title-wrap\" style=\"background-color: #ffffff;\" aria-controls=\"ub-content-toggle-panel-3-056b1547-050a-4624-87ae-d2985cb665ab\" tabindex=\"0\">\n\t\t\t<h4 class=\"wp-block-ub-content-toggle-accordion-title ub-content-toggle-title-056b1547-050a-4624-87ae-d2985cb665ab\" style=\"color: #e22658; \">Module 4 : Formation clinique, partie 2<\/h4>\n\t\t\t<div class=\"wp-block-ub-content-toggle-accordion-toggle-wrap right\" style=\"color: #e22658;\"><span class=\"wp-block-ub-content-toggle-accordion-state-indicator wp-block-ub-chevron-down\"><\/span><\/div>\n\t\t<\/div>\n\t\t\t<div role=\"region\" aria-expanded=\"false\" class=\"wp-block-ub-content-toggle-accordion-content-wrap ub-hide\" id=\"ub-content-toggle-panel-3-056b1547-050a-4624-87ae-d2985cb665ab\">\n\n<ul class=\"wp-block-list\"><li>Pronostic bas\u00e9 sur l&rsquo;\u00e9valuation et la planification du traitement.<\/li><li>Mod\u00e8les de traitement sexologique dans les cas de dysfonctionnement \u00e9rectile primaire et secondaire, de troubles du d\u00e9sir sexuel et du d\u00e9sir sexuel conjugal chez l&rsquo;homme et la femme, d&rsquo;an\u00e9jaculation, de vaginisme phobique et de vaginisme d&rsquo;angoisse, de troubles de la s\u00e9duction (comp\u00e9tences relationnelles).<\/li><li>Techniques th\u00e9rapeutiques en Sexocorporel, \u00e9tudes de cas cliniques.<\/li><li>Lecture approfondie du langage corporel dans le Sexocorporel.<\/li><\/ul>\n\n<\/div>\n\t\t<\/div>\n\n<div class=\"no-border wp-block-ub-content-toggle-accordion\" style=\"border-color: #ffffff; \" id=\"ub-content-toggle-panel-block-\">\n\t\t\t<div class=\"wp-block-ub-content-toggle-accordion-title-wrap\" style=\"background-color: #ffffff;\" aria-controls=\"ub-content-toggle-panel-4-056b1547-050a-4624-87ae-d2985cb665ab\" tabindex=\"0\">\n\t\t\t<h4 class=\"wp-block-ub-content-toggle-accordion-title ub-content-toggle-title-056b1547-050a-4624-87ae-d2985cb665ab\" style=\"color: #e22658; \">Module 5 : Formation clinique &#8211; Partie 3<\/h4>\n\t\t\t<div class=\"wp-block-ub-content-toggle-accordion-toggle-wrap right\" style=\"color: #e22658;\"><span class=\"wp-block-ub-content-toggle-accordion-state-indicator wp-block-ub-chevron-down\"><\/span><\/div>\n\t\t<\/div>\n\t\t\t<div role=\"region\" aria-expanded=\"false\" class=\"wp-block-ub-content-toggle-accordion-content-wrap ub-hide\" id=\"ub-content-toggle-panel-4-056b1547-050a-4624-87ae-d2985cb665ab\">\n\n<ul class=\"wp-block-list\"><li>Reformulation th\u00e9orique et sexoclinique.<\/li><li>Perturbations du sentiment de genre : ambivalence, ambigu\u00eft\u00e9 (hommes avec des composantes f\u00e9minines, femmes avec des composantes masculines dans les st\u00e9r\u00e9otypes vestimentaires, gestuels, vocaux, etc.) jusqu&rsquo;\u00e0 l&rsquo;inversion (transsexualit\u00e9).<\/li><li>Probl\u00e8mes li\u00e9s \u00e0 des codes d&rsquo;attraction sexuelle limit\u00e9s : homosexualit\u00e9 \u00e9godystonique, d&rsquo;\u00e9gocentrisme, travestisme, f\u00e9tichisme, p\u00e9dophilie, exhibitionnisme, domination et soumission, sadomasochisme, etc.<\/li><li>Lecture plus approfondie du langage corporel dans le sexocorporel.<\/li><\/ul>\n\n<\/div>\n\t\t<\/div>\n\n<div class=\"no-border wp-block-ub-content-toggle-accordion\" style=\"border-color: #ffffff; \" id=\"ub-content-toggle-panel-block-\">\n\t\t\t<div class=\"wp-block-ub-content-toggle-accordion-title-wrap\" style=\"background-color: #ffffff;\" aria-controls=\"ub-content-toggle-panel-5-056b1547-050a-4624-87ae-d2985cb665ab\" tabindex=\"0\">\n\t\t\t<h4 class=\"wp-block-ub-content-toggle-accordion-title ub-content-toggle-title-056b1547-050a-4624-87ae-d2985cb665ab\" style=\"color: #e22658; \">Module 6 : Formation clinique &#8211; Partie 4<\/h4>\n\t\t\t<div class=\"wp-block-ub-content-toggle-accordion-toggle-wrap right\" style=\"color: #e22658;\"><span class=\"wp-block-ub-content-toggle-accordion-state-indicator wp-block-ub-chevron-down\"><\/span><\/div>\n\t\t<\/div>\n\t\t\t<div role=\"region\" aria-expanded=\"false\" class=\"wp-block-ub-content-toggle-accordion-content-wrap ub-hide\" id=\"ub-content-toggle-panel-5-056b1547-050a-4624-87ae-d2985cb665ab\">\n\n<ul class=\"wp-block-list\"><li>Corrections th\u00e9oriques et sexologiques.<\/li><li>Troubles associ\u00e9s \u00e0 la compulsivit\u00e9 sexuelle : p\u00e9dophilie compulsive, insatiabilit\u00e9 sexuelle, Don Juanisme, pornomanie, \u00e9rotomanie, romantisme.<\/li><li>Traitements connexes : violence sexuelle, col\u00e8re incontr\u00f4l\u00e9e, boulimie, (protocoles d&rsquo;\u00e9valuation et de traitement Sexocorporel).<\/li><li>Lecture approfondie du langage corporel dans le Sexocorporel.<\/li><li>R\u00e9p\u00e9tition des concepts, consolidations, questions cliniques.<\/li><\/ul>\n\n<\/div>\n\t\t<\/div>\n\n<div class=\"no-border wp-block-ub-content-toggle-accordion\" style=\"border-color: #ffffff; \" id=\"ub-content-toggle-panel-block-\">\n\t\t\t<div class=\"wp-block-ub-content-toggle-accordion-title-wrap\" style=\"background-color: #ffffff;\" aria-controls=\"ub-content-toggle-panel-6-056b1547-050a-4624-87ae-d2985cb665ab\" tabindex=\"0\">\n\t\t\t<h4 class=\"wp-block-ub-content-toggle-accordion-title ub-content-toggle-title-056b1547-050a-4624-87ae-d2985cb665ab\" style=\"color: #e22658; \">Module 7 : Auto\u00e9valuation<\/h4>\n\t\t\t<div class=\"wp-block-ub-content-toggle-accordion-toggle-wrap right\" style=\"color: #e22658;\"><span class=\"wp-block-ub-content-toggle-accordion-state-indicator wp-block-ub-chevron-down\"><\/span><\/div>\n\t\t<\/div>\n\t\t\t<div role=\"region\" aria-expanded=\"false\" class=\"wp-block-ub-content-toggle-accordion-content-wrap ub-hide\" id=\"ub-content-toggle-panel-6-056b1547-050a-4624-87ae-d2985cb665ab\">\n\n<ul class=\"wp-block-list\"><li>Corrections th\u00e9oriques et sexologiques.<\/li><li>Auto-\u00e9valuation personnelle et professionnelle.<\/li><\/ul>\n\n<\/div>\n\t\t<\/div>\n<\/div>","protected":false},"excerpt":{"rendered":"<p>\u00c0 chaque niveau de formation (1er niveau, 2\u00e8me niveau et 3\u00e8me niveau), le contenu th\u00e9orique est bas\u00e9 sur le m\u00eame programme ci-dessous.<\/p>\n","protected":false},"author":1,"featured_media":0,"parent":1335,"menu_order":77,"comment_status":"closed","ping_status":"closed","template":"","meta":{"footnotes":""},"class_list":["post-1351","page","type-page","status-publish","hentry"],"featured_image_src":null,"yoast_head":"<!-- This site is optimized with the Yoast SEO plugin v26.8 - https:\/\/yoast.com\/product\/yoast-seo-wordpress\/ -->\n<title>Contenu de la formation de sexoth\u00e9rapie en Sexocorporel - iSi<\/title>\n<meta name=\"description\" content=\"En savoir plus sur le contenu de la formation en Sexocorporel, le mod\u00e8le de r\u00e9f\u00e9rence en mati\u00e8re de sexologie et de sexoth\u00e9rapie.\" \/>\n<meta name=\"robots\" content=\"index, follow, max-snippet:-1, max-image-preview:large, max-video-preview:-1\" \/>\n<link rel=\"canonical\" href=\"https:\/\/sexocorporel.com\/fr\/formation\/contenu-de-la-formation\/\" \/>\n<meta property=\"og:locale\" content=\"fr_FR\" \/>\n<meta property=\"og:type\" content=\"article\" \/>\n<meta property=\"og:title\" content=\"Contenu de la formation de sexoth\u00e9rapie en Sexocorporel - iSi\" \/>\n<meta property=\"og:description\" content=\"En savoir plus sur le contenu de la formation en Sexocorporel, le mod\u00e8le de r\u00e9f\u00e9rence en mati\u00e8re de sexologie et de sexoth\u00e9rapie.\" \/>\n<meta property=\"og:url\" content=\"https:\/\/sexocorporel.com\/fr\/formation\/contenu-de-la-formation\/\" \/>\n<meta property=\"og:site_name\" content=\"Institut Sexocorporel International\" \/>\n<meta property=\"article:modified_time\" content=\"2021-02-14T21:16:55+00:00\" \/>\n<meta name=\"twitter:card\" content=\"summary_large_image\" \/>\n<meta name=\"twitter:label1\" content=\"Dur\u00e9e de lecture estim\u00e9e\" \/>\n\t<meta name=\"twitter:data1\" content=\"3 minutes\" \/>\n<script type=\"application\/ld+json\" class=\"yoast-schema-graph\">{\"@context\":\"https:\/\/schema.org\",\"@graph\":[{\"@type\":\"WebPage\",\"@id\":\"https:\/\/sexocorporel.com\/fr\/formation\/contenu-de-la-formation\/\",\"url\":\"https:\/\/sexocorporel.com\/fr\/formation\/contenu-de-la-formation\/\",\"name\":\"Contenu de la formation de sexoth\u00e9rapie en Sexocorporel - iSi\",\"isPartOf\":{\"@id\":\"https:\/\/sexocorporel.com\/fr\/#website\"},\"datePublished\":\"2020-06-30T22:25:43+00:00\",\"dateModified\":\"2021-02-14T21:16:55+00:00\",\"description\":\"En savoir plus sur le contenu de la formation en Sexocorporel, le mod\u00e8le de r\u00e9f\u00e9rence en mati\u00e8re de sexologie et de sexoth\u00e9rapie.\",\"breadcrumb\":{\"@id\":\"https:\/\/sexocorporel.com\/fr\/formation\/contenu-de-la-formation\/#breadcrumb\"},\"inLanguage\":\"fr-FR\",\"potentialAction\":[{\"@type\":\"ReadAction\",\"target\":[\"https:\/\/sexocorporel.com\/fr\/formation\/contenu-de-la-formation\/\"]}]},{\"@type\":\"BreadcrumbList\",\"@id\":\"https:\/\/sexocorporel.com\/fr\/formation\/contenu-de-la-formation\/#breadcrumb\",\"itemListElement\":[{\"@type\":\"ListItem\",\"position\":1,\"name\":\"Startseite\",\"item\":\"https:\/\/sexocorporel.com\/fr\/\"},{\"@type\":\"ListItem\",\"position\":2,\"name\":\"Formation\",\"item\":\"https:\/\/sexocorporel.com\/fr\/formation\/\"},{\"@type\":\"ListItem\",\"position\":3,\"name\":\"Contenu de la formation\"}]},{\"@type\":\"WebSite\",\"@id\":\"https:\/\/sexocorporel.com\/fr\/#website\",\"url\":\"https:\/\/sexocorporel.com\/fr\/\",\"name\":\"Institut Sexocorporel International\",\"description\":\"Jean-Yves Desjardins\",\"publisher\":{\"@id\":\"https:\/\/sexocorporel.com\/fr\/#organization\"},\"potentialAction\":[{\"@type\":\"SearchAction\",\"target\":{\"@type\":\"EntryPoint\",\"urlTemplate\":\"https:\/\/sexocorporel.com\/fr\/?s={search_term_string}\"},\"query-input\":{\"@type\":\"PropertyValueSpecification\",\"valueRequired\":true,\"valueName\":\"search_term_string\"}}],\"inLanguage\":\"fr-FR\"},{\"@type\":\"Organization\",\"@id\":\"https:\/\/sexocorporel.com\/fr\/#organization\",\"name\":\"Institut Sexocorporel International\",\"url\":\"https:\/\/sexocorporel.com\/fr\/\",\"logo\":{\"@type\":\"ImageObject\",\"inLanguage\":\"fr-FR\",\"@id\":\"https:\/\/sexocorporel.com\/fr\/#\/schema\/logo\/image\/\",\"url\":\"https:\/\/sexocorporel.com\/wp-content\/uploads\/2020\/07\/cropped-629e6a99-4d9e-421b-b20e-8b428f763559-e1595527047446.jpg\",\"contentUrl\":\"https:\/\/sexocorporel.com\/wp-content\/uploads\/2020\/07\/cropped-629e6a99-4d9e-421b-b20e-8b428f763559-e1595527047446.jpg\",\"width\":895,\"height\":270,\"caption\":\"Institut Sexocorporel International\"},\"image\":{\"@id\":\"https:\/\/sexocorporel.com\/fr\/#\/schema\/logo\/image\/\"}}]}<\/script>\n<!-- \/ Yoast SEO plugin. -->","yoast_head_json":{"title":"Contenu de la formation de sexoth\u00e9rapie en Sexocorporel - iSi","description":"En savoir plus sur le contenu de la formation en Sexocorporel, le mod\u00e8le de r\u00e9f\u00e9rence en mati\u00e8re de sexologie et de sexoth\u00e9rapie.","robots":{"index":"index","follow":"follow","max-snippet":"max-snippet:-1","max-image-preview":"max-image-preview:large","max-video-preview":"max-video-preview:-1"},"canonical":"https:\/\/sexocorporel.com\/fr\/formation\/contenu-de-la-formation\/","og_locale":"fr_FR","og_type":"article","og_title":"Contenu de la formation de sexoth\u00e9rapie en Sexocorporel - iSi","og_description":"En savoir plus sur le contenu de la formation en Sexocorporel, le mod\u00e8le de r\u00e9f\u00e9rence en mati\u00e8re de sexologie et de sexoth\u00e9rapie.","og_url":"https:\/\/sexocorporel.com\/fr\/formation\/contenu-de-la-formation\/","og_site_name":"Institut Sexocorporel International","article_modified_time":"2021-02-14T21:16:55+00:00","twitter_card":"summary_large_image","twitter_misc":{"Dur\u00e9e de lecture estim\u00e9e":"3 minutes"},"schema":{"@context":"https:\/\/schema.org","@graph":[{"@type":"WebPage","@id":"https:\/\/sexocorporel.com\/fr\/formation\/contenu-de-la-formation\/","url":"https:\/\/sexocorporel.com\/fr\/formation\/contenu-de-la-formation\/","name":"Contenu de la formation de sexoth\u00e9rapie en Sexocorporel - iSi","isPartOf":{"@id":"https:\/\/sexocorporel.com\/fr\/#website"},"datePublished":"2020-06-30T22:25:43+00:00","dateModified":"2021-02-14T21:16:55+00:00","description":"En savoir plus sur le contenu de la formation en Sexocorporel, le mod\u00e8le de r\u00e9f\u00e9rence en mati\u00e8re de sexologie et de sexoth\u00e9rapie.","breadcrumb":{"@id":"https:\/\/sexocorporel.com\/fr\/formation\/contenu-de-la-formation\/#breadcrumb"},"inLanguage":"fr-FR","potentialAction":[{"@type":"ReadAction","target":["https:\/\/sexocorporel.com\/fr\/formation\/contenu-de-la-formation\/"]}]},{"@type":"BreadcrumbList","@id":"https:\/\/sexocorporel.com\/fr\/formation\/contenu-de-la-formation\/#breadcrumb","itemListElement":[{"@type":"ListItem","position":1,"name":"Startseite","item":"https:\/\/sexocorporel.com\/fr\/"},{"@type":"ListItem","position":2,"name":"Formation","item":"https:\/\/sexocorporel.com\/fr\/formation\/"},{"@type":"ListItem","position":3,"name":"Contenu de la formation"}]},{"@type":"WebSite","@id":"https:\/\/sexocorporel.com\/fr\/#website","url":"https:\/\/sexocorporel.com\/fr\/","name":"Institut Sexocorporel International","description":"Jean-Yves Desjardins","publisher":{"@id":"https:\/\/sexocorporel.com\/fr\/#organization"},"potentialAction":[{"@type":"SearchAction","target":{"@type":"EntryPoint","urlTemplate":"https:\/\/sexocorporel.com\/fr\/?s={search_term_string}"},"query-input":{"@type":"PropertyValueSpecification","valueRequired":true,"valueName":"search_term_string"}}],"inLanguage":"fr-FR"},{"@type":"Organization","@id":"https:\/\/sexocorporel.com\/fr\/#organization","name":"Institut Sexocorporel International","url":"https:\/\/sexocorporel.com\/fr\/","logo":{"@type":"ImageObject","inLanguage":"fr-FR","@id":"https:\/\/sexocorporel.com\/fr\/#\/schema\/logo\/image\/","url":"https:\/\/sexocorporel.com\/wp-content\/uploads\/2020\/07\/cropped-629e6a99-4d9e-421b-b20e-8b428f763559-e1595527047446.jpg","contentUrl":"https:\/\/sexocorporel.com\/wp-content\/uploads\/2020\/07\/cropped-629e6a99-4d9e-421b-b20e-8b428f763559-e1595527047446.jpg","width":895,"height":270,"caption":"Institut Sexocorporel International"},"image":{"@id":"https:\/\/sexocorporel.com\/fr\/#\/schema\/logo\/image\/"}}]}},"_links":{"self":[{"href":"https:\/\/sexocorporel.com\/fr\/wp-json\/wp\/v2\/pages\/1351","targetHints":{"allow":["GET"]}}],"collection":[{"href":"https:\/\/sexocorporel.com\/fr\/wp-json\/wp\/v2\/pages"}],"about":[{"href":"https:\/\/sexocorporel.com\/fr\/wp-json\/wp\/v2\/types\/page"}],"author":[{"embeddable":true,"href":"https:\/\/sexocorporel.com\/fr\/wp-json\/wp\/v2\/users\/1"}],"replies":[{"embeddable":true,"href":"https:\/\/sexocorporel.com\/fr\/wp-json\/wp\/v2\/comments?post=1351"}],"version-history":[{"count":11,"href":"https:\/\/sexocorporel.com\/fr\/wp-json\/wp\/v2\/pages\/1351\/revisions"}],"predecessor-version":[{"id":3201,"href":"https:\/\/sexocorporel.com\/fr\/wp-json\/wp\/v2\/pages\/1351\/revisions\/3201"}],"up":[{"embeddable":true,"href":"https:\/\/sexocorporel.com\/fr\/wp-json\/wp\/v2\/pages\/1335"}],"wp:attachment":[{"href":"https:\/\/sexocorporel.com\/fr\/wp-json\/wp\/v2\/media?parent=1351"}],"curies":[{"name":"wp","href":"https:\/\/api.w.org\/{rel}","templated":true}]}}