{"id":1335,"date":"2020-05-28T22:32:11","date_gmt":"2020-05-28T20:32:11","guid":{"rendered":"https:\/\/sexocorporel.com\/ausbildung\/"},"modified":"2021-02-07T22:46:53","modified_gmt":"2021-02-07T21:46:53","slug":"formation","status":"publish","type":"page","link":"https:\/\/sexocorporel.com\/fr\/formation\/","title":{"rendered":"Formation"},"content":{"rendered":"\n<figure class=\"wp-block-image alignfull size-full header-image center\"><img loading=\"lazy\" decoding=\"async\" width=\"2560\" height=\"1707\" src=\"https:\/\/sexocorporel.com\/wp-content\/uploads\/2020\/07\/nick-karvounis-2rsK_rdiDJ8-unsplash-scaled.jpg\" alt=\"\" class=\"wp-image-816\" srcset=\"https:\/\/sexocorporel.com\/wp-content\/uploads\/2020\/07\/nick-karvounis-2rsK_rdiDJ8-unsplash-scaled.jpg 2560w, https:\/\/sexocorporel.com\/wp-content\/uploads\/2020\/07\/nick-karvounis-2rsK_rdiDJ8-unsplash-300x200.jpg 300w, https:\/\/sexocorporel.com\/wp-content\/uploads\/2020\/07\/nick-karvounis-2rsK_rdiDJ8-unsplash-1024x683.jpg 1024w, https:\/\/sexocorporel.com\/wp-content\/uploads\/2020\/07\/nick-karvounis-2rsK_rdiDJ8-unsplash-768x512.jpg 768w, https:\/\/sexocorporel.com\/wp-content\/uploads\/2020\/07\/nick-karvounis-2rsK_rdiDJ8-unsplash-1536x1024.jpg 1536w, https:\/\/sexocorporel.com\/wp-content\/uploads\/2020\/07\/nick-karvounis-2rsK_rdiDJ8-unsplash-2048x1365.jpg 2048w, https:\/\/sexocorporel.com\/wp-content\/uploads\/2020\/07\/nick-karvounis-2rsK_rdiDJ8-unsplash-600x400.jpg 600w, https:\/\/sexocorporel.com\/wp-content\/uploads\/2020\/07\/nick-karvounis-2rsK_rdiDJ8-unsplash-1200x800.jpg 1200w, https:\/\/sexocorporel.com\/wp-content\/uploads\/2020\/07\/nick-karvounis-2rsK_rdiDJ8-unsplash-1980x1320.jpg 1980w\" sizes=\"auto, (max-width: 2560px) 100vw, 2560px\" \/><\/figure>\n\n\n\n<h1 class=\"wp-block-heading\">Formation<\/h1>\n\n\n\n<p>Le Sexocorporel a \u00e9t\u00e9 d\u00e9velopp\u00e9 \u00e0 l&rsquo;Universit\u00e9 du Qu\u00e9bec \u00e0 Montr\u00e9al (UQAM) par le professeur Jean-Yves Desjardins dans les ann\u00e9es 1970. Il est bas\u00e9 sur des observations cliniques pr\u00e9cises qui int\u00e8grent les derni\u00e8res connaissances scientifiques, des observations et des exp\u00e9riences avec des \u00e9tudiants ayant un bon fonctionnement sexuel, et des \u00e9tudes de l&rsquo;expression physique chez des sujets sains. Il repose sur un concept de sant\u00e9 sexuelle, qui repose sur une vision globale et int\u00e9gr\u00e9e des diff\u00e9rentes composantes de la sexualit\u00e9 : les composantes de l&rsquo;identit\u00e9, les composantes physiologiques, intrapsychiques (sexodynamiques), cognitives et relationnelles. Dans le corps humain, ces composants sont combin\u00e9es.<\/p>\n\n\n\n<p>Le Sexocorporel offre aux th\u00e9rapeutes, aux professionnels d&rsquo;autres domaines li\u00e9s \u00e0 la sexualit\u00e9 humaine et \u00e0 toutes autres parties int\u00e9ress\u00e9es une compr\u00e9hension de la sexualit\u00e9 humaine (y compris la g\u00e9nitalit\u00e9). Elle fournit des instruments efficaces de diagnostic et de traitement, notamment pour am\u00e9liorer ou r\u00e9tablir la sexualit\u00e9 des patients et des clients avec les pr\u00e9occupations correspondantes, ainsi que des instruments d&rsquo;enseignement, par exemple pour l&rsquo;\u00e9ducation sexuelle.<\/p>\n\n\n\n<p>Le pr\u00e9sent programme d&rsquo;\u00e9tudes d\u00e9finit les niveaux de formation pour la profession de \u00ab\u00a0sexologue clinicien ISI\/ clinical sexologist ISI\u00a0\u00bb. En outre, des programmes d&rsquo;\u00e9tudes sp\u00e9cifiques \u00e0 certaines mati\u00e8res, par exemple l&rsquo;\u00e9ducation sexuelle, sont en cours de planification.<\/p>\n\n\n\n<p>En France les formations sont donn\u00e9es soit par le CFSF (Centre de Formation en Sexocorporel Fran\u00e7ais) soit par le CIFRES (Centre International de Formation et de Recherche en Sexologie). Les cours pour la Suisse Romande sont dispens\u00e9s par le CEReS (Centre d\u2019Enseignement et de Recherche en Sexocorporel). Les cours de formation en Allemagne et en Suisse al\u00e9manique sont dispens\u00e9s par l&rsquo;Institut zurichois de sexologie clinique et de th\u00e9rapie sexuelle (ZISS).<\/p>\n\n\n\n<h4 class=\"wp-block-heading\">Structure de la formation<\/h4>\n\n\n\n<p>La formation en Sexocorporel est divis\u00e9e en trois \u00e9tapes :<\/p>\n\n\n\n<div class=\"wp-block-columns is-layout-flex wp-container-core-columns-is-layout-9d6595d7 wp-block-columns-is-layout-flex\">\n<div class=\"wp-block-column is-layout-flow wp-block-column-is-layout-flow\"> \n<div>\n<a href=https:\/\/sexocorporel.com\/1er-niveau\/?lang=fr class=\"outline-button\">\n\t<div class=\"outline-button single red\">\n\t\t<h3 class=\"red\">Etudes de base de sexologie clinique en Sexocorporel<\/h3>\n\t\t<div class=\"arrow\"><\/div>\n<\/div><\/a>\n<\/div>\n\n\n\n \n<div>\n<a href=https:\/\/sexocorporel.com\/3eme-niveau\/?lang=fr class=\"outline-button\">\n\t<div class=\"outline-button single red\">\n\t\t<h3 class=\"red\">Etudes de sexologue clinicien (certification)<\/h3>\n\t\t<div class=\"arrow\"><\/div>\n<\/div><\/a>\n<\/div>\n\n<\/div>\n\n\n\n<div class=\"wp-block-column is-layout-flow wp-block-column-is-layout-flow\"> \n<div>\n<a href=https:\/\/sexocorporel.com\/2eme-niveau\/?lang=fr class=\"outline-button\">\n\t<div class=\"outline-button single red\">\n\t\t<h3 class=\"red\">Etudes d&rsquo;approfondissement de sexologue clinicien<\/h3>\n\t\t<div class=\"arrow\"><\/div>\n<\/div><\/a>\n<\/div>\n\n<\/div>\n<\/div>\n\n\n\n<h4 class=\"wp-block-heading\">Objectifs de la formation<\/h4>\n\n\n\n<p>Les participants acqui\u00e8rent les connaissances cliniques et scientifiques de la sexologie clinique, afin de pouvoir \u00e9tendre leur pratique dans ce domaine. La formation compl\u00e8te permet d&rsquo;exercer la profession de sexologue clinicien ISI.<\/p>\n\n\n\n<h4 class=\"wp-block-heading\">Profil des participants<\/h4>\n\n\n\n<h5 class=\"wp-block-heading\">Pour les deux premiers modules de l&rsquo;\u00e9tape 1 (d\u00e9veloppement personnel):<\/h5>\n\n\n\n<p>Toutes les personnes issues des professions bio-psycho-socio-m\u00e9dicales (psychiatres, m\u00e9decins, physioth\u00e9rapeutes, psychomotriciens, psychologues, urologues, gyn\u00e9cologues, chirurgiens, infirmi\u00e8res, travailleurs sociaux, conseillers matrimoniaux) qui souhaitent conseiller des personnes ou des couples ayant des difficult\u00e9s sexuelles peuvent demander leur admission.<\/p>\n\n\n\n<p>Les personnes exer\u00e7ant d&rsquo;autres professions peuvent \u00eatre admises dans certains centres de formation sur demande (d\u00e9veloppement personnel), sans droit \u00e0 la certification.<\/p>\n\n\n\n<h5 class=\"wp-block-heading\">Pour les modules cliniques (3-7) de niveau 1 :<\/h5>\n\n\n\n<p>Les personnes exer\u00e7ant des professions bio-psycho-socio-m\u00e9dicales qui ont suivi les deux premiers modules, qui souhaitent approfondir leurs connaissances en sexologie clinique dans le cadre d&rsquo;une formation reconnue et acqu\u00e9rir les connaissances et comp\u00e9tences n\u00e9cessaires \u00e0 la pratique clinique en Sexocorporel.<\/p>\n\n\n\n<p>Sur demande, les personnes d&rsquo;autres professions peuvent \u00e9galement \u00eatre admises, avec d&rsquo;\u00e9ventuelles restrictions pour une pratique professionnelle ult\u00e9rieure.<\/p>\n\n\n\n<h4 class=\"wp-block-heading\">R\u00e8glement des absences<\/h4>\n\n\n\n<p>Nous attendons une participation d&rsquo;au moins 90 % des heures de formation \u00e0 chaque niveau. En cas de force majeure (maladie, accident), les heures manqu\u00e9es peuvent \u00eatre rattrap\u00e9es dans une autre formation.<\/p>\n\n\n\n<h4 class=\"wp-block-heading\">Examens<\/h4>\n\n\n\n<p>Les examens sont g\u00e9n\u00e9ralement pass\u00e9s par deux responsables de formation.<\/p>\n","protected":false},"excerpt":{"rendered":"<p>Formation Le Sexocorporel a \u00e9t\u00e9 d\u00e9velopp\u00e9 \u00e0 l&rsquo;Universit\u00e9 du Qu\u00e9bec \u00e0 Montr\u00e9al (UQAM) par le professeur Jean-Yves Desjardins dans les ann\u00e9es 1970. Il est bas\u00e9 sur des observations cliniques pr\u00e9cises qui int\u00e8grent les derni\u00e8res connaissances scientifiques, des observations et des exp\u00e9riences avec des \u00e9tudiants ayant un bon fonctionnement sexuel, et des \u00e9tudes de l&rsquo;expression physique [&hellip;]<\/p>\n","protected":false},"author":1,"featured_media":0,"parent":0,"menu_order":126,"comment_status":"closed","ping_status":"closed","template":"tw-no-title.php","meta":{"footnotes":""},"class_list":["post-1335","page","type-page","status-publish","hentry"],"featured_image_src":null,"yoast_head":"<!-- This site is optimized with the Yoast SEO plugin v26.8 - https:\/\/yoast.com\/product\/yoast-seo-wordpress\/ -->\n<title>Formation \u00e0 la sexoth\u00e9rapie en Sexocorporel - iSi<\/title>\n<meta name=\"description\" content=\"En savoir plus sur la formation en Sexocorporel, le mod\u00e8le de r\u00e9f\u00e9rence en mati\u00e8re de sexologie et de sexoth\u00e9rapie.\" \/>\n<meta name=\"robots\" content=\"index, follow, max-snippet:-1, max-image-preview:large, max-video-preview:-1\" \/>\n<link rel=\"canonical\" href=\"https:\/\/sexocorporel.com\/fr\/formation\/\" \/>\n<meta property=\"og:locale\" content=\"fr_FR\" \/>\n<meta property=\"og:type\" content=\"article\" \/>\n<meta property=\"og:title\" content=\"Formation \u00e0 la sexoth\u00e9rapie en Sexocorporel - iSi\" \/>\n<meta property=\"og:description\" content=\"En savoir plus sur la formation en Sexocorporel, le mod\u00e8le de r\u00e9f\u00e9rence en mati\u00e8re de sexologie et de sexoth\u00e9rapie.\" \/>\n<meta property=\"og:url\" content=\"https:\/\/sexocorporel.com\/fr\/formation\/\" \/>\n<meta property=\"og:site_name\" content=\"Institut Sexocorporel International\" \/>\n<meta property=\"article:modified_time\" content=\"2021-02-07T21:46:53+00:00\" \/>\n<meta property=\"og:image\" content=\"https:\/\/sexocorporel.com\/wp-content\/uploads\/2020\/07\/nick-karvounis-2rsK_rdiDJ8-unsplash-scaled.jpg\" \/>\n<meta name=\"twitter:card\" content=\"summary_large_image\" \/>\n<meta name=\"twitter:label1\" content=\"Dur\u00e9e de lecture estim\u00e9e\" \/>\n\t<meta name=\"twitter:data1\" content=\"3 minutes\" \/>\n<script type=\"application\/ld+json\" class=\"yoast-schema-graph\">{\"@context\":\"https:\/\/schema.org\",\"@graph\":[{\"@type\":\"WebPage\",\"@id\":\"https:\/\/sexocorporel.com\/fr\/formation\/\",\"url\":\"https:\/\/sexocorporel.com\/fr\/formation\/\",\"name\":\"Formation \u00e0 la sexoth\u00e9rapie en Sexocorporel - iSi\",\"isPartOf\":{\"@id\":\"https:\/\/sexocorporel.com\/fr\/#website\"},\"primaryImageOfPage\":{\"@id\":\"https:\/\/sexocorporel.com\/fr\/formation\/#primaryimage\"},\"image\":{\"@id\":\"https:\/\/sexocorporel.com\/fr\/formation\/#primaryimage\"},\"thumbnailUrl\":\"https:\/\/sexocorporel.com\/wp-content\/uploads\/2020\/07\/nick-karvounis-2rsK_rdiDJ8-unsplash-scaled.jpg\",\"datePublished\":\"2020-05-28T20:32:11+00:00\",\"dateModified\":\"2021-02-07T21:46:53+00:00\",\"description\":\"En savoir plus sur la formation en Sexocorporel, le mod\u00e8le de r\u00e9f\u00e9rence en mati\u00e8re de sexologie et de sexoth\u00e9rapie.\",\"breadcrumb\":{\"@id\":\"https:\/\/sexocorporel.com\/fr\/formation\/#breadcrumb\"},\"inLanguage\":\"fr-FR\",\"potentialAction\":[{\"@type\":\"ReadAction\",\"target\":[\"https:\/\/sexocorporel.com\/fr\/formation\/\"]}]},{\"@type\":\"ImageObject\",\"inLanguage\":\"fr-FR\",\"@id\":\"https:\/\/sexocorporel.com\/fr\/formation\/#primaryimage\",\"url\":\"https:\/\/sexocorporel.com\/wp-content\/uploads\/2020\/07\/nick-karvounis-2rsK_rdiDJ8-unsplash-scaled.jpg\",\"contentUrl\":\"https:\/\/sexocorporel.com\/wp-content\/uploads\/2020\/07\/nick-karvounis-2rsK_rdiDJ8-unsplash-scaled.jpg\"},{\"@type\":\"BreadcrumbList\",\"@id\":\"https:\/\/sexocorporel.com\/fr\/formation\/#breadcrumb\",\"itemListElement\":[{\"@type\":\"ListItem\",\"position\":1,\"name\":\"Startseite\",\"item\":\"https:\/\/sexocorporel.com\/fr\/\"},{\"@type\":\"ListItem\",\"position\":2,\"name\":\"Formation\"}]},{\"@type\":\"WebSite\",\"@id\":\"https:\/\/sexocorporel.com\/fr\/#website\",\"url\":\"https:\/\/sexocorporel.com\/fr\/\",\"name\":\"Institut Sexocorporel International\",\"description\":\"Jean-Yves Desjardins\",\"publisher\":{\"@id\":\"https:\/\/sexocorporel.com\/fr\/#organization\"},\"potentialAction\":[{\"@type\":\"SearchAction\",\"target\":{\"@type\":\"EntryPoint\",\"urlTemplate\":\"https:\/\/sexocorporel.com\/fr\/?s={search_term_string}\"},\"query-input\":{\"@type\":\"PropertyValueSpecification\",\"valueRequired\":true,\"valueName\":\"search_term_string\"}}],\"inLanguage\":\"fr-FR\"},{\"@type\":\"Organization\",\"@id\":\"https:\/\/sexocorporel.com\/fr\/#organization\",\"name\":\"Institut Sexocorporel International\",\"url\":\"https:\/\/sexocorporel.com\/fr\/\",\"logo\":{\"@type\":\"ImageObject\",\"inLanguage\":\"fr-FR\",\"@id\":\"https:\/\/sexocorporel.com\/fr\/#\/schema\/logo\/image\/\",\"url\":\"https:\/\/sexocorporel.com\/wp-content\/uploads\/2020\/07\/cropped-629e6a99-4d9e-421b-b20e-8b428f763559-e1595527047446.jpg\",\"contentUrl\":\"https:\/\/sexocorporel.com\/wp-content\/uploads\/2020\/07\/cropped-629e6a99-4d9e-421b-b20e-8b428f763559-e1595527047446.jpg\",\"width\":895,\"height\":270,\"caption\":\"Institut Sexocorporel International\"},\"image\":{\"@id\":\"https:\/\/sexocorporel.com\/fr\/#\/schema\/logo\/image\/\"}}]}<\/script>\n<!-- \/ Yoast SEO plugin. -->","yoast_head_json":{"title":"Formation \u00e0 la sexoth\u00e9rapie en Sexocorporel - iSi","description":"En savoir plus sur la formation en Sexocorporel, le mod\u00e8le de r\u00e9f\u00e9rence en mati\u00e8re de sexologie et de sexoth\u00e9rapie.","robots":{"index":"index","follow":"follow","max-snippet":"max-snippet:-1","max-image-preview":"max-image-preview:large","max-video-preview":"max-video-preview:-1"},"canonical":"https:\/\/sexocorporel.com\/fr\/formation\/","og_locale":"fr_FR","og_type":"article","og_title":"Formation \u00e0 la sexoth\u00e9rapie en Sexocorporel - iSi","og_description":"En savoir plus sur la formation en Sexocorporel, le mod\u00e8le de r\u00e9f\u00e9rence en mati\u00e8re de sexologie et de sexoth\u00e9rapie.","og_url":"https:\/\/sexocorporel.com\/fr\/formation\/","og_site_name":"Institut Sexocorporel International","article_modified_time":"2021-02-07T21:46:53+00:00","og_image":[{"url":"https:\/\/sexocorporel.com\/wp-content\/uploads\/2020\/07\/nick-karvounis-2rsK_rdiDJ8-unsplash-scaled.jpg","type":"","width":"","height":""}],"twitter_card":"summary_large_image","twitter_misc":{"Dur\u00e9e de lecture estim\u00e9e":"3 minutes"},"schema":{"@context":"https:\/\/schema.org","@graph":[{"@type":"WebPage","@id":"https:\/\/sexocorporel.com\/fr\/formation\/","url":"https:\/\/sexocorporel.com\/fr\/formation\/","name":"Formation \u00e0 la sexoth\u00e9rapie en Sexocorporel - iSi","isPartOf":{"@id":"https:\/\/sexocorporel.com\/fr\/#website"},"primaryImageOfPage":{"@id":"https:\/\/sexocorporel.com\/fr\/formation\/#primaryimage"},"image":{"@id":"https:\/\/sexocorporel.com\/fr\/formation\/#primaryimage"},"thumbnailUrl":"https:\/\/sexocorporel.com\/wp-content\/uploads\/2020\/07\/nick-karvounis-2rsK_rdiDJ8-unsplash-scaled.jpg","datePublished":"2020-05-28T20:32:11+00:00","dateModified":"2021-02-07T21:46:53+00:00","description":"En savoir plus sur la formation en Sexocorporel, le mod\u00e8le de r\u00e9f\u00e9rence en mati\u00e8re de sexologie et de sexoth\u00e9rapie.","breadcrumb":{"@id":"https:\/\/sexocorporel.com\/fr\/formation\/#breadcrumb"},"inLanguage":"fr-FR","potentialAction":[{"@type":"ReadAction","target":["https:\/\/sexocorporel.com\/fr\/formation\/"]}]},{"@type":"ImageObject","inLanguage":"fr-FR","@id":"https:\/\/sexocorporel.com\/fr\/formation\/#primaryimage","url":"https:\/\/sexocorporel.com\/wp-content\/uploads\/2020\/07\/nick-karvounis-2rsK_rdiDJ8-unsplash-scaled.jpg","contentUrl":"https:\/\/sexocorporel.com\/wp-content\/uploads\/2020\/07\/nick-karvounis-2rsK_rdiDJ8-unsplash-scaled.jpg"},{"@type":"BreadcrumbList","@id":"https:\/\/sexocorporel.com\/fr\/formation\/#breadcrumb","itemListElement":[{"@type":"ListItem","position":1,"name":"Startseite","item":"https:\/\/sexocorporel.com\/fr\/"},{"@type":"ListItem","position":2,"name":"Formation"}]},{"@type":"WebSite","@id":"https:\/\/sexocorporel.com\/fr\/#website","url":"https:\/\/sexocorporel.com\/fr\/","name":"Institut Sexocorporel International","description":"Jean-Yves Desjardins","publisher":{"@id":"https:\/\/sexocorporel.com\/fr\/#organization"},"potentialAction":[{"@type":"SearchAction","target":{"@type":"EntryPoint","urlTemplate":"https:\/\/sexocorporel.com\/fr\/?s={search_term_string}"},"query-input":{"@type":"PropertyValueSpecification","valueRequired":true,"valueName":"search_term_string"}}],"inLanguage":"fr-FR"},{"@type":"Organization","@id":"https:\/\/sexocorporel.com\/fr\/#organization","name":"Institut Sexocorporel International","url":"https:\/\/sexocorporel.com\/fr\/","logo":{"@type":"ImageObject","inLanguage":"fr-FR","@id":"https:\/\/sexocorporel.com\/fr\/#\/schema\/logo\/image\/","url":"https:\/\/sexocorporel.com\/wp-content\/uploads\/2020\/07\/cropped-629e6a99-4d9e-421b-b20e-8b428f763559-e1595527047446.jpg","contentUrl":"https:\/\/sexocorporel.com\/wp-content\/uploads\/2020\/07\/cropped-629e6a99-4d9e-421b-b20e-8b428f763559-e1595527047446.jpg","width":895,"height":270,"caption":"Institut Sexocorporel International"},"image":{"@id":"https:\/\/sexocorporel.com\/fr\/#\/schema\/logo\/image\/"}}]}},"_links":{"self":[{"href":"https:\/\/sexocorporel.com\/fr\/wp-json\/wp\/v2\/pages\/1335","targetHints":{"allow":["GET"]}}],"collection":[{"href":"https:\/\/sexocorporel.com\/fr\/wp-json\/wp\/v2\/pages"}],"about":[{"href":"https:\/\/sexocorporel.com\/fr\/wp-json\/wp\/v2\/types\/page"}],"author":[{"embeddable":true,"href":"https:\/\/sexocorporel.com\/fr\/wp-json\/wp\/v2\/users\/1"}],"replies":[{"embeddable":true,"href":"https:\/\/sexocorporel.com\/fr\/wp-json\/wp\/v2\/comments?post=1335"}],"version-history":[{"count":10,"href":"https:\/\/sexocorporel.com\/fr\/wp-json\/wp\/v2\/pages\/1335\/revisions"}],"predecessor-version":[{"id":2473,"href":"https:\/\/sexocorporel.com\/fr\/wp-json\/wp\/v2\/pages\/1335\/revisions\/2473"}],"wp:attachment":[{"href":"https:\/\/sexocorporel.com\/fr\/wp-json\/wp\/v2\/media?parent=1335"}],"curies":[{"name":"wp","href":"https:\/\/api.w.org\/{rel}","templated":true}]}}