{"id":1512,"date":"2020-07-05T14:34:52","date_gmt":"2020-07-05T12:34:52","guid":{"rendered":"https:\/\/sexocorporel.com\/ausbildungsinstitute\/"},"modified":"2024-12-13T10:30:53","modified_gmt":"2024-12-13T09:30:53","slug":"training-institutes","status":"publish","type":"page","link":"https:\/\/sexocorporel.com\/en\/training\/training-institutes\/","title":{"rendered":"Training institutes"},"content":{"rendered":"\n<h2 class=\"wp-block-heading\">Switzerland<\/h2>\n\n\n\n<div class=\"wp-block-columns is-layout-flex wp-container-core-columns-is-layout-9d6595d7 wp-block-columns-is-layout-flex\">\n<div class=\"wp-block-column is-layout-flow wp-block-column-is-layout-flow\">\n<h4 class=\"wp-block-heading\">Zurich<\/h4>\n\n\n\n<p><a rel=\"noreferrer noopener\" href=\"https:\/\/www.ziss.ch\/weiterbildung\/sexocorporel_schweiz.htm\" target=\"_blank\">Z\u00fcrcher Institut f\u00fcr Klinische Sexologie &amp; Sexualltherapie<\/a><\/p>\n\n\n\n<span class='events-no-events'>Keine Veranstaltungen<\/span>\n<\/div>\n\n\n\n<div class=\"wp-block-column is-layout-flow wp-block-column-is-layout-flow\">\n<h4 class=\"wp-block-heading\">Geneva<\/h4>\n\n\n\n<p><a rel=\"noreferrer noopener\" href=\"https:\/\/sexocorporelgeneve.ch\/\" target=\"_blank\">Sexocorporel Gen\u00e8ve<\/a><\/p>\n<\/div>\n\n\n\n<div class=\"wp-block-column is-layout-flow wp-block-column-is-layout-flow\"><\/div>\n<\/div>\n\n\n\n<h2 class=\"wp-block-heading\">Germany<\/h2>\n\n\n\n<div class=\"wp-block-columns is-layout-flex wp-container-core-columns-is-layout-9d6595d7 wp-block-columns-is-layout-flex\">\n<div class=\"wp-block-column is-layout-flow wp-block-column-is-layout-flow\">\n<h4 class=\"wp-block-heading\">Kissleg<\/h4>\n\n\n\n<p><a rel=\"noreferrer noopener\" href=\"https:\/\/www.ziss.ch\/weiterbildung\/sexocorporel_deutschland_sued.htm\" target=\"_blank\">Z\u00fcrcher Institut f\u00fcr Klinische Sexologie &amp; Sexualtherapie<\/a><\/p>\n\n\n\n<span class='events-no-events'>Keine Veranstaltungen<\/span>\n<\/div>\n\n\n\n<div class=\"wp-block-column is-layout-flow wp-block-column-is-layout-flow\">\n<h4 class=\"wp-block-heading\">Berlin<\/h4>\n\n\n\n<p><a href=\"https:\/\/institut-fuer-embodiment-und-sexologie.de\/\">Institut f\u00fcr Embodiment und Sexologie<\/a><\/p>\n\n\n\n<span class='events-no-events'>Keine Veranstaltungen<\/span>\n<\/div>\n\n\n\n<div class=\"wp-block-column is-layout-flow wp-block-column-is-layout-flow\"><\/div>\n<\/div>\n\n\n\n<h2 class=\"wp-block-heading\">France<\/h2>\n\n\n\n<div class=\"wp-block-columns is-layout-flex wp-container-core-columns-is-layout-9d6595d7 wp-block-columns-is-layout-flex\">\n<div class=\"wp-block-column is-layout-flow wp-block-column-is-layout-flow\">\n<h4 class=\"wp-block-heading\">Paris Rennes Nice<\/h4>\n\n\n\n<p><a rel=\"noreferrer noopener\" href=\"http:\/\/www.formation-sexocorporel.fr\/\" target=\"_blank\"><a rel=\"noreferrer noopener\" href=\"https:\/\/cfsf.fr\/\" target=\"_blank\">Centre de Formation Sexocorporelle Fran\u00e7ais CFSF<\/a><\/a><\/p>\n\n\n\n<span class='events-no-events'>Keine Veranstaltungen<\/span>\n<\/div>\n\n\n\n<div class=\"wp-block-column is-layout-flow wp-block-column-is-layout-flow\">\n<h4 class=\"wp-block-heading\">Paris Toulouse<\/h4>\n\n\n\n<p><a rel=\"noreferrer noopener\" href=\"http:\/\/www.cifres.org\/\" target=\"_blank\">CIFRES<\/a><\/p>\n\n\n\n<span class='events-no-events'>Keine Veranstaltungen<\/span>\n<\/div>\n\n\n\n<div class=\"wp-block-column is-layout-flow wp-block-column-is-layout-flow\">\n<h4 class=\"wp-block-heading\">Nice<\/h4>\n\n\n\n<p>CARES <a href=\"mailto:cares.nice@gmail.com\">cares.nice@gmail.com<\/a><\/p>\n<\/div>\n<\/div>\n\n\n\n<h2 class=\"wp-block-heading\">Italy<\/h2>\n\n\n\n<div class=\"wp-block-columns is-layout-flex wp-container-core-columns-is-layout-9d6595d7 wp-block-columns-is-layout-flex\">\n<div class=\"wp-block-column is-layout-flow wp-block-column-is-layout-flow\">\n<p><a rel=\"noreferrer noopener\" href=\"http:\/\/www.sessocorporeo-asi.org\/\" target=\"_blank\">Associazione Sessocorporea Italiana<\/a><\/p>\n<\/div>\n\n\n\n<div class=\"wp-block-column is-layout-flow wp-block-column-is-layout-flow\"><\/div>\n\n\n\n<div class=\"wp-block-column is-layout-flow wp-block-column-is-layout-flow\"><\/div>\n<\/div>\n\n\n\n<h2 class=\"wp-block-heading\">Canada<\/h2>\n\n\n\n<div class=\"wp-block-columns is-layout-flex wp-container-core-columns-is-layout-9d6595d7 wp-block-columns-is-layout-flex\">\n<div class=\"wp-block-column is-layout-flow wp-block-column-is-layout-flow\">\n<p><a rel=\"noreferrer noopener\" href=\"http:\/\/sexologues.ca\/academie-sexocorporel-desjardins\/\" target=\"_blank\">Acad\u00e9mie du sexocorporel Desjardins Inc.<\/a><\/p>\n<\/div>\n\n\n\n<div class=\"wp-block-column is-layout-flow wp-block-column-is-layout-flow\"><\/div>\n\n\n\n<div class=\"wp-block-column is-layout-flow wp-block-column-is-layout-flow\"><\/div>\n<\/div>\n\n\n\n<p id=\"Training-calendar\"><\/p>\n\n\n\n<h2 class=\"wp-block-heading\">Training calendar<\/h2>\n\n\n\n<div class='eme-calendar-full' id='eme-calendar-142'><table class='eme-calendar-table fullcalendar'>\n<thead><tr><th class='month_name' colspan='7'><a class='prev-month eme-cal-prev-month' href='#' data-full='1' data-htmltable='1' data-htmldiv='0' data-long_events='' data-month='03' data-year='2026' data-category='2' data-author='' data-contact_person='' data-location_id='' data-notcategory='0' data-template_id='0' data-holiday_id='0' data-weekdays='' data-language='' data-calendar_divid='eme-calendar-142'>&lt;&lt;<\/a> April 2026 <a class='next-month eme-cal-next-month' href=\"#\" data-full='1' data-htmltable='1' data-htmldiv='0' data-long_events='' data-month='05' data-year='2026' data-category='2' data-author='' data-contact_person='' data-location_id='' data-notcategory='0' data-template_id='0' data-holiday_id='0' data-weekdays='' data-language='' data-calendar_divid='eme-calendar-142'>&gt;&gt;<\/a><\/th>\n<\/tr><\/thead>\n<tr class='days-names'><td class='Mon_header'>Mon<\/td><td class='Tue_header'>Tue<\/td><td class='Wed_header'>Wed<\/td><td class='Thu_header'>Thu<\/td><td class='Fri_header'>Fri<\/td><td class='Sat_header'>Sat<\/td><td class='Sun_header'>Sun<\/td><\/tr>\n<tr><td class='Mon eventless-pre'><span class='span-eme-calday span-eme-calday-30'>30<\/td>\n<td class='Tue eventless-pre'><span class='span-eme-calday span-eme-calday-31'>31<\/td>\n<td class='Wed eventless'><span class='span-eme-calday span-eme-calday-1'>1<\/td>\n<td class='Thu eventless'><span class='span-eme-calday span-eme-calday-2'>2<\/td>\n<td class='Fri eventless'><span class='span-eme-calday span-eme-calday-3'>3<\/td>\n<td class='Sat eventless'><span class='span-eme-calday span-eme-calday-4'>4<\/td>\n<td class='Sun eventless'><span class='span-eme-calday span-eme-calday-5'>5<\/td>\n<\/tr>\n<tr><td class='Mon eventless'><span class='span-eme-calday span-eme-calday-6'>6<\/td>\n<td class='Tue eventless'><span class='span-eme-calday span-eme-calday-7'>7<\/td>\n<td class='Wed eventless'><span class='span-eme-calday span-eme-calday-8'>8<\/td>\n<td class='Thu eventless'><span class='span-eme-calday span-eme-calday-9'>9<\/td>\n<td class='Fri eventless'><span class='span-eme-calday span-eme-calday-10'>10<\/td>\n<td class='Sat eventless'><span class='span-eme-calday span-eme-calday-11'>11<\/td>\n<td class='Sun eventless'><span class='span-eme-calday span-eme-calday-12'>12<\/td>\n<\/tr>\n<tr><td class='Mon eventless'><span class='span-eme-calday span-eme-calday-13'>13<\/td>\n<td class='Tue eventless'><span class='span-eme-calday span-eme-calday-14'>14<\/td>\n<td class='Wed eventless'><span class='span-eme-calday span-eme-calday-15'>15<\/td>\n<td class='Thu eventless'><span class='span-eme-calday span-eme-calday-16'>16<\/td>\n<td class='Fri eventless'><span class='span-eme-calday span-eme-calday-17'>17<\/td>\n<td class='Sat eventless'><span class='span-eme-calday span-eme-calday-18'>18<\/td>\n<td class='Sun eventless'><span class='span-eme-calday span-eme-calday-19'>19<\/td>\n<\/tr>\n<tr><td class='Mon eventless'><span class='span-eme-calday span-eme-calday-20'>20<\/td>\n<td class='Tue eventless'><span class='span-eme-calday span-eme-calday-21'>21<\/td>\n<td class='Wed eventless'><span class='span-eme-calday span-eme-calday-22'>22<\/td>\n<td class='Thu eventless'><span class='span-eme-calday span-eme-calday-23'>23<\/td>\n<td class='Fri eventless-today'><span class='span-eme-calday span-eme-calday-24'>24<\/td>\n<td class='Sat eventless'><span class='span-eme-calday span-eme-calday-25'>25<\/td>\n<td class='Sun eventless'><span class='span-eme-calday span-eme-calday-26'>26<\/td>\n<\/tr>\n<tr><td class='Mon eventless'><span class='span-eme-calday span-eme-calday-27'>27<\/td>\n<td class='Tue eventless'><span class='span-eme-calday span-eme-calday-28'>28<\/td>\n<td class='Wed eventless'><span class='span-eme-calday span-eme-calday-29'>29<\/td>\n<td class='Thu eventless'><span class='span-eme-calday span-eme-calday-30'>30<\/td>\n<td class='Fri eventless-post'><span class='span-eme-calday span-eme-calday-1'>1<\/td>\n<td class='Sat eventless-post'><span class='span-eme-calday span-eme-calday-2'>2<\/td>\n<td class='Sun eventless-post'><span class='span-eme-calday span-eme-calday-3'>3<\/td>\n<\/tr>\n<\/table>\n<\/div>\n","protected":false},"excerpt":{"rendered":"<p>Switzerland Zurich Z\u00fcrcher Institut f\u00fcr Klinische Sexologie &amp; Sexualltherapie Geneva Sexocorporel Gen\u00e8ve Germany Kissleg Z\u00fcrcher Institut f\u00fcr Klinische Sexologie &amp; Sexualtherapie Berlin Institut f\u00fcr Embodiment und Sexologie France Paris Rennes Nice Centre de Formation Sexocorporelle Fran\u00e7ais CFSF Paris Toulouse CIFRES Nice CARES cares.nice@gmail.com Italy Associazione Sessocorporea Italiana Canada Acad\u00e9mie du sexocorporel Desjardins Inc. Training calendar<\/p>\n","protected":false},"author":1,"featured_media":0,"parent":1047,"menu_order":67,"comment_status":"closed","ping_status":"closed","template":"","meta":{"footnotes":""},"class_list":["post-1512","page","type-page","status-publish","hentry"],"featured_image_src":null,"yoast_head":"<!-- This site is optimized with the Yoast SEO plugin v26.8 - https:\/\/yoast.com\/product\/yoast-seo-wordpress\/ -->\n<title>Training institutes - Institut Sexocorporel International<\/title>\n<meta name=\"robots\" content=\"index, follow, max-snippet:-1, max-image-preview:large, max-video-preview:-1\" \/>\n<link rel=\"canonical\" href=\"https:\/\/sexocorporel.com\/en\/training\/training-institutes\/\" \/>\n<meta property=\"og:locale\" content=\"en_US\" \/>\n<meta property=\"og:type\" content=\"article\" \/>\n<meta property=\"og:title\" content=\"Training institutes - Institut Sexocorporel International\" \/>\n<meta property=\"og:description\" content=\"Switzerland Zurich Z\u00fcrcher Institut f\u00fcr Klinische Sexologie &amp; Sexualltherapie Geneva Sexocorporel Gen\u00e8ve Germany Kissleg Z\u00fcrcher Institut f\u00fcr Klinische Sexologie &amp; Sexualtherapie Berlin Institut f\u00fcr Embodiment und Sexologie France Paris Rennes Nice Centre de Formation Sexocorporelle Fran\u00e7ais CFSF Paris Toulouse CIFRES Nice CARES cares.nice@gmail.com Italy Associazione Sessocorporea Italiana Canada Acad\u00e9mie du sexocorporel Desjardins Inc. Training calendar\" \/>\n<meta property=\"og:url\" content=\"https:\/\/sexocorporel.com\/en\/training\/training-institutes\/\" \/>\n<meta property=\"og:site_name\" content=\"Institut Sexocorporel International\" \/>\n<meta property=\"article:modified_time\" content=\"2024-12-13T09:30:53+00:00\" \/>\n<meta name=\"twitter:card\" content=\"summary_large_image\" \/>\n<meta name=\"twitter:label1\" content=\"Est. reading time\" \/>\n\t<meta name=\"twitter:data1\" content=\"1 minute\" \/>\n<script type=\"application\/ld+json\" class=\"yoast-schema-graph\">{\"@context\":\"https:\/\/schema.org\",\"@graph\":[{\"@type\":\"WebPage\",\"@id\":\"https:\/\/sexocorporel.com\/en\/training\/training-institutes\/\",\"url\":\"https:\/\/sexocorporel.com\/en\/training\/training-institutes\/\",\"name\":\"Training institutes - Institut Sexocorporel International\",\"isPartOf\":{\"@id\":\"https:\/\/sexocorporel.com\/en\/#website\"},\"datePublished\":\"2020-07-05T12:34:52+00:00\",\"dateModified\":\"2024-12-13T09:30:53+00:00\",\"breadcrumb\":{\"@id\":\"https:\/\/sexocorporel.com\/en\/training\/training-institutes\/#breadcrumb\"},\"inLanguage\":\"en-US\",\"potentialAction\":[{\"@type\":\"ReadAction\",\"target\":[\"https:\/\/sexocorporel.com\/en\/training\/training-institutes\/\"]}]},{\"@type\":\"BreadcrumbList\",\"@id\":\"https:\/\/sexocorporel.com\/en\/training\/training-institutes\/#breadcrumb\",\"itemListElement\":[{\"@type\":\"ListItem\",\"position\":1,\"name\":\"Startseite\",\"item\":\"https:\/\/sexocorporel.com\/en\/\"},{\"@type\":\"ListItem\",\"position\":2,\"name\":\"Training\",\"item\":\"https:\/\/sexocorporel.com\/en\/training\/\"},{\"@type\":\"ListItem\",\"position\":3,\"name\":\"Training institutes\"}]},{\"@type\":\"WebSite\",\"@id\":\"https:\/\/sexocorporel.com\/en\/#website\",\"url\":\"https:\/\/sexocorporel.com\/en\/\",\"name\":\"Institut Sexocorporel International\",\"description\":\"Jean-Yves Desjardins\",\"publisher\":{\"@id\":\"https:\/\/sexocorporel.com\/en\/#organization\"},\"potentialAction\":[{\"@type\":\"SearchAction\",\"target\":{\"@type\":\"EntryPoint\",\"urlTemplate\":\"https:\/\/sexocorporel.com\/en\/?s={search_term_string}\"},\"query-input\":{\"@type\":\"PropertyValueSpecification\",\"valueRequired\":true,\"valueName\":\"search_term_string\"}}],\"inLanguage\":\"en-US\"},{\"@type\":\"Organization\",\"@id\":\"https:\/\/sexocorporel.com\/en\/#organization\",\"name\":\"Institut Sexocorporel International\",\"url\":\"https:\/\/sexocorporel.com\/en\/\",\"logo\":{\"@type\":\"ImageObject\",\"inLanguage\":\"en-US\",\"@id\":\"https:\/\/sexocorporel.com\/en\/#\/schema\/logo\/image\/\",\"url\":\"https:\/\/sexocorporel.com\/wp-content\/uploads\/2020\/07\/cropped-629e6a99-4d9e-421b-b20e-8b428f763559-e1595527047446.jpg\",\"contentUrl\":\"https:\/\/sexocorporel.com\/wp-content\/uploads\/2020\/07\/cropped-629e6a99-4d9e-421b-b20e-8b428f763559-e1595527047446.jpg\",\"width\":895,\"height\":270,\"caption\":\"Institut Sexocorporel International\"},\"image\":{\"@id\":\"https:\/\/sexocorporel.com\/en\/#\/schema\/logo\/image\/\"}}]}<\/script>\n<!-- \/ Yoast SEO plugin. -->","yoast_head_json":{"title":"Training institutes - Institut Sexocorporel International","robots":{"index":"index","follow":"follow","max-snippet":"max-snippet:-1","max-image-preview":"max-image-preview:large","max-video-preview":"max-video-preview:-1"},"canonical":"https:\/\/sexocorporel.com\/en\/training\/training-institutes\/","og_locale":"en_US","og_type":"article","og_title":"Training institutes - Institut Sexocorporel International","og_description":"Switzerland Zurich Z\u00fcrcher Institut f\u00fcr Klinische Sexologie &amp; Sexualltherapie Geneva Sexocorporel Gen\u00e8ve Germany Kissleg Z\u00fcrcher Institut f\u00fcr Klinische Sexologie &amp; Sexualtherapie Berlin Institut f\u00fcr Embodiment und Sexologie France Paris Rennes Nice Centre de Formation Sexocorporelle Fran\u00e7ais CFSF Paris Toulouse CIFRES Nice CARES cares.nice@gmail.com Italy Associazione Sessocorporea Italiana Canada Acad\u00e9mie du sexocorporel Desjardins Inc. Training calendar","og_url":"https:\/\/sexocorporel.com\/en\/training\/training-institutes\/","og_site_name":"Institut Sexocorporel International","article_modified_time":"2024-12-13T09:30:53+00:00","twitter_card":"summary_large_image","twitter_misc":{"Est. reading time":"1 minute"},"schema":{"@context":"https:\/\/schema.org","@graph":[{"@type":"WebPage","@id":"https:\/\/sexocorporel.com\/en\/training\/training-institutes\/","url":"https:\/\/sexocorporel.com\/en\/training\/training-institutes\/","name":"Training institutes - Institut Sexocorporel International","isPartOf":{"@id":"https:\/\/sexocorporel.com\/en\/#website"},"datePublished":"2020-07-05T12:34:52+00:00","dateModified":"2024-12-13T09:30:53+00:00","breadcrumb":{"@id":"https:\/\/sexocorporel.com\/en\/training\/training-institutes\/#breadcrumb"},"inLanguage":"en-US","potentialAction":[{"@type":"ReadAction","target":["https:\/\/sexocorporel.com\/en\/training\/training-institutes\/"]}]},{"@type":"BreadcrumbList","@id":"https:\/\/sexocorporel.com\/en\/training\/training-institutes\/#breadcrumb","itemListElement":[{"@type":"ListItem","position":1,"name":"Startseite","item":"https:\/\/sexocorporel.com\/en\/"},{"@type":"ListItem","position":2,"name":"Training","item":"https:\/\/sexocorporel.com\/en\/training\/"},{"@type":"ListItem","position":3,"name":"Training institutes"}]},{"@type":"WebSite","@id":"https:\/\/sexocorporel.com\/en\/#website","url":"https:\/\/sexocorporel.com\/en\/","name":"Institut Sexocorporel International","description":"Jean-Yves Desjardins","publisher":{"@id":"https:\/\/sexocorporel.com\/en\/#organization"},"potentialAction":[{"@type":"SearchAction","target":{"@type":"EntryPoint","urlTemplate":"https:\/\/sexocorporel.com\/en\/?s={search_term_string}"},"query-input":{"@type":"PropertyValueSpecification","valueRequired":true,"valueName":"search_term_string"}}],"inLanguage":"en-US"},{"@type":"Organization","@id":"https:\/\/sexocorporel.com\/en\/#organization","name":"Institut Sexocorporel International","url":"https:\/\/sexocorporel.com\/en\/","logo":{"@type":"ImageObject","inLanguage":"en-US","@id":"https:\/\/sexocorporel.com\/en\/#\/schema\/logo\/image\/","url":"https:\/\/sexocorporel.com\/wp-content\/uploads\/2020\/07\/cropped-629e6a99-4d9e-421b-b20e-8b428f763559-e1595527047446.jpg","contentUrl":"https:\/\/sexocorporel.com\/wp-content\/uploads\/2020\/07\/cropped-629e6a99-4d9e-421b-b20e-8b428f763559-e1595527047446.jpg","width":895,"height":270,"caption":"Institut Sexocorporel International"},"image":{"@id":"https:\/\/sexocorporel.com\/en\/#\/schema\/logo\/image\/"}}]}},"_links":{"self":[{"href":"https:\/\/sexocorporel.com\/en\/wp-json\/wp\/v2\/pages\/1512","targetHints":{"allow":["GET"]}}],"collection":[{"href":"https:\/\/sexocorporel.com\/en\/wp-json\/wp\/v2\/pages"}],"about":[{"href":"https:\/\/sexocorporel.com\/en\/wp-json\/wp\/v2\/types\/page"}],"author":[{"embeddable":true,"href":"https:\/\/sexocorporel.com\/en\/wp-json\/wp\/v2\/users\/1"}],"replies":[{"embeddable":true,"href":"https:\/\/sexocorporel.com\/en\/wp-json\/wp\/v2\/comments?post=1512"}],"version-history":[{"count":10,"href":"https:\/\/sexocorporel.com\/en\/wp-json\/wp\/v2\/pages\/1512\/revisions"}],"predecessor-version":[{"id":7451,"href":"https:\/\/sexocorporel.com\/en\/wp-json\/wp\/v2\/pages\/1512\/revisions\/7451"}],"up":[{"embeddable":true,"href":"https:\/\/sexocorporel.com\/en\/wp-json\/wp\/v2\/pages\/1047"}],"wp:attachment":[{"href":"https:\/\/sexocorporel.com\/en\/wp-json\/wp\/v2\/media?parent=1512"}],"curies":[{"name":"wp","href":"https:\/\/api.w.org\/{rel}","templated":true}]}}