{"id":1082,"date":"2020-07-01T23:27:39","date_gmt":"2020-07-01T21:27:39","guid":{"rendered":"https:\/\/sexocorporel.com\/vorstand-isi\/"},"modified":"2025-05-12T13:18:49","modified_gmt":"2025-05-12T11:18:49","slug":"executive-board-isi","status":"publish","type":"page","link":"https:\/\/sexocorporel.com\/en\/institut-isi\/executive-board-isi\/","title":{"rendered":"Executive Board iSi"},"content":{"rendered":"\n<div class=\"wp-block-columns border-red center-txt is-layout-flex wp-container-core-columns-is-layout-9d6595d7 wp-block-columns-is-layout-flex\">\n<div class=\"wp-block-column is-vertically-aligned-center is-layout-flow wp-block-column-is-layout-flow\"><div class=\"wp-block-image is-style-rounded\">\n<figure class=\"aligncenter size-large is-resized\"><img loading=\"lazy\" decoding=\"async\" src=\"https:\/\/sexocorporel.com\/wp-content\/uploads\/2023\/07\/Sybille-Stahlberg-217x300.jpg\" alt=\"\" class=\"wp-image-3608\" width=\"217\" height=\"300\"\/><\/figure>\n<\/div><\/div>\n\n\n\n<div class=\"wp-block-column is-layout-flow wp-block-column-is-layout-flow\">\n<h3 class=\"wp-block-heading blue\">President<\/h3>\n\n\n\n<p>Sybille Stahlberg<br>Bern, Switzerland<br>Couples and Sex Therapist, Clinical Sexologist iSi<\/p>\n\n\n\n<p>Contact person for conferences and congresses iSi<\/p>\n\n\n\n<p><a href=\"mailto:s.stahlberg@sexocorporel.com\">s.stahlberg(at)sexocorporel.com<\/a><br><a href=\"https:\/\/sybillestahlberg.ch\/\" target=\"_blank\" rel=\"noreferrer noopener\">sybillestahlberg.ch<\/a><\/p>\n<\/div>\n<\/div>\n\n\n\n<div class=\"wp-block-columns border-red center-txt is-layout-flex wp-container-core-columns-is-layout-9d6595d7 wp-block-columns-is-layout-flex\">\n<div class=\"wp-block-column is-vertically-aligned-center is-layout-flow wp-block-column-is-layout-flow\"><div class=\"wp-block-image is-style-rounded\">\n<figure class=\"aligncenter size-large is-resized\"><img loading=\"lazy\" decoding=\"async\" src=\"https:\/\/sexocorporel.com\/wp-content\/uploads\/2020\/07\/ben_kneubu\u0308hler.jpg\" alt=\"Ben Kneubu\u0308hler\" class=\"wp-image-486\" width=\"177\" height=\"177\" srcset=\"https:\/\/sexocorporel.com\/wp-content\/uploads\/2020\/07\/ben_kneubu\u0308hler.jpg 177w, https:\/\/sexocorporel.com\/wp-content\/uploads\/2020\/07\/ben_kneubu\u0308hler-150x150.jpg 150w\" sizes=\"auto, (max-width: 177px) 100vw, 177px\" \/><\/figure>\n<\/div><\/div>\n\n\n\n<div class=\"wp-block-column is-layout-flow wp-block-column-is-layout-flow\">\n<h3 class=\"wp-block-heading red\">Vice President<\/h3>\n\n\n\n<p>Ben Kneub\u00fchler<br>Z\u00fcrich, Switzerland<br>Psychotherapist, Clinical Sexologist iSi<\/p>\n\n\n\n<p>Grossm\u00fcnsterplatz 6, 8001 Z\u00fcrich<\/p>\n\n\n\n<p><a href=\"mailto:mail@der-psychologe.ch\">mail(at)der-psychologe.ch<\/a><br><a href=\"https:\/\/der-psychologe.ch\/\" target=\"_blank\" rel=\"noreferrer noopener\">der-psychologe.ch<\/a><\/p>\n<\/div>\n<\/div>\n\n\n\n<div class=\"wp-block-columns border-violla center-txt is-layout-flex wp-container-core-columns-is-layout-9d6595d7 wp-block-columns-is-layout-flex\">\n<div class=\"wp-block-column is-vertically-aligned-center is-layout-flow wp-block-column-is-layout-flow\"><div class=\"wp-block-image is-style-rounded\">\n<figure class=\"aligncenter size-large is-resized\"><img loading=\"lazy\" decoding=\"async\" src=\"https:\/\/sexocorporel.com\/wp-content\/uploads\/2023\/07\/Wispo-Foto-200x300.jpg\" alt=\"\" class=\"wp-image-481\" width=\"200\" height=\"300\"\/><\/figure>\n<\/div><\/div>\n\n\n\n<div class=\"wp-block-column is-layout-flow wp-block-column-is-layout-flow\">\n<h3 class=\"wp-block-heading blue\">Managing Director<\/h3>\n\n\n\n<p>Kathy Muss\u00e4us<br>Schwerin, Germany<br>Sexologist<\/p>\n\n\n\n<p>K\u00f6rnerstrasse 5, 19055 Schwerin<br>Telefon: +49 385 55582740<\/p>\n\n\n\n<p><a href=\"mailto:km@lustvoll-leben-schwerin.de\">km(at)lustvoll-leben-schwerin.de<\/a><br><a href=\"https:\/\/www.lustvoll-leben-schwerin.de\" target=\"_blank\" rel=\"noreferrer noopener\">lustvoll-leben-schwerin.de<\/a><\/p>\n<\/div>\n<\/div>\n\n\n\n<div class=\"wp-block-columns border-verde center-txt is-layout-flex wp-container-core-columns-is-layout-9d6595d7 wp-block-columns-is-layout-flex\">\n<div class=\"wp-block-column is-vertically-aligned-center is-layout-flow wp-block-column-is-layout-flow\"><div class=\"wp-block-image is-style-rounded\">\n<figure class=\"aligncenter size-large is-resized\"><img loading=\"lazy\" decoding=\"async\" src=\"https:\/\/sexocorporel.com\/wp-content\/uploads\/2021\/04\/Annette-150x150.jpg\" alt=\"\" class=\"wp-image-483\" width=\"177\" height=\"177\"\/><\/figure>\n<\/div><\/div>\n\n\n\n<div class=\"wp-block-column is-layout-flow wp-block-column-is-layout-flow\">\n<h3 class=\"wp-block-heading blue\">Treasury<\/h3>\n\n\n\n<p>Annette Bischof-Campbell<br>Z\u00fcrich, Switzerland<br>Psychotherapist, Clinical Sexologist iSi<\/p>\n\n\n\n<p>ZISS, Minervastrasse 99, 8032 Z\u00fcrich<\/p>\n\n\n\n<p><a href=\"mailto:a.bischof-campbell@sexocorporel.com\">a.bischof-campbell@sexocorporel.com<\/a><br><a href=\"https:\/\/www.ziss.ch\/\" target=\"_blank\" rel=\"noreferrer noopener\">ziss.ch<\/a><\/p>\n<\/div>\n<\/div>\n\n\n\n<div class=\"wp-block-columns border-blue center-txt is-layout-flex wp-container-core-columns-is-layout-9d6595d7 wp-block-columns-is-layout-flex\">\n<div class=\"wp-block-column is-vertically-aligned-center is-layout-flow wp-block-column-is-layout-flow\"><div class=\"wp-block-image is-style-rounded\">\n<figure class=\"aligncenter size-large is-resized\"><img loading=\"lazy\" decoding=\"async\" src=\"https:\/\/sexocorporel.com\/wp-content\/uploads\/2023\/07\/Juergen-Ackermann-e1746798685983.jpg\" alt=\"\" class=\"wp-image-486\" width=\"220\" height=\"224\"\/><\/figure>\n<\/div><\/div>\n\n\n\n<div class=\"wp-block-column is-layout-flow wp-block-column-is-layout-flow\">\n<h3 class=\"wp-block-heading red\">Member<\/h3>\n\n\n\n<p>Dr. J\u00fcrgen Ackermann, Coach<\/p>\n\n\n\n<p><a href=\"mailto:j.ackermann@sexocorporel.com\">j.ackermann(at)sexocorporel.com<\/a><\/p>\n<\/div>\n<\/div>\n\n\n\n<div class=\"wp-block-columns border-blue center-txt is-layout-flex wp-container-core-columns-is-layout-9d6595d7 wp-block-columns-is-layout-flex\">\n<div class=\"wp-block-column is-vertically-aligned-center is-layout-flow wp-block-column-is-layout-flow\"><div class=\"wp-block-image is-style-rounded\">\n<figure class=\"aligncenter size-large is-resized\"><img loading=\"lazy\" decoding=\"async\" src=\"https:\/\/sexocorporel.com\/wp-content\/uploads\/2023\/08\/Baluu-300x294.jpg\" alt=\"\" class=\"wp-image-3608\" width=\"220\" height=\"216\"\/><\/figure>\n<\/div><\/div>\n\n\n\n<div class=\"wp-block-column is-layout-flow wp-block-column-is-layout-flow\">\n<h3 class=\"wp-block-heading blue\">Member<\/h3>\n\n\n\n<p>Baluu Lehmann<br>Z\u00fcrich, Switzerland<\/p>\n\n\n\n<p>Milit\u00e4rstrasse 76, 8004 Z\u00fcrich<\/p>\n\n\n\n<p><a href=\"http:\/\/www.baluulehmann.ch\">baluulehmann.ch<\/a><br><a href=\"mailto:b.lehmann@sexocorporel.com\">b.lehmann(at)sexocorporel.com<\/a><\/p>\n<\/div>\n<\/div>\n\n\n\n<div class=\"wp-block-columns border-blue center-txt is-layout-flex wp-container-core-columns-is-layout-9d6595d7 wp-block-columns-is-layout-flex\">\n<div class=\"wp-block-column is-vertically-aligned-center is-layout-flow wp-block-column-is-layout-flow\"><div class=\"wp-block-image is-style-rounded\">\n<figure class=\"aligncenter size-large is-resized\"><img loading=\"lazy\" decoding=\"async\" src=\"https:\/\/sexocorporel.com\/wp-content\/uploads\/2021\/08\/Foto-Chiara-August-2021-235x300.jpg\" alt=\"\" class=\"wp-image-481\" width=\"220\" height=\"280\"\/><\/figure>\n<\/div><\/div>\n\n\n\n<div class=\"wp-block-column is-layout-flow wp-block-column-is-layout-flow\">\n<h3 class=\"wp-block-heading red\">Member<\/h3>\n\n\n\n<p>Chiara Marti<br>Bern, Switzerland<\/p>\n\n\n\n<p>MSc Nursing Science<br>Nurse Practitioner<br>Clinical Sexology<\/p>\n\n\n\n<p>3005 Bern, CH<br><a href=\"mailto:chiara.marti@insel.ch\">chiara.marti@insel.ch<\/a><br><a href=\"http:\/\/www.klinische-sexologie.ch\/\" target=\"_blank\" rel=\"noopener\">klinische-sexologie.ch<\/a><\/p>\n<\/div>\n<\/div>\n","protected":false},"excerpt":{"rendered":"<p>President Sybille StahlbergBern, SwitzerlandCouples and Sex Therapist, Clinical Sexologist iSi Contact person for conferences and congresses iSi s.stahlberg(at)sexocorporel.comsybillestahlberg.ch Vice President Ben Kneub\u00fchlerZ\u00fcrich, SwitzerlandPsychotherapist, Clinical Sexologist iSi Grossm\u00fcnsterplatz 6, 8001 Z\u00fcrich mail(at)der-psychologe.chder-psychologe.ch Managing Director Kathy Muss\u00e4usSchwerin, GermanySexologist K\u00f6rnerstrasse 5, 19055 SchwerinTelefon: +49 385 55582740 km(at)lustvoll-leben-schwerin.delustvoll-leben-schwerin.de Treasury Annette Bischof-CampbellZ\u00fcrich, SwitzerlandPsychotherapist, Clinical Sexologist iSi ZISS, Minervastrasse 99, 8032 [&hellip;]<\/p>\n","protected":false},"author":1,"featured_media":0,"parent":1402,"menu_order":72,"comment_status":"closed","ping_status":"closed","template":"","meta":{"footnotes":""},"class_list":["post-1082","page","type-page","status-publish","hentry"],"featured_image_src":null,"yoast_head":"<!-- This site is optimized with the Yoast SEO plugin v26.8 - https:\/\/yoast.com\/product\/yoast-seo-wordpress\/ -->\n<title>Executive Board iSi - Institut Sexocorporel International<\/title>\n<meta name=\"robots\" content=\"index, follow, max-snippet:-1, max-image-preview:large, max-video-preview:-1\" \/>\n<link rel=\"canonical\" href=\"https:\/\/sexocorporel.com\/en\/institut-isi\/executive-board-isi\/\" \/>\n<meta property=\"og:locale\" content=\"en_US\" \/>\n<meta property=\"og:type\" content=\"article\" \/>\n<meta property=\"og:title\" content=\"Executive Board iSi - Institut Sexocorporel International\" \/>\n<meta property=\"og:description\" content=\"President Sybille StahlbergBern, SwitzerlandCouples and Sex Therapist, Clinical Sexologist iSi Contact person for conferences and congresses iSi s.stahlberg(at)sexocorporel.comsybillestahlberg.ch Vice President Ben Kneub\u00fchlerZ\u00fcrich, SwitzerlandPsychotherapist, Clinical Sexologist iSi Grossm\u00fcnsterplatz 6, 8001 Z\u00fcrich mail(at)der-psychologe.chder-psychologe.ch Managing Director Kathy Muss\u00e4usSchwerin, GermanySexologist K\u00f6rnerstrasse 5, 19055 SchwerinTelefon: +49 385 55582740 km(at)lustvoll-leben-schwerin.delustvoll-leben-schwerin.de Treasury Annette Bischof-CampbellZ\u00fcrich, SwitzerlandPsychotherapist, Clinical Sexologist iSi ZISS, Minervastrasse 99, 8032 [&hellip;]\" \/>\n<meta property=\"og:url\" content=\"https:\/\/sexocorporel.com\/en\/institut-isi\/executive-board-isi\/\" \/>\n<meta property=\"og:site_name\" content=\"Institut Sexocorporel International\" \/>\n<meta property=\"article:modified_time\" content=\"2025-05-12T11:18:49+00:00\" \/>\n<meta property=\"og:image\" content=\"https:\/\/sexocorporel.com\/wp-content\/uploads\/2023\/07\/Sybille-Stahlberg-217x300.jpg\" \/>\n<meta name=\"twitter:card\" content=\"summary_large_image\" \/>\n<meta name=\"twitter:label1\" content=\"Est. reading time\" \/>\n\t<meta name=\"twitter:data1\" content=\"2 minutes\" \/>\n<script type=\"application\/ld+json\" class=\"yoast-schema-graph\">{\"@context\":\"https:\/\/schema.org\",\"@graph\":[{\"@type\":\"WebPage\",\"@id\":\"https:\/\/sexocorporel.com\/en\/institut-isi\/executive-board-isi\/\",\"url\":\"https:\/\/sexocorporel.com\/en\/institut-isi\/executive-board-isi\/\",\"name\":\"Executive Board iSi - Institut Sexocorporel International\",\"isPartOf\":{\"@id\":\"https:\/\/sexocorporel.com\/en\/#website\"},\"primaryImageOfPage\":{\"@id\":\"https:\/\/sexocorporel.com\/en\/institut-isi\/executive-board-isi\/#primaryimage\"},\"image\":{\"@id\":\"https:\/\/sexocorporel.com\/en\/institut-isi\/executive-board-isi\/#primaryimage\"},\"thumbnailUrl\":\"https:\/\/sexocorporel.com\/wp-content\/uploads\/2023\/07\/Sybille-Stahlberg-217x300.jpg\",\"datePublished\":\"2020-07-01T21:27:39+00:00\",\"dateModified\":\"2025-05-12T11:18:49+00:00\",\"breadcrumb\":{\"@id\":\"https:\/\/sexocorporel.com\/en\/institut-isi\/executive-board-isi\/#breadcrumb\"},\"inLanguage\":\"en-US\",\"potentialAction\":[{\"@type\":\"ReadAction\",\"target\":[\"https:\/\/sexocorporel.com\/en\/institut-isi\/executive-board-isi\/\"]}]},{\"@type\":\"ImageObject\",\"inLanguage\":\"en-US\",\"@id\":\"https:\/\/sexocorporel.com\/en\/institut-isi\/executive-board-isi\/#primaryimage\",\"url\":\"https:\/\/sexocorporel.com\/wp-content\/uploads\/2023\/07\/Sybille-Stahlberg-217x300.jpg\",\"contentUrl\":\"https:\/\/sexocorporel.com\/wp-content\/uploads\/2023\/07\/Sybille-Stahlberg-217x300.jpg\"},{\"@type\":\"BreadcrumbList\",\"@id\":\"https:\/\/sexocorporel.com\/en\/institut-isi\/executive-board-isi\/#breadcrumb\",\"itemListElement\":[{\"@type\":\"ListItem\",\"position\":1,\"name\":\"Startseite\",\"item\":\"https:\/\/sexocorporel.com\/en\/\"},{\"@type\":\"ListItem\",\"position\":2,\"name\":\"The Institute\",\"item\":\"https:\/\/sexocorporel.com\/en\/institut-isi\/\"},{\"@type\":\"ListItem\",\"position\":3,\"name\":\"Executive Board iSi\"}]},{\"@type\":\"WebSite\",\"@id\":\"https:\/\/sexocorporel.com\/en\/#website\",\"url\":\"https:\/\/sexocorporel.com\/en\/\",\"name\":\"Institut Sexocorporel International\",\"description\":\"Jean-Yves Desjardins\",\"publisher\":{\"@id\":\"https:\/\/sexocorporel.com\/en\/#organization\"},\"potentialAction\":[{\"@type\":\"SearchAction\",\"target\":{\"@type\":\"EntryPoint\",\"urlTemplate\":\"https:\/\/sexocorporel.com\/en\/?s={search_term_string}\"},\"query-input\":{\"@type\":\"PropertyValueSpecification\",\"valueRequired\":true,\"valueName\":\"search_term_string\"}}],\"inLanguage\":\"en-US\"},{\"@type\":\"Organization\",\"@id\":\"https:\/\/sexocorporel.com\/en\/#organization\",\"name\":\"Institut Sexocorporel International\",\"url\":\"https:\/\/sexocorporel.com\/en\/\",\"logo\":{\"@type\":\"ImageObject\",\"inLanguage\":\"en-US\",\"@id\":\"https:\/\/sexocorporel.com\/en\/#\/schema\/logo\/image\/\",\"url\":\"https:\/\/sexocorporel.com\/wp-content\/uploads\/2020\/07\/cropped-629e6a99-4d9e-421b-b20e-8b428f763559-e1595527047446.jpg\",\"contentUrl\":\"https:\/\/sexocorporel.com\/wp-content\/uploads\/2020\/07\/cropped-629e6a99-4d9e-421b-b20e-8b428f763559-e1595527047446.jpg\",\"width\":895,\"height\":270,\"caption\":\"Institut Sexocorporel International\"},\"image\":{\"@id\":\"https:\/\/sexocorporel.com\/en\/#\/schema\/logo\/image\/\"}}]}<\/script>\n<!-- \/ Yoast SEO plugin. -->","yoast_head_json":{"title":"Executive Board iSi - Institut Sexocorporel International","robots":{"index":"index","follow":"follow","max-snippet":"max-snippet:-1","max-image-preview":"max-image-preview:large","max-video-preview":"max-video-preview:-1"},"canonical":"https:\/\/sexocorporel.com\/en\/institut-isi\/executive-board-isi\/","og_locale":"en_US","og_type":"article","og_title":"Executive Board iSi - Institut Sexocorporel International","og_description":"President Sybille StahlbergBern, SwitzerlandCouples and Sex Therapist, Clinical Sexologist iSi Contact person for conferences and congresses iSi s.stahlberg(at)sexocorporel.comsybillestahlberg.ch Vice President Ben Kneub\u00fchlerZ\u00fcrich, SwitzerlandPsychotherapist, Clinical Sexologist iSi Grossm\u00fcnsterplatz 6, 8001 Z\u00fcrich mail(at)der-psychologe.chder-psychologe.ch Managing Director Kathy Muss\u00e4usSchwerin, GermanySexologist K\u00f6rnerstrasse 5, 19055 SchwerinTelefon: +49 385 55582740 km(at)lustvoll-leben-schwerin.delustvoll-leben-schwerin.de Treasury Annette Bischof-CampbellZ\u00fcrich, SwitzerlandPsychotherapist, Clinical Sexologist iSi ZISS, Minervastrasse 99, 8032 [&hellip;]","og_url":"https:\/\/sexocorporel.com\/en\/institut-isi\/executive-board-isi\/","og_site_name":"Institut Sexocorporel International","article_modified_time":"2025-05-12T11:18:49+00:00","og_image":[{"url":"https:\/\/sexocorporel.com\/wp-content\/uploads\/2023\/07\/Sybille-Stahlberg-217x300.jpg","type":"","width":"","height":""}],"twitter_card":"summary_large_image","twitter_misc":{"Est. reading time":"2 minutes"},"schema":{"@context":"https:\/\/schema.org","@graph":[{"@type":"WebPage","@id":"https:\/\/sexocorporel.com\/en\/institut-isi\/executive-board-isi\/","url":"https:\/\/sexocorporel.com\/en\/institut-isi\/executive-board-isi\/","name":"Executive Board iSi - Institut Sexocorporel International","isPartOf":{"@id":"https:\/\/sexocorporel.com\/en\/#website"},"primaryImageOfPage":{"@id":"https:\/\/sexocorporel.com\/en\/institut-isi\/executive-board-isi\/#primaryimage"},"image":{"@id":"https:\/\/sexocorporel.com\/en\/institut-isi\/executive-board-isi\/#primaryimage"},"thumbnailUrl":"https:\/\/sexocorporel.com\/wp-content\/uploads\/2023\/07\/Sybille-Stahlberg-217x300.jpg","datePublished":"2020-07-01T21:27:39+00:00","dateModified":"2025-05-12T11:18:49+00:00","breadcrumb":{"@id":"https:\/\/sexocorporel.com\/en\/institut-isi\/executive-board-isi\/#breadcrumb"},"inLanguage":"en-US","potentialAction":[{"@type":"ReadAction","target":["https:\/\/sexocorporel.com\/en\/institut-isi\/executive-board-isi\/"]}]},{"@type":"ImageObject","inLanguage":"en-US","@id":"https:\/\/sexocorporel.com\/en\/institut-isi\/executive-board-isi\/#primaryimage","url":"https:\/\/sexocorporel.com\/wp-content\/uploads\/2023\/07\/Sybille-Stahlberg-217x300.jpg","contentUrl":"https:\/\/sexocorporel.com\/wp-content\/uploads\/2023\/07\/Sybille-Stahlberg-217x300.jpg"},{"@type":"BreadcrumbList","@id":"https:\/\/sexocorporel.com\/en\/institut-isi\/executive-board-isi\/#breadcrumb","itemListElement":[{"@type":"ListItem","position":1,"name":"Startseite","item":"https:\/\/sexocorporel.com\/en\/"},{"@type":"ListItem","position":2,"name":"The Institute","item":"https:\/\/sexocorporel.com\/en\/institut-isi\/"},{"@type":"ListItem","position":3,"name":"Executive Board iSi"}]},{"@type":"WebSite","@id":"https:\/\/sexocorporel.com\/en\/#website","url":"https:\/\/sexocorporel.com\/en\/","name":"Institut Sexocorporel International","description":"Jean-Yves Desjardins","publisher":{"@id":"https:\/\/sexocorporel.com\/en\/#organization"},"potentialAction":[{"@type":"SearchAction","target":{"@type":"EntryPoint","urlTemplate":"https:\/\/sexocorporel.com\/en\/?s={search_term_string}"},"query-input":{"@type":"PropertyValueSpecification","valueRequired":true,"valueName":"search_term_string"}}],"inLanguage":"en-US"},{"@type":"Organization","@id":"https:\/\/sexocorporel.com\/en\/#organization","name":"Institut Sexocorporel International","url":"https:\/\/sexocorporel.com\/en\/","logo":{"@type":"ImageObject","inLanguage":"en-US","@id":"https:\/\/sexocorporel.com\/en\/#\/schema\/logo\/image\/","url":"https:\/\/sexocorporel.com\/wp-content\/uploads\/2020\/07\/cropped-629e6a99-4d9e-421b-b20e-8b428f763559-e1595527047446.jpg","contentUrl":"https:\/\/sexocorporel.com\/wp-content\/uploads\/2020\/07\/cropped-629e6a99-4d9e-421b-b20e-8b428f763559-e1595527047446.jpg","width":895,"height":270,"caption":"Institut Sexocorporel International"},"image":{"@id":"https:\/\/sexocorporel.com\/en\/#\/schema\/logo\/image\/"}}]}},"_links":{"self":[{"href":"https:\/\/sexocorporel.com\/en\/wp-json\/wp\/v2\/pages\/1082","targetHints":{"allow":["GET"]}}],"collection":[{"href":"https:\/\/sexocorporel.com\/en\/wp-json\/wp\/v2\/pages"}],"about":[{"href":"https:\/\/sexocorporel.com\/en\/wp-json\/wp\/v2\/types\/page"}],"author":[{"embeddable":true,"href":"https:\/\/sexocorporel.com\/en\/wp-json\/wp\/v2\/users\/1"}],"replies":[{"embeddable":true,"href":"https:\/\/sexocorporel.com\/en\/wp-json\/wp\/v2\/comments?post=1082"}],"version-history":[{"count":10,"href":"https:\/\/sexocorporel.com\/en\/wp-json\/wp\/v2\/pages\/1082\/revisions"}],"predecessor-version":[{"id":7631,"href":"https:\/\/sexocorporel.com\/en\/wp-json\/wp\/v2\/pages\/1082\/revisions\/7631"}],"up":[{"embeddable":true,"href":"https:\/\/sexocorporel.com\/en\/wp-json\/wp\/v2\/pages\/1402"}],"wp:attachment":[{"href":"https:\/\/sexocorporel.com\/en\/wp-json\/wp\/v2\/media?parent=1082"}],"curies":[{"name":"wp","href":"https:\/\/api.w.org\/{rel}","templated":true}]}}