{"id":747,"date":"2020-07-06T00:13:22","date_gmt":"2020-07-05T22:13:22","guid":{"rendered":"https:\/\/sexocorporel.com\/?page_id=747"},"modified":"2026-02-08T16:45:31","modified_gmt":"2026-02-08T15:45:31","slug":"isi-kommisionen","status":"publish","type":"page","link":"https:\/\/sexocorporel.com\/de\/institut-isi\/isi-kommisionen\/","title":{"rendered":"iSi Kommissionen"},"content":{"rendered":"\n<h3 class=\"wp-block-heading blue\">Wissenschaftliche Kommission<\/h3>\n\n\n\n<p>Die Wissenschaftliche Kommission ist ein unabh\u00e4ngiges Gremium, das &#8211; unter Anwendung anerkannter wissenschaftlicher Methoden &#8211; Beitr\u00e4ge studiert und leistet, die die vergangene und zuk\u00fcnftige Lehre des iSi \u00fcber Sexualit\u00e4t und klinische Sexologie verbessern. Es organisiert und betreut Studien und Projekte, die iSi-Mitglieder und die Institutionen, denen sie angeschlossen sind, im Auftrag, unter der Schirmherrschaft oder in Zusammenarbeit mit dem iSi durchf\u00fchren m\u00f6chten. Es tut dies auch f\u00fcr Projekte, an denen sie selbst interessiert ist und die in Zusammenarbeit mit wissenschaftlichen Gruppen, Akademiker*innen, Verleger*innen und\/oder Verb\u00e4nden bisher au\u00dferhalb des iSi durchf\u00fchrbar w\u00e4ren.<\/p>\n\n\n\n<div class=\"wp-block-columns is-layout-flex wp-container-core-columns-is-layout-9d6595d7 wp-block-columns-is-layout-flex\">\n<div class=\"wp-block-column is-layout-flow wp-block-column-is-layout-flow\">\n<h5 class=\"wp-block-heading blue\">Verantwortlich \/ Managerin<\/h5>\n<\/div>\n\n\n\n<div class=\"wp-block-column is-layout-flow wp-block-column-is-layout-flow\">\n<p>Karol Bischof<\/p>\n<\/div>\n<\/div>\n\n\n\n<div class=\"wp-block-columns is-layout-flex wp-container-core-columns-is-layout-9d6595d7 wp-block-columns-is-layout-flex\">\n<div class=\"wp-block-column is-layout-flow wp-block-column-is-layout-flow\">\n<h5 class=\"wp-block-heading blue\">Mitglieder<\/h5>\n\n\n\n<p><\/p>\n<\/div>\n\n\n\n<div class=\"wp-block-column is-layout-flow wp-block-column-is-layout-flow\">\n<p>Dominique Chatton<br>Farida Gayrard<br>Bernard Kneubuhler<br><\/p>\n<\/div>\n<\/div>\n\n\n<div class=\"wp-block-ub-divider ub_divider ub-divider-orientation-horizontal\" id=\"ub_divider_a4b55b93-0c4b-4dfb-b25a-3d50e4e29390\"><div class=\"ub_divider_wrapper\" style=\"position: relative; margin-bottom: 2px; width: 100%; height: 2px; \" data-divider-alignment=\"center\"><div class=\"ub_divider_line\" style=\"border-top: 2px solid #ccc; margin-top: 2px; \"><\/div><\/div><\/div>\n\n\n<h3 class=\"wp-block-heading red\">Ausbildungskommission <\/h3>\n\n\n\n<div class=\"wp-block-columns is-layout-flex wp-container-core-columns-is-layout-9d6595d7 wp-block-columns-is-layout-flex\">\n<div class=\"wp-block-column is-layout-flow wp-block-column-is-layout-flow\">\n<h5 class=\"wp-block-heading red\">Mitglieder<\/h5>\n\n\n\n<p><\/p>\n<\/div>\n\n\n\n<div class=\"wp-block-column is-layout-flow wp-block-column-is-layout-flow\">\n<p>Karol Bischof<br>Isabelle Chaffa\u00ef<br>Jeffrey Pedrazzoli  <\/p>\n\n\n\n<p>Michael Sztenc<br>Dominique Chatton (beratend)<\/p>\n<\/div>\n<\/div>\n\n\n<div class=\"wp-block-ub-divider ub_divider ub-divider-orientation-horizontal\" id=\"ub_divider_dbd27104-95fd-45da-bf62-9617a946d6c4\"><div class=\"ub_divider_wrapper\" style=\"position: relative; margin-bottom: 2px; width: 100%; height: 2px; \" data-divider-alignment=\"center\"><div class=\"ub_divider_line\" style=\"border-top: 2px solid #ccc; margin-top: 2px; \"><\/div><\/div><\/div>\n\n\n<h3 class=\"wp-block-heading blue\">Mitgliederkommission<\/h3>\n\n\n\n<p>Die Mitgliedschaftskommission verwaltet die Aufnahme, Bef\u00f6rderung und Rechte der Mitglieder. Sie stellt die Anwendung der Mitgliederordnung sicher. Sie erh\u00e4lt von den Kursorganisatoren Listen der studentischen Mitglieder und verfolgt deren Ausbildung weiter. Sie dokumentiert den Fortschritt der Mitglieder in ihrer Ausbildung in Sexocorporel und verleiht Abschlusszertifikate und Diplome des Klinischen Sexologen iSi.<\/p>\n\n\n\n<div class=\"wp-block-columns is-layout-flex wp-container-core-columns-is-layout-9d6595d7 wp-block-columns-is-layout-flex\">\n<div class=\"wp-block-column is-layout-flow wp-block-column-is-layout-flow\">\n<p>Mitglieder<\/p>\n\n\n\n<p><\/p>\n<\/div>\n\n\n\n<div class=\"wp-block-column is-layout-flow wp-block-column-is-layout-flow\">\n<p>Ben Kneub\u00fchler<br>Chiara Marti<\/p>\n<\/div>\n<\/div>\n\n\n\n<h5 class=\"wp-block-heading\"><\/h5>\n","protected":false},"excerpt":{"rendered":"<p>Wissenschaftliche Kommission Die Wissenschaftliche Kommission ist ein unabh\u00e4ngiges Gremium, das &#8211; unter Anwendung anerkannter wissenschaftlicher Methoden &#8211; Beitr\u00e4ge studiert und leistet, die die vergangene und zuk\u00fcnftige Lehre des iSi \u00fcber Sexualit\u00e4t und klinische Sexologie verbessern. Es organisiert und betreut Studien und Projekte, die iSi-Mitglieder und die Institutionen, denen sie angeschlossen sind, im Auftrag, unter der [&hellip;]<\/p>\n","protected":false},"author":1,"featured_media":0,"parent":18,"menu_order":56,"comment_status":"closed","ping_status":"closed","template":"","meta":{"footnotes":""},"class_list":["post-747","page","type-page","status-publish","hentry"],"featured_image_src":null,"yoast_head":"<!-- This site is optimized with the Yoast SEO plugin v26.8 - https:\/\/yoast.com\/product\/yoast-seo-wordpress\/ -->\n<title>Kommissionen des Institutes Sexocorporel International - iSi<\/title>\n<meta name=\"description\" content=\"Finden Sie die Kommissionen des Institut Sexocorporel International, dem f\u00fchrenden Modell in der Sexologie und Sexualtherapie von Professor Dr. Jean Yves Desjardins\" \/>\n<meta name=\"robots\" content=\"index, follow, max-snippet:-1, max-image-preview:large, max-video-preview:-1\" \/>\n<link rel=\"canonical\" href=\"https:\/\/sexocorporel.com\/de\/institut-isi\/isi-kommisionen\/\" \/>\n<meta property=\"og:locale\" content=\"de_DE\" \/>\n<meta property=\"og:type\" content=\"article\" \/>\n<meta property=\"og:title\" content=\"Kommissionen des Institutes Sexocorporel International - iSi\" \/>\n<meta property=\"og:description\" content=\"Finden Sie die Kommissionen des Institut Sexocorporel International, dem f\u00fchrenden Modell in der Sexologie und Sexualtherapie von Professor Dr. Jean Yves Desjardins\" \/>\n<meta property=\"og:url\" content=\"https:\/\/sexocorporel.com\/de\/institut-isi\/isi-kommisionen\/\" \/>\n<meta property=\"og:site_name\" content=\"Institut Sexocorporel International\" \/>\n<meta property=\"article:modified_time\" content=\"2026-02-08T15:45:31+00:00\" \/>\n<meta name=\"twitter:card\" content=\"summary_large_image\" \/>\n<meta name=\"twitter:label1\" content=\"Gesch\u00e4tzte Lesezeit\" \/>\n\t<meta name=\"twitter:data1\" content=\"1\u00a0Minute\" \/>\n<script type=\"application\/ld+json\" class=\"yoast-schema-graph\">{\"@context\":\"https:\/\/schema.org\",\"@graph\":[{\"@type\":\"WebPage\",\"@id\":\"https:\/\/sexocorporel.com\/de\/institut-isi\/isi-kommisionen\/\",\"url\":\"https:\/\/sexocorporel.com\/de\/institut-isi\/isi-kommisionen\/\",\"name\":\"Kommissionen des Institutes Sexocorporel International - iSi\",\"isPartOf\":{\"@id\":\"https:\/\/sexocorporel.com\/de\/#website\"},\"datePublished\":\"2020-07-05T22:13:22+00:00\",\"dateModified\":\"2026-02-08T15:45:31+00:00\",\"description\":\"Finden Sie die Kommissionen des Institut Sexocorporel International, dem f\u00fchrenden Modell in der Sexologie und Sexualtherapie von Professor Dr. Jean Yves Desjardins\",\"breadcrumb\":{\"@id\":\"https:\/\/sexocorporel.com\/de\/institut-isi\/isi-kommisionen\/#breadcrumb\"},\"inLanguage\":\"de\",\"potentialAction\":[{\"@type\":\"ReadAction\",\"target\":[\"https:\/\/sexocorporel.com\/de\/institut-isi\/isi-kommisionen\/\"]}]},{\"@type\":\"BreadcrumbList\",\"@id\":\"https:\/\/sexocorporel.com\/de\/institut-isi\/isi-kommisionen\/#breadcrumb\",\"itemListElement\":[{\"@type\":\"ListItem\",\"position\":1,\"name\":\"Startseite\",\"item\":\"https:\/\/sexocorporel.com\/de\/\"},{\"@type\":\"ListItem\",\"position\":2,\"name\":\"Institut\",\"item\":\"https:\/\/sexocorporel.com\/de\/institut-isi\/\"},{\"@type\":\"ListItem\",\"position\":3,\"name\":\"iSi Kommissionen\"}]},{\"@type\":\"WebSite\",\"@id\":\"https:\/\/sexocorporel.com\/de\/#website\",\"url\":\"https:\/\/sexocorporel.com\/de\/\",\"name\":\"Institut Sexocorporel International\",\"description\":\"Jean-Yves Desjardins\",\"publisher\":{\"@id\":\"https:\/\/sexocorporel.com\/de\/#organization\"},\"potentialAction\":[{\"@type\":\"SearchAction\",\"target\":{\"@type\":\"EntryPoint\",\"urlTemplate\":\"https:\/\/sexocorporel.com\/de\/?s={search_term_string}\"},\"query-input\":{\"@type\":\"PropertyValueSpecification\",\"valueRequired\":true,\"valueName\":\"search_term_string\"}}],\"inLanguage\":\"de\"},{\"@type\":\"Organization\",\"@id\":\"https:\/\/sexocorporel.com\/de\/#organization\",\"name\":\"Institut Sexocorporel International\",\"url\":\"https:\/\/sexocorporel.com\/de\/\",\"logo\":{\"@type\":\"ImageObject\",\"inLanguage\":\"de\",\"@id\":\"https:\/\/sexocorporel.com\/de\/#\/schema\/logo\/image\/\",\"url\":\"https:\/\/sexocorporel.com\/wp-content\/uploads\/2020\/07\/cropped-629e6a99-4d9e-421b-b20e-8b428f763559-e1595527047446.jpg\",\"contentUrl\":\"https:\/\/sexocorporel.com\/wp-content\/uploads\/2020\/07\/cropped-629e6a99-4d9e-421b-b20e-8b428f763559-e1595527047446.jpg\",\"width\":895,\"height\":270,\"caption\":\"Institut Sexocorporel International\"},\"image\":{\"@id\":\"https:\/\/sexocorporel.com\/de\/#\/schema\/logo\/image\/\"}}]}<\/script>\n<!-- \/ Yoast SEO plugin. -->","yoast_head_json":{"title":"Kommissionen des Institutes Sexocorporel International - iSi","description":"Finden Sie die Kommissionen des Institut Sexocorporel International, dem f\u00fchrenden Modell in der Sexologie und Sexualtherapie von Professor Dr. Jean Yves Desjardins","robots":{"index":"index","follow":"follow","max-snippet":"max-snippet:-1","max-image-preview":"max-image-preview:large","max-video-preview":"max-video-preview:-1"},"canonical":"https:\/\/sexocorporel.com\/de\/institut-isi\/isi-kommisionen\/","og_locale":"de_DE","og_type":"article","og_title":"Kommissionen des Institutes Sexocorporel International - iSi","og_description":"Finden Sie die Kommissionen des Institut Sexocorporel International, dem f\u00fchrenden Modell in der Sexologie und Sexualtherapie von Professor Dr. Jean Yves Desjardins","og_url":"https:\/\/sexocorporel.com\/de\/institut-isi\/isi-kommisionen\/","og_site_name":"Institut Sexocorporel International","article_modified_time":"2026-02-08T15:45:31+00:00","twitter_card":"summary_large_image","twitter_misc":{"Gesch\u00e4tzte Lesezeit":"1\u00a0Minute"},"schema":{"@context":"https:\/\/schema.org","@graph":[{"@type":"WebPage","@id":"https:\/\/sexocorporel.com\/de\/institut-isi\/isi-kommisionen\/","url":"https:\/\/sexocorporel.com\/de\/institut-isi\/isi-kommisionen\/","name":"Kommissionen des Institutes Sexocorporel International - iSi","isPartOf":{"@id":"https:\/\/sexocorporel.com\/de\/#website"},"datePublished":"2020-07-05T22:13:22+00:00","dateModified":"2026-02-08T15:45:31+00:00","description":"Finden Sie die Kommissionen des Institut Sexocorporel International, dem f\u00fchrenden Modell in der Sexologie und Sexualtherapie von Professor Dr. Jean Yves Desjardins","breadcrumb":{"@id":"https:\/\/sexocorporel.com\/de\/institut-isi\/isi-kommisionen\/#breadcrumb"},"inLanguage":"de","potentialAction":[{"@type":"ReadAction","target":["https:\/\/sexocorporel.com\/de\/institut-isi\/isi-kommisionen\/"]}]},{"@type":"BreadcrumbList","@id":"https:\/\/sexocorporel.com\/de\/institut-isi\/isi-kommisionen\/#breadcrumb","itemListElement":[{"@type":"ListItem","position":1,"name":"Startseite","item":"https:\/\/sexocorporel.com\/de\/"},{"@type":"ListItem","position":2,"name":"Institut","item":"https:\/\/sexocorporel.com\/de\/institut-isi\/"},{"@type":"ListItem","position":3,"name":"iSi Kommissionen"}]},{"@type":"WebSite","@id":"https:\/\/sexocorporel.com\/de\/#website","url":"https:\/\/sexocorporel.com\/de\/","name":"Institut Sexocorporel International","description":"Jean-Yves Desjardins","publisher":{"@id":"https:\/\/sexocorporel.com\/de\/#organization"},"potentialAction":[{"@type":"SearchAction","target":{"@type":"EntryPoint","urlTemplate":"https:\/\/sexocorporel.com\/de\/?s={search_term_string}"},"query-input":{"@type":"PropertyValueSpecification","valueRequired":true,"valueName":"search_term_string"}}],"inLanguage":"de"},{"@type":"Organization","@id":"https:\/\/sexocorporel.com\/de\/#organization","name":"Institut Sexocorporel International","url":"https:\/\/sexocorporel.com\/de\/","logo":{"@type":"ImageObject","inLanguage":"de","@id":"https:\/\/sexocorporel.com\/de\/#\/schema\/logo\/image\/","url":"https:\/\/sexocorporel.com\/wp-content\/uploads\/2020\/07\/cropped-629e6a99-4d9e-421b-b20e-8b428f763559-e1595527047446.jpg","contentUrl":"https:\/\/sexocorporel.com\/wp-content\/uploads\/2020\/07\/cropped-629e6a99-4d9e-421b-b20e-8b428f763559-e1595527047446.jpg","width":895,"height":270,"caption":"Institut Sexocorporel International"},"image":{"@id":"https:\/\/sexocorporel.com\/de\/#\/schema\/logo\/image\/"}}]}},"_links":{"self":[{"href":"https:\/\/sexocorporel.com\/de\/wp-json\/wp\/v2\/pages\/747","targetHints":{"allow":["GET"]}}],"collection":[{"href":"https:\/\/sexocorporel.com\/de\/wp-json\/wp\/v2\/pages"}],"about":[{"href":"https:\/\/sexocorporel.com\/de\/wp-json\/wp\/v2\/types\/page"}],"author":[{"embeddable":true,"href":"https:\/\/sexocorporel.com\/de\/wp-json\/wp\/v2\/users\/1"}],"replies":[{"embeddable":true,"href":"https:\/\/sexocorporel.com\/de\/wp-json\/wp\/v2\/comments?post=747"}],"version-history":[{"count":10,"href":"https:\/\/sexocorporel.com\/de\/wp-json\/wp\/v2\/pages\/747\/revisions"}],"predecessor-version":[{"id":9169,"href":"https:\/\/sexocorporel.com\/de\/wp-json\/wp\/v2\/pages\/747\/revisions\/9169"}],"up":[{"embeddable":true,"href":"https:\/\/sexocorporel.com\/de\/wp-json\/wp\/v2\/pages\/18"}],"wp:attachment":[{"href":"https:\/\/sexocorporel.com\/de\/wp-json\/wp\/v2\/media?parent=747"}],"curies":[{"name":"wp","href":"https:\/\/api.w.org\/{rel}","templated":true}]}}