{"id":631,"date":"2020-07-05T14:34:52","date_gmt":"2020-07-05T12:34:52","guid":{"rendered":"https:\/\/sexocorporel.com\/?page_id=631"},"modified":"2025-06-04T13:44:29","modified_gmt":"2025-06-04T11:44:29","slug":"ausbildungsinstitute","status":"publish","type":"page","link":"https:\/\/sexocorporel.com\/de\/ausbildung\/ausbildungsinstitute\/","title":{"rendered":"Ausbildungsinstitute"},"content":{"rendered":"\n<p><\/p>\n\n\n\n<p>Das iSi ist kein Ausbildungsinstitut. Bei allen Fragen bez\u00fcglich den Ausbildungen wenden Sie sich bitte direkt an das Ausbildungsinstitut, f\u00fcr das Sie sich interessieren. <\/p>\n\n\n\n<p>Besuchen Sie die Sites der Institute, um die aktuellsten Daten einzusehen.<\/p>\n\n\n\n<p><\/p>\n\n\n\n<p><\/p>\n\n\n\n<h2 class=\"wp-block-heading\">Schweiz<\/h2>\n\n\n\n<div class=\"wp-block-columns is-layout-flex wp-container-core-columns-is-layout-9d6595d7 wp-block-columns-is-layout-flex\">\n<div class=\"wp-block-column is-layout-flow wp-block-column-is-layout-flow\">\n<h4 class=\"wp-block-heading\">Z\u00fcrich<\/h4>\n\n\n\n<p><a href=\"http:\/\/www.ziss.ch\" target=\"_blank\" rel=\"noreferrer noopener\">Z\u00fcrcher Institut f\u00fcr Klinische Sexologie &amp; Sexualtherapie<\/a> <\/p>\n\n\n\n<p><a href=\"https:\/\/ziss.ch\/fuer-fachleute\/weiterbildung-sexocorporel\/sexocorporel-schweiz\/\" target=\"_blank\" rel=\"noreferrer noopener\">Zu den Terminen<\/a><\/p>\n<\/div>\n\n\n\n<div class=\"wp-block-column is-layout-flow wp-block-column-is-layout-flow\">\n<h4 class=\"wp-block-heading\">Genf<\/h4>\n\n\n\n<p><a href=\"http:\/\/www.sex-o-log.ch\" target=\"_blank\" rel=\"noreferrer noopener\">Sexocorporel Gen\u00e8ve<\/a><\/p>\n<\/div>\n\n\n\n<div class=\"wp-block-column is-layout-flow wp-block-column-is-layout-flow\"><\/div>\n<\/div>\n\n\n\n<h2 class=\"wp-block-heading\">Deutschland<\/h2>\n\n\n\n<div class=\"wp-block-columns is-layout-flex wp-container-core-columns-is-layout-9d6595d7 wp-block-columns-is-layout-flex\">\n<div class=\"wp-block-column is-layout-flow wp-block-column-is-layout-flow\">\n<h4 class=\"wp-block-heading\">Kisslegg<\/h4>\n\n\n\n<p><a href=\"https:\/\/www.ziss.ch\/\" target=\"_blank\" rel=\"noreferrer noopener\">Z\u00fcrcher Institut f\u00fcr Klinische Sexologie &amp; Sexualtherapie<\/a><\/p>\n\n\n\n<p><a href=\"https:\/\/www.ziss.ch\/fuer-fachleute\/weiterbildung-sexocorporel\/sexocorporel-deutschland-sud\/\" target=\"_blank\" rel=\"noreferrer noopener\">Zu den Terminen<\/a><\/p>\n<\/div>\n\n\n\n<div class=\"wp-block-column is-layout-flow wp-block-column-is-layout-flow\">\n<h4 class=\"wp-block-heading\">Berlin <\/h4>\n\n\n\n<p><a href=\"https:\/\/institut-fuer-embodiment-und-sexologie.de\/\">Institut f\u00fcr Embodiment und Sexologie<\/a><\/p>\n\n\n\n<p><a href=\"https:\/\/institut-fuer-embodiment-und-sexologie.de\/ausbildung\/#1586358199476-9dfcfc16-1de9\" target=\"_blank\" rel=\"noreferrer noopener\">Zu den Terminen<\/a><\/p>\n<\/div>\n<\/div>\n\n\n\n<h2 class=\"wp-block-heading\">\u00d6sterreich<\/h2>\n\n\n\n<div class=\"wp-block-columns is-layout-flex wp-container-core-columns-is-layout-9d6595d7 wp-block-columns-is-layout-flex\">\n<div class=\"wp-block-column is-layout-flow wp-block-column-is-layout-flow\">\n<h4 class=\"wp-block-heading\">Wien<\/h4>\n\n\n\n<p><a href=\"https:\/\/sexualpaedagogik.at\/\" target=\"_blank\" rel=\"noreferrer noopener\">ISP Wien<\/a> <\/p>\n\n\n\n<p><a href=\"https:\/\/sexualpaedagogik.at\/fortbildungen\/#seminare\" target=\"_blank\" rel=\"noreferrer noopener\">Zu den Terminen<\/a><\/p>\n<\/div>\n\n\n\n<div class=\"wp-block-column is-layout-flow wp-block-column-is-layout-flow\">\n<h4 class=\"wp-block-heading\">Innsbruck  <\/h4>\n\n\n\n<p><a href=\"https:\/\/institut-fuer-embodiment-und-sexologie.de\/\">Institut f\u00fcr Embodiment und Sexologie<\/a><\/p>\n\n\n\n<p><a href=\"https:\/\/institut-fuer-embodiment-und-sexologie.de\/ausbildung\/#1745734963074-2bfe57d0-32d8\" target=\"_blank\" rel=\"noreferrer noopener\">Zu den Terminen<\/a><\/p>\n<\/div>\n<\/div>\n\n\n\n<h2 class=\"wp-block-heading\">Frankreich<\/h2>\n\n\n\n<div class=\"wp-block-columns is-layout-flex wp-container-core-columns-is-layout-9d6595d7 wp-block-columns-is-layout-flex\">\n<div class=\"wp-block-column is-layout-flow wp-block-column-is-layout-flow\">\n<h4 class=\"wp-block-heading\">Paris Rennes Nizza<\/h4>\n\n\n\n<p><a rel=\"noreferrer noopener\" href=\"https:\/\/cfsf.fr\/\" target=\"_blank\">Centre de Formation Sexocorporelle Fran\u00e7ais CFSF<\/a><\/p>\n\n\n\n<p><a href=\"https:\/\/cfsf.fr\/index.php\/infos-pratiques\/\" target=\"_blank\" rel=\"noreferrer noopener\">Zu den Terminen<\/a><\/p>\n<\/div>\n\n\n\n<div class=\"wp-block-column is-layout-flow wp-block-column-is-layout-flow\">\n<h4 class=\"wp-block-heading\">Paris Toulouse Bordeaux<\/h4>\n\n\n\n<p><a rel=\"noreferrer noopener\" href=\"http:\/\/www.cifres.org\/\" target=\"_blank\">CIFRES<\/a><\/p>\n\n\n\n<p><a href=\"https:\/\/www.cifres.org\/formations\/sexocorporel\/presentation-sexocorporel\/\" target=\"_blank\" rel=\"noreferrer noopener\">Zu den Terminen<\/a><\/p>\n<\/div>\n\n\n\n<div class=\"wp-block-column is-layout-flow wp-block-column-is-layout-flow\">\n<h4 class=\"wp-block-heading\">Nizza<\/h4>\n\n\n\n<p>CARES <a href=\"mailto:cares.nice@gmail.com\">cares.nice@gmail.com<\/a><\/p>\n<\/div>\n<\/div>\n\n\n\n<h2 class=\"wp-block-heading\">Italien<\/h2>\n\n\n\n<div class=\"wp-block-columns is-layout-flex wp-container-core-columns-is-layout-9d6595d7 wp-block-columns-is-layout-flex\">\n<div class=\"wp-block-column is-layout-flow wp-block-column-is-layout-flow\">\n<p><a rel=\"noreferrer noopener\" href=\"http:\/\/www.sessocorporeo-asi.org\/\" target=\"_blank\">Associazione Sessocorporea Italiana<\/a><\/p>\n<\/div>\n\n\n\n<div class=\"wp-block-column is-layout-flow wp-block-column-is-layout-flow\"><\/div>\n\n\n\n<div class=\"wp-block-column is-layout-flow wp-block-column-is-layout-flow\"><\/div>\n<\/div>\n\n\n\n<h2 class=\"wp-block-heading\">Kanada<\/h2>\n\n\n\n<div class=\"wp-block-columns is-layout-flex wp-container-core-columns-is-layout-9d6595d7 wp-block-columns-is-layout-flex\">\n<div class=\"wp-block-column is-layout-flow wp-block-column-is-layout-flow\">\n<p><a rel=\"noreferrer noopener\" href=\"http:\/\/sexologues.ca\/academie-sexocorporel-desjardins\/\" target=\"_blank\">Acad\u00e9mie du sexocorporel Desjardins Inc.<\/a><\/p>\n<\/div>\n\n\n\n<div class=\"wp-block-column is-layout-flow wp-block-column-is-layout-flow\"><\/div>\n\n\n\n<div class=\"wp-block-column is-layout-flow wp-block-column-is-layout-flow\"><\/div>\n<\/div>\n\n\n\n<p id=\"Training-calendar\"><\/p>\n","protected":false},"excerpt":{"rendered":"<p>Das iSi ist kein Ausbildungsinstitut. Bei allen Fragen bez\u00fcglich den Ausbildungen wenden Sie sich bitte direkt an das Ausbildungsinstitut, f\u00fcr das Sie sich interessieren. Besuchen Sie die Sites der Institute, um die aktuellsten Daten einzusehen. Schweiz Z\u00fcrich Z\u00fcrcher Institut f\u00fcr Klinische Sexologie &amp; Sexualtherapie Zu den Terminen Genf Sexocorporel Gen\u00e8ve Deutschland Kisslegg Z\u00fcrcher Institut f\u00fcr [&hellip;]<\/p>\n","protected":false},"author":1,"featured_media":0,"parent":14,"menu_order":67,"comment_status":"closed","ping_status":"closed","template":"","meta":{"footnotes":""},"class_list":["post-631","page","type-page","status-publish","hentry"],"featured_image_src":null,"yoast_head":"<!-- This site is optimized with the Yoast SEO plugin v26.8 - https:\/\/yoast.com\/product\/yoast-seo-wordpress\/ -->\n<title>Ausbildungsinhalte Sexualtherapie Sexocorporel - iSi<\/title>\n<meta name=\"description\" content=\"Verschaffen Sie sich einen \u00dcberblick zu den Ausbildungsinstituten der Methode Sexocorporel, dem f\u00fchrenden Modell in der Sexologie und Sexualtherapie.\" \/>\n<meta name=\"robots\" content=\"index, follow, max-snippet:-1, max-image-preview:large, max-video-preview:-1\" \/>\n<link rel=\"canonical\" href=\"https:\/\/sexocorporel.com\/de\/ausbildung\/ausbildungsinstitute\/\" \/>\n<meta property=\"og:locale\" content=\"de_DE\" \/>\n<meta property=\"og:type\" content=\"article\" \/>\n<meta property=\"og:title\" content=\"Ausbildungsinhalte Sexualtherapie Sexocorporel - iSi\" \/>\n<meta property=\"og:description\" content=\"Verschaffen Sie sich einen \u00dcberblick zu den Ausbildungsinstituten der Methode Sexocorporel, dem f\u00fchrenden Modell in der Sexologie und Sexualtherapie.\" \/>\n<meta property=\"og:url\" content=\"https:\/\/sexocorporel.com\/de\/ausbildung\/ausbildungsinstitute\/\" \/>\n<meta property=\"og:site_name\" content=\"Institut Sexocorporel International\" \/>\n<meta property=\"article:modified_time\" content=\"2025-06-04T11:44:29+00:00\" \/>\n<meta name=\"twitter:card\" content=\"summary_large_image\" \/>\n<meta name=\"twitter:label1\" content=\"Gesch\u00e4tzte Lesezeit\" \/>\n\t<meta name=\"twitter:data1\" content=\"1\u00a0Minute\" \/>\n<script type=\"application\/ld+json\" class=\"yoast-schema-graph\">{\"@context\":\"https:\/\/schema.org\",\"@graph\":[{\"@type\":\"WebPage\",\"@id\":\"https:\/\/sexocorporel.com\/de\/ausbildung\/ausbildungsinstitute\/\",\"url\":\"https:\/\/sexocorporel.com\/de\/ausbildung\/ausbildungsinstitute\/\",\"name\":\"Ausbildungsinhalte Sexualtherapie Sexocorporel - iSi\",\"isPartOf\":{\"@id\":\"https:\/\/sexocorporel.com\/de\/#website\"},\"datePublished\":\"2020-07-05T12:34:52+00:00\",\"dateModified\":\"2025-06-04T11:44:29+00:00\",\"description\":\"Verschaffen Sie sich einen \u00dcberblick zu den Ausbildungsinstituten der Methode Sexocorporel, dem f\u00fchrenden Modell in der Sexologie und Sexualtherapie.\",\"breadcrumb\":{\"@id\":\"https:\/\/sexocorporel.com\/de\/ausbildung\/ausbildungsinstitute\/#breadcrumb\"},\"inLanguage\":\"de\",\"potentialAction\":[{\"@type\":\"ReadAction\",\"target\":[\"https:\/\/sexocorporel.com\/de\/ausbildung\/ausbildungsinstitute\/\"]}]},{\"@type\":\"BreadcrumbList\",\"@id\":\"https:\/\/sexocorporel.com\/de\/ausbildung\/ausbildungsinstitute\/#breadcrumb\",\"itemListElement\":[{\"@type\":\"ListItem\",\"position\":1,\"name\":\"Startseite\",\"item\":\"https:\/\/sexocorporel.com\/de\/\"},{\"@type\":\"ListItem\",\"position\":2,\"name\":\"Ausbildung\",\"item\":\"https:\/\/sexocorporel.com\/de\/ausbildung\/\"},{\"@type\":\"ListItem\",\"position\":3,\"name\":\"Ausbildungsinstitute\"}]},{\"@type\":\"WebSite\",\"@id\":\"https:\/\/sexocorporel.com\/de\/#website\",\"url\":\"https:\/\/sexocorporel.com\/de\/\",\"name\":\"Institut Sexocorporel International\",\"description\":\"Jean-Yves Desjardins\",\"publisher\":{\"@id\":\"https:\/\/sexocorporel.com\/de\/#organization\"},\"potentialAction\":[{\"@type\":\"SearchAction\",\"target\":{\"@type\":\"EntryPoint\",\"urlTemplate\":\"https:\/\/sexocorporel.com\/de\/?s={search_term_string}\"},\"query-input\":{\"@type\":\"PropertyValueSpecification\",\"valueRequired\":true,\"valueName\":\"search_term_string\"}}],\"inLanguage\":\"de\"},{\"@type\":\"Organization\",\"@id\":\"https:\/\/sexocorporel.com\/de\/#organization\",\"name\":\"Institut Sexocorporel International\",\"url\":\"https:\/\/sexocorporel.com\/de\/\",\"logo\":{\"@type\":\"ImageObject\",\"inLanguage\":\"de\",\"@id\":\"https:\/\/sexocorporel.com\/de\/#\/schema\/logo\/image\/\",\"url\":\"https:\/\/sexocorporel.com\/wp-content\/uploads\/2020\/07\/cropped-629e6a99-4d9e-421b-b20e-8b428f763559-e1595527047446.jpg\",\"contentUrl\":\"https:\/\/sexocorporel.com\/wp-content\/uploads\/2020\/07\/cropped-629e6a99-4d9e-421b-b20e-8b428f763559-e1595527047446.jpg\",\"width\":895,\"height\":270,\"caption\":\"Institut Sexocorporel International\"},\"image\":{\"@id\":\"https:\/\/sexocorporel.com\/de\/#\/schema\/logo\/image\/\"}}]}<\/script>\n<!-- \/ Yoast SEO plugin. -->","yoast_head_json":{"title":"Ausbildungsinhalte Sexualtherapie Sexocorporel - iSi","description":"Verschaffen Sie sich einen \u00dcberblick zu den Ausbildungsinstituten der Methode Sexocorporel, dem f\u00fchrenden Modell in der Sexologie und Sexualtherapie.","robots":{"index":"index","follow":"follow","max-snippet":"max-snippet:-1","max-image-preview":"max-image-preview:large","max-video-preview":"max-video-preview:-1"},"canonical":"https:\/\/sexocorporel.com\/de\/ausbildung\/ausbildungsinstitute\/","og_locale":"de_DE","og_type":"article","og_title":"Ausbildungsinhalte Sexualtherapie Sexocorporel - iSi","og_description":"Verschaffen Sie sich einen \u00dcberblick zu den Ausbildungsinstituten der Methode Sexocorporel, dem f\u00fchrenden Modell in der Sexologie und Sexualtherapie.","og_url":"https:\/\/sexocorporel.com\/de\/ausbildung\/ausbildungsinstitute\/","og_site_name":"Institut Sexocorporel International","article_modified_time":"2025-06-04T11:44:29+00:00","twitter_card":"summary_large_image","twitter_misc":{"Gesch\u00e4tzte Lesezeit":"1\u00a0Minute"},"schema":{"@context":"https:\/\/schema.org","@graph":[{"@type":"WebPage","@id":"https:\/\/sexocorporel.com\/de\/ausbildung\/ausbildungsinstitute\/","url":"https:\/\/sexocorporel.com\/de\/ausbildung\/ausbildungsinstitute\/","name":"Ausbildungsinhalte Sexualtherapie Sexocorporel - iSi","isPartOf":{"@id":"https:\/\/sexocorporel.com\/de\/#website"},"datePublished":"2020-07-05T12:34:52+00:00","dateModified":"2025-06-04T11:44:29+00:00","description":"Verschaffen Sie sich einen \u00dcberblick zu den Ausbildungsinstituten der Methode Sexocorporel, dem f\u00fchrenden Modell in der Sexologie und Sexualtherapie.","breadcrumb":{"@id":"https:\/\/sexocorporel.com\/de\/ausbildung\/ausbildungsinstitute\/#breadcrumb"},"inLanguage":"de","potentialAction":[{"@type":"ReadAction","target":["https:\/\/sexocorporel.com\/de\/ausbildung\/ausbildungsinstitute\/"]}]},{"@type":"BreadcrumbList","@id":"https:\/\/sexocorporel.com\/de\/ausbildung\/ausbildungsinstitute\/#breadcrumb","itemListElement":[{"@type":"ListItem","position":1,"name":"Startseite","item":"https:\/\/sexocorporel.com\/de\/"},{"@type":"ListItem","position":2,"name":"Ausbildung","item":"https:\/\/sexocorporel.com\/de\/ausbildung\/"},{"@type":"ListItem","position":3,"name":"Ausbildungsinstitute"}]},{"@type":"WebSite","@id":"https:\/\/sexocorporel.com\/de\/#website","url":"https:\/\/sexocorporel.com\/de\/","name":"Institut Sexocorporel International","description":"Jean-Yves Desjardins","publisher":{"@id":"https:\/\/sexocorporel.com\/de\/#organization"},"potentialAction":[{"@type":"SearchAction","target":{"@type":"EntryPoint","urlTemplate":"https:\/\/sexocorporel.com\/de\/?s={search_term_string}"},"query-input":{"@type":"PropertyValueSpecification","valueRequired":true,"valueName":"search_term_string"}}],"inLanguage":"de"},{"@type":"Organization","@id":"https:\/\/sexocorporel.com\/de\/#organization","name":"Institut Sexocorporel International","url":"https:\/\/sexocorporel.com\/de\/","logo":{"@type":"ImageObject","inLanguage":"de","@id":"https:\/\/sexocorporel.com\/de\/#\/schema\/logo\/image\/","url":"https:\/\/sexocorporel.com\/wp-content\/uploads\/2020\/07\/cropped-629e6a99-4d9e-421b-b20e-8b428f763559-e1595527047446.jpg","contentUrl":"https:\/\/sexocorporel.com\/wp-content\/uploads\/2020\/07\/cropped-629e6a99-4d9e-421b-b20e-8b428f763559-e1595527047446.jpg","width":895,"height":270,"caption":"Institut Sexocorporel International"},"image":{"@id":"https:\/\/sexocorporel.com\/de\/#\/schema\/logo\/image\/"}}]}},"_links":{"self":[{"href":"https:\/\/sexocorporel.com\/de\/wp-json\/wp\/v2\/pages\/631","targetHints":{"allow":["GET"]}}],"collection":[{"href":"https:\/\/sexocorporel.com\/de\/wp-json\/wp\/v2\/pages"}],"about":[{"href":"https:\/\/sexocorporel.com\/de\/wp-json\/wp\/v2\/types\/page"}],"author":[{"embeddable":true,"href":"https:\/\/sexocorporel.com\/de\/wp-json\/wp\/v2\/users\/1"}],"replies":[{"embeddable":true,"href":"https:\/\/sexocorporel.com\/de\/wp-json\/wp\/v2\/comments?post=631"}],"version-history":[{"count":9,"href":"https:\/\/sexocorporel.com\/de\/wp-json\/wp\/v2\/pages\/631\/revisions"}],"predecessor-version":[{"id":7641,"href":"https:\/\/sexocorporel.com\/de\/wp-json\/wp\/v2\/pages\/631\/revisions\/7641"}],"up":[{"embeddable":true,"href":"https:\/\/sexocorporel.com\/de\/wp-json\/wp\/v2\/pages\/14"}],"wp:attachment":[{"href":"https:\/\/sexocorporel.com\/de\/wp-json\/wp\/v2\/media?parent=631"}],"curies":[{"name":"wp","href":"https:\/\/api.w.org\/{rel}","templated":true}]}}