{"id":454,"date":"2020-07-02T02:34:43","date_gmt":"2020-07-02T00:34:43","guid":{"rendered":"https:\/\/sexocorporel.com\/?page_id=454"},"modified":"2025-05-07T15:40:37","modified_gmt":"2025-05-07T13:40:37","slug":"mitgliederordnung","status":"publish","type":"page","link":"https:\/\/sexocorporel.com\/de\/institut-isi\/mitgliederordnung\/","title":{"rendered":"Mitgliederordnung"},"content":{"rendered":"\n<h3 class=\"wp-block-heading red\">Die Gr\u00fcnder des Instituts<\/h3>\n\n\n\n<p>Das Institut wurde&nbsp;am 28. April 2004 durch Jean-Yves Desjardins und verschiedene von ihm geschulte Kolleg*innen gegr\u00fcndet.<br>Die Gr\u00fcnder*innen des Instituts sind Menschen, die einen finanziellen und fachlichen Beitrag geleistet haben um die Verbreitung des Sexocorporel in Europa und Amerika zu gew\u00e4hrleisten. Diese Menschen verdienen unsere Bewunderung und Anerkennung.<br>Die Liste der Gr\u00fcnder*innen des iSi finden Sie <a href=\"https:\/\/sexocorporel.com\/de\/institut-isi\/\">hier<\/a><a href=\"https:\/\/sexocorporel.com\/institut-isi\/\"><\/a>.<\/p>\n\n\n\n<div style=\"height:50px\" aria-hidden=\"true\" class=\"wp-block-spacer\"><\/div>\n\n\n\n<h3 class=\"wp-block-heading red\">Mitgliederkategorien<\/h3>\n\n\n\n<p>Es gibt 5 verschiedene Mitgliedschaften<\/p>\n\n\n\n<ul class=\"wp-block-list\">\n<li>Ehrenmitglied<\/li>\n\n\n\n<li>iSi-zertifiziertes Mitglied: Klinische Sexologin \/ Klinischer Sexologe iSi (Ordentliche Mitgliedschaft)<\/li>\n\n\n\n<li>Mitglied (Au\u00dferordentliche Mitgliedschaft)<\/li>\n\n\n\n<li>Studierendes Mitglied (in Ausbildung auf Stufe 1-3)<\/li>\n\n\n\n<li>Sympathisierende Mitgliedschaft<\/li>\n\n\n\n<li>iSi-affiliierte externe Mitgliedschaft<\/li>\n<\/ul>\n\n\n\n<div style=\"height:50px\" aria-hidden=\"true\" class=\"wp-block-spacer\"><\/div>\n\n\n\n<h4 class=\"wp-block-heading red\">Ehrenmitglied<\/h4>\n\n\n\n<ul class=\"wp-block-list\">\n<li>Professor Jean-Yves Desjardins ist Ehrenmitglied des Instituts und tr\u00e4gt ad personam und lebenslang (einzig und allein) den Titel des &#8222;Ehrenpr\u00e4sidenten des Instituts&#8220;.<\/li>\n\n\n\n<li>Ehrenmitglied ist jede\/r, die\/der diesbez\u00fcglich vom Vorstand eingeladen wurde und diese Nominierung schriftlich angenommen hat. Diese Person geniesst auf beruflicher Ebene eine hohe Anerkennung &#8211; meistens im Bereich der Sexologie, jedoch nicht zwingend &#8211; und hat auf bedeutende Weise die Entwicklung des Sexocorporel unterst\u00fctzt.<\/li>\n\n\n\n<li>Ein Ehrenmitglied hat nicht zwingend eine Ausbildung im Sexocorporel.<\/li>\n\n\n\n<li>Der Vorstand unterbreitet vorerst per Antrag bei der Generalversammlung seinen Vorschlag f\u00fcr die Nomination eines Ehrenmitglieds. Die Generalversammlung muss ihr Einverst\u00e4ndnis geben, bevor der Vorstand die betroffene Person anfragen kann.<\/li>\n\n\n\n<li>Der Titel des Ehrenmitglieds ist in sich keine Befugnis zur Lehre des Sexocorporel.<\/li>\n\n\n\n<li>Das Ehrenmitglied ist von der Beitragszahlung befreit.<\/li>\n\n\n\n<li>Der Brief mit der Anfrage an eine Person zur Nominierung zum Ehrenmitglied und deren Antwort (wenn gegeben) werden im Archiv des iSi aufbewahrt.<\/li>\n\n\n\n<li>Die Rechte und Vorrechte des Ehrenmitglieds, sowie sein eventueller Ausschluss, werden in den Statuten des Instituts geregelt.<\/li>\n<\/ul>\n\n\n\n<div style=\"height:50px\" aria-hidden=\"true\" class=\"wp-block-spacer\"><\/div>\n\n\n\n<h4 class=\"wp-block-heading red\">Zertifiziertes Mitglied \u2013 Klinischer Sexologe iSi \/ Klinische Sexologin iSi<\/h4>\n\n\n\n<ul class=\"wp-block-list\">\n<li>Um zertifiziertes Mitglied zu werden, muss eine Person sich an die Mitgliederkommission wenden und von zwei zertifizierten Mitgliedern des iSi empfohlen werden. Die Empfehlung muss \u00fcber einen unterschriebenen Brief erfolgen, in dem die Paten begr\u00fcnden warum sie diese Person unterst\u00fctzen.<\/li>\n\n\n\n<li>Der Antrag an die <a href=\"https:\/\/sexocorporel.com\/de\/institut-isi\/isi-kommisionen\/\" target=\"_blank\" rel=\"noreferrer noopener\">Mitgliederkommission<\/a> sollte die Mehrsprachigkeit der Kommission ber\u00fccksichtigen. Eine \u00dcbersetzung mit z.B. deepl.com ist ausreichend.<\/li>\n\n\n\n<li>Das zertifizierte Mitglied wird vom Vorstand auf Empfehlung der Mitgliederkommission nominiert.<\/li>\n\n\n\n<li>Die Person muss folgende Kriterien erf\u00fcllen:\n<ul class=\"wp-block-list\">\n<li>Eine Bescheinigung oder ein Zertifikat \u00fcber eine Grundausbildung in Sexologie oder \u00fcber eine Ausbildung besitzen, die die Mitgliederkommission und der Vorstand als gleichwertig erachten, oder eine Arbeit geleistet haben, die einer Grundausbildung in Sexologie entspricht.<\/li>\n\n\n\n<li>Erfolgreich drei Stufen der Ausbildung in Sexocorporel unter der Leitung von iSi anerkannten Dozierenden absolviert haben und das &#8222;Abschlu\u00dfzertifikat in Sexocorporel&#8220;, welches durch das iSi ausgestellt wird, besitzen.<\/li>\n\n\n\n<li>Eine berufliche Aktivit\u00e4t in klinischer Sexologie aus\u00fcben, die wenigstens 5 Stunden Sexualtherapie pro Woche umfasst, und dies w\u00e4hrend der letzten sechs Monate.<\/li>\n\n\n\n<li>Mindestens 50 Stunden Supervision und Weiterbildung in Sexocorporel absolviert haben. In diesen 50 Stunden m\u00fcssen mindestens 30 Stunden Supervision enthalten sein und mindestens 10 Stunden davon m\u00fcssen als Individualsupervision (d.h. im Einzelsetting) stattgefunden haben.<\/li>\n\n\n\n<li>Seit mindestens 2 Jahren (au\u00dferordentliches) Mitglied des iSi sein (mit Zahlung des j\u00e4hrlichen Mitgliedbeitrags).<\/li>\n<\/ul>\n<\/li>\n\n\n\n<li>Sobald das Mitglied als zertifiziert anerkannt wird, ist es ebenfalls &#8222;Klinischer Sexologe iSi\/ Klinische Sexologin iSi&#8220; und erh\u00e4lt das Zertifikat. <\/li>\n\n\n\n<li>Die Mitgliederkommission kann zu jeder Zeit die Daten eines ordentlichen Mitglieds pr\u00fcfen und dem Vorstand &#8211; der letztlich entscheidet \u2013 vorschlagen, das Mitglied in eine andere Kategorie zu wechseln, wenn es die Kriterien der aktuellen Mitgliederordnung nicht mehr erf\u00fcllt.<\/li>\n\n\n\n<li>Die Rechte und Vorrechte des ordentlichen Mitglieds, sowie sein eventueller Ausschluss, werden in den Statuten des Instituts geregelt.<\/li>\n<\/ul>\n\n\n\n<div style=\"height:50px\" aria-hidden=\"true\" class=\"wp-block-spacer\"><\/div>\n\n\n\n<h4 class=\"wp-block-heading red\">(Ausserordentliches) Mitglied<\/h4>\n\n\n\n<ul class=\"wp-block-list\">\n<li>Um den Titel des au\u00dferordentlichen Mitglieds zu erlangen, muss eine Person den Antrag mittels Beitrittsformular an das Sekretariat des iSi stellen.<\/li>\n\n\n\n<li>Das au\u00dferordentliche Mitglied muss mindestens eine Stufe der Ausbildung in Sexocorporel absolviert haben.<\/li>\n\n\n\n<li>Der Wechsel vom Studierendenmitglied oder Sympathisierenden Mitglied zum au\u00dferordentlichen Mitglied ist nicht &#8222;automatisch&#8220;.<\/li>\n\n\n\n<li>Wenn ein au\u00dferordentliches Mitglied in den Ruhestand tritt oder seine berufliche Aktivit\u00e4t aufgibt, kann es in die Kategorie Sympathisantenmitglied eintreten, sofern es die Mitgliederkommission bef\u00fcrwortet.<\/li>\n\n\n\n<li>Die Rechte und Vorrechte des au\u00dferordentlichen Mitglieds, sowie sein eventueller Ausschluss, werden in den Statuten des Instituts geregelt.<\/li>\n<\/ul>\n\n\n\n<div style=\"height:50px\" aria-hidden=\"true\" class=\"wp-block-spacer\"><\/div>\n\n\n\n<h4 class=\"wp-block-heading red\">Studierendes Mitglied<\/h4>\n\n\n\n<ul class=\"wp-block-list\">\n<li>Als Teilnehmende an einer iSi-anerkannten Sexocorporel-Ausbildung wird die Mitgliedschaft als studierendes Mitglied des iSi obligatorisch. Dadurch kann das studentische Mitglied das Institut unterst\u00fctzen und sich \u00fcber die verschiedenen Aktivit\u00e4ten des iSi informieren.<\/li>\n\n\n\n<li>Die jeweiligen Ausbildungsinstitute sind f\u00fcr die Beantragung der Mitgliedschaft und die Bezahlung der Mitgliedsgeb\u00fchr der Studierenden im Basiskurs (1. Durchgang) verantwortlich. In der Folge sind studentische Mitglieder, die ihre Ausbildung fortsetzen, f\u00fcr die Zahlung ihrer Mitgliedsbeitr\u00e4ge selbst verantwortlich.<\/li>\n\n\n\n<li>Mit Beginn des Vertiefungslehrgangs (2. Durchgang) kann die Mitgliedschaft als \u201eau\u00dferordentliches Mitglied\u201c beantragt werden. F\u00fcr die Zertifizierung als Klinischer Sexologe\/ Klinische Sexologin iSi ist eine au\u00dferordentliche Mitgliedschaft von 2 Jahren Voraussetzung. Ansonsten kann die Mitgliedschaft \u00fcber alle Ausbildungsg\u00e4nge hinweg als \u201eStudierendes Mitglied\u201c verl\u00e4ngert werden.<\/li>\n\n\n\n<li>Es erfolgt keine &#8222;automatische&#8220; \u00dcbertragung von der Kategorie des Studentenmitglieds zum assoziierten Mitglied oder Sympathisierenden Mitglied. Eine offizielle Anfrage muss vom Mitglied gestellt und j\u00e4hrlich erneuert werden.<\/li>\n\n\n\n<li>Das Studierende Mitglied muss Student*in in einer iSi-anerkannten Sexocorporel-Ausbildung sein.<\/li>\n\n\n\n<li>Die Rechte und Vorrechte des studierenden Mitgliedes (sowie sein eventueller Ausschluss) werden in den Statuten des Instituts geregelt.<\/li>\n<\/ul>\n\n\n\n<div style=\"height:50px\" aria-hidden=\"true\" class=\"wp-block-spacer\"><\/div>\n\n\n\n<h4 class=\"wp-block-heading red\">Sympathisierendes Mitglied<\/h4>\n\n\n\n<ul class=\"wp-block-list\">\n<li> Jeder Mensch, der sich f\u00fcr den Sexocorporel interessiert, jedoch die Kriterien der anderen Kategorien nicht erf\u00fcllt, kann Sympathiemitglied werden (z. B. eine Person, die an den Seminaren &#8222;Vivre en Amour&#8220; teilnimmt, eine Fachperson mit klinischer Erfahrung, eine Person im Ruhestand, Personen mit Erfahrung in Erziehung oder P\u00e4dagogik, usw.).<\/li>\n\n\n\n<li>Um den Titel des Sympathisierenden Mitglieds zu erlangen, muss eine Person den Antrag mittels Beitrittsformular an das Sekretariat des iSi stellen.<\/li>\n\n\n\n<li>Die Rechte und Vorrechte des Sympathiemitglieds, sowie sein eventueller Ausschluss, werden in den Statuten des Instituts geregelt.<\/li>\n<\/ul>\n\n\n\n<div style=\"height:100px\" aria-hidden=\"true\" class=\"wp-block-spacer\"><\/div>\n\n\n\n<h4 class=\"wp-block-heading red\">iSi-affiliiertes externes Mitglied<\/h4>\n\n\n\n<ul class=\"wp-block-list\">\n<li>Diese Kategorie steht Sexolog*innen anderer Schulen und Ausbildungen zur Verf\u00fcgung, z.B. Absolvent*innen des Master Klinische Sexologie.<\/li>\n\n\n\n<li>Um den Titel des isi-affiliierten Mitglieds zu erlangen, muss eine Person den Antrag mittels Beitrittsformular an das Sekretariat des iSi stellen.<\/li>\n\n\n\n<li>Die Rechte und Vorrechte dieses Mitglieds, sowie sein eventueller Ausschluss, werden in den Statuten des Instituts geregelt.<\/li>\n<\/ul>\n\n\n\n<div style=\"height:50px\" aria-hidden=\"true\" class=\"wp-block-spacer\"><\/div>\n\n\n\n<h4 class=\"wp-block-heading red\">Bezahlung der Mitgliedschaftsgeb\u00fchren<\/h4>\n\n\n\n<ul class=\"wp-block-list\">\n<li>Die Bezahlung der Mitgliedschaftsgeb\u00fchren muss vor der Generalversammlung, sp\u00e4testens vor dem 30. Juni des laufenden Jahres erfolgen.<\/li>\n\n\n\n<li>Bezahlt eine Person ihre Mitgliedschaftsgeb\u00fchren nicht vor dem 30. Juni des laufenden Jahres (oder vor der Generalversammlung, wenn diese vor dem Monat Juni stattfindet), hat die Person kein Stimmrecht und verliert ihre Rechte als Mitglied (z.B. Erhalt der Zeitschrift, Rabatte).<\/li>\n\n\n\n<li>Um wieder Mitglied zu werden, muss die Person zus\u00e4tzlich die Unkosten f\u00fcr das Wiederer\u00f6ffnen ihrer Akte von 50 Euro begleichen.<\/li>\n<\/ul>\n\n\n\n<div style=\"height:50px\" aria-hidden=\"true\" class=\"wp-block-spacer\"><\/div>\n\n\n\n<h4 class=\"wp-block-heading red\">Mitgliedschaftsbeitr\u00e4ge:<\/h4>\n\n\n\n<figure class=\"wp-block-table\"><table><tbody><tr><td><strong>Mitgliedschaft<\/strong><\/td><td><strong>Jahresbeitrag in Euro<\/strong><\/td><\/tr><tr><td>Ehrenmitglied<\/td><td>&#8211;<\/td><\/tr><tr><td>Zertifiziertes Mitglied<\/td><td>150,-<\/td><\/tr><tr><td>(au\u00dferordentliches) Mitglied<\/td><td>90,-<\/td><\/tr><tr><td>Studierendes Mitglied<\/td><td>30,-<\/td><\/tr><tr><td>Sympathisierendes Mitglied<\/td><td>60,-<\/td><\/tr><tr><td>iSi-affiliiertes externes Mitglied<\/td><td>60,-<\/td><\/tr><\/tbody><\/table><\/figure>\n\n\n\n<p><\/p>\n","protected":false},"excerpt":{"rendered":"<p>Die Gr\u00fcnder des Instituts Das Institut wurde&nbsp;am 28. April 2004 durch Jean-Yves Desjardins und verschiedene von ihm geschulte Kolleg*innen gegr\u00fcndet.Die Gr\u00fcnder*innen des Instituts sind Menschen, die einen finanziellen und fachlichen Beitrag geleistet haben um die Verbreitung des Sexocorporel in Europa und Amerika zu gew\u00e4hrleisten. Diese Menschen verdienen unsere Bewunderung und Anerkennung.Die Liste der Gr\u00fcnder*innen des [&hellip;]<\/p>\n","protected":false},"author":1,"featured_media":0,"parent":18,"menu_order":71,"comment_status":"closed","ping_status":"closed","template":"","meta":{"footnotes":""},"class_list":["post-454","page","type-page","status-publish","hentry"],"featured_image_src":null,"yoast_head":"<!-- This site is optimized with the Yoast SEO plugin v26.8 - https:\/\/yoast.com\/product\/yoast-seo-wordpress\/ -->\n<title>Mitgliederordnung Institut Sexocorporel - iSi<\/title>\n<meta name=\"description\" content=\"Finden Sie die Mitgliederordnung des Institutes f\u00fcr Sexocorporel International.\" \/>\n<meta name=\"robots\" content=\"index, follow, max-snippet:-1, max-image-preview:large, max-video-preview:-1\" \/>\n<link rel=\"canonical\" href=\"https:\/\/sexocorporel.com\/de\/institut-isi\/mitgliederordnung\/\" \/>\n<meta property=\"og:locale\" content=\"de_DE\" \/>\n<meta property=\"og:type\" content=\"article\" \/>\n<meta property=\"og:title\" content=\"Mitgliederordnung Institut Sexocorporel - iSi\" \/>\n<meta property=\"og:description\" content=\"Finden Sie die Mitgliederordnung des Institutes f\u00fcr Sexocorporel International.\" \/>\n<meta property=\"og:url\" content=\"https:\/\/sexocorporel.com\/de\/institut-isi\/mitgliederordnung\/\" \/>\n<meta property=\"og:site_name\" content=\"Institut Sexocorporel International\" \/>\n<meta property=\"article:modified_time\" content=\"2025-05-07T13:40:37+00:00\" \/>\n<meta name=\"twitter:card\" content=\"summary_large_image\" \/>\n<meta name=\"twitter:label1\" content=\"Gesch\u00e4tzte Lesezeit\" \/>\n\t<meta name=\"twitter:data1\" content=\"6\u00a0Minuten\" \/>\n<script type=\"application\/ld+json\" class=\"yoast-schema-graph\">{\"@context\":\"https:\/\/schema.org\",\"@graph\":[{\"@type\":\"WebPage\",\"@id\":\"https:\/\/sexocorporel.com\/de\/institut-isi\/mitgliederordnung\/\",\"url\":\"https:\/\/sexocorporel.com\/de\/institut-isi\/mitgliederordnung\/\",\"name\":\"Mitgliederordnung Institut Sexocorporel - iSi\",\"isPartOf\":{\"@id\":\"https:\/\/sexocorporel.com\/de\/#website\"},\"datePublished\":\"2020-07-02T00:34:43+00:00\",\"dateModified\":\"2025-05-07T13:40:37+00:00\",\"description\":\"Finden Sie die Mitgliederordnung des Institutes f\u00fcr Sexocorporel International.\",\"breadcrumb\":{\"@id\":\"https:\/\/sexocorporel.com\/de\/institut-isi\/mitgliederordnung\/#breadcrumb\"},\"inLanguage\":\"de\",\"potentialAction\":[{\"@type\":\"ReadAction\",\"target\":[\"https:\/\/sexocorporel.com\/de\/institut-isi\/mitgliederordnung\/\"]}]},{\"@type\":\"BreadcrumbList\",\"@id\":\"https:\/\/sexocorporel.com\/de\/institut-isi\/mitgliederordnung\/#breadcrumb\",\"itemListElement\":[{\"@type\":\"ListItem\",\"position\":1,\"name\":\"Startseite\",\"item\":\"https:\/\/sexocorporel.com\/de\/\"},{\"@type\":\"ListItem\",\"position\":2,\"name\":\"Institut\",\"item\":\"https:\/\/sexocorporel.com\/de\/institut-isi\/\"},{\"@type\":\"ListItem\",\"position\":3,\"name\":\"Mitgliederordnung\"}]},{\"@type\":\"WebSite\",\"@id\":\"https:\/\/sexocorporel.com\/de\/#website\",\"url\":\"https:\/\/sexocorporel.com\/de\/\",\"name\":\"Institut Sexocorporel International\",\"description\":\"Jean-Yves Desjardins\",\"publisher\":{\"@id\":\"https:\/\/sexocorporel.com\/de\/#organization\"},\"potentialAction\":[{\"@type\":\"SearchAction\",\"target\":{\"@type\":\"EntryPoint\",\"urlTemplate\":\"https:\/\/sexocorporel.com\/de\/?s={search_term_string}\"},\"query-input\":{\"@type\":\"PropertyValueSpecification\",\"valueRequired\":true,\"valueName\":\"search_term_string\"}}],\"inLanguage\":\"de\"},{\"@type\":\"Organization\",\"@id\":\"https:\/\/sexocorporel.com\/de\/#organization\",\"name\":\"Institut Sexocorporel International\",\"url\":\"https:\/\/sexocorporel.com\/de\/\",\"logo\":{\"@type\":\"ImageObject\",\"inLanguage\":\"de\",\"@id\":\"https:\/\/sexocorporel.com\/de\/#\/schema\/logo\/image\/\",\"url\":\"https:\/\/sexocorporel.com\/wp-content\/uploads\/2020\/07\/cropped-629e6a99-4d9e-421b-b20e-8b428f763559-e1595527047446.jpg\",\"contentUrl\":\"https:\/\/sexocorporel.com\/wp-content\/uploads\/2020\/07\/cropped-629e6a99-4d9e-421b-b20e-8b428f763559-e1595527047446.jpg\",\"width\":895,\"height\":270,\"caption\":\"Institut Sexocorporel International\"},\"image\":{\"@id\":\"https:\/\/sexocorporel.com\/de\/#\/schema\/logo\/image\/\"}}]}<\/script>\n<!-- \/ Yoast SEO plugin. -->","yoast_head_json":{"title":"Mitgliederordnung Institut Sexocorporel - iSi","description":"Finden Sie die Mitgliederordnung des Institutes f\u00fcr Sexocorporel International.","robots":{"index":"index","follow":"follow","max-snippet":"max-snippet:-1","max-image-preview":"max-image-preview:large","max-video-preview":"max-video-preview:-1"},"canonical":"https:\/\/sexocorporel.com\/de\/institut-isi\/mitgliederordnung\/","og_locale":"de_DE","og_type":"article","og_title":"Mitgliederordnung Institut Sexocorporel - iSi","og_description":"Finden Sie die Mitgliederordnung des Institutes f\u00fcr Sexocorporel International.","og_url":"https:\/\/sexocorporel.com\/de\/institut-isi\/mitgliederordnung\/","og_site_name":"Institut Sexocorporel International","article_modified_time":"2025-05-07T13:40:37+00:00","twitter_card":"summary_large_image","twitter_misc":{"Gesch\u00e4tzte Lesezeit":"6\u00a0Minuten"},"schema":{"@context":"https:\/\/schema.org","@graph":[{"@type":"WebPage","@id":"https:\/\/sexocorporel.com\/de\/institut-isi\/mitgliederordnung\/","url":"https:\/\/sexocorporel.com\/de\/institut-isi\/mitgliederordnung\/","name":"Mitgliederordnung Institut Sexocorporel - iSi","isPartOf":{"@id":"https:\/\/sexocorporel.com\/de\/#website"},"datePublished":"2020-07-02T00:34:43+00:00","dateModified":"2025-05-07T13:40:37+00:00","description":"Finden Sie die Mitgliederordnung des Institutes f\u00fcr Sexocorporel International.","breadcrumb":{"@id":"https:\/\/sexocorporel.com\/de\/institut-isi\/mitgliederordnung\/#breadcrumb"},"inLanguage":"de","potentialAction":[{"@type":"ReadAction","target":["https:\/\/sexocorporel.com\/de\/institut-isi\/mitgliederordnung\/"]}]},{"@type":"BreadcrumbList","@id":"https:\/\/sexocorporel.com\/de\/institut-isi\/mitgliederordnung\/#breadcrumb","itemListElement":[{"@type":"ListItem","position":1,"name":"Startseite","item":"https:\/\/sexocorporel.com\/de\/"},{"@type":"ListItem","position":2,"name":"Institut","item":"https:\/\/sexocorporel.com\/de\/institut-isi\/"},{"@type":"ListItem","position":3,"name":"Mitgliederordnung"}]},{"@type":"WebSite","@id":"https:\/\/sexocorporel.com\/de\/#website","url":"https:\/\/sexocorporel.com\/de\/","name":"Institut Sexocorporel International","description":"Jean-Yves Desjardins","publisher":{"@id":"https:\/\/sexocorporel.com\/de\/#organization"},"potentialAction":[{"@type":"SearchAction","target":{"@type":"EntryPoint","urlTemplate":"https:\/\/sexocorporel.com\/de\/?s={search_term_string}"},"query-input":{"@type":"PropertyValueSpecification","valueRequired":true,"valueName":"search_term_string"}}],"inLanguage":"de"},{"@type":"Organization","@id":"https:\/\/sexocorporel.com\/de\/#organization","name":"Institut Sexocorporel International","url":"https:\/\/sexocorporel.com\/de\/","logo":{"@type":"ImageObject","inLanguage":"de","@id":"https:\/\/sexocorporel.com\/de\/#\/schema\/logo\/image\/","url":"https:\/\/sexocorporel.com\/wp-content\/uploads\/2020\/07\/cropped-629e6a99-4d9e-421b-b20e-8b428f763559-e1595527047446.jpg","contentUrl":"https:\/\/sexocorporel.com\/wp-content\/uploads\/2020\/07\/cropped-629e6a99-4d9e-421b-b20e-8b428f763559-e1595527047446.jpg","width":895,"height":270,"caption":"Institut Sexocorporel International"},"image":{"@id":"https:\/\/sexocorporel.com\/de\/#\/schema\/logo\/image\/"}}]}},"_links":{"self":[{"href":"https:\/\/sexocorporel.com\/de\/wp-json\/wp\/v2\/pages\/454","targetHints":{"allow":["GET"]}}],"collection":[{"href":"https:\/\/sexocorporel.com\/de\/wp-json\/wp\/v2\/pages"}],"about":[{"href":"https:\/\/sexocorporel.com\/de\/wp-json\/wp\/v2\/types\/page"}],"author":[{"embeddable":true,"href":"https:\/\/sexocorporel.com\/de\/wp-json\/wp\/v2\/users\/1"}],"replies":[{"embeddable":true,"href":"https:\/\/sexocorporel.com\/de\/wp-json\/wp\/v2\/comments?post=454"}],"version-history":[{"count":9,"href":"https:\/\/sexocorporel.com\/de\/wp-json\/wp\/v2\/pages\/454\/revisions"}],"predecessor-version":[{"id":7564,"href":"https:\/\/sexocorporel.com\/de\/wp-json\/wp\/v2\/pages\/454\/revisions\/7564"}],"up":[{"embeddable":true,"href":"https:\/\/sexocorporel.com\/de\/wp-json\/wp\/v2\/pages\/18"}],"wp:attachment":[{"href":"https:\/\/sexocorporel.com\/de\/wp-json\/wp\/v2\/media?parent=454"}],"curies":[{"name":"wp","href":"https:\/\/api.w.org\/{rel}","templated":true}]}}