{"id":4419,"date":"2021-11-14T11:22:00","date_gmt":"2021-11-14T10:22:00","guid":{"rendered":"https:\/\/sexocorporel.com\/?page_id=4419"},"modified":"2022-06-10T12:08:39","modified_gmt":"2022-06-10T10:08:39","slug":"isi-kongress-2022","status":"publish","type":"page","link":"https:\/\/sexocorporel.com\/de\/isi-kongress\/isi-kongress-2022\/","title":{"rendered":"iSi-Kongress 2022"},"content":{"rendered":"\n<figure class=\"wp-block-image alignfull size-large header-image center\"><img loading=\"lazy\" decoding=\"async\" width=\"531\" height=\"172\" src=\"https:\/\/sexocorporel.com\/wp-content\/uploads\/2021\/11\/congress-2.jpg\" alt=\"\" class=\"wp-image-4823\" srcset=\"https:\/\/sexocorporel.com\/wp-content\/uploads\/2021\/11\/congress-2.jpg 531w, https:\/\/sexocorporel.com\/wp-content\/uploads\/2021\/11\/congress-2-300x97.jpg 300w\" sizes=\"auto, (max-width: 531px) 100vw, 531px\" \/><\/figure>\n\n\n\n<h1 class=\"wp-block-heading\">\u00abBeziehungstanz\u00bb<\/h1>\n\n\n\n<h4 class=\"wp-block-heading\">15. Fachtagung des institut Sexocorporel international, 21.\u201324. April 2022, Berlin<\/h4>\n\n\n\n<p>Tanz ist Bewegung. Verk\u00f6rperung. Das Modell der sexuellen Gesundheit nach Jean-Yves Desjardins besteht aus vier Hauptkomponenten, die wechselseitig miteinander in Verbindung stehen: K\u00f6rper, Erleben, Kognitionen und Beziehung. Die Wechselwirkungen zwischen den Komponenten betrachten wir als Tanz \u2013&nbsp;als Beziehungstanz.<\/p>\n\n\n\n<p>Sexualit\u00e4t entwickelt sich in Beziehungen zur Umwelt und in Beziehungen zu anderen Menschen. Auch in der Sexualtherapie ist die Beziehung zwischen Therapierenden und Hilfesuchenden der entscheidende Faktor.<\/p>\n\n\n\n<p>Der iSi-Kongress 2022 widmet sich diesem Beziehungstanz aus der Perspektive der Beziehungskomponente. Zentral sind die Fragen: Wie gehen verschiedene paartherapeutische Ans\u00e4tze mit Beziehungsanliegen um und wie k\u00f6nnen sexologische Anliegen im Paarsetting behandelt werden?<\/p>\n\n\n\n<p>In Vortr\u00e4gen, einer Podiumsdiskussion, Workshops und Postersessions setzen wir uns mit dem Beziehungstanz auseinander. <\/p>\n\n\n\n<p>Gerrit Meiers Fotoausstellung \u201cDas Paar in mir\u201d umrahmt den Kongress.<\/p>\n\n\n\n<h2 class=\"wp-block-heading\">Ort<\/h2>\n\n\n\n<p><a href=\"https:\/\/www.gls-sprachenzentrum.de\/1364_sprachschule_berlin.html\" target=\"_blank\" rel=\"noreferrer noopener\">GLS Sprachenzentrum<\/a>,&nbsp;Kastanienallee 82, 10435 Berlin<\/p>\n\n\n\n<p>Eine \u00dcbernachtungsm\u00f6glichkeit ist das an den Seminarort angegliederte <a href=\"https:\/\/www.hotel-oderberger.berlin\/\">Hotel Oderberger<\/a>. Ansonsten gibt es im Umkreis des Seminarorts viele Hotels.<\/p>\n\n\n\n<h2 class=\"wp-block-heading\">Kongressanmeldung<\/h2>\n\n\n\n<p>Anmeldungen sind nicht mehr m\u00f6glich.<\/p>\n\n\n\n<p>Bei Fragen wenden Sie sich bitte an <a href=\"mailto:Berlin22@sexocorporel.com\">Berlin22@sexocorporel.com<\/a>.<\/p>\n\n\n\n<h2 class=\"wp-block-heading\">Programm<\/h2>\n\n\n\n<h4 class=\"wp-block-heading\">Donnerstag, 21.04.2021<\/h4>\n\n\n\n<p><\/p>\n\n\n\n<p>09:00 &#8211; 17:30 Uhr<br><strong>Die Hand, die Ber\u00fchrung \u2013 (emotionale) Resonanz, interaktionelle Synchronisation<\/strong><br>Workshop mit Peter Gehrig  <strong><em>dieser Workshop ist ausgebucht<\/em><\/strong><br>Mit Feldenkrais-ATMs (Feldenkrais) erforschen wir den Bezug der H\u00e4nde zum ganzen Selbst. Die Fortsetzung der Reise gestalten wir auf der Basis des tonischen Dialogs (Ajuriaguerra) bzw. der tonischen Funktion (Godard). Die Anzahl Teilnehmer*innen ist auf 25 beschr\u00e4nkt.<\/p>\n\n\n\n<h4 class=\"wp-block-heading\">Freitag, 22.04.2021<\/h4>\n\n\n\n<p>09:00 &#8211; 10:30 Uhr<br><strong>Embodimentorientierte Sexualtherapie<\/strong><br>Vortrag von Michael Sztenc <br> \t\r\n\t<a class=\"paoc-pro-popup-cust-5188 paoc-popup-click paoc-popup-simple_link  paoc-action-popup paoc-pro-popup-link\" href=\"javascript:void(0);\">mehr Infos<\/a>\r\n\r\n\n\n\n\n<p>10:30 &#8211; 11:00 Uhr<br><strong><em>Pause<\/em><\/strong><\/p>\n\n\n\n<p>11:00 &#8211; 12:30 Uhr<br><strong>Emotionsfokussierte Therapie (EFT)<\/strong><br>Vortrag von Mireille Baumgartner &amp; Ben Kneub\u00fchler<br>\r\n\t<a class=\"paoc-pro-popup-cust-5186 paoc-popup-click paoc-popup-simple_link  paoc-action-popup paoc-pro-popup-link\" href=\"javascript:void(0);\">mehr Infos<\/a>\r\n\r\n\n\n\n\n<p>12:30 &#8211; 14:00 Uhr<br><strong><em>Mittagessen<\/em><\/strong><\/p>\n\n\n\n<p>14:00 &#8211; 15:30 Uhr<br><strong>&#8222;H\u00e4ttest du doch was gesagt\u201c. Paarkommunikation beim Sex<\/strong><br>Vortrag von Berit Brockhausen<br>\r\n\t<a class=\"paoc-pro-popup-cust-5165 paoc-popup-click paoc-popup-simple_link  paoc-action-popup paoc-pro-popup-link\" href=\"javascript:void(0);\">mehr Infos<\/a>\r\n\r\n\n\n\n\n<p>15:30 &#8211; 16:00 Uhr<br><strong><em>Pause<\/em><\/strong><\/p>\n\n\n\n<p>16:00 &#8211; 17:30 Uhr<br><strong>Podiumsdisskusion mit den Vortragenden<\/strong><br>Expertin: Angelika Eck<br>Moderatorin: Sybille Stahlberg<\/p>\n\n\n\n<h4 class=\"wp-block-heading\">Samstag, 23.04.2021<\/h4>\n\n\n\n<p>08.45 &#8211; 09:00 Uhr<br><strong>Einf\u00fchrung in den Tag<\/strong> (Sybille Stahlberg)<\/p>\n\n\n\n<p>09:00 \u2013 12:00 Uhr<br><strong>Workshops<\/strong> (inkl. 30 Minuten Pause)<\/p>\n\n\n\n<p>12:30 \u2013 14:00 Uhr<br>Mittagspause<\/p>\n\n\n\n<p>14:00 \u2013 17:00 Uhr<br><strong>Workshops<\/strong> (inkl. 30 Minuten Pause)<\/p>\n\n\n\n<p><em>Themen und Inhalte der Workshops:<\/em><\/p>\n\n\n\n<ul class=\"wp-block-list\"><li><strong>Der Tango der emotionsfokussierten Therapie (EFT) <\/strong><br>Ben Kneub\u00fchler und Mirelle Baumgartner<br>\r\n\t<a class=\"paoc-pro-popup-cust-5191 paoc-popup-click paoc-popup-simple_link  paoc-action-popup paoc-pro-popup-link\" href=\"javascript:void(0);\">mehr Infos<\/a>\r\n\r\n<\/li><\/ul>\n\n\n\n<ul class=\"wp-block-list\"><li><strong><strong>Was machen die Beiden da miteinander? Werkzeug Mikroanalyse der letzten sexuellen Interaktion<\/strong><\/strong><br>Berit Brockhausen<br>\r\n\t<a class=\"paoc-pro-popup-cust-5194 paoc-popup-click paoc-popup-simple_link  paoc-action-popup paoc-pro-popup-link\" href=\"javascript:void(0);\">mehr Infos<\/a>\r\n\r\n<\/li><\/ul>\n\n\n\n<ul class=\"wp-block-list\"><li><strong>Begehren in der Beziehung&nbsp;<\/strong><br>Tara Christopeit<br>\r\n\t<a class=\"paoc-pro-popup-cust-5197 paoc-popup-click paoc-popup-simple_link  paoc-action-popup paoc-pro-popup-link\" href=\"javascript:void(0);\">mehr Infos<\/a>\r\n\r\n<\/li><\/ul>\n\n\n\n<ul class=\"wp-block-list\"><li><strong>Tanz der Geschlechter<\/strong><br>Marilyn Nova White<br>\r\n\t<a class=\"paoc-pro-popup-cust-5200 paoc-popup-click paoc-popup-simple_link  paoc-action-popup paoc-pro-popup-link\" href=\"javascript:void(0);\">mehr Infos<\/a>\r\n\r\n<\/li><\/ul>\n\n\n\n<ul class=\"wp-block-list\"><li><strong>Tango-Inspiration f\u00fcr Beziehung in Bewegung<\/strong><br>Jens Bodenberger und Katrin Stelzer<br>\r\n\t<a class=\"paoc-pro-popup-cust-5347 paoc-popup-click paoc-popup-simple_link  paoc-action-popup paoc-pro-popup-link\" href=\"javascript:void(0);\">mehr Infos<\/a>\r\n\r\n<\/li><li><strong>Von mir zu mir \u2026 von mir zu dir \u2026 von dir zu mir\u2026.<\/strong><br>Claude Roux Deslandes und Farida Gayrard&nbsp;<br>Assistenz: Mich\u00e8le Bonal&nbsp;<br>\r\n\t<a class=\"paoc-pro-popup-cust-5492 paoc-popup-click paoc-popup-simple_link  paoc-action-popup paoc-pro-popup-link\" href=\"javascript:void(0);\">mehr Infos<\/a>\r\n\r\n<\/li><\/ul>\n\n\n\n<p>17:30 &#8211; 18:30 Uhr<br>Pr\u00e4sentationen aus der Forschung<\/p>\n\n\n\n<p>19:30 &#8211; open end<br><strong>Gala-Abend<\/strong><br>Gemeinsames Nachtessen mit Spezial-Show<\/p>\n\n\n\n<h4 class=\"wp-block-heading\">Sonntag 24. April 21<\/h4>\n\n\n\n<p><strong>Treffen der Ausbildenden<\/strong><\/p>\n\n\n\n<h2 class=\"wp-block-heading\">Die Vortragenden und Expert:innen<\/h2>\n\n\n\n<p><strong>Mireille Baumgartner<\/strong><br>Klinische Sexologin iSi, zertifizierte Ausbildnerin Sexocorporel iSi, Supervisorin iSi<br>Zertifizierte EFT-Paartherapeutin <a href=\"https:\/\/iceeft.com\/\" target=\"_blank\" rel=\"noreferrer noopener\">ICEEFT<\/a><br>Erwachsenbildnerin<br><a href=\"https:\/\/www.sex-o-log.ch\/bio-mireille\/\" target=\"_blank\" rel=\"noreferrer noopener\">www.sex-o-log.ch<\/a><\/p>\n\n\n\n<p><strong>Jens Bodenberger<\/strong><br>Dipl. P\u00e4dagoge, Paar- und Sexualtherapeut (Hamburger Institut f\u00fcr Paarberatung, Sexualtherapie und Sexuelle Bildung &#8211; HIPS), Systemischer Berater, Sexualp\u00e4dagoge. Erforscht und tanzt seit 2003 die unterschiedlichen Stile des Tango Argentino und bietet Tango und ConTango Workshops an. Sexualit\u00e4t, Partnerschaft und Kommunikation als Tanz des Lebens kann am besten gelingen, wenn die Tanzenden sich ihrer Bed\u00fcrfnisse gewahr sind und auch f\u00fcr sich stehen k\u00f6nnen. Es ist wunderbar, Menschen darin zu unterst\u00fctzen, ihren eigenen Weg zu erforschen und sich zu trauen, diesen f\u00fcr sich und mit anderen gehen zu k\u00f6nnen.<br><a href=\"https:\/\/www.institut-paartherapie-sexualtherapie-hamburg.de\/team\/jens-bodenberger\/\" target=\"_blank\" rel=\"noreferrer noopener\">www.institut-paartherapie-sexualtherapie-hamburg.de<\/a><\/p>\n\n\n\n<p><strong>Berit Brockhausen<\/strong><br>Dipl.-Psych. Berit Brockhausen ist approbierte psychologische Psychotherapeutin u.a. mit einer Ausbildung in tiefenpsychologisch fundierter K\u00f6rpertherapie (nach George Downing). Sie arbeitet seit 1985 in der Paar- und Sexualberatung\/-therapie, seit 2007 arbeitet sie ausschlie\u00dflich mit Paaren. Sie ist Autorin mehrerer Ratgeber (u.a. \u201eGuter Sex geht anders\u201c, Humboldtverlag), Supervisorin der Deutschen Gesellschaft f\u00fcr Sexualforschung und Dozentin f\u00fcr Paartherapie (u.a. f\u00fcr die DGVT, f\u00fcr die sie ein Curriculum mit dem Schwerpunkt differenzierungsbasierte Paartherapie entwickelt hat).<br><a href=\"http:\/\/www.partnerschaftsberatung.de\">www.partnerschaftsberatung.de<\/a><\/p>\n\n\n\n<p><strong>Tara Christopeit<\/strong> <br>Tara Christopeit war seit 2011 die \u00dcbersetzerin von Dr. David Schnarch und wurde von ihm und seiner Frau Dr. Ruth Morehouse ausgebildet. Sie arbeitet als Paartherapeutin in Berlin und ist im <a href=\"https:\/\/crucible4points.com\/steering-committee\/\" target=\"_blank\" rel=\"noreferrer noopener\">Leitungskommittee des Crucible Institute<\/a>.&nbsp;&nbsp;<br><a href=\"http:\/\/www.tarachristopeit.com\" target=\"_blank\" rel=\"noreferrer noopener\">www.tarachristopeit.com<\/a><\/p>\n\n\n\n<p><strong>Angelika&nbsp;Eck<\/strong>&nbsp; <br>Dr. sc. hum.&nbsp;Systemische Paar- und Sexualtherapeutin, Sexologin (Sexocorporel Basisstufe) Buchautorin und Kolumnistin. Sie hat in Landau und Heidelberg Psychologie studiert und dort auch promoviert. Als Supervisorin und systemische Lehrtherapeutin (SG) ist sie in Heidelberg und andernorts t\u00e4tig. In Karlsruhe betreibt Angelika Eck eine Praxis f\u00fcr Paar- und Sexualtherapie.&nbsp; Sie ist Herausgeberin des 2016 erschienenen Buches \u00bbDer erotische Raum: Fragen der weiblichen Sexualit\u00e4t in der Therapie\u00ab. Ihr Buch \u201eLeben.Lieben.Arbeiten \u2013 sexuelle Fantasien in der Therapie\u201c erschien 2020. F\u00fcr ZEITmagazin ONLINE beantwortet sie in der Kolumne \u00bbSchlafzimmerblick\u00ab Fragen von Leserinnen und Leser, das 2021 als Buch erschien.&nbsp;<br><a href=\"http:\/\/www.angelikaeck.de\/\">www.angelikaeck.de<\/a>&nbsp;<\/p>\n\n\n\n<p><strong>Peter Gehrig<\/strong><br>Dr. med. FMH Psychiatrie und Psychotherapie<br>Ehrenmitglied, zertifizierter Ausbildner und Supervisor des iSi<br>Gr\u00fcndungsmitglied des Z\u00fcrcher Instituts f\u00fcr klinische Sexologie und Sexualtherapie ZISS<br>Sexualtherapeut, Paartherapeut, Psychotherapeut, forensischer Therapeut, Feldenkraislehrer, Sexoanalytiker (Institut International de Sexoanalyse, Montr\u00e9al)<br><a href=\"https:\/\/www.ziss.ch\/team\/peter-gehrig\/\" target=\"_blank\" rel=\"noreferrer noopener\">www.ziss.ch<\/a><\/p>\n\n\n\n<p><strong>Ben Kneub\u00fchler<\/strong><br>MSc, Psychologie FSP<br>Eidgen\u00f6ssisch anerkannter Psychotherapeut<br>Klinischer Sexologe iSi und zertifizierter Ausbildner Sexocorporel iSi<a href=\"https:\/\/www.sexocorporel.com\/fr\/\" target=\"_blank\" rel=\"noreferrer noopener\"><\/a><br>Zertifizierter EFT-Paartherapeut <a href=\"https:\/\/iceeft.com\/\" target=\"_blank\" rel=\"noreferrer noopener\">ICEEFT<\/a><br>Leiter des <a href=\"https:\/\/isp-zuerich.ch\/\" target=\"_blank\" rel=\"noreferrer noopener\">Instituts f\u00fcr Sexualp\u00e4dagogik und Sexualtherapie Z\u00fcrich ISP <\/a><br><a href=\"https:\/\/der-psychologe.ch\" target=\"_blank\" rel=\"noreferrer noopener\">der-psychologe.ch<\/a><\/p>\n\n\n\n<p><strong>Marilyn Nova White<\/strong> <br>Queere und multidisziplin\u00e4re Performance K\u00fcnstler_in in Berlin und vereint Tanz und Bewegung in seinen Facetten &#8211; kombiniert mit Drag Kinging, pleasure Aktivismus und Schauspiel. Ausgebildet ist Marilyn in der Theaterp\u00e4dagogik, tanzend, spielfreudig und erforschend bereits ein Leben lang &#8211; immer auf der Suche nach dem gewissen Etwas.<br><a href=\"http:\/\/www.marilynnovawhite.com\/\" target=\"_blank\" rel=\"noreferrer noopener\">www.MarilynNovaWhite.com<\/a><\/p>\n\n\n\n<p><strong>Claude Roux Deslandes<\/strong><br>\u00c4rztin f\u00fcr klinische Sexologie, Sexualtherapeutin, Referentin f\u00fcr Sexualerziehung (Kinder und Erwachsene)<br>Ehrenmitglied, zertifizierte Ausbildnerin und Supervisorin des iSi<br>Diplom der medizinischen Fakult\u00e4t von Toulouse (Universit\u00e4t Paul Sabatier)<br><a href=\"https:\/\/www.claude-roux-deslandes-sexologue.fr\" target=\"_blank\" rel=\"noreferrer noopener\">www.claude-roux-deslandes-sexologue.fr<\/a><\/p>\n\n\n\n<p><strong>Sybille Stahlberg <\/strong><br>Sybille Stahlberg hat einen Grundausbilung in Sozialp\u00e4dagogik ist<br>Systemtherapeutin Systemis und Klinische Sexologin ISI. Sie arbeitet seit 2013 als System- und Sexualtherapeutin in eigener Praxis in Bern. Vorher war sie 6 Jahre in Asien und Neuseland interkulturel t\u00e4gtig sowie 20 Jahre in der station\u00e4ren Suchttherapie (legale und illegal Substanzen). Sie ist Mitbegr\u00fcnderin vom Institut f\u00fcr Embodiment und Sexologie, Ausbildnerin Sexocorporel, Dozentin und Supervisorin <br><a href=\"https:\/\/www.sybillestahlberg.ch\/\" target=\"_blank\" rel=\"noreferrer noopener\">www.sybillestahlberg.ch<\/a><\/p>\n\n\n\n<p><strong>Katrin Stelzer<\/strong><br>Dipl. P\u00e4dagogin, Supervisorin, Referentin in der Erwachsenenbildung (Soziale Kompetenz). Lehrerin f\u00fcr Tanzimprovisation und K\u00f6rpersymbolik. Tanzt seit 2007 leidenschaftlich Tango Argentino und erg\u00e4nzt diesen von Anfang an intuitiv und sp\u00e4ter fundierter durch Improvisationselemente. Seit 2012 leitet sie freien Tanz und bietet Tango- und ConTango-Workshops an. Ihr besonderes Interesse liegt darin, durch lebendige und achtsame Tanzr\u00e4ume das Selbst-Bewusstsein zu vertiefen, Lebensthemen zu bewegen und Kontaktgestaltungsm\u00f6glichkeiten zu erweitern.<\/p>\n\n\n\n<p><strong>Michael Sztenc<\/strong><br>Seit \u00fcber 20 Jahren Paar- und Sexualtherapeut in eigener Praxis. Sexualp\u00e4dagogik und T\u00e4tertherapie f\u00fcr die pro familia in Saarbr\u00fccken. 2009 vom Sexocorporel infiziert und immer noch \u00fcberzeugt. Mitgr\u00fcnder des <a href=\"https:\/\/institut-fuer-embodiment-und-sexologie.de\/\" target=\"_blank\" rel=\"noreferrer noopener\">Instituts f\u00fcr Embodiment und Sexologie<\/a>. Autor von \u00abKlappt\u2019s? Vom Leistungssex zum Liebesspiel\u00bb und \u00abEmbodimentorientierte Sexualtherapie\u00bb.<br><a href=\"https:\/\/www.paartherapie-sb.de\/\" target=\"_blank\" rel=\"noreferrer noopener\">www.sztenc.de<\/a>, <a href=\"https:\/\/klappts.online\/\" target=\"_blank\" rel=\"noreferrer noopener\">www.klappts.online<\/a><\/p>\n\n\n\n<div style=\"height:20px\" aria-hidden=\"true\" class=\"wp-block-spacer\"><\/div>\n","protected":false},"excerpt":{"rendered":"<p>\u00abBeziehungstanz\u00bb 15. Fachtagung des institut Sexocorporel international, 21.\u201324. April 2022, Berlin Tanz ist Bewegung. Verk\u00f6rperung. Das Modell der sexuellen Gesundheit nach Jean-Yves Desjardins besteht aus vier Hauptkomponenten, die wechselseitig miteinander in Verbindung stehen: K\u00f6rper, Erleben, Kognitionen und Beziehung. Die Wechselwirkungen zwischen den Komponenten betrachten wir als Tanz \u2013&nbsp;als Beziehungstanz. Sexualit\u00e4t entwickelt sich in Beziehungen zur [&hellip;]<\/p>\n","protected":false},"author":85,"featured_media":0,"parent":5753,"menu_order":2,"comment_status":"closed","ping_status":"closed","template":"","meta":{"footnotes":""},"class_list":["post-4419","page","type-page","status-publish","hentry"],"featured_image_src":null,"yoast_head":"<!-- This site is optimized with the Yoast SEO plugin v26.8 - https:\/\/yoast.com\/product\/yoast-seo-wordpress\/ -->\n<title>iSi-Kongress 2022 - Institut Sexocorporel International<\/title>\n<meta name=\"description\" content=\"iSi Kongress 2022, Berlin, 21.-24.4.22, Thema &quot;Beziehungstanz&quot;\" \/>\n<meta name=\"robots\" content=\"index, follow, max-snippet:-1, max-image-preview:large, max-video-preview:-1\" \/>\n<link rel=\"canonical\" href=\"https:\/\/sexocorporel.com\/de\/isi-kongress\/isi-kongress-2022\/\" \/>\n<meta property=\"og:locale\" content=\"de_DE\" \/>\n<meta property=\"og:type\" content=\"article\" \/>\n<meta property=\"og:title\" content=\"iSi-Kongress 2022 - Institut Sexocorporel International\" \/>\n<meta property=\"og:description\" content=\"iSi Kongress 2022, Berlin, 21.-24.4.22, Thema &quot;Beziehungstanz&quot;\" \/>\n<meta property=\"og:url\" content=\"https:\/\/sexocorporel.com\/de\/isi-kongress\/isi-kongress-2022\/\" \/>\n<meta property=\"og:site_name\" content=\"Institut Sexocorporel International\" \/>\n<meta property=\"article:modified_time\" content=\"2022-06-10T10:08:39+00:00\" \/>\n<meta property=\"og:image\" content=\"https:\/\/sexocorporel.com\/wp-content\/uploads\/2021\/11\/congress-2.jpg\" \/>\n<meta name=\"twitter:card\" content=\"summary_large_image\" \/>\n<meta name=\"twitter:label1\" content=\"Gesch\u00e4tzte Lesezeit\" \/>\n\t<meta name=\"twitter:data1\" content=\"5\u00a0Minuten\" \/>\n<script type=\"application\/ld+json\" class=\"yoast-schema-graph\">{\"@context\":\"https:\/\/schema.org\",\"@graph\":[{\"@type\":\"WebPage\",\"@id\":\"https:\/\/sexocorporel.com\/de\/isi-kongress\/isi-kongress-2022\/\",\"url\":\"https:\/\/sexocorporel.com\/de\/isi-kongress\/isi-kongress-2022\/\",\"name\":\"iSi-Kongress 2022 - Institut Sexocorporel International\",\"isPartOf\":{\"@id\":\"https:\/\/sexocorporel.com\/de\/#website\"},\"primaryImageOfPage\":{\"@id\":\"https:\/\/sexocorporel.com\/de\/isi-kongress\/isi-kongress-2022\/#primaryimage\"},\"image\":{\"@id\":\"https:\/\/sexocorporel.com\/de\/isi-kongress\/isi-kongress-2022\/#primaryimage\"},\"thumbnailUrl\":\"https:\/\/sexocorporel.com\/wp-content\/uploads\/2021\/11\/congress-2.jpg\",\"datePublished\":\"2021-11-14T10:22:00+00:00\",\"dateModified\":\"2022-06-10T10:08:39+00:00\",\"description\":\"iSi Kongress 2022, Berlin, 21.-24.4.22, Thema \\\"Beziehungstanz\\\"\",\"breadcrumb\":{\"@id\":\"https:\/\/sexocorporel.com\/de\/isi-kongress\/isi-kongress-2022\/#breadcrumb\"},\"inLanguage\":\"de\",\"potentialAction\":[{\"@type\":\"ReadAction\",\"target\":[\"https:\/\/sexocorporel.com\/de\/isi-kongress\/isi-kongress-2022\/\"]}]},{\"@type\":\"ImageObject\",\"inLanguage\":\"de\",\"@id\":\"https:\/\/sexocorporel.com\/de\/isi-kongress\/isi-kongress-2022\/#primaryimage\",\"url\":\"https:\/\/sexocorporel.com\/wp-content\/uploads\/2021\/11\/congress-2.jpg\",\"contentUrl\":\"https:\/\/sexocorporel.com\/wp-content\/uploads\/2021\/11\/congress-2.jpg\"},{\"@type\":\"BreadcrumbList\",\"@id\":\"https:\/\/sexocorporel.com\/de\/isi-kongress\/isi-kongress-2022\/#breadcrumb\",\"itemListElement\":[{\"@type\":\"ListItem\",\"position\":1,\"name\":\"Startseite\",\"item\":\"https:\/\/sexocorporel.com\/de\/\"},{\"@type\":\"ListItem\",\"position\":2,\"name\":\"iSi-Kongress\",\"item\":\"https:\/\/sexocorporel.com\/de\/isi-kongress\/\"},{\"@type\":\"ListItem\",\"position\":3,\"name\":\"iSi-Kongress 2022\"}]},{\"@type\":\"WebSite\",\"@id\":\"https:\/\/sexocorporel.com\/de\/#website\",\"url\":\"https:\/\/sexocorporel.com\/de\/\",\"name\":\"Institut Sexocorporel International\",\"description\":\"Jean-Yves Desjardins\",\"publisher\":{\"@id\":\"https:\/\/sexocorporel.com\/de\/#organization\"},\"potentialAction\":[{\"@type\":\"SearchAction\",\"target\":{\"@type\":\"EntryPoint\",\"urlTemplate\":\"https:\/\/sexocorporel.com\/de\/?s={search_term_string}\"},\"query-input\":{\"@type\":\"PropertyValueSpecification\",\"valueRequired\":true,\"valueName\":\"search_term_string\"}}],\"inLanguage\":\"de\"},{\"@type\":\"Organization\",\"@id\":\"https:\/\/sexocorporel.com\/de\/#organization\",\"name\":\"Institut Sexocorporel International\",\"url\":\"https:\/\/sexocorporel.com\/de\/\",\"logo\":{\"@type\":\"ImageObject\",\"inLanguage\":\"de\",\"@id\":\"https:\/\/sexocorporel.com\/de\/#\/schema\/logo\/image\/\",\"url\":\"https:\/\/sexocorporel.com\/wp-content\/uploads\/2020\/07\/cropped-629e6a99-4d9e-421b-b20e-8b428f763559-e1595527047446.jpg\",\"contentUrl\":\"https:\/\/sexocorporel.com\/wp-content\/uploads\/2020\/07\/cropped-629e6a99-4d9e-421b-b20e-8b428f763559-e1595527047446.jpg\",\"width\":895,\"height\":270,\"caption\":\"Institut Sexocorporel International\"},\"image\":{\"@id\":\"https:\/\/sexocorporel.com\/de\/#\/schema\/logo\/image\/\"}}]}<\/script>\n<!-- \/ Yoast SEO plugin. -->","yoast_head_json":{"title":"iSi-Kongress 2022 - Institut Sexocorporel International","description":"iSi Kongress 2022, Berlin, 21.-24.4.22, Thema \"Beziehungstanz\"","robots":{"index":"index","follow":"follow","max-snippet":"max-snippet:-1","max-image-preview":"max-image-preview:large","max-video-preview":"max-video-preview:-1"},"canonical":"https:\/\/sexocorporel.com\/de\/isi-kongress\/isi-kongress-2022\/","og_locale":"de_DE","og_type":"article","og_title":"iSi-Kongress 2022 - Institut Sexocorporel International","og_description":"iSi Kongress 2022, Berlin, 21.-24.4.22, Thema \"Beziehungstanz\"","og_url":"https:\/\/sexocorporel.com\/de\/isi-kongress\/isi-kongress-2022\/","og_site_name":"Institut Sexocorporel International","article_modified_time":"2022-06-10T10:08:39+00:00","og_image":[{"url":"https:\/\/sexocorporel.com\/wp-content\/uploads\/2021\/11\/congress-2.jpg","type":"","width":"","height":""}],"twitter_card":"summary_large_image","twitter_misc":{"Gesch\u00e4tzte Lesezeit":"5\u00a0Minuten"},"schema":{"@context":"https:\/\/schema.org","@graph":[{"@type":"WebPage","@id":"https:\/\/sexocorporel.com\/de\/isi-kongress\/isi-kongress-2022\/","url":"https:\/\/sexocorporel.com\/de\/isi-kongress\/isi-kongress-2022\/","name":"iSi-Kongress 2022 - Institut Sexocorporel International","isPartOf":{"@id":"https:\/\/sexocorporel.com\/de\/#website"},"primaryImageOfPage":{"@id":"https:\/\/sexocorporel.com\/de\/isi-kongress\/isi-kongress-2022\/#primaryimage"},"image":{"@id":"https:\/\/sexocorporel.com\/de\/isi-kongress\/isi-kongress-2022\/#primaryimage"},"thumbnailUrl":"https:\/\/sexocorporel.com\/wp-content\/uploads\/2021\/11\/congress-2.jpg","datePublished":"2021-11-14T10:22:00+00:00","dateModified":"2022-06-10T10:08:39+00:00","description":"iSi Kongress 2022, Berlin, 21.-24.4.22, Thema \"Beziehungstanz\"","breadcrumb":{"@id":"https:\/\/sexocorporel.com\/de\/isi-kongress\/isi-kongress-2022\/#breadcrumb"},"inLanguage":"de","potentialAction":[{"@type":"ReadAction","target":["https:\/\/sexocorporel.com\/de\/isi-kongress\/isi-kongress-2022\/"]}]},{"@type":"ImageObject","inLanguage":"de","@id":"https:\/\/sexocorporel.com\/de\/isi-kongress\/isi-kongress-2022\/#primaryimage","url":"https:\/\/sexocorporel.com\/wp-content\/uploads\/2021\/11\/congress-2.jpg","contentUrl":"https:\/\/sexocorporel.com\/wp-content\/uploads\/2021\/11\/congress-2.jpg"},{"@type":"BreadcrumbList","@id":"https:\/\/sexocorporel.com\/de\/isi-kongress\/isi-kongress-2022\/#breadcrumb","itemListElement":[{"@type":"ListItem","position":1,"name":"Startseite","item":"https:\/\/sexocorporel.com\/de\/"},{"@type":"ListItem","position":2,"name":"iSi-Kongress","item":"https:\/\/sexocorporel.com\/de\/isi-kongress\/"},{"@type":"ListItem","position":3,"name":"iSi-Kongress 2022"}]},{"@type":"WebSite","@id":"https:\/\/sexocorporel.com\/de\/#website","url":"https:\/\/sexocorporel.com\/de\/","name":"Institut Sexocorporel International","description":"Jean-Yves Desjardins","publisher":{"@id":"https:\/\/sexocorporel.com\/de\/#organization"},"potentialAction":[{"@type":"SearchAction","target":{"@type":"EntryPoint","urlTemplate":"https:\/\/sexocorporel.com\/de\/?s={search_term_string}"},"query-input":{"@type":"PropertyValueSpecification","valueRequired":true,"valueName":"search_term_string"}}],"inLanguage":"de"},{"@type":"Organization","@id":"https:\/\/sexocorporel.com\/de\/#organization","name":"Institut Sexocorporel International","url":"https:\/\/sexocorporel.com\/de\/","logo":{"@type":"ImageObject","inLanguage":"de","@id":"https:\/\/sexocorporel.com\/de\/#\/schema\/logo\/image\/","url":"https:\/\/sexocorporel.com\/wp-content\/uploads\/2020\/07\/cropped-629e6a99-4d9e-421b-b20e-8b428f763559-e1595527047446.jpg","contentUrl":"https:\/\/sexocorporel.com\/wp-content\/uploads\/2020\/07\/cropped-629e6a99-4d9e-421b-b20e-8b428f763559-e1595527047446.jpg","width":895,"height":270,"caption":"Institut Sexocorporel International"},"image":{"@id":"https:\/\/sexocorporel.com\/de\/#\/schema\/logo\/image\/"}}]}},"_links":{"self":[{"href":"https:\/\/sexocorporel.com\/de\/wp-json\/wp\/v2\/pages\/4419","targetHints":{"allow":["GET"]}}],"collection":[{"href":"https:\/\/sexocorporel.com\/de\/wp-json\/wp\/v2\/pages"}],"about":[{"href":"https:\/\/sexocorporel.com\/de\/wp-json\/wp\/v2\/types\/page"}],"author":[{"embeddable":true,"href":"https:\/\/sexocorporel.com\/de\/wp-json\/wp\/v2\/users\/85"}],"replies":[{"embeddable":true,"href":"https:\/\/sexocorporel.com\/de\/wp-json\/wp\/v2\/comments?post=4419"}],"version-history":[{"count":10,"href":"https:\/\/sexocorporel.com\/de\/wp-json\/wp\/v2\/pages\/4419\/revisions"}],"predecessor-version":[{"id":7718,"href":"https:\/\/sexocorporel.com\/de\/wp-json\/wp\/v2\/pages\/4419\/revisions\/7718"}],"up":[{"embeddable":true,"href":"https:\/\/sexocorporel.com\/de\/wp-json\/wp\/v2\/pages\/5753"}],"wp:attachment":[{"href":"https:\/\/sexocorporel.com\/de\/wp-json\/wp\/v2\/media?parent=4419"}],"curies":[{"name":"wp","href":"https:\/\/api.w.org\/{rel}","templated":true}]}}