{"id":351,"date":"2020-07-01T23:27:39","date_gmt":"2020-07-01T21:27:39","guid":{"rendered":"https:\/\/sexocorporel.com\/?page_id=351"},"modified":"2025-10-24T15:43:45","modified_gmt":"2025-10-24T13:43:45","slug":"vorstand-isi","status":"publish","type":"page","link":"https:\/\/sexocorporel.com\/de\/institut-isi\/vorstand-isi\/","title":{"rendered":"Vorstand iSi"},"content":{"rendered":"\n<div class=\"wp-block-columns border-red center-txt is-layout-flex wp-container-core-columns-is-layout-9d6595d7 wp-block-columns-is-layout-flex\">\n<div class=\"wp-block-column is-vertically-aligned-center is-layout-flow wp-block-column-is-layout-flow\"><div class=\"wp-block-image is-style-rounded\">\n<figure class=\"aligncenter size-full is-resized\"><img loading=\"lazy\" decoding=\"async\" src=\"https:\/\/sexocorporel.com\/wp-content\/uploads\/2025\/10\/image-e1761311550186.jpeg\" alt=\"\" class=\"wp-image-7765\" width=\"220\" height=\"220\" srcset=\"https:\/\/sexocorporel.com\/wp-content\/uploads\/2025\/10\/image-e1761311550186.jpeg 216w, https:\/\/sexocorporel.com\/wp-content\/uploads\/2025\/10\/image-e1761311550186-150x150.jpeg 150w, https:\/\/sexocorporel.com\/wp-content\/uploads\/2025\/10\/image-e1761311550186-170x170.jpeg 170w\" sizes=\"auto, (max-width: 220px) 100vw, 220px\" \/><\/figure>\n<\/div><\/div>\n\n\n\n<div class=\"wp-block-column is-layout-flow wp-block-column-is-layout-flow\">\n<h3 class=\"wp-block-heading red\">Pr\u00e4sidentin<\/h3>\n\n\n\n<p>Sybille Stahlberg<br>Bern, Schweiz<\/p>\n\n\n\n<p>Kontaktperson f\u00fcr Fachtagungen und Kongresse iSi<br>Paar- und Sexualtherapeutin, Klinische Sexologin iSi<\/p>\n\n\n\n<p>Hirschengraben 10, 3011 Bern, Schweiz<\/p>\n\n\n\n<p>Telefon: +41 79 3013683<\/p>\n\n\n\n<p><a href=\"mailto:s.stahlberg@sexocorporel.com\">s.stahlberg(at)sexocorporel.com<\/a><br><a href=\"https:\/\/sybillestahlberg.ch\/\" target=\"_blank\" rel=\"noreferrer noopener\">sybillestahlberg.ch<\/a><\/p>\n<\/div>\n<\/div>\n\n\n\n<div class=\"wp-block-columns border-blue center-txt is-layout-flex wp-container-core-columns-is-layout-9d6595d7 wp-block-columns-is-layout-flex\">\n<div class=\"wp-block-column is-vertically-aligned-center is-layout-flow wp-block-column-is-layout-flow\"><div class=\"wp-block-image is-style-rounded\">\n<figure class=\"aligncenter size-large is-resized\"><img loading=\"lazy\" decoding=\"async\" src=\"https:\/\/sexocorporel.com\/wp-content\/uploads\/2020\/07\/ben_kneubu\u0308hler.jpg\" alt=\"Ben Kneub\u00fchler\" width=\"220\" height=\"220\"\/><\/figure>\n<\/div><\/div>\n\n\n\n<div class=\"wp-block-column is-layout-flow wp-block-column-is-layout-flow\">\n<h3 class=\"wp-block-heading blue\">Vize-Pr\u00e4sident<\/h3>\n\n\n\n<p>Ben Kneub\u00fchler<br>Z\u00fcrich, Schweiz<br>Psychotherapeut, Klinischer Sexologe iSi<\/p>\n\n\n\n<p>Grossm\u00fcnsterplatz 6, 8001 Z\u00fcrich<\/p>\n\n\n\n<p><a href=\"mailto:mail@der-psychologe.ch\">mail(at)der-psychologe.ch<\/a><br><a href=\"https:\/\/der-psychologe.ch\/\" target=\"_blank\" rel=\"noreferrer noopener\">der-psychologe.ch<\/a><\/p>\n<\/div>\n<\/div>\n\n\n\n<div class=\"wp-block-columns border-red center-txt is-layout-flex wp-container-core-columns-is-layout-9d6595d7 wp-block-columns-is-layout-flex\">\n<div class=\"wp-block-column is-vertically-aligned-center is-layout-flow wp-block-column-is-layout-flow\"><div class=\"wp-block-image is-style-rounded\">\n<figure class=\"aligncenter size-large is-resized\"><img loading=\"lazy\" decoding=\"async\" src=\"https:\/\/sexocorporel.com\/wp-content\/uploads\/2023\/07\/Wispo-Foto-scaled-e1761311658747-1024x1024.jpg\" alt=\"\" class=\"wp-image-6609\" width=\"220\" height=\"220\" srcset=\"https:\/\/sexocorporel.com\/wp-content\/uploads\/2023\/07\/Wispo-Foto-scaled-e1761311658747-1024x1024.jpg 1024w, https:\/\/sexocorporel.com\/wp-content\/uploads\/2023\/07\/Wispo-Foto-scaled-e1761311658747-300x300.jpg 300w, https:\/\/sexocorporel.com\/wp-content\/uploads\/2023\/07\/Wispo-Foto-scaled-e1761311658747-150x150.jpg 150w, https:\/\/sexocorporel.com\/wp-content\/uploads\/2023\/07\/Wispo-Foto-scaled-e1761311658747-768x768.jpg 768w, https:\/\/sexocorporel.com\/wp-content\/uploads\/2023\/07\/Wispo-Foto-scaled-e1761311658747-170x170.jpg 170w, https:\/\/sexocorporel.com\/wp-content\/uploads\/2023\/07\/Wispo-Foto-scaled-e1761311658747-400x400.jpg 400w, https:\/\/sexocorporel.com\/wp-content\/uploads\/2023\/07\/Wispo-Foto-scaled-e1761311658747-1536x1536.jpg 1536w, https:\/\/sexocorporel.com\/wp-content\/uploads\/2023\/07\/Wispo-Foto-scaled-e1761311658747-250x250.jpg 250w, https:\/\/sexocorporel.com\/wp-content\/uploads\/2023\/07\/Wispo-Foto-scaled-e1761311658747-1200x1200.jpg 1200w, https:\/\/sexocorporel.com\/wp-content\/uploads\/2023\/07\/Wispo-Foto-scaled-e1761311658747.jpg 1702w\" sizes=\"auto, (max-width: 220px) 100vw, 220px\" \/><\/figure>\n<\/div><\/div>\n\n\n\n<div class=\"wp-block-column is-layout-flow wp-block-column-is-layout-flow\">\n<h3 class=\"wp-block-heading red\">Gesch\u00e4ftsf\u00fchrerin<\/h3>\n\n\n\n<p>Kathy Muss\u00e4us<br>Schwerin, Deutschland<br>Klinische Sexologin iSi, Paar-und Sexualtherapeutin<\/p>\n\n\n\n<p>K\u00f6rnerstrasse 5, 19055 Schwerin<br>Telefon: +49 385 55582740<\/p>\n\n\n\n<p><a href=\"mailto:km@lustvoll-leben-schwerin.de\">km(at)lustvoll-leben-schwerin.de<\/a><br><a href=\"https:\/\/www.lustvoll-leben-schwerin.de\" target=\"_blank\" rel=\"noreferrer noopener\">lustvoll-leben-schwerin.de<\/a><\/p>\n<\/div>\n<\/div>\n\n\n\n<div class=\"wp-block-columns border-blue center-txt is-layout-flex wp-container-core-columns-is-layout-9d6595d7 wp-block-columns-is-layout-flex\">\n<div class=\"wp-block-column is-vertically-aligned-center is-layout-flow wp-block-column-is-layout-flow\"><div class=\"wp-block-image is-style-rounded\">\n<figure class=\"aligncenter size-large is-resized\"><img loading=\"lazy\" decoding=\"async\" src=\"https:\/\/sexocorporel.com\/wp-content\/uploads\/2021\/04\/Annette-150x150.jpg\" alt=\"Annette Bischof-Campbell\" width=\"220\" height=\"220\"\/><\/figure>\n<\/div><\/div>\n\n\n\n<div class=\"wp-block-column is-layout-flow wp-block-column-is-layout-flow\">\n<h3 class=\"wp-block-heading blue\">Schatzmeisterin<\/h3>\n\n\n\n<p>Annette Bischof-Campbell<br>Z\u00fcrich, Schweiz<br>Psychotherapeutin, Klinische Sexologin iSi<\/p>\n\n\n\n<p>ZISS, Minervastrasse 99, 8032 Z\u00fcrich<\/p>\n\n\n\n<p><a href=\"mailto:a.bischof-campbell@sexocorporel.com\">a.bischof-campbell(at)sexocorporel.com<\/a><br><a href=\"https:\/\/www.ziss.ch\/\" target=\"_blank\" rel=\"noreferrer noopener\">ziss.ch<\/a><\/p>\n<\/div>\n<\/div>\n\n\n\n<div class=\"wp-block-columns border-red center-txt is-layout-flex wp-container-core-columns-is-layout-9d6595d7 wp-block-columns-is-layout-flex\">\n<div class=\"wp-block-column is-vertically-aligned-center is-layout-flow wp-block-column-is-layout-flow\"><div class=\"wp-block-image is-style-rounded\">\n<figure class=\"aligncenter size-large is-resized\"><img loading=\"lazy\" decoding=\"async\" src=\"https:\/\/sexocorporel.com\/wp-content\/uploads\/2023\/07\/Juergen-Ackermann-e1746798685983.jpg\" alt=\"J\u00fcrgen Ackermann\" width=\"220\" height=\"220\"\/><\/figure>\n<\/div><\/div>\n\n\n\n<div class=\"wp-block-column is-layout-flow wp-block-column-is-layout-flow\">\n<h3 class=\"wp-block-heading red\">Vorstandsmitglied<\/h3>\n\n\n\n<p>Dr. J\u00fcrgen Ackermann<br>Coach<\/p>\n\n\n\n<p><a href=\"mailto:j.ackermann@sexocorporel.com\">j.ackermann(at)sexocorporel.com<\/a><\/p>\n<\/div>\n<\/div>\n\n\n\n<div class=\"wp-block-columns border-blue center-txt is-layout-flex wp-container-core-columns-is-layout-9d6595d7 wp-block-columns-is-layout-flex\">\n<div class=\"wp-block-column is-vertically-aligned-center is-layout-flow wp-block-column-is-layout-flow\"><div class=\"wp-block-image is-style-rounded\">\n<figure class=\"aligncenter size-large is-resized\"><img loading=\"lazy\" decoding=\"async\" src=\"https:\/\/sexocorporel.com\/wp-content\/uploads\/2023\/08\/Baluu.jpg\" alt=\"Baluu Lehmann\" width=\"220\" height=\"220\"\/><\/figure>\n<\/div><\/div>\n\n\n\n<div class=\"wp-block-column is-layout-flow wp-block-column-is-layout-flow\">\n<h3 class=\"wp-block-heading blue\">Vorstandsmitglied<\/h3>\n\n\n\n<p>Baluu Lehmann<br>Z\u00fcrich, Schweiz<br>Sexual- und Beziehungstherapeut<\/p>\n\n\n\n<p>Milit\u00e4rstrasse 76, 8004 Z\u00fcrich<\/p>\n\n\n\n<p><a href=\"mailto:b.lehmann@sexocorporel.com\">b.lehmann(at)sexocorporel.com<\/a><br><a href=\"http:\/\/www.baluulehmann.ch\" target=\"_blank\" rel=\"noreferrer noopener\">baluulehmann.ch<\/a><\/p>\n<\/div>\n<\/div>\n\n\n\n<div class=\"wp-block-columns border-red center-txt is-layout-flex wp-container-core-columns-is-layout-9d6595d7 wp-block-columns-is-layout-flex\">\n<div class=\"wp-block-column is-vertically-aligned-center is-layout-flow wp-block-column-is-layout-flow\"><div class=\"wp-block-image is-style-rounded\">\n<figure class=\"aligncenter size-large is-resized\"><img loading=\"lazy\" decoding=\"async\" src=\"https:\/\/sexocorporel.com\/wp-content\/uploads\/2025\/10\/Foto-Chiara-August-2021-e1761311827190-edited-1.jpg\" alt=\"\" class=\"wp-image-7776\" width=\"220\" height=\"222\"\/><\/figure>\n<\/div><\/div>\n\n\n\n<div class=\"wp-block-column is-layout-flow wp-block-column-is-layout-flow\">\n<h3 class=\"wp-block-heading red\">Vorstandsmitglied<\/h3>\n\n\n\n<p>Chiara Marti<br>Bern, Schweiz<br>MSc Nursing Science<br>Klinische Sexologin iSi<\/p>\n\n\n\n<p>3005 Bern, CH<\/p>\n\n\n\n<p><a href=\"mailto:chiara.marti@insel.ch\">chiara.marti@insel.ch<\/a><br><a href=\"http:\/\/www.klinische-sexologie.ch\/\" target=\"_blank\" rel=\"noreferrer noopener\">klinische-sexologie.ch<\/a><\/p>\n<\/div>\n<\/div>\n","protected":false},"excerpt":{"rendered":"<p>Pr\u00e4sidentin Sybille StahlbergBern, Schweiz Kontaktperson f\u00fcr Fachtagungen und Kongresse iSiPaar- und Sexualtherapeutin, Klinische Sexologin iSi Hirschengraben 10, 3011 Bern, Schweiz Telefon: +41 79 3013683 s.stahlberg(at)sexocorporel.comsybillestahlberg.ch Vize-Pr\u00e4sident Ben Kneub\u00fchlerZ\u00fcrich, SchweizPsychotherapeut, Klinischer Sexologe iSi Grossm\u00fcnsterplatz 6, 8001 Z\u00fcrich mail(at)der-psychologe.chder-psychologe.ch Gesch\u00e4ftsf\u00fchrerin Kathy Muss\u00e4usSchwerin, DeutschlandKlinische Sexologin iSi, Paar-und Sexualtherapeutin K\u00f6rnerstrasse 5, 19055 SchwerinTelefon: +49 385 55582740 km(at)lustvoll-leben-schwerin.delustvoll-leben-schwerin.de Schatzmeisterin Annette [&hellip;]<\/p>\n","protected":false},"author":1,"featured_media":0,"parent":18,"menu_order":72,"comment_status":"closed","ping_status":"closed","template":"","meta":{"footnotes":""},"class_list":["post-351","page","type-page","status-publish","hentry"],"featured_image_src":null,"yoast_head":"<!-- This site is optimized with the Yoast SEO plugin v26.8 - https:\/\/yoast.com\/product\/yoast-seo-wordpress\/ -->\n<title>Vorstand des Institut Sexocorporel International - iSi<\/title>\n<meta name=\"description\" content=\"Finden Sie den Vorstand des Institut Sexocorporel International, das f\u00fchrende Modell in der Sexologie und Sexualtherapie von Professor Dr. Jean Yves Desjardins\" \/>\n<meta name=\"robots\" content=\"index, follow, max-snippet:-1, max-image-preview:large, max-video-preview:-1\" \/>\n<link rel=\"canonical\" href=\"https:\/\/sexocorporel.com\/de\/institut-isi\/vorstand-isi\/\" \/>\n<meta property=\"og:locale\" content=\"de_DE\" \/>\n<meta property=\"og:type\" content=\"article\" \/>\n<meta property=\"og:title\" content=\"Vorstand des Institut Sexocorporel International - iSi\" \/>\n<meta property=\"og:description\" content=\"Finden Sie den Vorstand des Institut Sexocorporel International, das f\u00fchrende Modell in der Sexologie und Sexualtherapie von Professor Dr. Jean Yves Desjardins\" \/>\n<meta property=\"og:url\" content=\"https:\/\/sexocorporel.com\/de\/institut-isi\/vorstand-isi\/\" \/>\n<meta property=\"og:site_name\" content=\"Institut Sexocorporel International\" \/>\n<meta property=\"article:modified_time\" content=\"2025-10-24T13:43:45+00:00\" \/>\n<meta property=\"og:image\" content=\"https:\/\/sexocorporel.com\/wp-content\/uploads\/2025\/10\/image-e1761311550186.jpeg\" \/>\n<meta name=\"twitter:card\" content=\"summary_large_image\" \/>\n<meta name=\"twitter:label1\" content=\"Gesch\u00e4tzte Lesezeit\" \/>\n\t<meta name=\"twitter:data1\" content=\"3\u00a0Minuten\" \/>\n<script type=\"application\/ld+json\" class=\"yoast-schema-graph\">{\"@context\":\"https:\/\/schema.org\",\"@graph\":[{\"@type\":\"WebPage\",\"@id\":\"https:\/\/sexocorporel.com\/de\/institut-isi\/vorstand-isi\/\",\"url\":\"https:\/\/sexocorporel.com\/de\/institut-isi\/vorstand-isi\/\",\"name\":\"Vorstand des Institut Sexocorporel International - iSi\",\"isPartOf\":{\"@id\":\"https:\/\/sexocorporel.com\/de\/#website\"},\"primaryImageOfPage\":{\"@id\":\"https:\/\/sexocorporel.com\/de\/institut-isi\/vorstand-isi\/#primaryimage\"},\"image\":{\"@id\":\"https:\/\/sexocorporel.com\/de\/institut-isi\/vorstand-isi\/#primaryimage\"},\"thumbnailUrl\":\"https:\/\/sexocorporel.com\/wp-content\/uploads\/2025\/10\/image-e1761311550186.jpeg\",\"datePublished\":\"2020-07-01T21:27:39+00:00\",\"dateModified\":\"2025-10-24T13:43:45+00:00\",\"description\":\"Finden Sie den Vorstand des Institut Sexocorporel International, das f\u00fchrende Modell in der Sexologie und Sexualtherapie von Professor Dr. Jean Yves Desjardins\",\"breadcrumb\":{\"@id\":\"https:\/\/sexocorporel.com\/de\/institut-isi\/vorstand-isi\/#breadcrumb\"},\"inLanguage\":\"de\",\"potentialAction\":[{\"@type\":\"ReadAction\",\"target\":[\"https:\/\/sexocorporel.com\/de\/institut-isi\/vorstand-isi\/\"]}]},{\"@type\":\"ImageObject\",\"inLanguage\":\"de\",\"@id\":\"https:\/\/sexocorporel.com\/de\/institut-isi\/vorstand-isi\/#primaryimage\",\"url\":\"https:\/\/sexocorporel.com\/wp-content\/uploads\/2025\/10\/image-e1761311550186.jpeg\",\"contentUrl\":\"https:\/\/sexocorporel.com\/wp-content\/uploads\/2025\/10\/image-e1761311550186.jpeg\"},{\"@type\":\"BreadcrumbList\",\"@id\":\"https:\/\/sexocorporel.com\/de\/institut-isi\/vorstand-isi\/#breadcrumb\",\"itemListElement\":[{\"@type\":\"ListItem\",\"position\":1,\"name\":\"Startseite\",\"item\":\"https:\/\/sexocorporel.com\/de\/\"},{\"@type\":\"ListItem\",\"position\":2,\"name\":\"Institut\",\"item\":\"https:\/\/sexocorporel.com\/de\/institut-isi\/\"},{\"@type\":\"ListItem\",\"position\":3,\"name\":\"Vorstand iSi\"}]},{\"@type\":\"WebSite\",\"@id\":\"https:\/\/sexocorporel.com\/de\/#website\",\"url\":\"https:\/\/sexocorporel.com\/de\/\",\"name\":\"Institut Sexocorporel International\",\"description\":\"Jean-Yves Desjardins\",\"publisher\":{\"@id\":\"https:\/\/sexocorporel.com\/de\/#organization\"},\"potentialAction\":[{\"@type\":\"SearchAction\",\"target\":{\"@type\":\"EntryPoint\",\"urlTemplate\":\"https:\/\/sexocorporel.com\/de\/?s={search_term_string}\"},\"query-input\":{\"@type\":\"PropertyValueSpecification\",\"valueRequired\":true,\"valueName\":\"search_term_string\"}}],\"inLanguage\":\"de\"},{\"@type\":\"Organization\",\"@id\":\"https:\/\/sexocorporel.com\/de\/#organization\",\"name\":\"Institut Sexocorporel International\",\"url\":\"https:\/\/sexocorporel.com\/de\/\",\"logo\":{\"@type\":\"ImageObject\",\"inLanguage\":\"de\",\"@id\":\"https:\/\/sexocorporel.com\/de\/#\/schema\/logo\/image\/\",\"url\":\"https:\/\/sexocorporel.com\/wp-content\/uploads\/2020\/07\/cropped-629e6a99-4d9e-421b-b20e-8b428f763559-e1595527047446.jpg\",\"contentUrl\":\"https:\/\/sexocorporel.com\/wp-content\/uploads\/2020\/07\/cropped-629e6a99-4d9e-421b-b20e-8b428f763559-e1595527047446.jpg\",\"width\":895,\"height\":270,\"caption\":\"Institut Sexocorporel International\"},\"image\":{\"@id\":\"https:\/\/sexocorporel.com\/de\/#\/schema\/logo\/image\/\"}}]}<\/script>\n<!-- \/ Yoast SEO plugin. -->","yoast_head_json":{"title":"Vorstand des Institut Sexocorporel International - iSi","description":"Finden Sie den Vorstand des Institut Sexocorporel International, das f\u00fchrende Modell in der Sexologie und Sexualtherapie von Professor Dr. Jean Yves Desjardins","robots":{"index":"index","follow":"follow","max-snippet":"max-snippet:-1","max-image-preview":"max-image-preview:large","max-video-preview":"max-video-preview:-1"},"canonical":"https:\/\/sexocorporel.com\/de\/institut-isi\/vorstand-isi\/","og_locale":"de_DE","og_type":"article","og_title":"Vorstand des Institut Sexocorporel International - iSi","og_description":"Finden Sie den Vorstand des Institut Sexocorporel International, das f\u00fchrende Modell in der Sexologie und Sexualtherapie von Professor Dr. Jean Yves Desjardins","og_url":"https:\/\/sexocorporel.com\/de\/institut-isi\/vorstand-isi\/","og_site_name":"Institut Sexocorporel International","article_modified_time":"2025-10-24T13:43:45+00:00","og_image":[{"url":"https:\/\/sexocorporel.com\/wp-content\/uploads\/2025\/10\/image-e1761311550186.jpeg","type":"","width":"","height":""}],"twitter_card":"summary_large_image","twitter_misc":{"Gesch\u00e4tzte Lesezeit":"3\u00a0Minuten"},"schema":{"@context":"https:\/\/schema.org","@graph":[{"@type":"WebPage","@id":"https:\/\/sexocorporel.com\/de\/institut-isi\/vorstand-isi\/","url":"https:\/\/sexocorporel.com\/de\/institut-isi\/vorstand-isi\/","name":"Vorstand des Institut Sexocorporel International - iSi","isPartOf":{"@id":"https:\/\/sexocorporel.com\/de\/#website"},"primaryImageOfPage":{"@id":"https:\/\/sexocorporel.com\/de\/institut-isi\/vorstand-isi\/#primaryimage"},"image":{"@id":"https:\/\/sexocorporel.com\/de\/institut-isi\/vorstand-isi\/#primaryimage"},"thumbnailUrl":"https:\/\/sexocorporel.com\/wp-content\/uploads\/2025\/10\/image-e1761311550186.jpeg","datePublished":"2020-07-01T21:27:39+00:00","dateModified":"2025-10-24T13:43:45+00:00","description":"Finden Sie den Vorstand des Institut Sexocorporel International, das f\u00fchrende Modell in der Sexologie und Sexualtherapie von Professor Dr. Jean Yves Desjardins","breadcrumb":{"@id":"https:\/\/sexocorporel.com\/de\/institut-isi\/vorstand-isi\/#breadcrumb"},"inLanguage":"de","potentialAction":[{"@type":"ReadAction","target":["https:\/\/sexocorporel.com\/de\/institut-isi\/vorstand-isi\/"]}]},{"@type":"ImageObject","inLanguage":"de","@id":"https:\/\/sexocorporel.com\/de\/institut-isi\/vorstand-isi\/#primaryimage","url":"https:\/\/sexocorporel.com\/wp-content\/uploads\/2025\/10\/image-e1761311550186.jpeg","contentUrl":"https:\/\/sexocorporel.com\/wp-content\/uploads\/2025\/10\/image-e1761311550186.jpeg"},{"@type":"BreadcrumbList","@id":"https:\/\/sexocorporel.com\/de\/institut-isi\/vorstand-isi\/#breadcrumb","itemListElement":[{"@type":"ListItem","position":1,"name":"Startseite","item":"https:\/\/sexocorporel.com\/de\/"},{"@type":"ListItem","position":2,"name":"Institut","item":"https:\/\/sexocorporel.com\/de\/institut-isi\/"},{"@type":"ListItem","position":3,"name":"Vorstand iSi"}]},{"@type":"WebSite","@id":"https:\/\/sexocorporel.com\/de\/#website","url":"https:\/\/sexocorporel.com\/de\/","name":"Institut Sexocorporel International","description":"Jean-Yves Desjardins","publisher":{"@id":"https:\/\/sexocorporel.com\/de\/#organization"},"potentialAction":[{"@type":"SearchAction","target":{"@type":"EntryPoint","urlTemplate":"https:\/\/sexocorporel.com\/de\/?s={search_term_string}"},"query-input":{"@type":"PropertyValueSpecification","valueRequired":true,"valueName":"search_term_string"}}],"inLanguage":"de"},{"@type":"Organization","@id":"https:\/\/sexocorporel.com\/de\/#organization","name":"Institut Sexocorporel International","url":"https:\/\/sexocorporel.com\/de\/","logo":{"@type":"ImageObject","inLanguage":"de","@id":"https:\/\/sexocorporel.com\/de\/#\/schema\/logo\/image\/","url":"https:\/\/sexocorporel.com\/wp-content\/uploads\/2020\/07\/cropped-629e6a99-4d9e-421b-b20e-8b428f763559-e1595527047446.jpg","contentUrl":"https:\/\/sexocorporel.com\/wp-content\/uploads\/2020\/07\/cropped-629e6a99-4d9e-421b-b20e-8b428f763559-e1595527047446.jpg","width":895,"height":270,"caption":"Institut Sexocorporel International"},"image":{"@id":"https:\/\/sexocorporel.com\/de\/#\/schema\/logo\/image\/"}}]}},"_links":{"self":[{"href":"https:\/\/sexocorporel.com\/de\/wp-json\/wp\/v2\/pages\/351","targetHints":{"allow":["GET"]}}],"collection":[{"href":"https:\/\/sexocorporel.com\/de\/wp-json\/wp\/v2\/pages"}],"about":[{"href":"https:\/\/sexocorporel.com\/de\/wp-json\/wp\/v2\/types\/page"}],"author":[{"embeddable":true,"href":"https:\/\/sexocorporel.com\/de\/wp-json\/wp\/v2\/users\/1"}],"replies":[{"embeddable":true,"href":"https:\/\/sexocorporel.com\/de\/wp-json\/wp\/v2\/comments?post=351"}],"version-history":[{"count":9,"href":"https:\/\/sexocorporel.com\/de\/wp-json\/wp\/v2\/pages\/351\/revisions"}],"predecessor-version":[{"id":7786,"href":"https:\/\/sexocorporel.com\/de\/wp-json\/wp\/v2\/pages\/351\/revisions\/7786"}],"up":[{"embeddable":true,"href":"https:\/\/sexocorporel.com\/de\/wp-json\/wp\/v2\/pages\/18"}],"wp:attachment":[{"href":"https:\/\/sexocorporel.com\/de\/wp-json\/wp\/v2\/media?parent=351"}],"curies":[{"name":"wp","href":"https:\/\/api.w.org\/{rel}","templated":true}]}}