{"id":334,"date":"2020-07-01T00:25:43","date_gmt":"2020-06-30T22:25:43","guid":{"rendered":"https:\/\/sexocorporel.com\/?page_id=334"},"modified":"2021-02-14T21:46:01","modified_gmt":"2021-02-14T20:46:01","slug":"ausbildungsinhalte","status":"publish","type":"page","link":"https:\/\/sexocorporel.com\/de\/ausbildung\/ausbildungsinhalte\/","title":{"rendered":"Ausbildungsinhalte"},"content":{"rendered":"\n<p>Auf jeder Ausbildungsstufe (<a href=\"https:\/\/sexocorporel.com\/de\/basislehrgang\/\">Basislehrgang<\/a>, <a href=\"https:\/\/sexocorporel.com\/de\/vertiefungslehrgang\/\">Vertiefungslehrgang<\/a> und <a href=\"https:\/\/sexocorporel.com\/de\/zertifizierungslehrgang\/\">Zertifizierungslehrgang<\/a>) ist der theoretische Inhalt auf dem gleichen untenstehenden Programm aufgebaut.<\/p>\n\n\n<div class=\"wp-block-ub-content-toggle wp-block-ub-content-toggle-block\" id=\"ub-content-toggle-block-b2cb5dfb-7b1f-4cf6-b691-f6e991e6d080\" data-mobilecollapse=\"false\" data-desktopcollapse=\"true\" data-preventcollapse=\"false\" data-showonlyone=\"false\">\n<div class=\"no-border wp-block-ub-content-toggle-accordion\" style=\"border-color: #ffffff; \" id=\"ub-content-toggle-panel-block-\">\n\t\t\t<div class=\"wp-block-ub-content-toggle-accordion-title-wrap\" style=\"background-color: #ffffff;\" aria-controls=\"ub-content-toggle-panel-0-b2cb5dfb-7b1f-4cf6-b691-f6e991e6d080\" tabindex=\"0\">\n\t\t\t<h4 class=\"wp-block-ub-content-toggle-accordion-title ub-content-toggle-title-b2cb5dfb-7b1f-4cf6-b691-f6e991e6d080\" style=\"color: #e22658; \">Modul 1: Erwerb von Kenntnissen und pers\u00f6nlichen physiologischen sexuellen F\u00e4higkeiten<\/h4>\n\t\t\t<div class=\"wp-block-ub-content-toggle-accordion-toggle-wrap right\" style=\"color: #e22658;\"><span class=\"wp-block-ub-content-toggle-accordion-state-indicator wp-block-ub-chevron-down\"><\/span><\/div>\n\t\t<\/div>\n\t\t\t<div role=\"region\" aria-expanded=\"false\" class=\"wp-block-ub-content-toggle-accordion-content-wrap ub-hide\" id=\"ub-content-toggle-panel-0-b2cb5dfb-7b1f-4cf6-b691-f6e991e6d080\">\n\n<h4 class=\"wp-block-heading\">Theorie:<\/h4>\n\n\n\n<ul class=\"wp-block-list\"><li>Theoretische Grundlagen der Komponenten der menschlichen Sexualit\u00e4t aus einer integrativen, Entwicklungs- und interaktiven Sichtweise.<\/li><li>\u00dcbersicht \u00fcber das Modell der sexuellen Funktionalit\u00e4t (sexuelle Gesundheit).<\/li><li>Pr\u00e4sentation des Sexocorporel in Bezug auf das Modell der sexuellen Funktionalit\u00e4t.<\/li><\/ul>\n\n\n\n<h4 class=\"wp-block-heading\">Sexuelle Gesundheit und die physiologische Basis, die sexuelle Erregungsfunktion: <\/h4>\n\n\n\n<ul class=\"wp-block-list\"><li>Modi, Quellen und Besonderheiten der m\u00e4nnlichen und weiblichen sexuellen Erregungsfunktion, Sexualisierungsprozess.<\/li><\/ul>\n\n\n\n<h4 class=\"wp-block-heading\">Einf\u00fchrung in die k\u00f6rperlichen Basisf\u00e4higkeiten und integrierten F\u00e4higkeiten im Sexocorporel:<\/h4>\n\n\n\n<ul class=\"wp-block-list\"><li>Basisf\u00e4higkeiten: Ausgehend von den Gesetzen des K\u00f6rpers: Rhythmus, Muskelspannung, Raum, Bewegung, Atmung, Zentrierung, Haltung, Gang.<\/li><li>Integrierte F\u00e4higkeiten: Fluidit\u00e4t, Doppelte Schaukel, Loslassen, orgastische Entladung.<\/li><\/ul>\n\n\n\n<h4 class=\"wp-block-heading\">Einf\u00fchrung in das Modelling: <\/h4>\n\n\n\n<ul class=\"wp-block-list\"><li>Lesen der K\u00f6rpersprache, K\u00f6rper als Spiegel.<\/li><\/ul>\n\n<\/div>\n\t\t<\/div>\n\n<div class=\"no-border wp-block-ub-content-toggle-accordion\" style=\"border-color: #ffffff; \" id=\"ub-content-toggle-panel-block-\">\n\t\t\t<div class=\"wp-block-ub-content-toggle-accordion-title-wrap\" style=\"background-color: #ffffff;\" aria-controls=\"ub-content-toggle-panel-1-b2cb5dfb-7b1f-4cf6-b691-f6e991e6d080\" tabindex=\"0\">\n\t\t\t<h4 class=\"wp-block-ub-content-toggle-accordion-title ub-content-toggle-title-b2cb5dfb-7b1f-4cf6-b691-f6e991e6d080\" style=\"color: #e22658; \">Modul 2: Erwerb von pers\u00f6nlichen Kenntnissen und F\u00e4higkeiten bez\u00fcglich der sexodynamischen und beziehungsorientierten Komponenten<\/h4>\n\t\t\t<div class=\"wp-block-ub-content-toggle-accordion-toggle-wrap right\" style=\"color: #e22658;\"><span class=\"wp-block-ub-content-toggle-accordion-state-indicator wp-block-ub-chevron-down\"><\/span><\/div>\n\t\t<\/div>\n\t\t\t<div role=\"region\" aria-expanded=\"false\" class=\"wp-block-ub-content-toggle-accordion-content-wrap ub-hide\" id=\"ub-content-toggle-panel-1-b2cb5dfb-7b1f-4cf6-b691-f6e991e6d080\">\n\n<h4 class=\"wp-block-heading\">Sexuelle Funktionalit\u00e4t und sexodynamische Entwicklung.<\/h4>\n\n\n\n<h4 class=\"wp-block-heading\">Einf\u00fchrung in die erotischen Basisf\u00e4higkeiten und deren Integration:<\/h4>\n\n\n\n<ul class=\"wp-block-list\"><li>Einf\u00fchrung in die Entwicklung der erotischen Basisf\u00e4higkeiten: Lusterleben, Anstieg der lustvollen Erregung, sich gehen lassen, emotionale Entladung oder Orgasmus.<\/li><li>Integration der erotischen F\u00e4higkeiten in die Sexodynamik (Gef\u00fchl der Geschlechtszugeh\u00f6rigkeit, sexuelle Intrusivit\u00e4t und Rezeptivit\u00e4t): sexuelles Begehren, erotische Fantasien, sexuelle Anziehungscodes, sexuelle Intensit\u00e4t, sexuelle Selbstsicherheit, erotische Verf\u00fchrung, Kommunikation und Handlungen.<\/li><\/ul>\n\n\n\n<h4 class=\"wp-block-heading\">Kognitive F\u00e4higkeiten:<\/h4>\n\n\n\n<ul class=\"wp-block-list\"><li>Einf\u00fchrung in das Lesen der K\u00f6rpersprache Sexocorporel (K\u00f6rper als Spiegel).<\/li><li>Verst\u00e4ndnis und Evaluation der verschiedenen biomedizinischen, physiologischen und sexodynamischen sexuellen Schwierigkeiten im wissenschaftlichen Modell der sexuellen Funktionalit\u00e4t des Sexocorporel.<\/li><\/ul>\n\n<\/div>\n\t\t<\/div>\n\n<div class=\"no-border wp-block-ub-content-toggle-accordion\" style=\"border-color: #ffffff; \" id=\"ub-content-toggle-panel-block-\">\n\t\t\t<div class=\"wp-block-ub-content-toggle-accordion-title-wrap\" style=\"background-color: #ffffff;\" aria-controls=\"ub-content-toggle-panel-2-b2cb5dfb-7b1f-4cf6-b691-f6e991e6d080\" tabindex=\"0\">\n\t\t\t<h4 class=\"wp-block-ub-content-toggle-accordion-title ub-content-toggle-title-b2cb5dfb-7b1f-4cf6-b691-f6e991e6d080\" style=\"color: #e22658; \">Modul 3: Klinische Ausbildung Teil 1<\/h4>\n\t\t\t<div class=\"wp-block-ub-content-toggle-accordion-toggle-wrap right\" style=\"color: #e22658;\"><span class=\"wp-block-ub-content-toggle-accordion-state-indicator wp-block-ub-chevron-down\"><\/span><\/div>\n\t\t<\/div>\n\t\t\t<div role=\"region\" aria-expanded=\"false\" class=\"wp-block-ub-content-toggle-accordion-content-wrap ub-hide\" id=\"ub-content-toggle-panel-2-b2cb5dfb-7b1f-4cf6-b691-f6e991e6d080\">\n\n<ul class=\"wp-block-list\"><li>Die sexologische Evaluation.<\/li><li>Lesen der K\u00f6rpersprache (K\u00f6rper-Spiegel) und was uns diese \u00fcber die Sexodynamik der Person verr\u00e4t.<\/li><li>Evaluation der Sexodynamik.<\/li><li>Evaluation der sexuellen Erregungsfunktion: Formen, sexuelle Erregungsmodi, die intrapsychische Integration.<\/li><li>Modelle der sexologischen Behandlung bei: vor-\/fr\u00fchzeitiger Ejakulation, weiblicher Anorgasmie und Anorgastie, koitaler Anorgasmie.<\/li><li>Vertieftes Lesen der K\u00f6rpersprache im Sexocorporel.<\/li><\/ul>\n\n<\/div>\n\t\t<\/div>\n\n<div class=\"no-border wp-block-ub-content-toggle-accordion\" style=\"border-color: #ffffff; \" id=\"ub-content-toggle-panel-block-\">\n\t\t\t<div class=\"wp-block-ub-content-toggle-accordion-title-wrap\" style=\"background-color: #ffffff;\" aria-controls=\"ub-content-toggle-panel-3-b2cb5dfb-7b1f-4cf6-b691-f6e991e6d080\" tabindex=\"0\">\n\t\t\t<h4 class=\"wp-block-ub-content-toggle-accordion-title ub-content-toggle-title-b2cb5dfb-7b1f-4cf6-b691-f6e991e6d080\" style=\"color: #e22658; \">Modul 4: Klinische Ausbildung Teil 2<\/h4>\n\t\t\t<div class=\"wp-block-ub-content-toggle-accordion-toggle-wrap right\" style=\"color: #e22658;\"><span class=\"wp-block-ub-content-toggle-accordion-state-indicator wp-block-ub-chevron-down\"><\/span><\/div>\n\t\t<\/div>\n\t\t\t<div role=\"region\" aria-expanded=\"false\" class=\"wp-block-ub-content-toggle-accordion-content-wrap ub-hide\" id=\"ub-content-toggle-panel-3-b2cb5dfb-7b1f-4cf6-b691-f6e991e6d080\">\n\n<ul class=\"wp-block-list\"><li>Prognose auf Basis der Evaluation und Behandlungsplanung.<\/li><li>Modelle sexologischer Behandlung bei prim\u00e4rer und sekund\u00e4rer erektiler Dysfunktion, St\u00f6rungen des sexuellen Begehrens und koital-sexuellen Begehrens bei M\u00e4nnern und Frauen, Anejakulation, phobischem Vaginismus und Vaginismus bei Identit\u00e4tsproblematik, Grenzen der Verf\u00fchrung (Beziehungsf\u00e4higkeiten).<\/li><li>Therapeutische Techniken im Sexocorporel, klinische Fallbeispiele.<\/li><li>Vertieftes Lesen der K\u00f6rpersprache im Sexocorporel.<\/li><\/ul>\n\n<\/div>\n\t\t<\/div>\n\n<div class=\"no-border wp-block-ub-content-toggle-accordion\" style=\"border-color: #ffffff; \" id=\"ub-content-toggle-panel-block-\">\n\t\t\t<div class=\"wp-block-ub-content-toggle-accordion-title-wrap\" style=\"background-color: #ffffff;\" aria-controls=\"ub-content-toggle-panel-4-b2cb5dfb-7b1f-4cf6-b691-f6e991e6d080\" tabindex=\"0\">\n\t\t\t<h4 class=\"wp-block-ub-content-toggle-accordion-title ub-content-toggle-title-b2cb5dfb-7b1f-4cf6-b691-f6e991e6d080\" style=\"color: #e22658; \">Modul 5: Klinische Ausbildung Teil 3<\/h4>\n\t\t\t<div class=\"wp-block-ub-content-toggle-accordion-toggle-wrap right\" style=\"color: #e22658;\"><span class=\"wp-block-ub-content-toggle-accordion-state-indicator wp-block-ub-chevron-down\"><\/span><\/div>\n\t\t<\/div>\n\t\t\t<div role=\"region\" aria-expanded=\"false\" class=\"wp-block-ub-content-toggle-accordion-content-wrap ub-hide\" id=\"ub-content-toggle-panel-4-b2cb5dfb-7b1f-4cf6-b691-f6e991e6d080\">\n\n<ul class=\"wp-block-list\"><li>Theoretisches und sexoklinisches Umformulieren.<\/li><li>St\u00f6rungen des Gef\u00fchls der Geschlechtszugeh\u00f6rigkeit: Unsicherheit, Ambivalenz, Konflikt.<\/li><li>Probleme mit eingeschr\u00e4nkten oder egodystonen sexuellen Anziehungscodes: Transvestismus, Fetischismus, P\u00e4dophilie, Exhibitionismus, Dominanz und Unterwerfung, Sadomasochismus, egodystone Homosexualit\u00e4t etc.<\/li><li>Vertieftes Lesen der K\u00f6rpersprache im Sexocorporel.<\/li><\/ul>\n\n<\/div>\n\t\t<\/div>\n\n<div class=\"no-border wp-block-ub-content-toggle-accordion\" style=\"border-color: #ffffff; \" id=\"ub-content-toggle-panel-block-\">\n\t\t\t<div class=\"wp-block-ub-content-toggle-accordion-title-wrap\" style=\"background-color: #ffffff;\" aria-controls=\"ub-content-toggle-panel-5-b2cb5dfb-7b1f-4cf6-b691-f6e991e6d080\" tabindex=\"0\">\n\t\t\t<h4 class=\"wp-block-ub-content-toggle-accordion-title ub-content-toggle-title-b2cb5dfb-7b1f-4cf6-b691-f6e991e6d080\" style=\"color: #e22658; \">Modul 6: Klinische Ausbildung Teil 4<\/h4>\n\t\t\t<div class=\"wp-block-ub-content-toggle-accordion-toggle-wrap right\" style=\"color: #e22658;\"><span class=\"wp-block-ub-content-toggle-accordion-state-indicator wp-block-ub-chevron-down\"><\/span><\/div>\n\t\t<\/div>\n\t\t\t<div role=\"region\" aria-expanded=\"false\" class=\"wp-block-ub-content-toggle-accordion-content-wrap ub-hide\" id=\"ub-content-toggle-panel-5-b2cb5dfb-7b1f-4cf6-b691-f6e991e6d080\">\n\n<ul class=\"wp-block-list\"><li>Theoretische und sexologische Vertiefungen.<\/li><li>St\u00f6rungen in Verbindung mit sexueller Kompulsivit\u00e4t: kompulsive P\u00e4dophilie, sexuelle Uners\u00e4ttlichkeit, Don Juanismus, Pornomanie, Erotomanie, Romantikomanie.<\/li><li>Damit zusammenh\u00e4ngende Behandlungen: sexuelle Gewalt, unkontrollierbarer \u00c4rger (Evaluation und Behandlungsprotokolle).<\/li><li>Vertieftes Lesen der K\u00f6rpersprache im Sexocorporel.<\/li><li>Repetition der Konzepte, Konsolidierungen, klinische Fragen.<\/li><\/ul>\n\n<\/div>\n\t\t<\/div>\n\n<div class=\"no-border wp-block-ub-content-toggle-accordion\" style=\"border-color: #ffffff; \" id=\"ub-content-toggle-panel-block-\">\n\t\t\t<div class=\"wp-block-ub-content-toggle-accordion-title-wrap\" style=\"background-color: #ffffff;\" aria-controls=\"ub-content-toggle-panel-6-b2cb5dfb-7b1f-4cf6-b691-f6e991e6d080\" tabindex=\"0\">\n\t\t\t<h4 class=\"wp-block-ub-content-toggle-accordion-title ub-content-toggle-title-b2cb5dfb-7b1f-4cf6-b691-f6e991e6d080\" style=\"color: #e22658; \">Modul 7: Autoevaluation<\/h4>\n\t\t\t<div class=\"wp-block-ub-content-toggle-accordion-toggle-wrap right\" style=\"color: #e22658;\"><span class=\"wp-block-ub-content-toggle-accordion-state-indicator wp-block-ub-chevron-down\"><\/span><\/div>\n\t\t<\/div>\n\t\t\t<div role=\"region\" aria-expanded=\"false\" class=\"wp-block-ub-content-toggle-accordion-content-wrap ub-hide\" id=\"ub-content-toggle-panel-6-b2cb5dfb-7b1f-4cf6-b691-f6e991e6d080\">\n\n<ul class=\"wp-block-list\"><li>Theoretische und sexologische Vertiefung.<\/li><li>Pers\u00f6nliche und berufliche Selbstevaluation<\/li><\/ul>\n\n<\/div>\n\t\t<\/div>\n<\/div>","protected":false},"excerpt":{"rendered":"<p>Auf jeder Ausbildungsstufe (Basislehrgang, Vertiefungslehrgang und Zertifizierungslehrgang) ist der theoretische Inhalt auf dem gleichen untenstehenden Programm aufgebaut.<\/p>\n","protected":false},"author":1,"featured_media":0,"parent":14,"menu_order":79,"comment_status":"closed","ping_status":"closed","template":"","meta":{"footnotes":""},"class_list":["post-334","page","type-page","status-publish","hentry"],"featured_image_src":null,"yoast_head":"<!-- This site is optimized with the Yoast SEO plugin v26.8 - https:\/\/yoast.com\/product\/yoast-seo-wordpress\/ -->\n<title>Ausbildungsinhalte Sexualtherapie Sexocorporel - isi<\/title>\n<meta name=\"description\" content=\"Erfahren Sie mehr zu den Ausbildungsinhalten der Methode Sexocorporel, dem f\u00fchrenden Modell in der Sexologie und Sexualtherapie.\" \/>\n<meta name=\"robots\" content=\"index, follow, max-snippet:-1, max-image-preview:large, max-video-preview:-1\" \/>\n<link rel=\"canonical\" href=\"https:\/\/sexocorporel.com\/de\/ausbildung\/ausbildungsinhalte\/\" \/>\n<meta property=\"og:locale\" content=\"de_DE\" \/>\n<meta property=\"og:type\" content=\"article\" \/>\n<meta property=\"og:title\" content=\"Ausbildungsinhalte Sexualtherapie Sexocorporel - isi\" \/>\n<meta property=\"og:description\" content=\"Erfahren Sie mehr zu den Ausbildungsinhalten der Methode Sexocorporel, dem f\u00fchrenden Modell in der Sexologie und Sexualtherapie.\" \/>\n<meta property=\"og:url\" content=\"https:\/\/sexocorporel.com\/de\/ausbildung\/ausbildungsinhalte\/\" \/>\n<meta property=\"og:site_name\" content=\"Institut Sexocorporel International\" \/>\n<meta property=\"article:modified_time\" content=\"2021-02-14T20:46:01+00:00\" \/>\n<meta name=\"twitter:card\" content=\"summary_large_image\" \/>\n<meta name=\"twitter:label1\" content=\"Gesch\u00e4tzte Lesezeit\" \/>\n\t<meta name=\"twitter:data1\" content=\"2\u00a0Minuten\" \/>\n<script type=\"application\/ld+json\" class=\"yoast-schema-graph\">{\"@context\":\"https:\/\/schema.org\",\"@graph\":[{\"@type\":\"WebPage\",\"@id\":\"https:\/\/sexocorporel.com\/de\/ausbildung\/ausbildungsinhalte\/\",\"url\":\"https:\/\/sexocorporel.com\/de\/ausbildung\/ausbildungsinhalte\/\",\"name\":\"Ausbildungsinhalte Sexualtherapie Sexocorporel - isi\",\"isPartOf\":{\"@id\":\"https:\/\/sexocorporel.com\/de\/#website\"},\"datePublished\":\"2020-06-30T22:25:43+00:00\",\"dateModified\":\"2021-02-14T20:46:01+00:00\",\"description\":\"Erfahren Sie mehr zu den Ausbildungsinhalten der Methode Sexocorporel, dem f\u00fchrenden Modell in der Sexologie und Sexualtherapie.\",\"breadcrumb\":{\"@id\":\"https:\/\/sexocorporel.com\/de\/ausbildung\/ausbildungsinhalte\/#breadcrumb\"},\"inLanguage\":\"de\",\"potentialAction\":[{\"@type\":\"ReadAction\",\"target\":[\"https:\/\/sexocorporel.com\/de\/ausbildung\/ausbildungsinhalte\/\"]}]},{\"@type\":\"BreadcrumbList\",\"@id\":\"https:\/\/sexocorporel.com\/de\/ausbildung\/ausbildungsinhalte\/#breadcrumb\",\"itemListElement\":[{\"@type\":\"ListItem\",\"position\":1,\"name\":\"Startseite\",\"item\":\"https:\/\/sexocorporel.com\/de\/\"},{\"@type\":\"ListItem\",\"position\":2,\"name\":\"Ausbildung\",\"item\":\"https:\/\/sexocorporel.com\/de\/ausbildung\/\"},{\"@type\":\"ListItem\",\"position\":3,\"name\":\"Ausbildungsinhalte\"}]},{\"@type\":\"WebSite\",\"@id\":\"https:\/\/sexocorporel.com\/de\/#website\",\"url\":\"https:\/\/sexocorporel.com\/de\/\",\"name\":\"Institut Sexocorporel International\",\"description\":\"Jean-Yves Desjardins\",\"publisher\":{\"@id\":\"https:\/\/sexocorporel.com\/de\/#organization\"},\"potentialAction\":[{\"@type\":\"SearchAction\",\"target\":{\"@type\":\"EntryPoint\",\"urlTemplate\":\"https:\/\/sexocorporel.com\/de\/?s={search_term_string}\"},\"query-input\":{\"@type\":\"PropertyValueSpecification\",\"valueRequired\":true,\"valueName\":\"search_term_string\"}}],\"inLanguage\":\"de\"},{\"@type\":\"Organization\",\"@id\":\"https:\/\/sexocorporel.com\/de\/#organization\",\"name\":\"Institut Sexocorporel International\",\"url\":\"https:\/\/sexocorporel.com\/de\/\",\"logo\":{\"@type\":\"ImageObject\",\"inLanguage\":\"de\",\"@id\":\"https:\/\/sexocorporel.com\/de\/#\/schema\/logo\/image\/\",\"url\":\"https:\/\/sexocorporel.com\/wp-content\/uploads\/2020\/07\/cropped-629e6a99-4d9e-421b-b20e-8b428f763559-e1595527047446.jpg\",\"contentUrl\":\"https:\/\/sexocorporel.com\/wp-content\/uploads\/2020\/07\/cropped-629e6a99-4d9e-421b-b20e-8b428f763559-e1595527047446.jpg\",\"width\":895,\"height\":270,\"caption\":\"Institut Sexocorporel International\"},\"image\":{\"@id\":\"https:\/\/sexocorporel.com\/de\/#\/schema\/logo\/image\/\"}}]}<\/script>\n<!-- \/ Yoast SEO plugin. -->","yoast_head_json":{"title":"Ausbildungsinhalte Sexualtherapie Sexocorporel - isi","description":"Erfahren Sie mehr zu den Ausbildungsinhalten der Methode Sexocorporel, dem f\u00fchrenden Modell in der Sexologie und Sexualtherapie.","robots":{"index":"index","follow":"follow","max-snippet":"max-snippet:-1","max-image-preview":"max-image-preview:large","max-video-preview":"max-video-preview:-1"},"canonical":"https:\/\/sexocorporel.com\/de\/ausbildung\/ausbildungsinhalte\/","og_locale":"de_DE","og_type":"article","og_title":"Ausbildungsinhalte Sexualtherapie Sexocorporel - isi","og_description":"Erfahren Sie mehr zu den Ausbildungsinhalten der Methode Sexocorporel, dem f\u00fchrenden Modell in der Sexologie und Sexualtherapie.","og_url":"https:\/\/sexocorporel.com\/de\/ausbildung\/ausbildungsinhalte\/","og_site_name":"Institut Sexocorporel International","article_modified_time":"2021-02-14T20:46:01+00:00","twitter_card":"summary_large_image","twitter_misc":{"Gesch\u00e4tzte Lesezeit":"2\u00a0Minuten"},"schema":{"@context":"https:\/\/schema.org","@graph":[{"@type":"WebPage","@id":"https:\/\/sexocorporel.com\/de\/ausbildung\/ausbildungsinhalte\/","url":"https:\/\/sexocorporel.com\/de\/ausbildung\/ausbildungsinhalte\/","name":"Ausbildungsinhalte Sexualtherapie Sexocorporel - isi","isPartOf":{"@id":"https:\/\/sexocorporel.com\/de\/#website"},"datePublished":"2020-06-30T22:25:43+00:00","dateModified":"2021-02-14T20:46:01+00:00","description":"Erfahren Sie mehr zu den Ausbildungsinhalten der Methode Sexocorporel, dem f\u00fchrenden Modell in der Sexologie und Sexualtherapie.","breadcrumb":{"@id":"https:\/\/sexocorporel.com\/de\/ausbildung\/ausbildungsinhalte\/#breadcrumb"},"inLanguage":"de","potentialAction":[{"@type":"ReadAction","target":["https:\/\/sexocorporel.com\/de\/ausbildung\/ausbildungsinhalte\/"]}]},{"@type":"BreadcrumbList","@id":"https:\/\/sexocorporel.com\/de\/ausbildung\/ausbildungsinhalte\/#breadcrumb","itemListElement":[{"@type":"ListItem","position":1,"name":"Startseite","item":"https:\/\/sexocorporel.com\/de\/"},{"@type":"ListItem","position":2,"name":"Ausbildung","item":"https:\/\/sexocorporel.com\/de\/ausbildung\/"},{"@type":"ListItem","position":3,"name":"Ausbildungsinhalte"}]},{"@type":"WebSite","@id":"https:\/\/sexocorporel.com\/de\/#website","url":"https:\/\/sexocorporel.com\/de\/","name":"Institut Sexocorporel International","description":"Jean-Yves Desjardins","publisher":{"@id":"https:\/\/sexocorporel.com\/de\/#organization"},"potentialAction":[{"@type":"SearchAction","target":{"@type":"EntryPoint","urlTemplate":"https:\/\/sexocorporel.com\/de\/?s={search_term_string}"},"query-input":{"@type":"PropertyValueSpecification","valueRequired":true,"valueName":"search_term_string"}}],"inLanguage":"de"},{"@type":"Organization","@id":"https:\/\/sexocorporel.com\/de\/#organization","name":"Institut Sexocorporel International","url":"https:\/\/sexocorporel.com\/de\/","logo":{"@type":"ImageObject","inLanguage":"de","@id":"https:\/\/sexocorporel.com\/de\/#\/schema\/logo\/image\/","url":"https:\/\/sexocorporel.com\/wp-content\/uploads\/2020\/07\/cropped-629e6a99-4d9e-421b-b20e-8b428f763559-e1595527047446.jpg","contentUrl":"https:\/\/sexocorporel.com\/wp-content\/uploads\/2020\/07\/cropped-629e6a99-4d9e-421b-b20e-8b428f763559-e1595527047446.jpg","width":895,"height":270,"caption":"Institut Sexocorporel International"},"image":{"@id":"https:\/\/sexocorporel.com\/de\/#\/schema\/logo\/image\/"}}]}},"_links":{"self":[{"href":"https:\/\/sexocorporel.com\/de\/wp-json\/wp\/v2\/pages\/334","targetHints":{"allow":["GET"]}}],"collection":[{"href":"https:\/\/sexocorporel.com\/de\/wp-json\/wp\/v2\/pages"}],"about":[{"href":"https:\/\/sexocorporel.com\/de\/wp-json\/wp\/v2\/types\/page"}],"author":[{"embeddable":true,"href":"https:\/\/sexocorporel.com\/de\/wp-json\/wp\/v2\/users\/1"}],"replies":[{"embeddable":true,"href":"https:\/\/sexocorporel.com\/de\/wp-json\/wp\/v2\/comments?post=334"}],"version-history":[{"count":11,"href":"https:\/\/sexocorporel.com\/de\/wp-json\/wp\/v2\/pages\/334\/revisions"}],"predecessor-version":[{"id":3169,"href":"https:\/\/sexocorporel.com\/de\/wp-json\/wp\/v2\/pages\/334\/revisions\/3169"}],"up":[{"embeddable":true,"href":"https:\/\/sexocorporel.com\/de\/wp-json\/wp\/v2\/pages\/14"}],"wp:attachment":[{"href":"https:\/\/sexocorporel.com\/de\/wp-json\/wp\/v2\/media?parent=334"}],"curies":[{"name":"wp","href":"https:\/\/api.w.org\/{rel}","templated":true}]}}