{"id":328,"date":"2020-07-01T00:03:13","date_gmt":"2020-06-30T22:03:13","guid":{"rendered":"https:\/\/sexocorporel.com\/?page_id=328"},"modified":"2025-09-03T16:52:09","modified_gmt":"2025-09-03T14:52:09","slug":"zertifizierungslehrgang","status":"publish","type":"page","link":"https:\/\/sexocorporel.com\/de\/ausbildung\/zertifizierungslehrgang\/","title":{"rendered":"Zertifizierungslehrgang"},"content":{"rendered":"\n<p><em><mark style=\"background-color:rgba(0, 0, 0, 0)\" class=\"has-inline-color has-accent-color\">Wir freuen uns sehr, den neu konzeptionierten Zertifizierungslehrgang vorstellen zu k\u00f6nnen. Er ist aus einer Kooperation der deutschsprachigen Ausbildungsinstitute entstanden mit dem Wunsch, unseren Ausbildungskandidat*innen eine effiziente und praxisorientierte Ausbildung zu bieten. Ein modulares System erm\u00f6glicht es den Teilnehmenden, vom Erfahrungswissen und den Kompetenzen aller Ausbildungsinstitute zu profitieren.<\/mark><\/em><\/p>\n\n\n\n<h3 class=\"wp-block-heading\">Ziele<\/h3>\n\n\n\n<p>Absolvent*innen des Zertifizierungslehrganges haben die k\u00f6rperlichen, emotionalen und kognitiven Prinzipien des Sexocorporel integriert und k\u00f6nnen mit den Klient*innen individuell angepasste, komplette Sexocorporel-Therapien durchf\u00fchren. Sie k\u00f6nnen auch mit anspruchsvollen sexualtherapeutischen Situationen umgehen und haben einen reflektierten Umgang mit dem eigenen therapeutischen Verhalten. Die Teilnehmenden lernen das pr\u00e4zise \u00dcbungsanleiten und erarbeiten in Rollenspielen komplexe therapeutische Situationen.<\/p>\n\n\n\n<h3 class=\"wp-block-heading\">Spezifische Ziele<\/h3>\n\n\n\n<ul class=\"wp-block-list\">\n<li>Sie beherrschen die Sexocorporel-Evaluation und k\u00f6nnen die Logik des Systems der Klient*innen aufzeigen.<\/li>\n\n\n\n<li>Sie k\u00f6nnen die k\u00f6rperliche Strukturierung sexueller Spannung und die intrapsychische Bedeutung der Dynamik des K\u00f6rpers analysieren.<\/li>\n\n\n\n<li>Sie beherrschen den Aufbau, den Inhalt und die Ausf\u00fchrung von Sexocorporel-Sexualtherapien auch bei komplexen F\u00e4llen.<\/li>\n\n\n\n<li>Sie k\u00f6nnen sich wohlwollend selbst evaluieren, die Logik des eigenen Funktionierens erkennen und Prozesse zur emotionalen Selbststeuerung und -regulation anwenden.<\/li>\n<\/ul>\n\n\n\n<h3 class=\"wp-block-heading\">Aufbau<\/h3>\n\n\n\n<p>Die Module finden zeitlich und r\u00e4umlich unabh\u00e4ngig von den ersten beiden Lehrg\u00e4ngen statt.<br>Die 3. Stufe der Ausbildung besteht aus 6 Modulen zu 4 Tagen. Jedes Ausbildungsinstitut (ZISS, ISP-Wien, IfES) f\u00fchrt zwei Module durch. Jedes Modul beinhaltet themenorientierte Selbsterfahrung, Supervision, Theorievertiefung und praktische Arbeit.<\/p>\n\n\n\n<p>Die Module haben thematische Schwerpunkte, die sich an h\u00e4ufigen Anliegen in der praktischen Arbeit orientieren:<\/p>\n\n\n\n<ol class=\"wp-block-list\">\n<li>Sexuelles Begehren<\/li>\n\n\n\n<li>Dyspareunie, Umgang mit Schmerzen<\/li>\n\n\n\n<li>Sexualtherapie nach Traumatisierung und bei Traumafolgen<\/li>\n\n\n\n<li>Trans* aus der Sicht des Sexocorporel<\/li>\n\n\n\n<li>Drang und eingeschr\u00e4nkte Anziehungscodes<\/li>\n\n\n\n<li>Sexocorporel in der Arbeit mit Paaren<\/li>\n<\/ol>\n\n\n\n<p>Zus\u00e4tzlich zur Teilnahme an den Modulen werden Literaturstudium, \u00dcbungen, Selbstreflexionsaufgaben und online-Gruppenarbeit vorausgesetzt. Die Teilnehmenden m\u00fcssen bis zum Ende des Lehrgangs mindestens 5 Stunden Einzelselbsterfahrung bei iSi-anerkannten Supervisor*innen nachweisen.<\/p>\n\n\n\n<p>Die Beschreibung der einzelnen Module finden Sie <a href=\"https:\/\/sexocorporel.com\/wp-content\/uploads\/2024\/06\/Zertifizierungslehrgang-Module.pdf\" target=\"_blank\" rel=\"noreferrer noopener nofollow\">hier<\/a>.<\/p>\n\n\n\n<h3 class=\"wp-block-heading\">Zulassungsvoraussetzungen<\/h3>\n\n\n\n<p>Zum Zertifizierungslehrgang k\u00f6nnen ausschlie\u00dflich erfolgreiche Absolvent*innen des ersten und zweiten Lehrgangs der Sexocorporel-Ausbildung zugelassen werden, welche folgende Kriterien erf\u00fcllen:<\/p>\n\n\n\n<ul class=\"wp-block-list\">\n<li>Laufende sexologische Beratungst\u00e4tigkeit mit Klient*innen<\/li>\n\n\n\n<li>Fortgeschrittene oder abgeschlossene beraterische oder therapeutische Aus- oder Weiterbildung<\/li>\n\n\n\n<li>M\u00f6glichkeit, Videoaufnahmen (Handy oder Kamera) von Beratungssitzungen in die Gruppensupervision einzubringen<\/li>\n<\/ul>\n\n\n\n<p>Die Entscheidung \u00fcber die Aufnahme in den Zertifizierungslehrgang erfolgt nach einem Gespr\u00e4ch mit den Ausbildungsleitenden desjenigen Institutes, bei denen die Kandidat*innen den zweiten Lehrgang absolviert haben.<br>F\u00fcr Absolvierende von Sexocoporel-Masterstudieng\u00e4ngen gelten vereinfachte Bestimmungen (nach individueller Absprache).<\/p>\n\n\n\n<h3 class=\"wp-block-heading\">Zertifizierung<\/h3>\n\n\n\n<p>Alle erfolgreichen Absolvent*innen des Zertifizierungslehrganges erhalten ein Zertifikat. F\u00fcr das Zertifikat wird eine Pr\u00e4senz von mindestens &nbsp;90% der Seminarzeit erwartet.<\/p>\n\n\n\n<p>Um das Zertifikat zu erhalten, demonstrieren die Zertifizierungsstudierenden ihre F\u00e4higkeit, Wissen und konkrete Lernschritte gut begr\u00fcndet zu vermitteln, sowie empathisch und professionell auf Klient*innen einzugehen und sich dabei selbst zu reflektieren. Sie tun dies u.a. anhand<\/p>\n\n\n\n<ul class=\"wp-block-list\">\n<li>einer schriftlich eingereichten Fallstudie (mindestens 10 Sitzungen oder abgeschlossener Fall)<\/li>\n\n\n\n<li>einer vertieften Fallsupervision mit Videomitschnitt.<\/li>\n<\/ul>\n\n\n\n<p>F\u00fcr den Erwerb des Titels \u201eKlinische Sexolog*in iSi\u201c sind Zusatzkriterien zu erf\u00fcllen, u.a. mehrj\u00e4hrige Mitgliedschaft beim iSi, Supervisions- und Selbsterfahrungsstunden, sexologische Basisausbildung oder Grundlagenseminare 1 und 2. Die aktuellen Kriterien f\u00fcr den Titelerwerb k\u00f6nnen <a href=\"https:\/\/sexocorporel.com\/de\/institut-isi\/mitgliederordnung\/\" target=\"_blank\" rel=\"noreferrer noopener\">hier<\/a> nachgelesen werden.<\/p>\n\n\n\n<h3 class=\"wp-block-heading\">Kosten<\/h3>\n\n\n\n<p>Kosten des Lehrgangs sind je nach Wohnort: 4250 \u20ac f\u00fcr Personen im Euroraum bzw. 5450 CHF f\u00fcr Personen in der Schweiz.<\/p>\n\n\n\n<h3 class=\"wp-block-heading\">Termine<\/h3>\n\n\n\n<p>Einf\u00fchrungsabend 29.9.25, 18:00-20:00, online<br>(PS: Das ist kein &#8222;Infoabend&#8220;, das ist der Ausbildungsbeginn.)<\/p>\n\n\n\n<p><strong>1. Modul 29.10.-1.11.2025, Berlin<\/strong><\/p>\n\n\n\n<p>Mittwoch: 10.00-12.00 | 13.30-15.00 | 15.30-17.00<\/p>\n\n\n\n<p>Do.\/Fr.: 9.00-10.30 | 10.50-12.00 | 13.30-15.00 | 15.30-17.00<\/p>\n\n\n\n<p>Samstag: 9.00-10.30 | 10.50-12.00 | 13.30-14.30 | &nbsp;14.45-16.00<\/p>\n\n\n\n<p><strong>2. Modul 15.-18.1.2026, Wien<\/strong><\/p>\n\n\n\n<p>Donnerstag&nbsp;&nbsp;&nbsp;&nbsp;Beginn um 10.30 Uhr &#8211; Ende um 17.00 Uhr<\/p>\n\n\n\n<p>Freitag&nbsp;&nbsp;&nbsp;&nbsp;&nbsp;&nbsp;&nbsp;&nbsp;&nbsp;&nbsp;&nbsp;&nbsp;Beginn um 09.00 Uhr &#8211; Ende um 17.00 Uhr<\/p>\n\n\n\n<p>Samstag&nbsp;&nbsp;&nbsp;&nbsp;&nbsp;&nbsp;&nbsp;&nbsp;&nbsp;&nbsp;Beginn um 09.00 Uhr &#8211; Ende um 17.00 Uhr <\/p>\n\n\n\n<p>Sonntag&nbsp;&nbsp;&nbsp;&nbsp;&nbsp;&nbsp;&nbsp;&nbsp;&nbsp; Beginn um 09.00 Uhr &#8211; Ende um 14.00 Uhr (Keine Mittagspause)<\/p>\n\n\n\n<p><strong>3. Modul 25.-28.3.2026, Z\u00fcrich<\/strong><\/p>\n\n\n\n<p>Tag 1-3: 10 bis 18 Uhr, 1.5h Mittag<\/p>\n\n\n\n<p>Tag 4:    10 bis 16 Uhr 1h Mittag<\/p>\n\n\n\n<p><strong>4. Modul 18.-21.6.2026, Wien<\/strong><\/p>\n\n\n\n<p>Donnerstag&nbsp;&nbsp;&nbsp;&nbsp;&nbsp;Beginn um 10.30 Uhr &#8211; Ende um 17.00 Uhr<\/p>\n\n\n\n<p>Freitag&nbsp;&nbsp;&nbsp;&nbsp;&nbsp;&nbsp;&nbsp;&nbsp;&nbsp;&nbsp;&nbsp;&nbsp;&nbsp;Beginn um 09.00 Uhr &#8211; Ende um 17.00 Uhr<\/p>\n\n\n\n<p>Samstag&nbsp;&nbsp;&nbsp;&nbsp;&nbsp;&nbsp;&nbsp;&nbsp;&nbsp;&nbsp; Beginn um 09.00 Uhr &#8211; Ende um 17.00 Uhr <\/p>\n\n\n\n<p>Sonntag&nbsp;&nbsp;&nbsp;&nbsp;&nbsp;&nbsp;&nbsp;&nbsp;&nbsp;&nbsp;&nbsp;Beginn um 09.00 Uhr &#8211; Ende um 14.00 Uhr (Keine Mittagspause)<\/p>\n\n\n\n<p><strong>5. Modul 19.-22.11.2026, Z\u00fcrich<\/strong><\/p>\n\n\n\n<p>Tag 1-3: 10 bis 18 Uhr, 1.5h Mittag<\/p>\n\n\n\n<p>Tag 4:    10 bis 16 Uhr 1h Mittag<\/p>\n\n\n\n<p><strong>6. Modul 18.-21.2.2027, Freiburg i.Br.<\/strong><\/p>\n\n\n\n<p>Mittwoch: 10.00-12.00 | 13.30-15.00 | 15.30-17.00<\/p>\n\n\n\n<p>Do.\/Fr.: 9.00-10.30 | 10.50-12.00 | 13.30-15.00 | 15.30-17.00<\/p>\n\n\n\n<p>Samstag: 9.00-10.30 | 10.50-12.00 | 13.30-14.30 | &nbsp;14.45-16.00<\/p>\n\n\n\n<p><mark style=\"background-color:rgba(0, 0, 0, 0)\" class=\"has-inline-color has-accent-color\">\u00c4nderungen vorbehalten.<\/mark><\/p>\n\n\n\n<h3 class=\"wp-block-heading\">Veranstaltungsorte<\/h3>\n\n\n\n<p>Modul 1: Berlin<br>Ostheopatieschule Deutschland, Oudenarder Str. 16, 13347 Berlin.<br>Modul 6: Freiburg im Breisgau<br>Caritas Tagungszentrum, Wintererstra\u00dfe 17, 79104 Freiburg im Breisgau<\/p>\n\n\n\n<p>Module 2 und 4: Wien<br>ISP-Wien, Cobenzlgasse 42, Wien<\/p>\n\n\n\n<p>Module 3 und 5: Z\u00fcrich<br>Parksaal Epi Park, S\u00fcdstrasse 120, 8008 Z\u00fcrich<\/p>\n\n\n\n<h3 class=\"wp-block-heading\">Anmeldung<\/h3>\n\n\n\n<p>Zur Anmeldung laden Sie sich bitte <a href=\"https:\/\/sexocorporel.com\/wp-content\/uploads\/2025\/01\/Anmeldung-Zertifizierungskurs-zum-Ausfuellen.pdf\" target=\"_blank\" rel=\"noreferrer noopener\">dieses Anmeldeformular<\/a> herunter und senden es ausgef\u00fcllt an Lea Wortmann: zert-lehrgang@ziss.ch.<\/p>\n","protected":false},"excerpt":{"rendered":"<p>Wir freuen uns sehr, den neu konzeptionierten Zertifizierungslehrgang vorstellen zu k\u00f6nnen. Er ist aus einer Kooperation der deutschsprachigen Ausbildungsinstitute entstanden mit dem Wunsch, unseren Ausbildungskandidat*innen eine effiziente und praxisorientierte Ausbildung zu bieten. Ein modulares System erm\u00f6glicht es den Teilnehmenden, vom Erfahrungswissen und den Kompetenzen aller Ausbildungsinstitute zu profitieren. Ziele Absolvent*innen des Zertifizierungslehrganges haben die k\u00f6rperlichen, [&hellip;]<\/p>\n","protected":false},"author":1,"featured_media":0,"parent":14,"menu_order":80,"comment_status":"closed","ping_status":"closed","template":"","meta":{"footnotes":""},"class_list":["post-328","page","type-page","status-publish","hentry"],"featured_image_src":null,"yoast_head":"<!-- This site is optimized with the Yoast SEO plugin v26.8 - https:\/\/yoast.com\/product\/yoast-seo-wordpress\/ -->\n<title>Zertifizierungslehrgang Sexocorporel - Institut Sexocorporel International<\/title>\n<meta name=\"description\" content=\"Erfahren Sie mehr zum Zertifizierungslehrgang der Methode Sexocorporel, dem f\u00fchrenden Modell in der Sexologie und Sexualtherapie.\" \/>\n<meta name=\"robots\" content=\"index, follow, max-snippet:-1, max-image-preview:large, max-video-preview:-1\" \/>\n<link rel=\"canonical\" href=\"https:\/\/sexocorporel.com\/de\/ausbildung\/zertifizierungslehrgang\/\" \/>\n<meta property=\"og:locale\" content=\"de_DE\" \/>\n<meta property=\"og:type\" content=\"article\" \/>\n<meta property=\"og:title\" content=\"Zertifizierungslehrgang Sexocorporel - Institut Sexocorporel International\" \/>\n<meta property=\"og:description\" content=\"Erfahren Sie mehr zum Zertifizierungslehrgang der Methode Sexocorporel, dem f\u00fchrenden Modell in der Sexologie und Sexualtherapie.\" \/>\n<meta property=\"og:url\" content=\"https:\/\/sexocorporel.com\/de\/ausbildung\/zertifizierungslehrgang\/\" \/>\n<meta property=\"og:site_name\" content=\"Institut Sexocorporel International\" \/>\n<meta property=\"article:modified_time\" content=\"2025-09-03T14:52:09+00:00\" \/>\n<meta name=\"twitter:card\" content=\"summary_large_image\" \/>\n<meta name=\"twitter:label1\" content=\"Gesch\u00e4tzte Lesezeit\" \/>\n\t<meta name=\"twitter:data1\" content=\"5\u00a0Minuten\" \/>\n<script type=\"application\/ld+json\" class=\"yoast-schema-graph\">{\"@context\":\"https:\/\/schema.org\",\"@graph\":[{\"@type\":\"WebPage\",\"@id\":\"https:\/\/sexocorporel.com\/de\/ausbildung\/zertifizierungslehrgang\/\",\"url\":\"https:\/\/sexocorporel.com\/de\/ausbildung\/zertifizierungslehrgang\/\",\"name\":\"Zertifizierungslehrgang Sexocorporel - Institut Sexocorporel International\",\"isPartOf\":{\"@id\":\"https:\/\/sexocorporel.com\/de\/#website\"},\"datePublished\":\"2020-06-30T22:03:13+00:00\",\"dateModified\":\"2025-09-03T14:52:09+00:00\",\"description\":\"Erfahren Sie mehr zum Zertifizierungslehrgang der Methode Sexocorporel, dem f\u00fchrenden Modell in der Sexologie und Sexualtherapie.\",\"breadcrumb\":{\"@id\":\"https:\/\/sexocorporel.com\/de\/ausbildung\/zertifizierungslehrgang\/#breadcrumb\"},\"inLanguage\":\"de\",\"potentialAction\":[{\"@type\":\"ReadAction\",\"target\":[\"https:\/\/sexocorporel.com\/de\/ausbildung\/zertifizierungslehrgang\/\"]}]},{\"@type\":\"BreadcrumbList\",\"@id\":\"https:\/\/sexocorporel.com\/de\/ausbildung\/zertifizierungslehrgang\/#breadcrumb\",\"itemListElement\":[{\"@type\":\"ListItem\",\"position\":1,\"name\":\"Startseite\",\"item\":\"https:\/\/sexocorporel.com\/de\/\"},{\"@type\":\"ListItem\",\"position\":2,\"name\":\"Ausbildung\",\"item\":\"https:\/\/sexocorporel.com\/de\/ausbildung\/\"},{\"@type\":\"ListItem\",\"position\":3,\"name\":\"Zertifizierungslehrgang\"}]},{\"@type\":\"WebSite\",\"@id\":\"https:\/\/sexocorporel.com\/de\/#website\",\"url\":\"https:\/\/sexocorporel.com\/de\/\",\"name\":\"Institut Sexocorporel International\",\"description\":\"Jean-Yves Desjardins\",\"publisher\":{\"@id\":\"https:\/\/sexocorporel.com\/de\/#organization\"},\"potentialAction\":[{\"@type\":\"SearchAction\",\"target\":{\"@type\":\"EntryPoint\",\"urlTemplate\":\"https:\/\/sexocorporel.com\/de\/?s={search_term_string}\"},\"query-input\":{\"@type\":\"PropertyValueSpecification\",\"valueRequired\":true,\"valueName\":\"search_term_string\"}}],\"inLanguage\":\"de\"},{\"@type\":\"Organization\",\"@id\":\"https:\/\/sexocorporel.com\/de\/#organization\",\"name\":\"Institut Sexocorporel International\",\"url\":\"https:\/\/sexocorporel.com\/de\/\",\"logo\":{\"@type\":\"ImageObject\",\"inLanguage\":\"de\",\"@id\":\"https:\/\/sexocorporel.com\/de\/#\/schema\/logo\/image\/\",\"url\":\"https:\/\/sexocorporel.com\/wp-content\/uploads\/2020\/07\/cropped-629e6a99-4d9e-421b-b20e-8b428f763559-e1595527047446.jpg\",\"contentUrl\":\"https:\/\/sexocorporel.com\/wp-content\/uploads\/2020\/07\/cropped-629e6a99-4d9e-421b-b20e-8b428f763559-e1595527047446.jpg\",\"width\":895,\"height\":270,\"caption\":\"Institut Sexocorporel International\"},\"image\":{\"@id\":\"https:\/\/sexocorporel.com\/de\/#\/schema\/logo\/image\/\"}}]}<\/script>\n<!-- \/ Yoast SEO plugin. -->","yoast_head_json":{"title":"Zertifizierungslehrgang Sexocorporel - Institut Sexocorporel International","description":"Erfahren Sie mehr zum Zertifizierungslehrgang der Methode Sexocorporel, dem f\u00fchrenden Modell in der Sexologie und Sexualtherapie.","robots":{"index":"index","follow":"follow","max-snippet":"max-snippet:-1","max-image-preview":"max-image-preview:large","max-video-preview":"max-video-preview:-1"},"canonical":"https:\/\/sexocorporel.com\/de\/ausbildung\/zertifizierungslehrgang\/","og_locale":"de_DE","og_type":"article","og_title":"Zertifizierungslehrgang Sexocorporel - Institut Sexocorporel International","og_description":"Erfahren Sie mehr zum Zertifizierungslehrgang der Methode Sexocorporel, dem f\u00fchrenden Modell in der Sexologie und Sexualtherapie.","og_url":"https:\/\/sexocorporel.com\/de\/ausbildung\/zertifizierungslehrgang\/","og_site_name":"Institut Sexocorporel International","article_modified_time":"2025-09-03T14:52:09+00:00","twitter_card":"summary_large_image","twitter_misc":{"Gesch\u00e4tzte Lesezeit":"5\u00a0Minuten"},"schema":{"@context":"https:\/\/schema.org","@graph":[{"@type":"WebPage","@id":"https:\/\/sexocorporel.com\/de\/ausbildung\/zertifizierungslehrgang\/","url":"https:\/\/sexocorporel.com\/de\/ausbildung\/zertifizierungslehrgang\/","name":"Zertifizierungslehrgang Sexocorporel - Institut Sexocorporel International","isPartOf":{"@id":"https:\/\/sexocorporel.com\/de\/#website"},"datePublished":"2020-06-30T22:03:13+00:00","dateModified":"2025-09-03T14:52:09+00:00","description":"Erfahren Sie mehr zum Zertifizierungslehrgang der Methode Sexocorporel, dem f\u00fchrenden Modell in der Sexologie und Sexualtherapie.","breadcrumb":{"@id":"https:\/\/sexocorporel.com\/de\/ausbildung\/zertifizierungslehrgang\/#breadcrumb"},"inLanguage":"de","potentialAction":[{"@type":"ReadAction","target":["https:\/\/sexocorporel.com\/de\/ausbildung\/zertifizierungslehrgang\/"]}]},{"@type":"BreadcrumbList","@id":"https:\/\/sexocorporel.com\/de\/ausbildung\/zertifizierungslehrgang\/#breadcrumb","itemListElement":[{"@type":"ListItem","position":1,"name":"Startseite","item":"https:\/\/sexocorporel.com\/de\/"},{"@type":"ListItem","position":2,"name":"Ausbildung","item":"https:\/\/sexocorporel.com\/de\/ausbildung\/"},{"@type":"ListItem","position":3,"name":"Zertifizierungslehrgang"}]},{"@type":"WebSite","@id":"https:\/\/sexocorporel.com\/de\/#website","url":"https:\/\/sexocorporel.com\/de\/","name":"Institut Sexocorporel International","description":"Jean-Yves Desjardins","publisher":{"@id":"https:\/\/sexocorporel.com\/de\/#organization"},"potentialAction":[{"@type":"SearchAction","target":{"@type":"EntryPoint","urlTemplate":"https:\/\/sexocorporel.com\/de\/?s={search_term_string}"},"query-input":{"@type":"PropertyValueSpecification","valueRequired":true,"valueName":"search_term_string"}}],"inLanguage":"de"},{"@type":"Organization","@id":"https:\/\/sexocorporel.com\/de\/#organization","name":"Institut Sexocorporel International","url":"https:\/\/sexocorporel.com\/de\/","logo":{"@type":"ImageObject","inLanguage":"de","@id":"https:\/\/sexocorporel.com\/de\/#\/schema\/logo\/image\/","url":"https:\/\/sexocorporel.com\/wp-content\/uploads\/2020\/07\/cropped-629e6a99-4d9e-421b-b20e-8b428f763559-e1595527047446.jpg","contentUrl":"https:\/\/sexocorporel.com\/wp-content\/uploads\/2020\/07\/cropped-629e6a99-4d9e-421b-b20e-8b428f763559-e1595527047446.jpg","width":895,"height":270,"caption":"Institut Sexocorporel International"},"image":{"@id":"https:\/\/sexocorporel.com\/de\/#\/schema\/logo\/image\/"}}]}},"_links":{"self":[{"href":"https:\/\/sexocorporel.com\/de\/wp-json\/wp\/v2\/pages\/328","targetHints":{"allow":["GET"]}}],"collection":[{"href":"https:\/\/sexocorporel.com\/de\/wp-json\/wp\/v2\/pages"}],"about":[{"href":"https:\/\/sexocorporel.com\/de\/wp-json\/wp\/v2\/types\/page"}],"author":[{"embeddable":true,"href":"https:\/\/sexocorporel.com\/de\/wp-json\/wp\/v2\/users\/1"}],"replies":[{"embeddable":true,"href":"https:\/\/sexocorporel.com\/de\/wp-json\/wp\/v2\/comments?post=328"}],"version-history":[{"count":10,"href":"https:\/\/sexocorporel.com\/de\/wp-json\/wp\/v2\/pages\/328\/revisions"}],"predecessor-version":[{"id":7680,"href":"https:\/\/sexocorporel.com\/de\/wp-json\/wp\/v2\/pages\/328\/revisions\/7680"}],"up":[{"embeddable":true,"href":"https:\/\/sexocorporel.com\/de\/wp-json\/wp\/v2\/pages\/14"}],"wp:attachment":[{"href":"https:\/\/sexocorporel.com\/de\/wp-json\/wp\/v2\/media?parent=328"}],"curies":[{"name":"wp","href":"https:\/\/api.w.org\/{rel}","templated":true}]}}