{"id":324,"date":"2020-06-30T23:50:12","date_gmt":"2020-06-30T21:50:12","guid":{"rendered":"https:\/\/sexocorporel.com\/?page_id=324"},"modified":"2021-02-14T18:11:29","modified_gmt":"2021-02-14T17:11:29","slug":"vertiefungslehrgang","status":"publish","type":"page","link":"https:\/\/sexocorporel.com\/de\/ausbildung\/vertiefungslehrgang\/","title":{"rendered":"Vertiefungslehrgang"},"content":{"rendered":"\n<h3 class=\"wp-block-heading\">Allgemeine Ziele:<\/h3>\n\n\n\n<ul class=\"wp-block-list\"><li>Vertiefung der theoretischen Grundlagen des Sexocorporel.<\/li><li>Ausbau der F\u00e4higkeit, eine Person bewertungsfrei zu beobachten und zu h\u00f6ren.<\/li><li>Verst\u00e4ndnis f\u00fcr klinische Situationen ausgehend von der Logik des Systems.<\/li><\/ul>\n\n\n\n<h3 class=\"wp-block-heading\">Spezifische Ziele:<\/h3>\n\n\n\n<h4 class=\"wp-block-heading\">Theoretische Kenntnisse:<\/h4>\n\n\n\n<ul class=\"wp-block-list\"><li>Integration der Zusammenh\u00e4nge und Wechselwirkungen zwischen den verschiedenen Komponenten des Modells der sexuellen Funktionalit\u00e4t<\/li><\/ul>\n\n\n\n<h4 class=\"wp-block-heading\">Physiologische F\u00e4higkeiten:<\/h4>\n\n\n\n<ul class=\"wp-block-list\"><li>Beherrschen der k\u00f6rperlichen Beobachtung der Teilnehmenden beim Erwerb von Sexocorporel-F\u00e4higkeiten, darunter: Arten von Atmung, Zentrierung, K\u00f6rperhaltung, Muskelspannung, Rhythmen, Bewegungsamplitude, Dissoziation von K\u00f6rperbewegungen, Doppelte Schaukel, etc.<\/li><\/ul>\n\n\n\n<h4 class=\"wp-block-heading\">Sexodynamische F\u00e4higkeiten:<\/h4>\n\n\n\n<ul class=\"wp-block-list\"><li>Vertiefung der Kenntnisse \u00fcber die sexodynamischen Komponenten: sexuelles Lusterleben, sexuelles Begehren, sexuelle Anziehungscodes, sexuelle Selbstsicherheit, sexuelle Intensit\u00e4t, Gef\u00fchl der Geschlechtszugeh\u00f6rigkeit, sexuelle Intrusivit\u00e4t und Rezeptivit\u00e4t.<\/li><li>Kenntnis der Verbindung zwischen der Qualit\u00e4t der Erregungsfunktion und der Qualit\u00e4t des pers\u00f6nlichen und partnerschaftlichen erotischen Erlebens.<\/li><\/ul>\n\n\n\n<h4 class=\"wp-block-heading\">Kognitive F\u00e4higkeiten:<\/h4>\n\n\n\n<ul class=\"wp-block-list\"><li>Vertiefung der wissenschaftlichen Kenntnisse in diesem Bereich (sexuelle Entwicklung, sexuelle Funktion, etc..).<\/li><\/ul>\n\n\n\n<h4 class=\"wp-block-heading\">Die sexualtherapeutische Intervention:<\/h4>\n\n\n\n<ul class=\"wp-block-list\"><li>Beherrschen des Lesens der K\u00f6rpersprache. <\/li><li>Vertiefung der Sexocorporel Evaluation.<\/li><li>Vertiefung der Analyse der k\u00f6rperlichen Strukturierung der sexuellen Spannung, Ableiten intrapsychischer Bedeutungen aus der Dynamik des K\u00f6rpers<\/li><li>Kenntnis der Ziele, Inhalte, Vorg\u00e4nge und Schritte von Behandlungen.<\/li><li>Vertiefung der sexualtherapeutischen Techniken der verschiedenen Sexocorporel Behandlungen, von der sexuellen Erregungsfunktion bis hin zum Gef\u00fchl der Geschlechtszugeh\u00f6rigkeit.<\/li><\/ul>\n\n\n\n<h3 class=\"wp-block-heading\">Theoretische Inhalte der Module:<\/h3>\n\n\n\n<p>Diese entsprechen der in der \u00dcbersicht des Ansatzes (oben bei 2) erw\u00e4hnten Theorie. Die Studierenden nehmen auf der 2. Stufe als Beobachter*innen teil. In jedem Modul erhalten sie spezifische Beobachtunsaufgaben. Sie arbeiten in Kleingruppen mit einem Leitenden, um das Lesen der K\u00f6rpersprache und das wertfreie Zuh\u00f6ren zu lernen. In jedem Modul pr\u00e4sentieren die Studierenden ihre Beobachtungen in diesen Kleingruppen.<\/p>\n\n\n\n<h3 class=\"wp-block-heading\">Validierung:<\/h3>\n\n\n\n<ul class=\"wp-block-list\"><li>Pr\u00fcfungen<\/li><li>F\u00e4higkeit zur Objektivierung beim Lesen der K\u00f6rpersprache<\/li><li>Beobachtungen durch die Leiter*innen w\u00e4hrend der Ausbildung<\/li><li>Supervision \/ Intervision<\/li><\/ul>\n\n\n\n<h3 class=\"wp-block-heading\">Zertifizierung:<\/h3>\n\n\n\n<p>&#8220; Zertifikat \u00fcber das Vertiefungsstudium der klinischen Sexologie Sexocorporel ISI\u201c.<\/p>\n\n\n\n<p>Jegliche sexualtherapeutische Arbeit sollte unter Sexocorporel Supervision (durch das ISI anerkannter Supervisor*in) stattfinden.<\/p>\n","protected":false},"excerpt":{"rendered":"<p>Allgemeine Ziele: Vertiefung der theoretischen Grundlagen des Sexocorporel. Ausbau der F\u00e4higkeit, eine Person bewertungsfrei zu beobachten und zu h\u00f6ren. Verst\u00e4ndnis f\u00fcr klinische Situationen ausgehend von der Logik des Systems. Spezifische Ziele: Theoretische Kenntnisse: Integration der Zusammenh\u00e4nge und Wechselwirkungen zwischen den verschiedenen Komponenten des Modells der sexuellen Funktionalit\u00e4t Physiologische F\u00e4higkeiten: Beherrschen der k\u00f6rperlichen Beobachtung der Teilnehmenden [&hellip;]<\/p>\n","protected":false},"author":1,"featured_media":0,"parent":14,"menu_order":87,"comment_status":"closed","ping_status":"closed","template":"","meta":{"footnotes":""},"class_list":["post-324","page","type-page","status-publish","hentry"],"featured_image_src":null,"yoast_head":"<!-- This site is optimized with the Yoast SEO plugin v26.8 - https:\/\/yoast.com\/product\/yoast-seo-wordpress\/ -->\n<title>Vertiefungslehrgang Sexocorporel - Institut Sexocorporel International<\/title>\n<meta name=\"description\" content=\"Erfahren Sie mehr zum Vertiefungslehrgang der Methode Sexocorporel, dem f\u00fchrenden Modell in der Sexologie und Sexualtherapie.\" \/>\n<meta name=\"robots\" content=\"index, follow, max-snippet:-1, max-image-preview:large, max-video-preview:-1\" \/>\n<link rel=\"canonical\" href=\"https:\/\/sexocorporel.com\/de\/ausbildung\/vertiefungslehrgang\/\" \/>\n<meta property=\"og:locale\" content=\"de_DE\" \/>\n<meta property=\"og:type\" content=\"article\" \/>\n<meta property=\"og:title\" content=\"Vertiefungslehrgang Sexocorporel - Institut Sexocorporel International\" \/>\n<meta property=\"og:description\" content=\"Erfahren Sie mehr zum Vertiefungslehrgang der Methode Sexocorporel, dem f\u00fchrenden Modell in der Sexologie und Sexualtherapie.\" \/>\n<meta property=\"og:url\" content=\"https:\/\/sexocorporel.com\/de\/ausbildung\/vertiefungslehrgang\/\" \/>\n<meta property=\"og:site_name\" content=\"Institut Sexocorporel International\" \/>\n<meta property=\"article:modified_time\" content=\"2021-02-14T17:11:29+00:00\" \/>\n<meta name=\"twitter:card\" content=\"summary_large_image\" \/>\n<meta name=\"twitter:label1\" content=\"Gesch\u00e4tzte Lesezeit\" \/>\n\t<meta name=\"twitter:data1\" content=\"2\u00a0Minuten\" \/>\n<script type=\"application\/ld+json\" class=\"yoast-schema-graph\">{\"@context\":\"https:\/\/schema.org\",\"@graph\":[{\"@type\":\"WebPage\",\"@id\":\"https:\/\/sexocorporel.com\/de\/ausbildung\/vertiefungslehrgang\/\",\"url\":\"https:\/\/sexocorporel.com\/de\/ausbildung\/vertiefungslehrgang\/\",\"name\":\"Vertiefungslehrgang Sexocorporel - Institut Sexocorporel International\",\"isPartOf\":{\"@id\":\"https:\/\/sexocorporel.com\/de\/#website\"},\"datePublished\":\"2020-06-30T21:50:12+00:00\",\"dateModified\":\"2021-02-14T17:11:29+00:00\",\"description\":\"Erfahren Sie mehr zum Vertiefungslehrgang der Methode Sexocorporel, dem f\u00fchrenden Modell in der Sexologie und Sexualtherapie.\",\"breadcrumb\":{\"@id\":\"https:\/\/sexocorporel.com\/de\/ausbildung\/vertiefungslehrgang\/#breadcrumb\"},\"inLanguage\":\"de\",\"potentialAction\":[{\"@type\":\"ReadAction\",\"target\":[\"https:\/\/sexocorporel.com\/de\/ausbildung\/vertiefungslehrgang\/\"]}]},{\"@type\":\"BreadcrumbList\",\"@id\":\"https:\/\/sexocorporel.com\/de\/ausbildung\/vertiefungslehrgang\/#breadcrumb\",\"itemListElement\":[{\"@type\":\"ListItem\",\"position\":1,\"name\":\"Startseite\",\"item\":\"https:\/\/sexocorporel.com\/de\/\"},{\"@type\":\"ListItem\",\"position\":2,\"name\":\"Ausbildung\",\"item\":\"https:\/\/sexocorporel.com\/de\/ausbildung\/\"},{\"@type\":\"ListItem\",\"position\":3,\"name\":\"Vertiefungslehrgang\"}]},{\"@type\":\"WebSite\",\"@id\":\"https:\/\/sexocorporel.com\/de\/#website\",\"url\":\"https:\/\/sexocorporel.com\/de\/\",\"name\":\"Institut Sexocorporel International\",\"description\":\"Jean-Yves Desjardins\",\"publisher\":{\"@id\":\"https:\/\/sexocorporel.com\/de\/#organization\"},\"potentialAction\":[{\"@type\":\"SearchAction\",\"target\":{\"@type\":\"EntryPoint\",\"urlTemplate\":\"https:\/\/sexocorporel.com\/de\/?s={search_term_string}\"},\"query-input\":{\"@type\":\"PropertyValueSpecification\",\"valueRequired\":true,\"valueName\":\"search_term_string\"}}],\"inLanguage\":\"de\"},{\"@type\":\"Organization\",\"@id\":\"https:\/\/sexocorporel.com\/de\/#organization\",\"name\":\"Institut Sexocorporel International\",\"url\":\"https:\/\/sexocorporel.com\/de\/\",\"logo\":{\"@type\":\"ImageObject\",\"inLanguage\":\"de\",\"@id\":\"https:\/\/sexocorporel.com\/de\/#\/schema\/logo\/image\/\",\"url\":\"https:\/\/sexocorporel.com\/wp-content\/uploads\/2020\/07\/cropped-629e6a99-4d9e-421b-b20e-8b428f763559-e1595527047446.jpg\",\"contentUrl\":\"https:\/\/sexocorporel.com\/wp-content\/uploads\/2020\/07\/cropped-629e6a99-4d9e-421b-b20e-8b428f763559-e1595527047446.jpg\",\"width\":895,\"height\":270,\"caption\":\"Institut Sexocorporel International\"},\"image\":{\"@id\":\"https:\/\/sexocorporel.com\/de\/#\/schema\/logo\/image\/\"}}]}<\/script>\n<!-- \/ Yoast SEO plugin. -->","yoast_head_json":{"title":"Vertiefungslehrgang Sexocorporel - Institut Sexocorporel International","description":"Erfahren Sie mehr zum Vertiefungslehrgang der Methode Sexocorporel, dem f\u00fchrenden Modell in der Sexologie und Sexualtherapie.","robots":{"index":"index","follow":"follow","max-snippet":"max-snippet:-1","max-image-preview":"max-image-preview:large","max-video-preview":"max-video-preview:-1"},"canonical":"https:\/\/sexocorporel.com\/de\/ausbildung\/vertiefungslehrgang\/","og_locale":"de_DE","og_type":"article","og_title":"Vertiefungslehrgang Sexocorporel - Institut Sexocorporel International","og_description":"Erfahren Sie mehr zum Vertiefungslehrgang der Methode Sexocorporel, dem f\u00fchrenden Modell in der Sexologie und Sexualtherapie.","og_url":"https:\/\/sexocorporel.com\/de\/ausbildung\/vertiefungslehrgang\/","og_site_name":"Institut Sexocorporel International","article_modified_time":"2021-02-14T17:11:29+00:00","twitter_card":"summary_large_image","twitter_misc":{"Gesch\u00e4tzte Lesezeit":"2\u00a0Minuten"},"schema":{"@context":"https:\/\/schema.org","@graph":[{"@type":"WebPage","@id":"https:\/\/sexocorporel.com\/de\/ausbildung\/vertiefungslehrgang\/","url":"https:\/\/sexocorporel.com\/de\/ausbildung\/vertiefungslehrgang\/","name":"Vertiefungslehrgang Sexocorporel - Institut Sexocorporel International","isPartOf":{"@id":"https:\/\/sexocorporel.com\/de\/#website"},"datePublished":"2020-06-30T21:50:12+00:00","dateModified":"2021-02-14T17:11:29+00:00","description":"Erfahren Sie mehr zum Vertiefungslehrgang der Methode Sexocorporel, dem f\u00fchrenden Modell in der Sexologie und Sexualtherapie.","breadcrumb":{"@id":"https:\/\/sexocorporel.com\/de\/ausbildung\/vertiefungslehrgang\/#breadcrumb"},"inLanguage":"de","potentialAction":[{"@type":"ReadAction","target":["https:\/\/sexocorporel.com\/de\/ausbildung\/vertiefungslehrgang\/"]}]},{"@type":"BreadcrumbList","@id":"https:\/\/sexocorporel.com\/de\/ausbildung\/vertiefungslehrgang\/#breadcrumb","itemListElement":[{"@type":"ListItem","position":1,"name":"Startseite","item":"https:\/\/sexocorporel.com\/de\/"},{"@type":"ListItem","position":2,"name":"Ausbildung","item":"https:\/\/sexocorporel.com\/de\/ausbildung\/"},{"@type":"ListItem","position":3,"name":"Vertiefungslehrgang"}]},{"@type":"WebSite","@id":"https:\/\/sexocorporel.com\/de\/#website","url":"https:\/\/sexocorporel.com\/de\/","name":"Institut Sexocorporel International","description":"Jean-Yves Desjardins","publisher":{"@id":"https:\/\/sexocorporel.com\/de\/#organization"},"potentialAction":[{"@type":"SearchAction","target":{"@type":"EntryPoint","urlTemplate":"https:\/\/sexocorporel.com\/de\/?s={search_term_string}"},"query-input":{"@type":"PropertyValueSpecification","valueRequired":true,"valueName":"search_term_string"}}],"inLanguage":"de"},{"@type":"Organization","@id":"https:\/\/sexocorporel.com\/de\/#organization","name":"Institut Sexocorporel International","url":"https:\/\/sexocorporel.com\/de\/","logo":{"@type":"ImageObject","inLanguage":"de","@id":"https:\/\/sexocorporel.com\/de\/#\/schema\/logo\/image\/","url":"https:\/\/sexocorporel.com\/wp-content\/uploads\/2020\/07\/cropped-629e6a99-4d9e-421b-b20e-8b428f763559-e1595527047446.jpg","contentUrl":"https:\/\/sexocorporel.com\/wp-content\/uploads\/2020\/07\/cropped-629e6a99-4d9e-421b-b20e-8b428f763559-e1595527047446.jpg","width":895,"height":270,"caption":"Institut Sexocorporel International"},"image":{"@id":"https:\/\/sexocorporel.com\/de\/#\/schema\/logo\/image\/"}}]}},"_links":{"self":[{"href":"https:\/\/sexocorporel.com\/de\/wp-json\/wp\/v2\/pages\/324","targetHints":{"allow":["GET"]}}],"collection":[{"href":"https:\/\/sexocorporel.com\/de\/wp-json\/wp\/v2\/pages"}],"about":[{"href":"https:\/\/sexocorporel.com\/de\/wp-json\/wp\/v2\/types\/page"}],"author":[{"embeddable":true,"href":"https:\/\/sexocorporel.com\/de\/wp-json\/wp\/v2\/users\/1"}],"replies":[{"embeddable":true,"href":"https:\/\/sexocorporel.com\/de\/wp-json\/wp\/v2\/comments?post=324"}],"version-history":[{"count":9,"href":"https:\/\/sexocorporel.com\/de\/wp-json\/wp\/v2\/pages\/324\/revisions"}],"predecessor-version":[{"id":3145,"href":"https:\/\/sexocorporel.com\/de\/wp-json\/wp\/v2\/pages\/324\/revisions\/3145"}],"up":[{"embeddable":true,"href":"https:\/\/sexocorporel.com\/de\/wp-json\/wp\/v2\/pages\/14"}],"wp:attachment":[{"href":"https:\/\/sexocorporel.com\/de\/wp-json\/wp\/v2\/media?parent=324"}],"curies":[{"name":"wp","href":"https:\/\/api.w.org\/{rel}","templated":true}]}}