{"id":3063,"date":"2021-02-08T08:15:24","date_gmt":"2021-02-08T07:15:24","guid":{"rendered":"https:\/\/sexocorporel.com\/?page_id=3063"},"modified":"2026-01-31T03:47:32","modified_gmt":"2026-01-31T02:47:32","slug":"mitgliederbereich","status":"publish","type":"page","link":"https:\/\/sexocorporel.com\/de\/mitgliederbereich\/","title":{"rendered":"Mitgliederbereich"},"content":{"rendered":"<p>Der Inhalt dieses Bereichs ist ausschlie\u00dflich registrierten Nutzerinnen und Nutzern zug\u00e4nglich.<br \/>\nDer Zugang ist den Mitgliedern vorbehalten, um ein professionelles, vertrauliches Umfeld zu gew\u00e4hrleisten und die Qualit\u00e4tsstandards einzuhalten.<br \/>\nUm den Inhalt anzusehen, bitte <a href=\"\/de\/log-in\/\">melden Sie sich an<\/a> oder <a href=\"\/de\/registrieren\/\">registrieren Sie sich<\/a>.<\/p>\n","protected":false},"excerpt":{"rendered":"<p>Der Inhalt dieses Bereichs ist ausschlie\u00dflich registrierten Nutzerinnen und Nutzern zug\u00e4nglich. Der Zugang ist den Mitgliedern vorbehalten, um ein professionelles, vertrauliches Umfeld zu gew\u00e4hrleisten und die Qualit\u00e4tsstandards einzuhalten. Um den Inhalt anzusehen, bitte melden Sie sich an oder registrieren Sie sich.<\/p>\n","protected":false},"author":1,"featured_media":0,"parent":0,"menu_order":6,"comment_status":"closed","ping_status":"closed","template":"","meta":{"footnotes":""},"class_list":["post-3063","page","type-page","status-publish","hentry"],"featured_image_src":null,"yoast_head":"<!-- This site is optimized with the Yoast SEO plugin v26.8 - https:\/\/yoast.com\/product\/yoast-seo-wordpress\/ -->\n<title>Mitgliederbereich - Institut Sexocorporel International<\/title>\n<meta name=\"robots\" content=\"index, follow, max-snippet:-1, max-image-preview:large, max-video-preview:-1\" \/>\n<link rel=\"canonical\" href=\"https:\/\/sexocorporel.com\/de\/mitgliederbereich\/\" \/>\n<meta property=\"og:locale\" content=\"de_DE\" \/>\n<meta property=\"og:type\" content=\"article\" \/>\n<meta property=\"og:title\" content=\"Mitgliederbereich - Institut Sexocorporel International\" \/>\n<meta property=\"og:description\" content=\"Der Inhalt dieses Bereichs ist ausschlie\u00dflich registrierten Nutzerinnen und Nutzern zug\u00e4nglich. Der Zugang ist den Mitgliedern vorbehalten, um ein professionelles, vertrauliches Umfeld zu gew\u00e4hrleisten und die Qualit\u00e4tsstandards einzuhalten. Um den Inhalt anzusehen, bitte melden Sie sich an oder registrieren Sie sich.\" \/>\n<meta property=\"og:url\" content=\"https:\/\/sexocorporel.com\/de\/mitgliederbereich\/\" \/>\n<meta property=\"og:site_name\" content=\"Institut Sexocorporel International\" \/>\n<meta property=\"article:modified_time\" content=\"2026-01-31T02:47:32+00:00\" \/>\n<meta name=\"twitter:card\" content=\"summary_large_image\" \/>\n<meta name=\"twitter:label1\" content=\"Gesch\u00e4tzte Lesezeit\" \/>\n\t<meta name=\"twitter:data1\" content=\"1\u00a0Minute\" \/>\n<script type=\"application\/ld+json\" class=\"yoast-schema-graph\">{\"@context\":\"https:\/\/schema.org\",\"@graph\":[{\"@type\":\"WebPage\",\"@id\":\"https:\/\/sexocorporel.com\/de\/mitgliederbereich\/\",\"url\":\"https:\/\/sexocorporel.com\/de\/mitgliederbereich\/\",\"name\":\"Mitgliederbereich - Institut Sexocorporel International\",\"isPartOf\":{\"@id\":\"https:\/\/sexocorporel.com\/de\/#website\"},\"datePublished\":\"2021-02-08T07:15:24+00:00\",\"dateModified\":\"2026-01-31T02:47:32+00:00\",\"breadcrumb\":{\"@id\":\"https:\/\/sexocorporel.com\/de\/mitgliederbereich\/#breadcrumb\"},\"inLanguage\":\"de\",\"potentialAction\":[{\"@type\":\"ReadAction\",\"target\":[\"https:\/\/sexocorporel.com\/de\/mitgliederbereich\/\"]}]},{\"@type\":\"BreadcrumbList\",\"@id\":\"https:\/\/sexocorporel.com\/de\/mitgliederbereich\/#breadcrumb\",\"itemListElement\":[{\"@type\":\"ListItem\",\"position\":1,\"name\":\"Startseite\",\"item\":\"https:\/\/sexocorporel.com\/de\/\"},{\"@type\":\"ListItem\",\"position\":2,\"name\":\"Mitgliederbereich\"}]},{\"@type\":\"WebSite\",\"@id\":\"https:\/\/sexocorporel.com\/de\/#website\",\"url\":\"https:\/\/sexocorporel.com\/de\/\",\"name\":\"Institut Sexocorporel International\",\"description\":\"Jean-Yves Desjardins\",\"publisher\":{\"@id\":\"https:\/\/sexocorporel.com\/de\/#organization\"},\"potentialAction\":[{\"@type\":\"SearchAction\",\"target\":{\"@type\":\"EntryPoint\",\"urlTemplate\":\"https:\/\/sexocorporel.com\/de\/?s={search_term_string}\"},\"query-input\":{\"@type\":\"PropertyValueSpecification\",\"valueRequired\":true,\"valueName\":\"search_term_string\"}}],\"inLanguage\":\"de\"},{\"@type\":\"Organization\",\"@id\":\"https:\/\/sexocorporel.com\/de\/#organization\",\"name\":\"Institut Sexocorporel International\",\"url\":\"https:\/\/sexocorporel.com\/de\/\",\"logo\":{\"@type\":\"ImageObject\",\"inLanguage\":\"de\",\"@id\":\"https:\/\/sexocorporel.com\/de\/#\/schema\/logo\/image\/\",\"url\":\"https:\/\/sexocorporel.com\/wp-content\/uploads\/2020\/07\/cropped-629e6a99-4d9e-421b-b20e-8b428f763559-e1595527047446.jpg\",\"contentUrl\":\"https:\/\/sexocorporel.com\/wp-content\/uploads\/2020\/07\/cropped-629e6a99-4d9e-421b-b20e-8b428f763559-e1595527047446.jpg\",\"width\":895,\"height\":270,\"caption\":\"Institut Sexocorporel International\"},\"image\":{\"@id\":\"https:\/\/sexocorporel.com\/de\/#\/schema\/logo\/image\/\"}}]}<\/script>\n<!-- \/ Yoast SEO plugin. -->","yoast_head_json":{"title":"Mitgliederbereich - Institut Sexocorporel International","robots":{"index":"index","follow":"follow","max-snippet":"max-snippet:-1","max-image-preview":"max-image-preview:large","max-video-preview":"max-video-preview:-1"},"canonical":"https:\/\/sexocorporel.com\/de\/mitgliederbereich\/","og_locale":"de_DE","og_type":"article","og_title":"Mitgliederbereich - Institut Sexocorporel International","og_description":"Der Inhalt dieses Bereichs ist ausschlie\u00dflich registrierten Nutzerinnen und Nutzern zug\u00e4nglich. Der Zugang ist den Mitgliedern vorbehalten, um ein professionelles, vertrauliches Umfeld zu gew\u00e4hrleisten und die Qualit\u00e4tsstandards einzuhalten. Um den Inhalt anzusehen, bitte melden Sie sich an oder registrieren Sie sich.","og_url":"https:\/\/sexocorporel.com\/de\/mitgliederbereich\/","og_site_name":"Institut Sexocorporel International","article_modified_time":"2026-01-31T02:47:32+00:00","twitter_card":"summary_large_image","twitter_misc":{"Gesch\u00e4tzte Lesezeit":"1\u00a0Minute"},"schema":{"@context":"https:\/\/schema.org","@graph":[{"@type":"WebPage","@id":"https:\/\/sexocorporel.com\/de\/mitgliederbereich\/","url":"https:\/\/sexocorporel.com\/de\/mitgliederbereich\/","name":"Mitgliederbereich - Institut Sexocorporel International","isPartOf":{"@id":"https:\/\/sexocorporel.com\/de\/#website"},"datePublished":"2021-02-08T07:15:24+00:00","dateModified":"2026-01-31T02:47:32+00:00","breadcrumb":{"@id":"https:\/\/sexocorporel.com\/de\/mitgliederbereich\/#breadcrumb"},"inLanguage":"de","potentialAction":[{"@type":"ReadAction","target":["https:\/\/sexocorporel.com\/de\/mitgliederbereich\/"]}]},{"@type":"BreadcrumbList","@id":"https:\/\/sexocorporel.com\/de\/mitgliederbereich\/#breadcrumb","itemListElement":[{"@type":"ListItem","position":1,"name":"Startseite","item":"https:\/\/sexocorporel.com\/de\/"},{"@type":"ListItem","position":2,"name":"Mitgliederbereich"}]},{"@type":"WebSite","@id":"https:\/\/sexocorporel.com\/de\/#website","url":"https:\/\/sexocorporel.com\/de\/","name":"Institut Sexocorporel International","description":"Jean-Yves Desjardins","publisher":{"@id":"https:\/\/sexocorporel.com\/de\/#organization"},"potentialAction":[{"@type":"SearchAction","target":{"@type":"EntryPoint","urlTemplate":"https:\/\/sexocorporel.com\/de\/?s={search_term_string}"},"query-input":{"@type":"PropertyValueSpecification","valueRequired":true,"valueName":"search_term_string"}}],"inLanguage":"de"},{"@type":"Organization","@id":"https:\/\/sexocorporel.com\/de\/#organization","name":"Institut Sexocorporel International","url":"https:\/\/sexocorporel.com\/de\/","logo":{"@type":"ImageObject","inLanguage":"de","@id":"https:\/\/sexocorporel.com\/de\/#\/schema\/logo\/image\/","url":"https:\/\/sexocorporel.com\/wp-content\/uploads\/2020\/07\/cropped-629e6a99-4d9e-421b-b20e-8b428f763559-e1595527047446.jpg","contentUrl":"https:\/\/sexocorporel.com\/wp-content\/uploads\/2020\/07\/cropped-629e6a99-4d9e-421b-b20e-8b428f763559-e1595527047446.jpg","width":895,"height":270,"caption":"Institut Sexocorporel International"},"image":{"@id":"https:\/\/sexocorporel.com\/de\/#\/schema\/logo\/image\/"}}]}},"_links":{"self":[{"href":"https:\/\/sexocorporel.com\/de\/wp-json\/wp\/v2\/pages\/3063","targetHints":{"allow":["GET"]}}],"collection":[{"href":"https:\/\/sexocorporel.com\/de\/wp-json\/wp\/v2\/pages"}],"about":[{"href":"https:\/\/sexocorporel.com\/de\/wp-json\/wp\/v2\/types\/page"}],"author":[{"embeddable":true,"href":"https:\/\/sexocorporel.com\/de\/wp-json\/wp\/v2\/users\/1"}],"replies":[{"embeddable":true,"href":"https:\/\/sexocorporel.com\/de\/wp-json\/wp\/v2\/comments?post=3063"}],"version-history":[{"count":10,"href":"https:\/\/sexocorporel.com\/de\/wp-json\/wp\/v2\/pages\/3063\/revisions"}],"predecessor-version":[{"id":7229,"href":"https:\/\/sexocorporel.com\/de\/wp-json\/wp\/v2\/pages\/3063\/revisions\/7229"}],"wp:attachment":[{"href":"https:\/\/sexocorporel.com\/de\/wp-json\/wp\/v2\/media?parent=3063"}],"curies":[{"name":"wp","href":"https:\/\/api.w.org\/{rel}","templated":true}]}}