{"id":254,"date":"2020-06-30T21:48:30","date_gmt":"2020-06-30T19:48:30","guid":{"rendered":"https:\/\/sexocorporel.com\/?page_id=254"},"modified":"2026-01-26T21:10:07","modified_gmt":"2026-01-26T20:10:07","slug":"isi-antrag-auf-mitgliedschaft","status":"publish","type":"page","link":"https:\/\/sexocorporel.com\/de\/institut-isi\/isi-antrag-auf-mitgliedschaft\/","title":{"rendered":"iSi Antrag auf Mitgliedschaft"},"content":{"rendered":"\n<p>Liebe Kolleginnen und Kollegen!<\/p>\n\n\n\n<p>Es freut uns, Ihnen die M\u00f6glichkeit anzubieten, beim Institut Sexocorporel International \u2013 Jean-Yves Desjardins Mitglied zu werden.<br>Das Institut hat sich zum Ziel gesetzt, die klinische Sexologie, die Ausbildung und die Forschung des Sexocorporel Ansatzes zu unterst\u00fctzen.<br>Eine Mitgliedschaft bringt Ihnen mehrere Vorteile:<\/p>\n\n\n\n<ul class=\"wp-block-list\">\n<li>Sie erhalten eine fachliche Anerkennung auf internationaler Ebene durch die iSi-Akkreditierung entsprechend Ihrer Mitgliedskategorie.<\/li>\n\n\n\n<li>Sie geh\u00f6ren der offiziellen Gruppierung der Fachpersonen des Sexocorporel an.<\/li>\n\n\n\n<li>Sie k\u00f6nnen den Kontakt mit Kollegen aus \u00fcber 6 L\u00e4ndern pflegen.<\/li>\n\n\n\n<li>Als ordentliches Mitglied profitieren Sie von einer internationalen Werbeplattform durch Auflisten Ihres Namens auf der Webseite www.sexocorporel.com.<\/li>\n\n\n\n<li>Sie erhalten Einladungen zu allen iSi Weiterbildungsanl\u00e4ssen zu reduziertem Eintrittspreis.<\/li>\n\n\n\n<li>Sie profitieren von einem Gratisabonnement der (auch deutsch \/ englisch gef\u00fchrten) Zeitschrift \u00abSant\u00e9 sexuelle\u00bb des iSi und k\u00f6nnen sich auf dem Laufenden halten \u00fcber die Entwicklungen des Sexocorporel und des Institutes.<\/li>\n<\/ul>\n\n\n\n<p>Wir sind stolz darauf einem tollen, dynamischen Team anzugeh\u00f6ren und wir hoffen, Sie zu uns z\u00e4hlen zu d\u00fcrfen!<br>Mit freundlichen Gr\u00fcssen<br>Das Direktionskommittee<\/p>\n\n\n\n<h6 class=\"wp-block-heading\">Mitglied werden<\/h6>\n\n\n\n<p>Es gibt verschiedene Arten der Mitgliedschaft (siehe auch&nbsp;<a href=\"https:\/\/sexocorporel.com\/mitgliederordnung\/\">Mitgliederordnung<\/a>):<\/p>\n\n\n\n<ul class=\"wp-block-list\">\n<li>Zertifiziertes Mitglied<\/li>\n\n\n\n<li>(Ausserordentliches) Mitglied<\/li>\n\n\n\n<li>Studierendes Mitglied (1.-3. Ausbildungslehrgang)<\/li>\n\n\n\n<li>Sympathisierendes Mitglied<\/li>\n\n\n\n<li>Ehrenmitglied<\/li>\n\n\n\n<li>iSi affiliiertes externes Mitglied<\/li>\n<\/ul>\n\n\n\n<p>Um Mitglied zu werden, registrieren Sie sich bitte Online \u00fcber dieses Formular:<\/p>\n\n\n\n<div class=\"wp-block-columns is-layout-flex wp-container-core-columns-is-layout-9d6595d7 wp-block-columns-is-layout-flex\">\n<div class=\"wp-block-column is-layout-flow wp-block-column-is-layout-flow\" style=\"flex-basis:66%\"> <div>\n<a href=https:\/\/sexocorporel.com\/de\/registrieren\/ class=\"outline-button\">\n\t\t<div class=\"outline-button single red\">\n\t<h5 class=\"block-link-button red small\">Hier registrieren\t<\/h5><div class=\"arrow small\"><\/div><\/div>\n<\/a>\n<\/div>\n<\/div>\n\n\n\n<div class=\"wp-block-column is-layout-flow wp-block-column-is-layout-flow\"><\/div>\n<\/div>\n\n\n\n<p><\/p>\n\n\n\n<h5 class=\"wp-block-heading\"><br>KOSTEN UND ZAHLUNGSMODALIT\u00c4TEN<\/h5>\n\n\n\n<h6 class=\"wp-block-heading\">JAHRESBEITRAG:<\/h6>\n\n\n\n<ul class=\"wp-block-list\">\n<li>150 Euro bzw. CHF f\u00fcr ordentliche Mitglieder (Diplom Klinische\/r Sexologe\/in iSi)<\/li>\n\n\n\n<li>90 Euro bzw. CHF f\u00fcr ausserordentliche Mitglieder (abgeschlossener Basislehrgang)<\/li>\n\n\n\n<li>30 Euro bzw. CHF f\u00fcr studierende Mitglieder (Beitr\u00e4ge der TeilnehmerInnen des Basislehrgangs werden vom Ausbildungsinstitut \u00fcbernommen!)<\/li>\n\n\n\n<li>60 Euro bzw. CHF f\u00fcr sympathisierende Mitglieder<\/li>\n\n\n\n<li>60 Euro bzw. CHF f\u00fcr iSi-affiliierte externe Mitglieder<\/li>\n<\/ul>\n\n\n\n<p>Sie k\u00f6nnen den Jahresbeitrag per \u00dcberweisung auf folgende Konten des iSi bezahlen.<\/p>\n\n\n\n<p>Alle Zahlungen in <strong>Euro <\/strong>k\u00f6nnen auf folgendes Konto einbezahlt werden:<br><strong> &nbsp; &nbsp; &nbsp;Beg\u00fcnstigter:<\/strong> iSi Institut Sexocorporel International<br> &nbsp; &nbsp; &nbsp; <strong>Bank :<\/strong> PostFinance AG<br> &nbsp; &nbsp; &nbsp; <strong>IBAN: <\/strong> CH37 0900 0000 1639 5518 5<br> &nbsp; &nbsp; &nbsp; <strong>BIC:<\/strong> POFICHBEXXX<br><strong> &nbsp; &nbsp; &nbsp;Adresse: <\/strong>Mingerstrasse 20, 3030 Bern<br><br>Mitglieder aus der <strong>Schweiz <\/strong>\u00fcberweisen bitte in <strong>CHF <\/strong>auf folgendes Konto.<br>&nbsp;&nbsp;&nbsp; <strong>Beg\u00fcnstigter<\/strong>: &nbsp; &nbsp;Institut Sexocorporel International <br>&nbsp;&nbsp;&nbsp; <strong>Name der Bank: <\/strong>&nbsp;&nbsp;PostFinance AG<br>&nbsp;&nbsp;&nbsp; <strong>IBAN: <\/strong> CH59 0900 0000 1639 5517 7<br> &nbsp; &nbsp;<strong>BIC:<\/strong> POFICHBEXXX<br><strong> &nbsp; Adresse: <\/strong>Mingerstrasse 20, 3030 Bern<br><\/p>\n\n\n\n<p>Das Transferwise-Konto wurde aufgel\u00f6st.<br>Bitte haben Sie Verst\u00e4ndnis, dass das iSi anf\u00e4llige Geb\u00fchren f\u00fcr Fremdw\u00e4hrungen und \u00dcberweisungen nicht \u00fcbernehmen kann.<\/p>\n","protected":false},"excerpt":{"rendered":"<p>Liebe Kolleginnen und Kollegen! Es freut uns, Ihnen die M\u00f6glichkeit anzubieten, beim Institut Sexocorporel International \u2013 Jean-Yves Desjardins Mitglied zu werden.Das Institut hat sich zum Ziel gesetzt, die klinische Sexologie, die Ausbildung und die Forschung des Sexocorporel Ansatzes zu unterst\u00fctzen.Eine Mitgliedschaft bringt Ihnen mehrere Vorteile: Wir sind stolz darauf einem tollen, dynamischen Team anzugeh\u00f6ren und [&hellip;]<\/p>\n","protected":false},"author":1,"featured_media":0,"parent":18,"menu_order":100,"comment_status":"closed","ping_status":"closed","template":"","meta":{"footnotes":""},"class_list":["post-254","page","type-page","status-publish","hentry"],"featured_image_src":null,"yoast_head":"<!-- This site is optimized with the Yoast SEO plugin v26.8 - https:\/\/yoast.com\/product\/yoast-seo-wordpress\/ -->\n<title>Antrag auf Mitgliedschaft Institut Sexocorporel International - iSi<\/title>\n<meta name=\"description\" content=\"Finden Sie den Antrag auf Mitgliedschaft beim Institut Sexocorporel International, dem f\u00fchrenden Modell in der Sexualtherapie von Professor Dr. Jean Yves Desjardins.\" \/>\n<meta name=\"robots\" content=\"index, follow, max-snippet:-1, max-image-preview:large, max-video-preview:-1\" \/>\n<link rel=\"canonical\" href=\"https:\/\/sexocorporel.com\/de\/institut-isi\/isi-antrag-auf-mitgliedschaft\/\" \/>\n<meta property=\"og:locale\" content=\"de_DE\" \/>\n<meta property=\"og:type\" content=\"article\" \/>\n<meta property=\"og:title\" content=\"Antrag auf Mitgliedschaft Institut Sexocorporel International - iSi\" \/>\n<meta property=\"og:description\" content=\"Finden Sie den Antrag auf Mitgliedschaft beim Institut Sexocorporel International, dem f\u00fchrenden Modell in der Sexualtherapie von Professor Dr. Jean Yves Desjardins.\" \/>\n<meta property=\"og:url\" content=\"https:\/\/sexocorporel.com\/de\/institut-isi\/isi-antrag-auf-mitgliedschaft\/\" \/>\n<meta property=\"og:site_name\" content=\"Institut Sexocorporel International\" \/>\n<meta property=\"article:modified_time\" content=\"2026-01-26T20:10:07+00:00\" \/>\n<meta name=\"twitter:card\" content=\"summary_large_image\" \/>\n<meta name=\"twitter:label1\" content=\"Gesch\u00e4tzte Lesezeit\" \/>\n\t<meta name=\"twitter:data1\" content=\"2\u00a0Minuten\" \/>\n<script type=\"application\/ld+json\" class=\"yoast-schema-graph\">{\"@context\":\"https:\/\/schema.org\",\"@graph\":[{\"@type\":\"WebPage\",\"@id\":\"https:\/\/sexocorporel.com\/de\/institut-isi\/isi-antrag-auf-mitgliedschaft\/\",\"url\":\"https:\/\/sexocorporel.com\/de\/institut-isi\/isi-antrag-auf-mitgliedschaft\/\",\"name\":\"Antrag auf Mitgliedschaft Institut Sexocorporel International - iSi\",\"isPartOf\":{\"@id\":\"https:\/\/sexocorporel.com\/de\/#website\"},\"datePublished\":\"2020-06-30T19:48:30+00:00\",\"dateModified\":\"2026-01-26T20:10:07+00:00\",\"description\":\"Finden Sie den Antrag auf Mitgliedschaft beim Institut Sexocorporel International, dem f\u00fchrenden Modell in der Sexualtherapie von Professor Dr. Jean Yves Desjardins.\",\"breadcrumb\":{\"@id\":\"https:\/\/sexocorporel.com\/de\/institut-isi\/isi-antrag-auf-mitgliedschaft\/#breadcrumb\"},\"inLanguage\":\"de\",\"potentialAction\":[{\"@type\":\"ReadAction\",\"target\":[\"https:\/\/sexocorporel.com\/de\/institut-isi\/isi-antrag-auf-mitgliedschaft\/\"]}]},{\"@type\":\"BreadcrumbList\",\"@id\":\"https:\/\/sexocorporel.com\/de\/institut-isi\/isi-antrag-auf-mitgliedschaft\/#breadcrumb\",\"itemListElement\":[{\"@type\":\"ListItem\",\"position\":1,\"name\":\"Startseite\",\"item\":\"https:\/\/sexocorporel.com\/de\/\"},{\"@type\":\"ListItem\",\"position\":2,\"name\":\"Institut\",\"item\":\"https:\/\/sexocorporel.com\/de\/institut-isi\/\"},{\"@type\":\"ListItem\",\"position\":3,\"name\":\"iSi Antrag auf Mitgliedschaft\"}]},{\"@type\":\"WebSite\",\"@id\":\"https:\/\/sexocorporel.com\/de\/#website\",\"url\":\"https:\/\/sexocorporel.com\/de\/\",\"name\":\"Institut Sexocorporel International\",\"description\":\"Jean-Yves Desjardins\",\"publisher\":{\"@id\":\"https:\/\/sexocorporel.com\/de\/#organization\"},\"potentialAction\":[{\"@type\":\"SearchAction\",\"target\":{\"@type\":\"EntryPoint\",\"urlTemplate\":\"https:\/\/sexocorporel.com\/de\/?s={search_term_string}\"},\"query-input\":{\"@type\":\"PropertyValueSpecification\",\"valueRequired\":true,\"valueName\":\"search_term_string\"}}],\"inLanguage\":\"de\"},{\"@type\":\"Organization\",\"@id\":\"https:\/\/sexocorporel.com\/de\/#organization\",\"name\":\"Institut Sexocorporel International\",\"url\":\"https:\/\/sexocorporel.com\/de\/\",\"logo\":{\"@type\":\"ImageObject\",\"inLanguage\":\"de\",\"@id\":\"https:\/\/sexocorporel.com\/de\/#\/schema\/logo\/image\/\",\"url\":\"https:\/\/sexocorporel.com\/wp-content\/uploads\/2020\/07\/cropped-629e6a99-4d9e-421b-b20e-8b428f763559-e1595527047446.jpg\",\"contentUrl\":\"https:\/\/sexocorporel.com\/wp-content\/uploads\/2020\/07\/cropped-629e6a99-4d9e-421b-b20e-8b428f763559-e1595527047446.jpg\",\"width\":895,\"height\":270,\"caption\":\"Institut Sexocorporel International\"},\"image\":{\"@id\":\"https:\/\/sexocorporel.com\/de\/#\/schema\/logo\/image\/\"}}]}<\/script>\n<!-- \/ Yoast SEO plugin. -->","yoast_head_json":{"title":"Antrag auf Mitgliedschaft Institut Sexocorporel International - iSi","description":"Finden Sie den Antrag auf Mitgliedschaft beim Institut Sexocorporel International, dem f\u00fchrenden Modell in der Sexualtherapie von Professor Dr. Jean Yves Desjardins.","robots":{"index":"index","follow":"follow","max-snippet":"max-snippet:-1","max-image-preview":"max-image-preview:large","max-video-preview":"max-video-preview:-1"},"canonical":"https:\/\/sexocorporel.com\/de\/institut-isi\/isi-antrag-auf-mitgliedschaft\/","og_locale":"de_DE","og_type":"article","og_title":"Antrag auf Mitgliedschaft Institut Sexocorporel International - iSi","og_description":"Finden Sie den Antrag auf Mitgliedschaft beim Institut Sexocorporel International, dem f\u00fchrenden Modell in der Sexualtherapie von Professor Dr. Jean Yves Desjardins.","og_url":"https:\/\/sexocorporel.com\/de\/institut-isi\/isi-antrag-auf-mitgliedschaft\/","og_site_name":"Institut Sexocorporel International","article_modified_time":"2026-01-26T20:10:07+00:00","twitter_card":"summary_large_image","twitter_misc":{"Gesch\u00e4tzte Lesezeit":"2\u00a0Minuten"},"schema":{"@context":"https:\/\/schema.org","@graph":[{"@type":"WebPage","@id":"https:\/\/sexocorporel.com\/de\/institut-isi\/isi-antrag-auf-mitgliedschaft\/","url":"https:\/\/sexocorporel.com\/de\/institut-isi\/isi-antrag-auf-mitgliedschaft\/","name":"Antrag auf Mitgliedschaft Institut Sexocorporel International - iSi","isPartOf":{"@id":"https:\/\/sexocorporel.com\/de\/#website"},"datePublished":"2020-06-30T19:48:30+00:00","dateModified":"2026-01-26T20:10:07+00:00","description":"Finden Sie den Antrag auf Mitgliedschaft beim Institut Sexocorporel International, dem f\u00fchrenden Modell in der Sexualtherapie von Professor Dr. Jean Yves Desjardins.","breadcrumb":{"@id":"https:\/\/sexocorporel.com\/de\/institut-isi\/isi-antrag-auf-mitgliedschaft\/#breadcrumb"},"inLanguage":"de","potentialAction":[{"@type":"ReadAction","target":["https:\/\/sexocorporel.com\/de\/institut-isi\/isi-antrag-auf-mitgliedschaft\/"]}]},{"@type":"BreadcrumbList","@id":"https:\/\/sexocorporel.com\/de\/institut-isi\/isi-antrag-auf-mitgliedschaft\/#breadcrumb","itemListElement":[{"@type":"ListItem","position":1,"name":"Startseite","item":"https:\/\/sexocorporel.com\/de\/"},{"@type":"ListItem","position":2,"name":"Institut","item":"https:\/\/sexocorporel.com\/de\/institut-isi\/"},{"@type":"ListItem","position":3,"name":"iSi Antrag auf Mitgliedschaft"}]},{"@type":"WebSite","@id":"https:\/\/sexocorporel.com\/de\/#website","url":"https:\/\/sexocorporel.com\/de\/","name":"Institut Sexocorporel International","description":"Jean-Yves Desjardins","publisher":{"@id":"https:\/\/sexocorporel.com\/de\/#organization"},"potentialAction":[{"@type":"SearchAction","target":{"@type":"EntryPoint","urlTemplate":"https:\/\/sexocorporel.com\/de\/?s={search_term_string}"},"query-input":{"@type":"PropertyValueSpecification","valueRequired":true,"valueName":"search_term_string"}}],"inLanguage":"de"},{"@type":"Organization","@id":"https:\/\/sexocorporel.com\/de\/#organization","name":"Institut Sexocorporel International","url":"https:\/\/sexocorporel.com\/de\/","logo":{"@type":"ImageObject","inLanguage":"de","@id":"https:\/\/sexocorporel.com\/de\/#\/schema\/logo\/image\/","url":"https:\/\/sexocorporel.com\/wp-content\/uploads\/2020\/07\/cropped-629e6a99-4d9e-421b-b20e-8b428f763559-e1595527047446.jpg","contentUrl":"https:\/\/sexocorporel.com\/wp-content\/uploads\/2020\/07\/cropped-629e6a99-4d9e-421b-b20e-8b428f763559-e1595527047446.jpg","width":895,"height":270,"caption":"Institut Sexocorporel International"},"image":{"@id":"https:\/\/sexocorporel.com\/de\/#\/schema\/logo\/image\/"}}]}},"_links":{"self":[{"href":"https:\/\/sexocorporel.com\/de\/wp-json\/wp\/v2\/pages\/254","targetHints":{"allow":["GET"]}}],"collection":[{"href":"https:\/\/sexocorporel.com\/de\/wp-json\/wp\/v2\/pages"}],"about":[{"href":"https:\/\/sexocorporel.com\/de\/wp-json\/wp\/v2\/types\/page"}],"author":[{"embeddable":true,"href":"https:\/\/sexocorporel.com\/de\/wp-json\/wp\/v2\/users\/1"}],"replies":[{"embeddable":true,"href":"https:\/\/sexocorporel.com\/de\/wp-json\/wp\/v2\/comments?post=254"}],"version-history":[{"count":10,"href":"https:\/\/sexocorporel.com\/de\/wp-json\/wp\/v2\/pages\/254\/revisions"}],"predecessor-version":[{"id":8755,"href":"https:\/\/sexocorporel.com\/de\/wp-json\/wp\/v2\/pages\/254\/revisions\/8755"}],"up":[{"embeddable":true,"href":"https:\/\/sexocorporel.com\/de\/wp-json\/wp\/v2\/pages\/18"}],"wp:attachment":[{"href":"https:\/\/sexocorporel.com\/de\/wp-json\/wp\/v2\/media?parent=254"}],"curies":[{"name":"wp","href":"https:\/\/api.w.org\/{rel}","templated":true}]}}