{"id":18,"date":"2020-05-28T22:36:10","date_gmt":"2020-05-28T20:36:10","guid":{"rendered":"https:\/\/sexocorporel.com\/?page_id=18"},"modified":"2024-06-12T13:45:18","modified_gmt":"2024-06-12T11:45:18","slug":"institut-isi","status":"publish","type":"page","link":"https:\/\/sexocorporel.com\/de\/institut-isi\/","title":{"rendered":"Institut"},"content":{"rendered":"\n<figure class=\"wp-block-image alignfull size-full header-image center\"><img loading=\"lazy\" decoding=\"async\" width=\"2560\" height=\"1707\" src=\"https:\/\/sexocorporel.com\/wp-content\/uploads\/2020\/08\/daniela-turcanu-9l7qwrjaxHM-unsplash-scaled.jpg\" alt=\"\" class=\"wp-image-1699\" srcset=\"https:\/\/sexocorporel.com\/wp-content\/uploads\/2020\/08\/daniela-turcanu-9l7qwrjaxHM-unsplash-scaled.jpg 2560w, https:\/\/sexocorporel.com\/wp-content\/uploads\/2020\/08\/daniela-turcanu-9l7qwrjaxHM-unsplash-300x200.jpg 300w, https:\/\/sexocorporel.com\/wp-content\/uploads\/2020\/08\/daniela-turcanu-9l7qwrjaxHM-unsplash-1024x683.jpg 1024w, https:\/\/sexocorporel.com\/wp-content\/uploads\/2020\/08\/daniela-turcanu-9l7qwrjaxHM-unsplash-768x512.jpg 768w, https:\/\/sexocorporel.com\/wp-content\/uploads\/2020\/08\/daniela-turcanu-9l7qwrjaxHM-unsplash-1536x1024.jpg 1536w, https:\/\/sexocorporel.com\/wp-content\/uploads\/2020\/08\/daniela-turcanu-9l7qwrjaxHM-unsplash-2048x1365.jpg 2048w, https:\/\/sexocorporel.com\/wp-content\/uploads\/2020\/08\/daniela-turcanu-9l7qwrjaxHM-unsplash-600x400.jpg 600w, https:\/\/sexocorporel.com\/wp-content\/uploads\/2020\/08\/daniela-turcanu-9l7qwrjaxHM-unsplash-1200x800.jpg 1200w, https:\/\/sexocorporel.com\/wp-content\/uploads\/2020\/08\/daniela-turcanu-9l7qwrjaxHM-unsplash-1980x1320.jpg 1980w\" sizes=\"auto, (max-width: 2560px) 100vw, 2560px\" \/><\/figure>\n\n\n\n<h1 class=\"wp-block-heading\">Das institut Sexocorporel international iSi<\/h1>\n\n\n\n<p>Der erste Impuls zur Gr\u00fcndung eines Institutes zur F\u00f6rderung des <a href=\"https:\/\/sexocorporel.com\/de\/was-ist-sexocorporel\/\">Sexocorporel<\/a> kam von <a href=\"https:\/\/sexocorporel.com\/de\/was-ist-sexocorporel\/jean-yves-desjardins\/\">Jean-Yves Desjardins<\/a>, Dominique Chatton und Isabelle Chaffai. Durch die Begeisterung vieler ermutigt, sprach Jean-Yves Desjardins einige Menschen an, sich an der Entwicklung eines Vereins zu beteiligen. So kam es, dass am 28. April 2004, in der ersten Etage des Restaurant-des-Vieux-Granadiers in Genf, das Institut Sexocorporel International \u2013 Jean-Yves Desjardins gegr\u00fcndet wurde.<\/p>\n\n\n\n<p>Die Gr\u00fcnder des Instituts sind Menschen, die ihre finanzielle und fachliche Unterst\u00fctzung gegeben haben, um die Verbreitung und F\u00f6rderung des Sexocorporel auf der ganzen Welt zu gew\u00e4hrleisten. Diese Menschen verdienen unsere Bewunderung und Dankbarkeit:<\/p>\n\n\n\n<h3 class=\"wp-block-heading blue\">Gr\u00fcndungsmitglieder<\/h3>\n\n\n\n<p><strong>Belgien<\/strong>: Fran\u00e7ois Carufel, Esther Hirch, Pascal Sutter<\/p>\n\n\n\n<p><strong>Frankreich<\/strong>: Mich\u00e8le Bonal, Catherine Cabanis, Imad Chaaban, Isabelle Chaffa\u00ef, Maryvonne Desbarats, Patricia Faure, Elisabeth Guillebaud, Fran\u00e7oise Jablon Dreyfus, Guy Montefiore, Laure Mourichon, Nicolas Rolland, Annick Nony, Fran\u00e7ois Parpaix, Anna Petit, Corinne Robert, Claude Roux-Deslandes<\/p>\n\n\n\n<p><strong>Italien<\/strong>: Giorgio Bavastro, Virna Bertoni, Patrizia Guerra, Giovanni Porta<\/p>\n\n\n\n<p><strong>Kanada<\/strong>: Nicole Audette, Lise Desjardins, Jean-Yves Desjardins, M\u00e9lanie Tremblay<\/p>\n\n\n\n<p><strong>Marokko<\/strong>: Aboubakr Harakat <\/p>\n\n\n\n<p><strong>Schweiz<\/strong>: Andr\u00e9e-Marie Amiot Neufeld, Lorenza Bettoli, Dominique Chatton, Jean-Paul Cousse, Jean-Marie Go\u00ebl, Jean-Jacques Moser, Christophe Pause, Jeffrey Pedrazzoli, Yoko Pedrazzoli, Anne Robert, Linda Rossi, Esther Sch\u00fctz<\/p>\n\n\n\n<h3 class=\"wp-block-heading blue\">Ehrenmitglieder<\/h3>\n\n\n\n<p>Pierre Assalian, Nicole Audette, Mich\u00e8le Bonal, Isabelle Chaffa\u00ef, Claude Cr\u00e9pault, Pascal de Sutter, Maryvonne Desbarats, Fran\u00e7ois Ferrero, Peter Gehrig, Ursula Pasini, Willy Pasini, Linda Rossi, Claude Roux-Deslandes, Francesca Santarelli, Esther Elisabeth Sch\u00fctz, Francesca Galizia Thiele<\/p>\n\n\n\n<h3 class=\"wp-block-heading blue\">Ausbildner:innen<\/h3>\n\n\n\n<div class=\"wp-block-columns is-layout-flex wp-container-core-columns-is-layout-9d6595d7 wp-block-columns-is-layout-flex\">\n<div class=\"wp-block-column is-layout-flow wp-block-column-is-layout-flow\" style=\"flex-basis:33.33%\">\n<h4 class=\"wp-block-heading\">Kanada<\/h4>\n<\/div>\n\n\n\n<div class=\"wp-block-column is-layout-flow wp-block-column-is-layout-flow\" style=\"flex-basis:66.66%\">\n<p><\/p>\n\n\n\n<p>Nicole Audette<br>Lise Desjardins<br>Martine Drapeau<br>M\u00e9lanie Tremblay<\/p>\n<\/div>\n<\/div>\n\n\n\n<div class=\"wp-block-columns is-layout-flex wp-container-core-columns-is-layout-9d6595d7 wp-block-columns-is-layout-flex\">\n<div class=\"wp-block-column is-layout-flow wp-block-column-is-layout-flow\" style=\"flex-basis:33.33%\">\n<h4 class=\"wp-block-heading\">Frankreich<\/h4>\n<\/div>\n\n\n\n<div class=\"wp-block-column is-layout-flow wp-block-column-is-layout-flow\" style=\"flex-basis:66.66%\">\n<p><\/p>\n\n\n\n<p>Mich\u00e8le Bonal<br>Catherine Cabanis<br>Isabelle Chaffa\u00ef<br>Martine Costes-Peplinsky<br>Elisabeth Guillebaud<br>Anne-Marie Laflute<br>Marie-Line Lassagne<br>Roland Nicolas<br>Claude Roux-Deslandes<\/p>\n<\/div>\n<\/div>\n\n\n\n<div class=\"wp-block-columns is-layout-flex wp-container-core-columns-is-layout-9d6595d7 wp-block-columns-is-layout-flex\">\n<div class=\"wp-block-column is-layout-flow wp-block-column-is-layout-flow\" style=\"flex-basis:33.33%\">\n<h4 class=\"wp-block-heading\">Schweiz<\/h4>\n<\/div>\n\n\n\n<div class=\"wp-block-column is-layout-flow wp-block-column-is-layout-flow\" style=\"flex-basis:66.66%\">\n<p><\/p>\n\n\n\n<p>Linda Andreska<br>Patrizia Anex<br>Mireille Baumgartner<br>Karol Bischof<br>Annette Bischof-Campbell<br>Dominique Chatton<br>Stephan Fuchs<br>Peter Gehrig<br>Christa Gubler<br>Ingrid Huelsmann Weber<br>Werner Huwiler<br>Ben Kneubuhler<br>Antoinette Liechti Maccarone<br>Jeffrey Pedrazzoli<br>Yoko Pedrazzoli<br>Esther Elisabeth Sch\u00fctz<\/p>\n<\/div>\n<\/div>\n\n\n\n<div class=\"wp-block-columns is-layout-flex wp-container-core-columns-is-layout-9d6595d7 wp-block-columns-is-layout-flex\">\n<div class=\"wp-block-column is-layout-flow wp-block-column-is-layout-flow\" style=\"flex-basis:33.33%\">\n<h4 class=\"wp-block-heading\">Deutschland<\/h4>\n<\/div>\n\n\n\n<div class=\"wp-block-column is-layout-flow wp-block-column-is-layout-flow\" style=\"flex-basis:66.66%\">\n<p><\/p>\n\n\n\n<p>Sybille Stahlberg<br>Michael Sztenc<\/p>\n<\/div>\n<\/div>\n\n\n\n<div class=\"wp-block-columns is-layout-flex wp-container-core-columns-is-layout-9d6595d7 wp-block-columns-is-layout-flex\">\n<div class=\"wp-block-column is-layout-flow wp-block-column-is-layout-flow\"> \n<div>\n<a href=https:\/\/sexocorporel.com\/de\/vorstand-isi\/ class=\"outline-button\">\n\t<div class=\"outline-button single red\">\n\t\t<h3 class=\"red\">Zum Vorstand<\/h3>\n\t\t<div class=\"arrow\"><\/div>\n<\/div><\/a>\n<\/div>\n\n<\/div>\n\n\n\n<div class=\"wp-block-column is-layout-flow wp-block-column-is-layout-flow\"> \n<div>\n<a href=https:\/\/sexocorporel.com\/de\/mitglieder-isi\/ class=\"outline-button\">\n\t<div class=\"outline-button single red\">\n\t\t<h3 class=\"red\">Zu den Mitgliedern<\/h3>\n\t\t<div class=\"arrow\"><\/div>\n<\/div><\/a>\n<\/div>\n\n<\/div>\n<\/div>\n\n\n\n<p><\/p>\n","protected":false},"excerpt":{"rendered":"<p>Das institut Sexocorporel international iSi Der erste Impuls zur Gr\u00fcndung eines Institutes zur F\u00f6rderung des Sexocorporel kam von Jean-Yves Desjardins, Dominique Chatton und Isabelle Chaffai. Durch die Begeisterung vieler ermutigt, sprach Jean-Yves Desjardins einige Menschen an, sich an der Entwicklung eines Vereins zu beteiligen. So kam es, dass am 28. April 2004, in der ersten [&hellip;]<\/p>\n","protected":false},"author":1,"featured_media":0,"parent":0,"menu_order":119,"comment_status":"closed","ping_status":"closed","template":"tw-no-title.php","meta":{"footnotes":""},"class_list":["post-18","page","type-page","status-publish","hentry"],"featured_image_src":null,"yoast_head":"<!-- This site is optimized with the Yoast SEO plugin v26.8 - https:\/\/yoast.com\/product\/yoast-seo-wordpress\/ -->\n<title>Institut Sexocorporel International - iSi<\/title>\n<meta name=\"description\" content=\"Besuchen Sie das internationale Institut f\u00fcr Sexocorporel, das f\u00fchrende Modell in der Sexologie und Sexualtherapie von Professor Dr. Jean Yves Desjardins\" \/>\n<meta name=\"robots\" content=\"index, follow, max-snippet:-1, max-image-preview:large, max-video-preview:-1\" \/>\n<link rel=\"canonical\" href=\"https:\/\/sexocorporel.com\/de\/institut-isi\/\" \/>\n<meta property=\"og:locale\" content=\"de_DE\" \/>\n<meta property=\"og:type\" content=\"article\" \/>\n<meta property=\"og:title\" content=\"Institut Sexocorporel International - iSi\" \/>\n<meta property=\"og:description\" content=\"Besuchen Sie das internationale Institut f\u00fcr Sexocorporel, das f\u00fchrende Modell in der Sexologie und Sexualtherapie von Professor Dr. Jean Yves Desjardins\" \/>\n<meta property=\"og:url\" content=\"https:\/\/sexocorporel.com\/de\/institut-isi\/\" \/>\n<meta property=\"og:site_name\" content=\"Institut Sexocorporel International\" \/>\n<meta property=\"article:modified_time\" content=\"2024-06-12T11:45:18+00:00\" \/>\n<meta property=\"og:image\" content=\"https:\/\/sexocorporel.com\/wp-content\/uploads\/2020\/08\/daniela-turcanu-9l7qwrjaxHM-unsplash-scaled.jpg\" \/>\n<meta name=\"twitter:card\" content=\"summary_large_image\" \/>\n<meta name=\"twitter:label1\" content=\"Gesch\u00e4tzte Lesezeit\" \/>\n\t<meta name=\"twitter:data1\" content=\"2\u00a0Minuten\" \/>\n<script type=\"application\/ld+json\" class=\"yoast-schema-graph\">{\"@context\":\"https:\/\/schema.org\",\"@graph\":[{\"@type\":\"WebPage\",\"@id\":\"https:\/\/sexocorporel.com\/de\/institut-isi\/\",\"url\":\"https:\/\/sexocorporel.com\/de\/institut-isi\/\",\"name\":\"Institut Sexocorporel International - iSi\",\"isPartOf\":{\"@id\":\"https:\/\/sexocorporel.com\/de\/#website\"},\"primaryImageOfPage\":{\"@id\":\"https:\/\/sexocorporel.com\/de\/institut-isi\/#primaryimage\"},\"image\":{\"@id\":\"https:\/\/sexocorporel.com\/de\/institut-isi\/#primaryimage\"},\"thumbnailUrl\":\"https:\/\/sexocorporel.com\/wp-content\/uploads\/2020\/08\/daniela-turcanu-9l7qwrjaxHM-unsplash-scaled.jpg\",\"datePublished\":\"2020-05-28T20:36:10+00:00\",\"dateModified\":\"2024-06-12T11:45:18+00:00\",\"description\":\"Besuchen Sie das internationale Institut f\u00fcr Sexocorporel, das f\u00fchrende Modell in der Sexologie und Sexualtherapie von Professor Dr. Jean Yves Desjardins\",\"breadcrumb\":{\"@id\":\"https:\/\/sexocorporel.com\/de\/institut-isi\/#breadcrumb\"},\"inLanguage\":\"de\",\"potentialAction\":[{\"@type\":\"ReadAction\",\"target\":[\"https:\/\/sexocorporel.com\/de\/institut-isi\/\"]}]},{\"@type\":\"ImageObject\",\"inLanguage\":\"de\",\"@id\":\"https:\/\/sexocorporel.com\/de\/institut-isi\/#primaryimage\",\"url\":\"https:\/\/sexocorporel.com\/wp-content\/uploads\/2020\/08\/daniela-turcanu-9l7qwrjaxHM-unsplash-scaled.jpg\",\"contentUrl\":\"https:\/\/sexocorporel.com\/wp-content\/uploads\/2020\/08\/daniela-turcanu-9l7qwrjaxHM-unsplash-scaled.jpg\"},{\"@type\":\"BreadcrumbList\",\"@id\":\"https:\/\/sexocorporel.com\/de\/institut-isi\/#breadcrumb\",\"itemListElement\":[{\"@type\":\"ListItem\",\"position\":1,\"name\":\"Startseite\",\"item\":\"https:\/\/sexocorporel.com\/de\/\"},{\"@type\":\"ListItem\",\"position\":2,\"name\":\"Institut\"}]},{\"@type\":\"WebSite\",\"@id\":\"https:\/\/sexocorporel.com\/de\/#website\",\"url\":\"https:\/\/sexocorporel.com\/de\/\",\"name\":\"Institut Sexocorporel International\",\"description\":\"Jean-Yves Desjardins\",\"publisher\":{\"@id\":\"https:\/\/sexocorporel.com\/de\/#organization\"},\"potentialAction\":[{\"@type\":\"SearchAction\",\"target\":{\"@type\":\"EntryPoint\",\"urlTemplate\":\"https:\/\/sexocorporel.com\/de\/?s={search_term_string}\"},\"query-input\":{\"@type\":\"PropertyValueSpecification\",\"valueRequired\":true,\"valueName\":\"search_term_string\"}}],\"inLanguage\":\"de\"},{\"@type\":\"Organization\",\"@id\":\"https:\/\/sexocorporel.com\/de\/#organization\",\"name\":\"Institut Sexocorporel International\",\"url\":\"https:\/\/sexocorporel.com\/de\/\",\"logo\":{\"@type\":\"ImageObject\",\"inLanguage\":\"de\",\"@id\":\"https:\/\/sexocorporel.com\/de\/#\/schema\/logo\/image\/\",\"url\":\"https:\/\/sexocorporel.com\/wp-content\/uploads\/2020\/07\/cropped-629e6a99-4d9e-421b-b20e-8b428f763559-e1595527047446.jpg\",\"contentUrl\":\"https:\/\/sexocorporel.com\/wp-content\/uploads\/2020\/07\/cropped-629e6a99-4d9e-421b-b20e-8b428f763559-e1595527047446.jpg\",\"width\":895,\"height\":270,\"caption\":\"Institut Sexocorporel International\"},\"image\":{\"@id\":\"https:\/\/sexocorporel.com\/de\/#\/schema\/logo\/image\/\"}}]}<\/script>\n<!-- \/ Yoast SEO plugin. -->","yoast_head_json":{"title":"Institut Sexocorporel International - iSi","description":"Besuchen Sie das internationale Institut f\u00fcr Sexocorporel, das f\u00fchrende Modell in der Sexologie und Sexualtherapie von Professor Dr. Jean Yves Desjardins","robots":{"index":"index","follow":"follow","max-snippet":"max-snippet:-1","max-image-preview":"max-image-preview:large","max-video-preview":"max-video-preview:-1"},"canonical":"https:\/\/sexocorporel.com\/de\/institut-isi\/","og_locale":"de_DE","og_type":"article","og_title":"Institut Sexocorporel International - iSi","og_description":"Besuchen Sie das internationale Institut f\u00fcr Sexocorporel, das f\u00fchrende Modell in der Sexologie und Sexualtherapie von Professor Dr. Jean Yves Desjardins","og_url":"https:\/\/sexocorporel.com\/de\/institut-isi\/","og_site_name":"Institut Sexocorporel International","article_modified_time":"2024-06-12T11:45:18+00:00","og_image":[{"url":"https:\/\/sexocorporel.com\/wp-content\/uploads\/2020\/08\/daniela-turcanu-9l7qwrjaxHM-unsplash-scaled.jpg","type":"","width":"","height":""}],"twitter_card":"summary_large_image","twitter_misc":{"Gesch\u00e4tzte Lesezeit":"2\u00a0Minuten"},"schema":{"@context":"https:\/\/schema.org","@graph":[{"@type":"WebPage","@id":"https:\/\/sexocorporel.com\/de\/institut-isi\/","url":"https:\/\/sexocorporel.com\/de\/institut-isi\/","name":"Institut Sexocorporel International - iSi","isPartOf":{"@id":"https:\/\/sexocorporel.com\/de\/#website"},"primaryImageOfPage":{"@id":"https:\/\/sexocorporel.com\/de\/institut-isi\/#primaryimage"},"image":{"@id":"https:\/\/sexocorporel.com\/de\/institut-isi\/#primaryimage"},"thumbnailUrl":"https:\/\/sexocorporel.com\/wp-content\/uploads\/2020\/08\/daniela-turcanu-9l7qwrjaxHM-unsplash-scaled.jpg","datePublished":"2020-05-28T20:36:10+00:00","dateModified":"2024-06-12T11:45:18+00:00","description":"Besuchen Sie das internationale Institut f\u00fcr Sexocorporel, das f\u00fchrende Modell in der Sexologie und Sexualtherapie von Professor Dr. Jean Yves Desjardins","breadcrumb":{"@id":"https:\/\/sexocorporel.com\/de\/institut-isi\/#breadcrumb"},"inLanguage":"de","potentialAction":[{"@type":"ReadAction","target":["https:\/\/sexocorporel.com\/de\/institut-isi\/"]}]},{"@type":"ImageObject","inLanguage":"de","@id":"https:\/\/sexocorporel.com\/de\/institut-isi\/#primaryimage","url":"https:\/\/sexocorporel.com\/wp-content\/uploads\/2020\/08\/daniela-turcanu-9l7qwrjaxHM-unsplash-scaled.jpg","contentUrl":"https:\/\/sexocorporel.com\/wp-content\/uploads\/2020\/08\/daniela-turcanu-9l7qwrjaxHM-unsplash-scaled.jpg"},{"@type":"BreadcrumbList","@id":"https:\/\/sexocorporel.com\/de\/institut-isi\/#breadcrumb","itemListElement":[{"@type":"ListItem","position":1,"name":"Startseite","item":"https:\/\/sexocorporel.com\/de\/"},{"@type":"ListItem","position":2,"name":"Institut"}]},{"@type":"WebSite","@id":"https:\/\/sexocorporel.com\/de\/#website","url":"https:\/\/sexocorporel.com\/de\/","name":"Institut Sexocorporel International","description":"Jean-Yves Desjardins","publisher":{"@id":"https:\/\/sexocorporel.com\/de\/#organization"},"potentialAction":[{"@type":"SearchAction","target":{"@type":"EntryPoint","urlTemplate":"https:\/\/sexocorporel.com\/de\/?s={search_term_string}"},"query-input":{"@type":"PropertyValueSpecification","valueRequired":true,"valueName":"search_term_string"}}],"inLanguage":"de"},{"@type":"Organization","@id":"https:\/\/sexocorporel.com\/de\/#organization","name":"Institut Sexocorporel International","url":"https:\/\/sexocorporel.com\/de\/","logo":{"@type":"ImageObject","inLanguage":"de","@id":"https:\/\/sexocorporel.com\/de\/#\/schema\/logo\/image\/","url":"https:\/\/sexocorporel.com\/wp-content\/uploads\/2020\/07\/cropped-629e6a99-4d9e-421b-b20e-8b428f763559-e1595527047446.jpg","contentUrl":"https:\/\/sexocorporel.com\/wp-content\/uploads\/2020\/07\/cropped-629e6a99-4d9e-421b-b20e-8b428f763559-e1595527047446.jpg","width":895,"height":270,"caption":"Institut Sexocorporel International"},"image":{"@id":"https:\/\/sexocorporel.com\/de\/#\/schema\/logo\/image\/"}}]}},"_links":{"self":[{"href":"https:\/\/sexocorporel.com\/de\/wp-json\/wp\/v2\/pages\/18","targetHints":{"allow":["GET"]}}],"collection":[{"href":"https:\/\/sexocorporel.com\/de\/wp-json\/wp\/v2\/pages"}],"about":[{"href":"https:\/\/sexocorporel.com\/de\/wp-json\/wp\/v2\/types\/page"}],"author":[{"embeddable":true,"href":"https:\/\/sexocorporel.com\/de\/wp-json\/wp\/v2\/users\/1"}],"replies":[{"embeddable":true,"href":"https:\/\/sexocorporel.com\/de\/wp-json\/wp\/v2\/comments?post=18"}],"version-history":[{"count":10,"href":"https:\/\/sexocorporel.com\/de\/wp-json\/wp\/v2\/pages\/18\/revisions"}],"predecessor-version":[{"id":7266,"href":"https:\/\/sexocorporel.com\/de\/wp-json\/wp\/v2\/pages\/18\/revisions\/7266"}],"wp:attachment":[{"href":"https:\/\/sexocorporel.com\/de\/wp-json\/wp\/v2\/media?parent=18"}],"curies":[{"name":"wp","href":"https:\/\/api.w.org\/{rel}","templated":true}]}}