{"id":16,"date":"2020-05-28T22:32:23","date_gmt":"2020-05-28T20:32:23","guid":{"rendered":"https:\/\/sexocorporel.com\/?page_id=16"},"modified":"2021-11-23T18:16:23","modified_gmt":"2021-11-23T17:16:23","slug":"seminare","status":"publish","type":"page","link":"https:\/\/sexocorporel.com\/de\/seminare\/","title":{"rendered":"Seminare Vivre en Amour"},"content":{"rendered":"\n<figure class=\"wp-block-image alignfull size-large header-image center\"><img loading=\"lazy\" decoding=\"async\" width=\"1024\" height=\"449\" src=\"https:\/\/sexocorporel.com\/wp-content\/uploads\/2021\/11\/zuerich-1024x449.jpg\" alt=\"Zuerich\" class=\"wp-image-4831\" srcset=\"https:\/\/sexocorporel.com\/wp-content\/uploads\/2021\/11\/zuerich-1024x449.jpg 1024w, https:\/\/sexocorporel.com\/wp-content\/uploads\/2021\/11\/zuerich-300x132.jpg 300w, https:\/\/sexocorporel.com\/wp-content\/uploads\/2021\/11\/zuerich-768x337.jpg 768w, https:\/\/sexocorporel.com\/wp-content\/uploads\/2021\/11\/zuerich-1536x674.jpg 1536w, https:\/\/sexocorporel.com\/wp-content\/uploads\/2021\/11\/zuerich-2048x899.jpg 2048w, https:\/\/sexocorporel.com\/wp-content\/uploads\/2021\/11\/zuerich-1200x527.jpg 1200w, https:\/\/sexocorporel.com\/wp-content\/uploads\/2021\/11\/zuerich-1980x869.jpg 1980w\" sizes=\"auto, (max-width: 1024px) 100vw, 1024px\" \/><\/figure>\n\n\n\n<h1 class=\"wp-block-heading\">Vivre en Amour \u2013 Sex und Liebe<\/h1>\n\n\n\n<p>F\u00fcnf Wochenendseminaren f\u00fcr Einzelpersonen und Paare besch\u00e4ftigen sich mit Themen rund um Sex und Liebe. Manchmal werden diese Themen zu Stolpersteinen in einer Liebesbeziehung und f\u00fchren zu Verwicklungen. Wir sehen sie als Ausgangspunkte f\u00fcr Neues und zeigen Wege zur Entwicklung. Interessierte k\u00f6nnen sich in sicherem Rahmen der eigenen Erotik zuzuwenden, Partnerschaft und Paarsexualit\u00e4t zu beleuchten, typische Muster erkennen, Wissen und F\u00e4higkeiten mitnehmen, um Neues auszuprobieren und spielerisch L\u00f6sungen zu finden. <\/p>\n\n\n\n<p>Derzeit finden in Z\u00fcrich Seminare in deutscher Sprache statt. Organisation, Inhalte und Anmeldung regelt das\u00a0<a rel=\"noreferrer noopener\" href=\"http:\/\/www.ziss.ch\/kurse_und_seminare\/sex_und_liebe.htm\" target=\"_blank\">ZISS (Z\u00fcrcher Institut f\u00fcr klinische Sexologie &amp; Sexualtherapie)<\/a>.<\/p>\n\n\n\n<h4 class=\"wp-block-heading\">Themen der einzelnen Seminare<\/h4>\n\n\n\n<div class=\"wp-block-columns is-layout-flex wp-container-core-columns-is-layout-9d6595d7 wp-block-columns-is-layout-flex\">\n<div class=\"wp-block-column is-layout-flow wp-block-column-is-layout-flow\">\n<div id=\"Die-weibliche-Erotik\"><\/div>\n\n\n<div class=\"single-column main \">\n<div class=\"single-columns-box \n\t\t\tred border \">\n\n<h3 class=\" red\"> Sex in Beziehung: Fokus Frau<\/h3>\n<p class=\"teaser\"> <\/p>\n<p><ul><li>Vermittelt Ihnen das aktuelle sexologische Wissen zur weiblichen Sexualit\u00e4t und weiblichen Sexualentwicklung.<\/li><li>\nVerhilft Ihnen als Frau zu einem vertieften Verst\u00e4ndnis Ihrer eigenen Sexualentwicklung und zur Weiterentwicklung Ihrer F\u00e4higkeiten in der Erotik und in der Liebe.<\/li><li>\nBietet Ihnen als Mann ein Verst\u00e4ndnis weiblicher Erotik und Sie verbessern Ihre erotischen Kompetenzen als Liebhaber.<\/li>\n<\/ul><\/p>\n<\/div>\n\t<\/div>\n\n\n\n<p><\/p>\n<\/div>\n\n\n\n<div class=\"wp-block-column is-layout-flow wp-block-column-is-layout-flow\">\n<div id=\"Die-maennliche-Erotik\"><\/div>\n\n\n<div class=\"single-column main \">\n<div class=\"single-columns-box \n\t\t\t\">\n\n<h3 class=\" blue\"> Sex in Beziehung: Fokus Mann<\/h3>\n<p class=\"teaser\"> <\/p>\n<p><ul><li>Vermittelt Ihnen das aktuelle sexologische Wissen zur m\u00e4nnlichen Sexualit\u00e4t und zur m\u00e4nnlichen Sexualentwicklung.<\/li><li>Unterst\u00fctzt Sie in Ihren Ausdrucksm\u00f6glichkeiten als erotischer, liebesf\u00e4higer und maskulin wirkender Mann.<\/li><li>Erweitert Ihre M\u00f6glichkeiten als Frau, um erotische und intime Beziehungen mit M\u00e4nnern noch mehr genie\u00dfen zu k\u00f6nnen.<\/li><\/ul><\/p>\n<\/div>\n\t<\/div>\n\n\n\n<p><\/p>\n<\/div>\n<\/div>\n\n\n\n<div class=\"wp-block-columns is-layout-flex wp-container-core-columns-is-layout-9d6595d7 wp-block-columns-is-layout-flex\">\n<div class=\"wp-block-column is-layout-flow wp-block-column-is-layout-flow\">\n<div id=\"liebesgefuehle-und sexuelles-begehren\"><\/div>\n\n\n<div class=\"single-column main \">\n<div class=\"single-columns-box \n\t\t\t\">\n\n<h3 class=\" blue\"> Sexuelles Begehren und Liebesgef\u00fchl<\/h3>\n<p class=\"teaser\"> <\/p>\n<p><ul><li>Grundlegendes Verst\u00e4ndnis der Liebesgef\u00fchle und des sexuellen Verlangens.<\/li><li>Erweiterungen Ihrer Liebesf\u00e4higkeiten, sowohl im Bereich der Intimit\u00e4t, der Liebe, als auch in der Erotik.<\/li><li>Sie erhalten F\u00e4higkeiten ihr sexuelles Verlangen neu oder wieder zu finden und lustvoll zu entwickeln.<\/li><\/ul><\/p>\n<\/div>\n\t<\/div>\n\n\n\n<p><\/p>\n<\/div>\n\n\n\n<div class=\"wp-block-column is-layout-flow wp-block-column-is-layout-flow\">\n<div id=\"Verfuehrung-und-Kommunikation\"><\/div>\n\n\n<div class=\"single-column main \">\n<div class=\"single-columns-box \n\t\t\tred border \">\n\n<h3 class=\" red\"> Kunst der Verf\u00fchrung und Kommunikation<\/h3>\n<p class=\"teaser\"> <\/p>\n<p><ul><li>Das Wesen von Verf\u00fchrung und Kommunikation.<\/li><li>Strategien der Verf\u00fchrung und Verbesserung der Kommunikation innerhalb des Paares.<\/li><li>Sie entwickeln F\u00e4higkeiten, um Liebe und Erotik in Ihrer Partnerschaft lustvoll leben zu k\u00f6nnen.<\/li><\/ul><\/p>\n<\/div>\n\t<\/div>\n<\/div>\n<\/div>\n\n\n\n<div class=\"wp-block-columns is-layout-flex wp-container-core-columns-is-layout-9d6595d7 wp-block-columns-is-layout-flex\">\n<div class=\"wp-block-column is-layout-flow wp-block-column-is-layout-flow\">\n<div id=\"Erotische-Faehigkeiten\"><\/div>\n\n\n<div class=\"single-column main \">\n<div class=\"single-columns-box \n\t\t\tred border \">\n\n<h3 class=\" red\"> Erotische F\u00e4higkeiten<\/h3>\n<p class=\"teaser\"> <\/p>\n<p><ul><li>Orientierungspunkte in der Liebe und in der Sexualit\u00e4t.<\/li> <li>Erweiterung Ihrer F\u00e4higkeiten der Erotik und Intimit\u00e4t.<\/li><li>Eindeutige Ausdrucksm\u00f6glichkeiten Ihrer W\u00fcnsche und Bed\u00fcrfnisse. <\/li><li>Verbesserungen Ihrer erotischen und liebevollen Begegnungen.<\/li><li>Entwicklung Ihres sexuellen Begehrens.<\/li><li>F\u00e4higkeiten um gute Liebhaber*innen zu werden.<\/li><\/ul><\/p>\n<\/div>\n\t<\/div>\n<\/div>\n\n\n\n<div class=\"wp-block-column is-layout-flow wp-block-column-is-layout-flow\"><\/div>\n<\/div>\n\n\n\n<p><\/p>\n\n\n\n<p><\/p>\n","protected":false},"excerpt":{"rendered":"<p>Vivre en Amour \u2013 Sex und Liebe F\u00fcnf Wochenendseminaren f\u00fcr Einzelpersonen und Paare besch\u00e4ftigen sich mit Themen rund um Sex und Liebe. Manchmal werden diese Themen zu Stolpersteinen in einer Liebesbeziehung und f\u00fchren zu Verwicklungen. Wir sehen sie als Ausgangspunkte f\u00fcr Neues und zeigen Wege zur Entwicklung. Interessierte k\u00f6nnen sich in sicherem Rahmen der eigenen [&hellip;]<\/p>\n","protected":false},"author":1,"featured_media":0,"parent":0,"menu_order":120,"comment_status":"closed","ping_status":"closed","template":"","meta":{"footnotes":""},"class_list":["post-16","page","type-page","status-publish","hentry"],"featured_image_src":null,"yoast_head":"<!-- This site is optimized with the Yoast SEO plugin v26.8 - https:\/\/yoast.com\/product\/yoast-seo-wordpress\/ -->\n<title>Seminare &quot;Vivre en Amour&quot; - Institut Sexocorporel International<\/title>\n<meta name=\"description\" content=\"Seminare &quot;Vivre en amour&quot; - &quot;Sex und Liebe&quot;: F\u00fcnf Seminare f\u00fcr Paare und Einzelpersonen\" \/>\n<meta name=\"robots\" content=\"index, follow, max-snippet:-1, max-image-preview:large, max-video-preview:-1\" \/>\n<link rel=\"canonical\" href=\"https:\/\/sexocorporel.com\/de\/seminare\/\" \/>\n<meta property=\"og:locale\" content=\"de_DE\" \/>\n<meta property=\"og:type\" content=\"article\" \/>\n<meta property=\"og:title\" content=\"Seminare &quot;Vivre en Amour&quot; - Institut Sexocorporel International\" \/>\n<meta property=\"og:description\" content=\"Seminare &quot;Vivre en amour&quot; - &quot;Sex und Liebe&quot;: F\u00fcnf Seminare f\u00fcr Paare und Einzelpersonen\" \/>\n<meta property=\"og:url\" content=\"https:\/\/sexocorporel.com\/de\/seminare\/\" \/>\n<meta property=\"og:site_name\" content=\"Institut Sexocorporel International\" \/>\n<meta property=\"article:modified_time\" content=\"2021-11-23T17:16:23+00:00\" \/>\n<meta property=\"og:image\" content=\"https:\/\/sexocorporel.com\/wp-content\/uploads\/2021\/11\/zuerich-1024x449.jpg\" \/>\n<meta name=\"twitter:card\" content=\"summary_large_image\" \/>\n<meta name=\"twitter:label1\" content=\"Gesch\u00e4tzte Lesezeit\" \/>\n\t<meta name=\"twitter:data1\" content=\"1\u00a0Minute\" \/>\n<script type=\"application\/ld+json\" class=\"yoast-schema-graph\">{\"@context\":\"https:\/\/schema.org\",\"@graph\":[{\"@type\":\"WebPage\",\"@id\":\"https:\/\/sexocorporel.com\/de\/seminare\/\",\"url\":\"https:\/\/sexocorporel.com\/de\/seminare\/\",\"name\":\"Seminare \\\"Vivre en Amour\\\" - Institut Sexocorporel International\",\"isPartOf\":{\"@id\":\"https:\/\/sexocorporel.com\/de\/#website\"},\"primaryImageOfPage\":{\"@id\":\"https:\/\/sexocorporel.com\/de\/seminare\/#primaryimage\"},\"image\":{\"@id\":\"https:\/\/sexocorporel.com\/de\/seminare\/#primaryimage\"},\"thumbnailUrl\":\"https:\/\/sexocorporel.com\/wp-content\/uploads\/2021\/11\/zuerich-1024x449.jpg\",\"datePublished\":\"2020-05-28T20:32:23+00:00\",\"dateModified\":\"2021-11-23T17:16:23+00:00\",\"description\":\"Seminare \\\"Vivre en amour\\\" - \\\"Sex und Liebe\\\": F\u00fcnf Seminare f\u00fcr Paare und Einzelpersonen\",\"breadcrumb\":{\"@id\":\"https:\/\/sexocorporel.com\/de\/seminare\/#breadcrumb\"},\"inLanguage\":\"de\",\"potentialAction\":[{\"@type\":\"ReadAction\",\"target\":[\"https:\/\/sexocorporel.com\/de\/seminare\/\"]}]},{\"@type\":\"ImageObject\",\"inLanguage\":\"de\",\"@id\":\"https:\/\/sexocorporel.com\/de\/seminare\/#primaryimage\",\"url\":\"https:\/\/sexocorporel.com\/wp-content\/uploads\/2021\/11\/zuerich-1024x449.jpg\",\"contentUrl\":\"https:\/\/sexocorporel.com\/wp-content\/uploads\/2021\/11\/zuerich-1024x449.jpg\"},{\"@type\":\"BreadcrumbList\",\"@id\":\"https:\/\/sexocorporel.com\/de\/seminare\/#breadcrumb\",\"itemListElement\":[{\"@type\":\"ListItem\",\"position\":1,\"name\":\"Startseite\",\"item\":\"https:\/\/sexocorporel.com\/de\/\"},{\"@type\":\"ListItem\",\"position\":2,\"name\":\"Seminare Vivre en Amour\"}]},{\"@type\":\"WebSite\",\"@id\":\"https:\/\/sexocorporel.com\/de\/#website\",\"url\":\"https:\/\/sexocorporel.com\/de\/\",\"name\":\"Institut Sexocorporel International\",\"description\":\"Jean-Yves Desjardins\",\"publisher\":{\"@id\":\"https:\/\/sexocorporel.com\/de\/#organization\"},\"potentialAction\":[{\"@type\":\"SearchAction\",\"target\":{\"@type\":\"EntryPoint\",\"urlTemplate\":\"https:\/\/sexocorporel.com\/de\/?s={search_term_string}\"},\"query-input\":{\"@type\":\"PropertyValueSpecification\",\"valueRequired\":true,\"valueName\":\"search_term_string\"}}],\"inLanguage\":\"de\"},{\"@type\":\"Organization\",\"@id\":\"https:\/\/sexocorporel.com\/de\/#organization\",\"name\":\"Institut Sexocorporel International\",\"url\":\"https:\/\/sexocorporel.com\/de\/\",\"logo\":{\"@type\":\"ImageObject\",\"inLanguage\":\"de\",\"@id\":\"https:\/\/sexocorporel.com\/de\/#\/schema\/logo\/image\/\",\"url\":\"https:\/\/sexocorporel.com\/wp-content\/uploads\/2020\/07\/cropped-629e6a99-4d9e-421b-b20e-8b428f763559-e1595527047446.jpg\",\"contentUrl\":\"https:\/\/sexocorporel.com\/wp-content\/uploads\/2020\/07\/cropped-629e6a99-4d9e-421b-b20e-8b428f763559-e1595527047446.jpg\",\"width\":895,\"height\":270,\"caption\":\"Institut Sexocorporel International\"},\"image\":{\"@id\":\"https:\/\/sexocorporel.com\/de\/#\/schema\/logo\/image\/\"}}]}<\/script>\n<!-- \/ Yoast SEO plugin. -->","yoast_head_json":{"title":"Seminare \"Vivre en Amour\" - Institut Sexocorporel International","description":"Seminare \"Vivre en amour\" - \"Sex und Liebe\": F\u00fcnf Seminare f\u00fcr Paare und Einzelpersonen","robots":{"index":"index","follow":"follow","max-snippet":"max-snippet:-1","max-image-preview":"max-image-preview:large","max-video-preview":"max-video-preview:-1"},"canonical":"https:\/\/sexocorporel.com\/de\/seminare\/","og_locale":"de_DE","og_type":"article","og_title":"Seminare \"Vivre en Amour\" - Institut Sexocorporel International","og_description":"Seminare \"Vivre en amour\" - \"Sex und Liebe\": F\u00fcnf Seminare f\u00fcr Paare und Einzelpersonen","og_url":"https:\/\/sexocorporel.com\/de\/seminare\/","og_site_name":"Institut Sexocorporel International","article_modified_time":"2021-11-23T17:16:23+00:00","og_image":[{"url":"https:\/\/sexocorporel.com\/wp-content\/uploads\/2021\/11\/zuerich-1024x449.jpg","type":"","width":"","height":""}],"twitter_card":"summary_large_image","twitter_misc":{"Gesch\u00e4tzte Lesezeit":"1\u00a0Minute"},"schema":{"@context":"https:\/\/schema.org","@graph":[{"@type":"WebPage","@id":"https:\/\/sexocorporel.com\/de\/seminare\/","url":"https:\/\/sexocorporel.com\/de\/seminare\/","name":"Seminare \"Vivre en Amour\" - Institut Sexocorporel International","isPartOf":{"@id":"https:\/\/sexocorporel.com\/de\/#website"},"primaryImageOfPage":{"@id":"https:\/\/sexocorporel.com\/de\/seminare\/#primaryimage"},"image":{"@id":"https:\/\/sexocorporel.com\/de\/seminare\/#primaryimage"},"thumbnailUrl":"https:\/\/sexocorporel.com\/wp-content\/uploads\/2021\/11\/zuerich-1024x449.jpg","datePublished":"2020-05-28T20:32:23+00:00","dateModified":"2021-11-23T17:16:23+00:00","description":"Seminare \"Vivre en amour\" - \"Sex und Liebe\": F\u00fcnf Seminare f\u00fcr Paare und Einzelpersonen","breadcrumb":{"@id":"https:\/\/sexocorporel.com\/de\/seminare\/#breadcrumb"},"inLanguage":"de","potentialAction":[{"@type":"ReadAction","target":["https:\/\/sexocorporel.com\/de\/seminare\/"]}]},{"@type":"ImageObject","inLanguage":"de","@id":"https:\/\/sexocorporel.com\/de\/seminare\/#primaryimage","url":"https:\/\/sexocorporel.com\/wp-content\/uploads\/2021\/11\/zuerich-1024x449.jpg","contentUrl":"https:\/\/sexocorporel.com\/wp-content\/uploads\/2021\/11\/zuerich-1024x449.jpg"},{"@type":"BreadcrumbList","@id":"https:\/\/sexocorporel.com\/de\/seminare\/#breadcrumb","itemListElement":[{"@type":"ListItem","position":1,"name":"Startseite","item":"https:\/\/sexocorporel.com\/de\/"},{"@type":"ListItem","position":2,"name":"Seminare Vivre en Amour"}]},{"@type":"WebSite","@id":"https:\/\/sexocorporel.com\/de\/#website","url":"https:\/\/sexocorporel.com\/de\/","name":"Institut Sexocorporel International","description":"Jean-Yves Desjardins","publisher":{"@id":"https:\/\/sexocorporel.com\/de\/#organization"},"potentialAction":[{"@type":"SearchAction","target":{"@type":"EntryPoint","urlTemplate":"https:\/\/sexocorporel.com\/de\/?s={search_term_string}"},"query-input":{"@type":"PropertyValueSpecification","valueRequired":true,"valueName":"search_term_string"}}],"inLanguage":"de"},{"@type":"Organization","@id":"https:\/\/sexocorporel.com\/de\/#organization","name":"Institut Sexocorporel International","url":"https:\/\/sexocorporel.com\/de\/","logo":{"@type":"ImageObject","inLanguage":"de","@id":"https:\/\/sexocorporel.com\/de\/#\/schema\/logo\/image\/","url":"https:\/\/sexocorporel.com\/wp-content\/uploads\/2020\/07\/cropped-629e6a99-4d9e-421b-b20e-8b428f763559-e1595527047446.jpg","contentUrl":"https:\/\/sexocorporel.com\/wp-content\/uploads\/2020\/07\/cropped-629e6a99-4d9e-421b-b20e-8b428f763559-e1595527047446.jpg","width":895,"height":270,"caption":"Institut Sexocorporel International"},"image":{"@id":"https:\/\/sexocorporel.com\/de\/#\/schema\/logo\/image\/"}}]}},"_links":{"self":[{"href":"https:\/\/sexocorporel.com\/de\/wp-json\/wp\/v2\/pages\/16","targetHints":{"allow":["GET"]}}],"collection":[{"href":"https:\/\/sexocorporel.com\/de\/wp-json\/wp\/v2\/pages"}],"about":[{"href":"https:\/\/sexocorporel.com\/de\/wp-json\/wp\/v2\/types\/page"}],"author":[{"embeddable":true,"href":"https:\/\/sexocorporel.com\/de\/wp-json\/wp\/v2\/users\/1"}],"replies":[{"embeddable":true,"href":"https:\/\/sexocorporel.com\/de\/wp-json\/wp\/v2\/comments?post=16"}],"version-history":[{"count":10,"href":"https:\/\/sexocorporel.com\/de\/wp-json\/wp\/v2\/pages\/16\/revisions"}],"predecessor-version":[{"id":4846,"href":"https:\/\/sexocorporel.com\/de\/wp-json\/wp\/v2\/pages\/16\/revisions\/4846"}],"wp:attachment":[{"href":"https:\/\/sexocorporel.com\/de\/wp-json\/wp\/v2\/media?parent=16"}],"curies":[{"name":"wp","href":"https:\/\/api.w.org\/{rel}","templated":true}]}}