{"id":14,"date":"2020-05-28T22:32:11","date_gmt":"2020-05-28T20:32:11","guid":{"rendered":"https:\/\/sexocorporel.com\/?page_id=14"},"modified":"2021-02-14T09:31:47","modified_gmt":"2021-02-14T08:31:47","slug":"ausbildung","status":"publish","type":"page","link":"https:\/\/sexocorporel.com\/de\/ausbildung\/","title":{"rendered":"Ausbildung"},"content":{"rendered":"\n<figure class=\"wp-block-image alignfull size-full header-image center\"><img loading=\"lazy\" decoding=\"async\" width=\"2560\" height=\"1707\" src=\"https:\/\/sexocorporel.com\/wp-content\/uploads\/2020\/07\/nick-karvounis-2rsK_rdiDJ8-unsplash-scaled.jpg\" alt=\"\" class=\"wp-image-816\" srcset=\"https:\/\/sexocorporel.com\/wp-content\/uploads\/2020\/07\/nick-karvounis-2rsK_rdiDJ8-unsplash-scaled.jpg 2560w, https:\/\/sexocorporel.com\/wp-content\/uploads\/2020\/07\/nick-karvounis-2rsK_rdiDJ8-unsplash-300x200.jpg 300w, https:\/\/sexocorporel.com\/wp-content\/uploads\/2020\/07\/nick-karvounis-2rsK_rdiDJ8-unsplash-1024x683.jpg 1024w, https:\/\/sexocorporel.com\/wp-content\/uploads\/2020\/07\/nick-karvounis-2rsK_rdiDJ8-unsplash-768x512.jpg 768w, https:\/\/sexocorporel.com\/wp-content\/uploads\/2020\/07\/nick-karvounis-2rsK_rdiDJ8-unsplash-1536x1024.jpg 1536w, https:\/\/sexocorporel.com\/wp-content\/uploads\/2020\/07\/nick-karvounis-2rsK_rdiDJ8-unsplash-2048x1365.jpg 2048w, https:\/\/sexocorporel.com\/wp-content\/uploads\/2020\/07\/nick-karvounis-2rsK_rdiDJ8-unsplash-600x400.jpg 600w, https:\/\/sexocorporel.com\/wp-content\/uploads\/2020\/07\/nick-karvounis-2rsK_rdiDJ8-unsplash-1200x800.jpg 1200w, https:\/\/sexocorporel.com\/wp-content\/uploads\/2020\/07\/nick-karvounis-2rsK_rdiDJ8-unsplash-1980x1320.jpg 1980w\" sizes=\"auto, (max-width: 2560px) 100vw, 2560px\" \/><\/figure>\n\n\n\n<h1 class=\"wp-block-heading\">Ausbildung<\/h1>\n\n\n\n<p>Der Sexocorporel wurde an der Universit\u00e4t von Quebec in Montreal (UQAM) von Professor Jean-Yves Desjardins in den 70er Jahren entwickelt. Seine Basis sind pr\u00e4zise klinische Beobachtungen, welche die neuesten wissenschaftlichen Erkenntnisse ebenso einbeziehen wie Beobachtungen und Erfahrungen mit Student*innen mit guter sexueller Funktionalit\u00e4t, sowie Studien des k\u00f6rperlichen Ausdrucks an gesunden Proband*innen. Er st\u00fctzt sich auf ein Konzept der sexuellen Gesundheit, das auf einer umfassenden und integrativen Sichtweise der verschiedenen Komponenten der Sexualit\u00e4t basiert: Komponenten der Identit\u00e4t, physiologische, intrapsychische (sexodynamische), kognitive und Beziehungskomponenten. Im menschlichen K\u00f6rper vereinen sich diese Komponenten.<\/p>\n\n\n\n<p>Der Sexocorporel bietet Therapeut*innen, Fachpersonen aus anderen Bereichen, die die menschliche Sexualit\u00e4t betreffen, sowie allen anderen Interessierten ein Verst\u00e4ndnis der menschlichen Sexualit\u00e4t (einschlie\u00dflich der Genitalit\u00e4t). Er stellt wirkungsvolle Instrumente bereit zur Diagnostik und Behandlung, insbesondere zur Verbesserung oder Wiederherstellung der Sexualit\u00e4t der Patient*innen und Klient*innen mit entsprechenden Anliegen, sowie Instrumente zur Lehre, beispielsweise f\u00fcr die Sexualp\u00e4dagogik.<\/p>\n\n\n\n<p>Das vorliegende Curriculum definiert die Stufen der Ausbildung zum Beruf des &#8222;Klinischen Sexologen Sexocorporel ISI\/ Klinische Sexologin ISI&#8220;. In Planung sind weitere, fachspezifische Curricula, z.B. Sexualp\u00e4dagogik.<\/p>\n\n\n\n<p>Die Ausbildungen in Deutschland und der deutschsprachigen Schweiz werden durchgef\u00fchrt vom Z\u00fcrcher Institut f\u00fcr klinische Sexologie und Sexualtherapie (<a rel=\"noreferrer noopener\" href=\"http:\/\/www.ziss.ch\/weiterbildung\/default.htm\" target=\"_blank\">ZISS<\/a>) und vom Institut f\u00fcr Embodiment &amp; Sexologie (<a href=\"https:\/\/institut-fuer-embodiment-und-sexologie.de\/ausbildung\/\">IfES<\/a>). Infos zu laufenden und zuk\u00fcnftigen Ausbildungen finden Sie hier&nbsp;<a rel=\"noreferrer noopener\" href=\"http:\/\/www.ziss.ch\/weiterbildung\/sexocorporel_deutschland.htm\" target=\"_blank\">ZISS-Ausbildungen <\/a>und hier <a href=\"https:\/\/institut-fuer-embodiment-und-sexologie.de\/ausbildung\/\">IfES-Ausbildungen<\/a>.<\/p>\n\n\n\n<h4 class=\"wp-block-heading\">Struktur der Ausbildung<\/h4>\n\n\n\n<p>Die Sexocorporel Ausbildung ist in drei Stufen unterteilt:<\/p>\n\n\n\n<div class=\"wp-block-columns is-layout-flex wp-container-core-columns-is-layout-9d6595d7 wp-block-columns-is-layout-flex\">\n<div class=\"wp-block-column is-layout-flow wp-block-column-is-layout-flow\"> \n<div>\n<a href=https:\/\/sexocorporel.com\/de\/basislehrgang\/ class=\"outline-button\">\n\t<div class=\"outline-button single red\">\n\t\t<h3 class=\"red\">Basislehrgang<\/h3>\n\t\t<div class=\"arrow\"><\/div>\n<\/div><\/a>\n<\/div>\n\n\n\n \n<div>\n<a href=https:\/\/sexocorporel.com\/de\/Zertifizierungslehrgang\/ class=\"outline-button\">\n\t<div class=\"outline-button single red\">\n\t\t<h3 class=\"red\">Zertifizierungslehrgang<\/h3>\n\t\t<div class=\"arrow\"><\/div>\n<\/div><\/a>\n<\/div>\n\n<\/div>\n\n\n\n<div class=\"wp-block-column is-layout-flow wp-block-column-is-layout-flow\"> \n<div>\n<a href=https:\/\/sexocorporel.com\/de\/Vertiefungslehrgang\/ class=\"outline-button\">\n\t<div class=\"outline-button single red\">\n\t\t<h3 class=\"red\">Vertiefungslehrgang<\/h3>\n\t\t<div class=\"arrow\"><\/div>\n<\/div><\/a>\n<\/div>\n\n\n\n \n<div>\n<a href=https:\/\/sexocorporel.com\/de\/ausbildungsinhalte\/ class=\"outline-button\">\n\t<div class=\"outline-button single red\">\n\t\t<h3 class=\"red\">Ausbildungsinhalte<\/h3>\n\t\t<div class=\"arrow\"><\/div>\n<\/div><\/a>\n<\/div>\n\n<\/div>\n<\/div>\n\n\n\n<h4 class=\"wp-block-heading\">Ziel der Ausbildung<\/h4>\n\n\n\n<p>Die Teilnehmer*innen erwerben die klinischen und wissenschaftlichen Kenntnisse der klinischen Sexologie, so dass sie ihre Praxis auf dieses Gebiet erweitern k\u00f6nnen. Die vollst\u00e4ndig absolvierte Ausbildung erm\u00f6glicht den Beruf des klinischen Sexologen ISI\/ der klinischen Sexologin ISI.<\/p>\n\n\n\n<h4 class=\"wp-block-heading\">Profil der Teilnehmenden<\/h4>\n\n\n\n<h5 class=\"wp-block-heading\">F\u00fcr die ersten beiden Module der 1. Stufe (pers\u00f6nliche Entwicklung):<\/h5>\n\n\n\n<p>Alle Personen aus bio-psycho-sozial-medizinischen Berufen (z.B. Psychiater*innen, \u00c4rzt*innen, Physiotherapeut*innen, psychomotorische Therapeut*innen, Psycholog*innen, Urolog*innen, Gyn\u00e4kolog*innen, Chirurg*innen, Pflegefachpersonen, Sozialarbeiter*innen, Eheberater*innen), die Einzelpersonen oder Paare bei sexuellen Schwierigkeiten beraten m\u00f6chten, k\u00f6nnen sich um die Zulassung bewerben.<\/p>\n\n\n\n<p>Menschen anderer Berufe k\u00f6nnen in manchen Ausbildungszentren auf Anfrage zugelassen werden (pers\u00f6nliche Entwicklung), ohne Anrecht auf eine Zertifizierung.<\/p>\n\n\n\n<h5 class=\"wp-block-heading\">F\u00fcr die klinischen Module (3-7) der 1. Stufe:<\/h5>\n\n\n\n<p>Personen aus bio-psycho-sozial-medizinischen Berufen, die die ersten beiden Module absolviert haben und die ihre Kenntnisse in der klinischen Sexologie in einer anerkannten Ausbildung vertiefen und die f\u00fcr die klinische Praxis des Sexocorporel erforderlichen Kenntnisse und F\u00e4higkeiten erwerben wollen.<\/p>\n\n\n\n<p>Auf Antrag k\u00f6nnen auch Personen anderer Berufe zugelassen werden,evtl. mit m\u00f6glichen Einschr\u00e4nkungen f\u00fcr die sp\u00e4tere berufliche Praxis.<\/p>\n\n\n\n<h4 class=\"wp-block-heading\">Abwesenheitsregelung<\/h4>\n\n\n\n<p>Wir erwarten eine Teilnahme an mindestens 90% der Ausbildungsstunden auf jeder Stufe. Im Falle h\u00f6herer Gewalt (Krankheit, Unfall), k\u00f6nnen die verpassten Stunden in einem anderen Ausbildungsdurchgangs nachgeholt werden.<\/p>\n\n\n\n<h4 class=\"wp-block-heading\">Pr\u00fcfungen<\/h4>\n\n\n\n<p>Pr\u00fcfungen werden i.d.R. von zwei LeiterInnen abgenommen.<\/p>\n","protected":false},"excerpt":{"rendered":"<p>Ausbildung Der Sexocorporel wurde an der Universit\u00e4t von Quebec in Montreal (UQAM) von Professor Jean-Yves Desjardins in den 70er Jahren entwickelt. Seine Basis sind pr\u00e4zise klinische Beobachtungen, welche die neuesten wissenschaftlichen Erkenntnisse ebenso einbeziehen wie Beobachtungen und Erfahrungen mit Student*innen mit guter sexueller Funktionalit\u00e4t, sowie Studien des k\u00f6rperlichen Ausdrucks an gesunden Proband*innen. Er st\u00fctzt sich [&hellip;]<\/p>\n","protected":false},"author":1,"featured_media":0,"parent":0,"menu_order":127,"comment_status":"closed","ping_status":"closed","template":"tw-no-title.php","meta":{"footnotes":""},"class_list":["post-14","page","type-page","status-publish","hentry"],"featured_image_src":null,"yoast_head":"<!-- This site is optimized with the Yoast SEO plugin v26.8 - https:\/\/yoast.com\/product\/yoast-seo-wordpress\/ -->\n<title>Ausbildung Sexualtherapie Sexocorporel - Institut Sexocorporel International<\/title>\n<meta name=\"description\" content=\"Erfahren Sie mehr zur Ausbildung der Methode Sexocorporel, dem f\u00fchrenden Modell in der Sexologie und Sexualtherapie.\" \/>\n<meta name=\"robots\" content=\"index, follow, max-snippet:-1, max-image-preview:large, max-video-preview:-1\" \/>\n<link rel=\"canonical\" href=\"https:\/\/sexocorporel.com\/de\/ausbildung\/\" \/>\n<meta property=\"og:locale\" content=\"de_DE\" \/>\n<meta property=\"og:type\" content=\"article\" \/>\n<meta property=\"og:title\" content=\"Ausbildung Sexualtherapie Sexocorporel - Institut Sexocorporel International\" \/>\n<meta property=\"og:description\" content=\"Erfahren Sie mehr zur Ausbildung der Methode Sexocorporel, dem f\u00fchrenden Modell in der Sexologie und Sexualtherapie.\" \/>\n<meta property=\"og:url\" content=\"https:\/\/sexocorporel.com\/de\/ausbildung\/\" \/>\n<meta property=\"og:site_name\" content=\"Institut Sexocorporel International\" \/>\n<meta property=\"article:modified_time\" content=\"2021-02-14T08:31:47+00:00\" \/>\n<meta property=\"og:image\" content=\"https:\/\/sexocorporel.com\/wp-content\/uploads\/2020\/07\/nick-karvounis-2rsK_rdiDJ8-unsplash-scaled.jpg\" \/>\n<meta name=\"twitter:card\" content=\"summary_large_image\" \/>\n<meta name=\"twitter:label1\" content=\"Gesch\u00e4tzte Lesezeit\" \/>\n\t<meta name=\"twitter:data1\" content=\"3\u00a0Minuten\" \/>\n<script type=\"application\/ld+json\" class=\"yoast-schema-graph\">{\"@context\":\"https:\/\/schema.org\",\"@graph\":[{\"@type\":\"WebPage\",\"@id\":\"https:\/\/sexocorporel.com\/de\/ausbildung\/\",\"url\":\"https:\/\/sexocorporel.com\/de\/ausbildung\/\",\"name\":\"Ausbildung Sexualtherapie Sexocorporel - Institut Sexocorporel International\",\"isPartOf\":{\"@id\":\"https:\/\/sexocorporel.com\/de\/#website\"},\"primaryImageOfPage\":{\"@id\":\"https:\/\/sexocorporel.com\/de\/ausbildung\/#primaryimage\"},\"image\":{\"@id\":\"https:\/\/sexocorporel.com\/de\/ausbildung\/#primaryimage\"},\"thumbnailUrl\":\"https:\/\/sexocorporel.com\/wp-content\/uploads\/2020\/07\/nick-karvounis-2rsK_rdiDJ8-unsplash-scaled.jpg\",\"datePublished\":\"2020-05-28T20:32:11+00:00\",\"dateModified\":\"2021-02-14T08:31:47+00:00\",\"description\":\"Erfahren Sie mehr zur Ausbildung der Methode Sexocorporel, dem f\u00fchrenden Modell in der Sexologie und Sexualtherapie.\",\"breadcrumb\":{\"@id\":\"https:\/\/sexocorporel.com\/de\/ausbildung\/#breadcrumb\"},\"inLanguage\":\"de\",\"potentialAction\":[{\"@type\":\"ReadAction\",\"target\":[\"https:\/\/sexocorporel.com\/de\/ausbildung\/\"]}]},{\"@type\":\"ImageObject\",\"inLanguage\":\"de\",\"@id\":\"https:\/\/sexocorporel.com\/de\/ausbildung\/#primaryimage\",\"url\":\"https:\/\/sexocorporel.com\/wp-content\/uploads\/2020\/07\/nick-karvounis-2rsK_rdiDJ8-unsplash-scaled.jpg\",\"contentUrl\":\"https:\/\/sexocorporel.com\/wp-content\/uploads\/2020\/07\/nick-karvounis-2rsK_rdiDJ8-unsplash-scaled.jpg\"},{\"@type\":\"BreadcrumbList\",\"@id\":\"https:\/\/sexocorporel.com\/de\/ausbildung\/#breadcrumb\",\"itemListElement\":[{\"@type\":\"ListItem\",\"position\":1,\"name\":\"Startseite\",\"item\":\"https:\/\/sexocorporel.com\/de\/\"},{\"@type\":\"ListItem\",\"position\":2,\"name\":\"Ausbildung\"}]},{\"@type\":\"WebSite\",\"@id\":\"https:\/\/sexocorporel.com\/de\/#website\",\"url\":\"https:\/\/sexocorporel.com\/de\/\",\"name\":\"Institut Sexocorporel International\",\"description\":\"Jean-Yves Desjardins\",\"publisher\":{\"@id\":\"https:\/\/sexocorporel.com\/de\/#organization\"},\"potentialAction\":[{\"@type\":\"SearchAction\",\"target\":{\"@type\":\"EntryPoint\",\"urlTemplate\":\"https:\/\/sexocorporel.com\/de\/?s={search_term_string}\"},\"query-input\":{\"@type\":\"PropertyValueSpecification\",\"valueRequired\":true,\"valueName\":\"search_term_string\"}}],\"inLanguage\":\"de\"},{\"@type\":\"Organization\",\"@id\":\"https:\/\/sexocorporel.com\/de\/#organization\",\"name\":\"Institut Sexocorporel International\",\"url\":\"https:\/\/sexocorporel.com\/de\/\",\"logo\":{\"@type\":\"ImageObject\",\"inLanguage\":\"de\",\"@id\":\"https:\/\/sexocorporel.com\/de\/#\/schema\/logo\/image\/\",\"url\":\"https:\/\/sexocorporel.com\/wp-content\/uploads\/2020\/07\/cropped-629e6a99-4d9e-421b-b20e-8b428f763559-e1595527047446.jpg\",\"contentUrl\":\"https:\/\/sexocorporel.com\/wp-content\/uploads\/2020\/07\/cropped-629e6a99-4d9e-421b-b20e-8b428f763559-e1595527047446.jpg\",\"width\":895,\"height\":270,\"caption\":\"Institut Sexocorporel International\"},\"image\":{\"@id\":\"https:\/\/sexocorporel.com\/de\/#\/schema\/logo\/image\/\"}}]}<\/script>\n<!-- \/ Yoast SEO plugin. -->","yoast_head_json":{"title":"Ausbildung Sexualtherapie Sexocorporel - Institut Sexocorporel International","description":"Erfahren Sie mehr zur Ausbildung der Methode Sexocorporel, dem f\u00fchrenden Modell in der Sexologie und Sexualtherapie.","robots":{"index":"index","follow":"follow","max-snippet":"max-snippet:-1","max-image-preview":"max-image-preview:large","max-video-preview":"max-video-preview:-1"},"canonical":"https:\/\/sexocorporel.com\/de\/ausbildung\/","og_locale":"de_DE","og_type":"article","og_title":"Ausbildung Sexualtherapie Sexocorporel - Institut Sexocorporel International","og_description":"Erfahren Sie mehr zur Ausbildung der Methode Sexocorporel, dem f\u00fchrenden Modell in der Sexologie und Sexualtherapie.","og_url":"https:\/\/sexocorporel.com\/de\/ausbildung\/","og_site_name":"Institut Sexocorporel International","article_modified_time":"2021-02-14T08:31:47+00:00","og_image":[{"url":"https:\/\/sexocorporel.com\/wp-content\/uploads\/2020\/07\/nick-karvounis-2rsK_rdiDJ8-unsplash-scaled.jpg","type":"","width":"","height":""}],"twitter_card":"summary_large_image","twitter_misc":{"Gesch\u00e4tzte Lesezeit":"3\u00a0Minuten"},"schema":{"@context":"https:\/\/schema.org","@graph":[{"@type":"WebPage","@id":"https:\/\/sexocorporel.com\/de\/ausbildung\/","url":"https:\/\/sexocorporel.com\/de\/ausbildung\/","name":"Ausbildung Sexualtherapie Sexocorporel - Institut Sexocorporel International","isPartOf":{"@id":"https:\/\/sexocorporel.com\/de\/#website"},"primaryImageOfPage":{"@id":"https:\/\/sexocorporel.com\/de\/ausbildung\/#primaryimage"},"image":{"@id":"https:\/\/sexocorporel.com\/de\/ausbildung\/#primaryimage"},"thumbnailUrl":"https:\/\/sexocorporel.com\/wp-content\/uploads\/2020\/07\/nick-karvounis-2rsK_rdiDJ8-unsplash-scaled.jpg","datePublished":"2020-05-28T20:32:11+00:00","dateModified":"2021-02-14T08:31:47+00:00","description":"Erfahren Sie mehr zur Ausbildung der Methode Sexocorporel, dem f\u00fchrenden Modell in der Sexologie und Sexualtherapie.","breadcrumb":{"@id":"https:\/\/sexocorporel.com\/de\/ausbildung\/#breadcrumb"},"inLanguage":"de","potentialAction":[{"@type":"ReadAction","target":["https:\/\/sexocorporel.com\/de\/ausbildung\/"]}]},{"@type":"ImageObject","inLanguage":"de","@id":"https:\/\/sexocorporel.com\/de\/ausbildung\/#primaryimage","url":"https:\/\/sexocorporel.com\/wp-content\/uploads\/2020\/07\/nick-karvounis-2rsK_rdiDJ8-unsplash-scaled.jpg","contentUrl":"https:\/\/sexocorporel.com\/wp-content\/uploads\/2020\/07\/nick-karvounis-2rsK_rdiDJ8-unsplash-scaled.jpg"},{"@type":"BreadcrumbList","@id":"https:\/\/sexocorporel.com\/de\/ausbildung\/#breadcrumb","itemListElement":[{"@type":"ListItem","position":1,"name":"Startseite","item":"https:\/\/sexocorporel.com\/de\/"},{"@type":"ListItem","position":2,"name":"Ausbildung"}]},{"@type":"WebSite","@id":"https:\/\/sexocorporel.com\/de\/#website","url":"https:\/\/sexocorporel.com\/de\/","name":"Institut Sexocorporel International","description":"Jean-Yves Desjardins","publisher":{"@id":"https:\/\/sexocorporel.com\/de\/#organization"},"potentialAction":[{"@type":"SearchAction","target":{"@type":"EntryPoint","urlTemplate":"https:\/\/sexocorporel.com\/de\/?s={search_term_string}"},"query-input":{"@type":"PropertyValueSpecification","valueRequired":true,"valueName":"search_term_string"}}],"inLanguage":"de"},{"@type":"Organization","@id":"https:\/\/sexocorporel.com\/de\/#organization","name":"Institut Sexocorporel International","url":"https:\/\/sexocorporel.com\/de\/","logo":{"@type":"ImageObject","inLanguage":"de","@id":"https:\/\/sexocorporel.com\/de\/#\/schema\/logo\/image\/","url":"https:\/\/sexocorporel.com\/wp-content\/uploads\/2020\/07\/cropped-629e6a99-4d9e-421b-b20e-8b428f763559-e1595527047446.jpg","contentUrl":"https:\/\/sexocorporel.com\/wp-content\/uploads\/2020\/07\/cropped-629e6a99-4d9e-421b-b20e-8b428f763559-e1595527047446.jpg","width":895,"height":270,"caption":"Institut Sexocorporel International"},"image":{"@id":"https:\/\/sexocorporel.com\/de\/#\/schema\/logo\/image\/"}}]}},"_links":{"self":[{"href":"https:\/\/sexocorporel.com\/de\/wp-json\/wp\/v2\/pages\/14","targetHints":{"allow":["GET"]}}],"collection":[{"href":"https:\/\/sexocorporel.com\/de\/wp-json\/wp\/v2\/pages"}],"about":[{"href":"https:\/\/sexocorporel.com\/de\/wp-json\/wp\/v2\/types\/page"}],"author":[{"embeddable":true,"href":"https:\/\/sexocorporel.com\/de\/wp-json\/wp\/v2\/users\/1"}],"replies":[{"embeddable":true,"href":"https:\/\/sexocorporel.com\/de\/wp-json\/wp\/v2\/comments?post=14"}],"version-history":[{"count":9,"href":"https:\/\/sexocorporel.com\/de\/wp-json\/wp\/v2\/pages\/14\/revisions"}],"predecessor-version":[{"id":3139,"href":"https:\/\/sexocorporel.com\/de\/wp-json\/wp\/v2\/pages\/14\/revisions\/3139"}],"wp:attachment":[{"href":"https:\/\/sexocorporel.com\/de\/wp-json\/wp\/v2\/media?parent=14"}],"curies":[{"name":"wp","href":"https:\/\/api.w.org\/{rel}","templated":true}]}}